{"id":21524,"date":"2023-02-18T07:25:43","date_gmt":"2023-02-18T07:25:43","guid":{"rendered":"https:\/\/allin1bitcoins.com\/?page_id=21524"},"modified":"2023-02-18T07:25:46","modified_gmt":"2023-02-18T07:25:46","slug":"paypal","status":"publish","type":"page","link":"https:\/\/allin1bitcoins.com\/it\/crypto\/kunci\/paypal\/","title":{"rendered":"Come Acquistare Kunci Coin (KUNCI) Con PayPal"},"content":{"rendered":"\n<p>Kunci Coin \u00e8 un asset digitale che ha guadagnato popolarit\u00e0 negli ultimi anni. Sicura le transazioni e permette pagamenti rapidi ed economici utilizzando la tecnologia blockchain. In questo post, copriremo come acquistare Kunci Coin usando PayPal, insieme a una breve spiegazione, una descrizione della moneta, alcune ragioni per cui si potrebbe voler farlo, e una guida passo-passo. Per permetterti di fare una scelta informata, discuteremo anche alcuni dei svantaggi dell&#8217;acquisto di Kunci Coin tramite PayPal.<\/p>\n\n\n\n<h2 class=\"wp-block-heading\">Come Acquistare Kunci Coin Utilizzando PayPal: Una Breve Risposta<\/h2>\n\n\n\n<p>Acquistare Kunci Coin con PayPal differisce leggermente dall&#8217;acquisto tramite carta di credito o carta di debito. Sulla maggior parte degli scambi, non \u00e8 possibile acquistare Kunci Coin direttamente; invece, \u00e8 necessario utilizzare PayPal per acquistare Bitcoin o Ethereum e poi utilizzare Bitcoin o Ethereum per acquistare Kunci Coin su uno scambio di criptovalute che lo accetta.<\/p>\n\n\n\n<h2 class=\"wp-block-heading\">Panoramica di Kunci Coin<\/h2>\n\n\n\n<p>Kunci Coin, criptovaluta decentralizzata peer-to-peer, ha fatto il suo debutto nel 2016. Consente pagamenti rapidi ed economici e sicura la sua blockchain attraverso un processo di proof-of-work. Kunci Coin, come altre criptovalute, pu\u00f2 essere applicata a una serie di transazioni, tra cui micro-pagamenti, trasferimenti di denaro e acquisti online.<\/p>\n\n\n\n<h2 class=\"wp-block-heading\">Perch\u00e9 si vuole acquistare Kunci Coin tramite Paypal<\/h2>\n\n\n\n<p>La semplicit\u00e0 e l&#8217;accessibilit\u00e0 del metodo di pagamento sono due fattori chiave a favore dell&#8217;utilizzo di PayPal per l&#8217;acquisto di Kunci Coin. Uno dei metodi di pagamento su internet pi\u00f9 utilizzati e accettati \u00e8 PayPal. Per le persone che non sono familiari con il mondo delle criptovalute, l&#8217;acquisto di criptovalute tramite PayPal pu\u00f2 essere anche una scelta adatta in quanto offre un&#8217;esperienza di acquisto pi\u00f9 convenzionale.<\/p>\n\n\n\n<h2 class=\"wp-block-heading\">Istruzioni dettagliate su come acquistare Kunci Coin utilizzando PayPal<\/h2>\n\n\n\n<ol><li>Innanzitutto, trova uno scambio di Bitcoin affidabile che accetti pagamenti PayPal. Buone scelte includono scambi come Paxful e Localbitcoins.<br><br><\/li><li>Il passo successivo \u00e8 registrarsi per un account sullo scambio e fornire l&#8217;identificazione.<br><br><\/li><li>Dopo aver creato il tuo account, devi collegare il tuo account PayPal per acquistare Bitcoin o Ethereum utilizzando PayPal.<br><br><\/li><li>Subito dopo l&#8217;acquisto di Bitcoin o Ethereum, invialo a uno scambio di criptovalute che accetta Kunci Coin.<br><br><\/li><li>Effettuando un ordine e indicando la quantit\u00e0 che si desidera acquistare, \u00e8 possibile acquistare Kunci Coin sul nuovo scambio di criptovalute utilizzando Bitcoin o Ethereum.<br><br><\/li><li>Una volta completato il tuo ordine, il tuo Kunci Coin sar\u00e0 inserito nel tuo portafoglio di scambio, dove potrai tenerlo, scambiarlo o spostarlo in un altro portafoglio di tua gestione.<\/li><\/ol>\n\n\n\n<figure class=\"wp-block-embed is-type-video is-provider-youtube wp-block-embed-youtube wp-embed-aspect-16-9 wp-has-aspect-ratio\"><div class=\"wp-block-embed__wrapper\">\n<iframe title=\"Light the #KUNCICOINONTORCH for a better transparency on 4th Janurary 2023\" width=\"800\" height=\"450\" src=\"https:\/\/www.youtube.com\/embed\/wFKmqnVyEek?feature=oembed\" frameborder=\"0\" allow=\"accelerometer; autoplay; clipboard-write; encrypted-media; gyroscope; picture-in-picture; web-share\" allowfullscreen><\/iframe>\n<\/div><\/figure>\n\n\n\n<h2 class=\"wp-block-heading\">Aspetti negativi dell&#8217;uso di PayPal per l&#8217;acquisto di Kunci Coin<\/h2>\n\n\n\n<p>PayPal \u00e8 un modo comodo ed accessibile per acquistare Kunci Coin, ma presenta anche alcuni svantaggi. I costi maggiorati rispetto a metodi alternativi sono uno dei principali svantaggi. I costi di transazione pi\u00f9 elevati possono derivare dall&#8217;uso di PayPal per l&#8217;acquisto di Bitcoin o Ethereum. Inoltre, potrebbero esserci restrizioni e limitazioni nell&#8217;acquisto di criptovalute tramite PayPal, e PayPal potrebbe anche richiedere ulteriori passaggi di verifica, che potrebbero rallentare il processo di acquisto.<\/p>\n\n\n\n<p>In conclusione, l&#8217;acquisto di Kunci Coin tramite PayPal \u00e8 leggermente pi\u00f9 complicato che farlo direttamente, ma pu\u00f2 essere una scelta pratica per le persone che desiderano effettuare un rapido investimento in criptovaluta. Ma \u00e8 importante essere consapevoli di eventuali svantaggi, come costi maggiorati e la necessit\u00e0 di acquistare prima Bitcoin o Ethereum prima di acquistare Kunci Coin. \u00c8 possibile acquistare con successo Kunci Coin utilizzando PayPal seguendo le istruzioni fornite in questo articolo. Ci\u00f2 ti consentir\u00e0 di effettuare una scelta informata che \u00e8 la migliore per te. Prima di effettuare qualsiasi scelta di investimento, come sempre, effettua le tue ricerche e considera la tua situazione finanziaria.<\/p>\n\n\n\n<p>\u00c8 anche importante tenere presente che a seconda del luogo in cui vivi, potrebbero applicarsi leggi e regolamenti diversi per l&#8217;uso di PayPal per acquistare e vendere criptovalute. L&#8217;uso di PayPal per le transazioni con criptovalute \u00e8 vietato o limitato in alcune giurisdizioni. Per assicurarti di non infrangere alcuna regola, \u00e8 importante verificare le leggi e i regolamenti nella tua area.<\/p>\n\n\n\n<h2 class=\"wp-block-heading\">Conclusione<\/h2>\n\n\n\n<p>In conclusione, l&#8217;acquisto di Kunci Coin con PayPal pu\u00f2 essere una scelta pratica per le persone che desiderano investire in criptovalute, ma \u00e8 importante considerare i vantaggi e gli svantaggi prima di farlo. \u00c8 possibile acquistare con successo Kunci Coin utilizzando PayPal seguendo le istruzioni fornite in questo articolo. Ci\u00f2 ti consentir\u00e0 di effettuare una scelta informata che \u00e8 la migliore per te. Prima di effettuare qualsiasi scelta di investimento, ricorda sempre di effettuare le tue ricerche e di considerare la tua situazione finanziaria.<\/p>\n\n\n\n<!-- Page-list plugin v.5.9 wordpress.org\/plugins\/page-list\/ -->\n<ul class=\"page-list siblings-page-list \">\n<li class=\"page_item page-item-21512\"><a href=\"https:\/\/allin1bitcoins.com\/it\/crypto\/kunci\/american-express\/\">Come Acquistare Kunci Coin (KUNCI) Con American Express<\/a><\/li>\n<li class=\"page_item page-item-21543\"><a href=\"https:\/\/allin1bitcoins.com\/it\/crypto\/kunci\/credit-card\/\">Come Acquistare Kunci Coin (KUNCI) Con Carta Di Credito<\/a><\/li>\n<li class=\"page_item page-item-21533\"><a href=\"https:\/\/allin1bitcoins.com\/it\/crypto\/kunci\/debit-card\/\">Come Acquistare Kunci Coin (KUNCI) Con Carta Di Debito<\/a><\/li>\n<li class=\"page_item page-item-21524\"><a href=\"https:\/\/allin1bitcoins.com\/it\/crypto\/kunci\/paypal\/\">Come Acquistare Kunci Coin (KUNCI) Con PayPal<\/a><\/li>\n<li class=\"page_item page-item-21566\"><a href=\"https:\/\/allin1bitcoins.com\/it\/crypto\/kunci\/canada\/\">Come Acquistare Kunci Coin (KUNCI) In Canada<\/a><\/li>\n<li class=\"page_item page-item-21555\"><a href=\"https:\/\/allin1bitcoins.com\/it\/crypto\/kunci\/switzerland\/\">Come Acquistare Kunci Coin (KUNCI) In Svizzera<\/a><\/li>\n<li class=\"page_item page-item-21502\"><a href=\"https:\/\/allin1bitcoins.com\/it\/crypto\/kunci\/united-states\/\">Come Acquistare Kunci Coin (KUNCI) Negli Stati Uniti<\/a><\/li>\n<li class=\"page_item page-item-21490\"><a href=\"https:\/\/allin1bitcoins.com\/it\/crypto\/kunci\/united-kingdom\/\">Come Acquistare Kunci Coin (KUNCI) Nel Regno Unito<\/a><\/li>\n\n<\/ul>\n","protected":false},"excerpt":{"rendered":"<p>Kunci Coin \u00e8 un asset digitale che ha guadagnato popolarit\u00e0 negli ultimi anni. Sicura le transazioni e permette pagamenti rapidi ed economici utilizzando la tecnologia blockchain. In questo post, copriremo come acquistare Kunci Coin usando PayPal, insieme a una breve spiegazione, una descrizione della moneta, alcune ragioni per cui si potrebbe voler farlo, e una&#8230;<\/p>\n","protected":false},"author":3,"featured_media":17053,"parent":21475,"menu_order":0,"comment_status":"closed","ping_status":"closed","template":"","meta":{"cybocfi_hide_featured_image":"","footnotes":""},"acf":[],"yoast_head":"<!-- This site is optimized with the Yoast SEO plugin v21.7 - https:\/\/yoast.com\/wordpress\/plugins\/seo\/ -->\n<title>Come Acquistare Kunci Coin (KUNCI) Con PayPal<\/title>\n<meta name=\"description\" content=\"Scopri di pi\u00f9 sui passaggi per acquistare Kunci Coin (KUNCI) utilizzando PayPal. Leggi e segui i passaggi per un processo senza problemi.\" \/>\n<meta name=\"robots\" content=\"index, follow, max-snippet:-1, max-image-preview:large, max-video-preview:-1\" \/>\n<link rel=\"canonical\" href=\"https:\/\/allin1bitcoins.com\/it\/crypto\/kunci\/paypal\/\" \/>\n<meta property=\"og:locale\" content=\"it_IT\" \/>\n<meta property=\"og:type\" content=\"article\" \/>\n<meta property=\"og:title\" content=\"Come Acquistare Kunci Coin (KUNCI) Con PayPal\" \/>\n<meta property=\"og:description\" content=\"Scopri di pi\u00f9 sui passaggi per acquistare Kunci Coin (KUNCI) utilizzando PayPal. Leggi e segui i passaggi per un processo senza problemi.\" \/>\n<meta property=\"og:url\" content=\"https:\/\/allin1bitcoins.com\/it\/crypto\/kunci\/paypal\/\" \/>\n<meta property=\"og:site_name\" content=\"Allin1Bitcoins\" \/>\n<meta property=\"article:modified_time\" content=\"2023-02-18T07:25:46+00:00\" \/>\n<meta property=\"og:image\" content=\"https:\/\/allin1bitcoins.com\/wp-content\/uploads\/2023\/01\/pexels-dziana-hasanbekava-7063765.jpg\" \/>\n\t<meta property=\"og:image:width\" content=\"640\" \/>\n\t<meta property=\"og:image:height\" content=\"958\" \/>\n\t<meta property=\"og:image:type\" content=\"image\/jpeg\" \/>\n<meta name=\"twitter:card\" content=\"summary_large_image\" \/>\n<meta name=\"twitter:label1\" content=\"Est. reading time\" \/>\n\t<meta name=\"twitter:data1\" content=\"4 minutes\" \/>\n<!-- \/ Yoast SEO plugin. -->","yoast_head_json":{"title":"Come Acquistare Kunci Coin (KUNCI) Con PayPal","description":"Scopri di pi\u00f9 sui passaggi per acquistare Kunci Coin (KUNCI) utilizzando PayPal. Leggi e segui i passaggi per un processo senza problemi.","robots":{"index":"index","follow":"follow","max-snippet":"max-snippet:-1","max-image-preview":"max-image-preview:large","max-video-preview":"max-video-preview:-1"},"canonical":"https:\/\/allin1bitcoins.com\/it\/crypto\/kunci\/paypal\/","og_locale":"it_IT","og_type":"article","og_title":"Come Acquistare Kunci Coin (KUNCI) Con PayPal","og_description":"Scopri di pi\u00f9 sui passaggi per acquistare Kunci Coin (KUNCI) utilizzando PayPal. Leggi e segui i passaggi per un processo senza problemi.","og_url":"https:\/\/allin1bitcoins.com\/it\/crypto\/kunci\/paypal\/","og_site_name":"Allin1Bitcoins","article_modified_time":"2023-02-18T07:25:46+00:00","og_image":[{"width":640,"height":958,"url":"https:\/\/allin1bitcoins.com\/wp-content\/uploads\/2023\/01\/pexels-dziana-hasanbekava-7063765.jpg","type":"image\/jpeg"}],"twitter_card":"summary_large_image","twitter_misc":{"Est. reading time":"4 minutes"},"schema":{"@context":"https:\/\/schema.org","@graph":[{"@type":"WebPage","@id":"https:\/\/allin1bitcoins.com\/it\/crypto\/kunci\/paypal\/","url":"https:\/\/allin1bitcoins.com\/it\/crypto\/kunci\/paypal\/","name":"Come Acquistare Kunci Coin (KUNCI) Con PayPal","isPartOf":{"@id":"https:\/\/allin1bitcoins.com\/it\/#website"},"datePublished":"2023-02-18T07:25:43+00:00","dateModified":"2023-02-18T07:25:46+00:00","description":"Scopri di pi\u00f9 sui passaggi per acquistare Kunci Coin (KUNCI) utilizzando PayPal. Leggi e segui i passaggi per un processo senza problemi.","breadcrumb":{"@id":"https:\/\/allin1bitcoins.com\/it\/crypto\/kunci\/paypal\/#breadcrumb"},"inLanguage":"it","potentialAction":[{"@type":"ReadAction","target":["https:\/\/allin1bitcoins.com\/it\/crypto\/kunci\/paypal\/"]}]},{"@type":"BreadcrumbList","@id":"https:\/\/allin1bitcoins.com\/it\/crypto\/kunci\/paypal\/#breadcrumb","itemListElement":[{"@type":"ListItem","position":1,"name":"Home","item":"https:\/\/allin1bitcoins.com\/it\/"},{"@type":"ListItem","position":2,"name":"Crypto","item":"https:\/\/allin1bitcoins.com\/it\/crypto\/"},{"@type":"ListItem","position":3,"name":"Come Acquistare Kunci Coin (KUNCI) &#8211; Guida Passo Dopo Passo 2023","item":"https:\/\/allin1bitcoins.com\/it\/crypto\/kunci\/"},{"@type":"ListItem","position":4,"name":"Come Acquistare Kunci Coin (KUNCI) Con PayPal"}]},{"@type":"WebSite","@id":"https:\/\/allin1bitcoins.com\/it\/#website","url":"https:\/\/allin1bitcoins.com\/it\/","name":"Allin1Bitcoins","description":"","publisher":{"@id":"https:\/\/allin1bitcoins.com\/it\/#organization"},"potentialAction":[{"@type":"SearchAction","target":{"@type":"EntryPoint","urlTemplate":"https:\/\/allin1bitcoins.com\/it\/?s={search_term_string}"},"query-input":"required name=search_term_string"}],"inLanguage":"it"},{"@type":"Organization","@id":"https:\/\/allin1bitcoins.com\/it\/#organization","name":"allin1bitcoins","url":"https:\/\/allin1bitcoins.com\/it\/","logo":{"@type":"ImageObject","inLanguage":"it","@id":"https:\/\/allin1bitcoins.com\/it\/#\/schema\/logo\/image\/","url":"https:\/\/allin1bitcoins.com\/wp-content\/uploads\/2019\/01\/logo-new.png","contentUrl":"https:\/\/allin1bitcoins.com\/wp-content\/uploads\/2019\/01\/logo-new.png","width":178,"height":71,"caption":"allin1bitcoins"},"image":{"@id":"https:\/\/allin1bitcoins.com\/it\/#\/schema\/logo\/image\/"}}]}},"_links":{"self":[{"href":"https:\/\/allin1bitcoins.com\/it\/wp-json\/wp\/v2\/pages\/21524"}],"collection":[{"href":"https:\/\/allin1bitcoins.com\/it\/wp-json\/wp\/v2\/pages"}],"about":[{"href":"https:\/\/allin1bitcoins.com\/it\/wp-json\/wp\/v2\/types\/page"}],"author":[{"embeddable":true,"href":"https:\/\/allin1bitcoins.com\/it\/wp-json\/wp\/v2\/users\/3"}],"replies":[{"embeddable":true,"href":"https:\/\/allin1bitcoins.com\/it\/wp-json\/wp\/v2\/comments?post=21524"}],"version-history":[{"count":1,"href":"https:\/\/allin1bitcoins.com\/it\/wp-json\/wp\/v2\/pages\/21524\/revisions"}],"predecessor-version":[{"id":21525,"href":"https:\/\/allin1bitcoins.com\/it\/wp-json\/wp\/v2\/pages\/21524\/revisions\/21525"}],"up":[{"embeddable":true,"href":"https:\/\/allin1bitcoins.com\/it\/wp-json\/wp\/v2\/pages\/21475"}],"wp:featuredmedia":[{"embeddable":true,"href":"https:\/\/allin1bitcoins.com\/it\/wp-json\/wp\/v2\/media\/17053"}],"wp:attachment":[{"href":"https:\/\/allin1bitcoins.com\/it\/wp-json\/wp\/v2\/media?parent=21524"}],"curies":[{"name":"wp","href":"https:\/\/api.w.org\/{rel}","templated":true}]}}