{"id":21543,"date":"2023-02-18T09:23:42","date_gmt":"2023-02-18T09:23:42","guid":{"rendered":"https:\/\/allin1bitcoins.com\/?page_id=21543"},"modified":"2023-02-18T09:23:44","modified_gmt":"2023-02-18T09:23:44","slug":"credit-card","status":"publish","type":"page","link":"https:\/\/allin1bitcoins.com\/it\/crypto\/kunci\/credit-card\/","title":{"rendered":"Come Acquistare Kunci Coin (KUNCI) Con Carta Di Credito"},"content":{"rendered":"\n<p>Una criptovaluta che ha recentemente guadagnato popolarit\u00e0 si chiama Kunci Coin. Si tratta di un asset digitale che utilizza la tecnologia blockchain per proteggere le transazioni e consentire pagamenti rapidi ed economici. In questo articolo, spiegheremo come acquistare Kunci Coin utilizzando una carta di credito, insieme a una breve descrizione della moneta, alcune ragioni per cui si potrebbe voler farlo e una guida passo-passo. A beneficio vostro, esamineremo anche alcuni svantaggi dell&#8217;acquisto di Kunci Coin con una carta di credito.<\/p>\n\n\n\n<h2 class=\"wp-block-heading\">Breve risposta: puoi acquistare Kunci Coin con una carta di credito<\/h2>\n\n\n\n<p>Acquistare Kunci Coin con una carta di credito \u00e8 un processo piuttosto semplice. In primo luogo, trovate uno scambio di bitcoin affidabile che accetta pagamenti con carta di credito. Il passo successivo \u00e8 quello di registrarsi per un account di scambio, confermare la vostra identit\u00e0 e collegare la vostra carta di credito. Potete acquistare Kunci Coin inserendo un ordine e indicando la quantit\u00e0 che desiderate acquistare una volta creato l&#8217;account e collegata la vostra carta di credito.<\/p>\n\n\n\n<h2 class=\"wp-block-heading\">Panoramica di Kunci Coin:<\/h2>\n\n\n\n<p>Lanciata nel 2016, Kunci Coin \u00e8 una criptovaluta decentralizzata e peer-to-peer. Protegge la sua blockchain con un metodo di proof-of-work e consente pagamenti rapidi ed economici. Kunci Coin, come altre criptovalute, pu\u00f2 essere utilizzata per una serie di transazioni, tra cui micro-pagamenti, trasferimenti di denaro e acquisti online.<\/p>\n\n\n\n<h2 class=\"wp-block-heading\">Perch\u00e9 si potrebbe voler utilizzare una carta di credito per acquistare Kunci Coin<\/h2>\n\n\n\n<p>Un vantaggio dell&#8217;acquisto di Kunci Coin con una carta di credito \u00e8 la semplicit\u00e0 e la rapidit\u00e0 della transazione. Le transazioni con carta di credito richiedono spesso solo pochi minuti per essere completate, a differenza dei bonifici bancari, che potrebbero richiedere diversi giorni. Le carte di credito sono anche comunemente accettate e possono essere utilizzate su molte piattaforme per acquistare criptovalute. Per le persone che non sono familiari con il mondo delle criptovalute, l&#8217;acquisto di criptovalute con una carta di credito pu\u00f2 anche essere una valida alternativa perch\u00e9 offre un&#8217;esperienza di acquisto pi\u00f9 convenzionale.<\/p>\n\n\n\n<figure class=\"wp-block-embed is-type-video is-provider-youtube wp-block-embed-youtube wp-embed-aspect-16-9 wp-has-aspect-ratio\"><div class=\"wp-block-embed__wrapper\">\n<iframe title=\"How to Buy Kunci Coin (KUNCI) Using PancakeSwap On Trust Wallet OR MetaMask Wallet\" width=\"800\" height=\"450\" src=\"https:\/\/www.youtube.com\/embed\/Ox4ATzTtm_4?feature=oembed\" frameborder=\"0\" allow=\"accelerometer; autoplay; clipboard-write; encrypted-media; gyroscope; picture-in-picture; web-share\" allowfullscreen><\/iframe>\n<\/div><\/figure>\n\n\n\n<h2 class=\"wp-block-heading\">Come acquistare Kunci Coin utilizzando una carta di credito, in dettaglio:<\/h2>\n\n\n\n<ol><li>In primo luogo, trovate uno scambio di bitcoin affidabile che accetta pagamenti con carta di credito. Alcuni esempi sono Binance, Coinbase e Kraken.<br><br><\/li><li>Il passo successivo \u00e8 quello di registrarsi per un account sullo scambio e provare la vostra identit\u00e0 presentando un documento rilasciato dal governo.<br><br><\/li><li>Dopo aver creato il vostro account, dovrete fornire il numero della vostra carta di credito, la data di scadenza e il codice di sicurezza per collegare la vostra carta di credito.<br><br><\/li><li>Potete acquistare Kunci Coin inserendo un ordine e indicando la quantit\u00e0 che desiderate acquistare una volta collegata la vostra carta di credito.<br><\/li><li>Una volta completato l&#8217;ordine, il tuo Kunci Coin verr\u00e0 depositato nel tuo portafoglio di scambio, dove potrai tenerlo, scambiarlo o spostarlo in un altro portafoglio che gestisci.<\/li><\/ol>\n\n\n\n<h2 class=\"wp-block-heading\">Svantaggi nell&#8217;utilizzare una carta di credito per acquistare kunci coin<\/h2>\n\n\n\n<p>Il principale svantaggio nell&#8217;utilizzo di una carta di credito per acquistare Kunci Coin \u00e8 rappresentato dalle possibili spese elevate. Per gli acquisti effettuati con carta di credito, molti scambiatori applicano commissioni pi\u00f9 elevate e alcuni impongono ulteriori spese, come quelle per la conversione della valuta. Inoltre, l&#8217;acquisto di criptovalute con carta di credito pu\u00f2 comportare una spesa per anticipo di cassa, che pu\u00f2 essere costosa. Infine, l&#8217;utilizzo di una carta di credito per l&#8217;acquisto di Kunci Coin lega il tuo investimento in criptovalute al limite di credito.<\/p>\n\n\n\n<h2 class=\"wp-block-heading\">Conclusione<\/h2>\n\n\n\n<p>In conclusione, l&#8217;acquisto di Kunci Coin con carta di credito \u00e8 una procedura semplice che consente acquisti rapidi e semplici. Prima di effettuare una scelta, \u00e8 importante essere informati sui possibili svantaggi, come le spese esorbitanti. Assicurati di conoscere la procedura per l&#8217;acquisto di Kunci Coin e prenditi il tempo di investigare diversi scambi, confrontando i loro costi, le restrizioni e le regole. \u00c8 inoltre importante considerare la propria situazione finanziaria e confermare che l&#8217;utilizzo di una carta di credito per acquistare Kunci Coin sia una scelta etica per te.<\/p>\n\n\n\n<p>Un promemoria che Kunci Coin e altre criptovalute sono asset estremamente speculativi, nuovi e volatili. Diversificare il proprio portafoglio e investire solo ci\u00f2 che si pu\u00f2 permettere di perdere \u00e8 sempre una buona idea. Non acquistare mai Kunci Coin o qualsiasi altra criptovaluta con fondi presi in prestito.<\/p>\n\n\n\n<!-- Page-list plugin v.5.9 wordpress.org\/plugins\/page-list\/ -->\n<ul class=\"page-list siblings-page-list \">\n<li class=\"page_item page-item-21512\"><a href=\"https:\/\/allin1bitcoins.com\/it\/crypto\/kunci\/american-express\/\">Come Acquistare Kunci Coin (KUNCI) Con American Express<\/a><\/li>\n<li class=\"page_item page-item-21543\"><a href=\"https:\/\/allin1bitcoins.com\/it\/crypto\/kunci\/credit-card\/\">Come Acquistare Kunci Coin (KUNCI) Con Carta Di Credito<\/a><\/li>\n<li class=\"page_item page-item-21533\"><a href=\"https:\/\/allin1bitcoins.com\/it\/crypto\/kunci\/debit-card\/\">Come Acquistare Kunci Coin (KUNCI) Con Carta Di Debito<\/a><\/li>\n<li class=\"page_item page-item-21524\"><a href=\"https:\/\/allin1bitcoins.com\/it\/crypto\/kunci\/paypal\/\">Come Acquistare Kunci Coin (KUNCI) Con PayPal<\/a><\/li>\n<li class=\"page_item page-item-21566\"><a href=\"https:\/\/allin1bitcoins.com\/it\/crypto\/kunci\/canada\/\">Come Acquistare Kunci Coin (KUNCI) In Canada<\/a><\/li>\n<li class=\"page_item page-item-21555\"><a href=\"https:\/\/allin1bitcoins.com\/it\/crypto\/kunci\/switzerland\/\">Come Acquistare Kunci Coin (KUNCI) In Svizzera<\/a><\/li>\n<li class=\"page_item page-item-21502\"><a href=\"https:\/\/allin1bitcoins.com\/it\/crypto\/kunci\/united-states\/\">Come Acquistare Kunci Coin (KUNCI) Negli Stati Uniti<\/a><\/li>\n<li class=\"page_item page-item-21490\"><a href=\"https:\/\/allin1bitcoins.com\/it\/crypto\/kunci\/united-kingdom\/\">Come Acquistare Kunci Coin (KUNCI) Nel Regno Unito<\/a><\/li>\n\n<\/ul>\n","protected":false},"excerpt":{"rendered":"<p>Una criptovaluta che ha recentemente guadagnato popolarit\u00e0 si chiama Kunci Coin. Si tratta di un asset digitale che utilizza la tecnologia blockchain per proteggere le transazioni e consentire pagamenti rapidi ed economici. In questo articolo, spiegheremo come acquistare Kunci Coin utilizzando una carta di credito, insieme a una breve descrizione della moneta, alcune ragioni per&#8230;<\/p>\n","protected":false},"author":3,"featured_media":16875,"parent":21475,"menu_order":0,"comment_status":"closed","ping_status":"closed","template":"","meta":{"cybocfi_hide_featured_image":"","footnotes":""},"acf":[],"yoast_head":"<!-- This site is optimized with the Yoast SEO plugin v21.7 - https:\/\/yoast.com\/wordpress\/plugins\/seo\/ -->\n<title>Come Acquistare Kunci Coin (KUNCI) Con Carta Di Credito<\/title>\n<meta name=\"description\" content=\"Utilizzare una carta di credito per acquistare Kunci \u00e8 un processo piuttosto semplice. Continua a leggere per saperne di pi\u00f9 in dettaglio.\" \/>\n<meta name=\"robots\" content=\"index, follow, max-snippet:-1, max-image-preview:large, max-video-preview:-1\" \/>\n<link rel=\"canonical\" href=\"https:\/\/allin1bitcoins.com\/it\/crypto\/kunci\/credit-card\/\" \/>\n<meta property=\"og:locale\" content=\"it_IT\" \/>\n<meta property=\"og:type\" content=\"article\" \/>\n<meta property=\"og:title\" content=\"Come Acquistare Kunci Coin (KUNCI) Con Carta Di Credito\" \/>\n<meta property=\"og:description\" content=\"Utilizzare una carta di credito per acquistare Kunci \u00e8 un processo piuttosto semplice. Continua a leggere per saperne di pi\u00f9 in dettaglio.\" \/>\n<meta property=\"og:url\" content=\"https:\/\/allin1bitcoins.com\/it\/crypto\/kunci\/credit-card\/\" \/>\n<meta property=\"og:site_name\" content=\"Allin1Bitcoins\" \/>\n<meta property=\"article:modified_time\" content=\"2023-02-18T09:23:44+00:00\" \/>\n<meta property=\"og:image\" content=\"https:\/\/allin1bitcoins.com\/wp-content\/uploads\/2023\/01\/1-1.jpg\" \/>\n\t<meta property=\"og:image:width\" content=\"1920\" \/>\n\t<meta property=\"og:image:height\" content=\"1282\" \/>\n\t<meta property=\"og:image:type\" content=\"image\/jpeg\" \/>\n<meta name=\"twitter:card\" content=\"summary_large_image\" \/>\n<meta name=\"twitter:label1\" content=\"Est. reading time\" \/>\n\t<meta name=\"twitter:data1\" content=\"4 minutes\" \/>\n<!-- \/ Yoast SEO plugin. -->","yoast_head_json":{"title":"Come Acquistare Kunci Coin (KUNCI) Con Carta Di Credito","description":"Utilizzare una carta di credito per acquistare Kunci \u00e8 un processo piuttosto semplice. Continua a leggere per saperne di pi\u00f9 in dettaglio.","robots":{"index":"index","follow":"follow","max-snippet":"max-snippet:-1","max-image-preview":"max-image-preview:large","max-video-preview":"max-video-preview:-1"},"canonical":"https:\/\/allin1bitcoins.com\/it\/crypto\/kunci\/credit-card\/","og_locale":"it_IT","og_type":"article","og_title":"Come Acquistare Kunci Coin (KUNCI) Con Carta Di Credito","og_description":"Utilizzare una carta di credito per acquistare Kunci \u00e8 un processo piuttosto semplice. Continua a leggere per saperne di pi\u00f9 in dettaglio.","og_url":"https:\/\/allin1bitcoins.com\/it\/crypto\/kunci\/credit-card\/","og_site_name":"Allin1Bitcoins","article_modified_time":"2023-02-18T09:23:44+00:00","og_image":[{"width":1920,"height":1282,"url":"https:\/\/allin1bitcoins.com\/wp-content\/uploads\/2023\/01\/1-1.jpg","type":"image\/jpeg"}],"twitter_card":"summary_large_image","twitter_misc":{"Est. reading time":"4 minutes"},"schema":{"@context":"https:\/\/schema.org","@graph":[{"@type":"WebPage","@id":"https:\/\/allin1bitcoins.com\/it\/crypto\/kunci\/credit-card\/","url":"https:\/\/allin1bitcoins.com\/it\/crypto\/kunci\/credit-card\/","name":"Come Acquistare Kunci Coin (KUNCI) Con Carta Di Credito","isPartOf":{"@id":"https:\/\/allin1bitcoins.com\/it\/#website"},"datePublished":"2023-02-18T09:23:42+00:00","dateModified":"2023-02-18T09:23:44+00:00","description":"Utilizzare una carta di credito per acquistare Kunci \u00e8 un processo piuttosto semplice. Continua a leggere per saperne di pi\u00f9 in dettaglio.","breadcrumb":{"@id":"https:\/\/allin1bitcoins.com\/it\/crypto\/kunci\/credit-card\/#breadcrumb"},"inLanguage":"it","potentialAction":[{"@type":"ReadAction","target":["https:\/\/allin1bitcoins.com\/it\/crypto\/kunci\/credit-card\/"]}]},{"@type":"BreadcrumbList","@id":"https:\/\/allin1bitcoins.com\/it\/crypto\/kunci\/credit-card\/#breadcrumb","itemListElement":[{"@type":"ListItem","position":1,"name":"Home","item":"https:\/\/allin1bitcoins.com\/it\/"},{"@type":"ListItem","position":2,"name":"Crypto","item":"https:\/\/allin1bitcoins.com\/it\/crypto\/"},{"@type":"ListItem","position":3,"name":"Come Acquistare Kunci Coin (KUNCI) &#8211; Guida Passo Dopo Passo 2023","item":"https:\/\/allin1bitcoins.com\/it\/crypto\/kunci\/"},{"@type":"ListItem","position":4,"name":"Come Acquistare Kunci Coin (KUNCI) Con Carta Di Credito"}]},{"@type":"WebSite","@id":"https:\/\/allin1bitcoins.com\/it\/#website","url":"https:\/\/allin1bitcoins.com\/it\/","name":"Allin1Bitcoins","description":"","publisher":{"@id":"https:\/\/allin1bitcoins.com\/it\/#organization"},"potentialAction":[{"@type":"SearchAction","target":{"@type":"EntryPoint","urlTemplate":"https:\/\/allin1bitcoins.com\/it\/?s={search_term_string}"},"query-input":"required name=search_term_string"}],"inLanguage":"it"},{"@type":"Organization","@id":"https:\/\/allin1bitcoins.com\/it\/#organization","name":"allin1bitcoins","url":"https:\/\/allin1bitcoins.com\/it\/","logo":{"@type":"ImageObject","inLanguage":"it","@id":"https:\/\/allin1bitcoins.com\/it\/#\/schema\/logo\/image\/","url":"https:\/\/allin1bitcoins.com\/wp-content\/uploads\/2019\/01\/logo-new.png","contentUrl":"https:\/\/allin1bitcoins.com\/wp-content\/uploads\/2019\/01\/logo-new.png","width":178,"height":71,"caption":"allin1bitcoins"},"image":{"@id":"https:\/\/allin1bitcoins.com\/it\/#\/schema\/logo\/image\/"}}]}},"_links":{"self":[{"href":"https:\/\/allin1bitcoins.com\/it\/wp-json\/wp\/v2\/pages\/21543"}],"collection":[{"href":"https:\/\/allin1bitcoins.com\/it\/wp-json\/wp\/v2\/pages"}],"about":[{"href":"https:\/\/allin1bitcoins.com\/it\/wp-json\/wp\/v2\/types\/page"}],"author":[{"embeddable":true,"href":"https:\/\/allin1bitcoins.com\/it\/wp-json\/wp\/v2\/users\/3"}],"replies":[{"embeddable":true,"href":"https:\/\/allin1bitcoins.com\/it\/wp-json\/wp\/v2\/comments?post=21543"}],"version-history":[{"count":1,"href":"https:\/\/allin1bitcoins.com\/it\/wp-json\/wp\/v2\/pages\/21543\/revisions"}],"predecessor-version":[{"id":21546,"href":"https:\/\/allin1bitcoins.com\/it\/wp-json\/wp\/v2\/pages\/21543\/revisions\/21546"}],"up":[{"embeddable":true,"href":"https:\/\/allin1bitcoins.com\/it\/wp-json\/wp\/v2\/pages\/21475"}],"wp:featuredmedia":[{"embeddable":true,"href":"https:\/\/allin1bitcoins.com\/it\/wp-json\/wp\/v2\/media\/16875"}],"wp:attachment":[{"href":"https:\/\/allin1bitcoins.com\/it\/wp-json\/wp\/v2\/media?parent=21543"}],"curies":[{"name":"wp","href":"https:\/\/api.w.org\/{rel}","templated":true}]}}