{"id":21555,"date":"2023-02-18T11:25:16","date_gmt":"2023-02-18T11:25:16","guid":{"rendered":"https:\/\/allin1bitcoins.com\/?page_id=21555"},"modified":"2023-02-18T11:25:19","modified_gmt":"2023-02-18T11:25:19","slug":"switzerland","status":"publish","type":"page","link":"https:\/\/allin1bitcoins.com\/it\/crypto\/kunci\/switzerland\/","title":{"rendered":"Come Acquistare Kunci Coin (KUNCI) In Svizzera"},"content":{"rendered":"\n<h2 class=\"wp-block-heading\">Breve risposta: \u00c8 possibile acquistare Kunci Coin in Svizzera<\/h2>\n\n\n\n<p>Utilizzare un exchange di criptovalute che offre Kunci Coin \u00e8 il modo pi\u00f9 diretto per acquistare la moneta in Svizzera. Kunci Coin \u00e8 ora supportata da diversi exchange ben noti, tra cui Binance, Huobi Global e molti altri. Per iniziare, \u00e8 necessario creare un account con un exchange e completare il processo di verifica, che potrebbe comportare la fornitura di dati personali e documentazione di identificazione. \u00c8 possibile depositare denaro e usarlo per acquistare Kunci Coin dopo aver configurato e verificato il proprio account.<\/p>\n\n\n\n<h2 class=\"wp-block-heading\">Panoramica di Kunci Coin<\/h2>\n\n\n\n<p>Kunci Coin \u00e8 una valuta digitale decentralizzata basata sulla tecnologia blockchain. Consente transazioni rapide, sicure ed economiche come alternativa alle valute fiat convenzionali. Kunci Coin utilizza lo standard ERC-20 token ed \u00e8 creato sulla piattaforma Ethereum. Kunci Coin ha un&#8217;offerta totale di 100 milioni di monete e attualmente si vende a circa $1.<\/p>\n\n\n\n<h2 class=\"wp-block-heading\">Vantaggi dell&#8217;acquisto di Kunci Coin<\/h2>\n\n\n\n<p>Ci sono molti vantaggi nell&#8217;acquistare Kunci Coin. Il fatto che sia una valuta decentralizzata, il che significa che non \u00e8 governata da un governo o da un qualsiasi organismo centrale, \u00e8 uno dei suoi vantaggi pi\u00f9 importanti. Questo offre un&#8217;alternativa alle valute fiat convenzionali e d\u00e0 ai consumatori maggiore controllo sul proprio denaro. Le transazioni di Kunci Coin sono anche rapide ed economiche, rendendolo una scelta desiderabile per le persone che effettuano frequentemente acquisti online o trasferimenti transfrontalieri.<\/p>\n\n\n\n<figure class=\"wp-block-embed is-type-video is-provider-youtube wp-block-embed-youtube wp-embed-aspect-16-9 wp-has-aspect-ratio\"><div class=\"wp-block-embed__wrapper\">\n<iframe title=\"$KUNCI - KUNCI COIN - CRYPTO TOKEN HOTBIT ALTCOIN HOW TO BUY NFT NFTS BSC ETH BTC NEW KUNCICOIN BNB\" width=\"800\" height=\"450\" src=\"https:\/\/www.youtube.com\/embed\/ETqQePt91jQ?feature=oembed\" frameborder=\"0\" allow=\"accelerometer; autoplay; clipboard-write; encrypted-media; gyroscope; picture-in-picture; web-share\" allowfullscreen><\/iframe>\n<\/div><\/figure>\n\n\n\n<h2 class=\"wp-block-heading\">Istruzioni dettagliate su come acquistare Kunci Coin in Svizzera<\/h2>\n\n\n\n<p><strong>Passo 1: <\/strong>Scegliere un exchange di criptovalute che accetti Kunci Coin come primo passo. Kunci Coin \u00e8 supportata da diversi exchange ben noti, tra cui Binance e Huobi Global.<\/p>\n\n\n\n<p><strong>Passo 2:<\/strong> Creare un account di exchange e completare il processo di verifica. La fornitura di documentazione di identificazione e dati personali potrebbe rientrare in questa categoria.<\/p>\n\n\n\n<p><strong>Passo 3:<\/strong> Aggiungere denaro al proprio account. Normalmente, ci\u00f2 \u00e8 possibile tramite bonifico bancario, carta di credito, carta di debito o criptovaluta supportata.<\/p>\n\n\n\n<p><strong>Passo 4:<\/strong> Dopo che il denaro \u00e8 stato accreditato sul proprio account, trovare la coppia di trading di Kunci Coin nella sezione di trading dell&#8217;exchange.<\/p>\n\n\n\n<p><strong>Passo 5:<\/strong> Effettuare un ordine per acquistare Kunci Coin al tasso di mercato in corso o ad un prezzo a propria scelta.<\/p>\n\n\n\n<p><strong>Passo 6:<\/strong> Kunci Coin verr\u00e0 accreditato sul proprio account una volta che l&#8217;ordine sar\u00e0 stato soddisfatto e sar\u00e0 possibile conservarlo nel wallet dell&#8217;exchange o spostarlo nel proprio wallet.<\/p>\n\n\n\n<h2 class=\"wp-block-heading\">Acquisto di Kunci Coin in Svizzera: Tasse<\/h2>\n\n\n\n<p>La visione delle criptovalute in termini di tasse varia da nazione a nazione. Lo stato fiscale delle criptovalute \u00e8 deciso caso per caso in Svizzera. L&#8217;Amministrazione federale delle imposte svizzere ha pubblicato raccomandazioni che stabiliscono che l&#8217;IVA potrebbe essere applicabile anche all&#8217;acquisto e alla vendita di criptovalute e che i guadagni derivanti dalla vendita di criptovalute sono soggetti a tassazione sul reddito. Si consiglia sempre di parlare con un esperto fiscale per comprendere le proprie responsabilit\u00e0 fiscali.<\/p>\n\n\n\n<h2 class=\"wp-block-heading\">Conclusione<\/h2>\n\n\n\n<p>\u00c8 semplice acquistare Kunci Coin in Svizzera utilizzando un exchange di criptovalute che si occupa della moneta. Nonostante la complessit\u00e0 della tassazione delle criptovalute, mantenere registri accurati delle proprie transazioni e cercare consiglio da un esperto fiscale pu\u00f2 aiutare a garantire il rispetto di tutte le leggi applicabili. Prima di acquistare Kunci Coin o qualsiasi altra criptovaluta, \u00e8 fondamentale fare la propria ricerca e tenere in considerazione la propria tolleranza al rischio, come per qualsiasi altro investimento. Kunci Coin potrebbe essere una utile aggiunta a qualsiasi portafoglio di investimenti dati l&#8217;emergere delle valute digitali. La struttura decentralizzata della moneta fornisce un livello di sicurezza e controllo che le valute fiat convenzionali non sono in grado di fornire. Kunci Coin offre il potenziale per rendimenti significativi sull&#8217;investimento man mano che la domanda di valute digitali aumenta. Kunci Coin \u00e8 una ottima opzione per le persone che effettuano frequentemente acquisti online o trasferimenti internazionali a causa della sua enfasi sulla velocit\u00e0 e sul prezzo.<\/p>\n\n\n\n<p>\u00c8 anche importante ricordare che, come in qualsiasi altra nazione, le tasse si applicano all&#8217;acquisto di Kunci Coin in Svizzera. \u00c8 fondamentale rimanere aggiornati sulle leggi fiscali locali e, se necessario, cercare assistenza professionale.<\/p>\n\n\n\n<p>In conclusione, l&#8217;acquisto di Kunci Token in Svizzera \u00e8 rapido e semplice se si utilizza un exchange di criptovalute che accetta la moneta. Si tratta di una valuta digitale decentralizzata che rappresenta un&#8217;ottima complemento per qualsiasi portafoglio finanziario e presenta numerosi vantaggi rispetto alle valute fiat convenzionali. Sebbene sia tassata come qualsiasi altra valuta, \u00e8 possibile assicurarsi di rispettare tutte le leggi applicabili rimanendo informati e cercando assistenza professionale.<\/p>\n\n\n\n<!-- Page-list plugin v.5.9 wordpress.org\/plugins\/page-list\/ -->\n<ul class=\"page-list siblings-page-list \">\n<li class=\"page_item page-item-21512\"><a href=\"https:\/\/allin1bitcoins.com\/it\/crypto\/kunci\/american-express\/\">Come Acquistare Kunci Coin (KUNCI) Con American Express<\/a><\/li>\n<li class=\"page_item page-item-21543\"><a href=\"https:\/\/allin1bitcoins.com\/it\/crypto\/kunci\/credit-card\/\">Come Acquistare Kunci Coin (KUNCI) Con Carta Di Credito<\/a><\/li>\n<li class=\"page_item page-item-21533\"><a href=\"https:\/\/allin1bitcoins.com\/it\/crypto\/kunci\/debit-card\/\">Come Acquistare Kunci Coin (KUNCI) Con Carta Di Debito<\/a><\/li>\n<li class=\"page_item page-item-21524\"><a href=\"https:\/\/allin1bitcoins.com\/it\/crypto\/kunci\/paypal\/\">Come Acquistare Kunci Coin (KUNCI) Con PayPal<\/a><\/li>\n<li class=\"page_item page-item-21566\"><a href=\"https:\/\/allin1bitcoins.com\/it\/crypto\/kunci\/canada\/\">Come Acquistare Kunci Coin (KUNCI) In Canada<\/a><\/li>\n<li class=\"page_item page-item-21555\"><a href=\"https:\/\/allin1bitcoins.com\/it\/crypto\/kunci\/switzerland\/\">Come Acquistare Kunci Coin (KUNCI) In Svizzera<\/a><\/li>\n<li class=\"page_item page-item-21502\"><a href=\"https:\/\/allin1bitcoins.com\/it\/crypto\/kunci\/united-states\/\">Come Acquistare Kunci Coin (KUNCI) Negli Stati Uniti<\/a><\/li>\n<li class=\"page_item page-item-21490\"><a href=\"https:\/\/allin1bitcoins.com\/it\/crypto\/kunci\/united-kingdom\/\">Come Acquistare Kunci Coin (KUNCI) Nel Regno Unito<\/a><\/li>\n\n<\/ul>\n","protected":false},"excerpt":{"rendered":"<p>Breve risposta: \u00c8 possibile acquistare Kunci Coin in Svizzera Utilizzare un exchange di criptovalute che offre Kunci Coin \u00e8 il modo pi\u00f9 diretto per acquistare la moneta in Svizzera. Kunci Coin \u00e8 ora supportata da diversi exchange ben noti, tra cui Binance, Huobi Global e molti altri. Per iniziare, \u00e8 necessario creare un account con&#8230;<\/p>\n","protected":false},"author":3,"featured_media":16905,"parent":21475,"menu_order":0,"comment_status":"closed","ping_status":"closed","template":"","meta":{"cybocfi_hide_featured_image":"","footnotes":""},"acf":[],"yoast_head":"<!-- This site is optimized with the Yoast SEO plugin v21.7 - https:\/\/yoast.com\/wordpress\/plugins\/seo\/ -->\n<title>Come Acquistare Kunci Coin (KUNCI) In Svizzera<\/title>\n<meta name=\"description\" content=\"L&#039;acquisto del token Kunci in Svizzera \u00e8 veloce e semplice se si utilizza uno scambio di criptovalute che accetti la moneta.\" \/>\n<meta name=\"robots\" content=\"index, follow, max-snippet:-1, max-image-preview:large, max-video-preview:-1\" \/>\n<link rel=\"canonical\" href=\"https:\/\/allin1bitcoins.com\/it\/crypto\/kunci\/switzerland\/\" \/>\n<meta property=\"og:locale\" content=\"it_IT\" \/>\n<meta property=\"og:type\" content=\"article\" \/>\n<meta property=\"og:title\" content=\"Come Acquistare Kunci Coin (KUNCI) In Svizzera\" \/>\n<meta property=\"og:description\" content=\"L&#039;acquisto del token Kunci in Svizzera \u00e8 veloce e semplice se si utilizza uno scambio di criptovalute che accetti la moneta.\" \/>\n<meta property=\"og:url\" content=\"https:\/\/allin1bitcoins.com\/it\/crypto\/kunci\/switzerland\/\" \/>\n<meta property=\"og:site_name\" content=\"Allin1Bitcoins\" \/>\n<meta property=\"article:modified_time\" content=\"2023-02-18T11:25:19+00:00\" \/>\n<meta property=\"og:image\" content=\"https:\/\/allin1bitcoins.com\/wp-content\/uploads\/2023\/01\/olivier-darbonville-oqpCTqfcDNk-unsplash.jpg\" \/>\n\t<meta property=\"og:image:width\" content=\"640\" \/>\n\t<meta property=\"og:image:height\" content=\"1064\" \/>\n\t<meta property=\"og:image:type\" content=\"image\/jpeg\" \/>\n<meta name=\"twitter:card\" content=\"summary_large_image\" \/>\n<meta name=\"twitter:label1\" content=\"Est. reading time\" \/>\n\t<meta name=\"twitter:data1\" content=\"4 minutes\" \/>\n<!-- \/ Yoast SEO plugin. -->","yoast_head_json":{"title":"Come Acquistare Kunci Coin (KUNCI) In Svizzera","description":"L'acquisto del token Kunci in Svizzera \u00e8 veloce e semplice se si utilizza uno scambio di criptovalute che accetti la moneta.","robots":{"index":"index","follow":"follow","max-snippet":"max-snippet:-1","max-image-preview":"max-image-preview:large","max-video-preview":"max-video-preview:-1"},"canonical":"https:\/\/allin1bitcoins.com\/it\/crypto\/kunci\/switzerland\/","og_locale":"it_IT","og_type":"article","og_title":"Come Acquistare Kunci Coin (KUNCI) In Svizzera","og_description":"L'acquisto del token Kunci in Svizzera \u00e8 veloce e semplice se si utilizza uno scambio di criptovalute che accetti la moneta.","og_url":"https:\/\/allin1bitcoins.com\/it\/crypto\/kunci\/switzerland\/","og_site_name":"Allin1Bitcoins","article_modified_time":"2023-02-18T11:25:19+00:00","og_image":[{"width":640,"height":1064,"url":"https:\/\/allin1bitcoins.com\/wp-content\/uploads\/2023\/01\/olivier-darbonville-oqpCTqfcDNk-unsplash.jpg","type":"image\/jpeg"}],"twitter_card":"summary_large_image","twitter_misc":{"Est. reading time":"4 minutes"},"schema":{"@context":"https:\/\/schema.org","@graph":[{"@type":"WebPage","@id":"https:\/\/allin1bitcoins.com\/it\/crypto\/kunci\/switzerland\/","url":"https:\/\/allin1bitcoins.com\/it\/crypto\/kunci\/switzerland\/","name":"Come Acquistare Kunci Coin (KUNCI) In Svizzera","isPartOf":{"@id":"https:\/\/allin1bitcoins.com\/it\/#website"},"datePublished":"2023-02-18T11:25:16+00:00","dateModified":"2023-02-18T11:25:19+00:00","description":"L'acquisto del token Kunci in Svizzera \u00e8 veloce e semplice se si utilizza uno scambio di criptovalute che accetti la moneta.","breadcrumb":{"@id":"https:\/\/allin1bitcoins.com\/it\/crypto\/kunci\/switzerland\/#breadcrumb"},"inLanguage":"it","potentialAction":[{"@type":"ReadAction","target":["https:\/\/allin1bitcoins.com\/it\/crypto\/kunci\/switzerland\/"]}]},{"@type":"BreadcrumbList","@id":"https:\/\/allin1bitcoins.com\/it\/crypto\/kunci\/switzerland\/#breadcrumb","itemListElement":[{"@type":"ListItem","position":1,"name":"Home","item":"https:\/\/allin1bitcoins.com\/it\/"},{"@type":"ListItem","position":2,"name":"Crypto","item":"https:\/\/allin1bitcoins.com\/it\/crypto\/"},{"@type":"ListItem","position":3,"name":"Come Acquistare Kunci Coin (KUNCI) &#8211; Guida Passo Dopo Passo 2023","item":"https:\/\/allin1bitcoins.com\/it\/crypto\/kunci\/"},{"@type":"ListItem","position":4,"name":"Come Acquistare Kunci Coin (KUNCI) In Svizzera"}]},{"@type":"WebSite","@id":"https:\/\/allin1bitcoins.com\/it\/#website","url":"https:\/\/allin1bitcoins.com\/it\/","name":"Allin1Bitcoins","description":"","publisher":{"@id":"https:\/\/allin1bitcoins.com\/it\/#organization"},"potentialAction":[{"@type":"SearchAction","target":{"@type":"EntryPoint","urlTemplate":"https:\/\/allin1bitcoins.com\/it\/?s={search_term_string}"},"query-input":"required name=search_term_string"}],"inLanguage":"it"},{"@type":"Organization","@id":"https:\/\/allin1bitcoins.com\/it\/#organization","name":"allin1bitcoins","url":"https:\/\/allin1bitcoins.com\/it\/","logo":{"@type":"ImageObject","inLanguage":"it","@id":"https:\/\/allin1bitcoins.com\/it\/#\/schema\/logo\/image\/","url":"https:\/\/allin1bitcoins.com\/wp-content\/uploads\/2019\/01\/logo-new.png","contentUrl":"https:\/\/allin1bitcoins.com\/wp-content\/uploads\/2019\/01\/logo-new.png","width":178,"height":71,"caption":"allin1bitcoins"},"image":{"@id":"https:\/\/allin1bitcoins.com\/it\/#\/schema\/logo\/image\/"}}]}},"_links":{"self":[{"href":"https:\/\/allin1bitcoins.com\/it\/wp-json\/wp\/v2\/pages\/21555"}],"collection":[{"href":"https:\/\/allin1bitcoins.com\/it\/wp-json\/wp\/v2\/pages"}],"about":[{"href":"https:\/\/allin1bitcoins.com\/it\/wp-json\/wp\/v2\/types\/page"}],"author":[{"embeddable":true,"href":"https:\/\/allin1bitcoins.com\/it\/wp-json\/wp\/v2\/users\/3"}],"replies":[{"embeddable":true,"href":"https:\/\/allin1bitcoins.com\/it\/wp-json\/wp\/v2\/comments?post=21555"}],"version-history":[{"count":1,"href":"https:\/\/allin1bitcoins.com\/it\/wp-json\/wp\/v2\/pages\/21555\/revisions"}],"predecessor-version":[{"id":21559,"href":"https:\/\/allin1bitcoins.com\/it\/wp-json\/wp\/v2\/pages\/21555\/revisions\/21559"}],"up":[{"embeddable":true,"href":"https:\/\/allin1bitcoins.com\/it\/wp-json\/wp\/v2\/pages\/21475"}],"wp:featuredmedia":[{"embeddable":true,"href":"https:\/\/allin1bitcoins.com\/it\/wp-json\/wp\/v2\/media\/16905"}],"wp:attachment":[{"href":"https:\/\/allin1bitcoins.com\/it\/wp-json\/wp\/v2\/media?parent=21555"}],"curies":[{"name":"wp","href":"https:\/\/api.w.org\/{rel}","templated":true}]}}