{"id":21566,"date":"2023-02-18T18:52:06","date_gmt":"2023-02-18T18:52:06","guid":{"rendered":"https:\/\/allin1bitcoins.com\/?page_id=21566"},"modified":"2023-02-18T18:52:08","modified_gmt":"2023-02-18T18:52:08","slug":"canada","status":"publish","type":"page","link":"https:\/\/allin1bitcoins.com\/it\/crypto\/kunci\/canada\/","title":{"rendered":"Come Acquistare Kunci Coin (KUNCI) In Canada"},"content":{"rendered":"\n<h2 class=\"wp-block-heading\">Breve risposta: \u00e8 possibile acquistare Kunci Coin in Canada.<\/h2>\n\n\n\n<p>La procedura per l&#8217;acquisto di Kunci Coin in Canada pu\u00f2 essere suddivisa in pochi semplici passaggi. Il primo passo \u00e8 trovare uno scambio di criptovalute affidabile che consenta di scambiare Kunci Coin in Canada. Il passo successivo \u00e8 registrarsi per un account sull&#8217;exchange e fornire l&#8217;identificazione. Dopo aver configurato il proprio account, \u00e8 possibile aggiungere denaro in dollari canadesi (CAD) o in un&#8217;altra valuta supportata. \u00c8 possibile acquistare Kunci Coin con i fondi presenti sul proprio account una volta che questi sono stati accreditati.<\/p>\n\n\n\n<h2 class=\"wp-block-heading\">Panoramica di Kunci Coin.<\/h2>\n\n\n\n<p>Il progetto Kunci ha creato la criptovaluta nota come Kunci Coin. Il progetto Kunci mira a fornire una piattaforma decentralizzata in cui gli utenti possono condividere e accedere alla conoscenza in modo sicuro e privato. Gli utenti del sito possono accedere a un registro decentralizzato e immutabile di conoscenze e informazioni grazie alla tecnologia blockchain. Il token nativo della piattaforma Kunci, Kunci Coin, viene utilizzato per premiare gli utenti che condividono e aggiungono conoscenze utili alla rete.<\/p>\n\n\n\n<h2 class=\"wp-block-heading\">Vantaggi dell&#8217;acquisto di Kunci Coin<\/h2>\n\n\n\n<p>Ci sono diversi vantaggi nell&#8217;acquistare Kunci Coin. Innanzitutto, possedere Kunci Coin offre l&#8217;accesso al progetto Kunci e all&#8217;ecosistema per lo scambio di conoscenze. Essendo sostenuto dal valore della piattaforma Kunci, possedere Kunci Coin pu\u00f2 anche agire come copertura contro la volatilit\u00e0 di altre criptovalute. Inoltre, il possesso di Kunci Coin d\u00e0 diritto agli utenti di accedere a contenuti premium e di ricevere premi per la condivisione di conoscenze utili sulla piattaforma.<\/p>\n\n\n\n<figure class=\"wp-block-embed is-type-video is-provider-youtube wp-block-embed-youtube wp-embed-aspect-16-9 wp-has-aspect-ratio\"><div class=\"wp-block-embed__wrapper\">\n<iframe title=\"KunciCoin Achievement Overview\" width=\"800\" height=\"450\" src=\"https:\/\/www.youtube.com\/embed\/HKe2xGJj0ms?feature=oembed\" frameborder=\"0\" allow=\"accelerometer; autoplay; clipboard-write; encrypted-media; gyroscope; picture-in-picture; web-share\" allowfullscreen><\/iframe>\n<\/div><\/figure>\n\n\n\n<h2 class=\"wp-block-heading\">Istruzioni dettagliate su come acquistare Kunci Coin in Canada<\/h2>\n\n\n\n<p><strong>Passo 1: <\/strong>Scegliere una piattaforma di scambio di criptovalute affidabile che permetta il trading di Kunci Coin in Canada. Binance, KuCoin e Bitbuy sono alcune scelte ben apprezzate.<br><\/p>\n\n\n\n<p><strong>Passo 2:<\/strong> Registrarsi per un account sulla piattaforma scelta e completare le procedure di verifica richieste.<br><\/p>\n\n\n\n<p><strong>Passo 3:<\/strong> Aggiungere denaro al proprio account in dollari canadesi (CAD) o in un&#8217;altra valuta accettata.<br><\/p>\n\n\n\n<p>Passo 4: Trovare la coppia di trading Kunci Coin\/CAD andando alla pagina di trading della piattaforma.<br><\/p>\n\n\n\n<p>Passo 5: Piazzare un ordine d&#8217;acquisto per la quantit\u00e0 di Kunci Coin desiderata.<br><\/p>\n\n\n\n<p><strong>Passo 6: <\/strong>Una volta che l&#8217;ordine sar\u00e0 stato evaso, i Kunci Coin saranno accreditati nel portafoglio della piattaforma.<\/p>\n\n\n\n<h2 class=\"wp-block-heading\">Tasse sull&#8217;acquisto di Kunci Coin in Canada<\/h2>\n\n\n\n<p>L&#8217;acquisto di Kunci Coin \u00e8 soggetto a tasse, come qualsiasi altra transazione finanziaria in Canada. La tua situazione personale e le regole fiscali del tuo paese determineranno le precise conseguenze fiscali dell&#8217;acquisto e del possesso di Kunci Coin. Le criptovalute sono considerate dalla Canada Revenue Agency (CRA) come beni e, pertanto, sono soggette alle regole fiscali sulle plusvalenze. Prima di prendere decisioni finanziarie significative, come l&#8217;acquisto di Kunci Coin, si dovrebbe consultare un esperto fiscale.<\/p>\n\n\n\n<h2 class=\"wp-block-heading\">Conclusioni<\/h2>\n\n\n\n<p>In conclusione, l&#8217;acquisto di Kunci Coin in Canada \u00e8 un processo semplice che pu\u00f2 essere effettuato trovando una piattaforma di scambio di criptovalute affidabile che supporti il trading di Kunci Coin, creando un account e finanziandolo. Possedere Kunci Coin ti consente di saperne di pi\u00f9 sul progetto Kunci e di partecipare all&#8217;ecosistema di scambio di informazioni. Prima di prendere qualsiasi decisione finanziaria, \u00e8 importante comprendere le conseguenze fiscali e cercare consigli professionali. Fai sempre le tue ricerche e assicurati di essere consapevole dei rischi coinvolti prima di acquistare qualsiasi criptovaluta.<\/p>\n\n\n\n<!-- Page-list plugin v.5.9 wordpress.org\/plugins\/page-list\/ -->\n<ul class=\"page-list siblings-page-list \">\n<li class=\"page_item page-item-21512\"><a href=\"https:\/\/allin1bitcoins.com\/it\/crypto\/kunci\/american-express\/\">Come Acquistare Kunci Coin (KUNCI) Con American Express<\/a><\/li>\n<li class=\"page_item page-item-21543\"><a href=\"https:\/\/allin1bitcoins.com\/it\/crypto\/kunci\/credit-card\/\">Come Acquistare Kunci Coin (KUNCI) Con Carta Di Credito<\/a><\/li>\n<li class=\"page_item page-item-21533\"><a href=\"https:\/\/allin1bitcoins.com\/it\/crypto\/kunci\/debit-card\/\">Come Acquistare Kunci Coin (KUNCI) Con Carta Di Debito<\/a><\/li>\n<li class=\"page_item page-item-21524\"><a href=\"https:\/\/allin1bitcoins.com\/it\/crypto\/kunci\/paypal\/\">Come Acquistare Kunci Coin (KUNCI) Con PayPal<\/a><\/li>\n<li class=\"page_item page-item-21566\"><a href=\"https:\/\/allin1bitcoins.com\/it\/crypto\/kunci\/canada\/\">Come Acquistare Kunci Coin (KUNCI) In Canada<\/a><\/li>\n<li class=\"page_item page-item-21555\"><a href=\"https:\/\/allin1bitcoins.com\/it\/crypto\/kunci\/switzerland\/\">Come Acquistare Kunci Coin (KUNCI) In Svizzera<\/a><\/li>\n<li class=\"page_item page-item-21502\"><a href=\"https:\/\/allin1bitcoins.com\/it\/crypto\/kunci\/united-states\/\">Come Acquistare Kunci Coin (KUNCI) Negli Stati Uniti<\/a><\/li>\n<li class=\"page_item page-item-21490\"><a href=\"https:\/\/allin1bitcoins.com\/it\/crypto\/kunci\/united-kingdom\/\">Come Acquistare Kunci Coin (KUNCI) Nel Regno Unito<\/a><\/li>\n\n<\/ul>\n","protected":false},"excerpt":{"rendered":"<p>Breve risposta: \u00e8 possibile acquistare Kunci Coin in Canada. La procedura per l&#8217;acquisto di Kunci Coin in Canada pu\u00f2 essere suddivisa in pochi semplici passaggi. Il primo passo \u00e8 trovare uno scambio di criptovalute affidabile che consenta di scambiare Kunci Coin in Canada. Il passo successivo \u00e8 registrarsi per un account sull&#8217;exchange e fornire l&#8217;identificazione&#8230;.<\/p>\n","protected":false},"author":3,"featured_media":16914,"parent":21475,"menu_order":0,"comment_status":"closed","ping_status":"closed","template":"","meta":{"cybocfi_hide_featured_image":"","footnotes":""},"acf":[],"yoast_head":"<!-- This site is optimized with the Yoast SEO plugin v21.7 - https:\/\/yoast.com\/wordpress\/plugins\/seo\/ -->\n<title>Come Acquistare Kunci Coin (KUNCI) In Canada<\/title>\n<meta name=\"description\" content=\"Il progetto Kunci mira a fornire una piattaforma decentralizzata in cui gli utenti possano condividere e accedere alla conoscenza.\" \/>\n<meta name=\"robots\" content=\"index, follow, max-snippet:-1, max-image-preview:large, max-video-preview:-1\" \/>\n<link rel=\"canonical\" href=\"https:\/\/allin1bitcoins.com\/it\/crypto\/kunci\/canada\/\" \/>\n<meta property=\"og:locale\" content=\"it_IT\" \/>\n<meta property=\"og:type\" content=\"article\" \/>\n<meta property=\"og:title\" content=\"Come Acquistare Kunci Coin (KUNCI) In Canada\" \/>\n<meta property=\"og:description\" content=\"Il progetto Kunci mira a fornire una piattaforma decentralizzata in cui gli utenti possano condividere e accedere alla conoscenza.\" \/>\n<meta property=\"og:url\" content=\"https:\/\/allin1bitcoins.com\/it\/crypto\/kunci\/canada\/\" \/>\n<meta property=\"og:site_name\" content=\"Allin1Bitcoins\" \/>\n<meta property=\"article:modified_time\" content=\"2023-02-18T18:52:08+00:00\" \/>\n<meta property=\"og:image\" content=\"https:\/\/allin1bitcoins.com\/wp-content\/uploads\/2023\/01\/sasan-hezarkhani-3x1B3b5gXo-unsplash.jpg\" \/>\n\t<meta property=\"og:image:width\" content=\"1920\" \/>\n\t<meta property=\"og:image:height\" content=\"1272\" \/>\n\t<meta property=\"og:image:type\" content=\"image\/jpeg\" \/>\n<meta name=\"twitter:card\" content=\"summary_large_image\" \/>\n<meta name=\"twitter:label1\" content=\"Est. reading time\" \/>\n\t<meta name=\"twitter:data1\" content=\"3 minutes\" \/>\n<!-- \/ Yoast SEO plugin. -->","yoast_head_json":{"title":"Come Acquistare Kunci Coin (KUNCI) In Canada","description":"Il progetto Kunci mira a fornire una piattaforma decentralizzata in cui gli utenti possano condividere e accedere alla conoscenza.","robots":{"index":"index","follow":"follow","max-snippet":"max-snippet:-1","max-image-preview":"max-image-preview:large","max-video-preview":"max-video-preview:-1"},"canonical":"https:\/\/allin1bitcoins.com\/it\/crypto\/kunci\/canada\/","og_locale":"it_IT","og_type":"article","og_title":"Come Acquistare Kunci Coin (KUNCI) In Canada","og_description":"Il progetto Kunci mira a fornire una piattaforma decentralizzata in cui gli utenti possano condividere e accedere alla conoscenza.","og_url":"https:\/\/allin1bitcoins.com\/it\/crypto\/kunci\/canada\/","og_site_name":"Allin1Bitcoins","article_modified_time":"2023-02-18T18:52:08+00:00","og_image":[{"width":1920,"height":1272,"url":"https:\/\/allin1bitcoins.com\/wp-content\/uploads\/2023\/01\/sasan-hezarkhani-3x1B3b5gXo-unsplash.jpg","type":"image\/jpeg"}],"twitter_card":"summary_large_image","twitter_misc":{"Est. reading time":"3 minutes"},"schema":{"@context":"https:\/\/schema.org","@graph":[{"@type":"WebPage","@id":"https:\/\/allin1bitcoins.com\/it\/crypto\/kunci\/canada\/","url":"https:\/\/allin1bitcoins.com\/it\/crypto\/kunci\/canada\/","name":"Come Acquistare Kunci Coin (KUNCI) In Canada","isPartOf":{"@id":"https:\/\/allin1bitcoins.com\/it\/#website"},"datePublished":"2023-02-18T18:52:06+00:00","dateModified":"2023-02-18T18:52:08+00:00","description":"Il progetto Kunci mira a fornire una piattaforma decentralizzata in cui gli utenti possano condividere e accedere alla conoscenza.","breadcrumb":{"@id":"https:\/\/allin1bitcoins.com\/it\/crypto\/kunci\/canada\/#breadcrumb"},"inLanguage":"it","potentialAction":[{"@type":"ReadAction","target":["https:\/\/allin1bitcoins.com\/it\/crypto\/kunci\/canada\/"]}]},{"@type":"BreadcrumbList","@id":"https:\/\/allin1bitcoins.com\/it\/crypto\/kunci\/canada\/#breadcrumb","itemListElement":[{"@type":"ListItem","position":1,"name":"Home","item":"https:\/\/allin1bitcoins.com\/it\/"},{"@type":"ListItem","position":2,"name":"Crypto","item":"https:\/\/allin1bitcoins.com\/it\/crypto\/"},{"@type":"ListItem","position":3,"name":"Come Acquistare Kunci Coin (KUNCI) &#8211; Guida Passo Dopo Passo 2023","item":"https:\/\/allin1bitcoins.com\/it\/crypto\/kunci\/"},{"@type":"ListItem","position":4,"name":"Come Acquistare Kunci Coin (KUNCI) In Canada"}]},{"@type":"WebSite","@id":"https:\/\/allin1bitcoins.com\/it\/#website","url":"https:\/\/allin1bitcoins.com\/it\/","name":"Allin1Bitcoins","description":"","publisher":{"@id":"https:\/\/allin1bitcoins.com\/it\/#organization"},"potentialAction":[{"@type":"SearchAction","target":{"@type":"EntryPoint","urlTemplate":"https:\/\/allin1bitcoins.com\/it\/?s={search_term_string}"},"query-input":"required name=search_term_string"}],"inLanguage":"it"},{"@type":"Organization","@id":"https:\/\/allin1bitcoins.com\/it\/#organization","name":"allin1bitcoins","url":"https:\/\/allin1bitcoins.com\/it\/","logo":{"@type":"ImageObject","inLanguage":"it","@id":"https:\/\/allin1bitcoins.com\/it\/#\/schema\/logo\/image\/","url":"https:\/\/allin1bitcoins.com\/wp-content\/uploads\/2019\/01\/logo-new.png","contentUrl":"https:\/\/allin1bitcoins.com\/wp-content\/uploads\/2019\/01\/logo-new.png","width":178,"height":71,"caption":"allin1bitcoins"},"image":{"@id":"https:\/\/allin1bitcoins.com\/it\/#\/schema\/logo\/image\/"}}]}},"_links":{"self":[{"href":"https:\/\/allin1bitcoins.com\/it\/wp-json\/wp\/v2\/pages\/21566"}],"collection":[{"href":"https:\/\/allin1bitcoins.com\/it\/wp-json\/wp\/v2\/pages"}],"about":[{"href":"https:\/\/allin1bitcoins.com\/it\/wp-json\/wp\/v2\/types\/page"}],"author":[{"embeddable":true,"href":"https:\/\/allin1bitcoins.com\/it\/wp-json\/wp\/v2\/users\/3"}],"replies":[{"embeddable":true,"href":"https:\/\/allin1bitcoins.com\/it\/wp-json\/wp\/v2\/comments?post=21566"}],"version-history":[{"count":1,"href":"https:\/\/allin1bitcoins.com\/it\/wp-json\/wp\/v2\/pages\/21566\/revisions"}],"predecessor-version":[{"id":21567,"href":"https:\/\/allin1bitcoins.com\/it\/wp-json\/wp\/v2\/pages\/21566\/revisions\/21567"}],"up":[{"embeddable":true,"href":"https:\/\/allin1bitcoins.com\/it\/wp-json\/wp\/v2\/pages\/21475"}],"wp:featuredmedia":[{"embeddable":true,"href":"https:\/\/allin1bitcoins.com\/it\/wp-json\/wp\/v2\/media\/16914"}],"wp:attachment":[{"href":"https:\/\/allin1bitcoins.com\/it\/wp-json\/wp\/v2\/media?parent=21566"}],"curies":[{"name":"wp","href":"https:\/\/api.w.org\/{rel}","templated":true}]}}