{"id":21578,"date":"2023-02-18T19:13:10","date_gmt":"2023-02-18T19:13:10","guid":{"rendered":"https:\/\/allin1bitcoins.com\/?page_id=21578"},"modified":"2023-02-18T19:13:49","modified_gmt":"2023-02-18T19:13:49","slug":"radiocaca","status":"publish","type":"page","link":"https:\/\/allin1bitcoins.com\/it\/crypto\/radiocaca\/","title":{"rendered":"Come Acquistare Radiocaca (RACA) &#8211; Guida Passo Dopo Passo"},"content":{"rendered":"\n<h2 class=\"wp-block-heading\">Acquisto di Radiocaca coin<\/h2>\n\n\n\n<p>Se si desidera acquistare Radiocaca coin, il primo passo \u00e8 trovare una criptovaluta exchange che lo offra. Da l\u00ec, sar\u00e0 necessario creare un account, verificare la propria identit\u00e0 e depositare fondi per iniziare a fare trading. Il processo specifico varier\u00e0 a seconda dell&#8217;exchange scelto, ma la maggior parte segue un insieme simile di passaggi.<\/p>\n\n\n\n<h2 class=\"wp-block-heading\">Introduzione a Radiocaca coin<\/h2>\n\n\n\n<p>Radiocaca coin \u00e8 un&#8217;attivit\u00e0 digitale progettata per funzionare come mezzo di scambio utilizzando la crittografia per proteggere le transazioni finanziarie, controllare la creazione di unit\u00e0 aggiuntive e verificare il trasferimento di attivit\u00e0. \u00c8 decentralizzato, il che significa che non \u00e8 controllato da nessun governo, banca o altra autorit\u00e0 centrale. Invece, si basa su una rete di computer per convalidare le transazioni e aggiungerle a un registro pubblico e decentralizzato chiamato blockchain.<\/p>\n\n\n\n<figure class=\"wp-block-embed is-type-video is-provider-youtube wp-block-embed-youtube wp-embed-aspect-16-9 wp-has-aspect-ratio\"><div class=\"wp-block-embed__wrapper\">\n<iframe title=\"What is Radio Caca? Radio Caca for Absolute Beginners\" width=\"800\" height=\"450\" src=\"https:\/\/www.youtube.com\/embed\/id7WaK-lX2M?feature=oembed\" frameborder=\"0\" allow=\"accelerometer; autoplay; clipboard-write; encrypted-media; gyroscope; picture-in-picture; web-share\" allowfullscreen><\/iframe>\n<\/div><\/figure>\n\n\n\n<h2 class=\"wp-block-heading\">Panoramica del processo per acquistare Radiocaca coin<\/h2>\n\n\n\n<p><strong>Per acquistare Radiocaca coin, dovrai seguire questi passaggi generali:<\/strong><\/p>\n\n\n\n<ol><li>Trova un exchange di criptovalute che offra Radiocaca coin. Come accennato in precedenza, alcuni exchange popolari includono Coinbase, Binance e Kraken.<br><br><\/li><li>Crea un account sull&#8217;exchange. Ci\u00f2 comporter\u00e0 tipicamente la fornitura del tuo nome, indirizzo email e la creazione di una password. Potresti anche dover verificare la tua identit\u00e0 caricando una copia del tuo documento d&#8217;identit\u00e0 emesso dal governo.<br><br><\/li><li>Deposita fondi nel tuo account. La maggior parte degli exchange accetta depositi sotto forma di bonifico bancario o pagamento con carta di credito. Dovrai avere abbastanza fondi disponibili per acquistare almeno una piccola quantit\u00e0 di Radiocaca coin.<br><br><\/li><li>Trova la coppia di trading di Radiocaca coin. Una volta che i tuoi fondi sono stati depositati, puoi iniziare a cercare la coppia di trading di Radiocaca coin sull&#8217;exchange. Questo \u00e8 il tasso di cambio a cui puoi acquistare Radiocaca coin utilizzando una criptovaluta o una valuta fiat diversa, come i dollari americani.<br><br><\/li><li>Effettua un ordine per acquistare Radiocaca coin. Per acquistare Radiocaca coin, dovrai utilizzare l&#8217;interfaccia di trading dell&#8217;exchange per effettuare un ordine. Puoi effettuare un ordine di mercato, che eseguir\u00e0 lo scambio al prezzo di mercato attuale, o un ordine a limite, che eseguir\u00e0 lo scambio solo se il prezzo raggiunge un certo livello.<br><br><\/li><li>Monitora il tuo ordine e aspetta che venga eseguito. Una volta effettuato l&#8217;ordine, verr\u00e0 aggiunto al libro degli ordini dell&#8217;exchange. Se hai effettuato un ordine di mercato, verr\u00e0 eseguito quasi immediatamente al prezzo di mercato attuale. Se hai effettuato un ordine a limite, verr\u00e0 eseguito solo se il prezzo raggiunge il livello specificato. Puoi monitorare lo stato del tuo ordine e il prezzo di Radiocaca coin utilizzando l&#8217;interfaccia di trading dell&#8217;exchange o un sito web di monitoraggio del prezzo di terze parti.<br><br><\/li><li>Ritira i tuoi Radiocaca coin in un portafoglio sicuro. Una volta che il tuo ordine \u00e8 stato eseguito e i fondi sono stati accreditati sul tuo account, dovrai ritirare i tuoi Radiocaca coin in un portafoglio sicuro. Questo \u00e8 importante perch\u00e9 gli scambi di criptovaluta sono vulnerabili agli attacchi informatici e ad altre minacce alla sicurezza e si desidera assicurarsi che le monete siano al sicuro. Ci sono molti tipi di portafogli disponibili, tra cui portafogli online, desktop e hardware. Scegli un portafoglio appropriato alle tue esigenze e segui le istruzioni per trasferire i tuoi Radiocaca coin dall&#8217;exchange al portafoglio.<\/li><\/ol>\n\n\n\n<h2 class=\"wp-block-heading\">Vantaggi dell&#8217;acquisto di Radiocaca coin<\/h2>\n\n\n\n<p><strong>Ci sono diversi vantaggi nell&#8217;acquisto di Radiocaca coin, tra cui:<\/strong><\/p>\n\n\n\n<ul><li><strong>Decentralizzazione: <\/strong>poich\u00e9 Radiocaca coin \u00e8 decentralizzato, non \u00e8 controllato da alcuna autorit\u00e0 centrale, come un governo o una banca. Ci\u00f2 significa che \u00e8 immune all&#8217;interferenza o alla manipolazione da parte di tali entit\u00e0.<br><br><\/li><li><strong>Commissioni basse:<\/strong> le transazioni di Radiocaca coin hanno commissioni molto basse rispetto ad altri metodi di pagamento, come le carte di credito o i bonifici bancari. Ci\u00f2 lo rende un&#8217;opzione interessante per inviare e ricevere denaro a livello internazionale.<br><br><\/li><li><strong>Sicurezza: <\/strong>Radiocaca coin utilizza tecniche crittografiche avanzate per proteggere le transazioni e proteggere contro le frodi. Ci\u00f2 lo rende un modo molto sicuro per archiviare e trasferire valore.<br><br><\/li><li><strong>Privacy: <\/strong>le transazioni di Radiocaca coin sono pseudonime, il che significa che non sono legate alla tua identit\u00e0 nel mondo reale. Ci\u00f2 pu\u00f2 fornire un grado di privacy e anonimato che non \u00e8 possibile con i metodi di pagamento tradizionali.<\/li><\/ul>\n\n\n\n<h2 class=\"wp-block-heading\">Conclusione<\/h2>\n\n\n\n<p>L&#8217;acquisto di Radiocaca coin \u00e8 un processo relativamente semplice che consiste nel trovare uno scambio di criptovaluta che lo offra, creare un account, depositare fondi e piazzare un ordine di acquisto. Una volta acquistato Radiocaca coin, \u00e8 importante prelevarlo in un portafoglio sicuro per proteggerlo dalle minacce alla sicurezza. Ci sono molti vantaggi nell&#8217;acquistare Radiocaca coin, tra cui la decentralizzazione, le basse commissioni, la sicurezza e la privacy.<\/p>\n\n\n\n<!-- Page-list plugin v.5.9 wordpress.org\/plugins\/page-list\/ -->\n<ul class=\"page-list subpages-page-list \">\n<li class=\"page_item page-item-21617\"><a href=\"https:\/\/allin1bitcoins.com\/it\/crypto\/radiocaca\/apple-pay\/\">Come Acquistare Radiocaca (RACA) Con Apple Pay<\/a><\/li>\n<li class=\"page_item page-item-21638\"><a href=\"https:\/\/allin1bitcoins.com\/it\/crypto\/radiocaca\/paypal\/\">Come Acquistare Radiocaca (RACA) Con PayPal<\/a><\/li>\n<li class=\"page_item page-item-21670\"><a href=\"https:\/\/allin1bitcoins.com\/it\/crypto\/radiocaca\/credit-card\/\">Come Acquistare Radiocaca (RACA) Con Una Carta di Credito<\/a><\/li>\n<li class=\"page_item page-item-21682\"><a href=\"https:\/\/allin1bitcoins.com\/it\/crypto\/radiocaca\/debit-card\/\">Come Acquistare Radiocaca (RACA) Con Una Carta di Debito<\/a><\/li>\n<li class=\"page_item page-item-21661\"><a href=\"https:\/\/allin1bitcoins.com\/it\/crypto\/radiocaca\/australia\/\">Come Acquistare Radiocaca (RACA) in Australia<\/a><\/li>\n<li class=\"page_item page-item-21650\"><a href=\"https:\/\/allin1bitcoins.com\/it\/crypto\/radiocaca\/germany\/\">Come Acquistare Radiocaca (RACA) In Germania<\/a><\/li>\n<li class=\"page_item page-item-21627\"><a href=\"https:\/\/allin1bitcoins.com\/it\/crypto\/radiocaca\/united-kingdom\/\">Come Acquistare Radiocaca (RACA) Nel Regno Unito<\/a><\/li>\n<li class=\"page_item page-item-21592\"><a href=\"https:\/\/allin1bitcoins.com\/it\/crypto\/radiocaca\/united-states\/\">Come Acquistare Radiocaca Coin (RACA) Negli Stati Uniti<\/a><\/li>\n\n<\/ul>\n","protected":false},"excerpt":{"rendered":"<p>Acquisto di Radiocaca coin Se si desidera acquistare Radiocaca coin, il primo passo \u00e8 trovare una criptovaluta exchange che lo offra. Da l\u00ec, sar\u00e0 necessario creare un account, verificare la propria identit\u00e0 e depositare fondi per iniziare a fare trading. Il processo specifico varier\u00e0 a seconda dell&#8217;exchange scelto, ma la maggior parte segue un insieme&#8230;<\/p>\n","protected":false},"author":3,"featured_media":14669,"parent":19844,"menu_order":0,"comment_status":"closed","ping_status":"closed","template":"","meta":{"cybocfi_hide_featured_image":"","footnotes":""},"acf":[],"yoast_head":"<!-- This site is optimized with the Yoast SEO plugin v21.7 - https:\/\/yoast.com\/wordpress\/plugins\/seo\/ -->\n<title>Come Acquistare Radiocaca (RACA) - Guida Passo Dopo Passo<\/title>\n<meta name=\"description\" content=\"Per iniziare a fare trading, dovrai creare un account, verificare la tua identit\u00e0 e depositare fondi. Continua a leggere per saperne di pi\u00f9.\" \/>\n<meta name=\"robots\" content=\"index, follow, max-snippet:-1, max-image-preview:large, max-video-preview:-1\" \/>\n<link rel=\"canonical\" href=\"https:\/\/allin1bitcoins.com\/it\/crypto\/radiocaca\/\" \/>\n<meta property=\"og:locale\" content=\"it_IT\" \/>\n<meta property=\"og:type\" content=\"article\" \/>\n<meta property=\"og:title\" content=\"Come Acquistare Radiocaca (RACA) - Guida Passo Dopo Passo\" \/>\n<meta property=\"og:description\" content=\"Per iniziare a fare trading, dovrai creare un account, verificare la tua identit\u00e0 e depositare fondi. Continua a leggere per saperne di pi\u00f9.\" \/>\n<meta property=\"og:url\" content=\"https:\/\/allin1bitcoins.com\/it\/crypto\/radiocaca\/\" \/>\n<meta property=\"og:site_name\" content=\"Allin1Bitcoins\" \/>\n<meta property=\"article:modified_time\" content=\"2023-02-18T19:13:49+00:00\" \/>\n<meta property=\"og:image\" content=\"https:\/\/allin1bitcoins.com\/wp-content\/uploads\/2023\/01\/pexels-alphatradezone-5833775.jpg\" \/>\n\t<meta property=\"og:image:width\" content=\"1280\" \/>\n\t<meta property=\"og:image:height\" content=\"854\" \/>\n\t<meta property=\"og:image:type\" content=\"image\/jpeg\" \/>\n<meta name=\"twitter:card\" content=\"summary_large_image\" \/>\n<meta name=\"twitter:label1\" content=\"Est. reading time\" \/>\n\t<meta name=\"twitter:data1\" content=\"4 minutes\" \/>\n<!-- \/ Yoast SEO plugin. -->","yoast_head_json":{"title":"Come Acquistare Radiocaca (RACA) - Guida Passo Dopo Passo","description":"Per iniziare a fare trading, dovrai creare un account, verificare la tua identit\u00e0 e depositare fondi. Continua a leggere per saperne di pi\u00f9.","robots":{"index":"index","follow":"follow","max-snippet":"max-snippet:-1","max-image-preview":"max-image-preview:large","max-video-preview":"max-video-preview:-1"},"canonical":"https:\/\/allin1bitcoins.com\/it\/crypto\/radiocaca\/","og_locale":"it_IT","og_type":"article","og_title":"Come Acquistare Radiocaca (RACA) - Guida Passo Dopo Passo","og_description":"Per iniziare a fare trading, dovrai creare un account, verificare la tua identit\u00e0 e depositare fondi. Continua a leggere per saperne di pi\u00f9.","og_url":"https:\/\/allin1bitcoins.com\/it\/crypto\/radiocaca\/","og_site_name":"Allin1Bitcoins","article_modified_time":"2023-02-18T19:13:49+00:00","og_image":[{"width":1280,"height":854,"url":"https:\/\/allin1bitcoins.com\/wp-content\/uploads\/2023\/01\/pexels-alphatradezone-5833775.jpg","type":"image\/jpeg"}],"twitter_card":"summary_large_image","twitter_misc":{"Est. reading time":"4 minutes"},"schema":{"@context":"https:\/\/schema.org","@graph":[{"@type":"WebPage","@id":"https:\/\/allin1bitcoins.com\/it\/crypto\/radiocaca\/","url":"https:\/\/allin1bitcoins.com\/it\/crypto\/radiocaca\/","name":"Come Acquistare Radiocaca (RACA) - Guida Passo Dopo Passo","isPartOf":{"@id":"https:\/\/allin1bitcoins.com\/it\/#website"},"datePublished":"2023-02-18T19:13:10+00:00","dateModified":"2023-02-18T19:13:49+00:00","description":"Per iniziare a fare trading, dovrai creare un account, verificare la tua identit\u00e0 e depositare fondi. Continua a leggere per saperne di pi\u00f9.","breadcrumb":{"@id":"https:\/\/allin1bitcoins.com\/it\/crypto\/radiocaca\/#breadcrumb"},"inLanguage":"it","potentialAction":[{"@type":"ReadAction","target":["https:\/\/allin1bitcoins.com\/it\/crypto\/radiocaca\/"]}]},{"@type":"BreadcrumbList","@id":"https:\/\/allin1bitcoins.com\/it\/crypto\/radiocaca\/#breadcrumb","itemListElement":[{"@type":"ListItem","position":1,"name":"Home","item":"https:\/\/allin1bitcoins.com\/it\/"},{"@type":"ListItem","position":2,"name":"Crypto","item":"https:\/\/allin1bitcoins.com\/it\/crypto\/"},{"@type":"ListItem","position":3,"name":"Come Acquistare Radiocaca (RACA) &#8211; Guida Passo Dopo Passo"}]},{"@type":"WebSite","@id":"https:\/\/allin1bitcoins.com\/it\/#website","url":"https:\/\/allin1bitcoins.com\/it\/","name":"Allin1Bitcoins","description":"","publisher":{"@id":"https:\/\/allin1bitcoins.com\/it\/#organization"},"potentialAction":[{"@type":"SearchAction","target":{"@type":"EntryPoint","urlTemplate":"https:\/\/allin1bitcoins.com\/it\/?s={search_term_string}"},"query-input":"required name=search_term_string"}],"inLanguage":"it"},{"@type":"Organization","@id":"https:\/\/allin1bitcoins.com\/it\/#organization","name":"allin1bitcoins","url":"https:\/\/allin1bitcoins.com\/it\/","logo":{"@type":"ImageObject","inLanguage":"it","@id":"https:\/\/allin1bitcoins.com\/it\/#\/schema\/logo\/image\/","url":"https:\/\/allin1bitcoins.com\/wp-content\/uploads\/2019\/01\/logo-new.png","contentUrl":"https:\/\/allin1bitcoins.com\/wp-content\/uploads\/2019\/01\/logo-new.png","width":178,"height":71,"caption":"allin1bitcoins"},"image":{"@id":"https:\/\/allin1bitcoins.com\/it\/#\/schema\/logo\/image\/"}}]}},"_links":{"self":[{"href":"https:\/\/allin1bitcoins.com\/it\/wp-json\/wp\/v2\/pages\/21578"}],"collection":[{"href":"https:\/\/allin1bitcoins.com\/it\/wp-json\/wp\/v2\/pages"}],"about":[{"href":"https:\/\/allin1bitcoins.com\/it\/wp-json\/wp\/v2\/types\/page"}],"author":[{"embeddable":true,"href":"https:\/\/allin1bitcoins.com\/it\/wp-json\/wp\/v2\/users\/3"}],"replies":[{"embeddable":true,"href":"https:\/\/allin1bitcoins.com\/it\/wp-json\/wp\/v2\/comments?post=21578"}],"version-history":[{"count":2,"href":"https:\/\/allin1bitcoins.com\/it\/wp-json\/wp\/v2\/pages\/21578\/revisions"}],"predecessor-version":[{"id":21581,"href":"https:\/\/allin1bitcoins.com\/it\/wp-json\/wp\/v2\/pages\/21578\/revisions\/21581"}],"up":[{"embeddable":true,"href":"https:\/\/allin1bitcoins.com\/it\/wp-json\/wp\/v2\/pages\/19844"}],"wp:featuredmedia":[{"embeddable":true,"href":"https:\/\/allin1bitcoins.com\/it\/wp-json\/wp\/v2\/media\/14669"}],"wp:attachment":[{"href":"https:\/\/allin1bitcoins.com\/it\/wp-json\/wp\/v2\/media?parent=21578"}],"curies":[{"name":"wp","href":"https:\/\/api.w.org\/{rel}","templated":true}]}}