{"id":21592,"date":"2023-02-18T19:35:16","date_gmt":"2023-02-18T19:35:16","guid":{"rendered":"https:\/\/allin1bitcoins.com\/?page_id=21592"},"modified":"2023-02-18T19:37:24","modified_gmt":"2023-02-18T19:37:24","slug":"united-states","status":"publish","type":"page","link":"https:\/\/allin1bitcoins.com\/it\/crypto\/radiocaca\/united-states\/","title":{"rendered":"Come Acquistare Radiocaca Coin (RACA) Negli Stati Uniti"},"content":{"rendered":"\n<h2 class=\"wp-block-heading\">Devi seguire i seguenti passaggi se vuoi acquistare Radiocaca Coin negli Stati Uniti:<\/h2>\n\n\n\n<p><strong>Trova uno scambio di criptovalute affidabile che accetti Radiocaca Coin.<\/strong><\/p>\n\n\n\n<ul><li>Registrati per un account di scambio e completa il processo di verifica.<\/li><li>Aggiungi denaro al tuo account utilizzando una carta di credito \/ debito o un bonifico bancario.<\/li><li>Cerca Radiocaca Coin sull&#8217;exchange e selezionala.<\/li><li>Inserisci la quantit\u00e0 di Radiocaca Coin che desideri acquistare e controlla il prezzo finale.<\/li><li>Attendi che l&#8217;ordine venga soddisfatto dopo averlo inserito.<\/li><\/ul>\n\n\n\n<h2 class=\"wp-block-heading\">Panoramica di Radiocaca Coin<\/h2>\n\n\n\n<p>Radiocaca Coin \u00e8 un&#8217;attivit\u00e0 digitale creata per essere un mezzo di scambio su Internet. La tecnologia blockchain viene utilizzata per registrare in modo sicuro le transazioni e prevenire frodi. Poich\u00e9 Radiocaca Coin \u00e8 decentralizzato, nessun organismo governativo o istituzione finanziaria ne ha autorit\u00e0.<\/p>\n\n\n\n<p>Radiocaca Coin funziona in modo simile alle valute convenzionali come il dollaro americano o l&#8217;euro in quanto pu\u00f2 essere utilizzato per effettuare acquisti online di beni e servizi e per conservare il valore. Pu\u00f2 essere acquistato, venduto e scambiato con altre attivit\u00e0 digitali cos\u00ec come con denaro fiat su borse di criptovalute.<\/p>\n\n\n\n<h2 class=\"wp-block-heading\">Vantaggi dell&#8217;acquisto di Coin Radiocaca<\/h2>\n\n\n\n<p><strong>Ecco alcuni vantaggi nell&#8217;acquisto di Coin Radiocaca:<\/strong><\/p>\n\n\n\n<ul><li><strong>Costi di transazione minimi:<\/strong> Rispetto alle transazioni presso istituti finanziari convenzionali, le transazioni di Coin Radiocaca spesso presentano commissioni relativamente basse.<br><br><\/li><li><strong>Decentralizzazione:<\/strong> Come gi\u00e0 menzionato, Coin Radiocaca \u00e8 decentralizzato, il che significa che non \u00e8 controllato da una singola entit\u00e0. Di conseguenza, gli utenti hanno maggiore controllo sui loro soldi e le transazioni sono protette dalla censura e dalla revoca di terzi.<br><br><\/li><li><strong>Sicurezza: <\/strong>Coin Radiocaca fa uso della tecnologia blockchain altamente sicura e resistente alle frodi. Le transazioni sono registrate su un registro pubblico e confermate da una rete di computer, rendendo difficile per gli hacker manipolarle.<br><br><\/li><li><strong>Accettazione globale: <\/strong>Coin Radiocaca sta diventando sempre pi\u00f9 accettato da aziende e individui in tutto il mondo, rendendolo un mezzo di scambio pratico ed adattabile.<\/li><\/ul>\n\n\n\n<figure class=\"wp-block-embed is-type-video is-provider-youtube wp-block-embed-youtube wp-embed-aspect-16-9 wp-has-aspect-ratio\"><div class=\"wp-block-embed__wrapper\">\n<iframe title=\"Radiocaca - 7500% Gains - newtonswave.com\" width=\"800\" height=\"450\" src=\"https:\/\/www.youtube.com\/embed\/SBTlyX9pFZ4?feature=oembed\" frameborder=\"0\" allow=\"accelerometer; autoplay; clipboard-write; encrypted-media; gyroscope; picture-in-picture; web-share\" allowfullscreen><\/iframe>\n<\/div><\/figure>\n\n\n\n<h2 class=\"wp-block-heading\">Come acquistare Radiocaca Coin negli Stati Uniti: una guida passo-passo<\/h2>\n\n\n\n<ol><li><strong>Per trovare uno scambio di criptovalute che accetta Radiocaca Coin:<\/strong>  il primo passo per l&#8217;acquisto dell&#8217;asset \u00e8 trovare uno scambio di criptovalute affidabile che accetta Radiocaca Coin. Ci sono diversi scambi tra cui scegliere, quindi \u00e8 importante fare le proprie ricerche e scegliere uno che sia affidabile e abbia un track record di successo.<br><\/li><\/ol>\n\n\n\n<ol start=\"2\"><li><strong>Registrati per un account di scambio, quindi completa il processo di verifica: <\/strong>dopo aver selezionato uno scambio, \u00e8 necessario aprire un account e completare il processo di verifica. Ci\u00f2 potrebbe comportare la fornitura di informazioni personali e una copia dell&#8217;identificazione, nonch\u00e9 la completamento di diversi controlli di sicurezza per proteggere il tuo account.<br><\/li><\/ol>\n\n\n\n<ol start=\"3\"><li><strong>Deposita denaro sul tuo account:<\/strong> prima di poter acquistare Radiocaca Coin, devi prima depositare denaro sul tuo account. Di solito, per questo si pu\u00f2 usare un trasferimento bancario o una carta di credito\/debito. A seconda dello scambio che si utilizza, ci saranno differenze nella procedura esatta e nei costi.<br><\/li><\/ol>\n\n\n\n<ol start=\"4\"><li><strong>Sull&#8217;exchange, cerca Radiocaca Coin e selezionalo:<\/strong> una volta che hai denaro sul tuo account, puoi cercare e selezionare Radiocaca Coin sull&#8217;exchange.<br><br><\/li><li><strong>Seleziona la quantit\u00e0: <\/strong>Dopo aver selezionato Radiocaca Coin, inserisci la quantit\u00e0 che desideri acquistare e controlla il prezzo totale. Il prezzo includer\u00e0 il costo di Radiocaca Coin e qualsiasi costo relativo alla transazione.<br><\/li><\/ol>\n\n\n\n<ol start=\"6\"><li><strong>Effettua l&#8217;ordine: <\/strong>Quando sei soddisfatto del tuo acquisto e hai letto il costo totale, puoi effettuare l&#8217;ordine e attendere che venga eseguito. L&#8217;ordine verr\u00e0 inserito nel libro degli ordini dell&#8217;exchange e verr\u00e0 eseguito una volta che viene trovato un venditore. La durata di questo processo dipender\u00e0 dalle condizioni del mercato.<\/li><\/ol>\n\n\n\n<h2 class=\"wp-block-heading\">Acquisto di Radiocaca Coin Tasse negli Stati Uniti<\/h2>\n\n\n\n<p>\u00c8 importante sapere che l&#8217;acquisto di Radiocaca Coin negli Stati Uniti pu\u00f2 avere ripercussioni fiscali. Secondo il consiglio dell&#8217;IRS appena rilasciato, le transazioni di valuta virtuale sono tassate legalmente. Ci\u00f2 significa che potresti dover segnalare sul tuo rendiconto fiscale eventuali guadagni o perdite dall&#8217;acquisto e vendita di Radiocaca Coin.<\/p>\n\n\n\n<p>Quando acquisti Radiocaca Coin negli Stati Uniti, \u00e8 consigliabile consultare un esperto fiscale o consultare le linee guida dell&#8217;IRS sulle valute virtuali per comprendere appieno le tue responsabilit\u00e0 fiscali.<\/p>\n\n\n\n<h2 class=\"wp-block-heading\">Conclusione<\/h2>\n\n\n\n<p>\u00c8 facile acquistare Radiocaca Coin negli Stati Uniti, ma dovresti selezionare attentamente lo scambio che utilizzi e essere consapevole di eventuali ripercussioni fiscali. Puoi acquistare Radiocaca Coin negli Stati Uniti in modo sicuro e protetto completando la tua ricerca e utilizzando le procedure indicate sopra.<\/p>\n\n\n\n<!-- Page-list plugin v.5.9 wordpress.org\/plugins\/page-list\/ -->\n<ul class=\"page-list siblings-page-list \">\n<li class=\"page_item page-item-21617\"><a href=\"https:\/\/allin1bitcoins.com\/it\/crypto\/radiocaca\/apple-pay\/\">Come Acquistare Radiocaca (RACA) Con Apple Pay<\/a><\/li>\n<li class=\"page_item page-item-21638\"><a href=\"https:\/\/allin1bitcoins.com\/it\/crypto\/radiocaca\/paypal\/\">Come Acquistare Radiocaca (RACA) Con PayPal<\/a><\/li>\n<li class=\"page_item page-item-21670\"><a href=\"https:\/\/allin1bitcoins.com\/it\/crypto\/radiocaca\/credit-card\/\">Come Acquistare Radiocaca (RACA) Con Una Carta di Credito<\/a><\/li>\n<li class=\"page_item page-item-21682\"><a href=\"https:\/\/allin1bitcoins.com\/it\/crypto\/radiocaca\/debit-card\/\">Come Acquistare Radiocaca (RACA) Con Una Carta di Debito<\/a><\/li>\n<li class=\"page_item page-item-21661\"><a href=\"https:\/\/allin1bitcoins.com\/it\/crypto\/radiocaca\/australia\/\">Come Acquistare Radiocaca (RACA) in Australia<\/a><\/li>\n<li class=\"page_item page-item-21650\"><a href=\"https:\/\/allin1bitcoins.com\/it\/crypto\/radiocaca\/germany\/\">Come Acquistare Radiocaca (RACA) In Germania<\/a><\/li>\n<li class=\"page_item page-item-21627\"><a href=\"https:\/\/allin1bitcoins.com\/it\/crypto\/radiocaca\/united-kingdom\/\">Come Acquistare Radiocaca (RACA) Nel Regno Unito<\/a><\/li>\n<li class=\"page_item page-item-21592\"><a href=\"https:\/\/allin1bitcoins.com\/it\/crypto\/radiocaca\/united-states\/\">Come Acquistare Radiocaca Coin (RACA) Negli Stati Uniti<\/a><\/li>\n\n<\/ul>\n","protected":false},"excerpt":{"rendered":"<p>Devi seguire i seguenti passaggi se vuoi acquistare Radiocaca Coin negli Stati Uniti: Trova uno scambio di criptovalute affidabile che accetti Radiocaca Coin. Registrati per un account di scambio e completa il processo di verifica. Aggiungi denaro al tuo account utilizzando una carta di credito \/ debito o un bonifico bancario. Cerca Radiocaca Coin sull&#8217;exchange&#8230;<\/p>\n","protected":false},"author":3,"featured_media":21598,"parent":21578,"menu_order":0,"comment_status":"closed","ping_status":"closed","template":"","meta":{"cybocfi_hide_featured_image":"","footnotes":""},"acf":[],"yoast_head":"<!-- This site is optimized with the Yoast SEO plugin v21.7 - https:\/\/yoast.com\/wordpress\/plugins\/seo\/ -->\n<title>Come Acquistare Radiocaca Coin (RACA) Negli Stati Uniti<\/title>\n<meta name=\"description\" content=\"Devi compiere le seguenti azioni se vuoi acquistare Radiocaca Coin negli Stati Uniti. Leggi questa guida per saperne di pi\u00f9.\" \/>\n<meta name=\"robots\" content=\"index, follow, max-snippet:-1, max-image-preview:large, max-video-preview:-1\" \/>\n<link rel=\"canonical\" href=\"https:\/\/allin1bitcoins.com\/it\/crypto\/radiocaca\/united-states\/\" \/>\n<meta property=\"og:locale\" content=\"it_IT\" \/>\n<meta property=\"og:type\" content=\"article\" \/>\n<meta property=\"og:title\" content=\"Come Acquistare Radiocaca Coin (RACA) Negli Stati Uniti\" \/>\n<meta property=\"og:description\" content=\"Devi compiere le seguenti azioni se vuoi acquistare Radiocaca Coin negli Stati Uniti. Leggi questa guida per saperne di pi\u00f9.\" \/>\n<meta property=\"og:url\" content=\"https:\/\/allin1bitcoins.com\/it\/crypto\/radiocaca\/united-states\/\" \/>\n<meta property=\"og:site_name\" content=\"Allin1Bitcoins\" \/>\n<meta property=\"article:modified_time\" content=\"2023-02-18T19:37:24+00:00\" \/>\n<meta property=\"og:image\" content=\"https:\/\/allin1bitcoins.com\/wp-content\/uploads\/2023\/02\/pexels-alphatradezone-5831526.jpg\" \/>\n\t<meta property=\"og:image:width\" content=\"1279\" \/>\n\t<meta property=\"og:image:height\" content=\"854\" \/>\n\t<meta property=\"og:image:type\" content=\"image\/jpeg\" \/>\n<meta name=\"twitter:card\" content=\"summary_large_image\" \/>\n<meta name=\"twitter:label1\" content=\"Est. reading time\" \/>\n\t<meta name=\"twitter:data1\" content=\"4 minutes\" \/>\n<!-- \/ Yoast SEO plugin. -->","yoast_head_json":{"title":"Come Acquistare Radiocaca Coin (RACA) Negli Stati Uniti","description":"Devi compiere le seguenti azioni se vuoi acquistare Radiocaca Coin negli Stati Uniti. Leggi questa guida per saperne di pi\u00f9.","robots":{"index":"index","follow":"follow","max-snippet":"max-snippet:-1","max-image-preview":"max-image-preview:large","max-video-preview":"max-video-preview:-1"},"canonical":"https:\/\/allin1bitcoins.com\/it\/crypto\/radiocaca\/united-states\/","og_locale":"it_IT","og_type":"article","og_title":"Come Acquistare Radiocaca Coin (RACA) Negli Stati Uniti","og_description":"Devi compiere le seguenti azioni se vuoi acquistare Radiocaca Coin negli Stati Uniti. Leggi questa guida per saperne di pi\u00f9.","og_url":"https:\/\/allin1bitcoins.com\/it\/crypto\/radiocaca\/united-states\/","og_site_name":"Allin1Bitcoins","article_modified_time":"2023-02-18T19:37:24+00:00","og_image":[{"width":1279,"height":854,"url":"https:\/\/allin1bitcoins.com\/wp-content\/uploads\/2023\/02\/pexels-alphatradezone-5831526.jpg","type":"image\/jpeg"}],"twitter_card":"summary_large_image","twitter_misc":{"Est. reading time":"4 minutes"},"schema":{"@context":"https:\/\/schema.org","@graph":[{"@type":"WebPage","@id":"https:\/\/allin1bitcoins.com\/it\/crypto\/radiocaca\/united-states\/","url":"https:\/\/allin1bitcoins.com\/it\/crypto\/radiocaca\/united-states\/","name":"Come Acquistare Radiocaca Coin (RACA) Negli Stati Uniti","isPartOf":{"@id":"https:\/\/allin1bitcoins.com\/it\/#website"},"datePublished":"2023-02-18T19:35:16+00:00","dateModified":"2023-02-18T19:37:24+00:00","description":"Devi compiere le seguenti azioni se vuoi acquistare Radiocaca Coin negli Stati Uniti. Leggi questa guida per saperne di pi\u00f9.","breadcrumb":{"@id":"https:\/\/allin1bitcoins.com\/it\/crypto\/radiocaca\/united-states\/#breadcrumb"},"inLanguage":"it","potentialAction":[{"@type":"ReadAction","target":["https:\/\/allin1bitcoins.com\/it\/crypto\/radiocaca\/united-states\/"]}]},{"@type":"BreadcrumbList","@id":"https:\/\/allin1bitcoins.com\/it\/crypto\/radiocaca\/united-states\/#breadcrumb","itemListElement":[{"@type":"ListItem","position":1,"name":"Home","item":"https:\/\/allin1bitcoins.com\/it\/"},{"@type":"ListItem","position":2,"name":"Crypto","item":"https:\/\/allin1bitcoins.com\/it\/crypto\/"},{"@type":"ListItem","position":3,"name":"Come Acquistare Radiocaca (RACA) &#8211; Guida Passo Dopo Passo","item":"https:\/\/allin1bitcoins.com\/it\/crypto\/radiocaca\/"},{"@type":"ListItem","position":4,"name":"Come Acquistare Radiocaca Coin (RACA) Negli Stati Uniti"}]},{"@type":"WebSite","@id":"https:\/\/allin1bitcoins.com\/it\/#website","url":"https:\/\/allin1bitcoins.com\/it\/","name":"Allin1Bitcoins","description":"","publisher":{"@id":"https:\/\/allin1bitcoins.com\/it\/#organization"},"potentialAction":[{"@type":"SearchAction","target":{"@type":"EntryPoint","urlTemplate":"https:\/\/allin1bitcoins.com\/it\/?s={search_term_string}"},"query-input":"required name=search_term_string"}],"inLanguage":"it"},{"@type":"Organization","@id":"https:\/\/allin1bitcoins.com\/it\/#organization","name":"allin1bitcoins","url":"https:\/\/allin1bitcoins.com\/it\/","logo":{"@type":"ImageObject","inLanguage":"it","@id":"https:\/\/allin1bitcoins.com\/it\/#\/schema\/logo\/image\/","url":"https:\/\/allin1bitcoins.com\/wp-content\/uploads\/2019\/01\/logo-new.png","contentUrl":"https:\/\/allin1bitcoins.com\/wp-content\/uploads\/2019\/01\/logo-new.png","width":178,"height":71,"caption":"allin1bitcoins"},"image":{"@id":"https:\/\/allin1bitcoins.com\/it\/#\/schema\/logo\/image\/"}}]}},"_links":{"self":[{"href":"https:\/\/allin1bitcoins.com\/it\/wp-json\/wp\/v2\/pages\/21592"}],"collection":[{"href":"https:\/\/allin1bitcoins.com\/it\/wp-json\/wp\/v2\/pages"}],"about":[{"href":"https:\/\/allin1bitcoins.com\/it\/wp-json\/wp\/v2\/types\/page"}],"author":[{"embeddable":true,"href":"https:\/\/allin1bitcoins.com\/it\/wp-json\/wp\/v2\/users\/3"}],"replies":[{"embeddable":true,"href":"https:\/\/allin1bitcoins.com\/it\/wp-json\/wp\/v2\/comments?post=21592"}],"version-history":[{"count":2,"href":"https:\/\/allin1bitcoins.com\/it\/wp-json\/wp\/v2\/pages\/21592\/revisions"}],"predecessor-version":[{"id":21605,"href":"https:\/\/allin1bitcoins.com\/it\/wp-json\/wp\/v2\/pages\/21592\/revisions\/21605"}],"up":[{"embeddable":true,"href":"https:\/\/allin1bitcoins.com\/it\/wp-json\/wp\/v2\/pages\/21578"}],"wp:featuredmedia":[{"embeddable":true,"href":"https:\/\/allin1bitcoins.com\/it\/wp-json\/wp\/v2\/media\/21598"}],"wp:attachment":[{"href":"https:\/\/allin1bitcoins.com\/it\/wp-json\/wp\/v2\/media?parent=21592"}],"curies":[{"name":"wp","href":"https:\/\/api.w.org\/{rel}","templated":true}]}}