{"id":21705,"date":"2023-02-19T06:51:45","date_gmt":"2023-02-19T06:51:45","guid":{"rendered":"https:\/\/allin1bitcoins.com\/?page_id=21705"},"modified":"2023-02-19T06:52:25","modified_gmt":"2023-02-19T06:52:25","slug":"american-express","status":"publish","type":"page","link":"https:\/\/allin1bitcoins.com\/it\/crypto\/pancake-games\/american-express\/","title":{"rendered":"Come Acquistare Pancake Games Coin (GCAKE) Con American Express"},"content":{"rendered":"\n<h2 class=\"wp-block-heading\">Breve risposta: puoi acquistare Pancake Games Coin utilizzando American Express<\/h2>\n\n\n\n<p>Il processo per acquistare Pancake Games Coin con American Express \u00e8 abbastanza semplice. Il primo passo \u00e8 trovare una piattaforma di scambio di criptovalute che accetti American Express come metodo di pagamento. Il passo successivo consiste nel creare un account presso lo scambio e completare le procedure richieste per la verifica dell&#8217;identit\u00e0. Una volta creato e verificato l&#8217;account, puoi utilizzare la tua carta American Express per depositare denaro e successivamente utilizzarlo per acquistare Pancake Games Coin.<\/p>\n\n\n\n<h2 class=\"wp-block-heading\">Panoramica su Pancake Games Coin<\/h2>\n\n\n\n<p>All&#8217;interno dell&#8217;ecosistema di Pancake Games, Pancake Games Coin \u00e8 una criptovaluta che pu\u00f2 essere utilizzata per pagare beni e servizi all&#8217;interno del gioco. Pu\u00f2 essere salvata e gestita utilizzando qualsiasi portafoglio Ethereum in quanto \u00e8 basata sulla blockchain di Ethereum. I possessori di Pancake Games Coin possono votare sulle decisioni cruciali della piattaforma e suggerire nuove funzionalit\u00e0. Questa criptovaluta \u00e8 anche utilizzata per gestire la piattaforma Pancake Games.<\/p>\n\n\n\n<h2 class=\"wp-block-heading\">Perch\u00e9 utilizzare American Express per acquistare Pancake Games<\/h2>\n\n\n\n<p>Potresti desiderare di acquistare Pancake Games Coin con American Express per diversi motivi. Innanzitutto, American Express \u00e8 una scelta conveniente per molte persone in quanto \u00e8 un mezzo di pagamento frequente e reputato. Inoltre, poich\u00e9 American Express offre protezione contro frodi e pagamenti fraudolenti, l&#8217;utilizzo di questa carta di credito per acquistare Pancake Games Coin pu\u00f2 aggiungere un ulteriore livello di sicurezza.<\/p>\n\n\n\n<figure class=\"wp-block-embed is-type-video is-provider-youtube wp-block-embed-youtube wp-embed-aspect-4-3 wp-has-aspect-ratio\"><div class=\"wp-block-embed__wrapper\">\n<iframe title=\"Pancake Games Token All Details - New NFT Games Platform\" width=\"800\" height=\"600\" src=\"https:\/\/www.youtube.com\/embed\/6HWK9W5ycQI?feature=oembed\" frameborder=\"0\" allow=\"accelerometer; autoplay; clipboard-write; encrypted-media; gyroscope; picture-in-picture; web-share\" allowfullscreen><\/iframe>\n<\/div><\/figure>\n\n\n\n<h2 class=\"wp-block-heading\">Come acquistare Pancake Games con American Express in dettaglio<\/h2>\n\n\n\n<ol><li>Si deve scegliere uno scambio di bitcoin che accetta American Express. Gemini e Binance sono due scelte ben note.<br><br><\/li><li>Creare un profilo sullo scambio. Oltre alle informazioni sulla carta American Express, sar\u00e0 necessario fornire dati personali come il nome, l&#8217;indirizzo e la data di nascita.<br><br><\/li><li>Verificare l&#8217;identit\u00e0 utilizzando lo scambio. Potrebbe essere necessario fornire un documento di identit\u00e0 rilasciato dal governo e una prova di indirizzo.<br><br><\/li><li>Utilizzare la carta American Express per effettuare depositi sul proprio account una volta che \u00e8 stato creato e confermato.<br><br><\/li><li>Utilizzare il denaro depositato per acquistare Pancake Games Coin sul mercato. Di solito, per fare ci\u00f2, si deve navigare verso la coppia di trading per Pancake Games Coin e inserire un ordine al prezzo offerto.<br><br><\/li><li>Dopo il completamento della transazione, Pancake Games Coin verr\u00e0 aggiunto al portafoglio dello scambio.<\/li><\/ol>\n\n\n\n<h2 class=\"wp-block-heading\">Svantaggi dell&#8217;utilizzo di American Express per pagare Pancake Games<\/h2>\n\n\n\n<p>Un inconveniente dell&#8217;utilizzo di American Express per acquistare Pancake Games Coin \u00e8 la possibilit\u00e0 di costi aggiuntivi. I maggiori costi commerciali che American Express \u00e8 noto per addebitare rispetto ad altre reti di carte potrebbero essere passati al cliente durante l&#8217;acquisto di criptovalute. Inoltre, se si effettua un pagamento con American Express, gli scambi di bitcoin potrebbero addebitare ulteriori commissioni.<\/p>\n\n\n\n<p>I chargeback sono un altro svantaggio nell&#8217;usare American Express per acquistare Pancake Games. Poich\u00e9 le transazioni di criptovalute sono irreversibili, l&#8217;uso di American Express per effettuare un acquisto potrebbe fornire meno sicurezza in caso di frodi o truffe.<\/p>\n\n\n\n<h2 class=\"wp-block-heading\">Conclusione<\/h2>\n\n\n\n<p>In sintesi, l&#8217;acquisto di Pancake Games Coin tramite American Express \u00e8 un processo semplice che offre il comfort e la sicurezza di utilizzare un&#8217;opzione di pagamento ben conosciuta. Quando si utilizza American Express, \u00e8 importante essere consapevoli di eventuali costi aggiuntivi e dell&#8217;assenza di transazioni di rimborso. Prima di depositare denaro, \u00e8 anche fondamentale condurre una ricerca approfondita sulla borsa di criptovalute e assicurarsi che sia affidabile e sicura. Il tuo investimento in Pancake Games Coin sar\u00e0 pi\u00f9 sicuro e al riparo da rischi grazie a questo.<\/p>\n\n\n\n\n\n<!-- Page-list plugin v.5.9 wordpress.org\/plugins\/page-list\/ -->\n<ul class=\"page-list siblings-page-list \">\n<li class=\"page_item page-item-21705\"><a href=\"https:\/\/allin1bitcoins.com\/it\/crypto\/pancake-games\/american-express\/\">Come Acquistare Pancake Games Coin (GCAKE) Con American Express<\/a><\/li>\n<li class=\"page_item page-item-21740\"><a href=\"https:\/\/allin1bitcoins.com\/it\/crypto\/pancake-games\/credit-card\/\">Come Acquistare Pancake Games Coin (GCAKE) Con Carta Di Credito<\/a><\/li>\n<li class=\"page_item page-item-21729\"><a href=\"https:\/\/allin1bitcoins.com\/it\/crypto\/pancake-games\/debit-card\/\">Come Acquistare Pancake Games Coin (GCAKE) Con Carta Di Debito<\/a><\/li>\n<li class=\"page_item page-item-21716\"><a href=\"https:\/\/allin1bitcoins.com\/it\/crypto\/pancake-games\/paypal\/\">Come Acquistare Pancake Games Coin (GCAKE) Con Paypal<\/a><\/li>\n\n<\/ul>\n","protected":false},"excerpt":{"rendered":"<p>Breve risposta: puoi acquistare Pancake Games Coin utilizzando American Express Il processo per acquistare Pancake Games Coin con American Express \u00e8 abbastanza semplice. Il primo passo \u00e8 trovare una piattaforma di scambio di criptovalute che accetti American Express come metodo di pagamento. Il passo successivo consiste nel creare un account presso lo scambio e completare&#8230;<\/p>\n","protected":false},"author":3,"featured_media":16952,"parent":21695,"menu_order":0,"comment_status":"closed","ping_status":"closed","template":"","meta":{"cybocfi_hide_featured_image":"","footnotes":""},"acf":[],"yoast_head":"<!-- This site is optimized with the Yoast SEO plugin v21.7 - https:\/\/yoast.com\/wordpress\/plugins\/seo\/ -->\n<title>Come Acquistare Pancake Games Coin (GCAKE) Con American Express<\/title>\n<meta name=\"description\" content=\"La procedura \u00e8 piuttosto facile se desideri acquistare Pancake Games Coin con American Express. Continua a leggere per saperne di pi\u00f9.\" \/>\n<meta name=\"robots\" content=\"index, follow, max-snippet:-1, max-image-preview:large, max-video-preview:-1\" \/>\n<link rel=\"canonical\" href=\"https:\/\/allin1bitcoins.com\/it\/crypto\/pancake-games\/american-express\/\" \/>\n<meta property=\"og:locale\" content=\"it_IT\" \/>\n<meta property=\"og:type\" content=\"article\" \/>\n<meta property=\"og:title\" content=\"Come Acquistare Pancake Games Coin (GCAKE) Con American Express\" \/>\n<meta property=\"og:description\" content=\"La procedura \u00e8 piuttosto facile se desideri acquistare Pancake Games Coin con American Express. Continua a leggere per saperne di pi\u00f9.\" \/>\n<meta property=\"og:url\" content=\"https:\/\/allin1bitcoins.com\/it\/crypto\/pancake-games\/american-express\/\" \/>\n<meta property=\"og:site_name\" content=\"Allin1Bitcoins\" \/>\n<meta property=\"article:modified_time\" content=\"2023-02-19T06:52:25+00:00\" \/>\n<meta property=\"og:image\" content=\"https:\/\/allin1bitcoins.com\/wp-content\/uploads\/2023\/01\/pexels-anna-nekrashevich-68016471.jpg\" \/>\n\t<meta property=\"og:image:width\" content=\"1279\" \/>\n\t<meta property=\"og:image:height\" content=\"918\" \/>\n\t<meta property=\"og:image:type\" content=\"image\/jpeg\" \/>\n<meta name=\"twitter:card\" content=\"summary_large_image\" \/>\n<meta name=\"twitter:label1\" content=\"Est. reading time\" \/>\n\t<meta name=\"twitter:data1\" content=\"3 minutes\" \/>\n<!-- \/ Yoast SEO plugin. -->","yoast_head_json":{"title":"Come Acquistare Pancake Games Coin (GCAKE) Con American Express","description":"La procedura \u00e8 piuttosto facile se desideri acquistare Pancake Games Coin con American Express. Continua a leggere per saperne di pi\u00f9.","robots":{"index":"index","follow":"follow","max-snippet":"max-snippet:-1","max-image-preview":"max-image-preview:large","max-video-preview":"max-video-preview:-1"},"canonical":"https:\/\/allin1bitcoins.com\/it\/crypto\/pancake-games\/american-express\/","og_locale":"it_IT","og_type":"article","og_title":"Come Acquistare Pancake Games Coin (GCAKE) Con American Express","og_description":"La procedura \u00e8 piuttosto facile se desideri acquistare Pancake Games Coin con American Express. Continua a leggere per saperne di pi\u00f9.","og_url":"https:\/\/allin1bitcoins.com\/it\/crypto\/pancake-games\/american-express\/","og_site_name":"Allin1Bitcoins","article_modified_time":"2023-02-19T06:52:25+00:00","og_image":[{"width":1279,"height":918,"url":"https:\/\/allin1bitcoins.com\/wp-content\/uploads\/2023\/01\/pexels-anna-nekrashevich-68016471.jpg","type":"image\/jpeg"}],"twitter_card":"summary_large_image","twitter_misc":{"Est. reading time":"3 minutes"},"schema":{"@context":"https:\/\/schema.org","@graph":[{"@type":"WebPage","@id":"https:\/\/allin1bitcoins.com\/it\/crypto\/pancake-games\/american-express\/","url":"https:\/\/allin1bitcoins.com\/it\/crypto\/pancake-games\/american-express\/","name":"Come Acquistare Pancake Games Coin (GCAKE) Con American Express","isPartOf":{"@id":"https:\/\/allin1bitcoins.com\/it\/#website"},"datePublished":"2023-02-19T06:51:45+00:00","dateModified":"2023-02-19T06:52:25+00:00","description":"La procedura \u00e8 piuttosto facile se desideri acquistare Pancake Games Coin con American Express. Continua a leggere per saperne di pi\u00f9.","breadcrumb":{"@id":"https:\/\/allin1bitcoins.com\/it\/crypto\/pancake-games\/american-express\/#breadcrumb"},"inLanguage":"it","potentialAction":[{"@type":"ReadAction","target":["https:\/\/allin1bitcoins.com\/it\/crypto\/pancake-games\/american-express\/"]}]},{"@type":"BreadcrumbList","@id":"https:\/\/allin1bitcoins.com\/it\/crypto\/pancake-games\/american-express\/#breadcrumb","itemListElement":[{"@type":"ListItem","position":1,"name":"Home","item":"https:\/\/allin1bitcoins.com\/it\/"},{"@type":"ListItem","position":2,"name":"Crypto","item":"https:\/\/allin1bitcoins.com\/it\/crypto\/"},{"@type":"ListItem","position":3,"name":"Come Acquistare Pancake Games Coin (GCAKE) &#8211; Guida Passo Per Passo","item":"https:\/\/allin1bitcoins.com\/it\/crypto\/pancake-games\/"},{"@type":"ListItem","position":4,"name":"Come Acquistare Pancake Games Coin (GCAKE) Con American Express"}]},{"@type":"WebSite","@id":"https:\/\/allin1bitcoins.com\/it\/#website","url":"https:\/\/allin1bitcoins.com\/it\/","name":"Allin1Bitcoins","description":"","publisher":{"@id":"https:\/\/allin1bitcoins.com\/it\/#organization"},"potentialAction":[{"@type":"SearchAction","target":{"@type":"EntryPoint","urlTemplate":"https:\/\/allin1bitcoins.com\/it\/?s={search_term_string}"},"query-input":"required name=search_term_string"}],"inLanguage":"it"},{"@type":"Organization","@id":"https:\/\/allin1bitcoins.com\/it\/#organization","name":"allin1bitcoins","url":"https:\/\/allin1bitcoins.com\/it\/","logo":{"@type":"ImageObject","inLanguage":"it","@id":"https:\/\/allin1bitcoins.com\/it\/#\/schema\/logo\/image\/","url":"https:\/\/allin1bitcoins.com\/wp-content\/uploads\/2019\/01\/logo-new.png","contentUrl":"https:\/\/allin1bitcoins.com\/wp-content\/uploads\/2019\/01\/logo-new.png","width":178,"height":71,"caption":"allin1bitcoins"},"image":{"@id":"https:\/\/allin1bitcoins.com\/it\/#\/schema\/logo\/image\/"}}]}},"_links":{"self":[{"href":"https:\/\/allin1bitcoins.com\/it\/wp-json\/wp\/v2\/pages\/21705"}],"collection":[{"href":"https:\/\/allin1bitcoins.com\/it\/wp-json\/wp\/v2\/pages"}],"about":[{"href":"https:\/\/allin1bitcoins.com\/it\/wp-json\/wp\/v2\/types\/page"}],"author":[{"embeddable":true,"href":"https:\/\/allin1bitcoins.com\/it\/wp-json\/wp\/v2\/users\/3"}],"replies":[{"embeddable":true,"href":"https:\/\/allin1bitcoins.com\/it\/wp-json\/wp\/v2\/comments?post=21705"}],"version-history":[{"count":2,"href":"https:\/\/allin1bitcoins.com\/it\/wp-json\/wp\/v2\/pages\/21705\/revisions"}],"predecessor-version":[{"id":21708,"href":"https:\/\/allin1bitcoins.com\/it\/wp-json\/wp\/v2\/pages\/21705\/revisions\/21708"}],"up":[{"embeddable":true,"href":"https:\/\/allin1bitcoins.com\/it\/wp-json\/wp\/v2\/pages\/21695"}],"wp:featuredmedia":[{"embeddable":true,"href":"https:\/\/allin1bitcoins.com\/it\/wp-json\/wp\/v2\/media\/16952"}],"wp:attachment":[{"href":"https:\/\/allin1bitcoins.com\/it\/wp-json\/wp\/v2\/media?parent=21705"}],"curies":[{"name":"wp","href":"https:\/\/api.w.org\/{rel}","templated":true}]}}