{"id":21716,"date":"2023-02-19T07:19:13","date_gmt":"2023-02-19T07:19:13","guid":{"rendered":"https:\/\/allin1bitcoins.com\/?page_id=21716"},"modified":"2023-02-19T07:19:15","modified_gmt":"2023-02-19T07:19:15","slug":"paypal","status":"publish","type":"page","link":"https:\/\/allin1bitcoins.com\/it\/crypto\/pancake-games\/paypal\/","title":{"rendered":"Come Acquistare Pancake Games Coin (GCAKE) Con Paypal"},"content":{"rendered":"\n<h2 class=\"wp-block-heading\">Breve risposta: puoi acquistare Pancake Games Coin con Paypal<\/h2>\n\n\n\n<p>La procedura per acquistare Pancake Games Coin con Paypal \u00e8 piuttosto semplice. Il primo passo \u00e8 trovare un exchange di criptovalute che accetti Paypal come metodo di pagamento. Il passo successivo consiste nel creare un account con l&#8217;exchange e completare le necessarie procedure di verifica dell&#8217;identit\u00e0. Una volta creato e convalidato il tuo account, puoi depositare denaro utilizzando il tuo account Paypal e utilizzarlo per acquistare Pancake Games Coin.<\/p>\n\n\n\n<h2 class=\"wp-block-heading\">Panoramica su Pancake Games Coin<\/h2>\n\n\n\n<p>All&#8217;interno dell&#8217;ecosistema di Pancake Games, Pancake Games Coin \u00e8 una criptovaluta che pu\u00f2 essere utilizzata per pagare beni e servizi all&#8217;interno del gioco. Pu\u00f2 essere salvato e gestito utilizzando qualsiasi portafoglio Ethereum in quanto \u00e8 costruito sulla blockchain di Ethereum. I detentori di Pancake Games Coin possono votare su decisioni cruciali della piattaforma e suggerire nuove funzionalit\u00e0. Questa criptovaluta \u00e8 anche utilizzata per gestire la piattaforma di Pancake Games.<\/p>\n\n\n\n<h2 class=\"wp-block-heading\">Perch\u00e9 desideri acquistare Pancake Games utilizzando Paypal<\/h2>\n\n\n\n<p>Potresti desiderare di acquistare Pancake Games Coin utilizzando Paypal per diverse ragioni. Uno dei motivi \u00e8 che Paypal \u00e8 uno dei sistemi di pagamento digitali pi\u00f9 popolari al mondo, rendendolo una scelta pratica per molte persone. Inoltre, poich\u00e9 Paypal offre servizi di protezione dell&#8217;acquirente e di risoluzione delle controversie, utilizzare Paypal per acquistare Pancake Games Coin potrebbe aggiungere un ulteriore livello di sicurezza.<\/p>\n\n\n\n<figure class=\"wp-block-embed is-type-video is-provider-youtube wp-block-embed-youtube wp-embed-aspect-16-9 wp-has-aspect-ratio\"><div class=\"wp-block-embed__wrapper\">\n<iframe title=\"PANCAKE GAMES TOKEN FOR BEGINNERS (THINGS MUST KNOW BEFORE YOU... GCAKE TOKEN REVIEW\" width=\"800\" height=\"450\" src=\"https:\/\/www.youtube.com\/embed\/6WirtKvFZ5o?feature=oembed\" frameborder=\"0\" allow=\"accelerometer; autoplay; clipboard-write; encrypted-media; gyroscope; picture-in-picture; web-share\" allowfullscreen><\/iframe>\n<\/div><\/figure>\n\n\n\n<h2 class=\"wp-block-heading\">Come acquistare Pancake Games con Paypal in dettaglio<\/h2>\n\n\n\n<ol><li>Scegli un exchange di criptovalute che accetti Paypal. Le scelte pi\u00f9 popolari sono Paxful ed eToro.<br><br><\/li><li>Crea un profilo sull&#8217;exchange. Dovrai fornire i dettagli del tuo account Paypal, oltre a dati personali come il tuo nome, indirizzo e data di nascita.<br><br><\/li><li>Identificati utilizzando l&#8217;exchange. Potrebbe essere necessario un documento d&#8217;identit\u00e0 emesso dal governo e una prova di indirizzo per questo.<br><br><\/li><li>Utilizza il tuo account Paypal per effettuare depositi una volta creato e convalidato il tuo account.<br><br><\/li><li>Utilizza i soldi che sono stati depositati per acquistare Pancake Games Coin sul mercato. Di solito, per fare questo, si naviga alla coppia di trading per Pancake Games Coin e si pone un ordine al prezzo offerto.<br><br><\/li><li>La Pancake Games Coin verr\u00e0 aggiunta al tuo portafoglio sull&#8217;exchange una volta completata la transazione.<\/li><\/ol>\n\n\n\n<h2 class=\"wp-block-heading\">Svantaggi nell&#8217;utilizzare Paypal per l&#8217;acquisto di Pancake Games<\/h2>\n\n\n\n<p>Uno svantaggio dell&#8217;acquisto di Pancake Games Coin con Paypal \u00e8 che non tutte le borse valori lo accettano come metodo di pagamento; di conseguenza, bisogna trovare una piattaforma che lo faccia. Un altro svantaggio \u00e8 che Paypal potrebbe addebitare commissioni di transazione relativamente elevate per l&#8217;acquisto e la vendita di criptovalute, che nel tempo possono accumularsi. Inoltre, l&#8217;utilizzo di Paypal come metodo di pagamento potrebbe comportare ulteriori spese da alcune borse valori di bitcoin.<\/p>\n\n\n\n<p>Un altro svantaggio \u00e8 l&#8217;imprevedibilit\u00e0 della politica di Paypal sulle criptovalute, che \u00e8 soggetta a cambiamenti in qualsiasi momento. Ci\u00f2 potrebbe causare inconvenienti e persino perdite finanziarie.<\/p>\n\n\n\n<h2 class=\"wp-block-heading\">Conclusione<\/h2>\n\n\n\n<p>In conclusione, molte persone potrebbero trovare semplice e pratico acquistare Pancake Games Coin con Paypal. Tuttavia, \u00e8 importante capire le possibili commissioni e la posizione di Paypal sulle criptovalute. Prima di depositare denaro, \u00e8 anche fondamentale condurre una ricerca approfondita sulla borsa valori di criptovalute e assicurarsi che sia affidabile e di fiducia. Il tuo investimento in Pancake Games Coin sar\u00e0 pi\u00f9 sicuro e protetto grazie a questo. Inoltre, assicurati di monitorare le politiche di Paypal sulle criptovalute in modo da poter prendere decisioni sagge.<\/p>\n\n\n\n<!-- Page-list plugin v.5.9 wordpress.org\/plugins\/page-list\/ -->\n<ul class=\"page-list siblings-page-list \">\n<li class=\"page_item page-item-21705\"><a href=\"https:\/\/allin1bitcoins.com\/it\/crypto\/pancake-games\/american-express\/\">Come Acquistare Pancake Games Coin (GCAKE) Con American Express<\/a><\/li>\n<li class=\"page_item page-item-21740\"><a href=\"https:\/\/allin1bitcoins.com\/it\/crypto\/pancake-games\/credit-card\/\">Come Acquistare Pancake Games Coin (GCAKE) Con Carta Di Credito<\/a><\/li>\n<li class=\"page_item page-item-21729\"><a href=\"https:\/\/allin1bitcoins.com\/it\/crypto\/pancake-games\/debit-card\/\">Come Acquistare Pancake Games Coin (GCAKE) Con Carta Di Debito<\/a><\/li>\n<li class=\"page_item page-item-21716\"><a href=\"https:\/\/allin1bitcoins.com\/it\/crypto\/pancake-games\/paypal\/\">Come Acquistare Pancake Games Coin (GCAKE) Con Paypal<\/a><\/li>\n\n<\/ul>\n","protected":false},"excerpt":{"rendered":"<p>Breve risposta: puoi acquistare Pancake Games Coin con Paypal La procedura per acquistare Pancake Games Coin con Paypal \u00e8 piuttosto semplice. Il primo passo \u00e8 trovare un exchange di criptovalute che accetti Paypal come metodo di pagamento. Il passo successivo consiste nel creare un account con l&#8217;exchange e completare le necessarie procedure di verifica dell&#8217;identit\u00e0&#8230;.<\/p>\n","protected":false},"author":3,"featured_media":16964,"parent":21695,"menu_order":0,"comment_status":"closed","ping_status":"closed","template":"","meta":{"cybocfi_hide_featured_image":"","footnotes":""},"acf":[],"yoast_head":"<!-- This site is optimized with the Yoast SEO plugin v21.7 - https:\/\/yoast.com\/wordpress\/plugins\/seo\/ -->\n<title>Come Acquistare Pancake Games Coin (GCAKE) Con Paypal<\/title>\n<meta name=\"description\" content=\"Il primo passo \u00e8 trovare un exchange di criptovalute che accetti Paypal come modalit\u00e0 di pagamento. Continua a leggere per saperne di pi\u00f9.\" \/>\n<meta name=\"robots\" content=\"index, follow, max-snippet:-1, max-image-preview:large, max-video-preview:-1\" \/>\n<link rel=\"canonical\" href=\"https:\/\/allin1bitcoins.com\/it\/crypto\/pancake-games\/paypal\/\" \/>\n<meta property=\"og:locale\" content=\"it_IT\" \/>\n<meta property=\"og:type\" content=\"article\" \/>\n<meta property=\"og:title\" content=\"Come Acquistare Pancake Games Coin (GCAKE) Con Paypal\" \/>\n<meta property=\"og:description\" content=\"Il primo passo \u00e8 trovare un exchange di criptovalute che accetti Paypal come modalit\u00e0 di pagamento. Continua a leggere per saperne di pi\u00f9.\" \/>\n<meta property=\"og:url\" content=\"https:\/\/allin1bitcoins.com\/it\/crypto\/pancake-games\/paypal\/\" \/>\n<meta property=\"og:site_name\" content=\"Allin1Bitcoins\" \/>\n<meta property=\"article:modified_time\" content=\"2023-02-19T07:19:15+00:00\" \/>\n<meta property=\"og:image\" content=\"https:\/\/allin1bitcoins.com\/wp-content\/uploads\/2023\/01\/pexels-alphatradezone-5834234.jpg\" \/>\n\t<meta property=\"og:image:width\" content=\"1279\" \/>\n\t<meta property=\"og:image:height\" content=\"854\" \/>\n\t<meta property=\"og:image:type\" content=\"image\/jpeg\" \/>\n<meta name=\"twitter:card\" content=\"summary_large_image\" \/>\n<meta name=\"twitter:label1\" content=\"Est. reading time\" \/>\n\t<meta name=\"twitter:data1\" content=\"3 minutes\" \/>\n<!-- \/ Yoast SEO plugin. -->","yoast_head_json":{"title":"Come Acquistare Pancake Games Coin (GCAKE) Con Paypal","description":"Il primo passo \u00e8 trovare un exchange di criptovalute che accetti Paypal come modalit\u00e0 di pagamento. Continua a leggere per saperne di pi\u00f9.","robots":{"index":"index","follow":"follow","max-snippet":"max-snippet:-1","max-image-preview":"max-image-preview:large","max-video-preview":"max-video-preview:-1"},"canonical":"https:\/\/allin1bitcoins.com\/it\/crypto\/pancake-games\/paypal\/","og_locale":"it_IT","og_type":"article","og_title":"Come Acquistare Pancake Games Coin (GCAKE) Con Paypal","og_description":"Il primo passo \u00e8 trovare un exchange di criptovalute che accetti Paypal come modalit\u00e0 di pagamento. Continua a leggere per saperne di pi\u00f9.","og_url":"https:\/\/allin1bitcoins.com\/it\/crypto\/pancake-games\/paypal\/","og_site_name":"Allin1Bitcoins","article_modified_time":"2023-02-19T07:19:15+00:00","og_image":[{"width":1279,"height":854,"url":"https:\/\/allin1bitcoins.com\/wp-content\/uploads\/2023\/01\/pexels-alphatradezone-5834234.jpg","type":"image\/jpeg"}],"twitter_card":"summary_large_image","twitter_misc":{"Est. reading time":"3 minutes"},"schema":{"@context":"https:\/\/schema.org","@graph":[{"@type":"WebPage","@id":"https:\/\/allin1bitcoins.com\/it\/crypto\/pancake-games\/paypal\/","url":"https:\/\/allin1bitcoins.com\/it\/crypto\/pancake-games\/paypal\/","name":"Come Acquistare Pancake Games Coin (GCAKE) Con Paypal","isPartOf":{"@id":"https:\/\/allin1bitcoins.com\/it\/#website"},"datePublished":"2023-02-19T07:19:13+00:00","dateModified":"2023-02-19T07:19:15+00:00","description":"Il primo passo \u00e8 trovare un exchange di criptovalute che accetti Paypal come modalit\u00e0 di pagamento. Continua a leggere per saperne di pi\u00f9.","breadcrumb":{"@id":"https:\/\/allin1bitcoins.com\/it\/crypto\/pancake-games\/paypal\/#breadcrumb"},"inLanguage":"it","potentialAction":[{"@type":"ReadAction","target":["https:\/\/allin1bitcoins.com\/it\/crypto\/pancake-games\/paypal\/"]}]},{"@type":"BreadcrumbList","@id":"https:\/\/allin1bitcoins.com\/it\/crypto\/pancake-games\/paypal\/#breadcrumb","itemListElement":[{"@type":"ListItem","position":1,"name":"Home","item":"https:\/\/allin1bitcoins.com\/it\/"},{"@type":"ListItem","position":2,"name":"Crypto","item":"https:\/\/allin1bitcoins.com\/it\/crypto\/"},{"@type":"ListItem","position":3,"name":"Come Acquistare Pancake Games Coin (GCAKE) &#8211; Guida Passo Per Passo","item":"https:\/\/allin1bitcoins.com\/it\/crypto\/pancake-games\/"},{"@type":"ListItem","position":4,"name":"Come Acquistare Pancake Games Coin (GCAKE) Con Paypal"}]},{"@type":"WebSite","@id":"https:\/\/allin1bitcoins.com\/it\/#website","url":"https:\/\/allin1bitcoins.com\/it\/","name":"Allin1Bitcoins","description":"","publisher":{"@id":"https:\/\/allin1bitcoins.com\/it\/#organization"},"potentialAction":[{"@type":"SearchAction","target":{"@type":"EntryPoint","urlTemplate":"https:\/\/allin1bitcoins.com\/it\/?s={search_term_string}"},"query-input":"required name=search_term_string"}],"inLanguage":"it"},{"@type":"Organization","@id":"https:\/\/allin1bitcoins.com\/it\/#organization","name":"allin1bitcoins","url":"https:\/\/allin1bitcoins.com\/it\/","logo":{"@type":"ImageObject","inLanguage":"it","@id":"https:\/\/allin1bitcoins.com\/it\/#\/schema\/logo\/image\/","url":"https:\/\/allin1bitcoins.com\/wp-content\/uploads\/2019\/01\/logo-new.png","contentUrl":"https:\/\/allin1bitcoins.com\/wp-content\/uploads\/2019\/01\/logo-new.png","width":178,"height":71,"caption":"allin1bitcoins"},"image":{"@id":"https:\/\/allin1bitcoins.com\/it\/#\/schema\/logo\/image\/"}}]}},"_links":{"self":[{"href":"https:\/\/allin1bitcoins.com\/it\/wp-json\/wp\/v2\/pages\/21716"}],"collection":[{"href":"https:\/\/allin1bitcoins.com\/it\/wp-json\/wp\/v2\/pages"}],"about":[{"href":"https:\/\/allin1bitcoins.com\/it\/wp-json\/wp\/v2\/types\/page"}],"author":[{"embeddable":true,"href":"https:\/\/allin1bitcoins.com\/it\/wp-json\/wp\/v2\/users\/3"}],"replies":[{"embeddable":true,"href":"https:\/\/allin1bitcoins.com\/it\/wp-json\/wp\/v2\/comments?post=21716"}],"version-history":[{"count":1,"href":"https:\/\/allin1bitcoins.com\/it\/wp-json\/wp\/v2\/pages\/21716\/revisions"}],"predecessor-version":[{"id":21717,"href":"https:\/\/allin1bitcoins.com\/it\/wp-json\/wp\/v2\/pages\/21716\/revisions\/21717"}],"up":[{"embeddable":true,"href":"https:\/\/allin1bitcoins.com\/it\/wp-json\/wp\/v2\/pages\/21695"}],"wp:featuredmedia":[{"embeddable":true,"href":"https:\/\/allin1bitcoins.com\/it\/wp-json\/wp\/v2\/media\/16964"}],"wp:attachment":[{"href":"https:\/\/allin1bitcoins.com\/it\/wp-json\/wp\/v2\/media?parent=21716"}],"curies":[{"name":"wp","href":"https:\/\/api.w.org\/{rel}","templated":true}]}}