{"id":21740,"date":"2023-02-19T09:02:32","date_gmt":"2023-02-19T09:02:32","guid":{"rendered":"https:\/\/allin1bitcoins.com\/?page_id=21740"},"modified":"2023-02-19T09:02:34","modified_gmt":"2023-02-19T09:02:34","slug":"credit-card","status":"publish","type":"page","link":"https:\/\/allin1bitcoins.com\/it\/crypto\/pancake-games\/credit-card\/","title":{"rendered":"Come Acquistare Pancake Games Coin (GCAKE) Con Carta Di Credito"},"content":{"rendered":"\n<p>Il popolare gioco PancakeSwap consente ai giocatori di acquistare oggetti in-game, skin e altri asset digitali con Pancake Games Coin, meglio noto come CAKE. Pu\u00f2 essere acquisito e scambiato come altre criptovalute, compreso con una carta di credito, poich\u00e9 \u00e8 un token ERC-20 sulla rete Ethereum.<\/p>\n\n\n\n<h2 class=\"wp-block-heading\">Riassunto breve: puoi acquistare Pancake Games Coin utilizzando una carta di credito<\/h2>\n\n\n\n<p>L&#8217;utilizzo di una carta di credito per l&#8217;acquisto di Pancake Games Coin \u00e8 un processo semplice che richiede solo pochi passaggi. Innanzitutto, \u00e8 necessario registrarsi su uno scambio di criptovalute che consenta i pagamenti con carta di credito per Pancake Games Coin. Il passo successivo \u00e8 quello di collegare la carta di credito al proprio account e confermarne la validit\u00e0. Una volta che la carta di credito \u00e8 stata approvata, \u00e8 possibile utilizzarla per effettuare un acquisto di Pancake Games Coin.<\/p>\n\n\n\n<h2 class=\"wp-block-heading\">Panoramica di Pancake Games Coin<\/h2>\n\n\n\n<p>Il token Pancake viene utilizzato per la governance e la fornitura di liquidit\u00e0, e i fornitori di liquidit\u00e0 possono guadagnare commissioni di negoziazione e token CAKE per la fornitura di liquidit\u00e0. \u00c8 anche possibile utilizzare CAKE per votare per lo sviluppo futuro e le caratteristiche della piattaforma e partecipare al mining di liquidit\u00e0. PancakeSwap \u00e8 uno scambio decentralizzato (DEX) costruito sul protocollo Binance Smart Chain (BSC). \u00c8 una fork di Uniswap.<\/p>\n\n\n\n<h2 class=\"wp-block-heading\">Perch\u00e9 si vuole utilizzare una carta di credito per ottenere Pancake Games Coin<\/h2>\n\n\n\n<p>Ci sono numerose giustificazioni per l&#8217;utilizzo di una carta di credito per l&#8217;acquisto di Pancake Games Coin. Una delle principali vantaggi \u00e8 la possibilit\u00e0 di acquistarlo istantaneamente, il che elimina la necessit\u00e0 di attendere che le trasferenze bancarie o altri metodi di finanziamento si concretizzino. Inoltre, l&#8217;utilizzo di una carta di credito per effettuare un acquisto pu\u00f2 concedere al compratore maggiore libert\u00e0 finanziaria, poich\u00e9 potrebbe essere in grado di effettuare acquisti di maggiori dimensioni o utilizzare il finanziamento della carta di credito per distribuire il costo di un acquisto nel tempo.<\/p>\n\n\n\n<figure class=\"wp-block-embed is-type-video is-provider-youtube wp-block-embed-youtube wp-embed-aspect-16-9 wp-has-aspect-ratio\"><div class=\"wp-block-embed__wrapper\">\n<iframe title=\"Pancake Games Review - Leading you to the world of Blockchain Game\" width=\"800\" height=\"450\" src=\"https:\/\/www.youtube.com\/embed\/A_LIZqgS8Bg?feature=oembed\" frameborder=\"0\" allow=\"accelerometer; autoplay; clipboard-write; encrypted-media; gyroscope; picture-in-picture; web-share\" allowfullscreen><\/iframe>\n<\/div><\/figure>\n\n\n\n<h2 class=\"wp-block-heading\">Come acquistare Pancake Games Coin con una carta di credito: guida passo passo<\/h2>\n\n\n\n<ol><li>Crea un account su uno scambio di criptovalute, come PancakeSwap, che consente l&#8217;acquisto con carta di credito di Pancake Games Coin.<br><br><\/li><li>Fornendo le informazioni necessarie e collegando la carta di credito al proprio account, \u00e8 possibile dimostrare la propria identit\u00e0.<br><br><\/li><li>Utilizza la carta di credito per effettuare un ordine per acquistare Pancake Games Coin.<br><br><\/li><li>Attendi che Pancake Games Coin venga inserito nel proprio account dopo che la transazione \u00e8 stata elaborata.<\/li><\/ol>\n\n\n\n<h2 class=\"wp-block-heading\">Svantaggi nell&#8217;utilizzare una carta di credito per l&#8217;acquisto di Coin per Pancake Games. <\/h2>\n\n\n\n<p>Ci sono diversi svantaggi nell&#8217;acquisto di Pancake Games Coin con una carta di credito, nonostante i vantaggi. A causa dei costi aggiuntivi applicati da alcune borse di criptovaluta per gli acquisti con carta di credito, questa modalit\u00e0 di pagamento potrebbe essere pi\u00f9 costosa rispetto ad altre opzioni. Inoltre, utilizzare una carta di credito per acquistare Pancake Games Coin comporta il rischio di frodi o transazioni illegali, nonch\u00e9 la possibilit\u00e0 di accumulare ulteriori debiti se non gestita correttamente. Inoltre, l&#8217;utilizzo di una carta di credito potrebbe rendere pi\u00f9 difficile l&#8217;acquisto di grandi quantit\u00e0 di cake in quanto gli emittenti di carte possono imporre limiti giornalieri su quanto \u00e8 possibile spendere o addebitare un tasso di interesse pi\u00f9 elevato rispetto ad altre opzioni di pagamento.<\/p>\n\n\n\n<h2 class=\"wp-block-heading\">Conclusione <\/h2>\n\n\n\n<p>In conclusione, l&#8217;acquisto di Pancake Games Coin utilizzando una carta di credito \u00e8 un metodo rapido e semplice per iniziare a utilizzare la criptovaluta per pagare altri beni digitali su PancakeSwap e oggetti in-game. Tuttavia, \u00e8 importante essere consapevoli degli svantaggi, tra cui costi pi\u00f9 elevati e la possibilit\u00e0 di accumulare debiti se non gestita correttamente. Prima di acquistare Pancake Games Coin con una carta di credito, \u00e8 importante valutare attentamente i vantaggi e gli svantaggi. \u00c8 inoltre necessario scegliere una borsa di criptovaluta affidabile, sicura e affidabile. Inoltre, \u00e8 importante ricordare che l&#8217;utilizzo di una carta di credito per l&#8217;acquisto di bitcoin \u00e8 una forma di prestito, quindi dovresti farlo solo se puoi permettertelo pagando il saldo della carta di credito in pieno e in tempo. \u00c8 anche importante essere consapevoli del limite di credito della tua carta di credito e assicurarsi che l&#8217;acquisto di Pancake Games Coin non ti porti al di sopra di esso. \u00c8 sempre una buona idea verificare con il tuo fornitore di carte di credito che la tua carta possa essere utilizzata per acquistare bitcoin e chiedere informazioni su eventuali commissioni o limiti che potrebbero essere applicati per evitare eventuali problemi.<\/p>\n\n\n\n<!-- Page-list plugin v.5.9 wordpress.org\/plugins\/page-list\/ -->\n<ul class=\"page-list siblings-page-list \">\n<li class=\"page_item page-item-21705\"><a href=\"https:\/\/allin1bitcoins.com\/it\/crypto\/pancake-games\/american-express\/\">Come Acquistare Pancake Games Coin (GCAKE) Con American Express<\/a><\/li>\n<li class=\"page_item page-item-21740\"><a href=\"https:\/\/allin1bitcoins.com\/it\/crypto\/pancake-games\/credit-card\/\">Come Acquistare Pancake Games Coin (GCAKE) Con Carta Di Credito<\/a><\/li>\n<li class=\"page_item page-item-21729\"><a href=\"https:\/\/allin1bitcoins.com\/it\/crypto\/pancake-games\/debit-card\/\">Come Acquistare Pancake Games Coin (GCAKE) Con Carta Di Debito<\/a><\/li>\n<li class=\"page_item page-item-21716\"><a href=\"https:\/\/allin1bitcoins.com\/it\/crypto\/pancake-games\/paypal\/\">Come Acquistare Pancake Games Coin (GCAKE) Con Paypal<\/a><\/li>\n\n<\/ul>\n","protected":false},"excerpt":{"rendered":"<p>Il popolare gioco PancakeSwap consente ai giocatori di acquistare oggetti in-game, skin e altri asset digitali con Pancake Games Coin, meglio noto come CAKE. Pu\u00f2 essere acquisito e scambiato come altre criptovalute, compreso con una carta di credito, poich\u00e9 \u00e8 un token ERC-20 sulla rete Ethereum. Riassunto breve: puoi acquistare Pancake Games Coin utilizzando una&#8230;<\/p>\n","protected":false},"author":3,"featured_media":16985,"parent":21695,"menu_order":0,"comment_status":"closed","ping_status":"closed","template":"","meta":{"cybocfi_hide_featured_image":"","footnotes":""},"acf":[],"yoast_head":"<!-- This site is optimized with the Yoast SEO plugin v21.7 - https:\/\/yoast.com\/wordpress\/plugins\/seo\/ -->\n<title>Come Acquistare Pancake Games Coin (GCAKE) Con Carta Di Credito<\/title>\n<meta name=\"description\" content=\"L&#039;utilizzo di una carta di credito per acquistare Pancake Games Coin \u00e8 un processo semplice che richiede solo pochi passaggi rapidi.\" \/>\n<meta name=\"robots\" content=\"index, follow, max-snippet:-1, max-image-preview:large, max-video-preview:-1\" \/>\n<link rel=\"canonical\" href=\"https:\/\/allin1bitcoins.com\/it\/crypto\/pancake-games\/credit-card\/\" \/>\n<meta property=\"og:locale\" content=\"it_IT\" \/>\n<meta property=\"og:type\" content=\"article\" \/>\n<meta property=\"og:title\" content=\"Come Acquistare Pancake Games Coin (GCAKE) Con Carta Di Credito\" \/>\n<meta property=\"og:description\" content=\"L&#039;utilizzo di una carta di credito per acquistare Pancake Games Coin \u00e8 un processo semplice che richiede solo pochi passaggi rapidi.\" \/>\n<meta property=\"og:url\" content=\"https:\/\/allin1bitcoins.com\/it\/crypto\/pancake-games\/credit-card\/\" \/>\n<meta property=\"og:site_name\" content=\"Allin1Bitcoins\" \/>\n<meta property=\"article:modified_time\" content=\"2023-02-19T09:02:34+00:00\" \/>\n<meta property=\"og:image\" content=\"https:\/\/allin1bitcoins.com\/wp-content\/uploads\/2023\/01\/pexels-aukid-phumsirichat-4691471.jpg\" \/>\n\t<meta property=\"og:image:width\" content=\"1280\" \/>\n\t<meta property=\"og:image:height\" content=\"852\" \/>\n\t<meta property=\"og:image:type\" content=\"image\/jpeg\" \/>\n<meta name=\"twitter:card\" content=\"summary_large_image\" \/>\n<meta name=\"twitter:label1\" content=\"Est. reading time\" \/>\n\t<meta name=\"twitter:data1\" content=\"4 minutes\" \/>\n<!-- \/ Yoast SEO plugin. -->","yoast_head_json":{"title":"Come Acquistare Pancake Games Coin (GCAKE) Con Carta Di Credito","description":"L'utilizzo di una carta di credito per acquistare Pancake Games Coin \u00e8 un processo semplice che richiede solo pochi passaggi rapidi.","robots":{"index":"index","follow":"follow","max-snippet":"max-snippet:-1","max-image-preview":"max-image-preview:large","max-video-preview":"max-video-preview:-1"},"canonical":"https:\/\/allin1bitcoins.com\/it\/crypto\/pancake-games\/credit-card\/","og_locale":"it_IT","og_type":"article","og_title":"Come Acquistare Pancake Games Coin (GCAKE) Con Carta Di Credito","og_description":"L'utilizzo di una carta di credito per acquistare Pancake Games Coin \u00e8 un processo semplice che richiede solo pochi passaggi rapidi.","og_url":"https:\/\/allin1bitcoins.com\/it\/crypto\/pancake-games\/credit-card\/","og_site_name":"Allin1Bitcoins","article_modified_time":"2023-02-19T09:02:34+00:00","og_image":[{"width":1280,"height":852,"url":"https:\/\/allin1bitcoins.com\/wp-content\/uploads\/2023\/01\/pexels-aukid-phumsirichat-4691471.jpg","type":"image\/jpeg"}],"twitter_card":"summary_large_image","twitter_misc":{"Est. reading time":"4 minutes"},"schema":{"@context":"https:\/\/schema.org","@graph":[{"@type":"WebPage","@id":"https:\/\/allin1bitcoins.com\/it\/crypto\/pancake-games\/credit-card\/","url":"https:\/\/allin1bitcoins.com\/it\/crypto\/pancake-games\/credit-card\/","name":"Come Acquistare Pancake Games Coin (GCAKE) Con Carta Di Credito","isPartOf":{"@id":"https:\/\/allin1bitcoins.com\/it\/#website"},"datePublished":"2023-02-19T09:02:32+00:00","dateModified":"2023-02-19T09:02:34+00:00","description":"L'utilizzo di una carta di credito per acquistare Pancake Games Coin \u00e8 un processo semplice che richiede solo pochi passaggi rapidi.","breadcrumb":{"@id":"https:\/\/allin1bitcoins.com\/it\/crypto\/pancake-games\/credit-card\/#breadcrumb"},"inLanguage":"it","potentialAction":[{"@type":"ReadAction","target":["https:\/\/allin1bitcoins.com\/it\/crypto\/pancake-games\/credit-card\/"]}]},{"@type":"BreadcrumbList","@id":"https:\/\/allin1bitcoins.com\/it\/crypto\/pancake-games\/credit-card\/#breadcrumb","itemListElement":[{"@type":"ListItem","position":1,"name":"Home","item":"https:\/\/allin1bitcoins.com\/it\/"},{"@type":"ListItem","position":2,"name":"Crypto","item":"https:\/\/allin1bitcoins.com\/it\/crypto\/"},{"@type":"ListItem","position":3,"name":"Come Acquistare Pancake Games Coin (GCAKE) &#8211; Guida Passo Per Passo","item":"https:\/\/allin1bitcoins.com\/it\/crypto\/pancake-games\/"},{"@type":"ListItem","position":4,"name":"Come Acquistare Pancake Games Coin (GCAKE) Con Carta Di Credito"}]},{"@type":"WebSite","@id":"https:\/\/allin1bitcoins.com\/it\/#website","url":"https:\/\/allin1bitcoins.com\/it\/","name":"Allin1Bitcoins","description":"","publisher":{"@id":"https:\/\/allin1bitcoins.com\/it\/#organization"},"potentialAction":[{"@type":"SearchAction","target":{"@type":"EntryPoint","urlTemplate":"https:\/\/allin1bitcoins.com\/it\/?s={search_term_string}"},"query-input":"required name=search_term_string"}],"inLanguage":"it"},{"@type":"Organization","@id":"https:\/\/allin1bitcoins.com\/it\/#organization","name":"allin1bitcoins","url":"https:\/\/allin1bitcoins.com\/it\/","logo":{"@type":"ImageObject","inLanguage":"it","@id":"https:\/\/allin1bitcoins.com\/it\/#\/schema\/logo\/image\/","url":"https:\/\/allin1bitcoins.com\/wp-content\/uploads\/2019\/01\/logo-new.png","contentUrl":"https:\/\/allin1bitcoins.com\/wp-content\/uploads\/2019\/01\/logo-new.png","width":178,"height":71,"caption":"allin1bitcoins"},"image":{"@id":"https:\/\/allin1bitcoins.com\/it\/#\/schema\/logo\/image\/"}}]}},"_links":{"self":[{"href":"https:\/\/allin1bitcoins.com\/it\/wp-json\/wp\/v2\/pages\/21740"}],"collection":[{"href":"https:\/\/allin1bitcoins.com\/it\/wp-json\/wp\/v2\/pages"}],"about":[{"href":"https:\/\/allin1bitcoins.com\/it\/wp-json\/wp\/v2\/types\/page"}],"author":[{"embeddable":true,"href":"https:\/\/allin1bitcoins.com\/it\/wp-json\/wp\/v2\/users\/3"}],"replies":[{"embeddable":true,"href":"https:\/\/allin1bitcoins.com\/it\/wp-json\/wp\/v2\/comments?post=21740"}],"version-history":[{"count":2,"href":"https:\/\/allin1bitcoins.com\/it\/wp-json\/wp\/v2\/pages\/21740\/revisions"}],"predecessor-version":[{"id":21743,"href":"https:\/\/allin1bitcoins.com\/it\/wp-json\/wp\/v2\/pages\/21740\/revisions\/21743"}],"up":[{"embeddable":true,"href":"https:\/\/allin1bitcoins.com\/it\/wp-json\/wp\/v2\/pages\/21695"}],"wp:featuredmedia":[{"embeddable":true,"href":"https:\/\/allin1bitcoins.com\/it\/wp-json\/wp\/v2\/media\/16985"}],"wp:attachment":[{"href":"https:\/\/allin1bitcoins.com\/it\/wp-json\/wp\/v2\/media?parent=21740"}],"curies":[{"name":"wp","href":"https:\/\/api.w.org\/{rel}","templated":true}]}}