{"id":21751,"date":"2023-02-19T09:56:31","date_gmt":"2023-02-19T09:56:31","guid":{"rendered":"https:\/\/allin1bitcoins.com\/?page_id=21751"},"modified":"2023-02-19T09:57:06","modified_gmt":"2023-02-19T09:57:06","slug":"samoyedcoin","status":"publish","type":"page","link":"https:\/\/allin1bitcoins.com\/it\/crypto\/samoyedcoin\/","title":{"rendered":"Come Comprare Samoyedcoin (SAMO) &#8211; Guida Passo Passo (2023)"},"content":{"rendered":"\n<p>Acquisto di Samoyedcoin: una breve panoramica Per acquistare Samoyedcoin, devi individuare un broker o un exchange di criptovalute che ti consenta di farlo con un metodo di pagamento supportato. Puoi quindi cercare la coppia di trading di Samoyedcoin e inserire un ordine di acquisto dopo aver creato un account, confermato la tua identit\u00e0 e depositato fondi. A seconda dell&#8217;exchange o del broker che selezioni, la procedura precisa potrebbe differire, ma la maggior parte segue un insieme simile di procedure.<\/p>\n\n\n\n<h2 class=\"wp-block-heading\">Introduzione a Samoyedcoin <\/h2>\n\n\n\n<p>Samoyedcoin \u00e8 una valuta digitale che utilizza la crittografia per proteggere le transazioni finanziarie, limitare la creazione di nuove unit\u00e0 e confermare il trasferimento di asset. \u00c8 destinato a funzionare come mezzo di scambio. \u00c8 decentralizzato poich\u00e9 nessuna banca, governo o altra organizzazione centrale ne ha il controllo. Invece, utilizza una rete di computer per verificare le transazioni e aggiungerle alla blockchain, un registro pubblico e decentralizzato.<\/p>\n\n\n\n<h2 class=\"wp-block-heading\">Panoramica del processo di acquisto di Samoyedcoin <\/h2>\n\n\n\n<p><strong>I seguenti passaggi possono essere utilizzati per suddividere l&#8217;acquisto di Samoyedcoin:<\/strong><\/p>\n\n\n\n<ol><li>Cerca un broker o un exchange che ti permetta di acquistare Samoyedcoin con un metodo di pagamento supportato. Coinbase, Binance e Bitpanda sono alcune delle scelte pi\u00f9 popolari.<br><br><\/li><li>Apri un profilo sul broker o sull&#8217;exchange. In genere, ci\u00f2 comporta la fornitura del tuo nome, indirizzo email e password. Potrebbe anche essere necessario caricare una copia del tuo documento d&#8217;identit\u00e0 rilasciato dal governo per provare la tua identit\u00e0.<br><br><\/li><li>Aggiungere denaro al tuo account \u00e8 semplice come utilizzare un metodo di pagamento supportato. In genere, \u00e8 possibile depositare denaro tramite bonifico bancario, carta di debito, carta di credito o altro metodo di pagamento su exchange e broker. Le opzioni di pagamento sono elencate sul sito web dell&#8217;exchange o del broker.<br><br><\/li><li>Trova la coppia di trading per Samoyedcoin. Puoi iniziare a cercare la coppia di trading di Samoyedcoin sull&#8217;exchange o sul broker una volta depositati i tuoi fondi. Questo \u00e8 il prezzo al quale Samoyedcoin pu\u00f2 essere acquistato utilizzando un&#8217;altra criptovaluta o valuta fiat, come i dollari statunitensi.<br><br><\/li><li>Inserisci un ordine di acquisto per Samoyedcoin utilizzando il metodo di pagamento di tua scelta. Devi utilizzare l&#8217;interfaccia di trading dell&#8217;exchange o del broker per inserire un ordine di acquisto per Samoyedcoin. Puoi impostare un ordine a limite, che eseguir\u00e0 l&#8217;operazione solo se il prezzo raggiunge un livello specifico, o un ordine di mercato, che eseguir\u00e0 l&#8217;operazione al prezzo di mercato corrente. Assicurati di scegliere la fonte di fondi come la tua opzione di pagamento preferita.<br><br><\/li><li>Tieni d&#8217;occhio il tuo ordine mentre viene eseguito. Il tuo ordine verr\u00e0 inserito nel libro degli ordini dell&#8217;exchange o del broker dopo essere stato effettuato. Un ordine di mercato verr\u00e0 eseguito quasi istantaneamente al prezzo di mercato attuale. Un ordine a limite non verr\u00e0 eseguito a meno che il prezzo non raggiunga il livello che hai impostato, se ne hai impostato uno. Utilizzando l&#8217;interfaccia di trading dell&#8217;exchange o del broker o un sito web di monitoraggio dei prezzi di terze parti, \u00e8 possibile tenere d&#8217;occhio il progresso del tuo ordine e il prezzo di Samoyedcoin.<br><br><\/li><li>Prendi la tua Samoyedcoin e inseriscila in un portafoglio sicuro. Devi prelevare la tua Samoyedcoin in un portafoglio sicuro quando il tuo ordine \u00e8 stato soddisfatto e i soldi sono stati accreditati sul tuo conto. Questo \u00e8 fondamentale perch\u00e9 vuoi assicurarti che le tue monete siano al sicuro poich\u00e9 i broker e le borse di criptovalute sono suscettibili a hacking e altri rischi di sicurezza. I portafogli online, i portafogli desktop e i portafogli hardware sono solo alcuni dei vari tipi di portafogli offerti. Per spostare la tua Samoyedcoin dall&#8217;exchange o dal broker al portafoglio, scegli un portafoglio che soddisfi le tue esigenze e segui le istruzioni.<\/li><\/ol>\n\n\n\n<figure class=\"wp-block-embed is-type-video is-provider-youtube wp-block-embed-youtube wp-embed-aspect-16-9 wp-has-aspect-ratio\"><div class=\"wp-block-embed__wrapper\">\n<iframe title=\"Samoyedcoin - Hidden 100x Gem (explained)\" width=\"800\" height=\"450\" src=\"https:\/\/www.youtube.com\/embed\/E85aRfcPXB8?feature=oembed\" frameborder=\"0\" allow=\"accelerometer; autoplay; clipboard-write; encrypted-media; gyroscope; picture-in-picture; web-share\" allowfullscreen><\/iframe>\n<\/div><\/figure>\n\n\n\n<h2 class=\"wp-block-heading\">Vantaggi dell&#8217;acquisto di Samoyedcoin<\/h2>\n\n\n\n<p><strong>L&#8217;acquisto di Samoyedcoin ha diversi vantaggi, tra cui:<\/strong><\/p>\n\n\n\n<ul><li><strong>Possibilit\u00e0 di crescita del prezzo:<\/strong> Samoyedcoin, come altre criptovalute, \u00e8 abbastanza volatile e il suo valore pu\u00f2 cambiare drasticamente in poco tempo. Ci\u00f2 indica che c&#8217;\u00e8 la possibilit\u00e0 di apprezzamento del prezzo se si acquista Samoyedcoin a un prezzo scontato e successivamente lo si vende per una somma maggiore. \u00c8 importante ricordare che investire in criptovalute comporta rischi intrinseci e che c&#8217;\u00e8 la possibilit\u00e0 di svalutazione del prezzo.<br><br><\/li><li><strong>Natura decentralizzata: <\/strong>poich\u00e9 Samoyedcoin \u00e8 decentralizzato, nessun governo, banca o altra autorit\u00e0 centrale ha alcuna influenza su di esso. Di conseguenza, non deve seguire le stesse regole e linee guida dei sistemi finanziari convenzionali, il che potrebbe fornire maggiore libert\u00e0 e flessibilit\u00e0.<br><br><\/li><li><strong>Sicurezza:<\/strong> per proteggere le tue informazioni finanziarie e ridurre il rischio di frodi, le criptovalute utilizzano funzionalit\u00e0 di sicurezza all&#8217;avanguardia come la crittografia e la tecnologia del registro distribuito.<\/li><\/ul>\n\n\n\n<h2 class=\"wp-block-heading\">Conclusione<\/h2>\n\n\n\n<p>Trovare un exchange o broker di criptovalute che accetti un metodo di pagamento supportato, aprire un conto, finanziarlo con fondi e inviare un ordine di acquisto sono gli unici passaggi necessari per acquistare Samoyedcoin. Sebbene l&#8217;acquisto di Samoyedcoin abbia numerosi vantaggi, tra cui la possibilit\u00e0 di apprezzamento del prezzo e la sicurezza, \u00e8 fondamentale essere consapevoli dei rischi associati agli investimenti in criptovalute. Prima di decidere se l&#8217;acquisto di Samoyedcoin sia la scelta migliore per te, assicurati di valutare attentamente i vantaggi e gli svantaggi.<\/p>\n\n\n\n<!-- Page-list plugin v.5.9 wordpress.org\/plugins\/page-list\/ -->\n<ul class=\"page-list subpages-page-list \">\n<li class=\"page_item page-item-21830\"><a href=\"https:\/\/allin1bitcoins.com\/it\/crypto\/samoyedcoin\/paypal\/\">Come Acquistare Samoyedcoin (SAMO) Con PayPal<\/a><\/li>\n<li class=\"page_item page-item-21841\"><a href=\"https:\/\/allin1bitcoins.com\/it\/crypto\/samoyedcoin\/paysafecard\/\">Come Acquistare Samoyedcoin (SAMO) Con Paysafecard<\/a><\/li>\n<li class=\"page_item page-item-21814\"><a href=\"https:\/\/allin1bitcoins.com\/it\/crypto\/samoyedcoin\/credit-card\/\">Come Acquistare Samoyedcoin (SAMO) Con Una Carta Di Credito<\/a><\/li>\n<li class=\"page_item page-item-21858\"><a href=\"https:\/\/allin1bitcoins.com\/it\/crypto\/samoyedcoin\/debit-card\/\">Come Acquistare Samoyedcoin (SAMO) Con Una Carta Di Debito<\/a><\/li>\n<li class=\"page_item page-item-21794\"><a href=\"https:\/\/allin1bitcoins.com\/it\/crypto\/samoyedcoin\/australia\/\">Come Acquistare Samoyedcoin (SAMO) In Australia<\/a><\/li>\n<li class=\"page_item page-item-21806\"><a href=\"https:\/\/allin1bitcoins.com\/it\/crypto\/samoyedcoin\/canada\/\">Come Acquistare Samoyedcoin (SAMO) In Canada<\/a><\/li>\n<li class=\"page_item page-item-21778\"><a href=\"https:\/\/allin1bitcoins.com\/it\/crypto\/samoyedcoin\/united-states\/\">Come Acquistare Samoyedcoin (SAMO) Negli Stati Uniti<\/a><\/li>\n<li class=\"page_item page-item-21767\"><a href=\"https:\/\/allin1bitcoins.com\/it\/crypto\/samoyedcoin\/united-kingdom\/\">Come Acquistare Samoyedcoin (SAMO) Nel Regno Unito (2023)<\/a><\/li>\n\n<\/ul>\n","protected":false},"excerpt":{"rendered":"<p>Acquisto di Samoyedcoin: una breve panoramica Per acquistare Samoyedcoin, devi individuare un broker o un exchange di criptovalute che ti consenta di farlo con un metodo di pagamento supportato. Puoi quindi cercare la coppia di trading di Samoyedcoin e inserire un ordine di acquisto dopo aver creato un account, confermato la tua identit\u00e0 e depositato&#8230;<\/p>\n","protected":false},"author":3,"featured_media":15206,"parent":19844,"menu_order":0,"comment_status":"closed","ping_status":"closed","template":"","meta":{"cybocfi_hide_featured_image":"","footnotes":""},"acf":[],"yoast_head":"<!-- This site is optimized with the Yoast SEO plugin v21.7 - https:\/\/yoast.com\/wordpress\/plugins\/seo\/ -->\n<title>Come Comprare Samoyedcoin (SAMO) - Guida Passo Passo<\/title>\n<meta name=\"description\" content=\"Per acquistare Samoyedcoin, \u00e8 necessario individuare un broker o un exchange che permetta di farlo con un metodo di pagamento supportato.\" \/>\n<meta name=\"robots\" content=\"index, follow, max-snippet:-1, max-image-preview:large, max-video-preview:-1\" \/>\n<link rel=\"canonical\" href=\"https:\/\/allin1bitcoins.com\/it\/crypto\/samoyedcoin\/\" \/>\n<meta property=\"og:locale\" content=\"it_IT\" \/>\n<meta property=\"og:type\" content=\"article\" \/>\n<meta property=\"og:title\" content=\"Come Comprare Samoyedcoin (SAMO) - Guida Passo Passo\" \/>\n<meta property=\"og:description\" content=\"Per acquistare Samoyedcoin, \u00e8 necessario individuare un broker o un exchange che permetta di farlo con un metodo di pagamento supportato.\" \/>\n<meta property=\"og:url\" content=\"https:\/\/allin1bitcoins.com\/it\/crypto\/samoyedcoin\/\" \/>\n<meta property=\"og:site_name\" content=\"Allin1Bitcoins\" \/>\n<meta property=\"article:modified_time\" content=\"2023-02-19T09:57:06+00:00\" \/>\n<meta property=\"og:image\" content=\"https:\/\/allin1bitcoins.com\/wp-content\/uploads\/2023\/01\/pexels-anna-nekrashevich-6801869.jpg\" \/>\n\t<meta property=\"og:image:width\" content=\"640\" \/>\n\t<meta property=\"og:image:height\" content=\"1138\" \/>\n\t<meta property=\"og:image:type\" content=\"image\/jpeg\" \/>\n<meta name=\"twitter:card\" content=\"summary_large_image\" \/>\n<meta name=\"twitter:label1\" content=\"Est. reading time\" \/>\n\t<meta name=\"twitter:data1\" content=\"4 minutes\" \/>\n<!-- \/ Yoast SEO plugin. -->","yoast_head_json":{"title":"Come Comprare Samoyedcoin (SAMO) - Guida Passo Passo","description":"Per acquistare Samoyedcoin, \u00e8 necessario individuare un broker o un exchange che permetta di farlo con un metodo di pagamento supportato.","robots":{"index":"index","follow":"follow","max-snippet":"max-snippet:-1","max-image-preview":"max-image-preview:large","max-video-preview":"max-video-preview:-1"},"canonical":"https:\/\/allin1bitcoins.com\/it\/crypto\/samoyedcoin\/","og_locale":"it_IT","og_type":"article","og_title":"Come Comprare Samoyedcoin (SAMO) - Guida Passo Passo","og_description":"Per acquistare Samoyedcoin, \u00e8 necessario individuare un broker o un exchange che permetta di farlo con un metodo di pagamento supportato.","og_url":"https:\/\/allin1bitcoins.com\/it\/crypto\/samoyedcoin\/","og_site_name":"Allin1Bitcoins","article_modified_time":"2023-02-19T09:57:06+00:00","og_image":[{"width":640,"height":1138,"url":"https:\/\/allin1bitcoins.com\/wp-content\/uploads\/2023\/01\/pexels-anna-nekrashevich-6801869.jpg","type":"image\/jpeg"}],"twitter_card":"summary_large_image","twitter_misc":{"Est. reading time":"4 minutes"},"schema":{"@context":"https:\/\/schema.org","@graph":[{"@type":"WebPage","@id":"https:\/\/allin1bitcoins.com\/it\/crypto\/samoyedcoin\/","url":"https:\/\/allin1bitcoins.com\/it\/crypto\/samoyedcoin\/","name":"Come Comprare Samoyedcoin (SAMO) - Guida Passo Passo","isPartOf":{"@id":"https:\/\/allin1bitcoins.com\/it\/#website"},"datePublished":"2023-02-19T09:56:31+00:00","dateModified":"2023-02-19T09:57:06+00:00","description":"Per acquistare Samoyedcoin, \u00e8 necessario individuare un broker o un exchange che permetta di farlo con un metodo di pagamento supportato.","breadcrumb":{"@id":"https:\/\/allin1bitcoins.com\/it\/crypto\/samoyedcoin\/#breadcrumb"},"inLanguage":"it","potentialAction":[{"@type":"ReadAction","target":["https:\/\/allin1bitcoins.com\/it\/crypto\/samoyedcoin\/"]}]},{"@type":"BreadcrumbList","@id":"https:\/\/allin1bitcoins.com\/it\/crypto\/samoyedcoin\/#breadcrumb","itemListElement":[{"@type":"ListItem","position":1,"name":"Home","item":"https:\/\/allin1bitcoins.com\/it\/"},{"@type":"ListItem","position":2,"name":"Crypto","item":"https:\/\/allin1bitcoins.com\/it\/crypto\/"},{"@type":"ListItem","position":3,"name":"Come Comprare Samoyedcoin (SAMO) &#8211; Guida Passo Passo (2023)"}]},{"@type":"WebSite","@id":"https:\/\/allin1bitcoins.com\/it\/#website","url":"https:\/\/allin1bitcoins.com\/it\/","name":"Allin1Bitcoins","description":"","publisher":{"@id":"https:\/\/allin1bitcoins.com\/it\/#organization"},"potentialAction":[{"@type":"SearchAction","target":{"@type":"EntryPoint","urlTemplate":"https:\/\/allin1bitcoins.com\/it\/?s={search_term_string}"},"query-input":"required name=search_term_string"}],"inLanguage":"it"},{"@type":"Organization","@id":"https:\/\/allin1bitcoins.com\/it\/#organization","name":"allin1bitcoins","url":"https:\/\/allin1bitcoins.com\/it\/","logo":{"@type":"ImageObject","inLanguage":"it","@id":"https:\/\/allin1bitcoins.com\/it\/#\/schema\/logo\/image\/","url":"https:\/\/allin1bitcoins.com\/wp-content\/uploads\/2019\/01\/logo-new.png","contentUrl":"https:\/\/allin1bitcoins.com\/wp-content\/uploads\/2019\/01\/logo-new.png","width":178,"height":71,"caption":"allin1bitcoins"},"image":{"@id":"https:\/\/allin1bitcoins.com\/it\/#\/schema\/logo\/image\/"}}]}},"_links":{"self":[{"href":"https:\/\/allin1bitcoins.com\/it\/wp-json\/wp\/v2\/pages\/21751"}],"collection":[{"href":"https:\/\/allin1bitcoins.com\/it\/wp-json\/wp\/v2\/pages"}],"about":[{"href":"https:\/\/allin1bitcoins.com\/it\/wp-json\/wp\/v2\/types\/page"}],"author":[{"embeddable":true,"href":"https:\/\/allin1bitcoins.com\/it\/wp-json\/wp\/v2\/users\/3"}],"replies":[{"embeddable":true,"href":"https:\/\/allin1bitcoins.com\/it\/wp-json\/wp\/v2\/comments?post=21751"}],"version-history":[{"count":5,"href":"https:\/\/allin1bitcoins.com\/it\/wp-json\/wp\/v2\/pages\/21751\/revisions"}],"predecessor-version":[{"id":21762,"href":"https:\/\/allin1bitcoins.com\/it\/wp-json\/wp\/v2\/pages\/21751\/revisions\/21762"}],"up":[{"embeddable":true,"href":"https:\/\/allin1bitcoins.com\/it\/wp-json\/wp\/v2\/pages\/19844"}],"wp:featuredmedia":[{"embeddable":true,"href":"https:\/\/allin1bitcoins.com\/it\/wp-json\/wp\/v2\/media\/15206"}],"wp:attachment":[{"href":"https:\/\/allin1bitcoins.com\/it\/wp-json\/wp\/v2\/media?parent=21751"}],"curies":[{"name":"wp","href":"https:\/\/api.w.org\/{rel}","templated":true}]}}