{"id":21806,"date":"2023-02-19T17:05:55","date_gmt":"2023-02-19T17:05:55","guid":{"rendered":"https:\/\/allin1bitcoins.com\/?page_id=21806"},"modified":"2023-02-19T17:06:01","modified_gmt":"2023-02-19T17:06:01","slug":"canada","status":"publish","type":"page","link":"https:\/\/allin1bitcoins.com\/it\/crypto\/samoyedcoin\/canada\/","title":{"rendered":"Come Acquistare Samoyedcoin (SAMO) In Canada"},"content":{"rendered":"\n<h2 class=\"wp-block-heading\">Breve risposta: \u00e8 possibile acquistare Samoyedcoin in Canada.<\/h2>\n\n\n\n<p>\u00c8 necessario trovare un exchange o un broker di criptovalute che accetti un metodo di pagamento supportato, come un bonifico bancario o una carta di debito, per acquistare Samoyedcoin in Canada. Successivamente, \u00e8 possibile cercare la coppia di trading di Samoyedcoin e inserire un ordine di acquisto dopo aver creato un account, confermato l&#8217;identificazione e depositato i fondi. A seconda dell&#8217;exchange o del broker scelto, la procedura precisa pu\u00f2 differire, ma la maggior parte segue un insieme di procedure simili.<\/p>\n\n\n\n<h2 class=\"wp-block-heading\">Panoramica di Samoyedcoin<\/h2>\n\n\n\n<p>Samoyedcoin \u00e8 una valuta digitale che utilizza la crittografia per proteggere le transazioni finanziarie, limitare la creazione di nuove unit\u00e0 e confermare il trasferimento di beni. \u00c8 destinato a fungere da mezzo di scambio. \u00c8 decentralizzato in quanto nessuna banca, governo o altra organizzazione centrale ne ha il controllo. Invece, utilizza una rete di computer per verificare le transazioni e aggiungerle alla blockchain, un registro pubblico e decentralizzato.<\/p>\n\n\n\n<h2 class=\"wp-block-heading\">Vantaggi dell&#8217;acquisto di Samoyedcoin<\/h2>\n\n\n\n<p><strong>L&#8217;acquisto di Samoyedcoin presenta diversi vantaggi, tra cui:<\/strong><\/p>\n\n\n\n<ul><li><strong>Possibilit\u00e0 di aumento di prezzo:<\/strong> Samoyedcoin, come altre criptovalute, \u00e8 piuttosto volatile e il suo valore pu\u00f2 cambiare drasticamente in poco tempo. Ci\u00f2 indica che esiste la possibilit\u00e0 di apprezzamento del prezzo se si acquista Samoyedcoin scontato e successivamente lo si vende a un prezzo pi\u00f9 elevato. \u00c8 importante ricordare che investire in criptovalute comporta rischi intrinseci e che esiste la possibilit\u00e0 di svalutazione del prezzo.<br><br><\/li><li><strong>Natura decentralizzata:<\/strong> poich\u00e9 Samoyedcoin \u00e8 decentralizzato, nessun governo, banca o altra autorit\u00e0 centrale ha alcuna influenza su di esso. Di conseguenza, non deve seguire le stesse regole e linee guida dei sistemi finanziari convenzionali, il che potrebbe fornire maggiore libert\u00e0 e flessibilit\u00e0.<br><br><\/li><li><strong>Sicurezza:<\/strong> per proteggere le informazioni finanziarie e ridurre il rischio di frodi, le criptovalute utilizzano funzionalit\u00e0 di sicurezza all&#8217;avanguardia come la crittografia e la tecnologia dei registri distribuiti.<\/li><\/ul>\n\n\n\n<figure class=\"wp-block-embed is-type-video is-provider-youtube wp-block-embed-youtube wp-embed-aspect-16-9 wp-has-aspect-ratio\"><div class=\"wp-block-embed__wrapper\">\n<iframe title=\"Best Canadian Crypto Exchange 2022 | Get $40 bonus!\" width=\"800\" height=\"450\" src=\"https:\/\/www.youtube.com\/embed\/Ev8frcibSfU?feature=oembed\" frameborder=\"0\" allow=\"accelerometer; autoplay; clipboard-write; encrypted-media; gyroscope; picture-in-picture; web-share\" allowfullscreen><\/iframe>\n<\/div><\/figure>\n\n\n\n<h2 class=\"wp-block-heading\">Tutorial su come acquistare Samoyedcoin in Canada in diverse fasi<\/h2>\n\n\n\n<p><strong>Le seguenti fasi possono essere utilizzate per scomporre l&#8217;acquisto di Samoyedcoin in Canada:<\/strong><\/p>\n\n\n\n<ol><li>Cerca un broker o un exchange che ti permetta di acquistare Samoyedcoin con un metodo di pagamento supportato. Coinbase, Binance e Bitbuy sono alcune delle scelte popolari in Canada. Verifica se il broker o l&#8217;exchange permette ai clienti canadesi e offre un&#8217;opzione di pagamento che ti senti a tuo agio nell&#8217;utilizzare.<br><br><\/li><li>Aprire un profilo sul broker o sull&#8217;exchange. Di solito, ci\u00f2 comporta la fornitura del tuo nome, indirizzo email e password. Potrebbe anche essere necessario caricare una copia del tuo documento d&#8217;identit\u00e0 rilasciato dal governo per comprovare la tua identit\u00e0.<br><br><\/li><li>Aggiungere denaro al tuo account \u00e8 semplice come utilizzare un metodo di pagamento supportato. Di solito \u00e8 possibile depositare denaro tramite bonifico bancario, carta di debito, carta di credito o altri metodi di pagamento su exchange e broker. Per scoprire quali opzioni di pagamento sono offerte, visita il sito web dell&#8217;exchange o del broker, quindi segui i passaggi per depositare denaro.<br><br><\/li><li>Trova la coppia di trading per Samoyedcoin. Puoi iniziare a cercare la coppia di trading Samoyedcoin sull&#8217;exchange o sul broker una volta che i tuoi fondi sono stati depositati. Il tasso a cui puoi acquistare Samoyedcoin utilizzando un&#8217;altra criptovaluta o valuta legale, come i dollari canadesi, \u00e8 mostrato di seguito.<br><br><\/li><li>Inserisci un ordine di acquisto per Samoyedcoin utilizzando il metodo di pagamento di tua scelta. Devi utilizzare l&#8217;interfaccia di trading dell&#8217;exchange o del broker per inserire un ordine di acquisto per Samoyedcoin. Puoi impostare un ordine a limite, che eseguir\u00e0 la transazione solo se il prezzo raggiunge un livello specifico, oppure un ordine di mercato, che eseguir\u00e0 la transazione al prezzo di mercato corrente. Assicurati di scegliere la fonte dei fondi come la tua opzione di pagamento preferita.<br><br><\/li><li>Tieni d&#8217;occhio il tuo ordine durante l&#8217;esecuzione. Il tuo ordine verr\u00e0 inserito nel libro degli ordini dell&#8217;exchange o del broker una volta effettuato. Un ordine di mercato verr\u00e0 eseguito quasi istantaneamente al prezzo di mercato corrente. Un ordine a limite non verr\u00e0 eseguito a meno che il prezzo raggiunga il livello che hai impostato, se ne hai impostato uno. Utilizzando l&#8217;interfaccia di trading dell&#8217;exchange o del broker o un sito web di monitoraggio dei prezzi di terze parti, puoi tenere d&#8217;occhio l&#8217;avanzamento del tuo ordine e il prezzo di Samoyedcoin.<br><br><\/li><li>Prendi il tuo Samoyedcoin e mettilo in un portafoglio sicuro. Devi prelevare il tuo Samoyedcoin in un portafoglio sicuro quando il tuo ordine \u00e8 stato soddisfatto e il denaro \u00e8 stato aggiunto al tuo account. Questo \u00e8 importante perch\u00e9 vuoi assicurarti che le tue monete siano al sicuro poich\u00e9 i broker e gli exchange di criptovaluta sono soggetti a hack e ad altri rischi di sicurezza. Ci sono diversi tipi di portafogli disponibili, come portafogli online, portafogli desktop e portafogli hardware. Per spostare il tuo Samoyedcoin dall&#8217;exchange o dal broker al portafoglio, scegli un portafoglio che soddisfi le tue esigenze e segui le istruzioni.<\/li><\/ol>\n\n\n\n<h2 class=\"wp-block-heading\">Acquisto di tasse sul Samoyedcoin in Canada<\/h2>\n\n\n\n<p>L&#8217;Agenzia delle entrate del Canada (CRA) ha pubblicato linee guida in Canada affermando che le transazioni in bitcoin sono legalmente soggette a tassazione. Ci\u00f2 significa che eventuali profitti ottenuti dall&#8217;acquisto e dalla vendita di Samoyedcoin saranno soggetti a tassazione. Se sei classificato come &#8220;commerciante&#8221; o &#8220;investitore&#8221; e la durata del tuo periodo di detenzione determiner\u00e0 le esatte ripercussioni fiscali. Dovrai pagare la tassa sulle plusvalenze su eventuali guadagni generati se acquisti Samoyedcoin come investimento e lo conservi per pi\u00f9 di un anno. Le aliquote fiscali sull&#8217;entrata ordinaria si applicano se lo detieni per meno di un anno. Se sei considerato un commerciante, sarai tenuto a pagare le imposte sul reddito ordinario sui guadagni netti dall&#8217;acquisto e dalla vendita di Samoyedcoin. \u00c8 fondamentale parlare con un esperto fiscale per comprendere le tue precise responsabilit\u00e0 fiscali durante l&#8217;acquisto e la vendita di Samoyedcoin.<\/p>\n\n\n\n<h2 class=\"wp-block-heading\">Conclusione<\/h2>\n\n\n\n<p>Trovare uno scambio o un broker di criptovalute che accetti clienti canadesi e ti consenta di acquistare Samoyedcoin utilizzando un metodo di pagamento supportato, aprire un account, finanziarlo con fondi e inviare un ordine per acquistare sono gli unici passaggi necessari per acquistare Samoyedcoin in Canada. Sebbene l&#8217;acquisto di Samoyedcoin abbia numerosi vantaggi, come la possibilit\u00e0 di crescita dei prezzi e la sicurezza, \u00e8 fondamentale essere consapevoli dei rischi e delle eventuali ripercussioni fiscali. Prima di effettuare qualsiasi selezione di investimento, assicurati di condurre le tue dovute ricerche, studia lo scambio o il broker che stai pensando di utilizzare e parla con un consulente finanziario o un esperto fiscale.<\/p>\n\n\n\n<!-- Page-list plugin v.5.9 wordpress.org\/plugins\/page-list\/ -->\n<ul class=\"page-list siblings-page-list \">\n<li class=\"page_item page-item-21830\"><a href=\"https:\/\/allin1bitcoins.com\/it\/crypto\/samoyedcoin\/paypal\/\">Come Acquistare Samoyedcoin (SAMO) Con PayPal<\/a><\/li>\n<li class=\"page_item page-item-21841\"><a href=\"https:\/\/allin1bitcoins.com\/it\/crypto\/samoyedcoin\/paysafecard\/\">Come Acquistare Samoyedcoin (SAMO) Con Paysafecard<\/a><\/li>\n<li class=\"page_item page-item-21814\"><a href=\"https:\/\/allin1bitcoins.com\/it\/crypto\/samoyedcoin\/credit-card\/\">Come Acquistare Samoyedcoin (SAMO) Con Una Carta Di Credito<\/a><\/li>\n<li class=\"page_item page-item-21858\"><a href=\"https:\/\/allin1bitcoins.com\/it\/crypto\/samoyedcoin\/debit-card\/\">Come Acquistare Samoyedcoin (SAMO) Con Una Carta Di Debito<\/a><\/li>\n<li class=\"page_item page-item-21794\"><a href=\"https:\/\/allin1bitcoins.com\/it\/crypto\/samoyedcoin\/australia\/\">Come Acquistare Samoyedcoin (SAMO) In Australia<\/a><\/li>\n<li class=\"page_item page-item-21806\"><a href=\"https:\/\/allin1bitcoins.com\/it\/crypto\/samoyedcoin\/canada\/\">Come Acquistare Samoyedcoin (SAMO) In Canada<\/a><\/li>\n<li class=\"page_item page-item-21778\"><a href=\"https:\/\/allin1bitcoins.com\/it\/crypto\/samoyedcoin\/united-states\/\">Come Acquistare Samoyedcoin (SAMO) Negli Stati Uniti<\/a><\/li>\n<li class=\"page_item page-item-21767\"><a href=\"https:\/\/allin1bitcoins.com\/it\/crypto\/samoyedcoin\/united-kingdom\/\">Come Acquistare Samoyedcoin (SAMO) Nel Regno Unito (2023)<\/a><\/li>\n\n<\/ul>\n","protected":false},"excerpt":{"rendered":"<p>Breve risposta: \u00e8 possibile acquistare Samoyedcoin in Canada. \u00c8 necessario trovare un exchange o un broker di criptovalute che accetti un metodo di pagamento supportato, come un bonifico bancario o una carta di debito, per acquistare Samoyedcoin in Canada. Successivamente, \u00e8 possibile cercare la coppia di trading di Samoyedcoin e inserire un ordine di acquisto&#8230;<\/p>\n","protected":false},"author":3,"featured_media":15613,"parent":21751,"menu_order":0,"comment_status":"closed","ping_status":"closed","template":"","meta":{"cybocfi_hide_featured_image":"","footnotes":""},"acf":[],"yoast_head":"<!-- This site is optimized with the Yoast SEO plugin v21.7 - https:\/\/yoast.com\/wordpress\/plugins\/seo\/ -->\n<title>Come Acquistare Samoyedcoin (SAMO) In Canada<\/title>\n<meta name=\"description\" content=\"Vuoi acquistare Samoyed Coin in Canada? In tal caso, leggi questa guida per conoscere in dettaglio i passaggi per un acquisto senza problemi.\" \/>\n<meta name=\"robots\" content=\"index, follow, max-snippet:-1, max-image-preview:large, max-video-preview:-1\" \/>\n<link rel=\"canonical\" href=\"https:\/\/allin1bitcoins.com\/it\/crypto\/samoyedcoin\/canada\/\" \/>\n<meta property=\"og:locale\" content=\"it_IT\" \/>\n<meta property=\"og:type\" content=\"article\" \/>\n<meta property=\"og:title\" content=\"Come Acquistare Samoyedcoin (SAMO) In Canada\" \/>\n<meta property=\"og:description\" content=\"Vuoi acquistare Samoyed Coin in Canada? In tal caso, leggi questa guida per conoscere in dettaglio i passaggi per un acquisto senza problemi.\" \/>\n<meta property=\"og:url\" content=\"https:\/\/allin1bitcoins.com\/it\/crypto\/samoyedcoin\/canada\/\" \/>\n<meta property=\"og:site_name\" content=\"Allin1Bitcoins\" \/>\n<meta property=\"article:modified_time\" content=\"2023-02-19T17:06:01+00:00\" \/>\n<meta property=\"og:image\" content=\"https:\/\/allin1bitcoins.com\/wp-content\/uploads\/2023\/01\/jason-hafso-C2keINMOhIE-unsplash.jpg\" \/>\n\t<meta property=\"og:image:width\" content=\"1920\" \/>\n\t<meta property=\"og:image:height\" content=\"1127\" \/>\n\t<meta property=\"og:image:type\" content=\"image\/jpeg\" \/>\n<meta name=\"twitter:card\" content=\"summary_large_image\" \/>\n<meta name=\"twitter:label1\" content=\"Est. reading time\" \/>\n\t<meta name=\"twitter:data1\" content=\"5 minutes\" \/>\n<!-- \/ Yoast SEO plugin. -->","yoast_head_json":{"title":"Come Acquistare Samoyedcoin (SAMO) In Canada","description":"Vuoi acquistare Samoyed Coin in Canada? In tal caso, leggi questa guida per conoscere in dettaglio i passaggi per un acquisto senza problemi.","robots":{"index":"index","follow":"follow","max-snippet":"max-snippet:-1","max-image-preview":"max-image-preview:large","max-video-preview":"max-video-preview:-1"},"canonical":"https:\/\/allin1bitcoins.com\/it\/crypto\/samoyedcoin\/canada\/","og_locale":"it_IT","og_type":"article","og_title":"Come Acquistare Samoyedcoin (SAMO) In Canada","og_description":"Vuoi acquistare Samoyed Coin in Canada? In tal caso, leggi questa guida per conoscere in dettaglio i passaggi per un acquisto senza problemi.","og_url":"https:\/\/allin1bitcoins.com\/it\/crypto\/samoyedcoin\/canada\/","og_site_name":"Allin1Bitcoins","article_modified_time":"2023-02-19T17:06:01+00:00","og_image":[{"width":1920,"height":1127,"url":"https:\/\/allin1bitcoins.com\/wp-content\/uploads\/2023\/01\/jason-hafso-C2keINMOhIE-unsplash.jpg","type":"image\/jpeg"}],"twitter_card":"summary_large_image","twitter_misc":{"Est. reading time":"5 minutes"},"schema":{"@context":"https:\/\/schema.org","@graph":[{"@type":"WebPage","@id":"https:\/\/allin1bitcoins.com\/it\/crypto\/samoyedcoin\/canada\/","url":"https:\/\/allin1bitcoins.com\/it\/crypto\/samoyedcoin\/canada\/","name":"Come Acquistare Samoyedcoin (SAMO) In Canada","isPartOf":{"@id":"https:\/\/allin1bitcoins.com\/it\/#website"},"datePublished":"2023-02-19T17:05:55+00:00","dateModified":"2023-02-19T17:06:01+00:00","description":"Vuoi acquistare Samoyed Coin in Canada? In tal caso, leggi questa guida per conoscere in dettaglio i passaggi per un acquisto senza problemi.","breadcrumb":{"@id":"https:\/\/allin1bitcoins.com\/it\/crypto\/samoyedcoin\/canada\/#breadcrumb"},"inLanguage":"it","potentialAction":[{"@type":"ReadAction","target":["https:\/\/allin1bitcoins.com\/it\/crypto\/samoyedcoin\/canada\/"]}]},{"@type":"BreadcrumbList","@id":"https:\/\/allin1bitcoins.com\/it\/crypto\/samoyedcoin\/canada\/#breadcrumb","itemListElement":[{"@type":"ListItem","position":1,"name":"Home","item":"https:\/\/allin1bitcoins.com\/it\/"},{"@type":"ListItem","position":2,"name":"Crypto","item":"https:\/\/allin1bitcoins.com\/it\/crypto\/"},{"@type":"ListItem","position":3,"name":"Come Comprare Samoyedcoin (SAMO) &#8211; Guida Passo Passo (2023)","item":"https:\/\/allin1bitcoins.com\/it\/crypto\/samoyedcoin\/"},{"@type":"ListItem","position":4,"name":"Come Acquistare Samoyedcoin (SAMO) In Canada"}]},{"@type":"WebSite","@id":"https:\/\/allin1bitcoins.com\/it\/#website","url":"https:\/\/allin1bitcoins.com\/it\/","name":"Allin1Bitcoins","description":"","publisher":{"@id":"https:\/\/allin1bitcoins.com\/it\/#organization"},"potentialAction":[{"@type":"SearchAction","target":{"@type":"EntryPoint","urlTemplate":"https:\/\/allin1bitcoins.com\/it\/?s={search_term_string}"},"query-input":"required name=search_term_string"}],"inLanguage":"it"},{"@type":"Organization","@id":"https:\/\/allin1bitcoins.com\/it\/#organization","name":"allin1bitcoins","url":"https:\/\/allin1bitcoins.com\/it\/","logo":{"@type":"ImageObject","inLanguage":"it","@id":"https:\/\/allin1bitcoins.com\/it\/#\/schema\/logo\/image\/","url":"https:\/\/allin1bitcoins.com\/wp-content\/uploads\/2019\/01\/logo-new.png","contentUrl":"https:\/\/allin1bitcoins.com\/wp-content\/uploads\/2019\/01\/logo-new.png","width":178,"height":71,"caption":"allin1bitcoins"},"image":{"@id":"https:\/\/allin1bitcoins.com\/it\/#\/schema\/logo\/image\/"}}]}},"_links":{"self":[{"href":"https:\/\/allin1bitcoins.com\/it\/wp-json\/wp\/v2\/pages\/21806"}],"collection":[{"href":"https:\/\/allin1bitcoins.com\/it\/wp-json\/wp\/v2\/pages"}],"about":[{"href":"https:\/\/allin1bitcoins.com\/it\/wp-json\/wp\/v2\/types\/page"}],"author":[{"embeddable":true,"href":"https:\/\/allin1bitcoins.com\/it\/wp-json\/wp\/v2\/users\/3"}],"replies":[{"embeddable":true,"href":"https:\/\/allin1bitcoins.com\/it\/wp-json\/wp\/v2\/comments?post=21806"}],"version-history":[{"count":1,"href":"https:\/\/allin1bitcoins.com\/it\/wp-json\/wp\/v2\/pages\/21806\/revisions"}],"predecessor-version":[{"id":21807,"href":"https:\/\/allin1bitcoins.com\/it\/wp-json\/wp\/v2\/pages\/21806\/revisions\/21807"}],"up":[{"embeddable":true,"href":"https:\/\/allin1bitcoins.com\/it\/wp-json\/wp\/v2\/pages\/21751"}],"wp:featuredmedia":[{"embeddable":true,"href":"https:\/\/allin1bitcoins.com\/it\/wp-json\/wp\/v2\/media\/15613"}],"wp:attachment":[{"href":"https:\/\/allin1bitcoins.com\/it\/wp-json\/wp\/v2\/media?parent=21806"}],"curies":[{"name":"wp","href":"https:\/\/api.w.org\/{rel}","templated":true}]}}