{"id":22004,"date":"2023-02-22T09:17:56","date_gmt":"2023-02-22T09:17:56","guid":{"rendered":"https:\/\/allin1bitcoins.com\/?page_id=22004"},"modified":"2023-02-22T09:18:46","modified_gmt":"2023-02-22T09:18:46","slug":"united-kingdom","status":"publish","type":"page","link":"https:\/\/allin1bitcoins.com\/it\/crypto\/wadzpay-token\/united-kingdom\/","title":{"rendered":"Come Acquistare Wadzpay Token (WTK) Nel Regno Unito"},"content":{"rendered":"\n<h2 class=\"wp-block-heading\">Puoi acquistare il token Wadzpay nel Regno Unito. <\/h2>\n\n\n\n<p><strong>Queste procedure devono essere seguite per acquistare il token Wadzpay nel Regno Unito:<\/strong><\/p>\n\n\n\n<ul><li>Trova un exchange di bitcoin affidabile che operi nel Regno Unito. <\/li><li>Registrati per un account di exchange, quindi completa il processo di verifica.<\/li><li> Seleziona il token Wadzpay sulla pagina &#8220;Acquista&#8221; o &#8220;Scambia&#8221; dell&#8217;exchange. <\/li><li>Scegli la tua opzione di pagamento desiderata, come una carta di debito, carta di credito o bonifico bancario. <\/li><li>Per completare la transazione, inserisci quanti token Wadzpay desideri acquistare e segui le istruzioni visualizzate sullo schermo. <\/li><\/ul>\n\n\n\n<h2 class=\"wp-block-heading\">Panoramica del token Wadzpay <\/h2>\n\n\n\n<p>Sulla piattaforma Wadzpay, le transazioni sono facilitate dal token Wadzpay, un asset digitale. \u00c8 destinato ad essere utilizzato come deposito di valore e come mezzo di scambio per una variet\u00e0 di prodotti e servizi. Il token Wadzpay \u00e8 rapido, sicuro e trasparente poich\u00e9 \u00e8 costruito su una blockchain, un sistema di registro decentralizzato.<\/p>\n\n\n\n<h2 class=\"wp-block-heading\">Vantaggi dell&#8217;acquisto del token Wadzpay <\/h2>\n\n\n\n<p>L&#8217;acquisto del token Wadzpay offre diversi vantaggi. Uno dei benefici \u00e8 che pu\u00f2 essere un modo rapido e facile per effettuare pagamenti online. Senza utilizzare una banca o altre istituzioni finanziarie, il token Wadzpay pu\u00f2 essere utilizzato per pagare direttamente beni e servizi. Inoltre, utilizzando il token Wadzpay si possono evitare i costi e i ritardi associati alla elaborazione delle transazioni tramite banche e altri intermediari, rendendo il pagamento pi\u00f9 rapido ed economico.<\/p>\n\n\n\n<p>Come investimento, il token Wadzpay potrebbe anche offrire alcuni potenziali benefici. Il valore del token Wadzpay \u00e8 soggetto a grandi fluttuazioni, ma c&#8217;\u00e8 sempre la possibilit\u00e0 di ottenere un profitto se il valore della moneta aumenta. Prima di investire in qualsiasi criptovaluta, \u00e8 necessario fare la propria ricerca e capire i rischi. Come con qualsiasi investimento, diversificare il proprio portafoglio \u00e8 sempre una scelta intelligente, e non si dovrebbe mai investire pi\u00f9 di quanto si possa permettersi di perdere.<\/p>\n\n\n\n<figure class=\"wp-block-embed is-type-video is-provider-youtube wp-block-embed-youtube wp-embed-aspect-16-9 wp-has-aspect-ratio\"><div class=\"wp-block-embed__wrapper\">\n<iframe title=\"WADZPAY IS THE FUTURE OF CRYPTO PAYMENTS! 400X YOUR MONEY\" width=\"800\" height=\"450\" src=\"https:\/\/www.youtube.com\/embed\/L2EUybC0N4w?feature=oembed\" frameborder=\"0\" allow=\"accelerometer; autoplay; clipboard-write; encrypted-media; gyroscope; picture-in-picture; web-share\" allowfullscreen><\/iframe>\n<\/div><\/figure>\n\n\n\n<h2 class=\"wp-block-heading\">Come acquistare il token Wadzpay nel Regno Unito: Guida passo-passo <\/h2>\n\n\n\n<ol><li>Trova un exchange di bitcoin affidabile che operi nel Regno Unito.<br><br><\/li><li>Potresti iniziare cercando exchange ben noti e affidabili come Coinbase, Binance o Kraken.<br><br><\/li><li>Per assicurarti che l&#8217;exchange sia affidabile e abbia una solida reputazione, fai attenzione a leggere le recensioni e condurre la tua ricerca.<br><br><\/li><li>Registrati per un account di exchange, quindi completa il processo di verifica.<br><br><\/li><li>Per aprire un account, la maggior parte degli exchange richieder\u00e0 di fornire alcune informazioni personali e documenti di identificazione.<br><br><\/li><li>Si tratta di una precauzione comune per la sicurezza contro le frodi e per garantire il rispetto delle norme.<br><br><\/li><li>Seleziona il token Wadzpay sulla pagina &#8220;Acquista&#8221; o &#8220;Scambia&#8221; dell&#8217;exchange.<br><br><\/li><li>Per acquistare il Token Wadzpay utilizzando il tuo mezzo di pagamento preferito, come il bonifico bancario, la carta di debito o la carta di credito, cerca l&#8217;opzione corrispondente.<br><br><\/li><li>Per completare la transazione, inserisci quante unit\u00e0 di Token Wadzpay desideri acquistare e segui le istruzioni visualizzate sullo schermo.<br><br><\/li><li>Il tuo pagamento sar\u00e0 elaborato dall&#8217;exchange e il Token Wadzpay verr\u00e0 inviato al tuo account.<\/li><\/ol>\n\n\n\n<h2 class=\"wp-block-heading\">Acquisto del Token Wadzpay e tasse nel Regno Unito<\/h2>\n\n\n\n<p>Quando vendi o dismetti il Token Wadzpay che hai acquistato come investimento, puoi essere responsabile per la tassa sulle plusvalenze. Nel Regno Unito, la tassa sulle plusvalenze \u00e8 spesso dovuta sulla differenza tra il prezzo di vendita dei token e il loro prezzo di acquisto iniziale. Tuttavia, a seconda della tua situazione, possono essere disponibili diverse esenzioni e agevolazioni fiscali. Quando acquisti e vendi il Token Wadzpay nel Regno Unito, \u00e8 cruciale parlare con un esperto fiscale o ottenere indicazioni dall&#8217;Agenzia delle entrate e delle dogane (HMRC) per comprendere le tue responsabilit\u00e0 fiscali. Le sanzioni e le multe possono essere applicate se non viene pagata la giusta quantit\u00e0 di tasse.<\/p>\n\n\n\n<h2 class=\"wp-block-heading\">Conclusione<\/h2>\n\n\n\n<p>Un modo rapido ed efficace per inviare denaro e forse anche investire in criptovalute \u00e8 acquistare il Token Wadzpay nel Regno Unito. Tuttavia, \u00e8 cruciale condurre la propria ricerca, scegliere un exchange affidabile, essere consapevoli di eventuali commissioni o limiti e comprendere i rischi associati agli investimenti in bitcoin. \u00c8 anche fondamentale essere consapevoli dei propri doveri fiscali e, se necessario, ottenere consigli da un esperto fiscale. Comprendere i pericoli e fare solo investimenti che ci si pu\u00f2 permettere di perdere \u00e8 cruciale quando si effettua qualsiasi tipo di investimento.<\/p>\n\n\n\n<!-- Page-list plugin v.5.9 wordpress.org\/plugins\/page-list\/ -->\n<ul class=\"page-list siblings-page-list \">\n<li class=\"page_item page-item-22038\"><a href=\"https:\/\/allin1bitcoins.com\/it\/crypto\/wadzpay-token\/google-pay\/\">Come Acquistare Il Token Wadzpay (WTK) Con Google Pay<\/a><\/li>\n<li class=\"page_item page-item-22058\"><a href=\"https:\/\/allin1bitcoins.com\/it\/crypto\/wadzpay-token\/credit-card\/\">Come Acquistare Il Token Wadzpay (WTK) Con Una Carta Di Credito<\/a><\/li>\n<li class=\"page_item page-item-22049\"><a href=\"https:\/\/allin1bitcoins.com\/it\/crypto\/wadzpay-token\/debit-card\/\">Come Acquistare Il Token Wadzpay (WTK) Con Una Carta Di Debito<\/a><\/li>\n<li class=\"page_item page-item-22028\"><a href=\"https:\/\/allin1bitcoins.com\/it\/crypto\/wadzpay-token\/australia\/\">Come Acquistare Il Token Wadzpay (WTK) In Australia<\/a><\/li>\n<li class=\"page_item page-item-22071\"><a href=\"https:\/\/allin1bitcoins.com\/it\/crypto\/wadzpay-token\/germany\/\">Come Acquistare Il Token Wadzpay (WTK) In Germania<\/a><\/li>\n<li class=\"page_item page-item-22014\"><a href=\"https:\/\/allin1bitcoins.com\/it\/crypto\/wadzpay-token\/united-states\/\">Come Acquistare Wadzpay Token (WTK) Negli Stati Uniti<\/a><\/li>\n<li class=\"page_item page-item-22004\"><a href=\"https:\/\/allin1bitcoins.com\/it\/crypto\/wadzpay-token\/united-kingdom\/\">Come Acquistare Wadzpay Token (WTK) Nel Regno Unito<\/a><\/li>\n<li class=\"page_item page-item-22082\"><a href=\"https:\/\/allin1bitcoins.com\/it\/crypto\/wadzpay-token\/paypal\/\">Come Comprare Il Token Wadzpay (WTK) Con PayPal<\/a><\/li>\n\n<\/ul>\n","protected":false},"excerpt":{"rendered":"<p>Puoi acquistare il token Wadzpay nel Regno Unito. Queste procedure devono essere seguite per acquistare il token Wadzpay nel Regno Unito: Trova un exchange di bitcoin affidabile che operi nel Regno Unito. Registrati per un account di exchange, quindi completa il processo di verifica. Seleziona il token Wadzpay sulla pagina &#8220;Acquista&#8221; o &#8220;Scambia&#8221; dell&#8217;exchange. Scegli&#8230;<\/p>\n","protected":false},"author":3,"featured_media":15147,"parent":21994,"menu_order":0,"comment_status":"closed","ping_status":"closed","template":"","meta":{"cybocfi_hide_featured_image":"","footnotes":""},"acf":[],"yoast_head":"<!-- This site is optimized with the Yoast SEO plugin v21.7 - https:\/\/yoast.com\/wordpress\/plugins\/seo\/ -->\n<title>Come Acquistare Wadzpay Token (WTK) Nel Regno Unito<\/title>\n<meta name=\"description\" content=\"Un modo veloce ed efficace per inviare denaro e forse anche investire in criptovalute \u00e8 l&#039;acquisto di Wadzpay Token nel Regno Unito.\" \/>\n<meta name=\"robots\" content=\"index, follow, max-snippet:-1, max-image-preview:large, max-video-preview:-1\" \/>\n<link rel=\"canonical\" href=\"https:\/\/allin1bitcoins.com\/it\/crypto\/wadzpay-token\/united-kingdom\/\" \/>\n<meta property=\"og:locale\" content=\"it_IT\" \/>\n<meta property=\"og:type\" content=\"article\" \/>\n<meta property=\"og:title\" content=\"Come Acquistare Wadzpay Token (WTK) Nel Regno Unito\" \/>\n<meta property=\"og:description\" content=\"Un modo veloce ed efficace per inviare denaro e forse anche investire in criptovalute \u00e8 l&#039;acquisto di Wadzpay Token nel Regno Unito.\" \/>\n<meta property=\"og:url\" content=\"https:\/\/allin1bitcoins.com\/it\/crypto\/wadzpay-token\/united-kingdom\/\" \/>\n<meta property=\"og:site_name\" content=\"Allin1Bitcoins\" \/>\n<meta property=\"article:modified_time\" content=\"2023-02-22T09:18:46+00:00\" \/>\n<meta property=\"og:image\" content=\"https:\/\/allin1bitcoins.com\/wp-content\/uploads\/2023\/01\/pexels-tima-miroshnichenko-7567222.jpg\" \/>\n\t<meta property=\"og:image:width\" content=\"1280\" \/>\n\t<meta property=\"og:image:height\" content=\"853\" \/>\n\t<meta property=\"og:image:type\" content=\"image\/jpeg\" \/>\n<meta name=\"twitter:card\" content=\"summary_large_image\" \/>\n<meta name=\"twitter:label1\" content=\"Est. reading time\" \/>\n\t<meta name=\"twitter:data1\" content=\"4 minutes\" \/>\n<!-- \/ Yoast SEO plugin. -->","yoast_head_json":{"title":"Come Acquistare Wadzpay Token (WTK) Nel Regno Unito","description":"Un modo veloce ed efficace per inviare denaro e forse anche investire in criptovalute \u00e8 l'acquisto di Wadzpay Token nel Regno Unito.","robots":{"index":"index","follow":"follow","max-snippet":"max-snippet:-1","max-image-preview":"max-image-preview:large","max-video-preview":"max-video-preview:-1"},"canonical":"https:\/\/allin1bitcoins.com\/it\/crypto\/wadzpay-token\/united-kingdom\/","og_locale":"it_IT","og_type":"article","og_title":"Come Acquistare Wadzpay Token (WTK) Nel Regno Unito","og_description":"Un modo veloce ed efficace per inviare denaro e forse anche investire in criptovalute \u00e8 l'acquisto di Wadzpay Token nel Regno Unito.","og_url":"https:\/\/allin1bitcoins.com\/it\/crypto\/wadzpay-token\/united-kingdom\/","og_site_name":"Allin1Bitcoins","article_modified_time":"2023-02-22T09:18:46+00:00","og_image":[{"width":1280,"height":853,"url":"https:\/\/allin1bitcoins.com\/wp-content\/uploads\/2023\/01\/pexels-tima-miroshnichenko-7567222.jpg","type":"image\/jpeg"}],"twitter_card":"summary_large_image","twitter_misc":{"Est. reading time":"4 minutes"},"schema":{"@context":"https:\/\/schema.org","@graph":[{"@type":"WebPage","@id":"https:\/\/allin1bitcoins.com\/it\/crypto\/wadzpay-token\/united-kingdom\/","url":"https:\/\/allin1bitcoins.com\/it\/crypto\/wadzpay-token\/united-kingdom\/","name":"Come Acquistare Wadzpay Token (WTK) Nel Regno Unito","isPartOf":{"@id":"https:\/\/allin1bitcoins.com\/it\/#website"},"datePublished":"2023-02-22T09:17:56+00:00","dateModified":"2023-02-22T09:18:46+00:00","description":"Un modo veloce ed efficace per inviare denaro e forse anche investire in criptovalute \u00e8 l'acquisto di Wadzpay Token nel Regno Unito.","breadcrumb":{"@id":"https:\/\/allin1bitcoins.com\/it\/crypto\/wadzpay-token\/united-kingdom\/#breadcrumb"},"inLanguage":"it","potentialAction":[{"@type":"ReadAction","target":["https:\/\/allin1bitcoins.com\/it\/crypto\/wadzpay-token\/united-kingdom\/"]}]},{"@type":"BreadcrumbList","@id":"https:\/\/allin1bitcoins.com\/it\/crypto\/wadzpay-token\/united-kingdom\/#breadcrumb","itemListElement":[{"@type":"ListItem","position":1,"name":"Home","item":"https:\/\/allin1bitcoins.com\/it\/"},{"@type":"ListItem","position":2,"name":"Crypto","item":"https:\/\/allin1bitcoins.com\/it\/crypto\/"},{"@type":"ListItem","position":3,"name":"Come Comprare Il Token Wadzpay (WTK) &#8211; Guida Passo Passo 2023","item":"https:\/\/allin1bitcoins.com\/it\/crypto\/wadzpay-token\/"},{"@type":"ListItem","position":4,"name":"Come Acquistare Wadzpay Token (WTK) Nel Regno Unito"}]},{"@type":"WebSite","@id":"https:\/\/allin1bitcoins.com\/it\/#website","url":"https:\/\/allin1bitcoins.com\/it\/","name":"Allin1Bitcoins","description":"","publisher":{"@id":"https:\/\/allin1bitcoins.com\/it\/#organization"},"potentialAction":[{"@type":"SearchAction","target":{"@type":"EntryPoint","urlTemplate":"https:\/\/allin1bitcoins.com\/it\/?s={search_term_string}"},"query-input":"required name=search_term_string"}],"inLanguage":"it"},{"@type":"Organization","@id":"https:\/\/allin1bitcoins.com\/it\/#organization","name":"allin1bitcoins","url":"https:\/\/allin1bitcoins.com\/it\/","logo":{"@type":"ImageObject","inLanguage":"it","@id":"https:\/\/allin1bitcoins.com\/it\/#\/schema\/logo\/image\/","url":"https:\/\/allin1bitcoins.com\/wp-content\/uploads\/2019\/01\/logo-new.png","contentUrl":"https:\/\/allin1bitcoins.com\/wp-content\/uploads\/2019\/01\/logo-new.png","width":178,"height":71,"caption":"allin1bitcoins"},"image":{"@id":"https:\/\/allin1bitcoins.com\/it\/#\/schema\/logo\/image\/"}}]}},"_links":{"self":[{"href":"https:\/\/allin1bitcoins.com\/it\/wp-json\/wp\/v2\/pages\/22004"}],"collection":[{"href":"https:\/\/allin1bitcoins.com\/it\/wp-json\/wp\/v2\/pages"}],"about":[{"href":"https:\/\/allin1bitcoins.com\/it\/wp-json\/wp\/v2\/types\/page"}],"author":[{"embeddable":true,"href":"https:\/\/allin1bitcoins.com\/it\/wp-json\/wp\/v2\/users\/3"}],"replies":[{"embeddable":true,"href":"https:\/\/allin1bitcoins.com\/it\/wp-json\/wp\/v2\/comments?post=22004"}],"version-history":[{"count":2,"href":"https:\/\/allin1bitcoins.com\/it\/wp-json\/wp\/v2\/pages\/22004\/revisions"}],"predecessor-version":[{"id":22008,"href":"https:\/\/allin1bitcoins.com\/it\/wp-json\/wp\/v2\/pages\/22004\/revisions\/22008"}],"up":[{"embeddable":true,"href":"https:\/\/allin1bitcoins.com\/it\/wp-json\/wp\/v2\/pages\/21994"}],"wp:featuredmedia":[{"embeddable":true,"href":"https:\/\/allin1bitcoins.com\/it\/wp-json\/wp\/v2\/media\/15147"}],"wp:attachment":[{"href":"https:\/\/allin1bitcoins.com\/it\/wp-json\/wp\/v2\/media?parent=22004"}],"curies":[{"name":"wp","href":"https:\/\/api.w.org\/{rel}","templated":true}]}}