{"id":22082,"date":"2023-02-22T22:03:40","date_gmt":"2023-02-22T22:03:40","guid":{"rendered":"https:\/\/allin1bitcoins.com\/?page_id=22082"},"modified":"2023-02-22T22:03:43","modified_gmt":"2023-02-22T22:03:43","slug":"paypal","status":"publish","type":"page","link":"https:\/\/allin1bitcoins.com\/it\/crypto\/wadzpay-token\/paypal\/","title":{"rendered":"Come Comprare Il Token Wadzpay (WTK) Con PayPal"},"content":{"rendered":"\n<h2 class=\"wp-block-heading\">Breve risposta: \u00c8 possibile acquistare il Wadzpay Token con PayPal.<\/h2>\n\n\n\n<p>Per acquistare il Wadzpay Token con PayPal, \u00e8 necessario trovare uno scambio o un broker di criptovalute che fornisca il Wadzpay Token e accetti PayPal come forma di pagamento. Il passo successivo consiste nella registrazione di un account, nella conferma dell&#8217;identit\u00e0 e nel deposito di denaro tramite PayPal. Un portafoglio personale ricever\u00e0 il Wadzpay Token che hai ordinato in precedenza.<\/p>\n\n\n\n<h2 class=\"wp-block-heading\">Panoramica del Wadzpay Token<\/h2>\n\n\n\n<p>L&#8217;ecosistema Wadzpay, composto da un gateway di pagamento, un marketplace e altri servizi finanziari, utilizza il Wadzpay Token come asset digitale. Costruito sulla blockchain Ethereum, il Wadzpay Token utilizza i contratti intelligenti per velocizzare le transazioni e offrire una piattaforma sicura e decentralizzata.<\/p>\n\n\n\n<h2 class=\"wp-block-heading\">Perch\u00e9 acquistare il Wadzpay Token tramite PayPal<\/h2>\n\n\n\n<p><strong>Potresti voler acquistare il Wadzpay Token utilizzando PayPal per diverse ragioni, tra cui:<\/strong><\/p>\n\n\n\n<ul><li><strong>Convenienza: <\/strong>Puoi effettuare pagamenti online in modo comodo e sicuro utilizzando PayPal, una forma di pagamento frequentemente utilizzata.<br><br><\/li><li><strong>Velocit\u00e0: <\/strong>Effettuare un deposito con PayPal richiede di solito meno tempo rispetto a un bonifico bancario o una carta di credito, consentendoti di iniziare a negoziare il Wadzpay Token pi\u00f9 rapidamente.<br><br><\/li><li><strong>Sicurezza: <\/strong>PayPal fornisce robuste misure di sicurezza per proteggere i tuoi dati finanziari e prevenire frodi.<\/li><\/ul>\n\n\n\n<figure class=\"wp-block-embed is-type-video is-provider-youtube wp-block-embed-youtube wp-embed-aspect-16-9 wp-has-aspect-ratio\"><div class=\"wp-block-embed__wrapper\">\n<iframe title=\"UNDERVALUED GEM - WADZ PAY TO 100X YOUR MONEY IN 2023?\" width=\"800\" height=\"450\" src=\"https:\/\/www.youtube.com\/embed\/EnWUZ4xajfg?feature=oembed\" frameborder=\"0\" allow=\"accelerometer; autoplay; clipboard-write; encrypted-media; gyroscope; picture-in-picture; web-share\" allowfullscreen><\/iframe>\n<\/div><\/figure>\n\n\n\n<h2 class=\"wp-block-heading\">Come acquistare il Wadzpay Token con PayPal in dettaglio<\/h2>\n\n\n\n<ol><li>Trova uno scambio o un broker di criptovalute che fornisca il Wadzpay Token e accetti PayPal: PayPal \u00e8 accettato da diversi scambi e broker quando si acquista il Wadzpay Token. Le scelte popolari includono Paxful, Coinbase e eToro.<br><br><\/li><li>Crea un account: Una volta individuato uno scambio o un broker che soddisfi le tue esigenze, dovrai crearne uno inserendo alcune informazioni personali, come il tuo nome, indirizzo email e informazioni di contatto. Potrebbe anche essere richiesto di mostrare una copia di un documento d&#8217;identit\u00e0 rilasciato dal governo o altri documenti per provare la tua identit\u00e0.<br><br><\/li><li>Deposita denaro con PayPal: Dopo aver creato il tuo account, dovrai depositare denaro con PayPal. Seleziona il pulsante &#8220;Deposita&#8221; o &#8220;Fondi&#8221; e segui le istruzioni visualizzate sullo schermo.<br><br><\/li><li>Puoi effettuare un ordine per acquistare il Wadzpay Token una volta che i tuoi fondi sono stati accreditati sul tuo account. A seconda dello scambio o del broker che scegli, la procedura varia, ma in generale devi indicare la quantit\u00e0 di Wadzpay Token che desideri acquistare, il prezzo che sei disposto a pagare e la modalit\u00e0 di pagamento (PayPal).<br><br><\/li><li>Dopo che il tuo ordine \u00e8 stato soddisfatto e il tuo Wadzpay Token \u00e8 stato accreditato sul tuo account, dovresti prelevarli su un portafoglio privato che controlli tu. Mantenere i tuoi token al sicuro invece di lasciarli su una piattaforma di scambio o broker \u00e8 fondamentale per motivi di sicurezza.<\/li><\/ol>\n\n\n\n<h2 class=\"wp-block-heading\">Svantaggi dell&#8217;uso di PayPal per l&#8217;acquisto di Wadzpay Token<\/h2>\n\n\n\n<p><strong>L&#8217;acquisto di Wadzpay Token con PayPal pu\u00f2 presentare alcuni svantaggi, come:<\/strong><\/p>\n\n\n\n<ul><li><strong>Disponibilit\u00e0 limitata: <\/strong>potresti avere meno alternative perch\u00e9 non tutti gli scambi e i broker consentono PayPal come forma di pagamento.<br><br><\/li><li><strong>Commissioni: <\/strong>ogni transazione con PayPal comporta una commissione, che potrebbe ridurre i tuoi profitti o aumentare il prezzo che paghi per acquistare Wadzpay Token.<br><br><\/li><li><strong>Volatilit\u00e0:<\/strong> il prezzo delle criptovalute \u00e8 estremamente volatile, il che significa che pu\u00f2 cambiare notevolmente in breve tempo. Ci\u00f2 rende difficile prevedere il valore del tuo Wadzpay Token e aumenta il rischio di detenerlo.<\/li><\/ul>\n\n\n\n<h2 class=\"wp-block-heading\">Conclusione<\/h2>\n\n\n\n<p>L&#8217;acquisto di Wadzpay Token con PayPal \u00e8 un modo comodo e sicuro per entrare nel mercato delle criptovalute e iniziare a utilizzare i servizi finanziari di Wadzpay. Tuttavia, \u00e8 importante considerare attentamente i rischi e le commissioni coinvolti e fare la tua dovuta diligenza prima di scegliere uno scambio o un broker. Come per qualsiasi investimento, \u00e8 importante diversificare il tuo portafoglio e non mettere tutte le uova in un solo paniere.<\/p>\n\n\n\n<!-- Page-list plugin v.5.9 wordpress.org\/plugins\/page-list\/ -->\n<ul class=\"page-list siblings-page-list \">\n<li class=\"page_item page-item-22038\"><a href=\"https:\/\/allin1bitcoins.com\/it\/crypto\/wadzpay-token\/google-pay\/\">Come Acquistare Il Token Wadzpay (WTK) Con Google Pay<\/a><\/li>\n<li class=\"page_item page-item-22058\"><a href=\"https:\/\/allin1bitcoins.com\/it\/crypto\/wadzpay-token\/credit-card\/\">Come Acquistare Il Token Wadzpay (WTK) Con Una Carta Di Credito<\/a><\/li>\n<li class=\"page_item page-item-22049\"><a href=\"https:\/\/allin1bitcoins.com\/it\/crypto\/wadzpay-token\/debit-card\/\">Come Acquistare Il Token Wadzpay (WTK) Con Una Carta Di Debito<\/a><\/li>\n<li class=\"page_item page-item-22028\"><a href=\"https:\/\/allin1bitcoins.com\/it\/crypto\/wadzpay-token\/australia\/\">Come Acquistare Il Token Wadzpay (WTK) In Australia<\/a><\/li>\n<li class=\"page_item page-item-22071\"><a href=\"https:\/\/allin1bitcoins.com\/it\/crypto\/wadzpay-token\/germany\/\">Come Acquistare Il Token Wadzpay (WTK) In Germania<\/a><\/li>\n<li class=\"page_item page-item-22014\"><a href=\"https:\/\/allin1bitcoins.com\/it\/crypto\/wadzpay-token\/united-states\/\">Come Acquistare Wadzpay Token (WTK) Negli Stati Uniti<\/a><\/li>\n<li class=\"page_item page-item-22004\"><a href=\"https:\/\/allin1bitcoins.com\/it\/crypto\/wadzpay-token\/united-kingdom\/\">Come Acquistare Wadzpay Token (WTK) Nel Regno Unito<\/a><\/li>\n<li class=\"page_item page-item-22082\"><a href=\"https:\/\/allin1bitcoins.com\/it\/crypto\/wadzpay-token\/paypal\/\">Come Comprare Il Token Wadzpay (WTK) Con PayPal<\/a><\/li>\n\n<\/ul>\n","protected":false},"excerpt":{"rendered":"<p>Breve risposta: \u00c8 possibile acquistare il Wadzpay Token con PayPal. Per acquistare il Wadzpay Token con PayPal, \u00e8 necessario trovare uno scambio o un broker di criptovalute che fornisca il Wadzpay Token e accetti PayPal come forma di pagamento. Il passo successivo consiste nella registrazione di un account, nella conferma dell&#8217;identit\u00e0 e nel deposito di&#8230;<\/p>\n","protected":false},"author":3,"featured_media":15130,"parent":21994,"menu_order":0,"comment_status":"closed","ping_status":"closed","template":"","meta":{"cybocfi_hide_featured_image":"","footnotes":""},"acf":[],"yoast_head":"<!-- This site is optimized with the Yoast SEO plugin v21.7 - https:\/\/yoast.com\/wordpress\/plugins\/seo\/ -->\n<title>Come Comprare Il Token Wadzpay (WTK) Con PayPal<\/title>\n<meta name=\"description\" content=\"Devi individuare un exchange o un broker di criptovalute che offra Wadzpay e accetti PayPal come opzione di pagamento.\" \/>\n<meta name=\"robots\" content=\"index, follow, max-snippet:-1, max-image-preview:large, max-video-preview:-1\" \/>\n<link rel=\"canonical\" href=\"https:\/\/allin1bitcoins.com\/it\/crypto\/wadzpay-token\/paypal\/\" \/>\n<meta property=\"og:locale\" content=\"it_IT\" \/>\n<meta property=\"og:type\" content=\"article\" \/>\n<meta property=\"og:title\" content=\"Come Comprare Il Token Wadzpay (WTK) Con PayPal\" \/>\n<meta property=\"og:description\" content=\"Devi individuare un exchange o un broker di criptovalute che offra Wadzpay e accetti PayPal come opzione di pagamento.\" \/>\n<meta property=\"og:url\" content=\"https:\/\/allin1bitcoins.com\/it\/crypto\/wadzpay-token\/paypal\/\" \/>\n<meta property=\"og:site_name\" content=\"Allin1Bitcoins\" \/>\n<meta property=\"article:modified_time\" content=\"2023-02-22T22:03:43+00:00\" \/>\n<meta property=\"og:image\" content=\"https:\/\/allin1bitcoins.com\/wp-content\/uploads\/2023\/01\/denise-chan-i-EZGbJOMKQ-unsplash.jpg\" \/>\n\t<meta property=\"og:image:width\" content=\"640\" \/>\n\t<meta property=\"og:image:height\" content=\"480\" \/>\n\t<meta property=\"og:image:type\" content=\"image\/jpeg\" \/>\n<meta name=\"twitter:card\" content=\"summary_large_image\" \/>\n<meta name=\"twitter:label1\" content=\"Est. reading time\" \/>\n\t<meta name=\"twitter:data1\" content=\"3 minutes\" \/>\n<!-- \/ Yoast SEO plugin. -->","yoast_head_json":{"title":"Come Comprare Il Token Wadzpay (WTK) Con PayPal","description":"Devi individuare un exchange o un broker di criptovalute che offra Wadzpay e accetti PayPal come opzione di pagamento.","robots":{"index":"index","follow":"follow","max-snippet":"max-snippet:-1","max-image-preview":"max-image-preview:large","max-video-preview":"max-video-preview:-1"},"canonical":"https:\/\/allin1bitcoins.com\/it\/crypto\/wadzpay-token\/paypal\/","og_locale":"it_IT","og_type":"article","og_title":"Come Comprare Il Token Wadzpay (WTK) Con PayPal","og_description":"Devi individuare un exchange o un broker di criptovalute che offra Wadzpay e accetti PayPal come opzione di pagamento.","og_url":"https:\/\/allin1bitcoins.com\/it\/crypto\/wadzpay-token\/paypal\/","og_site_name":"Allin1Bitcoins","article_modified_time":"2023-02-22T22:03:43+00:00","og_image":[{"width":640,"height":480,"url":"https:\/\/allin1bitcoins.com\/wp-content\/uploads\/2023\/01\/denise-chan-i-EZGbJOMKQ-unsplash.jpg","type":"image\/jpeg"}],"twitter_card":"summary_large_image","twitter_misc":{"Est. reading time":"3 minutes"},"schema":{"@context":"https:\/\/schema.org","@graph":[{"@type":"WebPage","@id":"https:\/\/allin1bitcoins.com\/it\/crypto\/wadzpay-token\/paypal\/","url":"https:\/\/allin1bitcoins.com\/it\/crypto\/wadzpay-token\/paypal\/","name":"Come Comprare Il Token Wadzpay (WTK) Con PayPal","isPartOf":{"@id":"https:\/\/allin1bitcoins.com\/it\/#website"},"datePublished":"2023-02-22T22:03:40+00:00","dateModified":"2023-02-22T22:03:43+00:00","description":"Devi individuare un exchange o un broker di criptovalute che offra Wadzpay e accetti PayPal come opzione di pagamento.","breadcrumb":{"@id":"https:\/\/allin1bitcoins.com\/it\/crypto\/wadzpay-token\/paypal\/#breadcrumb"},"inLanguage":"it","potentialAction":[{"@type":"ReadAction","target":["https:\/\/allin1bitcoins.com\/it\/crypto\/wadzpay-token\/paypal\/"]}]},{"@type":"BreadcrumbList","@id":"https:\/\/allin1bitcoins.com\/it\/crypto\/wadzpay-token\/paypal\/#breadcrumb","itemListElement":[{"@type":"ListItem","position":1,"name":"Home","item":"https:\/\/allin1bitcoins.com\/it\/"},{"@type":"ListItem","position":2,"name":"Crypto","item":"https:\/\/allin1bitcoins.com\/it\/crypto\/"},{"@type":"ListItem","position":3,"name":"Come Comprare Il Token Wadzpay (WTK) &#8211; Guida Passo Passo 2023","item":"https:\/\/allin1bitcoins.com\/it\/crypto\/wadzpay-token\/"},{"@type":"ListItem","position":4,"name":"Come Comprare Il Token Wadzpay (WTK) Con PayPal"}]},{"@type":"WebSite","@id":"https:\/\/allin1bitcoins.com\/it\/#website","url":"https:\/\/allin1bitcoins.com\/it\/","name":"Allin1Bitcoins","description":"","publisher":{"@id":"https:\/\/allin1bitcoins.com\/it\/#organization"},"potentialAction":[{"@type":"SearchAction","target":{"@type":"EntryPoint","urlTemplate":"https:\/\/allin1bitcoins.com\/it\/?s={search_term_string}"},"query-input":"required name=search_term_string"}],"inLanguage":"it"},{"@type":"Organization","@id":"https:\/\/allin1bitcoins.com\/it\/#organization","name":"allin1bitcoins","url":"https:\/\/allin1bitcoins.com\/it\/","logo":{"@type":"ImageObject","inLanguage":"it","@id":"https:\/\/allin1bitcoins.com\/it\/#\/schema\/logo\/image\/","url":"https:\/\/allin1bitcoins.com\/wp-content\/uploads\/2019\/01\/logo-new.png","contentUrl":"https:\/\/allin1bitcoins.com\/wp-content\/uploads\/2019\/01\/logo-new.png","width":178,"height":71,"caption":"allin1bitcoins"},"image":{"@id":"https:\/\/allin1bitcoins.com\/it\/#\/schema\/logo\/image\/"}}]}},"_links":{"self":[{"href":"https:\/\/allin1bitcoins.com\/it\/wp-json\/wp\/v2\/pages\/22082"}],"collection":[{"href":"https:\/\/allin1bitcoins.com\/it\/wp-json\/wp\/v2\/pages"}],"about":[{"href":"https:\/\/allin1bitcoins.com\/it\/wp-json\/wp\/v2\/types\/page"}],"author":[{"embeddable":true,"href":"https:\/\/allin1bitcoins.com\/it\/wp-json\/wp\/v2\/users\/3"}],"replies":[{"embeddable":true,"href":"https:\/\/allin1bitcoins.com\/it\/wp-json\/wp\/v2\/comments?post=22082"}],"version-history":[{"count":1,"href":"https:\/\/allin1bitcoins.com\/it\/wp-json\/wp\/v2\/pages\/22082\/revisions"}],"predecessor-version":[{"id":22083,"href":"https:\/\/allin1bitcoins.com\/it\/wp-json\/wp\/v2\/pages\/22082\/revisions\/22083"}],"up":[{"embeddable":true,"href":"https:\/\/allin1bitcoins.com\/it\/wp-json\/wp\/v2\/pages\/21994"}],"wp:featuredmedia":[{"embeddable":true,"href":"https:\/\/allin1bitcoins.com\/it\/wp-json\/wp\/v2\/media\/15130"}],"wp:attachment":[{"href":"https:\/\/allin1bitcoins.com\/it\/wp-json\/wp\/v2\/media?parent=22082"}],"curies":[{"name":"wp","href":"https:\/\/api.w.org\/{rel}","templated":true}]}}