{"id":22138,"date":"2023-02-24T09:47:10","date_gmt":"2023-02-24T09:47:10","guid":{"rendered":"https:\/\/allin1bitcoins.com\/?page_id=22138"},"modified":"2023-02-24T09:47:12","modified_gmt":"2023-02-24T09:47:12","slug":"apple-pay","status":"publish","type":"page","link":"https:\/\/allin1bitcoins.com\/it\/crypto\/lingose\/apple-pay\/","title":{"rendered":"Come Acquistare Lingose (LING) Con Apple Pay"},"content":{"rendered":"\n<p>Acquistare Lingose coin con Apple Pay \u00e8 un modo veloce e conveniente per ottenere questa popolare criptovaluta. Il processo prevede la ricerca di un exchange di criptovalute che accetti Apple Pay e supporti Lingose coin, la creazione di un account e il collegamento del tuo account Apple Pay come metodo di pagamento. Una volta collegato il tuo account Apple Pay, puoi acquistare Lingose coin effettuando un ordine sulla piattaforma di trading dell&#8217;exchange. \u00c8 importante notare che potrebbero essere addebitate commissioni per l&#8217;utilizzo di Apple Pay e il tasso di cambio per gli acquisti con Apple Pay potrebbe essere pi\u00f9 alto rispetto ad altri metodi di pagamento.<\/p>\n\n\n\n<h2 class=\"wp-block-heading\">Panoramica di Lingose coin<\/h2>\n\n\n\n<p>Lingose coin \u00e8 una criptovaluta sviluppata nel 2018. Si basa sulla blockchain Ethereum, il che significa che utilizza smart contract per facilitare le transazioni e consentire varie applicazioni. Lingose coin \u00e8 progettata per essere utilizzata come mezzo di scambio e come deposito di valore. Prende il nome dalla lingua Lingose, una lingua immaginaria creata dagli sviluppatori della moneta.<\/p>\n\n\n\n<h2 class=\"wp-block-heading\">Perch\u00e9 vorresti acquistare Lingose coin con Apple Pay<\/h2>\n\n\n\n<p><strong>Ci sono diverse ragioni per cui potresti voler acquistare Lingose coin con Apple Pay, tra cui:<\/strong><\/p>\n\n\n\n<ul><li><strong>Convenienza:<\/strong> Apple Pay \u00e8 un metodo di pagamento ampiamente accettato e conveniente che pu\u00f2 essere utilizzato per acquistare Lingose coin e altri prodotti e servizi online.<br><br><\/li><li><strong>Velocit\u00e0: <\/strong>i pagamenti con Apple Pay vengono generalmente elaborati rapidamente, il che significa che puoi ottenere Lingose coin in pochi minuti.<br><br><\/li><li><strong>Sicurezza:<\/strong> Apple Pay offre un elevato livello di sicurezza per le transazioni online, il che pu\u00f2 darti tranquillit\u00e0 quando acquisti Lingose coin.<\/li><\/ul>\n\n\n\n<figure class=\"wp-block-embed is-type-video is-provider-youtube wp-block-embed-youtube wp-embed-aspect-16-9 wp-has-aspect-ratio\"><div class=\"wp-block-embed__wrapper\">\n<iframe title=\"Best Crypto Apps That Accept Apple Pay In 2023 \u2013 Try These 3!\" width=\"800\" height=\"450\" src=\"https:\/\/www.youtube.com\/embed\/67v4Y0sj-Oc?feature=oembed\" frameborder=\"0\" allow=\"accelerometer; autoplay; clipboard-write; encrypted-media; gyroscope; picture-in-picture; web-share\" allowfullscreen><\/iframe>\n<\/div><\/figure>\n\n\n\n<h2 class=\"wp-block-heading\">Tutorial passo passo su come acquistare Lingose coin con Apple Pay<\/h2>\n\n\n\n<ul><li><strong>Scegli un exchange:<\/strong> il primo passo per acquistare Lingose coin con Apple Pay \u00e8 trovare un exchange di criptovalute affidabile che supporti la moneta e accetti Apple Pay come metodo di pagamento. Alcune opzioni popolari includono Coinbase e Binance. \u00c8 importante fare le proprie ricerche e confrontare le commissioni, la sicurezza e la reputazione di diversi exchange prima di prendere una decisione.<br><br><\/li><li><strong>Crea un account:<\/strong> una volta scelto un exchange, dovrai creare un account fornendo alcune informazioni personali, come il tuo nome, indirizzo email e numero di telefono. Potrebbe anche essere necessario verificare la tua identit\u00e0 fornendo una copia del tuo documento d&#8217;identit\u00e0 rilasciato dal governo.<br><br><\/li><li><strong>Collegare un account Apple Pay: <\/strong>Dopo aver creato un account, sar\u00e0 necessario collegare il tuo account Apple Pay come metodo di pagamento. Il processo esatto per collegare un account Apple Pay varier\u00e0 a seconda dello scambio che utilizzi, ma in genere comporta la fornitura delle informazioni di accesso di Apple Pay e il completamento di eventuali passaggi di verifica necessari.<br><br><\/li><li><strong>Acquista la moneta Lingose:<\/strong> Una volta collegato il tuo account Apple Pay, puoi acquistare la moneta Lingose inserendo un ordine sulla piattaforma di trading dello scambio. Puoi specificare l&#8217;importo di moneta Lingose che desideri acquistare e il prezzo che sei disposto a pagare. Il tuo ordine verr\u00e0 eseguito una volta che sar\u00e0 abbinato a un venditore.<br><br><\/li><li><strong>Archivia la tua moneta Lingose: <\/strong>Dopo aver acquistato la moneta Lingose, sar\u00e0 necessario archiviarla in un portafoglio sicuro. Ci sono diversi tipi di portafogli disponibili, tra cui portafogli software, portafogli hardware e portafogli di carta. \u00c8 importante scegliere un portafoglio sicuro e adatto alle tue esigenze.<\/li><\/ul>\n\n\n\n<h2 class=\"wp-block-heading\">Svantaggi dell&#8217;acquisto di Lingose coin con Apple Pay<\/h2>\n\n\n\n<p><strong>Ci sono alcuni svantaggi nell&#8217;acquistare Lingose coin con Apple Pay, tra cui:<\/strong><\/p>\n\n\n\n<ul><li><strong>Commissioni:<\/strong> alcuni scambi addebitano commissioni per i pagamenti Apple Pay, il che pu\u00f2 aumentare il costo dell&#8217;acquisto di Lingose coin. \u00c8 importante leggere le note a pi\u00e8 di pagina e confrontare le commissioni addebitate dai diversi scambi prima di decidere quale utilizzare.<br><br><\/li><li><strong>Tasso di cambio: <\/strong>il tasso di cambio per gli acquisti con Apple Pay pu\u00f2 essere superiore rispetto ad altri metodi di pagamento, come i bonifici bancari. Ci\u00f2 significa che potresti pagare di pi\u00f9 per la tua moneta Lingose quando utilizzi Apple Pay.<br><br><\/li><li><strong>Disponibilit\u00e0 limitata: <\/strong>non tutti gli scambi di criptovalute accettano Apple Pay come metodo di pagamento, il che potrebbe limitare le tue opzioni quando acquisti la moneta Lingose.<\/li><\/ul>\n\n\n\n<h2 class=\"wp-block-heading\">Conclusione<\/h2>\n\n\n\n<p>L&#8217;acquisto di Lingose coin con Apple Pay \u00e8 un modo rapido e conveniente per mettere le mani su questa popolare criptovaluta. Offre i vantaggi di velocit\u00e0, convenienza e sicurezza. Tuttavia, \u00e8 importante essere consapevoli dei potenziali svantaggi, tra cui commissioni, tassi di cambio e disponibilit\u00e0 limitata, prima di prendere una decisione. \u00c8 anche consigliabile fare la propria ricerca e dovuta diligenza e consultare un consulente finanziario o professionista prima di prendere qualsiasi decisione di investimento.<\/p>\n\n\n\n<!-- Page-list plugin v.5.9 wordpress.org\/plugins\/page-list\/ -->\n<ul class=\"page-list siblings-page-list \">\n<li class=\"page_item page-item-22147\"><a href=\"https:\/\/allin1bitcoins.com\/it\/crypto\/lingose\/paypal\/\">Come Acquistare  Lingose (LING) Con PayPal<\/a><\/li>\n<li class=\"page_item page-item-22138\"><a href=\"https:\/\/allin1bitcoins.com\/it\/crypto\/lingose\/apple-pay\/\">Come Acquistare Lingose (LING) Con Apple Pay<\/a><\/li>\n<li class=\"page_item page-item-22171\"><a href=\"https:\/\/allin1bitcoins.com\/it\/crypto\/lingose\/credit-card\/\">Come Acquistare Lingose (LING) Con Una Carta Di Credito<\/a><\/li>\n<li class=\"page_item page-item-22157\"><a href=\"https:\/\/allin1bitcoins.com\/it\/crypto\/lingose\/debit-card\/\">Come Acquistare Lingose (LING) Con Una Carta Di Debito<\/a><\/li>\n<li class=\"page_item page-item-22130\"><a href=\"https:\/\/allin1bitcoins.com\/it\/crypto\/lingose\/canada\/\">Come Acquistare Lingose (LING) In Canada<\/a><\/li>\n<li class=\"page_item page-item-22116\"><a href=\"https:\/\/allin1bitcoins.com\/it\/crypto\/lingose\/united-states\/\">Come Acquistare Lingose (LING) Negli Stati Uniti<\/a><\/li>\n<li class=\"page_item page-item-22107\"><a href=\"https:\/\/allin1bitcoins.com\/it\/crypto\/lingose\/united-kingdom\/\">Come Acquistare Lingose (LING) Nel Regno Unito<\/a><\/li>\n\n<\/ul>\n","protected":false},"excerpt":{"rendered":"<p>Acquistare Lingose coin con Apple Pay \u00e8 un modo veloce e conveniente per ottenere questa popolare criptovaluta. Il processo prevede la ricerca di un exchange di criptovalute che accetti Apple Pay e supporti Lingose coin, la creazione di un account e il collegamento del tuo account Apple Pay come metodo di pagamento. Una volta collegato&#8230;<\/p>\n","protected":false},"author":3,"featured_media":16345,"parent":22097,"menu_order":0,"comment_status":"closed","ping_status":"closed","template":"","meta":{"cybocfi_hide_featured_image":"","footnotes":""},"acf":[],"yoast_head":"<!-- This site is optimized with the Yoast SEO plugin v21.7 - https:\/\/yoast.com\/wordpress\/plugins\/seo\/ -->\n<title>Come Acquistare Lingose (LING) Con Apple Pay<\/title>\n<meta name=\"description\" content=\"L&#039;acquisto di Lingose coin con Apple Pay \u00e8 un modo rapido e conveniente per ottenere questa popolare criptovaluta.\" \/>\n<meta name=\"robots\" content=\"index, follow, max-snippet:-1, max-image-preview:large, max-video-preview:-1\" \/>\n<link rel=\"canonical\" href=\"https:\/\/allin1bitcoins.com\/it\/crypto\/lingose\/apple-pay\/\" \/>\n<meta property=\"og:locale\" content=\"it_IT\" \/>\n<meta property=\"og:type\" content=\"article\" \/>\n<meta property=\"og:title\" content=\"Come Acquistare Lingose (LING) Con Apple Pay\" \/>\n<meta property=\"og:description\" content=\"L&#039;acquisto di Lingose coin con Apple Pay \u00e8 un modo rapido e conveniente per ottenere questa popolare criptovaluta.\" \/>\n<meta property=\"og:url\" content=\"https:\/\/allin1bitcoins.com\/it\/crypto\/lingose\/apple-pay\/\" \/>\n<meta property=\"og:site_name\" content=\"Allin1Bitcoins\" \/>\n<meta property=\"article:modified_time\" content=\"2023-02-24T09:47:12+00:00\" \/>\n<meta property=\"og:image\" content=\"https:\/\/allin1bitcoins.com\/wp-content\/uploads\/2023\/01\/saad-jameel-Ts69r4ehizo-unsplash.jpg\" \/>\n\t<meta property=\"og:image:width\" content=\"1920\" \/>\n\t<meta property=\"og:image:height\" content=\"1080\" \/>\n\t<meta property=\"og:image:type\" content=\"image\/jpeg\" \/>\n<meta name=\"twitter:card\" content=\"summary_large_image\" \/>\n<meta name=\"twitter:label1\" content=\"Est. reading time\" \/>\n\t<meta name=\"twitter:data1\" content=\"4 minutes\" \/>\n<!-- \/ Yoast SEO plugin. -->","yoast_head_json":{"title":"Come Acquistare Lingose (LING) Con Apple Pay","description":"L'acquisto di Lingose coin con Apple Pay \u00e8 un modo rapido e conveniente per ottenere questa popolare criptovaluta.","robots":{"index":"index","follow":"follow","max-snippet":"max-snippet:-1","max-image-preview":"max-image-preview:large","max-video-preview":"max-video-preview:-1"},"canonical":"https:\/\/allin1bitcoins.com\/it\/crypto\/lingose\/apple-pay\/","og_locale":"it_IT","og_type":"article","og_title":"Come Acquistare Lingose (LING) Con Apple Pay","og_description":"L'acquisto di Lingose coin con Apple Pay \u00e8 un modo rapido e conveniente per ottenere questa popolare criptovaluta.","og_url":"https:\/\/allin1bitcoins.com\/it\/crypto\/lingose\/apple-pay\/","og_site_name":"Allin1Bitcoins","article_modified_time":"2023-02-24T09:47:12+00:00","og_image":[{"width":1920,"height":1080,"url":"https:\/\/allin1bitcoins.com\/wp-content\/uploads\/2023\/01\/saad-jameel-Ts69r4ehizo-unsplash.jpg","type":"image\/jpeg"}],"twitter_card":"summary_large_image","twitter_misc":{"Est. reading time":"4 minutes"},"schema":{"@context":"https:\/\/schema.org","@graph":[{"@type":"WebPage","@id":"https:\/\/allin1bitcoins.com\/it\/crypto\/lingose\/apple-pay\/","url":"https:\/\/allin1bitcoins.com\/it\/crypto\/lingose\/apple-pay\/","name":"Come Acquistare Lingose (LING) Con Apple Pay","isPartOf":{"@id":"https:\/\/allin1bitcoins.com\/it\/#website"},"datePublished":"2023-02-24T09:47:10+00:00","dateModified":"2023-02-24T09:47:12+00:00","description":"L'acquisto di Lingose coin con Apple Pay \u00e8 un modo rapido e conveniente per ottenere questa popolare criptovaluta.","breadcrumb":{"@id":"https:\/\/allin1bitcoins.com\/it\/crypto\/lingose\/apple-pay\/#breadcrumb"},"inLanguage":"it","potentialAction":[{"@type":"ReadAction","target":["https:\/\/allin1bitcoins.com\/it\/crypto\/lingose\/apple-pay\/"]}]},{"@type":"BreadcrumbList","@id":"https:\/\/allin1bitcoins.com\/it\/crypto\/lingose\/apple-pay\/#breadcrumb","itemListElement":[{"@type":"ListItem","position":1,"name":"Home","item":"https:\/\/allin1bitcoins.com\/it\/"},{"@type":"ListItem","position":2,"name":"Crypto","item":"https:\/\/allin1bitcoins.com\/it\/crypto\/"},{"@type":"ListItem","position":3,"name":"Come Acquistare Lingose (LING) &#8211; Guida Passo Passo","item":"https:\/\/allin1bitcoins.com\/it\/crypto\/lingose\/"},{"@type":"ListItem","position":4,"name":"Come Acquistare Lingose (LING) Con Apple Pay"}]},{"@type":"WebSite","@id":"https:\/\/allin1bitcoins.com\/it\/#website","url":"https:\/\/allin1bitcoins.com\/it\/","name":"Allin1Bitcoins","description":"","publisher":{"@id":"https:\/\/allin1bitcoins.com\/it\/#organization"},"potentialAction":[{"@type":"SearchAction","target":{"@type":"EntryPoint","urlTemplate":"https:\/\/allin1bitcoins.com\/it\/?s={search_term_string}"},"query-input":"required name=search_term_string"}],"inLanguage":"it"},{"@type":"Organization","@id":"https:\/\/allin1bitcoins.com\/it\/#organization","name":"allin1bitcoins","url":"https:\/\/allin1bitcoins.com\/it\/","logo":{"@type":"ImageObject","inLanguage":"it","@id":"https:\/\/allin1bitcoins.com\/it\/#\/schema\/logo\/image\/","url":"https:\/\/allin1bitcoins.com\/wp-content\/uploads\/2019\/01\/logo-new.png","contentUrl":"https:\/\/allin1bitcoins.com\/wp-content\/uploads\/2019\/01\/logo-new.png","width":178,"height":71,"caption":"allin1bitcoins"},"image":{"@id":"https:\/\/allin1bitcoins.com\/it\/#\/schema\/logo\/image\/"}}]}},"_links":{"self":[{"href":"https:\/\/allin1bitcoins.com\/it\/wp-json\/wp\/v2\/pages\/22138"}],"collection":[{"href":"https:\/\/allin1bitcoins.com\/it\/wp-json\/wp\/v2\/pages"}],"about":[{"href":"https:\/\/allin1bitcoins.com\/it\/wp-json\/wp\/v2\/types\/page"}],"author":[{"embeddable":true,"href":"https:\/\/allin1bitcoins.com\/it\/wp-json\/wp\/v2\/users\/3"}],"replies":[{"embeddable":true,"href":"https:\/\/allin1bitcoins.com\/it\/wp-json\/wp\/v2\/comments?post=22138"}],"version-history":[{"count":1,"href":"https:\/\/allin1bitcoins.com\/it\/wp-json\/wp\/v2\/pages\/22138\/revisions"}],"predecessor-version":[{"id":22142,"href":"https:\/\/allin1bitcoins.com\/it\/wp-json\/wp\/v2\/pages\/22138\/revisions\/22142"}],"up":[{"embeddable":true,"href":"https:\/\/allin1bitcoins.com\/it\/wp-json\/wp\/v2\/pages\/22097"}],"wp:featuredmedia":[{"embeddable":true,"href":"https:\/\/allin1bitcoins.com\/it\/wp-json\/wp\/v2\/media\/16345"}],"wp:attachment":[{"href":"https:\/\/allin1bitcoins.com\/it\/wp-json\/wp\/v2\/media?parent=22138"}],"curies":[{"name":"wp","href":"https:\/\/api.w.org\/{rel}","templated":true}]}}