{"id":22157,"date":"2023-02-24T10:19:38","date_gmt":"2023-02-24T10:19:38","guid":{"rendered":"https:\/\/allin1bitcoins.com\/?page_id=22157"},"modified":"2023-02-24T10:19:41","modified_gmt":"2023-02-24T10:19:41","slug":"debit-card","status":"publish","type":"page","link":"https:\/\/allin1bitcoins.com\/it\/crypto\/lingose\/debit-card\/","title":{"rendered":"Come Acquistare Lingose (LING) Con Una Carta Di Debito"},"content":{"rendered":"\n<p>L&#8217;acquisto di Lingose coin con una carta di debito \u00e8 un modo veloce e conveniente per ottenere questa popolare criptovaluta. I passaggi sono simili all&#8217;acquisto di qualsiasi altro bene o servizio online. Il primo passo \u00e8 trovare uno scambio affidabile di criptovalute che supporti Lingose coin e accetti pagamenti con carta di debito. Una volta aperto un account di trading, puoi acquistare Lingose coin online con la tua carta di debito come faresti per qualsiasi altro prodotto. Il tasso di cambio per gli acquisti con carta di debito potrebbe essere pi\u00f9 alto rispetto ad altri metodi di pagamento e potrebbero esserci delle commissioni associate all&#8217;uso di una carta di debito.<\/p>\n\n\n\n<h2 class=\"wp-block-heading\">Panoramica di Lingose coin<\/h2>\n\n\n\n<p>Lingose coin \u00e8 una criptovaluta creata nel 2018. Poich\u00e9 \u00e8 basata sulla blockchain Ethereum, i contratti intelligenti sono utilizzati per accelerare le transazioni e consentire una variet\u00e0 di applicazioni. Lingose coin \u00e8 destinato ad essere utilizzato sia come deposito di valore che come mezzo di scambio. Il nome deriva dal fatto che gli ideatori della moneta hanno inventato una lingua immaginaria chiamata Lingose.<\/p>\n\n\n\n<h2 class=\"wp-block-heading\">Perch\u00e9 usare una carta di debito per acquistare Lingose coin<\/h2>\n\n\n\n<p><strong>Potresti voler acquistare Lingose coin con una carta di debito per molte ragioni, ad esempio:<\/strong><\/p>\n\n\n\n<ul><li><strong>Convenienza: <\/strong>le carte di debito sono un modo popolare e pratico per pagare gli acquisti online di Lingose coin, cos\u00ec come di altri beni e servizi.<br><br><\/li><li><strong>Velocit\u00e0: <\/strong>poich\u00e9 i pagamenti con carta di debito vengono elaborati rapidamente, puoi ottenere Lingose coin in pochi minuti.<br><br><\/li><li><strong>Accesso diretto ai fondi:<\/strong> quando utilizzi una carta di debito per acquistare Lingose coin, i soldi vengono detratti direttamente dal tuo conto bancario, quindi non devi preoccuparti di saldare un debito della carta di credito o di pagare gli interessi.<\/li><\/ul>\n\n\n\n<h2 class=\"wp-block-heading\">Come acquistare Lingose coin con una carta di debito in dettaglio<\/h2>\n\n\n\n<ol><li>Il primo passo per acquistare Lingose coin con una carta di debito \u00e8 scegliere uno scambio. Lo scambio dovrebbe supportare Lingose coin e accettare pagamenti con carta di debito. Le due scelte pi\u00f9 popolari sono Coinbase e Binance. Prima di fare una scelta, \u00e8 importante condurre la propria ricerca ed esaminare i costi, la sicurezza e la reputazione di vari scambi.<br><br><\/li><li>Dopo aver scelto uno scambio, dovrai inserire alcuni dati personali, tra cui il tuo nome, indirizzo email e numero di telefono. Potrebbe essere necessaria anche una copia di un documento di identit\u00e0 emesso dal governo per verificare la tua identit\u00e0.<br><br><\/li><li>Dopo aver creato l&#8217;account, devi aggiungere la tua carta di debito come opzione di pagamento. A seconda dello scambio che stai utilizzando, la procedura specifica per collegare una carta di debito pu\u00f2 variare, ma in generale implica l&#8217;inserimento delle informazioni della tua carta di debito e l&#8217;esecuzione di eventuali passaggi di verifica necessari.<br><br><\/li><li>Utilizzando la piattaforma di trading dello scambio, puoi acquistare Lingose Coin dopo aver collegato la tua carta di debito. Puoi specificare quanti Lingose coin desideri acquistare e il tuo range di prezzo. Una volta che il tuo ordine \u00e8 stato abbinato a un venditore, verr\u00e0 elaborato.<br><br><\/li><li>Dopo aver acquistato Lingose coin, devi mantenerlo al sicuro conservandolo in un portafoglio sicuro. I portafogli sono disponibili in diverse forme, come portafogli software, portafogli hardware e portafogli di carta. \u00c8 fondamentale scegliere un portafoglio che soddisfi le tue esigenze garantendo la sicurezza.<\/li><\/ol>\n\n\n\n<figure class=\"wp-block-embed is-type-video is-provider-youtube wp-block-embed-youtube wp-embed-aspect-16-9 wp-has-aspect-ratio\"><div class=\"wp-block-embed__wrapper\">\n<iframe title=\"Lingose - Estabilishing a Game ID protocol bound by smart contract!\" width=\"800\" height=\"450\" src=\"https:\/\/www.youtube.com\/embed\/07YE1dbp2gA?feature=oembed\" frameborder=\"0\" allow=\"accelerometer; autoplay; clipboard-write; encrypted-media; gyroscope; picture-in-picture; web-share\" allowfullscreen><\/iframe>\n<\/div><\/figure>\n\n\n\n<h2 class=\"wp-block-heading\">Svantaggi nell&#8217;utilizzare una carta di debito per acquistare Lingose coin<\/h2>\n\n\n\n<p><strong>L&#8217;utilizzo di una carta di debito per acquistare Lingose coin ha alcuni svantaggi, come ad esempio:<\/strong><\/p>\n\n\n\n<ul><li><strong>Commissioni: <\/strong>alcuni scambi addebitano commissioni sulle transazioni con carta di debito, il che potrebbe aumentare il prezzo a cui acquisti Lingose coin. Prima di scegliere quale scambio utilizzare, \u00e8 importante leggere le condizioni contrattuali e valutare i costi.<br><br><\/li><li><strong>Tasso di cambio variabile: <\/strong>gli acquisti con carta di debito potrebbero avere un tasso di cambio pi\u00f9 elevato rispetto ad altri tipi di pagamenti, come i bonifici bancari. Ci\u00f2 implica che quando usi una carta di debito, potresti pagare di pi\u00f9 per il tuo Lingose coin.<br><br><\/li><li><strong>Limitazione dei fondi: <\/strong>la transazione con carta di debito potrebbe essere respinta se non hai abbastanza denaro nel tuo conto bancario per coprire l&#8217;acquisto di Lingose coin. Ci\u00f2 pu\u00f2 essere fastidioso e potresti dover trovare un altro modo per pagare.<\/li><\/ul>\n\n\n\n<h2 class=\"wp-block-heading\">Conclusione<\/h2>\n\n\n\n<p>L&#8217;acquisto di Lingose coin con una carta di debito \u00e8 un modo veloce e pratico per ottenere questa criptovaluta popolare. Oltre al vantaggio di avere i tuoi soldi addebitati direttamente dal tuo conto bancario, offre i vantaggi di velocit\u00e0 e comodit\u00e0.<\/p>\n\n\n\n<p>Prima di prendere una decisione, \u00e8 importante essere consapevoli di eventuali svantaggi, come commissioni, tassi di cambio e limitazioni dei fondi. Prima di prendere qualsiasi decisione di investimento, \u00e8 anche una buona idea condurre la propria ricerca e dovuta diligenza e parlare con un consulente finanziario o un altro esperto.<\/p>\n\n\n\n<!-- Page-list plugin v.5.9 wordpress.org\/plugins\/page-list\/ -->\n<ul class=\"page-list siblings-page-list \">\n<li class=\"page_item page-item-22147\"><a href=\"https:\/\/allin1bitcoins.com\/it\/crypto\/lingose\/paypal\/\">Come Acquistare  Lingose (LING) Con PayPal<\/a><\/li>\n<li class=\"page_item page-item-22138\"><a href=\"https:\/\/allin1bitcoins.com\/it\/crypto\/lingose\/apple-pay\/\">Come Acquistare Lingose (LING) Con Apple Pay<\/a><\/li>\n<li class=\"page_item page-item-22171\"><a href=\"https:\/\/allin1bitcoins.com\/it\/crypto\/lingose\/credit-card\/\">Come Acquistare Lingose (LING) Con Una Carta Di Credito<\/a><\/li>\n<li class=\"page_item page-item-22157\"><a href=\"https:\/\/allin1bitcoins.com\/it\/crypto\/lingose\/debit-card\/\">Come Acquistare Lingose (LING) Con Una Carta Di Debito<\/a><\/li>\n<li class=\"page_item page-item-22130\"><a href=\"https:\/\/allin1bitcoins.com\/it\/crypto\/lingose\/canada\/\">Come Acquistare Lingose (LING) In Canada<\/a><\/li>\n<li class=\"page_item page-item-22116\"><a href=\"https:\/\/allin1bitcoins.com\/it\/crypto\/lingose\/united-states\/\">Come Acquistare Lingose (LING) Negli Stati Uniti<\/a><\/li>\n<li class=\"page_item page-item-22107\"><a href=\"https:\/\/allin1bitcoins.com\/it\/crypto\/lingose\/united-kingdom\/\">Come Acquistare Lingose (LING) Nel Regno Unito<\/a><\/li>\n\n<\/ul>\n","protected":false},"excerpt":{"rendered":"<p>L&#8217;acquisto di Lingose coin con una carta di debito \u00e8 un modo veloce e conveniente per ottenere questa popolare criptovaluta. I passaggi sono simili all&#8217;acquisto di qualsiasi altro bene o servizio online. Il primo passo \u00e8 trovare uno scambio affidabile di criptovalute che supporti Lingose coin e accetti pagamenti con carta di debito. Una volta&#8230;<\/p>\n","protected":false},"author":3,"featured_media":16276,"parent":22097,"menu_order":0,"comment_status":"closed","ping_status":"closed","template":"","meta":{"cybocfi_hide_featured_image":"","footnotes":""},"acf":[],"yoast_head":"<!-- This site is optimized with the Yoast SEO plugin v21.7 - https:\/\/yoast.com\/wordpress\/plugins\/seo\/ -->\n<title>Come Acquistare Lingose (LING) Con Una Carta Di Debito<\/title>\n<meta name=\"description\" content=\"Gli acquisti di Lingose coin con carta di debito sono un modo veloce e pratico per ottenere questa criptovaluta molto popolare.\" \/>\n<meta name=\"robots\" content=\"index, follow, max-snippet:-1, max-image-preview:large, max-video-preview:-1\" \/>\n<link rel=\"canonical\" href=\"https:\/\/allin1bitcoins.com\/it\/crypto\/lingose\/debit-card\/\" \/>\n<meta property=\"og:locale\" content=\"it_IT\" \/>\n<meta property=\"og:type\" content=\"article\" \/>\n<meta property=\"og:title\" content=\"Come Acquistare Lingose (LING) Con Una Carta Di Debito\" \/>\n<meta property=\"og:description\" content=\"Gli acquisti di Lingose coin con carta di debito sono un modo veloce e pratico per ottenere questa criptovaluta molto popolare.\" \/>\n<meta property=\"og:url\" content=\"https:\/\/allin1bitcoins.com\/it\/crypto\/lingose\/debit-card\/\" \/>\n<meta property=\"og:site_name\" content=\"Allin1Bitcoins\" \/>\n<meta property=\"article:modified_time\" content=\"2023-02-24T10:19:41+00:00\" \/>\n<meta property=\"og:image\" content=\"https:\/\/allin1bitcoins.com\/wp-content\/uploads\/2023\/01\/tred-earth-PG78hq3Gzq8-unsplash.jpg\" \/>\n\t<meta property=\"og:image:width\" content=\"1920\" \/>\n\t<meta property=\"og:image:height\" content=\"1280\" \/>\n\t<meta property=\"og:image:type\" content=\"image\/jpeg\" \/>\n<meta name=\"twitter:card\" content=\"summary_large_image\" \/>\n<meta name=\"twitter:label1\" content=\"Est. reading time\" \/>\n\t<meta name=\"twitter:data1\" content=\"4 minutes\" \/>\n<!-- \/ Yoast SEO plugin. -->","yoast_head_json":{"title":"Come Acquistare Lingose (LING) Con Una Carta Di Debito","description":"Gli acquisti di Lingose coin con carta di debito sono un modo veloce e pratico per ottenere questa criptovaluta molto popolare.","robots":{"index":"index","follow":"follow","max-snippet":"max-snippet:-1","max-image-preview":"max-image-preview:large","max-video-preview":"max-video-preview:-1"},"canonical":"https:\/\/allin1bitcoins.com\/it\/crypto\/lingose\/debit-card\/","og_locale":"it_IT","og_type":"article","og_title":"Come Acquistare Lingose (LING) Con Una Carta Di Debito","og_description":"Gli acquisti di Lingose coin con carta di debito sono un modo veloce e pratico per ottenere questa criptovaluta molto popolare.","og_url":"https:\/\/allin1bitcoins.com\/it\/crypto\/lingose\/debit-card\/","og_site_name":"Allin1Bitcoins","article_modified_time":"2023-02-24T10:19:41+00:00","og_image":[{"width":1920,"height":1280,"url":"https:\/\/allin1bitcoins.com\/wp-content\/uploads\/2023\/01\/tred-earth-PG78hq3Gzq8-unsplash.jpg","type":"image\/jpeg"}],"twitter_card":"summary_large_image","twitter_misc":{"Est. reading time":"4 minutes"},"schema":{"@context":"https:\/\/schema.org","@graph":[{"@type":"WebPage","@id":"https:\/\/allin1bitcoins.com\/it\/crypto\/lingose\/debit-card\/","url":"https:\/\/allin1bitcoins.com\/it\/crypto\/lingose\/debit-card\/","name":"Come Acquistare Lingose (LING) Con Una Carta Di Debito","isPartOf":{"@id":"https:\/\/allin1bitcoins.com\/it\/#website"},"datePublished":"2023-02-24T10:19:38+00:00","dateModified":"2023-02-24T10:19:41+00:00","description":"Gli acquisti di Lingose coin con carta di debito sono un modo veloce e pratico per ottenere questa criptovaluta molto popolare.","breadcrumb":{"@id":"https:\/\/allin1bitcoins.com\/it\/crypto\/lingose\/debit-card\/#breadcrumb"},"inLanguage":"it","potentialAction":[{"@type":"ReadAction","target":["https:\/\/allin1bitcoins.com\/it\/crypto\/lingose\/debit-card\/"]}]},{"@type":"BreadcrumbList","@id":"https:\/\/allin1bitcoins.com\/it\/crypto\/lingose\/debit-card\/#breadcrumb","itemListElement":[{"@type":"ListItem","position":1,"name":"Home","item":"https:\/\/allin1bitcoins.com\/it\/"},{"@type":"ListItem","position":2,"name":"Crypto","item":"https:\/\/allin1bitcoins.com\/it\/crypto\/"},{"@type":"ListItem","position":3,"name":"Come Acquistare Lingose (LING) &#8211; Guida Passo Passo","item":"https:\/\/allin1bitcoins.com\/it\/crypto\/lingose\/"},{"@type":"ListItem","position":4,"name":"Come Acquistare Lingose (LING) Con Una Carta Di Debito"}]},{"@type":"WebSite","@id":"https:\/\/allin1bitcoins.com\/it\/#website","url":"https:\/\/allin1bitcoins.com\/it\/","name":"Allin1Bitcoins","description":"","publisher":{"@id":"https:\/\/allin1bitcoins.com\/it\/#organization"},"potentialAction":[{"@type":"SearchAction","target":{"@type":"EntryPoint","urlTemplate":"https:\/\/allin1bitcoins.com\/it\/?s={search_term_string}"},"query-input":"required name=search_term_string"}],"inLanguage":"it"},{"@type":"Organization","@id":"https:\/\/allin1bitcoins.com\/it\/#organization","name":"allin1bitcoins","url":"https:\/\/allin1bitcoins.com\/it\/","logo":{"@type":"ImageObject","inLanguage":"it","@id":"https:\/\/allin1bitcoins.com\/it\/#\/schema\/logo\/image\/","url":"https:\/\/allin1bitcoins.com\/wp-content\/uploads\/2019\/01\/logo-new.png","contentUrl":"https:\/\/allin1bitcoins.com\/wp-content\/uploads\/2019\/01\/logo-new.png","width":178,"height":71,"caption":"allin1bitcoins"},"image":{"@id":"https:\/\/allin1bitcoins.com\/it\/#\/schema\/logo\/image\/"}}]}},"_links":{"self":[{"href":"https:\/\/allin1bitcoins.com\/it\/wp-json\/wp\/v2\/pages\/22157"}],"collection":[{"href":"https:\/\/allin1bitcoins.com\/it\/wp-json\/wp\/v2\/pages"}],"about":[{"href":"https:\/\/allin1bitcoins.com\/it\/wp-json\/wp\/v2\/types\/page"}],"author":[{"embeddable":true,"href":"https:\/\/allin1bitcoins.com\/it\/wp-json\/wp\/v2\/users\/3"}],"replies":[{"embeddable":true,"href":"https:\/\/allin1bitcoins.com\/it\/wp-json\/wp\/v2\/comments?post=22157"}],"version-history":[{"count":1,"href":"https:\/\/allin1bitcoins.com\/it\/wp-json\/wp\/v2\/pages\/22157\/revisions"}],"predecessor-version":[{"id":22161,"href":"https:\/\/allin1bitcoins.com\/it\/wp-json\/wp\/v2\/pages\/22157\/revisions\/22161"}],"up":[{"embeddable":true,"href":"https:\/\/allin1bitcoins.com\/it\/wp-json\/wp\/v2\/pages\/22097"}],"wp:featuredmedia":[{"embeddable":true,"href":"https:\/\/allin1bitcoins.com\/it\/wp-json\/wp\/v2\/media\/16276"}],"wp:attachment":[{"href":"https:\/\/allin1bitcoins.com\/it\/wp-json\/wp\/v2\/media?parent=22157"}],"curies":[{"name":"wp","href":"https:\/\/api.w.org\/{rel}","templated":true}]}}