{"id":22185,"date":"2023-02-24T10:55:45","date_gmt":"2023-02-24T10:55:45","guid":{"rendered":"https:\/\/allin1bitcoins.com\/?page_id=22185"},"modified":"2023-02-24T11:17:41","modified_gmt":"2023-02-24T11:17:41","slug":"cardano","status":"publish","type":"page","link":"https:\/\/allin1bitcoins.com\/it\/crypto\/cardano\/","title":{"rendered":"Come Acquistare Cardano (ADA) &#8211; Guida Passo Passo (2023)"},"content":{"rendered":"\n<p>Haskell \u00e8 un linguaggio di programmazione che \u00e8 stato utilizzato per creare la piattaforma blockchain decentralizzata e open-source nota come Cardano. \u00c8 sia la prima piattaforma blockchain sviluppata utilizzando una metodologia scientifica, sia la prima piattaforma blockchain basata su una filosofia scientifica sottoposta a revisione paritaria. Rispetto alle piattaforme blockchain di prima e seconda generazione come Bitcoin ed Ethereum, Cardano \u00e8 una piattaforma blockchain di terza generazione. In questo post verr\u00e0 trattato il processo di acquisto di Cardano e i suoi vantaggi.<\/p>\n\n\n\n<h2 class=\"wp-block-heading\">Panoramica su Cardano Coin<\/h2>\n\n\n\n<p>La blockchain di Cardano \u00e8 la base per la criptovaluta conosciuta come Cardano. Sulle borse di criptovalute, \u00e8 un asset digitale che pu\u00f2 essere comprato, venduto e scambiato. Cardano \u00e8 stato sviluppato da Input Output Hong Kong (IOHK), gestito da Charles Hoskinson, uno dei cofondatori di Ethereum. Cardano mira a risolvere i problemi di scalabilit\u00e0 e interoperabilit\u00e0 che affliggono le tecnologie blockchain di prima e seconda generazione. Inoltre, mira a fornire agli sviluppatori di applicazioni una piattaforma pi\u00f9 sicura e decentralizzata.<\/p>\n\n\n\n<h2 class=\"wp-block-heading\">Panoramica del processo di acquisto di Cardano<\/h2>\n\n\n\n<p>\u00c8 necessario creare un wallet Cardano prima di poter acquistare la criptovaluta. Puoi gestire le tue transazioni e mantenere le tue monete Cardano in un programma software chiamato wallet. Ci sono diversi tipi di wallet Cardano disponibili, come desktop, smartphone e web wallet. Scegli il wallet che meglio si adatta alle tue esigenze poich\u00e9 ogni tipo ha i suoi pro e contro.<\/p>\n\n\n\n<p>Dopo aver configurato il tuo wallet Cardano, devi trovare uno scambio di criptovalute che accetti Cardano. Ci sono numerose borse di criptovalute, ognuna con le sue tariffe, regole e procedure. Cardano \u00e8 supportato da alcune delle borse pi\u00f9 conosciute, come Binance, Coinbase e Kraken.<\/p>\n\n\n\n<figure class=\"wp-block-embed is-type-video is-provider-youtube wp-block-embed-youtube wp-embed-aspect-16-9 wp-has-aspect-ratio\"><div class=\"wp-block-embed__wrapper\">\n<iframe title=\"How to Buy Cardano (ADA) in 2 minutes (2023 Updated)\" width=\"800\" height=\"450\" src=\"https:\/\/www.youtube.com\/embed\/ZhR3qhdzHOw?feature=oembed\" frameborder=\"0\" allow=\"accelerometer; autoplay; clipboard-write; encrypted-media; gyroscope; picture-in-picture; web-share\" allowfullscreen><\/iframe>\n<\/div><\/figure>\n\n\n\n<h2 class=\"wp-block-heading\">Come acquistare Cardano<\/h2>\n\n\n\n<ol><li><strong>Crea un wallet Cardano: <\/strong>Come detto in precedenza, la creazione di un wallet Cardano \u00e8 il primo passo per l&#8217;acquisto di Cardano. Scegli il wallet Cardano che meglio si adatta alle tue esigenze tra i vari modelli disponibili.<br><br><\/li><li><strong>Trova uno scambio di criptovalute compatibile con Cardano: <\/strong>Dopo aver creato un wallet Cardano, devi trovare uno scambio di criptovalute che accetti Cardano. Cardano \u00e8 supportato da alcune delle borse pi\u00f9 conosciute, come Binance, Coinbase e Kraken.<br><br><\/li><li><strong>Creare un account sulla piattaforma di scambio:<\/strong> Dopo aver scelto una piattaforma di scambio, \u00e8 necessario creare un account. Tipicamente, questo comporta fornire informazioni personali e dimostrare la propria identit\u00e0.<br><br><\/li><li><strong>Depositare denaro sul proprio account: <\/strong>Dopo aver creato un account e completato il processo di registrazione, \u00e8 necessario depositare denaro. \u00c8 possibile pagare tramite bonifico bancario, carta di credito o altro mezzo accettato dalla piattaforma di scambio.<br><br><\/li><li><strong>Acquistare Cardano: <\/strong>Utilizzando la piattaforma di trading della piattaforma di scambio, \u00e8 possibile acquistare Cardano una volta che si dispone di denaro sul proprio account. Tutto ci\u00f2 che occorre fare \u00e8 inviare un ordine per l&#8217;acquisto di Cardano al prezzo desiderato e la piattaforma di scambio ti metter\u00e0 in contatto con un venditore.<\/li><\/ol>\n\n\n\n<h2 class=\"wp-block-heading\">Vantaggi dell&#8217;acquisto di Cardano<\/h2>\n\n\n\n<p><strong>L&#8217;acquisto di Cardano comporta numerosi vantaggi.<\/strong><\/p>\n\n\n\n<p>Essendo una piattaforma decentralizzata, ovvero non governata da un singolo ente, \u00e8 uno dei suoi principali vantaggi. Ci\u00f2 aumenta la sua resistenza alla frode e alla censura. Cardano \u00e8 una opzione desiderabile per gli sviluppatori perch\u00e9 si concentra nell&#8217;offrire un ambiente pi\u00f9 sicuro e scalabile per lo sviluppo di applicazioni. Cardano \u00e8 anche un&#8217;ottima opzione per gli investitori perch\u00e9 \u00e8 dedicato alla trasparenza e ha un forte focus sulla ricerca e sviluppo.<\/p>\n\n\n\n<h2 class=\"wp-block-heading\">Conclusioni<\/h2>\n\n\n\n<p>Anche se l&#8217;acquisto di Cardano \u00e8 un processo molto semplice, \u00e8 fondamentale condurre una propria ricerca e assicurarsi di essere consapevoli dei rischi. Come per qualsiasi investimento, la diversificazione del portafoglio \u00e8 fondamentale e non dovresti mai rischiare pi\u00f9 di quanto puoi permetterti di perdere. \u00c8 importante valutare attentamente i propri obiettivi di investimento e la propria tolleranza al rischio prima di acquistare Cardano.<\/p>\n\n\n\n<p>Come piattaforma, Cardano \u00e8 impressionante e ha la capacit\u00e0 di cambiare completamente il modo in cui utilizziamo la tecnologia blockchain. Sia gli sviluppatori che gli investitori la trovano un&#8217;opzione desiderabile grazie al suo emphasis sulla sicurezza, scalabilit\u00e0 e decentralizzazione. Se stai pensando di acquistare Cardano, assicurati di condurre la tua ricerca e scegliere una piattaforma di scambio affidabile. La decisione di acquistare Cardano potrebbe risultare in una opportunit\u00e0 di investimento redditizia con lo studio e la pianificazione adeguati.<\/p>\n\n\n\n<!-- Page-list plugin v.5.9 wordpress.org\/plugins\/page-list\/ -->\n<ul class=\"page-list subpages-page-list \">\n<li class=\"page_item page-item-22234\"><a href=\"https:\/\/allin1bitcoins.com\/it\/crypto\/cardano\/american-express\/\">Come Acquistare Cardano (ADA) Con American Express<\/a><\/li>\n<li class=\"page_item page-item-22257\"><a href=\"https:\/\/allin1bitcoins.com\/it\/crypto\/cardano\/apple-pay\/\">Come Acquistare Cardano (ADA) Con Apple Pay<\/a><\/li>\n<li class=\"page_item page-item-22319\"><a href=\"https:\/\/allin1bitcoins.com\/it\/crypto\/cardano\/google-pay\/\">Come Acquistare Cardano (ADA) Con Google Pay<\/a><\/li>\n<li class=\"page_item page-item-22311\"><a href=\"https:\/\/allin1bitcoins.com\/it\/crypto\/cardano\/neteller\/\">Come Acquistare Cardano (ADA) Con Neteller<\/a><\/li>\n<li class=\"page_item page-item-22270\"><a href=\"https:\/\/allin1bitcoins.com\/it\/crypto\/cardano\/paysafecard\/\">Come Acquistare Cardano (ADA) Con Paysafecard<\/a><\/li>\n<li class=\"page_item page-item-22360\"><a href=\"https:\/\/allin1bitcoins.com\/it\/crypto\/cardano\/skrill\/\">Come Acquistare Cardano (ADA) Con Skrill<\/a><\/li>\n<li class=\"page_item page-item-22335\"><a href=\"https:\/\/allin1bitcoins.com\/it\/crypto\/cardano\/bank-account\/\">Come Acquistare Cardano (ADA) Con Un Conto Bancario<\/a><\/li>\n<li class=\"page_item page-item-22224\"><a href=\"https:\/\/allin1bitcoins.com\/it\/crypto\/cardano\/credit-card\/\">Come Acquistare Cardano (ADA) Con Una Carta Di Credito<\/a><\/li>\n<li class=\"page_item page-item-22213\"><a href=\"https:\/\/allin1bitcoins.com\/it\/crypto\/cardano\/debit-card\/\">Come Acquistare Cardano (ADA) Con Una Carta Di Debito<\/a><\/li>\n<li class=\"page_item page-item-22249\"><a href=\"https:\/\/allin1bitcoins.com\/it\/crypto\/cardano\/venmo\/\">Come Acquistare Cardano (ADA) Con Venmo<\/a><\/li>\n<li class=\"page_item page-item-22243\"><a href=\"https:\/\/allin1bitcoins.com\/it\/crypto\/cardano\/crypto-anonymously\/\">Come Acquistare Cardano (ADA) In Modo Anonimo Con Criptovalute<\/a><\/li>\n<li class=\"page_item page-item-22199\"><a href=\"https:\/\/allin1bitcoins.com\/it\/crypto\/cardano\/paypal\/\">Come Comprare Cardano (ADA) Con Paypal<\/a><\/li>\n\n<\/ul>\n","protected":false},"excerpt":{"rendered":"<p>Haskell \u00e8 un linguaggio di programmazione che \u00e8 stato utilizzato per creare la piattaforma blockchain decentralizzata e open-source nota come Cardano. \u00c8 sia la prima piattaforma blockchain sviluppata utilizzando una metodologia scientifica, sia la prima piattaforma blockchain basata su una filosofia scientifica sottoposta a revisione paritaria. Rispetto alle piattaforme blockchain di prima e seconda generazione&#8230;<\/p>\n","protected":false},"author":3,"featured_media":13169,"parent":19844,"menu_order":0,"comment_status":"closed","ping_status":"closed","template":"","meta":{"cybocfi_hide_featured_image":"","footnotes":""},"acf":[],"yoast_head":"<!-- This site is optimized with the Yoast SEO plugin v21.7 - https:\/\/yoast.com\/wordpress\/plugins\/seo\/ -->\n<title>Come Acquistare Cardano (ADA) - Guida Passo Passo<\/title>\n<meta name=\"description\" content=\"Devi creare un portafoglio Cardano prima di poter acquistare la criptovaluta. Scopri di pi\u00f9 sui passaggi in dettaglio. Continua a leggere!\" \/>\n<meta name=\"robots\" content=\"index, follow, max-snippet:-1, max-image-preview:large, max-video-preview:-1\" \/>\n<link rel=\"canonical\" href=\"https:\/\/allin1bitcoins.com\/it\/crypto\/cardano\/\" \/>\n<meta property=\"og:locale\" content=\"it_IT\" \/>\n<meta property=\"og:type\" content=\"article\" \/>\n<meta property=\"og:title\" content=\"Come Acquistare Cardano (ADA) - Guida Passo Passo\" \/>\n<meta property=\"og:description\" content=\"Devi creare un portafoglio Cardano prima di poter acquistare la criptovaluta. Scopri di pi\u00f9 sui passaggi in dettaglio. Continua a leggere!\" \/>\n<meta property=\"og:url\" content=\"https:\/\/allin1bitcoins.com\/it\/crypto\/cardano\/\" \/>\n<meta property=\"og:site_name\" content=\"Allin1Bitcoins\" \/>\n<meta property=\"article:modified_time\" content=\"2023-02-24T11:17:41+00:00\" \/>\n<meta property=\"og:image\" content=\"https:\/\/allin1bitcoins.com\/wp-content\/uploads\/2023\/01\/traxer-f0C1ptuSKhg-unsplash.jpg\" \/>\n\t<meta property=\"og:image:width\" content=\"1920\" \/>\n\t<meta property=\"og:image:height\" content=\"1361\" \/>\n\t<meta property=\"og:image:type\" content=\"image\/jpeg\" \/>\n<meta name=\"twitter:card\" content=\"summary_large_image\" \/>\n<meta name=\"twitter:label1\" content=\"Est. reading time\" \/>\n\t<meta name=\"twitter:data1\" content=\"4 minutes\" \/>\n<!-- \/ Yoast SEO plugin. -->","yoast_head_json":{"title":"Come Acquistare Cardano (ADA) - Guida Passo Passo","description":"Devi creare un portafoglio Cardano prima di poter acquistare la criptovaluta. Scopri di pi\u00f9 sui passaggi in dettaglio. Continua a leggere!","robots":{"index":"index","follow":"follow","max-snippet":"max-snippet:-1","max-image-preview":"max-image-preview:large","max-video-preview":"max-video-preview:-1"},"canonical":"https:\/\/allin1bitcoins.com\/it\/crypto\/cardano\/","og_locale":"it_IT","og_type":"article","og_title":"Come Acquistare Cardano (ADA) - Guida Passo Passo","og_description":"Devi creare un portafoglio Cardano prima di poter acquistare la criptovaluta. Scopri di pi\u00f9 sui passaggi in dettaglio. Continua a leggere!","og_url":"https:\/\/allin1bitcoins.com\/it\/crypto\/cardano\/","og_site_name":"Allin1Bitcoins","article_modified_time":"2023-02-24T11:17:41+00:00","og_image":[{"width":1920,"height":1361,"url":"https:\/\/allin1bitcoins.com\/wp-content\/uploads\/2023\/01\/traxer-f0C1ptuSKhg-unsplash.jpg","type":"image\/jpeg"}],"twitter_card":"summary_large_image","twitter_misc":{"Est. reading time":"4 minutes"},"schema":{"@context":"https:\/\/schema.org","@graph":[{"@type":"WebPage","@id":"https:\/\/allin1bitcoins.com\/it\/crypto\/cardano\/","url":"https:\/\/allin1bitcoins.com\/it\/crypto\/cardano\/","name":"Come Acquistare Cardano (ADA) - Guida Passo Passo","isPartOf":{"@id":"https:\/\/allin1bitcoins.com\/it\/#website"},"datePublished":"2023-02-24T10:55:45+00:00","dateModified":"2023-02-24T11:17:41+00:00","description":"Devi creare un portafoglio Cardano prima di poter acquistare la criptovaluta. Scopri di pi\u00f9 sui passaggi in dettaglio. Continua a leggere!","breadcrumb":{"@id":"https:\/\/allin1bitcoins.com\/it\/crypto\/cardano\/#breadcrumb"},"inLanguage":"it","potentialAction":[{"@type":"ReadAction","target":["https:\/\/allin1bitcoins.com\/it\/crypto\/cardano\/"]}]},{"@type":"BreadcrumbList","@id":"https:\/\/allin1bitcoins.com\/it\/crypto\/cardano\/#breadcrumb","itemListElement":[{"@type":"ListItem","position":1,"name":"Home","item":"https:\/\/allin1bitcoins.com\/it\/"},{"@type":"ListItem","position":2,"name":"Crypto","item":"https:\/\/allin1bitcoins.com\/it\/crypto\/"},{"@type":"ListItem","position":3,"name":"Come Acquistare Cardano (ADA) &#8211; Guida Passo Passo (2023)"}]},{"@type":"WebSite","@id":"https:\/\/allin1bitcoins.com\/it\/#website","url":"https:\/\/allin1bitcoins.com\/it\/","name":"Allin1Bitcoins","description":"","publisher":{"@id":"https:\/\/allin1bitcoins.com\/it\/#organization"},"potentialAction":[{"@type":"SearchAction","target":{"@type":"EntryPoint","urlTemplate":"https:\/\/allin1bitcoins.com\/it\/?s={search_term_string}"},"query-input":"required name=search_term_string"}],"inLanguage":"it"},{"@type":"Organization","@id":"https:\/\/allin1bitcoins.com\/it\/#organization","name":"allin1bitcoins","url":"https:\/\/allin1bitcoins.com\/it\/","logo":{"@type":"ImageObject","inLanguage":"it","@id":"https:\/\/allin1bitcoins.com\/it\/#\/schema\/logo\/image\/","url":"https:\/\/allin1bitcoins.com\/wp-content\/uploads\/2019\/01\/logo-new.png","contentUrl":"https:\/\/allin1bitcoins.com\/wp-content\/uploads\/2019\/01\/logo-new.png","width":178,"height":71,"caption":"allin1bitcoins"},"image":{"@id":"https:\/\/allin1bitcoins.com\/it\/#\/schema\/logo\/image\/"}}]}},"_links":{"self":[{"href":"https:\/\/allin1bitcoins.com\/it\/wp-json\/wp\/v2\/pages\/22185"}],"collection":[{"href":"https:\/\/allin1bitcoins.com\/it\/wp-json\/wp\/v2\/pages"}],"about":[{"href":"https:\/\/allin1bitcoins.com\/it\/wp-json\/wp\/v2\/types\/page"}],"author":[{"embeddable":true,"href":"https:\/\/allin1bitcoins.com\/it\/wp-json\/wp\/v2\/users\/3"}],"replies":[{"embeddable":true,"href":"https:\/\/allin1bitcoins.com\/it\/wp-json\/wp\/v2\/comments?post=22185"}],"version-history":[{"count":2,"href":"https:\/\/allin1bitcoins.com\/it\/wp-json\/wp\/v2\/pages\/22185\/revisions"}],"predecessor-version":[{"id":22208,"href":"https:\/\/allin1bitcoins.com\/it\/wp-json\/wp\/v2\/pages\/22185\/revisions\/22208"}],"up":[{"embeddable":true,"href":"https:\/\/allin1bitcoins.com\/it\/wp-json\/wp\/v2\/pages\/19844"}],"wp:featuredmedia":[{"embeddable":true,"href":"https:\/\/allin1bitcoins.com\/it\/wp-json\/wp\/v2\/media\/13169"}],"wp:attachment":[{"href":"https:\/\/allin1bitcoins.com\/it\/wp-json\/wp\/v2\/media?parent=22185"}],"curies":[{"name":"wp","href":"https:\/\/api.w.org\/{rel}","templated":true}]}}