{"id":22199,"date":"2023-02-24T11:15:35","date_gmt":"2023-02-24T11:15:35","guid":{"rendered":"https:\/\/allin1bitcoins.com\/?page_id=22199"},"modified":"2023-02-24T11:15:37","modified_gmt":"2023-02-24T11:15:37","slug":"paypal","status":"publish","type":"page","link":"https:\/\/allin1bitcoins.com\/it\/crypto\/cardano\/paypal\/","title":{"rendered":"Come Comprare Cardano (ADA) Con Paypal"},"content":{"rendered":"\n<p>Trovare un exchange di criptovalute che permetta l&#8217;acquisto di Cardano con PayPal \u00e8 il primo passo se si desidera acquistare la criptovaluta con PayPal. Binance, Bitfinex e Coinbase sono alcuni degli exchange ben noti che consentono l&#8217;acquisto di Cardano con un account PayPal. Dopo aver trovato un exchange che consente di acquistare Cardano utilizzando PayPal, \u00e8 necessario registrare un account, fornire le proprie informazioni personali, quindi collegare l&#8217;account PayPal all&#8217;account. Dopo la creazione del proprio account, \u00e8 possibile acquistare Cardano utilizzando l&#8217;account PayPal come opzione di pagamento.<\/p>\n\n\n\n<h2 class=\"wp-block-heading\">Panoramica di Cardano<\/h2>\n\n\n\n<p>Cardano \u00e8 una tecnologia blockchain decentralizzata e open source che \u00e8 stata sviluppata per consentire la progettazione e l&#8217;uso di smart contract e altre app decentralizzate. \u00c8 stata fondata nel 2015 da Charles Hoskinson, uno dei cofondatori di Ethereum, ed \u00e8 stata progettata per superare le attuali piattaforme blockchain in termini di sicurezza, scalabilit\u00e0 e flessibilit\u00e0.<\/p>\n\n\n\n<p>Cardano utilizza il meccanismo di consenso di proof-of-stake Ouroboros, che consente agli utenti di convalidare le transazioni e ottenere incentivi per la loro partecipazione alla rete. Inoltre, utilizza una progettazione a pi\u00f9 strati che divide il livello di elaborazione, che gestisce l&#8217;esecuzione di smart contract e applicazioni decentralizzate, dal livello di regolamento, che si occupa delle transazioni e dei trasferimenti di valore.<\/p>\n\n\n\n<h2 class=\"wp-block-heading\">Perch\u00e9 si desidera acquistare Cardano utilizzando PayPal<\/h2>\n\n\n\n<p><strong>Potresti voler acquistare Cardano tramite PayPal per diversi motivi, tra cui:<\/strong><\/p>\n\n\n\n<ul><li><strong>Convenienza:<\/strong> di solito \u00e8 abbastanza facile acquistare Cardano utilizzando un account PayPal perch\u00e9 puoi farlo tutto online in pochi minuti.<br><br><\/li><li><strong>Velocit\u00e0: <\/strong>puoi acquistare Cardano praticamente immediatamente utilizzando Paypal perch\u00e9 i soldi vengono trasferiti sul tuo account non appena la transazione viene completata.<br><br><\/li><li><strong>Sicurezza: <\/strong>PayPal \u00e8 un&#8217;opzione sicura per acquistare Cardano grazie alle sue robuste funzionalit\u00e0 di sicurezza contro frodi e transazioni illegali.<\/li><\/ul>\n\n\n\n<h2 class=\"wp-block-heading\">Istruzioni dettagliate su come acquistare Cardano utilizzando PayPal<\/h2>\n\n\n\n<ol><li><strong>Trova un exchange di criptovalute che consenta pagamenti Cardano con PayPal: <\/strong>trovare un exchange di criptovalute che consenta l&#8217;acquisto di Cardano con PayPal \u00e8 il primo passo per acquistare Cardano con PayPal. Binance, Bitfinex e Coinbase sono alcuni degli exchange ben noti che consentono l&#8217;acquisto di Cardano con un account PayPal.<br><br><\/li><li><strong>Crea un profilo: <\/strong>\u00e8 necessario registrarsi per un account una volta trovato un exchange che consente di acquistare Cardano con PayPal. Di solito, ci\u00f2 comporta la fornitura di alcune informazioni personali e la verifica dell&#8217;identit\u00e0.<br><br><\/li><li><strong>Aggiungi il tuo account PayPal come collegamento al tuo account: <\/strong>Dovrai collegare il tuo account PayPal al tuo nuovo account una volta creato. Di solito, ci\u00f2 comporta la fornitura del tuo stipendio.<br><br><\/li><li><strong>Ordine:<\/strong> Dopo che il tuo account PayPal \u00e8 stato collegato al tuo account, puoi effettuare un ordine per l&#8217;acquisto di Cardano. Devi essere sicuro di quanto Cardano vuoi acquistare e del tuo range di prezzo. L&#8217;exchange concluder\u00e0 quindi la transazione abbinando il tuo ordine a un venditore.<\/li><\/ol>\n\n\n\n<figure class=\"wp-block-embed is-type-video is-provider-youtube wp-block-embed-youtube wp-embed-aspect-16-9 wp-has-aspect-ratio\"><div class=\"wp-block-embed__wrapper\">\n<iframe title=\"How to buy Cardano (ADA) with PayPal on eToro \u2705 Step-by-Step Tutorial\" width=\"800\" height=\"450\" src=\"https:\/\/www.youtube.com\/embed\/qy1OFUC1nO4?feature=oembed\" frameborder=\"0\" allow=\"accelerometer; autoplay; clipboard-write; encrypted-media; gyroscope; picture-in-picture; web-share\" allowfullscreen><\/iframe>\n<\/div><\/figure>\n\n\n\n<h2 class=\"wp-block-heading\">Svantaggi nell&#8217;utilizzo di PayPal per l&#8217;acquisto di Cardano<\/h2>\n\n\n\n<p><strong>Dovresti essere consapevole dei seguenti svantaggi nell&#8217;acquisto di Cardano con PayPal:<\/strong><\/p>\n\n\n\n<ul><li><strong>Commissioni: <\/strong>In confronto ad altre opzioni di pagamento, alcuni exchange di criptovalute impongono costi maggiori quando si acquista Cardano con PayPal. Questi costi possono aumentare notevolmente il costo totale del tuo acquisto.<br><br><\/li><li><strong>Limiti: <\/strong>La quantit\u00e0 di Cardano che pu\u00f2 essere acquistata con un account PayPal su diversi exchange \u00e8 limitata. Se vuoi acquistare molta Cardano in una volta sola, questo potrebbe essere un problema.<br><br><\/li><li><strong>Rischio di frode:<\/strong> In confronto ad altre opzioni di pagamento, l&#8217;acquisto di Cardano con PayPal comporta un rischio pi\u00f9 elevato di frodi perch\u00e9 gli account PayPal possono essere compromessi o utilizzati per transazioni illecite.<\/li><\/ul>\n\n\n\n<h2 class=\"wp-block-heading\">Conclusione<\/h2>\n\n\n\n<p>In conclusione, l&#8217;acquisto di Cardano utilizzando PayPal comporta la ricerca di un exchange di criptovalute che permetta la transazione, la creazione di un account, il collegamento del tuo account PayPal al tuo account e l&#8217;inserimento di un ordine di acquisto. Sebbene l&#8217;acquisto di Cardano tramite PayPal sia generalmente veloce e conveniente, \u00e8 importante valutare attentamente eventuali svantaggi potenziali, come le commissioni, i limiti e il rischio di frodi. In generale, l&#8217;acquisto di Cardano tramite PayPal pu\u00f2 essere un processo semplice e sicuro, purch\u00e9 si prendano le adeguate misure di sicurezza per proteggere il proprio investimento.<\/p>\n\n\n\n<!-- Page-list plugin v.5.9 wordpress.org\/plugins\/page-list\/ -->\n<ul class=\"page-list siblings-page-list \">\n<li class=\"page_item page-item-22234\"><a href=\"https:\/\/allin1bitcoins.com\/it\/crypto\/cardano\/american-express\/\">Come Acquistare Cardano (ADA) Con American Express<\/a><\/li>\n<li class=\"page_item page-item-22257\"><a href=\"https:\/\/allin1bitcoins.com\/it\/crypto\/cardano\/apple-pay\/\">Come Acquistare Cardano (ADA) Con Apple Pay<\/a><\/li>\n<li class=\"page_item page-item-22319\"><a href=\"https:\/\/allin1bitcoins.com\/it\/crypto\/cardano\/google-pay\/\">Come Acquistare Cardano (ADA) Con Google Pay<\/a><\/li>\n<li class=\"page_item page-item-22311\"><a href=\"https:\/\/allin1bitcoins.com\/it\/crypto\/cardano\/neteller\/\">Come Acquistare Cardano (ADA) Con Neteller<\/a><\/li>\n<li class=\"page_item page-item-22270\"><a href=\"https:\/\/allin1bitcoins.com\/it\/crypto\/cardano\/paysafecard\/\">Come Acquistare Cardano (ADA) Con Paysafecard<\/a><\/li>\n<li class=\"page_item page-item-22360\"><a href=\"https:\/\/allin1bitcoins.com\/it\/crypto\/cardano\/skrill\/\">Come Acquistare Cardano (ADA) Con Skrill<\/a><\/li>\n<li class=\"page_item page-item-22335\"><a href=\"https:\/\/allin1bitcoins.com\/it\/crypto\/cardano\/bank-account\/\">Come Acquistare Cardano (ADA) Con Un Conto Bancario<\/a><\/li>\n<li class=\"page_item page-item-22224\"><a href=\"https:\/\/allin1bitcoins.com\/it\/crypto\/cardano\/credit-card\/\">Come Acquistare Cardano (ADA) Con Una Carta Di Credito<\/a><\/li>\n<li class=\"page_item page-item-22213\"><a href=\"https:\/\/allin1bitcoins.com\/it\/crypto\/cardano\/debit-card\/\">Come Acquistare Cardano (ADA) Con Una Carta Di Debito<\/a><\/li>\n<li class=\"page_item page-item-22249\"><a href=\"https:\/\/allin1bitcoins.com\/it\/crypto\/cardano\/venmo\/\">Come Acquistare Cardano (ADA) Con Venmo<\/a><\/li>\n<li class=\"page_item page-item-22243\"><a href=\"https:\/\/allin1bitcoins.com\/it\/crypto\/cardano\/crypto-anonymously\/\">Come Acquistare Cardano (ADA) In Modo Anonimo Con Criptovalute<\/a><\/li>\n<li class=\"page_item page-item-22199\"><a href=\"https:\/\/allin1bitcoins.com\/it\/crypto\/cardano\/paypal\/\">Come Comprare Cardano (ADA) Con Paypal<\/a><\/li>\n\n<\/ul>\n","protected":false},"excerpt":{"rendered":"<p>Trovare un exchange di criptovalute che permetta l&#8217;acquisto di Cardano con PayPal \u00e8 il primo passo se si desidera acquistare la criptovaluta con PayPal. Binance, Bitfinex e Coinbase sono alcuni degli exchange ben noti che consentono l&#8217;acquisto di Cardano con un account PayPal. Dopo aver trovato un exchange che consente di acquistare Cardano utilizzando PayPal,&#8230;<\/p>\n","protected":false},"author":3,"featured_media":13181,"parent":22185,"menu_order":0,"comment_status":"closed","ping_status":"closed","template":"","meta":{"cybocfi_hide_featured_image":"","footnotes":""},"acf":[],"yoast_head":"<!-- This site is optimized with the Yoast SEO plugin v21.7 - https:\/\/yoast.com\/wordpress\/plugins\/seo\/ -->\n<title>Come Comprare Cardano (ADA) Con Paypal<\/title>\n<meta name=\"description\" content=\"Trovare un exchange di criptovalute che consenta l&#039;acquisto di Cardano con Paypal \u00e8 il primo passo. Continua a leggere.\" \/>\n<meta name=\"robots\" content=\"index, follow, max-snippet:-1, max-image-preview:large, max-video-preview:-1\" \/>\n<link rel=\"canonical\" href=\"https:\/\/allin1bitcoins.com\/it\/crypto\/cardano\/paypal\/\" \/>\n<meta property=\"og:locale\" content=\"it_IT\" \/>\n<meta property=\"og:type\" content=\"article\" \/>\n<meta property=\"og:title\" content=\"Come Comprare Cardano (ADA) Con Paypal\" \/>\n<meta property=\"og:description\" content=\"Trovare un exchange di criptovalute che consenta l&#039;acquisto di Cardano con Paypal \u00e8 il primo passo. Continua a leggere.\" \/>\n<meta property=\"og:url\" content=\"https:\/\/allin1bitcoins.com\/it\/crypto\/cardano\/paypal\/\" \/>\n<meta property=\"og:site_name\" content=\"Allin1Bitcoins\" \/>\n<meta property=\"article:modified_time\" content=\"2023-02-24T11:15:37+00:00\" \/>\n<meta property=\"og:image\" content=\"https:\/\/allin1bitcoins.com\/wp-content\/uploads\/2023\/01\/coinhako-t28IwDyGHnU-unsplash.jpg\" \/>\n\t<meta property=\"og:image:width\" content=\"1920\" \/>\n\t<meta property=\"og:image:height\" content=\"1280\" \/>\n\t<meta property=\"og:image:type\" content=\"image\/jpeg\" \/>\n<meta name=\"twitter:card\" content=\"summary_large_image\" \/>\n<meta name=\"twitter:label1\" content=\"Est. reading time\" \/>\n\t<meta name=\"twitter:data1\" content=\"3 minutes\" \/>\n<!-- \/ Yoast SEO plugin. -->","yoast_head_json":{"title":"Come Comprare Cardano (ADA) Con Paypal","description":"Trovare un exchange di criptovalute che consenta l'acquisto di Cardano con Paypal \u00e8 il primo passo. Continua a leggere.","robots":{"index":"index","follow":"follow","max-snippet":"max-snippet:-1","max-image-preview":"max-image-preview:large","max-video-preview":"max-video-preview:-1"},"canonical":"https:\/\/allin1bitcoins.com\/it\/crypto\/cardano\/paypal\/","og_locale":"it_IT","og_type":"article","og_title":"Come Comprare Cardano (ADA) Con Paypal","og_description":"Trovare un exchange di criptovalute che consenta l'acquisto di Cardano con Paypal \u00e8 il primo passo. Continua a leggere.","og_url":"https:\/\/allin1bitcoins.com\/it\/crypto\/cardano\/paypal\/","og_site_name":"Allin1Bitcoins","article_modified_time":"2023-02-24T11:15:37+00:00","og_image":[{"width":1920,"height":1280,"url":"https:\/\/allin1bitcoins.com\/wp-content\/uploads\/2023\/01\/coinhako-t28IwDyGHnU-unsplash.jpg","type":"image\/jpeg"}],"twitter_card":"summary_large_image","twitter_misc":{"Est. reading time":"3 minutes"},"schema":{"@context":"https:\/\/schema.org","@graph":[{"@type":"WebPage","@id":"https:\/\/allin1bitcoins.com\/it\/crypto\/cardano\/paypal\/","url":"https:\/\/allin1bitcoins.com\/it\/crypto\/cardano\/paypal\/","name":"Come Comprare Cardano (ADA) Con Paypal","isPartOf":{"@id":"https:\/\/allin1bitcoins.com\/it\/#website"},"datePublished":"2023-02-24T11:15:35+00:00","dateModified":"2023-02-24T11:15:37+00:00","description":"Trovare un exchange di criptovalute che consenta l'acquisto di Cardano con Paypal \u00e8 il primo passo. Continua a leggere.","breadcrumb":{"@id":"https:\/\/allin1bitcoins.com\/it\/crypto\/cardano\/paypal\/#breadcrumb"},"inLanguage":"it","potentialAction":[{"@type":"ReadAction","target":["https:\/\/allin1bitcoins.com\/it\/crypto\/cardano\/paypal\/"]}]},{"@type":"BreadcrumbList","@id":"https:\/\/allin1bitcoins.com\/it\/crypto\/cardano\/paypal\/#breadcrumb","itemListElement":[{"@type":"ListItem","position":1,"name":"Home","item":"https:\/\/allin1bitcoins.com\/it\/"},{"@type":"ListItem","position":2,"name":"Crypto","item":"https:\/\/allin1bitcoins.com\/it\/crypto\/"},{"@type":"ListItem","position":3,"name":"Come Acquistare Cardano (ADA) &#8211; Guida Passo Passo (2023)","item":"https:\/\/allin1bitcoins.com\/it\/crypto\/cardano\/"},{"@type":"ListItem","position":4,"name":"Come Comprare Cardano (ADA) Con Paypal"}]},{"@type":"WebSite","@id":"https:\/\/allin1bitcoins.com\/it\/#website","url":"https:\/\/allin1bitcoins.com\/it\/","name":"Allin1Bitcoins","description":"","publisher":{"@id":"https:\/\/allin1bitcoins.com\/it\/#organization"},"potentialAction":[{"@type":"SearchAction","target":{"@type":"EntryPoint","urlTemplate":"https:\/\/allin1bitcoins.com\/it\/?s={search_term_string}"},"query-input":"required name=search_term_string"}],"inLanguage":"it"},{"@type":"Organization","@id":"https:\/\/allin1bitcoins.com\/it\/#organization","name":"allin1bitcoins","url":"https:\/\/allin1bitcoins.com\/it\/","logo":{"@type":"ImageObject","inLanguage":"it","@id":"https:\/\/allin1bitcoins.com\/it\/#\/schema\/logo\/image\/","url":"https:\/\/allin1bitcoins.com\/wp-content\/uploads\/2019\/01\/logo-new.png","contentUrl":"https:\/\/allin1bitcoins.com\/wp-content\/uploads\/2019\/01\/logo-new.png","width":178,"height":71,"caption":"allin1bitcoins"},"image":{"@id":"https:\/\/allin1bitcoins.com\/it\/#\/schema\/logo\/image\/"}}]}},"_links":{"self":[{"href":"https:\/\/allin1bitcoins.com\/it\/wp-json\/wp\/v2\/pages\/22199"}],"collection":[{"href":"https:\/\/allin1bitcoins.com\/it\/wp-json\/wp\/v2\/pages"}],"about":[{"href":"https:\/\/allin1bitcoins.com\/it\/wp-json\/wp\/v2\/types\/page"}],"author":[{"embeddable":true,"href":"https:\/\/allin1bitcoins.com\/it\/wp-json\/wp\/v2\/users\/3"}],"replies":[{"embeddable":true,"href":"https:\/\/allin1bitcoins.com\/it\/wp-json\/wp\/v2\/comments?post=22199"}],"version-history":[{"count":1,"href":"https:\/\/allin1bitcoins.com\/it\/wp-json\/wp\/v2\/pages\/22199\/revisions"}],"predecessor-version":[{"id":22203,"href":"https:\/\/allin1bitcoins.com\/it\/wp-json\/wp\/v2\/pages\/22199\/revisions\/22203"}],"up":[{"embeddable":true,"href":"https:\/\/allin1bitcoins.com\/it\/wp-json\/wp\/v2\/pages\/22185"}],"wp:featuredmedia":[{"embeddable":true,"href":"https:\/\/allin1bitcoins.com\/it\/wp-json\/wp\/v2\/media\/13181"}],"wp:attachment":[{"href":"https:\/\/allin1bitcoins.com\/it\/wp-json\/wp\/v2\/media?parent=22199"}],"curies":[{"name":"wp","href":"https:\/\/api.w.org\/{rel}","templated":true}]}}