{"id":22257,"date":"2023-02-24T17:31:02","date_gmt":"2023-02-24T17:31:02","guid":{"rendered":"https:\/\/allin1bitcoins.com\/?page_id=22257"},"modified":"2023-02-24T17:31:05","modified_gmt":"2023-02-24T17:31:05","slug":"apple-pay","status":"publish","type":"page","link":"https:\/\/allin1bitcoins.com\/it\/crypto\/cardano\/apple-pay\/","title":{"rendered":"Come Acquistare Cardano (ADA) Con Apple Pay"},"content":{"rendered":"\n<p>Devi individuare uno scambio di criptovalute che offra Apple Pay come opzione di pagamento per acquistare Cardano con Apple Pay. Successivamente, dopo aver collegato il tuo account Apple Pay al nuovo account, puoi effettuare un ordine per l&#8217;acquisto di Cardano utilizzando il tuo account Apple Pay.<\/p>\n\n\n\n<h2 class=\"wp-block-heading\">Panoramica su Cardano<\/h2>\n\n\n\n<p>Per facilitare la creazione ed esecuzione di contratti intelligenti e applicazioni decentralizzate, Cardano \u00e8 stata sviluppata come piattaforma blockchain decentralizzata e open source. \u00c8 destinata ad essere pi\u00f9 sicura, scalabile e versatile rispetto alle attuali piattaforme blockchain. \u00c8 stata fondata nel 2015 da Charles Hoskinson, co-fondatore di Ethereum.<\/p>\n\n\n\n<p>Cardano utilizza il meccanismo di consenso di proof-of-stake Ouroboros, che consente agli utenti di convalidare le transazioni e ottenere incentivi per la loro partecipazione alla rete. Inoltre, utilizza un design a pi\u00f9 strati che divide il livello di calcolo &#8211; che gestisce l&#8217;esecuzione di contratti intelligenti e applicazioni decentralizzate &#8211; dal livello di regolamento, che si occupa delle transazioni e dei trasferimenti di valore.<\/p>\n\n\n\n<h2 class=\"wp-block-heading\">Perch\u00e9 si desidera acquistare Cardano con Apple Pay<\/h2>\n\n\n\n<p><strong>Potresti voler acquistare Cardano con Apple Pay per diverse ragioni, tra cui:<\/strong><\/p>\n\n\n\n<ul><li><strong>Comodit\u00e0: <\/strong>puoi utilizzare Apple Pay per effettuare acquisti con il tuo iPhone, iPad o Apple Watch, rendendolo un metodo rapido e semplice per effettuare pagamenti. Questo lo rende una scelta allettante per l&#8217;acquisto di Cardano, in particolare se gi\u00e0 utilizzi Apple Pay per altre transazioni.<br><br><\/li><li><strong>Seguridad: <\/strong>Apple Pay utiliza Touch ID o Face ID para la autenticaci\u00f3n y un chip de elemento seguro para almacenar tu informaci\u00f3n de pago. En comparaci\u00f3n con el uso de una tarjeta de d\u00e9bito o cr\u00e9dito, que puede ser robada o utilizada para compras il\u00edcitas, esto lo hace m\u00e1s seguro.<br><\/li><\/ul>\n\n\n\n<ul><li><strong>Ricompense: <\/strong>alcune carte di credito che funzionano con Apple Pay forniscono ai clienti punti o cashback sui loro acquisti. Se hai una di queste carte e utilizzi Apple Pay per acquistare Cardano, potresti essere idoneo per ricevere cashback o benefici per il tuo acquisto.<\/li><\/ul>\n\n\n\n<h2 class=\"wp-block-heading\">Istruzioni dettagliate su come acquistare Cardano con Apple Pay<\/h2>\n\n\n\n<ol><li><strong>Qui \u00e8 possibile trovare uno scambio di bitcoin che accetta Apple Pay:<\/strong> Per acquistare Cardano con Apple Pay, devi prima individuare uno scambio di criptovalute che offra l&#8217;opzione di pagamento. Scambi popolari come Coinbase, Gemini e Binance offrono tutti Apple Pay.<br><br><\/li><li><strong>Crea un profilo:<\/strong> dopo aver selezionato uno scambio che utilizza Apple Pay, devi creare un account e completare qualsiasi verifica di identit\u00e0 necessaria. Ci\u00f2 potrebbe comportare la fornitura di informazioni personali come il tuo nome, indirizzo e numero di telefono, nonch\u00e9 l&#8217;upload di documenti di verifica dell&#8217;identit\u00e0.<br><br><\/li><li><strong>Aggiungi il tuo account Apple Pay:<\/strong> Dopo aver creato il tuo account, devi collegare il tuo account Apple Pay al tuo account di scambio di criptovalute. Di solito, ci\u00f2 comporta la navigazione nelle impostazioni di pagamento dell&#8217;exchange e la scelta di Apple Pay come opzione di pagamento.<br><br><\/li><li><strong>Aggiungi fondi: <\/strong>Prima di acquistare Cardano, devi finanziare il tuo account con una valuta accettata dall&#8217;exchange, come dollari americani, euro o sterline britanniche. Per farlo, collega una carta di credito o un conto bancario al tuo account o sposta criptovaluta da un&#8217;altra wallet.<br><br><\/li><li><strong>Ordine: <\/strong>Una volta finanziato il tuo account, puoi usare il tuo account Apple Pay per effettuare un ordine di acquisto di Cardano. Devi essere sicuro della quantit\u00e0 di Cardano che desideri acquistare e del range di prezzo. L&#8217;exchange concluder\u00e0 la transazione abbinando il tuo ordine con un venditore.<\/li><\/ol>\n\n\n\n<figure class=\"wp-block-embed is-type-video is-provider-youtube wp-block-embed-youtube wp-embed-aspect-16-9 wp-has-aspect-ratio\"><div class=\"wp-block-embed__wrapper\">\n<iframe title=\"\ud83d\udd34\ud83d\udd34 How To Use Apple Pay On Coinbase \u2705 \u2705\" width=\"800\" height=\"450\" src=\"https:\/\/www.youtube.com\/embed\/UwXQpNBchwk?feature=oembed\" frameborder=\"0\" allow=\"accelerometer; autoplay; clipboard-write; encrypted-media; gyroscope; picture-in-picture; web-share\" allowfullscreen><\/iframe>\n<\/div><\/figure>\n\n\n\n<h2 class=\"wp-block-heading\">Svantaggi nell&#8217;usare Apple Pay per acquistare Cardano<\/h2>\n\n\n\n<p><strong>Dovresti essere consapevole di alcune limitazioni nell&#8217;acquisto di Cardano con Apple Pay:<\/strong><\/p>\n\n\n\n<ul><li><strong>Commissioni:<\/strong> l&#8217;acquisto di Cardano con Apple Pay pu\u00f2 comportare commissioni da alcuni scambi di criptovalute, che aumenteranno il costo totale della tua transazione. Queste commissioni possono essere una tassa fissa o una percentuale del costo della transazione.<br><br><\/li><li><strong>Limitazioni:<\/strong> la quantit\u00e0 di denaro che puoi spendere con Apple Pay pu\u00f2 essere soggetta a restrizioni. Ci\u00f2 pu\u00f2 limitare la quantit\u00e0 di Cardano che puoi acquistare con Apple Pay.<br><br><\/li><li><strong>Non disponibile in tutti i paesi:<\/strong> potresti non essere in grado di acquistare Cardano con Apple Pay se risiedi in un paese in cui il servizio non \u00e8 supportato perch\u00e9 non \u00e8 disponibile a livello globale.<br><br><\/li><li><strong>Rischio di frode: <\/strong>quando si utilizza Apple Pay per acquistare Cardano, c&#8217;\u00e8 un rischio di frode come con altri metodi di pagamento. Le transazioni devono essere effettuate con cautela e qualsiasi comportamento sospetto deve essere segnalato ad Apple e all&#8217;exchange.<\/li><\/ul>\n\n\n\n<h2 class=\"wp-block-heading\">Conclusione<\/h2>\n\n\n\n<p>In conclusione, l&#8217;acquisto di Cardano utilizzando Apple Pay comporta la ricerca di un exchange di criptovalute che supporti Apple Pay, l&#8217;apertura di un account, l&#8217;integrazione del tuo account Apple Pay, il finanziamento del tuo account e la presentazione di un ordine di acquisto per Cardano. Gli acquisti di Cardano con Apple Pay offrono vantaggi di convenienza e sicurezza, ma comportano anche rischi e non tutti i paesi supportano questo metodo di pagamento. Prima di effettuare un acquisto, \u00e8 fondamentale esaminare attentamente eventuali svantaggi, come le commissioni, le limitazioni e il rischio di frode. \u00c8 anche importante ricordare che il valore di Cardano e altre criptovalute potrebbe fluttuare, quindi prima di effettuare un acquisto, devi esaminare attentamente i tuoi obiettivi finanziari e la tua tolleranza al rischio.<\/p>\n\n\n\n<!-- Page-list plugin v.5.9 wordpress.org\/plugins\/page-list\/ -->\n<ul class=\"page-list siblings-page-list \">\n<li class=\"page_item page-item-22234\"><a href=\"https:\/\/allin1bitcoins.com\/it\/crypto\/cardano\/american-express\/\">Come Acquistare Cardano (ADA) Con American Express<\/a><\/li>\n<li class=\"page_item page-item-22257\"><a href=\"https:\/\/allin1bitcoins.com\/it\/crypto\/cardano\/apple-pay\/\">Come Acquistare Cardano (ADA) Con Apple Pay<\/a><\/li>\n<li class=\"page_item page-item-22319\"><a href=\"https:\/\/allin1bitcoins.com\/it\/crypto\/cardano\/google-pay\/\">Come Acquistare Cardano (ADA) Con Google Pay<\/a><\/li>\n<li class=\"page_item page-item-22311\"><a href=\"https:\/\/allin1bitcoins.com\/it\/crypto\/cardano\/neteller\/\">Come Acquistare Cardano (ADA) Con Neteller<\/a><\/li>\n<li class=\"page_item page-item-22270\"><a href=\"https:\/\/allin1bitcoins.com\/it\/crypto\/cardano\/paysafecard\/\">Come Acquistare Cardano (ADA) Con Paysafecard<\/a><\/li>\n<li class=\"page_item page-item-22360\"><a href=\"https:\/\/allin1bitcoins.com\/it\/crypto\/cardano\/skrill\/\">Come Acquistare Cardano (ADA) Con Skrill<\/a><\/li>\n<li class=\"page_item page-item-22335\"><a href=\"https:\/\/allin1bitcoins.com\/it\/crypto\/cardano\/bank-account\/\">Come Acquistare Cardano (ADA) Con Un Conto Bancario<\/a><\/li>\n<li class=\"page_item page-item-22224\"><a href=\"https:\/\/allin1bitcoins.com\/it\/crypto\/cardano\/credit-card\/\">Come Acquistare Cardano (ADA) Con Una Carta Di Credito<\/a><\/li>\n<li class=\"page_item page-item-22213\"><a href=\"https:\/\/allin1bitcoins.com\/it\/crypto\/cardano\/debit-card\/\">Come Acquistare Cardano (ADA) Con Una Carta Di Debito<\/a><\/li>\n<li class=\"page_item page-item-22249\"><a href=\"https:\/\/allin1bitcoins.com\/it\/crypto\/cardano\/venmo\/\">Come Acquistare Cardano (ADA) Con Venmo<\/a><\/li>\n<li class=\"page_item page-item-22243\"><a href=\"https:\/\/allin1bitcoins.com\/it\/crypto\/cardano\/crypto-anonymously\/\">Come Acquistare Cardano (ADA) In Modo Anonimo Con Criptovalute<\/a><\/li>\n<li class=\"page_item page-item-22199\"><a href=\"https:\/\/allin1bitcoins.com\/it\/crypto\/cardano\/paypal\/\">Come Comprare Cardano (ADA) Con Paypal<\/a><\/li>\n\n<\/ul>\n","protected":false},"excerpt":{"rendered":"<p>Devi individuare uno scambio di criptovalute che offra Apple Pay come opzione di pagamento per acquistare Cardano con Apple Pay. Successivamente, dopo aver collegato il tuo account Apple Pay al nuovo account, puoi effettuare un ordine per l&#8217;acquisto di Cardano utilizzando il tuo account Apple Pay. Panoramica su Cardano Per facilitare la creazione ed esecuzione&#8230;<\/p>\n","protected":false},"author":3,"featured_media":13321,"parent":22185,"menu_order":0,"comment_status":"closed","ping_status":"closed","template":"","meta":{"cybocfi_hide_featured_image":"","footnotes":""},"acf":[],"yoast_head":"<!-- This site is optimized with the Yoast SEO plugin v21.7 - https:\/\/yoast.com\/wordpress\/plugins\/seo\/ -->\n<title>Come Acquistare Cardano (ADA) Con Apple Pay<\/title>\n<meta name=\"description\" content=\"\u00c8 necessario individuare un exchange di criptovalute che offra Apple Pay come opzione di pagamento per acquistare Cardano con Apple Pay.\" \/>\n<meta name=\"robots\" content=\"index, follow, max-snippet:-1, max-image-preview:large, max-video-preview:-1\" \/>\n<link rel=\"canonical\" href=\"https:\/\/allin1bitcoins.com\/it\/crypto\/cardano\/apple-pay\/\" \/>\n<meta property=\"og:locale\" content=\"it_IT\" \/>\n<meta property=\"og:type\" content=\"article\" \/>\n<meta property=\"og:title\" content=\"Come Acquistare Cardano (ADA) Con Apple Pay\" \/>\n<meta property=\"og:description\" content=\"\u00c8 necessario individuare un exchange di criptovalute che offra Apple Pay come opzione di pagamento per acquistare Cardano con Apple Pay.\" \/>\n<meta property=\"og:url\" content=\"https:\/\/allin1bitcoins.com\/it\/crypto\/cardano\/apple-pay\/\" \/>\n<meta property=\"og:site_name\" content=\"Allin1Bitcoins\" \/>\n<meta property=\"article:modified_time\" content=\"2023-02-24T17:31:05+00:00\" \/>\n<meta property=\"og:image\" content=\"https:\/\/allin1bitcoins.com\/wp-content\/uploads\/2023\/01\/firmbee-com-SpVHcbuKi6E-unsplash2.jpg\" \/>\n\t<meta property=\"og:image:width\" content=\"1920\" \/>\n\t<meta property=\"og:image:height\" content=\"1275\" \/>\n\t<meta property=\"og:image:type\" content=\"image\/jpeg\" \/>\n<meta name=\"twitter:card\" content=\"summary_large_image\" \/>\n<meta name=\"twitter:label1\" content=\"Est. reading time\" \/>\n\t<meta name=\"twitter:data1\" content=\"4 minutes\" \/>\n<!-- \/ Yoast SEO plugin. -->","yoast_head_json":{"title":"Come Acquistare Cardano (ADA) Con Apple Pay","description":"\u00c8 necessario individuare un exchange di criptovalute che offra Apple Pay come opzione di pagamento per acquistare Cardano con Apple Pay.","robots":{"index":"index","follow":"follow","max-snippet":"max-snippet:-1","max-image-preview":"max-image-preview:large","max-video-preview":"max-video-preview:-1"},"canonical":"https:\/\/allin1bitcoins.com\/it\/crypto\/cardano\/apple-pay\/","og_locale":"it_IT","og_type":"article","og_title":"Come Acquistare Cardano (ADA) Con Apple Pay","og_description":"\u00c8 necessario individuare un exchange di criptovalute che offra Apple Pay come opzione di pagamento per acquistare Cardano con Apple Pay.","og_url":"https:\/\/allin1bitcoins.com\/it\/crypto\/cardano\/apple-pay\/","og_site_name":"Allin1Bitcoins","article_modified_time":"2023-02-24T17:31:05+00:00","og_image":[{"width":1920,"height":1275,"url":"https:\/\/allin1bitcoins.com\/wp-content\/uploads\/2023\/01\/firmbee-com-SpVHcbuKi6E-unsplash2.jpg","type":"image\/jpeg"}],"twitter_card":"summary_large_image","twitter_misc":{"Est. reading time":"4 minutes"},"schema":{"@context":"https:\/\/schema.org","@graph":[{"@type":"WebPage","@id":"https:\/\/allin1bitcoins.com\/it\/crypto\/cardano\/apple-pay\/","url":"https:\/\/allin1bitcoins.com\/it\/crypto\/cardano\/apple-pay\/","name":"Come Acquistare Cardano (ADA) Con Apple Pay","isPartOf":{"@id":"https:\/\/allin1bitcoins.com\/it\/#website"},"datePublished":"2023-02-24T17:31:02+00:00","dateModified":"2023-02-24T17:31:05+00:00","description":"\u00c8 necessario individuare un exchange di criptovalute che offra Apple Pay come opzione di pagamento per acquistare Cardano con Apple Pay.","breadcrumb":{"@id":"https:\/\/allin1bitcoins.com\/it\/crypto\/cardano\/apple-pay\/#breadcrumb"},"inLanguage":"it","potentialAction":[{"@type":"ReadAction","target":["https:\/\/allin1bitcoins.com\/it\/crypto\/cardano\/apple-pay\/"]}]},{"@type":"BreadcrumbList","@id":"https:\/\/allin1bitcoins.com\/it\/crypto\/cardano\/apple-pay\/#breadcrumb","itemListElement":[{"@type":"ListItem","position":1,"name":"Home","item":"https:\/\/allin1bitcoins.com\/it\/"},{"@type":"ListItem","position":2,"name":"Crypto","item":"https:\/\/allin1bitcoins.com\/it\/crypto\/"},{"@type":"ListItem","position":3,"name":"Come Acquistare Cardano (ADA) &#8211; Guida Passo Passo (2023)","item":"https:\/\/allin1bitcoins.com\/it\/crypto\/cardano\/"},{"@type":"ListItem","position":4,"name":"Come Acquistare Cardano (ADA) Con Apple Pay"}]},{"@type":"WebSite","@id":"https:\/\/allin1bitcoins.com\/it\/#website","url":"https:\/\/allin1bitcoins.com\/it\/","name":"Allin1Bitcoins","description":"","publisher":{"@id":"https:\/\/allin1bitcoins.com\/it\/#organization"},"potentialAction":[{"@type":"SearchAction","target":{"@type":"EntryPoint","urlTemplate":"https:\/\/allin1bitcoins.com\/it\/?s={search_term_string}"},"query-input":"required name=search_term_string"}],"inLanguage":"it"},{"@type":"Organization","@id":"https:\/\/allin1bitcoins.com\/it\/#organization","name":"allin1bitcoins","url":"https:\/\/allin1bitcoins.com\/it\/","logo":{"@type":"ImageObject","inLanguage":"it","@id":"https:\/\/allin1bitcoins.com\/it\/#\/schema\/logo\/image\/","url":"https:\/\/allin1bitcoins.com\/wp-content\/uploads\/2019\/01\/logo-new.png","contentUrl":"https:\/\/allin1bitcoins.com\/wp-content\/uploads\/2019\/01\/logo-new.png","width":178,"height":71,"caption":"allin1bitcoins"},"image":{"@id":"https:\/\/allin1bitcoins.com\/it\/#\/schema\/logo\/image\/"}}]}},"_links":{"self":[{"href":"https:\/\/allin1bitcoins.com\/it\/wp-json\/wp\/v2\/pages\/22257"}],"collection":[{"href":"https:\/\/allin1bitcoins.com\/it\/wp-json\/wp\/v2\/pages"}],"about":[{"href":"https:\/\/allin1bitcoins.com\/it\/wp-json\/wp\/v2\/types\/page"}],"author":[{"embeddable":true,"href":"https:\/\/allin1bitcoins.com\/it\/wp-json\/wp\/v2\/users\/3"}],"replies":[{"embeddable":true,"href":"https:\/\/allin1bitcoins.com\/it\/wp-json\/wp\/v2\/comments?post=22257"}],"version-history":[{"count":1,"href":"https:\/\/allin1bitcoins.com\/it\/wp-json\/wp\/v2\/pages\/22257\/revisions"}],"predecessor-version":[{"id":22263,"href":"https:\/\/allin1bitcoins.com\/it\/wp-json\/wp\/v2\/pages\/22257\/revisions\/22263"}],"up":[{"embeddable":true,"href":"https:\/\/allin1bitcoins.com\/it\/wp-json\/wp\/v2\/pages\/22185"}],"wp:featuredmedia":[{"embeddable":true,"href":"https:\/\/allin1bitcoins.com\/it\/wp-json\/wp\/v2\/media\/13321"}],"wp:attachment":[{"href":"https:\/\/allin1bitcoins.com\/it\/wp-json\/wp\/v2\/media?parent=22257"}],"curies":[{"name":"wp","href":"https:\/\/api.w.org\/{rel}","templated":true}]}}