{"id":22311,"date":"2023-02-24T19:10:24","date_gmt":"2023-02-24T19:10:24","guid":{"rendered":"https:\/\/allin1bitcoins.com\/?page_id=22311"},"modified":"2023-02-24T19:10:26","modified_gmt":"2023-02-24T19:10:26","slug":"neteller","status":"publish","type":"page","link":"https:\/\/allin1bitcoins.com\/it\/crypto\/cardano\/neteller\/","title":{"rendered":"Come Acquistare Cardano (ADA) Con Neteller"},"content":{"rendered":"\n<p>\u00c8 necessario trovare un exchange di criptovalute che accetti Neteller come opzione di pagamento per acquistare Cardano con Neteller. Successivamente, \u00e8 possibile registrarsi, collegare il proprio account Neteller e effettuare un ordine di acquisto per Cardano.<\/p>\n\n\n\n<h2 class=\"wp-block-heading\">Panoramica di Cardano<\/h2>\n\n\n\n<p>Cardano \u00e8 una tecnologia blockchain decentralizzata e open-source creata per consentire la progettazione e l&#8217;utilizzo di smart contract e altre applicazioni decentralizzate. \u00c8 stata fondata nel 2015 da Charles Hoskinson, uno dei fondatori di Ethereum, ed \u00e8 destinata a superare le piattaforme blockchain attuali in termini di sicurezza, scalabilit\u00e0 e flessibilit\u00e0.<\/p>\n\n\n\n<p>Cardano utilizza il meccanismo di consenso proof-of-stake Ouroboros, che consente agli utenti di convalidare le transazioni e ottenere incentivi per la partecipazione alla rete. Inoltre, utilizza un design a pi\u00f9 livelli che divide il livello di elaborazione, che gestisce l&#8217;esecuzione di smart contract e applicazioni decentralizzate, dal livello di liquidazione, che si occupa delle transazioni e dei trasferimenti di valore.<\/p>\n\n\n\n<h2 class=\"wp-block-heading\">Perch\u00e9 desideri acquistare Cardano con Neteller<\/h2>\n\n\n\n<p><strong>Potresti voler acquistare Cardano con Neteller per diverse ragioni, tra cui:<\/strong><\/p>\n\n\n\n<ul><li>Per molti, l&#8217;acquisto di Cardano tramite Neteller \u00e8 una scelta pratica. \u00c8 possibile acquistare qualcosa utilizzando il proprio computer o telefono senza dover inserire il numero della propria carta di credito o i dettagli del conto bancario.<br><br><\/li><li>Le informazioni personali e finanziarie sono protette da Neteller utilizzando numerosi strati di protezione, tra cui la crittografia, la rilevazione delle frodi e l&#8217;autenticazione a due fattori. Di conseguenza, potrebbe essere una scelta pi\u00f9 sicura rispetto all&#8217;utilizzo di una carta di debito o di credito o alla fornitura di informazioni sul proprio conto bancario a una borsa.<br><br><\/li><li>Neteller \u00e8 ampiamente accettato, quindi si dovrebbe avere accesso a una variet\u00e0 di opzioni per l&#8217;acquisto di Cardano con questo metodo di pagamento su molte borse di criptovaluta.<\/li><\/ul>\n\n\n\n<figure class=\"wp-block-embed is-type-video is-provider-youtube wp-block-embed-youtube wp-embed-aspect-16-9 wp-has-aspect-ratio\"><div class=\"wp-block-embed__wrapper\">\n<iframe title=\"Why You SHOULD BUY Cardano ADA For 13 January!\" width=\"800\" height=\"450\" src=\"https:\/\/www.youtube.com\/embed\/u8sWGEUsQkU?feature=oembed\" frameborder=\"0\" allow=\"accelerometer; autoplay; clipboard-write; encrypted-media; gyroscope; picture-in-picture; web-share\" allowfullscreen><\/iframe>\n<\/div><\/figure>\n\n\n\n<h2 class=\"wp-block-heading\">Istruzioni dettagliate su come acquistare Cardano utilizzando Neteller<\/h2>\n\n\n\n<ol><li>Per acquistare Cardano utilizzando Neteller, \u00e8 necessario prima trovare un exchange di criptovalute che accetti Neteller come forma di pagamento. Neteller \u00e8 accettato da diverse borse ben note, tra cui Coinbase, Binance e Bitfinex.<br><br><\/li><li>Dopo aver deciso su un exchange che funziona con Neteller, \u00e8 necessario effettuare la verifica dell&#8217;identit\u00e0 appropriata e creare un account. Ci\u00f2 potrebbe comportare la fornitura di informazioni personali come nome, indirizzo e numero di telefono, nonch\u00e9 l&#8217;upload di documenti di verifica dell&#8217;identit\u00e0.<br><br><\/li><li>Creare un collegamento tra il tuo account Neteller e il tuo account di scambio di Bitcoin dopo l&#8217;apertura di un account. Questo di solito comporta andare alle preferenze di pagamento dello scambio e selezionare Neteller come opzione di pagamento.<br><br><\/li><li>Prima di acquistare Cardano, devi finanziare il tuo account con una valuta accettata dall&#8217;exchange, come dollari americani, euro o sterline britanniche. Per farlo, trasferisci denaro dall&#8217;account Neteller allo scambio.<br><br><\/li><li>Dopo che il tuo account \u00e8 stato finanziato, puoi utilizzare Neteller per effettuare un ordine di acquisto di Cardano. Devi essere sicuro di quanti Cardano desideri acquistare e del tuo range di prezzo. Lo scambio completer\u00e0 quindi la transazione abbinando il tuo ordine con un venditore.<\/li><\/ol>\n\n\n\n<h2 class=\"wp-block-heading\">Svantaggi nell&#8217;uso di Neteller per acquistare Cardano<\/h2>\n\n\n\n<p><strong>L&#8217;uso di Neteller per acquistare Cardano ha alcuni svantaggi di cui dovresti essere consapevole:<\/strong><\/p>\n\n\n\n<ul><li><strong>Commissioni: <\/strong>alcuni scambi di criptovalute impongono commissioni per l&#8217;acquisto di Cardano con Neteller, che possono aumentare il costo complessivo della transazione. Queste commissioni potrebbero essere una tassa fissa o una percentuale del costo della transazione.<br><br><\/li><li><strong>Disponibilit\u00e0 limitata: <\/strong>poich\u00e9 non tutti gli scambi supportano Neteller come metodo di pagamento, potresti avere solo poche scelte per l&#8217;acquisto di Cardano con Neteller.<br><br><\/li><li><strong>Limitazioni:<\/strong> alcuni scambi potrebbero porre restrizioni su quanto puoi inviare dal tuo account Neteller o su quanto Cardano puoi acquistare con Neteller. Questo potrebbe limitare la quantit\u00e0 di Cardano che puoi acquistare con Neteller.<br><br><\/li><li><strong>Non disponibile ovunque:<\/strong> Neteller potrebbe non essere supportato ovunque, quindi se risiedi in un paese dove Neteller non \u00e8 supportato, potresti non essere in grado di utilizzarlo per acquistare Cardano.<\/li><\/ul>\n\n\n\n<h2 class=\"wp-block-heading\">Conclusioni<\/h2>\n\n\n\n<p>In conclusione, l&#8217;acquisto di Cardano con Neteller comporta la ricerca di uno scambio di criptovalute che riconosca Neteller, l&#8217;apertura di un account, la connessione del tuo account Neteller, il finanziamento del tuo account e l&#8217;invio di un ordine di acquisto per Cardano. Gli acquisti di Cardano con Neteller offrono vantaggi di comodit\u00e0 e sicurezza, ma ci sono alcuni rischi coinvolti e non tutti i paesi potrebbero supportare questo metodo. Prima di effettuare un acquisto, \u00e8 importante analizzare attentamente eventuali svantaggi potenziali, come costi, disponibilit\u00e0, restrizioni per paese e vincoli. \u00c8 anche importante ricordare che il valore di Cardano e di altre criptovalute potrebbe fluttuare, quindi prima di effettuare un acquisto, \u00e8 necessario valutare attentamente gli obiettivi finanziari e la tolleranza al rischio.<\/p>\n\n\n\n<!-- Page-list plugin v.5.9 wordpress.org\/plugins\/page-list\/ -->\n<ul class=\"page-list siblings-page-list \">\n<li class=\"page_item page-item-22234\"><a href=\"https:\/\/allin1bitcoins.com\/it\/crypto\/cardano\/american-express\/\">Come Acquistare Cardano (ADA) Con American Express<\/a><\/li>\n<li class=\"page_item page-item-22257\"><a href=\"https:\/\/allin1bitcoins.com\/it\/crypto\/cardano\/apple-pay\/\">Come Acquistare Cardano (ADA) Con Apple Pay<\/a><\/li>\n<li class=\"page_item page-item-22319\"><a href=\"https:\/\/allin1bitcoins.com\/it\/crypto\/cardano\/google-pay\/\">Come Acquistare Cardano (ADA) Con Google Pay<\/a><\/li>\n<li class=\"page_item page-item-22311\"><a href=\"https:\/\/allin1bitcoins.com\/it\/crypto\/cardano\/neteller\/\">Come Acquistare Cardano (ADA) Con Neteller<\/a><\/li>\n<li class=\"page_item page-item-22270\"><a href=\"https:\/\/allin1bitcoins.com\/it\/crypto\/cardano\/paysafecard\/\">Come Acquistare Cardano (ADA) Con Paysafecard<\/a><\/li>\n<li class=\"page_item page-item-22360\"><a href=\"https:\/\/allin1bitcoins.com\/it\/crypto\/cardano\/skrill\/\">Come Acquistare Cardano (ADA) Con Skrill<\/a><\/li>\n<li class=\"page_item page-item-22335\"><a href=\"https:\/\/allin1bitcoins.com\/it\/crypto\/cardano\/bank-account\/\">Come Acquistare Cardano (ADA) Con Un Conto Bancario<\/a><\/li>\n<li class=\"page_item page-item-22224\"><a href=\"https:\/\/allin1bitcoins.com\/it\/crypto\/cardano\/credit-card\/\">Come Acquistare Cardano (ADA) Con Una Carta Di Credito<\/a><\/li>\n<li class=\"page_item page-item-22213\"><a href=\"https:\/\/allin1bitcoins.com\/it\/crypto\/cardano\/debit-card\/\">Come Acquistare Cardano (ADA) Con Una Carta Di Debito<\/a><\/li>\n<li class=\"page_item page-item-22249\"><a href=\"https:\/\/allin1bitcoins.com\/it\/crypto\/cardano\/venmo\/\">Come Acquistare Cardano (ADA) Con Venmo<\/a><\/li>\n<li class=\"page_item page-item-22243\"><a href=\"https:\/\/allin1bitcoins.com\/it\/crypto\/cardano\/crypto-anonymously\/\">Come Acquistare Cardano (ADA) In Modo Anonimo Con Criptovalute<\/a><\/li>\n<li class=\"page_item page-item-22199\"><a href=\"https:\/\/allin1bitcoins.com\/it\/crypto\/cardano\/paypal\/\">Come Comprare Cardano (ADA) Con Paypal<\/a><\/li>\n\n<\/ul>\n","protected":false},"excerpt":{"rendered":"<p>\u00c8 necessario trovare un exchange di criptovalute che accetti Neteller come opzione di pagamento per acquistare Cardano con Neteller. Successivamente, \u00e8 possibile registrarsi, collegare il proprio account Neteller e effettuare un ordine di acquisto per Cardano. Panoramica di Cardano Cardano \u00e8 una tecnologia blockchain decentralizzata e open-source creata per consentire la progettazione e l&#8217;utilizzo di&#8230;<\/p>\n","protected":false},"author":3,"featured_media":13617,"parent":22185,"menu_order":0,"comment_status":"closed","ping_status":"closed","template":"","meta":{"cybocfi_hide_featured_image":"","footnotes":""},"acf":[],"yoast_head":"<!-- This site is optimized with the Yoast SEO plugin v21.7 - https:\/\/yoast.com\/wordpress\/plugins\/seo\/ -->\n<title>Come Acquistare Cardano (ADA) Con Neteller<\/title>\n<meta name=\"description\" content=\"Devi trovare uno scambio di criptovalute che accetti Neteller come opzione di pagamento per acquistare Cardano con Neteller.\" \/>\n<meta name=\"robots\" content=\"index, follow, max-snippet:-1, max-image-preview:large, max-video-preview:-1\" \/>\n<link rel=\"canonical\" href=\"https:\/\/allin1bitcoins.com\/it\/crypto\/cardano\/neteller\/\" \/>\n<meta property=\"og:locale\" content=\"it_IT\" \/>\n<meta property=\"og:type\" content=\"article\" \/>\n<meta property=\"og:title\" content=\"Come Acquistare Cardano (ADA) Con Neteller\" \/>\n<meta property=\"og:description\" content=\"Devi trovare uno scambio di criptovalute che accetti Neteller come opzione di pagamento per acquistare Cardano con Neteller.\" \/>\n<meta property=\"og:url\" content=\"https:\/\/allin1bitcoins.com\/it\/crypto\/cardano\/neteller\/\" \/>\n<meta property=\"og:site_name\" content=\"Allin1Bitcoins\" \/>\n<meta property=\"article:modified_time\" content=\"2023-02-24T19:10:26+00:00\" \/>\n<meta property=\"og:image\" content=\"https:\/\/allin1bitcoins.com\/wp-content\/uploads\/2023\/01\/traxer-MZSg37IADKU-unsplash.jpg\" \/>\n\t<meta property=\"og:image:width\" content=\"1920\" \/>\n\t<meta property=\"og:image:height\" content=\"1277\" \/>\n\t<meta property=\"og:image:type\" content=\"image\/jpeg\" \/>\n<meta name=\"twitter:card\" content=\"summary_large_image\" \/>\n<meta name=\"twitter:label1\" content=\"Est. reading time\" \/>\n\t<meta name=\"twitter:data1\" content=\"4 minutes\" \/>\n<!-- \/ Yoast SEO plugin. -->","yoast_head_json":{"title":"Come Acquistare Cardano (ADA) Con Neteller","description":"Devi trovare uno scambio di criptovalute che accetti Neteller come opzione di pagamento per acquistare Cardano con Neteller.","robots":{"index":"index","follow":"follow","max-snippet":"max-snippet:-1","max-image-preview":"max-image-preview:large","max-video-preview":"max-video-preview:-1"},"canonical":"https:\/\/allin1bitcoins.com\/it\/crypto\/cardano\/neteller\/","og_locale":"it_IT","og_type":"article","og_title":"Come Acquistare Cardano (ADA) Con Neteller","og_description":"Devi trovare uno scambio di criptovalute che accetti Neteller come opzione di pagamento per acquistare Cardano con Neteller.","og_url":"https:\/\/allin1bitcoins.com\/it\/crypto\/cardano\/neteller\/","og_site_name":"Allin1Bitcoins","article_modified_time":"2023-02-24T19:10:26+00:00","og_image":[{"width":1920,"height":1277,"url":"https:\/\/allin1bitcoins.com\/wp-content\/uploads\/2023\/01\/traxer-MZSg37IADKU-unsplash.jpg","type":"image\/jpeg"}],"twitter_card":"summary_large_image","twitter_misc":{"Est. reading time":"4 minutes"},"schema":{"@context":"https:\/\/schema.org","@graph":[{"@type":"WebPage","@id":"https:\/\/allin1bitcoins.com\/it\/crypto\/cardano\/neteller\/","url":"https:\/\/allin1bitcoins.com\/it\/crypto\/cardano\/neteller\/","name":"Come Acquistare Cardano (ADA) Con Neteller","isPartOf":{"@id":"https:\/\/allin1bitcoins.com\/it\/#website"},"datePublished":"2023-02-24T19:10:24+00:00","dateModified":"2023-02-24T19:10:26+00:00","description":"Devi trovare uno scambio di criptovalute che accetti Neteller come opzione di pagamento per acquistare Cardano con Neteller.","breadcrumb":{"@id":"https:\/\/allin1bitcoins.com\/it\/crypto\/cardano\/neteller\/#breadcrumb"},"inLanguage":"it","potentialAction":[{"@type":"ReadAction","target":["https:\/\/allin1bitcoins.com\/it\/crypto\/cardano\/neteller\/"]}]},{"@type":"BreadcrumbList","@id":"https:\/\/allin1bitcoins.com\/it\/crypto\/cardano\/neteller\/#breadcrumb","itemListElement":[{"@type":"ListItem","position":1,"name":"Home","item":"https:\/\/allin1bitcoins.com\/it\/"},{"@type":"ListItem","position":2,"name":"Crypto","item":"https:\/\/allin1bitcoins.com\/it\/crypto\/"},{"@type":"ListItem","position":3,"name":"Come Acquistare Cardano (ADA) &#8211; Guida Passo Passo (2023)","item":"https:\/\/allin1bitcoins.com\/it\/crypto\/cardano\/"},{"@type":"ListItem","position":4,"name":"Come Acquistare Cardano (ADA) Con Neteller"}]},{"@type":"WebSite","@id":"https:\/\/allin1bitcoins.com\/it\/#website","url":"https:\/\/allin1bitcoins.com\/it\/","name":"Allin1Bitcoins","description":"","publisher":{"@id":"https:\/\/allin1bitcoins.com\/it\/#organization"},"potentialAction":[{"@type":"SearchAction","target":{"@type":"EntryPoint","urlTemplate":"https:\/\/allin1bitcoins.com\/it\/?s={search_term_string}"},"query-input":"required name=search_term_string"}],"inLanguage":"it"},{"@type":"Organization","@id":"https:\/\/allin1bitcoins.com\/it\/#organization","name":"allin1bitcoins","url":"https:\/\/allin1bitcoins.com\/it\/","logo":{"@type":"ImageObject","inLanguage":"it","@id":"https:\/\/allin1bitcoins.com\/it\/#\/schema\/logo\/image\/","url":"https:\/\/allin1bitcoins.com\/wp-content\/uploads\/2019\/01\/logo-new.png","contentUrl":"https:\/\/allin1bitcoins.com\/wp-content\/uploads\/2019\/01\/logo-new.png","width":178,"height":71,"caption":"allin1bitcoins"},"image":{"@id":"https:\/\/allin1bitcoins.com\/it\/#\/schema\/logo\/image\/"}}]}},"_links":{"self":[{"href":"https:\/\/allin1bitcoins.com\/it\/wp-json\/wp\/v2\/pages\/22311"}],"collection":[{"href":"https:\/\/allin1bitcoins.com\/it\/wp-json\/wp\/v2\/pages"}],"about":[{"href":"https:\/\/allin1bitcoins.com\/it\/wp-json\/wp\/v2\/types\/page"}],"author":[{"embeddable":true,"href":"https:\/\/allin1bitcoins.com\/it\/wp-json\/wp\/v2\/users\/3"}],"replies":[{"embeddable":true,"href":"https:\/\/allin1bitcoins.com\/it\/wp-json\/wp\/v2\/comments?post=22311"}],"version-history":[{"count":1,"href":"https:\/\/allin1bitcoins.com\/it\/wp-json\/wp\/v2\/pages\/22311\/revisions"}],"predecessor-version":[{"id":22315,"href":"https:\/\/allin1bitcoins.com\/it\/wp-json\/wp\/v2\/pages\/22311\/revisions\/22315"}],"up":[{"embeddable":true,"href":"https:\/\/allin1bitcoins.com\/it\/wp-json\/wp\/v2\/pages\/22185"}],"wp:featuredmedia":[{"embeddable":true,"href":"https:\/\/allin1bitcoins.com\/it\/wp-json\/wp\/v2\/media\/13617"}],"wp:attachment":[{"href":"https:\/\/allin1bitcoins.com\/it\/wp-json\/wp\/v2\/media?parent=22311"}],"curies":[{"name":"wp","href":"https:\/\/api.w.org\/{rel}","templated":true}]}}