{"id":22382,"date":"2023-02-26T17:11:49","date_gmt":"2023-02-26T17:11:49","guid":{"rendered":"https:\/\/allin1bitcoins.com\/?page_id=22382"},"modified":"2023-02-26T17:11:51","modified_gmt":"2023-02-26T17:11:51","slug":"bitcoin","status":"publish","type":"page","link":"https:\/\/allin1bitcoins.com\/it\/crypto\/bitcoin\/","title":{"rendered":"Come Comprare Bitcoin (BTC)"},"content":{"rendered":"\n<h2 class=\"wp-block-heading\">Acquisto di Bitcoin: una breve guida<\/h2>\n\n\n\n<p>Per acquistare Bitcoin, devi prima creare un portafoglio Bitcoin e scegliere un exchange o un broker affidabile di Bitcoin. Una volta trasferito dall&#8217;exchange o dal broker al tuo portafoglio, puoi utilizzare il Bitcoin per transazioni o investimenti.<\/p>\n\n\n\n<h2 class=\"wp-block-heading\">Introduzione al bitcoin<\/h2>\n\n\n\n<p>Bitcoin \u00e8 una valuta digitale decentralizzata inventata nel 2009. Funziona su una rete peer-to-peer e non ha un&#8217;organizzazione centralizzata come una banca o un governo. Una pubblica contabilit\u00e0 nota come blockchain memorizza le transazioni, consentendo la trasparenza e riducendo le frodi.<\/p>\n\n\n\n<p>Bitcoin \u00e8 una valuta digitale che pu\u00f2 essere utilizzata per molte cose, tra cui transazioni online, investimenti e persino offerte filantropiche. Viene riconosciuto da un numero sempre maggiore di aziende e istituzioni in tutto il mondo e il suo valore pu\u00f2 variare in base all&#8217;offerta e alla domanda.<\/p>\n\n\n\n<h2 class=\"wp-block-heading\">Panoramica della procedura di acquisto di Bitcoin<\/h2>\n\n\n\n<p><strong>Prima di iniziare il processo di acquisto di Bitcoin, \u00e8 essenziale essere consapevoli di tutti i processi necessari. Ecco un elenco delle azioni che devi intraprendere:<\/strong><\/p>\n\n\n\n<ul><li>Un portafoglio Bitcoin \u00e8 un software che salva i tuoi Bitcoin e consente di inviare e ricevere criptovalute. Sono disponibili portafogli online, mobili e hardware. Scegli un portafoglio che funzioni per te, quindi configuralo seguendo le istruzioni di installazione.<br><br><\/li><li>Utilizzando denaro fiat (come il dollaro USA) o altre criptovalute, puoi comprare e vendere Bitcoin su una piattaforma chiamata exchange di Bitcoin. Una societ\u00e0 che compra e vende Bitcoin per conto tuo \u00e8 nota come broker. Data la variet\u00e0 di exchange e broker disponibili, \u00e8 essenziale condurre ricerche appropriate prima di selezionare un exchange o un broker affidabile e sicuro.<br><br><\/li><li>Prima di poter iniziare a comprare e vendere bitcoin, la maggior parte degli exchange e dei broker richiedono di registrarsi per un account. Di solito, ci\u00f2 comporta la rivelazione di dati personali e la verifica della tua identit\u00e0.<br><br><\/li><li>Una volta creato l&#8217;account, devi depositare fondi dal tuo conto bancario o dalla tua carta di credito nel tuo account presso l&#8217;exchange o il broker. Di solito, puoi pagare questo con una carta di credito, un trasferimento ACH o un bonifico bancario.<br><br><\/li><li>Semplicemente specifica la quantit\u00e0 di Bitcoin che desideri acquistare quando inserisci un ordine sul sito web o sull&#8217;app mobile dell&#8217;exchange. L&#8217;offerta e la domanda determinano il prezzo di Bitcoin, quindi potrebbe cambiare mentre completi la transazione.<br><br><\/li><li>Una volta completata la transazione, il Bitcoin verr\u00e0 trasferito dall&#8217;exchange o dal broker al tuo portafoglio. A seconda dell&#8217;exchange o del broker, questo potrebbe richiedere da pochi minuti a qualche ora.<\/li><\/ul>\n\n\n\n<h2 class=\"wp-block-heading\">Come acquistare Bitcoin<\/h2>\n\n\n\n<p><strong>Ora che hai una comprensione generale della procedura, le azioni che devi intraprendere per acquistare Bitcoin sono le seguenti:<\/strong><\/p>\n\n\n\n<h3 class=\"wp-block-heading\">Organizza un portafoglio Bitcoin:<\/h3>\n\n\n\n<p>I portafogli Bitcoin sono disponibili in varie forme, tra cui portafogli web, mobili e hardware. Trezor, Blockstream Green e Coinbase sono alcune delle scelte pi\u00f9 popolari. Per configurare il tuo portafoglio, segui le istruzioni fornite dal provider del portafoglio.<\/p>\n\n\n\n<h3 class=\"wp-block-heading\">Trova un broker o un exchange di Bitcoin affidabile:<\/h3>\n\n\n\n<p>Date le molte opzioni di exchange e broker disponibili, \u00e8 importante condurre una ricerca adeguata prima di selezionare un exchange o broker affidabile e sicuro. Alcuni exchange ben noti sono Kraken, Bitstamp e Coinbase.<\/p>\n\n\n\n<h3 class=\"wp-block-heading\">Registrati con il broker o l&#8217;exchange:<\/h3>\n\n\n\n<p>Prima di poter iniziare a comprare e vendere Bitcoin, la maggior parte degli exchange e dei broker richiedono la registrazione di un account. Di solito, questo implica la divulgazione di dati personali e la verifica dell&#8217;identit\u00e0.<\/p>\n\n\n\n<h3 class=\"wp-block-heading\">Aggiungi denaro al tuo account:<\/h3>\n\n\n\n<p>Una volta creato l&#8217;account, devi depositare fondi dal tuo conto bancario o carta di credito nell&#8217;account dell&#8217;exchange o del broker. Di solito, puoi effettuare il pagamento con una carta di credito, un trasferimento ACH o un bonifico bancario.<\/p>\n\n\n\n<h3 class=\"wp-block-heading\">Acquista Bitcoin:<\/h3>\n\n\n\n<p>Puoi iniziare ad acquistare Bitcoin una volta che il tuo account \u00e8 stato caricato. Semplicemente specifica la quantit\u00e0 di Bitcoin che desideri acquistare quando effettui un ordine sul sito web o sull&#8217;app mobile dell&#8217;exchange. L&#8217;offerta e la domanda determinano il prezzo del Bitcoin, quindi potrebbe variare mentre completi la transazione.<\/p>\n\n\n\n<figure class=\"wp-block-embed is-type-video is-provider-youtube wp-block-embed-youtube wp-embed-aspect-16-9 wp-has-aspect-ratio\"><div class=\"wp-block-embed__wrapper\">\n<iframe title=\"How To Buy Bitcoin SAFELY | Step By Step Guide\" width=\"800\" height=\"450\" src=\"https:\/\/www.youtube.com\/embed\/fAmdC64KKdM?feature=oembed\" frameborder=\"0\" allow=\"accelerometer; autoplay; clipboard-write; encrypted-media; gyroscope; picture-in-picture; web-share\" allowfullscreen><\/iframe>\n<\/div><\/figure>\n\n\n\n<h3 class=\"wp-block-heading\">Trasferimento di Bitcoin tra portafogli:<\/h3>\n\n\n\n<p>Una volta completata la transazione, i Bitcoin verranno trasferiti dall&#8217;exchange o dal broker al tuo portafoglio. A seconda dell&#8217;exchange o del broker, ci\u00f2 potrebbe richiedere alcuni minuti o alcune ore.<\/p>\n\n\n\n<h2 class=\"wp-block-heading\">Vantaggi dell&#8217;acquisto di Bitcoin:<\/h2>\n\n\n\n<p><strong>L&#8217;acquisto di Bitcoin ha diversi vantaggi, tra cui:<\/strong><\/p>\n\n\n\n<h3 class=\"wp-block-heading\">Decentralizzato:<\/h3>\n\n\n\n<p>Bitcoin \u00e8 decentralizzato, il che significa che nessuna entit\u00e0 singola, come una banca o il governo, ha il potere su di esso. Ci\u00f2 ti d\u00e0 maggior libert\u00e0 e controllo su come gestisci i tuoi soldi.<\/p>\n\n\n\n<h3 class=\"wp-block-heading\">Sicurezza:<\/h3>\n\n\n\n<p>Per proteggere le transazioni e prevenire frodi, Bitcoin utilizza la crittografia. La blockchain, il registro aperto che contiene un record di ogni transazione di Bitcoin, \u00e8 impenetrabile e trasparente.<\/p>\n\n\n\n<h3 class=\"wp-block-heading\">Commissioni di transazione basse:<\/h3>\n\n\n\n<p>Le transazioni di Bitcoin hanno spesso commissioni di transazione notevolmente pi\u00f9 basse rispetto alle transazioni finanziarie regolari.<\/p>\n\n\n\n<h3 class=\"wp-block-heading\">Ampia accettazione:<\/h3>\n\n\n\n<p>Bitcoin \u00e8 un mezzo pratico per effettuare acquisti e donazioni poich\u00e9 \u00e8 accettato da un numero crescente di aziende e organizzazioni in tutto il mondo.<\/p>\n\n\n\n<h2 class=\"wp-block-heading\">Conclusione:<\/h2>\n\n\n\n<p>Anche se l&#8217;acquisto di Bitcoin pu\u00f2 essere un procedimento difficile, pu\u00f2 anche essere un modo redditizio per utilizzare e investire in criptovalute. Puoi creare un portafoglio Bitcoin, scegliere un exchange o un broker affidabile e iniziare ad acquistare e utilizzare Bitcoin seguendo le procedure sopra descritte e conducendo le tue ricerche. Prima di acquistare Bitcoin, \u00e8 fondamentale comprendere i rischi e condurre le tue ricerche dovute, proprio come con qualsiasi altro investimento.<\/p>\n\n\n\n<!-- Page-list plugin v.5.9 wordpress.org\/plugins\/page-list\/ -->\n<ul class=\"page-list subpages-page-list \">\n<li class=\"page_item page-item-22540\"><a href=\"https:\/\/allin1bitcoins.com\/it\/crypto\/bitcoin\/the-netherlands\/\">#22540 (no title)<\/a><\/li>\n<li class=\"page_item page-item-22416\"><a href=\"https:\/\/allin1bitcoins.com\/it\/crypto\/bitcoin\/american-express\/\">Come Acquistare Bitcoin (BTC) Con American Express<\/a><\/li>\n<li class=\"page_item page-item-22424\"><a href=\"https:\/\/allin1bitcoins.com\/it\/crypto\/bitcoin\/apple-pay\/\">Come Acquistare Bitcoin (BTC) Con Apple Pay<\/a><\/li>\n<li class=\"page_item page-item-22440\"><a href=\"https:\/\/allin1bitcoins.com\/it\/crypto\/bitcoin\/google-pay\/\">Come Acquistare Bitcoin (BTC) Con Google Pay<\/a><\/li>\n<li class=\"page_item page-item-22457\"><a href=\"https:\/\/allin1bitcoins.com\/it\/crypto\/bitcoin\/neteller\/\">Come Acquistare Bitcoin (BTC) Con Neteller<\/a><\/li>\n<li class=\"page_item page-item-22401\"><a href=\"https:\/\/allin1bitcoins.com\/it\/crypto\/bitcoin\/paypal\/\">Come Acquistare Bitcoin (BTC) Con Paypal<\/a><\/li>\n<li class=\"page_item page-item-22466\"><a href=\"https:\/\/allin1bitcoins.com\/it\/crypto\/bitcoin\/paysafecard\/\">Come Acquistare Bitcoin (BTC) Con Paysafecard<\/a><\/li>\n<li class=\"page_item page-item-22474\"><a href=\"https:\/\/allin1bitcoins.com\/it\/crypto\/bitcoin\/skrill\/\">Come Acquistare Bitcoin (BTC) Con Skrill<\/a><\/li>\n<li class=\"page_item page-item-22432\"><a href=\"https:\/\/allin1bitcoins.com\/it\/crypto\/bitcoin\/bank-account\/\">Come Acquistare Bitcoin (BTC) Con Un Conto Bancario<\/a><\/li>\n<li class=\"page_item page-item-22392\"><a href=\"https:\/\/allin1bitcoins.com\/it\/crypto\/bitcoin\/credit-card\/\">Come Acquistare Bitcoin (BTC) Con Una Carta Di Credito<\/a><\/li>\n<li class=\"page_item page-item-22581\"><a href=\"https:\/\/allin1bitcoins.com\/it\/crypto\/bitcoin\/debit-card\/\">Come Acquistare Bitcoin (BTC) Con Una Carta Di Debito<\/a><\/li>\n<li class=\"page_item page-item-22482\"><a href=\"https:\/\/allin1bitcoins.com\/it\/crypto\/bitcoin\/venmo\/\">Come Acquistare Bitcoin (BTC) Con Venmo<\/a><\/li>\n<li class=\"page_item page-item-22530\"><a href=\"https:\/\/allin1bitcoins.com\/it\/crypto\/bitcoin\/australia\/\">Come Acquistare Bitcoin (BTC) In Australia<\/a><\/li>\n<li class=\"page_item page-item-22492\"><a href=\"https:\/\/allin1bitcoins.com\/it\/crypto\/bitcoin\/crypto-anonymously\/\">Come Acquistare Bitcoin (BTC) In Modo Anonimo Con Le Criptovalute<\/a><\/li>\n<li class=\"page_item page-item-22556\"><a href=\"https:\/\/allin1bitcoins.com\/it\/crypto\/bitcoin\/norway\/\">Come Acquistare Bitcoin (BTC) In Norvegia<\/a><\/li>\n<li class=\"page_item page-item-22499\"><a href=\"https:\/\/allin1bitcoins.com\/it\/crypto\/bitcoin\/new-zealand\/\">Come Acquistare Bitcoin (BTC) In Nuova Zelanda<\/a><\/li>\n<li class=\"page_item page-item-22565\"><a href=\"https:\/\/allin1bitcoins.com\/it\/crypto\/bitcoin\/switzerland\/\">Come Acquistare Bitcoin (BTC) In Svizzera<\/a><\/li>\n<li class=\"page_item page-item-22518\"><a href=\"https:\/\/allin1bitcoins.com\/it\/crypto\/bitcoin\/united-states\/\">Come Acquistare Bitcoin (BTC) Negli Stati Uniti<\/a><\/li>\n<li class=\"page_item page-item-22548\"><a href=\"https:\/\/allin1bitcoins.com\/it\/crypto\/bitcoin\/canada\/\">Come Comprare Bitcoin (BTC) In Canada<\/a><\/li>\n<li class=\"page_item page-item-22508\"><a href=\"https:\/\/allin1bitcoins.com\/it\/crypto\/bitcoin\/united-kingdom\/\">Come Comprare Bitcoin (BTC) Nel Regno Unito<\/a><\/li>\n\n<\/ul>\n","protected":false},"excerpt":{"rendered":"<p>Acquisto di Bitcoin: una breve guida Per acquistare Bitcoin, devi prima creare un portafoglio Bitcoin e scegliere un exchange o un broker affidabile di Bitcoin. Una volta trasferito dall&#8217;exchange o dal broker al tuo portafoglio, puoi utilizzare il Bitcoin per transazioni o investimenti. Introduzione al bitcoin Bitcoin \u00e8 una valuta digitale decentralizzata inventata nel 2009&#8230;.<\/p>\n","protected":false},"author":3,"featured_media":12585,"parent":19844,"menu_order":0,"comment_status":"closed","ping_status":"closed","template":"","meta":{"cybocfi_hide_featured_image":"","footnotes":""},"acf":[],"yoast_head":"<!-- This site is optimized with the Yoast SEO plugin v21.7 - https:\/\/yoast.com\/wordpress\/plugins\/seo\/ -->\n<title>Come Comprare Bitcoin (BTC)<\/title>\n<meta name=\"description\" content=\"Per acquistare Bitcoin, devi prima creare un portafoglio Bitcoin e scegliere un exchange o un broker di Bitcoin affidabile.\" \/>\n<meta name=\"robots\" content=\"index, follow, max-snippet:-1, max-image-preview:large, max-video-preview:-1\" \/>\n<link rel=\"canonical\" href=\"https:\/\/allin1bitcoins.com\/it\/crypto\/bitcoin\/\" \/>\n<meta property=\"og:locale\" content=\"it_IT\" \/>\n<meta property=\"og:type\" content=\"article\" \/>\n<meta property=\"og:title\" content=\"Come Comprare Bitcoin (BTC)\" \/>\n<meta property=\"og:description\" content=\"Per acquistare Bitcoin, devi prima creare un portafoglio Bitcoin e scegliere un exchange o un broker di Bitcoin affidabile.\" \/>\n<meta property=\"og:url\" content=\"https:\/\/allin1bitcoins.com\/it\/crypto\/bitcoin\/\" \/>\n<meta property=\"og:site_name\" content=\"Allin1Bitcoins\" \/>\n<meta property=\"article:modified_time\" content=\"2023-02-26T17:11:51+00:00\" \/>\n<meta property=\"og:image\" content=\"https:\/\/allin1bitcoins.com\/wp-content\/uploads\/2022\/12\/kanchanara-Lta5b8mPytw-unsplash.jpg\" \/>\n\t<meta property=\"og:image:width\" content=\"1920\" \/>\n\t<meta property=\"og:image:height\" content=\"1277\" \/>\n\t<meta property=\"og:image:type\" content=\"image\/jpeg\" \/>\n<meta name=\"twitter:card\" content=\"summary_large_image\" \/>\n<meta name=\"twitter:label1\" content=\"Est. reading time\" \/>\n\t<meta name=\"twitter:data1\" content=\"4 minutes\" \/>\n<!-- \/ Yoast SEO plugin. -->","yoast_head_json":{"title":"Come Comprare Bitcoin (BTC)","description":"Per acquistare Bitcoin, devi prima creare un portafoglio Bitcoin e scegliere un exchange o un broker di Bitcoin affidabile.","robots":{"index":"index","follow":"follow","max-snippet":"max-snippet:-1","max-image-preview":"max-image-preview:large","max-video-preview":"max-video-preview:-1"},"canonical":"https:\/\/allin1bitcoins.com\/it\/crypto\/bitcoin\/","og_locale":"it_IT","og_type":"article","og_title":"Come Comprare Bitcoin (BTC)","og_description":"Per acquistare Bitcoin, devi prima creare un portafoglio Bitcoin e scegliere un exchange o un broker di Bitcoin affidabile.","og_url":"https:\/\/allin1bitcoins.com\/it\/crypto\/bitcoin\/","og_site_name":"Allin1Bitcoins","article_modified_time":"2023-02-26T17:11:51+00:00","og_image":[{"width":1920,"height":1277,"url":"https:\/\/allin1bitcoins.com\/wp-content\/uploads\/2022\/12\/kanchanara-Lta5b8mPytw-unsplash.jpg","type":"image\/jpeg"}],"twitter_card":"summary_large_image","twitter_misc":{"Est. reading time":"4 minutes"},"schema":{"@context":"https:\/\/schema.org","@graph":[{"@type":"WebPage","@id":"https:\/\/allin1bitcoins.com\/it\/crypto\/bitcoin\/","url":"https:\/\/allin1bitcoins.com\/it\/crypto\/bitcoin\/","name":"Come Comprare Bitcoin (BTC)","isPartOf":{"@id":"https:\/\/allin1bitcoins.com\/it\/#website"},"datePublished":"2023-02-26T17:11:49+00:00","dateModified":"2023-02-26T17:11:51+00:00","description":"Per acquistare Bitcoin, devi prima creare un portafoglio Bitcoin e scegliere un exchange o un broker di Bitcoin affidabile.","breadcrumb":{"@id":"https:\/\/allin1bitcoins.com\/it\/crypto\/bitcoin\/#breadcrumb"},"inLanguage":"it","potentialAction":[{"@type":"ReadAction","target":["https:\/\/allin1bitcoins.com\/it\/crypto\/bitcoin\/"]}]},{"@type":"BreadcrumbList","@id":"https:\/\/allin1bitcoins.com\/it\/crypto\/bitcoin\/#breadcrumb","itemListElement":[{"@type":"ListItem","position":1,"name":"Home","item":"https:\/\/allin1bitcoins.com\/it\/"},{"@type":"ListItem","position":2,"name":"Crypto","item":"https:\/\/allin1bitcoins.com\/it\/crypto\/"},{"@type":"ListItem","position":3,"name":"Come Comprare Bitcoin (BTC)"}]},{"@type":"WebSite","@id":"https:\/\/allin1bitcoins.com\/it\/#website","url":"https:\/\/allin1bitcoins.com\/it\/","name":"Allin1Bitcoins","description":"","publisher":{"@id":"https:\/\/allin1bitcoins.com\/it\/#organization"},"potentialAction":[{"@type":"SearchAction","target":{"@type":"EntryPoint","urlTemplate":"https:\/\/allin1bitcoins.com\/it\/?s={search_term_string}"},"query-input":"required name=search_term_string"}],"inLanguage":"it"},{"@type":"Organization","@id":"https:\/\/allin1bitcoins.com\/it\/#organization","name":"allin1bitcoins","url":"https:\/\/allin1bitcoins.com\/it\/","logo":{"@type":"ImageObject","inLanguage":"it","@id":"https:\/\/allin1bitcoins.com\/it\/#\/schema\/logo\/image\/","url":"https:\/\/allin1bitcoins.com\/wp-content\/uploads\/2019\/01\/logo-new.png","contentUrl":"https:\/\/allin1bitcoins.com\/wp-content\/uploads\/2019\/01\/logo-new.png","width":178,"height":71,"caption":"allin1bitcoins"},"image":{"@id":"https:\/\/allin1bitcoins.com\/it\/#\/schema\/logo\/image\/"}}]}},"_links":{"self":[{"href":"https:\/\/allin1bitcoins.com\/it\/wp-json\/wp\/v2\/pages\/22382"}],"collection":[{"href":"https:\/\/allin1bitcoins.com\/it\/wp-json\/wp\/v2\/pages"}],"about":[{"href":"https:\/\/allin1bitcoins.com\/it\/wp-json\/wp\/v2\/types\/page"}],"author":[{"embeddable":true,"href":"https:\/\/allin1bitcoins.com\/it\/wp-json\/wp\/v2\/users\/3"}],"replies":[{"embeddable":true,"href":"https:\/\/allin1bitcoins.com\/it\/wp-json\/wp\/v2\/comments?post=22382"}],"version-history":[{"count":1,"href":"https:\/\/allin1bitcoins.com\/it\/wp-json\/wp\/v2\/pages\/22382\/revisions"}],"predecessor-version":[{"id":22383,"href":"https:\/\/allin1bitcoins.com\/it\/wp-json\/wp\/v2\/pages\/22382\/revisions\/22383"}],"up":[{"embeddable":true,"href":"https:\/\/allin1bitcoins.com\/it\/wp-json\/wp\/v2\/pages\/19844"}],"wp:featuredmedia":[{"embeddable":true,"href":"https:\/\/allin1bitcoins.com\/it\/wp-json\/wp\/v2\/media\/12585"}],"wp:attachment":[{"href":"https:\/\/allin1bitcoins.com\/it\/wp-json\/wp\/v2\/media?parent=22382"}],"curies":[{"name":"wp","href":"https:\/\/api.w.org\/{rel}","templated":true}]}}