{"id":22416,"date":"2023-03-02T06:45:08","date_gmt":"2023-03-02T06:45:08","guid":{"rendered":"https:\/\/allin1bitcoins.com\/?page_id=22416"},"modified":"2023-03-02T06:45:11","modified_gmt":"2023-03-02T06:45:11","slug":"american-express","status":"publish","type":"page","link":"https:\/\/allin1bitcoins.com\/it\/crypto\/bitcoin\/american-express\/","title":{"rendered":"Come Acquistare Bitcoin (BTC) Con American Express"},"content":{"rendered":"\n<h2 class=\"wp-block-heading\">Puoi acquistare bitcoin utilizzando American Express.<\/h2>\n\n\n\n<p>Per acquistare Bitcoin con questo metodo di pagamento, \u00e8 necessario trovare un exchange o un broker di criptovalute che accetti American Express. Prima di poter effettuare l&#8217;acquisto, alcuni exchange e broker potrebbero chiederti di verificare la tua identit\u00e0 e di passare attraverso ulteriori controlli di sicurezza. Dopo aver individuato un exchange o un broker che accetta American Express e completato eventuali procedure richieste, potrai acquistare Bitcoin seguendo le istruzioni di acquisto della piattaforma.<\/p>\n\n\n\n<h2 class=\"wp-block-heading\">Panoramica su Bitcoin<\/h2>\n\n\n\n<p>La criptovaluta conosciuta come Bitcoin \u00e8 decentralizzata e funziona su una rete peer-to-peer. \u00c8 stata sviluppata nel 2009 sotto lo pseudonimo Satoshi Nakamoto da una persona o un gruppo di persone non identificato. Gli utenti di Bitcoin possono inviare e ricevere pagamenti senza l&#8217;ausilio di un ente centralizzato come una banca o un governo. Le transazioni vengono registrate su una blockchain, un registro pubblico che viene aggiornato da una rete di utenti noti come miner.<\/p>\n\n\n\n<p>A causa del suo potenziale per cambiare completamente il settore finanziario, Bitcoin ha recentemente registrato un enorme aumento di popolarit\u00e0 e attenzione mediatica. A causa del suo legame con l&#8217;attivit\u00e0 criminale e della sua estrema fluttuazione dei prezzi, \u00e8 stato anche oggetto di dibattito e di voci di corridoio. Nonostante queste difficolt\u00e0, Bitcoin \u00e8 continuato ad essere un investimento molto popolare e ha incoraggiato la crescita di altre criptovalute.<\/p>\n\n\n\n<h2 class=\"wp-block-heading\">Perch\u00e9 dovresti utilizzare American Express per acquistare bitcoin<\/h2>\n\n\n\n<p>Potresti desiderare di acquistare Bitcoin con American Express per diverse ragioni. In primo luogo, se possiedi gi\u00e0 una carta American Express e sei abituato ad utilizzarla per gli acquisti online, potrebbe essere un modo semplice e pratico per acquistare Bitcoin. Inoltre, alcuni exchange e broker potrebbero offrire bonus o premi, come cashback o punti, per l&#8217;utilizzo di American Express.<\/p>\n\n\n\n<p>Un altro fattore da prendere in considerazione \u00e8 la sicurezza aggiuntiva e la protezione dalle frodi fornite da American Express quando si acquista Bitcoin. Quando si effettua un acquisto online, si pu\u00f2 sentirsi sicuri sapendo che American Express offre robuste misure di sicurezza come il monitoraggio delle frodi e gli standard di responsabilit\u00e0 zero.<\/p>\n\n\n\n<h2 class=\"wp-block-heading\">Come acquistare Bitcoin utilizzando American Express in dettaglio<\/h2>\n\n\n\n<p><strong>I seguenti passaggi mostreranno come acquistare bitcoin con American Express:<\/strong><\/p>\n\n\n\n<ol><li>Cerca un broker o un exchange di Bitcoin che accetti American Express come forma di pagamento. American Express \u00e8 accettata da numerosi exchange e broker, ma non tutti potrebbero essere disponibili nel tuo paese. Exchange popolari come Coinbase, Coinmama e Bitpanda accettano tutti American Express.<br><br><\/li><li>Apri un profilo sul broker o exchange. In genere, ti verr\u00e0 chiesto di inserire alcuni dati personali, tra cui il tuo nome e l&#8217;indirizzo email, oltre a una password di accesso. Potresti anche essere invitato a confermare la tua identit\u00e0 e a passare attraverso ulteriori controlli di sicurezza.<br><br><\/li><li>Collega il tuo account alla tua carta American Express. Per aggiungere una carta al tuo account, devi fornire il numero della carta, la data di scadenza e il codice di sicurezza.<br><br><br>Effettua un ordine dopo aver deciso quanto Bitcoin desideri acquistare. Come effettuare un ordine sar\u00e0 spiegato dall&#8217;exchange o dal broker. Devi specificare quanti Bitcoin desideri acquistare e utilizzare la tua carta American Express per autorizzare la transazione.<br><br><\/li><li>Osserva l&#8217;elaborazione del tuo ordine. In base all&#8217;exchange o al broker e alla domanda corrente di Bitcoin, potrebbe essere necessario attendere alcuni minuti o pi\u00f9 tempo per l&#8217;elaborazione del tuo ordine.<br><br><\/li><li>Conserva il tuo Bitcoin in sicurezza. Il tuo Bitcoin verr\u00e0 trasferito sul tuo account dell&#8217;exchange o del broker una volta che il tuo ordine sar\u00e0 stato soddisfatto. Per evitare furto o perdita, \u00e8 fondamentale conservare il tuo Bitcoin in un portafoglio sicuro. Hai la possibilit\u00e0 di trasferire il tuo Bitcoin su un portafoglio hardware o software o di mantenerlo sull&#8217;exchange o sul broker.<\/li><\/ol>\n\n\n\n<figure class=\"wp-block-embed is-type-video is-provider-youtube wp-block-embed-youtube wp-embed-aspect-16-9 wp-has-aspect-ratio\"><div class=\"wp-block-embed__wrapper\">\n<iframe title=\"How To Buy Bitcoins instantly With Credit Card and Debit Card LocalBitcoins Tutorial\" width=\"800\" height=\"450\" src=\"https:\/\/www.youtube.com\/embed\/ef_I05ppdEY?feature=oembed\" frameborder=\"0\" allow=\"accelerometer; autoplay; clipboard-write; encrypted-media; gyroscope; picture-in-picture; web-share\" allowfullscreen><\/iframe>\n<\/div><\/figure>\n\n\n\n<h2 class=\"wp-block-heading\">Svantaggi dell&#8217;utilizzo di American Express per acquistare Bitcoin<\/h2>\n\n\n\n<p><strong>Devi essere consapevole dei seguenti potenziali svantaggi quando acquisti Bitcoin con American Express:<\/strong><\/p>\n\n\n\n<h3 class=\"wp-block-heading\">Commissioni<\/h3>\n\n\n\n<p>Rispetto ad altri metodi di pagamento, l&#8217;utilizzo di American Express potrebbe comportare maggiori commissioni quando viene utilizzato per l&#8217;acquisto di Bitcoin. Le carte American Express potrebbero avere costi maggiori rispetto ad altri tipi di carta, e alcuni exchange e broker potrebbero applicare commissioni aggiuntive per l&#8217;utilizzo di una carta di credito. Prima di effettuare un acquisto, \u00e8 importante esaminare i costi di vari exchange e opzioni di pagamento per assicurarsi di ottenere il miglior prezzo.<\/p>\n\n\n\n<h3 class=\"wp-block-heading\">Disponibilit\u00e0 limitata<\/h3>\n\n\n\n<p>Potresti avere meno opzioni perch\u00e9 non tutti gli exchange e i broker offrono American Express come forma di pagamento. Di conseguenza, potresti finire per pagare pi\u00f9 commissioni e avere difficolt\u00e0 a confrontare i prezzi.<\/p>\n\n\n\n<h3 class=\"wp-block-heading\">Rischio di chargeback<\/h3>\n\n\n\n<p>A causa dell&#8217;irreversibilit\u00e0 delle transazioni Bitcoin, \u00e8 necessaria prudenza quando si effettuano acquisti. Non sarai in grado di recuperare i tuoi soldi se trasferisci Bitcoin all&#8217;indirizzo sbagliato per errore o se diventi vittima di frode. Tuttavia, se acquisti Bitcoin utilizzando American Express, potresti essere in grado di contestare la transazione e eventualmente recuperare i tuoi soldi tramite un chargeback. Sebbene questa sia una funzione che pu\u00f2 essere utile, implica anche che gli exchange e i broker potrebbero essere meno propensi ad accettare American Express come forma di pagamento, il che potrebbe limitare le tue opzioni.<\/p>\n\n\n\n<h2 class=\"wp-block-heading\">Conclusioni<\/h2>\n\n\n\n<p>In conclusione, l&#8217;acquisto di Bitcoin utilizzando una carta American Express pu\u00f2 essere un processo semplice e sicuro. Prima di effettuare un acquisto, \u00e8 fondamentale valutare attentamente i costi e i rischi, nonch\u00e9 esaminare varie opzioni di scambio e di pagamento. Potrai decidere se l&#8217;acquisto di Bitcoin utilizzando American Express sia la migliore opzione per te, attenendoti a queste raccomandazioni.<\/p>\n\n\n\n<!-- Page-list plugin v.5.9 wordpress.org\/plugins\/page-list\/ -->\n<ul class=\"page-list siblings-page-list \">\n<li class=\"page_item page-item-22540\"><a href=\"https:\/\/allin1bitcoins.com\/it\/crypto\/bitcoin\/the-netherlands\/\">#22540 (no title)<\/a><\/li>\n<li class=\"page_item page-item-22416\"><a href=\"https:\/\/allin1bitcoins.com\/it\/crypto\/bitcoin\/american-express\/\">Come Acquistare Bitcoin (BTC) Con American Express<\/a><\/li>\n<li class=\"page_item page-item-22424\"><a href=\"https:\/\/allin1bitcoins.com\/it\/crypto\/bitcoin\/apple-pay\/\">Come Acquistare Bitcoin (BTC) Con Apple Pay<\/a><\/li>\n<li class=\"page_item page-item-22440\"><a href=\"https:\/\/allin1bitcoins.com\/it\/crypto\/bitcoin\/google-pay\/\">Come Acquistare Bitcoin (BTC) Con Google Pay<\/a><\/li>\n<li class=\"page_item page-item-22457\"><a href=\"https:\/\/allin1bitcoins.com\/it\/crypto\/bitcoin\/neteller\/\">Come Acquistare Bitcoin (BTC) Con Neteller<\/a><\/li>\n<li class=\"page_item page-item-22401\"><a href=\"https:\/\/allin1bitcoins.com\/it\/crypto\/bitcoin\/paypal\/\">Come Acquistare Bitcoin (BTC) Con Paypal<\/a><\/li>\n<li class=\"page_item page-item-22466\"><a href=\"https:\/\/allin1bitcoins.com\/it\/crypto\/bitcoin\/paysafecard\/\">Come Acquistare Bitcoin (BTC) Con Paysafecard<\/a><\/li>\n<li class=\"page_item page-item-22474\"><a href=\"https:\/\/allin1bitcoins.com\/it\/crypto\/bitcoin\/skrill\/\">Come Acquistare Bitcoin (BTC) Con Skrill<\/a><\/li>\n<li class=\"page_item page-item-22432\"><a href=\"https:\/\/allin1bitcoins.com\/it\/crypto\/bitcoin\/bank-account\/\">Come Acquistare Bitcoin (BTC) Con Un Conto Bancario<\/a><\/li>\n<li class=\"page_item page-item-22392\"><a href=\"https:\/\/allin1bitcoins.com\/it\/crypto\/bitcoin\/credit-card\/\">Come Acquistare Bitcoin (BTC) Con Una Carta Di Credito<\/a><\/li>\n<li class=\"page_item page-item-22581\"><a href=\"https:\/\/allin1bitcoins.com\/it\/crypto\/bitcoin\/debit-card\/\">Come Acquistare Bitcoin (BTC) Con Una Carta Di Debito<\/a><\/li>\n<li class=\"page_item page-item-22482\"><a href=\"https:\/\/allin1bitcoins.com\/it\/crypto\/bitcoin\/venmo\/\">Come Acquistare Bitcoin (BTC) Con Venmo<\/a><\/li>\n<li class=\"page_item page-item-22530\"><a href=\"https:\/\/allin1bitcoins.com\/it\/crypto\/bitcoin\/australia\/\">Come Acquistare Bitcoin (BTC) In Australia<\/a><\/li>\n<li class=\"page_item page-item-22492\"><a href=\"https:\/\/allin1bitcoins.com\/it\/crypto\/bitcoin\/crypto-anonymously\/\">Come Acquistare Bitcoin (BTC) In Modo Anonimo Con Le Criptovalute<\/a><\/li>\n<li class=\"page_item page-item-22556\"><a href=\"https:\/\/allin1bitcoins.com\/it\/crypto\/bitcoin\/norway\/\">Come Acquistare Bitcoin (BTC) In Norvegia<\/a><\/li>\n<li class=\"page_item page-item-22499\"><a href=\"https:\/\/allin1bitcoins.com\/it\/crypto\/bitcoin\/new-zealand\/\">Come Acquistare Bitcoin (BTC) In Nuova Zelanda<\/a><\/li>\n<li class=\"page_item page-item-22565\"><a href=\"https:\/\/allin1bitcoins.com\/it\/crypto\/bitcoin\/switzerland\/\">Come Acquistare Bitcoin (BTC) In Svizzera<\/a><\/li>\n<li class=\"page_item page-item-22518\"><a href=\"https:\/\/allin1bitcoins.com\/it\/crypto\/bitcoin\/united-states\/\">Come Acquistare Bitcoin (BTC) Negli Stati Uniti<\/a><\/li>\n<li class=\"page_item page-item-22548\"><a href=\"https:\/\/allin1bitcoins.com\/it\/crypto\/bitcoin\/canada\/\">Come Comprare Bitcoin (BTC) In Canada<\/a><\/li>\n<li class=\"page_item page-item-22508\"><a href=\"https:\/\/allin1bitcoins.com\/it\/crypto\/bitcoin\/united-kingdom\/\">Come Comprare Bitcoin (BTC) Nel Regno Unito<\/a><\/li>\n\n<\/ul>\n","protected":false},"excerpt":{"rendered":"<p>Puoi acquistare bitcoin utilizzando American Express. Per acquistare Bitcoin con questo metodo di pagamento, \u00e8 necessario trovare un exchange o un broker di criptovalute che accetti American Express. Prima di poter effettuare l&#8217;acquisto, alcuni exchange e broker potrebbero chiederti di verificare la tua identit\u00e0 e di passare attraverso ulteriori controlli di sicurezza. Dopo aver individuato&#8230;<\/p>\n","protected":false},"author":3,"featured_media":12630,"parent":22382,"menu_order":0,"comment_status":"closed","ping_status":"closed","template":"","meta":{"cybocfi_hide_featured_image":"","footnotes":""},"acf":[],"yoast_head":"<!-- This site is optimized with the Yoast SEO plugin v21.7 - https:\/\/yoast.com\/wordpress\/plugins\/seo\/ -->\n<title>Come Acquistare Bitcoin (BTC) Con American Express<\/title>\n<meta name=\"description\" content=\"\u00c8 necessario trovare un exchange o un broker di criptovalute che accetti American Express come opzione di pagamento. Scopri di pi\u00f9.\" \/>\n<meta name=\"robots\" content=\"index, follow, max-snippet:-1, max-image-preview:large, max-video-preview:-1\" \/>\n<link rel=\"canonical\" href=\"https:\/\/allin1bitcoins.com\/it\/crypto\/bitcoin\/american-express\/\" \/>\n<meta property=\"og:locale\" content=\"it_IT\" \/>\n<meta property=\"og:type\" content=\"article\" \/>\n<meta property=\"og:title\" content=\"Come Acquistare Bitcoin (BTC) Con American Express\" \/>\n<meta property=\"og:description\" content=\"\u00c8 necessario trovare un exchange o un broker di criptovalute che accetti American Express come opzione di pagamento. Scopri di pi\u00f9.\" \/>\n<meta property=\"og:url\" content=\"https:\/\/allin1bitcoins.com\/it\/crypto\/bitcoin\/american-express\/\" \/>\n<meta property=\"og:site_name\" content=\"Allin1Bitcoins\" \/>\n<meta property=\"article:modified_time\" content=\"2023-03-02T06:45:11+00:00\" \/>\n<meta property=\"og:image\" content=\"https:\/\/allin1bitcoins.com\/wp-content\/uploads\/2022\/12\/andre-francois-mckenzie-JrjhtBJ-pGU-unsplash.jpg\" \/>\n\t<meta property=\"og:image:width\" content=\"1920\" \/>\n\t<meta property=\"og:image:height\" content=\"1282\" \/>\n\t<meta property=\"og:image:type\" content=\"image\/jpeg\" \/>\n<meta name=\"twitter:card\" content=\"summary_large_image\" \/>\n<meta name=\"twitter:label1\" content=\"Est. reading time\" \/>\n\t<meta name=\"twitter:data1\" content=\"5 minutes\" \/>\n<!-- \/ Yoast SEO plugin. -->","yoast_head_json":{"title":"Come Acquistare Bitcoin (BTC) Con American Express","description":"\u00c8 necessario trovare un exchange o un broker di criptovalute che accetti American Express come opzione di pagamento. Scopri di pi\u00f9.","robots":{"index":"index","follow":"follow","max-snippet":"max-snippet:-1","max-image-preview":"max-image-preview:large","max-video-preview":"max-video-preview:-1"},"canonical":"https:\/\/allin1bitcoins.com\/it\/crypto\/bitcoin\/american-express\/","og_locale":"it_IT","og_type":"article","og_title":"Come Acquistare Bitcoin (BTC) Con American Express","og_description":"\u00c8 necessario trovare un exchange o un broker di criptovalute che accetti American Express come opzione di pagamento. Scopri di pi\u00f9.","og_url":"https:\/\/allin1bitcoins.com\/it\/crypto\/bitcoin\/american-express\/","og_site_name":"Allin1Bitcoins","article_modified_time":"2023-03-02T06:45:11+00:00","og_image":[{"width":1920,"height":1282,"url":"https:\/\/allin1bitcoins.com\/wp-content\/uploads\/2022\/12\/andre-francois-mckenzie-JrjhtBJ-pGU-unsplash.jpg","type":"image\/jpeg"}],"twitter_card":"summary_large_image","twitter_misc":{"Est. reading time":"5 minutes"},"schema":{"@context":"https:\/\/schema.org","@graph":[{"@type":"WebPage","@id":"https:\/\/allin1bitcoins.com\/it\/crypto\/bitcoin\/american-express\/","url":"https:\/\/allin1bitcoins.com\/it\/crypto\/bitcoin\/american-express\/","name":"Come Acquistare Bitcoin (BTC) Con American Express","isPartOf":{"@id":"https:\/\/allin1bitcoins.com\/it\/#website"},"datePublished":"2023-03-02T06:45:08+00:00","dateModified":"2023-03-02T06:45:11+00:00","description":"\u00c8 necessario trovare un exchange o un broker di criptovalute che accetti American Express come opzione di pagamento. Scopri di pi\u00f9.","breadcrumb":{"@id":"https:\/\/allin1bitcoins.com\/it\/crypto\/bitcoin\/american-express\/#breadcrumb"},"inLanguage":"it","potentialAction":[{"@type":"ReadAction","target":["https:\/\/allin1bitcoins.com\/it\/crypto\/bitcoin\/american-express\/"]}]},{"@type":"BreadcrumbList","@id":"https:\/\/allin1bitcoins.com\/it\/crypto\/bitcoin\/american-express\/#breadcrumb","itemListElement":[{"@type":"ListItem","position":1,"name":"Home","item":"https:\/\/allin1bitcoins.com\/it\/"},{"@type":"ListItem","position":2,"name":"Crypto","item":"https:\/\/allin1bitcoins.com\/it\/crypto\/"},{"@type":"ListItem","position":3,"name":"Come Comprare Bitcoin (BTC)","item":"https:\/\/allin1bitcoins.com\/it\/crypto\/bitcoin\/"},{"@type":"ListItem","position":4,"name":"Come Acquistare Bitcoin (BTC) Con American Express"}]},{"@type":"WebSite","@id":"https:\/\/allin1bitcoins.com\/it\/#website","url":"https:\/\/allin1bitcoins.com\/it\/","name":"Allin1Bitcoins","description":"","publisher":{"@id":"https:\/\/allin1bitcoins.com\/it\/#organization"},"potentialAction":[{"@type":"SearchAction","target":{"@type":"EntryPoint","urlTemplate":"https:\/\/allin1bitcoins.com\/it\/?s={search_term_string}"},"query-input":"required name=search_term_string"}],"inLanguage":"it"},{"@type":"Organization","@id":"https:\/\/allin1bitcoins.com\/it\/#organization","name":"allin1bitcoins","url":"https:\/\/allin1bitcoins.com\/it\/","logo":{"@type":"ImageObject","inLanguage":"it","@id":"https:\/\/allin1bitcoins.com\/it\/#\/schema\/logo\/image\/","url":"https:\/\/allin1bitcoins.com\/wp-content\/uploads\/2019\/01\/logo-new.png","contentUrl":"https:\/\/allin1bitcoins.com\/wp-content\/uploads\/2019\/01\/logo-new.png","width":178,"height":71,"caption":"allin1bitcoins"},"image":{"@id":"https:\/\/allin1bitcoins.com\/it\/#\/schema\/logo\/image\/"}}]}},"_links":{"self":[{"href":"https:\/\/allin1bitcoins.com\/it\/wp-json\/wp\/v2\/pages\/22416"}],"collection":[{"href":"https:\/\/allin1bitcoins.com\/it\/wp-json\/wp\/v2\/pages"}],"about":[{"href":"https:\/\/allin1bitcoins.com\/it\/wp-json\/wp\/v2\/types\/page"}],"author":[{"embeddable":true,"href":"https:\/\/allin1bitcoins.com\/it\/wp-json\/wp\/v2\/users\/3"}],"replies":[{"embeddable":true,"href":"https:\/\/allin1bitcoins.com\/it\/wp-json\/wp\/v2\/comments?post=22416"}],"version-history":[{"count":1,"href":"https:\/\/allin1bitcoins.com\/it\/wp-json\/wp\/v2\/pages\/22416\/revisions"}],"predecessor-version":[{"id":22417,"href":"https:\/\/allin1bitcoins.com\/it\/wp-json\/wp\/v2\/pages\/22416\/revisions\/22417"}],"up":[{"embeddable":true,"href":"https:\/\/allin1bitcoins.com\/it\/wp-json\/wp\/v2\/pages\/22382"}],"wp:featuredmedia":[{"embeddable":true,"href":"https:\/\/allin1bitcoins.com\/it\/wp-json\/wp\/v2\/media\/12630"}],"wp:attachment":[{"href":"https:\/\/allin1bitcoins.com\/it\/wp-json\/wp\/v2\/media?parent=22416"}],"curies":[{"name":"wp","href":"https:\/\/api.w.org\/{rel}","templated":true}]}}