{"id":22432,"date":"2023-03-02T07:22:36","date_gmt":"2023-03-02T07:22:36","guid":{"rendered":"https:\/\/allin1bitcoins.com\/?page_id=22432"},"modified":"2023-03-02T07:22:45","modified_gmt":"2023-03-02T07:22:45","slug":"bank-account","status":"publish","type":"page","link":"https:\/\/allin1bitcoins.com\/it\/crypto\/bitcoin\/bank-account\/","title":{"rendered":"Come Acquistare Bitcoin (BTC) Con Un Conto Bancario"},"content":{"rendered":"\n<p>Devi individuare un exchange o un broker di criptovalute che accetti bonifici bancari come forma di pagamento se desideri acquistare Bitcoin tramite un conto bancario. Prima di effettuare l&#8217;acquisto, alcune borse e broker potrebbero chiederti di dimostrare la tua identit\u00e0 e di passare ulteriori controlli di sicurezza. Puoi acquistare Bitcoin seguendo le istruzioni di acquisto della piattaforma una volta identificato un exchange o un broker che supporta i bonifici bancari e aver preso le azioni necessarie.<\/p>\n\n\n\n<h2 class=\"wp-block-heading\">Panoramica di Bitcoin<\/h2>\n\n\n\n<p>La valuta digitale nota come Bitcoin \u00e8 decentralizzata e funziona su una rete peer-to-peer. \u00c8 stata sviluppata nel 2009 sotto lo pseudonimo di Satoshi Nakamoto da una persona o da un gruppo di persone non identificate. Senza l&#8217;aiuto di un&#8217;entit\u00e0 centralizzata come una banca o un governo, gli utenti di Bitcoin possono inviare e ricevere pagamenti. Invece, le transazioni vengono registrate su una blockchain, un registro pubblico aggiornato da una rete di utenti noti come minatori.<\/p>\n\n\n\n<p>A causa del suo potenziale per cambiare completamente il settore finanziario, Bitcoin ha recentemente registrato un enorme aumento di popolarit\u00e0 e attenzione mediatica. A causa del suo legame con l&#8217;attivit\u00e0 criminale e della sua estrema fluttuazione dei prezzi, \u00e8 stato anche oggetto di dibattito e di voci. Nonostante queste difficolt\u00e0, Bitcoin \u00e8 continuato ad essere un investimento popolare e ha incoraggiato la crescita di altre criptovalute.<\/p>\n\n\n\n<h2 class=\"wp-block-heading\">Perch\u00e9 si desidera acquistare bitcoin tramite il proprio conto bancario<\/h2>\n\n\n\n<p>Ci sono alcuni fattori da considerare se si decide di acquistare Bitcoin utilizzando un conto bancario. In primo luogo, se non si dispone di una carta di credito o non si desidera utilizzarla per gli acquisti online, l&#8217;uso di un conto bancario per acquistare Bitcoin pu\u00f2 essere pi\u00f9 comodo. Inoltre, rispetto ai pagamenti con carta di credito, alcune borse e broker possono offrire commissioni ridotte o migliori tassi di cambio per i bonifici bancari.<\/p>\n\n\n\n<p>La sicurezza e la protezione antifrode aggiuntive che offre \u00e8 un&#8217;altra giustificazione per pensare all&#8217;acquisto di Bitcoin tramite un conto bancario. In generale, i conti bancari sono considerati pi\u00f9 sicuri rispetto alle opzioni di pagamento alternative come il contante o le carte di debito, e spesso hanno protocolli di protezione antifrode migliori in atto. Questo pu\u00f2 aiutarti a sentirsi pi\u00f9 a tuo agio durante una transazione significativa o costosa, come l&#8217;acquisto di Bitcoin.<\/p>\n\n\n\n<h2 class=\"wp-block-heading\">Istruzioni dettagliate su come acquistare bitcoin utilizzando un conto bancario<\/h2>\n\n\n\n<p><strong>Di seguito \u00e8 riportato un tutorial passo-passo per l&#8217;acquisto di bitcoin utilizzando un conto bancario:<\/strong><\/p>\n\n\n\n<ol><li>Cerca un broker o un exchange di criptovalute che accetti i bonifici bancari come forma di pagamento. I bonifici bancari sono accettati da molti exchange e broker, ma non tutti potrebbero essere accessibili nella tua giurisdizione. Gli exchange ben noti Coinbase, Coinmama e Bitpanda accettano tutti bonifici bancari.<br><br><\/li><li>Apri un profilo sul broker o sull&#8217;exchange. Di solito, ti verr\u00e0 chiesto di inserire alcuni dati personali, tra cui il tuo nome e l&#8217;indirizzo email, nonch\u00e9 una password di accesso. Potrebbe anche essere richiesto di confermare la tua identit\u00e0 e di sottoporsi a controlli di sicurezza aggiuntivi.<br><br><\/li><li>Collega il tuo conto bancario al tuo account di broker o di exchange. Per collegare il tuo conto bancario, devi seguire le istruzioni fornite dall&#8217;exchange o dal broker. Ci\u00f2 potrebbe comportare la verifica della tua identit\u00e0 e la fornitura di altre informazioni, come i numeri di routing e di conto per la tua banca.<br><br><\/li><li>Effettua un ordine dopo aver deciso quanto Bitcoin desideri acquistare. Come effettuare un ordine ti verr\u00e0 spiegato dall&#8217;exchange o dal broker. Devi selezionare quanto Bitcoin desideri acquistare e utilizzare il tuo conto bancario per verificare la transazione.<br><br><\/li><li>Attendere l&#8217;elaborazione dell&#8217;ordine. Il tuo ordine potrebbe non essere soddisfatto per alcuni giorni, a seconda dell&#8217;exchange o del broker e della domanda attuale di Bitcoin.<br><br><\/li><li>Memorizza in modo sicuro il tuo Bitcoin. Una volta che il tuo ordine \u00e8 stato soddisfatto, il tuo Bitcoin verr\u00e0 trasferito al tuo account di exchange o di broker. Per evitare furto o perdita, \u00e8 importante tenere il tuo Bitcoin in un portafoglio sicuro. Hai la possibilit\u00e0 di trasferire il tuo Bitcoin su un portafoglio hardware o software o di mantenerlo sull&#8217;exchange o sul broker.<\/li><\/ol>\n\n\n\n<figure class=\"wp-block-embed is-type-video is-provider-youtube wp-block-embed-youtube wp-embed-aspect-16-9 wp-has-aspect-ratio\"><div class=\"wp-block-embed__wrapper\">\n<iframe title=\"Learn How to Buy Bitcoin With Bank Account (in 6 mins)\" width=\"800\" height=\"450\" src=\"https:\/\/www.youtube.com\/embed\/L9c2tldKFtc?feature=oembed\" frameborder=\"0\" allow=\"accelerometer; autoplay; clipboard-write; encrypted-media; gyroscope; picture-in-picture; web-share\" allowfullscreen><\/iframe>\n<\/div><\/figure>\n\n\n\n<h2 class=\"wp-block-heading\">Svantaggi nell&#8217;Utilizzo di un Conto Bancario per Acquistare Bitcoin<\/h2>\n\n\n\n<p><strong>Dovresti essere consapevole dei seguenti potenziali svantaggi quando acquisti Bitcoin utilizzando un conto bancario:<\/strong><\/p>\n\n\n\n<ul><li><strong>Commissioni: <\/strong>rispetto ad altre opzioni di pagamento, l&#8217;utilizzo di un conto bancario per acquistare Bitcoin potrebbe comportare commissioni pi\u00f9 elevate. I bonifici bancari possono comportare costi aggiuntivi da parte di alcuni exchange e broker, oltre a eventuali commissioni addebitate dalla tua banca. Prima di effettuare un acquisto, \u00e8 importante esaminare i costi di vari exchange e opzioni di pagamento per assicurarti di ottenere il prezzo migliore.<br><br><\/li><li><strong>Disponibilit\u00e0 limitata:<\/strong> potresti avere meno opzioni perch\u00e9 non tutti gli exchange e i broker offrono bonifici bancari come forma di pagamento. Di conseguenza, potresti finire per pagare commissioni pi\u00f9 elevate e avere difficolt\u00e0 a confrontare i prezzi.<br><br><\/li><li><strong>Rischio di chargeback:<\/strong> a causa dell&#8217;irreversibilit\u00e0 delle transazioni Bitcoin, \u00e8 necessario fare attenzione quando si effettuano acquisti. Non sar\u00e0 possibile recuperare i soldi se si trasferiscono Bitcoin all&#8217;indirizzo sbagliato per errore o se si diventa vittima di frodi. Tuttavia, se si acquista Bitcoin utilizzando un conto bancario, si potrebbe essere in grado di contestare la transazione e eventualmente ottenere un rimborso tramite un chargeback. Questa opzione pu\u00f2 essere utile, ma indica anche che gli scambi e i broker potrebbero essere meno propensi ad accettare trasferimenti bancari come forma di pagamento, il che potrebbe ridurre le alternative a disposizione.<\/li><\/ul>\n\n\n\n<h2 class=\"wp-block-heading\">Conclusione<\/h2>\n\n\n\n<p>Acquistare Bitcoin con un conto bancario pu\u00f2 essere un modo rapido e sicuro per ottenere la criptovaluta. Prima di effettuare un acquisto, \u00e8 importante valutare attentamente i costi e i rischi, nonch\u00e9 esaminare vari scambi e opzioni di pagamento. \u00c8 possibile decidere autonomamente se l&#8217;acquisto di Bitcoin tramite un conto bancario sia la migliore opzione, seguendo queste regole.<\/p>\n\n\n\n<!-- Page-list plugin v.5.9 wordpress.org\/plugins\/page-list\/ -->\n<ul class=\"page-list siblings-page-list \">\n<li class=\"page_item page-item-22540\"><a href=\"https:\/\/allin1bitcoins.com\/it\/crypto\/bitcoin\/the-netherlands\/\">#22540 (no title)<\/a><\/li>\n<li class=\"page_item page-item-22416\"><a href=\"https:\/\/allin1bitcoins.com\/it\/crypto\/bitcoin\/american-express\/\">Come Acquistare Bitcoin (BTC) Con American Express<\/a><\/li>\n<li class=\"page_item page-item-22424\"><a href=\"https:\/\/allin1bitcoins.com\/it\/crypto\/bitcoin\/apple-pay\/\">Come Acquistare Bitcoin (BTC) Con Apple Pay<\/a><\/li>\n<li class=\"page_item page-item-22440\"><a href=\"https:\/\/allin1bitcoins.com\/it\/crypto\/bitcoin\/google-pay\/\">Come Acquistare Bitcoin (BTC) Con Google Pay<\/a><\/li>\n<li class=\"page_item page-item-22457\"><a href=\"https:\/\/allin1bitcoins.com\/it\/crypto\/bitcoin\/neteller\/\">Come Acquistare Bitcoin (BTC) Con Neteller<\/a><\/li>\n<li class=\"page_item page-item-22401\"><a href=\"https:\/\/allin1bitcoins.com\/it\/crypto\/bitcoin\/paypal\/\">Come Acquistare Bitcoin (BTC) Con Paypal<\/a><\/li>\n<li class=\"page_item page-item-22466\"><a href=\"https:\/\/allin1bitcoins.com\/it\/crypto\/bitcoin\/paysafecard\/\">Come Acquistare Bitcoin (BTC) Con Paysafecard<\/a><\/li>\n<li class=\"page_item page-item-22474\"><a href=\"https:\/\/allin1bitcoins.com\/it\/crypto\/bitcoin\/skrill\/\">Come Acquistare Bitcoin (BTC) Con Skrill<\/a><\/li>\n<li class=\"page_item page-item-22432\"><a href=\"https:\/\/allin1bitcoins.com\/it\/crypto\/bitcoin\/bank-account\/\">Come Acquistare Bitcoin (BTC) Con Un Conto Bancario<\/a><\/li>\n<li class=\"page_item page-item-22392\"><a href=\"https:\/\/allin1bitcoins.com\/it\/crypto\/bitcoin\/credit-card\/\">Come Acquistare Bitcoin (BTC) Con Una Carta Di Credito<\/a><\/li>\n<li class=\"page_item page-item-22581\"><a href=\"https:\/\/allin1bitcoins.com\/it\/crypto\/bitcoin\/debit-card\/\">Come Acquistare Bitcoin (BTC) Con Una Carta Di Debito<\/a><\/li>\n<li class=\"page_item page-item-22482\"><a href=\"https:\/\/allin1bitcoins.com\/it\/crypto\/bitcoin\/venmo\/\">Come Acquistare Bitcoin (BTC) Con Venmo<\/a><\/li>\n<li class=\"page_item page-item-22530\"><a href=\"https:\/\/allin1bitcoins.com\/it\/crypto\/bitcoin\/australia\/\">Come Acquistare Bitcoin (BTC) In Australia<\/a><\/li>\n<li class=\"page_item page-item-22492\"><a href=\"https:\/\/allin1bitcoins.com\/it\/crypto\/bitcoin\/crypto-anonymously\/\">Come Acquistare Bitcoin (BTC) In Modo Anonimo Con Le Criptovalute<\/a><\/li>\n<li class=\"page_item page-item-22556\"><a href=\"https:\/\/allin1bitcoins.com\/it\/crypto\/bitcoin\/norway\/\">Come Acquistare Bitcoin (BTC) In Norvegia<\/a><\/li>\n<li class=\"page_item page-item-22499\"><a href=\"https:\/\/allin1bitcoins.com\/it\/crypto\/bitcoin\/new-zealand\/\">Come Acquistare Bitcoin (BTC) In Nuova Zelanda<\/a><\/li>\n<li class=\"page_item page-item-22565\"><a href=\"https:\/\/allin1bitcoins.com\/it\/crypto\/bitcoin\/switzerland\/\">Come Acquistare Bitcoin (BTC) In Svizzera<\/a><\/li>\n<li class=\"page_item page-item-22518\"><a href=\"https:\/\/allin1bitcoins.com\/it\/crypto\/bitcoin\/united-states\/\">Come Acquistare Bitcoin (BTC) Negli Stati Uniti<\/a><\/li>\n<li class=\"page_item page-item-22548\"><a href=\"https:\/\/allin1bitcoins.com\/it\/crypto\/bitcoin\/canada\/\">Come Comprare Bitcoin (BTC) In Canada<\/a><\/li>\n<li class=\"page_item page-item-22508\"><a href=\"https:\/\/allin1bitcoins.com\/it\/crypto\/bitcoin\/united-kingdom\/\">Come Comprare Bitcoin (BTC) Nel Regno Unito<\/a><\/li>\n\n<\/ul>\n","protected":false},"excerpt":{"rendered":"<p>Devi individuare un exchange o un broker di criptovalute che accetti bonifici bancari come forma di pagamento se desideri acquistare Bitcoin tramite un conto bancario. Prima di effettuare l&#8217;acquisto, alcune borse e broker potrebbero chiederti di dimostrare la tua identit\u00e0 e di passare ulteriori controlli di sicurezza. Puoi acquistare Bitcoin seguendo le istruzioni di acquisto&#8230;<\/p>\n","protected":false},"author":3,"featured_media":12652,"parent":22382,"menu_order":0,"comment_status":"closed","ping_status":"closed","template":"","meta":{"cybocfi_hide_featured_image":"","footnotes":""},"acf":[],"yoast_head":"<!-- This site is optimized with the Yoast SEO plugin v21.7 - https:\/\/yoast.com\/wordpress\/plugins\/seo\/ -->\n<title>Come Acquistare Bitcoin (BTC) Con Un Conto Bancario<\/title>\n<meta name=\"description\" content=\"Devi trovare un exchange di criptovalute che accetti bonifici bancari se desideri acquistare Bitcoin utilizzando un conto bancario\" \/>\n<meta name=\"robots\" content=\"index, follow, max-snippet:-1, max-image-preview:large, max-video-preview:-1\" \/>\n<link rel=\"canonical\" href=\"https:\/\/allin1bitcoins.com\/it\/crypto\/bitcoin\/bank-account\/\" \/>\n<meta property=\"og:locale\" content=\"it_IT\" \/>\n<meta property=\"og:type\" content=\"article\" \/>\n<meta property=\"og:title\" content=\"Come Acquistare Bitcoin (BTC) Con Un Conto Bancario\" \/>\n<meta property=\"og:description\" content=\"Devi trovare un exchange di criptovalute che accetti bonifici bancari se desideri acquistare Bitcoin utilizzando un conto bancario\" \/>\n<meta property=\"og:url\" content=\"https:\/\/allin1bitcoins.com\/it\/crypto\/bitcoin\/bank-account\/\" \/>\n<meta property=\"og:site_name\" content=\"Allin1Bitcoins\" \/>\n<meta property=\"article:modified_time\" content=\"2023-03-02T07:22:45+00:00\" \/>\n<meta property=\"og:image\" content=\"https:\/\/allin1bitcoins.com\/wp-content\/uploads\/2022\/12\/dmitry-demidko-OG3A-ilG8AY-unsplash.jpg\" \/>\n\t<meta property=\"og:image:width\" content=\"1920\" \/>\n\t<meta property=\"og:image:height\" content=\"1280\" \/>\n\t<meta property=\"og:image:type\" content=\"image\/jpeg\" \/>\n<meta name=\"twitter:card\" content=\"summary_large_image\" \/>\n<meta name=\"twitter:label1\" content=\"Est. reading time\" \/>\n\t<meta name=\"twitter:data1\" content=\"5 minutes\" \/>\n<!-- \/ Yoast SEO plugin. -->","yoast_head_json":{"title":"Come Acquistare Bitcoin (BTC) Con Un Conto Bancario","description":"Devi trovare un exchange di criptovalute che accetti bonifici bancari se desideri acquistare Bitcoin utilizzando un conto bancario","robots":{"index":"index","follow":"follow","max-snippet":"max-snippet:-1","max-image-preview":"max-image-preview:large","max-video-preview":"max-video-preview:-1"},"canonical":"https:\/\/allin1bitcoins.com\/it\/crypto\/bitcoin\/bank-account\/","og_locale":"it_IT","og_type":"article","og_title":"Come Acquistare Bitcoin (BTC) Con Un Conto Bancario","og_description":"Devi trovare un exchange di criptovalute che accetti bonifici bancari se desideri acquistare Bitcoin utilizzando un conto bancario","og_url":"https:\/\/allin1bitcoins.com\/it\/crypto\/bitcoin\/bank-account\/","og_site_name":"Allin1Bitcoins","article_modified_time":"2023-03-02T07:22:45+00:00","og_image":[{"width":1920,"height":1280,"url":"https:\/\/allin1bitcoins.com\/wp-content\/uploads\/2022\/12\/dmitry-demidko-OG3A-ilG8AY-unsplash.jpg","type":"image\/jpeg"}],"twitter_card":"summary_large_image","twitter_misc":{"Est. reading time":"5 minutes"},"schema":{"@context":"https:\/\/schema.org","@graph":[{"@type":"WebPage","@id":"https:\/\/allin1bitcoins.com\/it\/crypto\/bitcoin\/bank-account\/","url":"https:\/\/allin1bitcoins.com\/it\/crypto\/bitcoin\/bank-account\/","name":"Come Acquistare Bitcoin (BTC) Con Un Conto Bancario","isPartOf":{"@id":"https:\/\/allin1bitcoins.com\/it\/#website"},"datePublished":"2023-03-02T07:22:36+00:00","dateModified":"2023-03-02T07:22:45+00:00","description":"Devi trovare un exchange di criptovalute che accetti bonifici bancari se desideri acquistare Bitcoin utilizzando un conto bancario","breadcrumb":{"@id":"https:\/\/allin1bitcoins.com\/it\/crypto\/bitcoin\/bank-account\/#breadcrumb"},"inLanguage":"it","potentialAction":[{"@type":"ReadAction","target":["https:\/\/allin1bitcoins.com\/it\/crypto\/bitcoin\/bank-account\/"]}]},{"@type":"BreadcrumbList","@id":"https:\/\/allin1bitcoins.com\/it\/crypto\/bitcoin\/bank-account\/#breadcrumb","itemListElement":[{"@type":"ListItem","position":1,"name":"Home","item":"https:\/\/allin1bitcoins.com\/it\/"},{"@type":"ListItem","position":2,"name":"Crypto","item":"https:\/\/allin1bitcoins.com\/it\/crypto\/"},{"@type":"ListItem","position":3,"name":"Come Comprare Bitcoin (BTC)","item":"https:\/\/allin1bitcoins.com\/it\/crypto\/bitcoin\/"},{"@type":"ListItem","position":4,"name":"Come Acquistare Bitcoin (BTC) Con Un Conto Bancario"}]},{"@type":"WebSite","@id":"https:\/\/allin1bitcoins.com\/it\/#website","url":"https:\/\/allin1bitcoins.com\/it\/","name":"Allin1Bitcoins","description":"","publisher":{"@id":"https:\/\/allin1bitcoins.com\/it\/#organization"},"potentialAction":[{"@type":"SearchAction","target":{"@type":"EntryPoint","urlTemplate":"https:\/\/allin1bitcoins.com\/it\/?s={search_term_string}"},"query-input":"required name=search_term_string"}],"inLanguage":"it"},{"@type":"Organization","@id":"https:\/\/allin1bitcoins.com\/it\/#organization","name":"allin1bitcoins","url":"https:\/\/allin1bitcoins.com\/it\/","logo":{"@type":"ImageObject","inLanguage":"it","@id":"https:\/\/allin1bitcoins.com\/it\/#\/schema\/logo\/image\/","url":"https:\/\/allin1bitcoins.com\/wp-content\/uploads\/2019\/01\/logo-new.png","contentUrl":"https:\/\/allin1bitcoins.com\/wp-content\/uploads\/2019\/01\/logo-new.png","width":178,"height":71,"caption":"allin1bitcoins"},"image":{"@id":"https:\/\/allin1bitcoins.com\/it\/#\/schema\/logo\/image\/"}}]}},"_links":{"self":[{"href":"https:\/\/allin1bitcoins.com\/it\/wp-json\/wp\/v2\/pages\/22432"}],"collection":[{"href":"https:\/\/allin1bitcoins.com\/it\/wp-json\/wp\/v2\/pages"}],"about":[{"href":"https:\/\/allin1bitcoins.com\/it\/wp-json\/wp\/v2\/types\/page"}],"author":[{"embeddable":true,"href":"https:\/\/allin1bitcoins.com\/it\/wp-json\/wp\/v2\/users\/3"}],"replies":[{"embeddable":true,"href":"https:\/\/allin1bitcoins.com\/it\/wp-json\/wp\/v2\/comments?post=22432"}],"version-history":[{"count":1,"href":"https:\/\/allin1bitcoins.com\/it\/wp-json\/wp\/v2\/pages\/22432\/revisions"}],"predecessor-version":[{"id":22433,"href":"https:\/\/allin1bitcoins.com\/it\/wp-json\/wp\/v2\/pages\/22432\/revisions\/22433"}],"up":[{"embeddable":true,"href":"https:\/\/allin1bitcoins.com\/it\/wp-json\/wp\/v2\/pages\/22382"}],"wp:featuredmedia":[{"embeddable":true,"href":"https:\/\/allin1bitcoins.com\/it\/wp-json\/wp\/v2\/media\/12652"}],"wp:attachment":[{"href":"https:\/\/allin1bitcoins.com\/it\/wp-json\/wp\/v2\/media?parent=22432"}],"curies":[{"name":"wp","href":"https:\/\/api.w.org\/{rel}","templated":true}]}}