{"id":22518,"date":"2023-03-02T15:57:36","date_gmt":"2023-03-02T15:57:36","guid":{"rendered":"https:\/\/allin1bitcoins.com\/?page_id=22518"},"modified":"2023-03-02T15:57:40","modified_gmt":"2023-03-02T15:57:40","slug":"united-states","status":"publish","type":"page","link":"https:\/\/allin1bitcoins.com\/it\/crypto\/bitcoin\/united-states\/","title":{"rendered":"Come Acquistare Bitcoin (BTC) Negli Stati Uniti"},"content":{"rendered":"\n<p><strong>La procedura \u00e8 relativamente semplice se vuoi acquistare Bitcoin negli Stati Uniti. Ecco un breve riassunto delle azioni che devi intraprendere:<\/strong><\/p>\n\n\n\n<ol><li>Scegli un exchange affidabile di Bitcoin come Coinbase, Bitstamp o Kraken.<\/li><li>Registrati per un account dell&#8217;exchange, quindi autentica la tua identit\u00e0.<\/li><li>Collega un metodo di pagamento, come una carta di credito o un conto bancario.<\/li><li>Utilizza l&#8217;interfaccia dell&#8217;exchange per acquistare Bitcoin.<\/li><li>Trasferisci il tuo Bitcoin in un portafoglio di cui sei proprietario per mantenerlo al sicuro.<\/li><li>La procedura generale \u00e8 questa, tuttavia ci sono alcune considerazioni aggiuntive. Per una spiegazione dettagliata su come acquistare Bitcoin negli Stati Uniti, continua a leggere.<\/li><\/ol>\n\n\n\n<h2 class=\"wp-block-heading\">Panoramica su Bitcoin<\/h2>\n\n\n\n<p>Satoshi Nakamoto ha creato Bitcoin, una valuta digitale e un sistema di pagamento decentralizzato. Senza la necessit\u00e0 di un&#8217;autorit\u00e0 centralizzata, consente transazioni peer-to-peer. Sulla blockchain, un registro condiviso, vengono tracciate le transazioni.<\/p>\n\n\n\n<p>Attraverso una procedura chiamata &#8220;mining&#8221;, in cui gli utenti donano la potenza di elaborazione del loro computer per verificare e registrare le transazioni sulla blockchain, la quantit\u00e0 di Bitcoin \u00e8 limitata e regolata. In questo modo, entrano pi\u00f9 Bitcoin sul mercato. Saranno creati solo 21 milioni di Bitcoin, e al gennaio 2021, ne sono stati estratti pi\u00f9 di 18 milioni.<\/p>\n\n\n\n<h2 class=\"wp-block-heading\">Vantaggi dell&#8217;acquisto di Bitcoin<\/h2>\n\n\n\n<p><strong>Ci sono diversi fattori da considerare prima di acquistare Bitcoin. Alcuni dei principali vantaggi sono i seguenti:<\/strong><\/p>\n\n\n\n<ul><li><strong>Possibilit\u00e0 di apprezzamento: <\/strong>il prezzo dei bitcoin pu\u00f2 cambiare, come qualsiasi altro asset. Anche se storicamente estremamente volatile, alcune persone pensano che abbia il potenziale di apprezzarsi notevolmente nel lungo termine.<br><br><\/li><li><strong>Decentralizzato:<\/strong> Bitcoin non \u00e8 soggetto alle decisioni dei governi o delle banche centrali a causa della sua natura decentralizzata. Per coloro che sono diffidenti dalle istituzioni bancarie convenzionali, questo potrebbe essere vantaggioso.<br><br><\/li><li><strong>Anonimato: <\/strong>anche se la blockchain \u00e8 accessibile a tutti, gli utenti di Bitcoin sono identificati solo dalle loro lunghe stringhe di lettere e numeri che compongono i loro indirizzi Bitcoin. Ci\u00f2 significa che \u00e8 possibile fare affari senza rivelare la propria identit\u00e0.<\/li><\/ul>\n\n\n\n<h2 class=\"wp-block-heading\">Istruzioni dettagliate su come acquistare Bitcoin negli Stati Uniti<\/h2>\n\n\n\n<p><strong>Ecco un&#8217;istruzione passo-passo su come acquistare Bitcoin negli Stati Uniti:<\/strong><\/p>\n\n\n\n<ol><li><strong>Scegli un exchange affidabile di Bitcoin:<\/strong> Ce ne sono diversi tra cui scegliere, ma alcuni dei pi\u00f9 popolari per gli utenti americani sono Kraken, Bitstamp e Coinbase. Per tutelare la sicurezza dei tuoi soldi, \u00e8 fondamentale scegliere un exchange affidabile.<br><br><\/li><li><strong>Crea un account: <\/strong>Una volta scelto un exchange, devi prima creare un account. Di solito, questo comporta la fornitura di informazioni personali e la prova della tua identit\u00e0.<br><br><\/li><li><strong>Collega un metodo di pagamento:<\/strong> La maggior parte degli scambi ti consente di collegare una carta di credito o un conto bancario al tuo account. Acquisterai Bitcoin utilizzando questo metodo.<br><br><\/li><li><strong>Acquista Bitcoin: <\/strong>Utilizzando l&#8217;interfaccia utente dello scambio, puoi acquistare Bitcoin dopo aver creato il tuo account e aver collegato il tuo metodo di pagamento. Questo comporta di solito la creazione di un ordine e l&#8217;indicazione della quantit\u00e0 di Bitcoin che desideri acquistare.<br><br><\/li><li><strong>Tutto fatto: <\/strong>Assicurati la sicurezza del tuo Bitcoin trasferendolo in un portafoglio di tua propriet\u00e0 dopo averlo acquistato. Potrebbe essere un portafoglio di carta, hardware o software. In questo modo puoi garantire la sicurezza del tuo Bitcoin e avere il pieno controllo su di esso.<\/li><\/ol>\n\n\n\n<figure class=\"wp-block-embed is-type-video is-provider-youtube wp-block-embed-youtube wp-embed-aspect-16-9 wp-has-aspect-ratio\"><div class=\"wp-block-embed__wrapper\">\n<iframe title=\"How to Buy Bitcoin (in 2 minutes) - 2023 Updated\" width=\"800\" height=\"450\" src=\"https:\/\/www.youtube.com\/embed\/3QH7ZTibV-Q?feature=oembed\" frameborder=\"0\" allow=\"accelerometer; autoplay; clipboard-write; encrypted-media; gyroscope; picture-in-picture; web-share\" allowfullscreen><\/iframe>\n<\/div><\/figure>\n\n\n\n<h2 class=\"wp-block-heading\">Tasse sugli acquisti di Bitcoin negli Stati Uniti<\/h2>\n\n\n\n<p>Se acquisti e vendi Bitcoin per un profitto negli Stati Uniti, devi pagare le tasse sui tuoi guadagni. La tua situazione specifica determiner\u00e0 le complessit\u00e0 di come ci\u00f2 funziona, ma in generale, a seconda di quanto tempo hai mantenuto il Bitcoin, dovrai dichiarare le tue vincite come guadagni di capitale o reddito ordinario. I tuoi profitti saranno tassati come reddito ordinario alla tua aliquota fiscale appropriata se hai mantenuto il Bitcoin per meno di un anno prima di venderlo. I tuoi profitti saranno tassati come guadagni di capitale a lungo termine, che di solito sono tassati a un&#8217;aliquota pi\u00f9 bassa rispetto al reddito ordinario, se hai mantenuto il Bitcoin per pi\u00f9 di un anno prima di venderlo.<\/p>\n\n\n\n<p>Tenere traccia delle tue transazioni Bitcoin \u00e8 fondamentale per segnalare correttamente i tuoi guadagni nella tua dichiarazione dei redditi. La mancata dichiarazione dei profitti Bitcoin potrebbe comportare multe e interessi, secondo le istruzioni dell&#8217;IRS sullo status fiscale delle valute virtuali.<\/p>\n\n\n\n<h2 class=\"wp-block-heading\">Conclusioni<\/h2>\n\n\n\n<p>Anche se l&#8217;acquisto di Bitcoin negli Stati Uniti \u00e8 piuttosto semplice, \u00e8 fondamentale scegliere uno scambio affidabile e prendere precauzioni per proteggere il tuo Bitcoin una volta fatto l&#8217;acquisto. Anche le implicazioni fiscali dell&#8217;acquisto e della vendita di Bitcoin sono cruciali da capire perch\u00e9 dovrai dichiarare eventuali profitti nella tua dichiarazione dei redditi. Se tieni a mente queste cose, sei pronto per iniziare ad acquistare Bitcoin negli Stati Uniti.<\/p>\n\n\n\n<!-- Page-list plugin v.5.9 wordpress.org\/plugins\/page-list\/ -->\n<ul class=\"page-list siblings-page-list \">\n<li class=\"page_item page-item-22540\"><a href=\"https:\/\/allin1bitcoins.com\/it\/crypto\/bitcoin\/the-netherlands\/\">#22540 (no title)<\/a><\/li>\n<li class=\"page_item page-item-22416\"><a href=\"https:\/\/allin1bitcoins.com\/it\/crypto\/bitcoin\/american-express\/\">Come Acquistare Bitcoin (BTC) Con American Express<\/a><\/li>\n<li class=\"page_item page-item-22424\"><a href=\"https:\/\/allin1bitcoins.com\/it\/crypto\/bitcoin\/apple-pay\/\">Come Acquistare Bitcoin (BTC) Con Apple Pay<\/a><\/li>\n<li class=\"page_item page-item-22440\"><a href=\"https:\/\/allin1bitcoins.com\/it\/crypto\/bitcoin\/google-pay\/\">Come Acquistare Bitcoin (BTC) Con Google Pay<\/a><\/li>\n<li class=\"page_item page-item-22457\"><a href=\"https:\/\/allin1bitcoins.com\/it\/crypto\/bitcoin\/neteller\/\">Come Acquistare Bitcoin (BTC) Con Neteller<\/a><\/li>\n<li class=\"page_item page-item-22401\"><a href=\"https:\/\/allin1bitcoins.com\/it\/crypto\/bitcoin\/paypal\/\">Come Acquistare Bitcoin (BTC) Con Paypal<\/a><\/li>\n<li class=\"page_item page-item-22466\"><a href=\"https:\/\/allin1bitcoins.com\/it\/crypto\/bitcoin\/paysafecard\/\">Come Acquistare Bitcoin (BTC) Con Paysafecard<\/a><\/li>\n<li class=\"page_item page-item-22474\"><a href=\"https:\/\/allin1bitcoins.com\/it\/crypto\/bitcoin\/skrill\/\">Come Acquistare Bitcoin (BTC) Con Skrill<\/a><\/li>\n<li class=\"page_item page-item-22432\"><a href=\"https:\/\/allin1bitcoins.com\/it\/crypto\/bitcoin\/bank-account\/\">Come Acquistare Bitcoin (BTC) Con Un Conto Bancario<\/a><\/li>\n<li class=\"page_item page-item-22392\"><a href=\"https:\/\/allin1bitcoins.com\/it\/crypto\/bitcoin\/credit-card\/\">Come Acquistare Bitcoin (BTC) Con Una Carta Di Credito<\/a><\/li>\n<li class=\"page_item page-item-22581\"><a href=\"https:\/\/allin1bitcoins.com\/it\/crypto\/bitcoin\/debit-card\/\">Come Acquistare Bitcoin (BTC) Con Una Carta Di Debito<\/a><\/li>\n<li class=\"page_item page-item-22482\"><a href=\"https:\/\/allin1bitcoins.com\/it\/crypto\/bitcoin\/venmo\/\">Come Acquistare Bitcoin (BTC) Con Venmo<\/a><\/li>\n<li class=\"page_item page-item-22530\"><a href=\"https:\/\/allin1bitcoins.com\/it\/crypto\/bitcoin\/australia\/\">Come Acquistare Bitcoin (BTC) In Australia<\/a><\/li>\n<li class=\"page_item page-item-22492\"><a href=\"https:\/\/allin1bitcoins.com\/it\/crypto\/bitcoin\/crypto-anonymously\/\">Come Acquistare Bitcoin (BTC) In Modo Anonimo Con Le Criptovalute<\/a><\/li>\n<li class=\"page_item page-item-22556\"><a href=\"https:\/\/allin1bitcoins.com\/it\/crypto\/bitcoin\/norway\/\">Come Acquistare Bitcoin (BTC) In Norvegia<\/a><\/li>\n<li class=\"page_item page-item-22499\"><a href=\"https:\/\/allin1bitcoins.com\/it\/crypto\/bitcoin\/new-zealand\/\">Come Acquistare Bitcoin (BTC) In Nuova Zelanda<\/a><\/li>\n<li class=\"page_item page-item-22565\"><a href=\"https:\/\/allin1bitcoins.com\/it\/crypto\/bitcoin\/switzerland\/\">Come Acquistare Bitcoin (BTC) In Svizzera<\/a><\/li>\n<li class=\"page_item page-item-22518\"><a href=\"https:\/\/allin1bitcoins.com\/it\/crypto\/bitcoin\/united-states\/\">Come Acquistare Bitcoin (BTC) Negli Stati Uniti<\/a><\/li>\n<li class=\"page_item page-item-22548\"><a href=\"https:\/\/allin1bitcoins.com\/it\/crypto\/bitcoin\/canada\/\">Come Comprare Bitcoin (BTC) In Canada<\/a><\/li>\n<li class=\"page_item page-item-22508\"><a href=\"https:\/\/allin1bitcoins.com\/it\/crypto\/bitcoin\/united-kingdom\/\">Come Comprare Bitcoin (BTC) Nel Regno Unito<\/a><\/li>\n\n<\/ul>\n","protected":false},"excerpt":{"rendered":"<p>La procedura \u00e8 relativamente semplice se vuoi acquistare Bitcoin negli Stati Uniti. Ecco un breve riassunto delle azioni che devi intraprendere: Scegli un exchange affidabile di Bitcoin come Coinbase, Bitstamp o Kraken. Registrati per un account dell&#8217;exchange, quindi autentica la tua identit\u00e0. Collega un metodo di pagamento, come una carta di credito o un conto&#8230;<\/p>\n","protected":false},"author":3,"featured_media":13674,"parent":22382,"menu_order":0,"comment_status":"closed","ping_status":"closed","template":"","meta":{"cybocfi_hide_featured_image":"","footnotes":""},"acf":[],"yoast_head":"<!-- This site is optimized with the Yoast SEO plugin v21.7 - https:\/\/yoast.com\/wordpress\/plugins\/seo\/ -->\n<title>Come Acquistare Bitcoin (BTC) Negli Stati Uniti<\/title>\n<meta name=\"description\" content=\"La procedura \u00e8 relativamente semplice se si desidera acquistare Bitcoin negli Stati Uniti. Ecco un breve riassunto.\" \/>\n<meta name=\"robots\" content=\"index, follow, max-snippet:-1, max-image-preview:large, max-video-preview:-1\" \/>\n<link rel=\"canonical\" href=\"https:\/\/allin1bitcoins.com\/it\/crypto\/bitcoin\/united-states\/\" \/>\n<meta property=\"og:locale\" content=\"it_IT\" \/>\n<meta property=\"og:type\" content=\"article\" \/>\n<meta property=\"og:title\" content=\"Come Acquistare Bitcoin (BTC) Negli Stati Uniti\" \/>\n<meta property=\"og:description\" content=\"La procedura \u00e8 relativamente semplice se si desidera acquistare Bitcoin negli Stati Uniti. Ecco un breve riassunto.\" \/>\n<meta property=\"og:url\" content=\"https:\/\/allin1bitcoins.com\/it\/crypto\/bitcoin\/united-states\/\" \/>\n<meta property=\"og:site_name\" content=\"Allin1Bitcoins\" \/>\n<meta property=\"article:modified_time\" content=\"2023-03-02T15:57:40+00:00\" \/>\n<meta property=\"og:image\" content=\"https:\/\/allin1bitcoins.com\/wp-content\/uploads\/2023\/01\/pexels-david-mcbee-730564.jpg\" \/>\n\t<meta property=\"og:image:width\" content=\"1280\" \/>\n\t<meta property=\"og:image:height\" content=\"960\" \/>\n\t<meta property=\"og:image:type\" content=\"image\/jpeg\" \/>\n<meta name=\"twitter:card\" content=\"summary_large_image\" \/>\n<meta name=\"twitter:label1\" content=\"Est. reading time\" \/>\n\t<meta name=\"twitter:data1\" content=\"4 minutes\" \/>\n<!-- \/ Yoast SEO plugin. -->","yoast_head_json":{"title":"Come Acquistare Bitcoin (BTC) Negli Stati Uniti","description":"La procedura \u00e8 relativamente semplice se si desidera acquistare Bitcoin negli Stati Uniti. Ecco un breve riassunto.","robots":{"index":"index","follow":"follow","max-snippet":"max-snippet:-1","max-image-preview":"max-image-preview:large","max-video-preview":"max-video-preview:-1"},"canonical":"https:\/\/allin1bitcoins.com\/it\/crypto\/bitcoin\/united-states\/","og_locale":"it_IT","og_type":"article","og_title":"Come Acquistare Bitcoin (BTC) Negli Stati Uniti","og_description":"La procedura \u00e8 relativamente semplice se si desidera acquistare Bitcoin negli Stati Uniti. Ecco un breve riassunto.","og_url":"https:\/\/allin1bitcoins.com\/it\/crypto\/bitcoin\/united-states\/","og_site_name":"Allin1Bitcoins","article_modified_time":"2023-03-02T15:57:40+00:00","og_image":[{"width":1280,"height":960,"url":"https:\/\/allin1bitcoins.com\/wp-content\/uploads\/2023\/01\/pexels-david-mcbee-730564.jpg","type":"image\/jpeg"}],"twitter_card":"summary_large_image","twitter_misc":{"Est. reading time":"4 minutes"},"schema":{"@context":"https:\/\/schema.org","@graph":[{"@type":"WebPage","@id":"https:\/\/allin1bitcoins.com\/it\/crypto\/bitcoin\/united-states\/","url":"https:\/\/allin1bitcoins.com\/it\/crypto\/bitcoin\/united-states\/","name":"Come Acquistare Bitcoin (BTC) Negli Stati Uniti","isPartOf":{"@id":"https:\/\/allin1bitcoins.com\/it\/#website"},"datePublished":"2023-03-02T15:57:36+00:00","dateModified":"2023-03-02T15:57:40+00:00","description":"La procedura \u00e8 relativamente semplice se si desidera acquistare Bitcoin negli Stati Uniti. Ecco un breve riassunto.","breadcrumb":{"@id":"https:\/\/allin1bitcoins.com\/it\/crypto\/bitcoin\/united-states\/#breadcrumb"},"inLanguage":"it","potentialAction":[{"@type":"ReadAction","target":["https:\/\/allin1bitcoins.com\/it\/crypto\/bitcoin\/united-states\/"]}]},{"@type":"BreadcrumbList","@id":"https:\/\/allin1bitcoins.com\/it\/crypto\/bitcoin\/united-states\/#breadcrumb","itemListElement":[{"@type":"ListItem","position":1,"name":"Home","item":"https:\/\/allin1bitcoins.com\/it\/"},{"@type":"ListItem","position":2,"name":"Crypto","item":"https:\/\/allin1bitcoins.com\/it\/crypto\/"},{"@type":"ListItem","position":3,"name":"Come Comprare Bitcoin (BTC)","item":"https:\/\/allin1bitcoins.com\/it\/crypto\/bitcoin\/"},{"@type":"ListItem","position":4,"name":"Come Acquistare Bitcoin (BTC) Negli Stati Uniti"}]},{"@type":"WebSite","@id":"https:\/\/allin1bitcoins.com\/it\/#website","url":"https:\/\/allin1bitcoins.com\/it\/","name":"Allin1Bitcoins","description":"","publisher":{"@id":"https:\/\/allin1bitcoins.com\/it\/#organization"},"potentialAction":[{"@type":"SearchAction","target":{"@type":"EntryPoint","urlTemplate":"https:\/\/allin1bitcoins.com\/it\/?s={search_term_string}"},"query-input":"required name=search_term_string"}],"inLanguage":"it"},{"@type":"Organization","@id":"https:\/\/allin1bitcoins.com\/it\/#organization","name":"allin1bitcoins","url":"https:\/\/allin1bitcoins.com\/it\/","logo":{"@type":"ImageObject","inLanguage":"it","@id":"https:\/\/allin1bitcoins.com\/it\/#\/schema\/logo\/image\/","url":"https:\/\/allin1bitcoins.com\/wp-content\/uploads\/2019\/01\/logo-new.png","contentUrl":"https:\/\/allin1bitcoins.com\/wp-content\/uploads\/2019\/01\/logo-new.png","width":178,"height":71,"caption":"allin1bitcoins"},"image":{"@id":"https:\/\/allin1bitcoins.com\/it\/#\/schema\/logo\/image\/"}}]}},"_links":{"self":[{"href":"https:\/\/allin1bitcoins.com\/it\/wp-json\/wp\/v2\/pages\/22518"}],"collection":[{"href":"https:\/\/allin1bitcoins.com\/it\/wp-json\/wp\/v2\/pages"}],"about":[{"href":"https:\/\/allin1bitcoins.com\/it\/wp-json\/wp\/v2\/types\/page"}],"author":[{"embeddable":true,"href":"https:\/\/allin1bitcoins.com\/it\/wp-json\/wp\/v2\/users\/3"}],"replies":[{"embeddable":true,"href":"https:\/\/allin1bitcoins.com\/it\/wp-json\/wp\/v2\/comments?post=22518"}],"version-history":[{"count":1,"href":"https:\/\/allin1bitcoins.com\/it\/wp-json\/wp\/v2\/pages\/22518\/revisions"}],"predecessor-version":[{"id":22520,"href":"https:\/\/allin1bitcoins.com\/it\/wp-json\/wp\/v2\/pages\/22518\/revisions\/22520"}],"up":[{"embeddable":true,"href":"https:\/\/allin1bitcoins.com\/it\/wp-json\/wp\/v2\/pages\/22382"}],"wp:featuredmedia":[{"embeddable":true,"href":"https:\/\/allin1bitcoins.com\/it\/wp-json\/wp\/v2\/media\/13674"}],"wp:attachment":[{"href":"https:\/\/allin1bitcoins.com\/it\/wp-json\/wp\/v2\/media?parent=22518"}],"curies":[{"name":"wp","href":"https:\/\/api.w.org\/{rel}","templated":true}]}}