{"id":22540,"date":"2023-03-05T05:40:31","date_gmt":"2023-03-05T05:40:31","guid":{"rendered":"https:\/\/allin1bitcoins.com\/?page_id=22540"},"modified":"2023-03-05T05:40:33","modified_gmt":"2023-03-05T05:40:33","slug":"the-netherlands","status":"publish","type":"page","link":"https:\/\/allin1bitcoins.com\/it\/crypto\/bitcoin\/the-netherlands\/","title":{"rendered":""},"content":{"rendered":"\n<p>Ci sono numerose modalit\u00e0 per acquistare Bitcoin nei Paesi Bassi, tutte semplici. Bitcoin pu\u00f2 essere acquistato da una piattaforma peer-to-peer, un broker internet o uno scambio di criptovalute. Per acquistare Bitcoin, \u00e8 necessario prima creare un portafoglio Bitcoin, che \u00e8 un luogo sicuro per conservare la propria criptovaluta. Una volta che si dispone di un portafoglio, \u00e8 possibile utilizzare una carta di credito o un conto bancario per effettuare l&#8217;acquisto di Bitcoin.<\/p>\n\n\n\n<h2 class=\"wp-block-heading\">Panoramica di Bitcoin<\/h2>\n\n\n\n<p>Bitcoin \u00e8 una valuta digitale decentralizzata basata su una rete peer-to-peer. \u00c8 stata sviluppata nel 2009 da Satoshi Nakamoto, una persona o un gruppo di persone non identificato. Senza l&#8217;aiuto di un&#8217;organizzazione centralizzata, gli utenti di Bitcoin possono fare e ricevere denaro direttamente.<\/p>\n\n\n\n<p>La blockchain \u00e8 un registro decentralizzato che tiene traccia di tutte le transazioni della rete ed \u00e8 la base della criptovaluta Bitcoin. La crittografia viene utilizzata per proteggere la blockchain, rendendola difficile da hackerare o alterare fraudolentemente.<\/p>\n\n\n\n<h2 class=\"wp-block-heading\">Vantaggi dell&#8217;acquisto di Bitcoin<\/h2>\n\n\n\n<p><strong>L&#8217;acquisto di Bitcoin ha diversi vantaggi, tra cui:<\/strong><\/p>\n\n\n\n<ul><li><strong>Decentralizzazione:<\/strong> poich\u00e9 Bitcoin \u00e8 decentralizzato, nessun governo o organizzazione finanziaria ha alcuna influenza su di esso. Gli utenti hanno un maggiore controllo finanziario e le autorit\u00e0 trovano pi\u00f9 difficile monitorare o censurare le transazioni.<br><br><\/li><li><strong>Commissioni economiche: <\/strong>rispetto alle istituzioni finanziarie tipiche, le transazioni con Bitcoin hanno commissioni basse. Questo lo rende una scelta desiderabile per acquisti modesti o per inviare denaro all&#8217;estero.<br><br><\/li><li><strong>Sicurezza: <\/strong>Bitcoin \u00e8 protetto dagli hacker e dai truffatori grazie alla sua fondazione nella crittografia all&#8217;avanguardia.<br><br><\/li><li><strong>Trasparenza: <\/strong>poich\u00e9 la blockchain \u00e8 un registro pubblico, tutte le transazioni sono visibili e verificabili.<br><br><\/li><li><strong>Potenziale di crescita:<\/strong> poich\u00e9 Bitcoin ha il potenziale di apprezzarsi nel tempo, potrebbe essere un buon investimento. \u00c8 importante ricordare che il prezzo di Bitcoin \u00e8 estremamente instabile e soggetto a grandi fluttuazioni.<\/li><\/ul>\n\n\n\n<h2 class=\"wp-block-heading\">Istruzioni dettagliate su come acquistare Bitcoin nei Paesi Bassi<\/h2>\n\n\n\n<ol><li><strong>Creare un portafoglio Bitcoin: <\/strong>la creazione di un portafoglio Bitcoin \u00e8 il primo passo per l&#8217;acquisto di Bitcoin. I portafogli software, i portafogli hardware e i portafogli cartacei sono solo alcune delle diverse tipologie di portafogli disponibili. Mentre i portafogli hardware sono dispositivi fisici reali che conservano il proprio Bitcoin offline, i portafogli software sono salvati sul proprio computer o dispositivo mobile. I propri chiavi private e pubbliche sono conservate nei portafogli cartacei, che possono essere utilizzati per accedere ai propri Bitcoin.<br><br><\/li><li><strong>Seleziona un exchange o un broker di Bitcoin:<\/strong> Puoi acquistare Bitcoin da diversi exchange e broker nei Paesi Bassi. Coinbase, Bitvavo e Kraken sono alcune scelte popolari. Prima di fare una scelta, \u00e8 fondamentale analizzare le commissioni e le opzioni di pagamento offerte da ciascun exchange o broker.<br><br><\/li><li><strong>Registrati e convalida il tuo account: <\/strong>Prima di poter acquistare Bitcoin, la maggior parte degli exchange e dei broker ti chiederanno di registrarti e verificare il tuo account. Di solito, questo comporta fornire informazioni personali come il tuo nome e indirizzo, nonch\u00e9 caricare una fotocopia del tuo documento di identit\u00e0.<br><br><\/li><li><strong>Aggiungi fondi al tuo account: <\/strong>Dopo aver creato il tuo account, puoi aggiungere fondi al tuo account dell&#8217;exchange o del broker dal tuo conto bancario o carta di credito.<br><br><\/li><li><strong>Acquista Bitcoin: <\/strong>Dopo che il tuo account \u00e8 stato finanziato, puoi farlo. Sia la quantit\u00e0 di Bitcoin che desideri acquistare che il prezzo richiesto possono essere specificati. Sarai abbinato a un venditore tramite l&#8217;exchange o il broker, che eseguir\u00e0 anche la transazione.<\/li><\/ol>\n\n\n\n<figure class=\"wp-block-embed is-type-video is-provider-youtube wp-block-embed-youtube wp-embed-aspect-16-9 wp-has-aspect-ratio\"><div class=\"wp-block-embed__wrapper\">\n<iframe title=\"How To Buy Bitcoin In Netherlands\" width=\"800\" height=\"450\" src=\"https:\/\/www.youtube.com\/embed\/zCebl0yhGMU?feature=oembed\" frameborder=\"0\" allow=\"accelerometer; autoplay; clipboard-write; encrypted-media; gyroscope; picture-in-picture; web-share\" allowfullscreen><\/iframe>\n<\/div><\/figure>\n\n\n\n<h2 class=\"wp-block-heading\">Tasse sugli acquisti di Bitcoin nei Paesi Bassi<\/h2>\n\n\n\n<p>Il modo in cui viene utilizzato il Bitcoin influenza la sua tassazione nei Paesi Bassi. Eventuali guadagni o perdite dalla vendita di Bitcoin che hai acquistato come investimento saranno tassati come plusvalenze o minusvalenze. Se usi il Bitcoin per acquistare beni o servizi, l&#8217;affare sar\u00e0 considerato uno scambio di baratto e potrebbe essere applicato il valore aggiunto (IVA).<\/p>\n\n\n\n<p>\u00c8 importante sottolineare che il Bitcoin e le altre criptovalute sono considerati asset tassabili dall&#8217;Amministrazione fiscale e doganale olandese. Ci\u00f2 significa che devi presentare una dichiarazione fiscale ogni anno e comunicare eventuali guadagni o perdite, nonch\u00e9 pagare le tasse sui profitti.<\/p>\n\n\n\n<h2 class=\"wp-block-heading\">Conclusione<\/h2>\n\n\n\n<p>Ci sono numerosi modi per acquistare Bitcoin nei Paesi Bassi, tutti molto semplici. Puoi acquistare Bitcoin da una piattaforma peer-to-peer, un broker online o un exchange di criptovalute. Devi creare un portafoglio Bitcoin e depositare fondi dal tuo conto bancario o carta di credito per poter acquistare Bitcoin. Il modo in cui utilizzi il Bitcoin determiner\u00e0 come viene tassato nei Paesi Bassi, pertanto \u00e8 importante registrare eventuali guadagni o perdite nella tua dichiarazione fiscale. Nonostante i rischi, molte persone decidono di acquistare Bitcoin per il suo crescente potenziale, la decentralizzazione, le tariffe convenienti, la sicurezza e la trasparenza.<\/p>\n\n\n\n<!-- Page-list plugin v.5.9 wordpress.org\/plugins\/page-list\/ -->\n<ul class=\"page-list siblings-page-list \">\n<li class=\"page_item page-item-22540\"><a href=\"https:\/\/allin1bitcoins.com\/it\/crypto\/bitcoin\/the-netherlands\/\">#22540 (no title)<\/a><\/li>\n<li class=\"page_item page-item-22416\"><a href=\"https:\/\/allin1bitcoins.com\/it\/crypto\/bitcoin\/american-express\/\">Come Acquistare Bitcoin (BTC) Con American Express<\/a><\/li>\n<li class=\"page_item page-item-22424\"><a href=\"https:\/\/allin1bitcoins.com\/it\/crypto\/bitcoin\/apple-pay\/\">Come Acquistare Bitcoin (BTC) Con Apple Pay<\/a><\/li>\n<li class=\"page_item page-item-22440\"><a href=\"https:\/\/allin1bitcoins.com\/it\/crypto\/bitcoin\/google-pay\/\">Come Acquistare Bitcoin (BTC) Con Google Pay<\/a><\/li>\n<li class=\"page_item page-item-22457\"><a href=\"https:\/\/allin1bitcoins.com\/it\/crypto\/bitcoin\/neteller\/\">Come Acquistare Bitcoin (BTC) Con Neteller<\/a><\/li>\n<li class=\"page_item page-item-22401\"><a href=\"https:\/\/allin1bitcoins.com\/it\/crypto\/bitcoin\/paypal\/\">Come Acquistare Bitcoin (BTC) Con Paypal<\/a><\/li>\n<li class=\"page_item page-item-22466\"><a href=\"https:\/\/allin1bitcoins.com\/it\/crypto\/bitcoin\/paysafecard\/\">Come Acquistare Bitcoin (BTC) Con Paysafecard<\/a><\/li>\n<li class=\"page_item page-item-22474\"><a href=\"https:\/\/allin1bitcoins.com\/it\/crypto\/bitcoin\/skrill\/\">Come Acquistare Bitcoin (BTC) Con Skrill<\/a><\/li>\n<li class=\"page_item page-item-22432\"><a href=\"https:\/\/allin1bitcoins.com\/it\/crypto\/bitcoin\/bank-account\/\">Come Acquistare Bitcoin (BTC) Con Un Conto Bancario<\/a><\/li>\n<li class=\"page_item page-item-22392\"><a href=\"https:\/\/allin1bitcoins.com\/it\/crypto\/bitcoin\/credit-card\/\">Come Acquistare Bitcoin (BTC) Con Una Carta Di Credito<\/a><\/li>\n<li class=\"page_item page-item-22581\"><a href=\"https:\/\/allin1bitcoins.com\/it\/crypto\/bitcoin\/debit-card\/\">Come Acquistare Bitcoin (BTC) Con Una Carta Di Debito<\/a><\/li>\n<li class=\"page_item page-item-22482\"><a href=\"https:\/\/allin1bitcoins.com\/it\/crypto\/bitcoin\/venmo\/\">Come Acquistare Bitcoin (BTC) Con Venmo<\/a><\/li>\n<li class=\"page_item page-item-22530\"><a href=\"https:\/\/allin1bitcoins.com\/it\/crypto\/bitcoin\/australia\/\">Come Acquistare Bitcoin (BTC) In Australia<\/a><\/li>\n<li class=\"page_item page-item-22492\"><a href=\"https:\/\/allin1bitcoins.com\/it\/crypto\/bitcoin\/crypto-anonymously\/\">Come Acquistare Bitcoin (BTC) In Modo Anonimo Con Le Criptovalute<\/a><\/li>\n<li class=\"page_item page-item-22556\"><a href=\"https:\/\/allin1bitcoins.com\/it\/crypto\/bitcoin\/norway\/\">Come Acquistare Bitcoin (BTC) In Norvegia<\/a><\/li>\n<li class=\"page_item page-item-22499\"><a href=\"https:\/\/allin1bitcoins.com\/it\/crypto\/bitcoin\/new-zealand\/\">Come Acquistare Bitcoin (BTC) In Nuova Zelanda<\/a><\/li>\n<li class=\"page_item page-item-22565\"><a href=\"https:\/\/allin1bitcoins.com\/it\/crypto\/bitcoin\/switzerland\/\">Come Acquistare Bitcoin (BTC) In Svizzera<\/a><\/li>\n<li class=\"page_item page-item-22518\"><a href=\"https:\/\/allin1bitcoins.com\/it\/crypto\/bitcoin\/united-states\/\">Come Acquistare Bitcoin (BTC) Negli Stati Uniti<\/a><\/li>\n<li class=\"page_item page-item-22548\"><a href=\"https:\/\/allin1bitcoins.com\/it\/crypto\/bitcoin\/canada\/\">Come Comprare Bitcoin (BTC) In Canada<\/a><\/li>\n<li class=\"page_item page-item-22508\"><a href=\"https:\/\/allin1bitcoins.com\/it\/crypto\/bitcoin\/united-kingdom\/\">Come Comprare Bitcoin (BTC) Nel Regno Unito<\/a><\/li>\n\n<\/ul>\n","protected":false},"excerpt":{"rendered":"<p>Ci sono numerose modalit\u00e0 per acquistare Bitcoin nei Paesi Bassi, tutte semplici. Bitcoin pu\u00f2 essere acquistato da una piattaforma peer-to-peer, un broker internet o uno scambio di criptovalute. Per acquistare Bitcoin, \u00e8 necessario prima creare un portafoglio Bitcoin, che \u00e8 un luogo sicuro per conservare la propria criptovaluta. Una volta che si dispone di un&#8230;<\/p>\n","protected":false},"author":3,"featured_media":13707,"parent":22382,"menu_order":0,"comment_status":"closed","ping_status":"closed","template":"","meta":{"cybocfi_hide_featured_image":"","footnotes":""},"acf":[],"yoast_head":"<!-- This site is optimized with the Yoast SEO plugin v21.7 - https:\/\/yoast.com\/wordpress\/plugins\/seo\/ -->\n<title>Come acquistare Bitcoin (BTC) nei Paesi Bassi<\/title>\n<meta name=\"description\" content=\"Ci sono numerose modalit\u00e0 per acquistare Bitcoin nei Paesi Bassi. Puoi comprare BTC da una piattaforma peer-to-peer o da un exchange.\" \/>\n<meta name=\"robots\" content=\"index, follow, max-snippet:-1, max-image-preview:large, max-video-preview:-1\" \/>\n<link rel=\"canonical\" href=\"https:\/\/allin1bitcoins.com\/it\/crypto\/bitcoin\/the-netherlands\/\" \/>\n<meta property=\"og:locale\" content=\"it_IT\" \/>\n<meta property=\"og:type\" content=\"article\" \/>\n<meta property=\"og:title\" content=\"Come acquistare Bitcoin (BTC) nei Paesi Bassi\" \/>\n<meta property=\"og:description\" content=\"Ci sono numerose modalit\u00e0 per acquistare Bitcoin nei Paesi Bassi. Puoi comprare BTC da una piattaforma peer-to-peer o da un exchange.\" \/>\n<meta property=\"og:url\" content=\"https:\/\/allin1bitcoins.com\/it\/crypto\/bitcoin\/the-netherlands\/\" \/>\n<meta property=\"og:site_name\" content=\"Allin1Bitcoins\" \/>\n<meta property=\"article:modified_time\" content=\"2023-03-05T05:40:33+00:00\" \/>\n<meta property=\"og:image\" content=\"https:\/\/allin1bitcoins.com\/wp-content\/uploads\/2023\/01\/pexels-pixabay-315788.jpg\" \/>\n\t<meta property=\"og:image:width\" content=\"1280\" \/>\n\t<meta property=\"og:image:height\" content=\"961\" \/>\n\t<meta property=\"og:image:type\" content=\"image\/jpeg\" \/>\n<meta name=\"twitter:card\" content=\"summary_large_image\" \/>\n<meta name=\"twitter:label1\" content=\"Est. reading time\" \/>\n\t<meta name=\"twitter:data1\" content=\"4 minutes\" \/>\n<!-- \/ Yoast SEO plugin. -->","yoast_head_json":{"title":"Come acquistare Bitcoin (BTC) nei Paesi Bassi","description":"Ci sono numerose modalit\u00e0 per acquistare Bitcoin nei Paesi Bassi. Puoi comprare BTC da una piattaforma peer-to-peer o da un exchange.","robots":{"index":"index","follow":"follow","max-snippet":"max-snippet:-1","max-image-preview":"max-image-preview:large","max-video-preview":"max-video-preview:-1"},"canonical":"https:\/\/allin1bitcoins.com\/it\/crypto\/bitcoin\/the-netherlands\/","og_locale":"it_IT","og_type":"article","og_title":"Come acquistare Bitcoin (BTC) nei Paesi Bassi","og_description":"Ci sono numerose modalit\u00e0 per acquistare Bitcoin nei Paesi Bassi. Puoi comprare BTC da una piattaforma peer-to-peer o da un exchange.","og_url":"https:\/\/allin1bitcoins.com\/it\/crypto\/bitcoin\/the-netherlands\/","og_site_name":"Allin1Bitcoins","article_modified_time":"2023-03-05T05:40:33+00:00","og_image":[{"width":1280,"height":961,"url":"https:\/\/allin1bitcoins.com\/wp-content\/uploads\/2023\/01\/pexels-pixabay-315788.jpg","type":"image\/jpeg"}],"twitter_card":"summary_large_image","twitter_misc":{"Est. reading time":"4 minutes"},"schema":{"@context":"https:\/\/schema.org","@graph":[{"@type":"WebPage","@id":"https:\/\/allin1bitcoins.com\/it\/crypto\/bitcoin\/the-netherlands\/","url":"https:\/\/allin1bitcoins.com\/it\/crypto\/bitcoin\/the-netherlands\/","name":"Come acquistare Bitcoin (BTC) nei Paesi Bassi","isPartOf":{"@id":"https:\/\/allin1bitcoins.com\/it\/#website"},"datePublished":"2023-03-05T05:40:31+00:00","dateModified":"2023-03-05T05:40:33+00:00","description":"Ci sono numerose modalit\u00e0 per acquistare Bitcoin nei Paesi Bassi. Puoi comprare BTC da una piattaforma peer-to-peer o da un exchange.","breadcrumb":{"@id":"https:\/\/allin1bitcoins.com\/it\/crypto\/bitcoin\/the-netherlands\/#breadcrumb"},"inLanguage":"it","potentialAction":[{"@type":"ReadAction","target":["https:\/\/allin1bitcoins.com\/it\/crypto\/bitcoin\/the-netherlands\/"]}]},{"@type":"BreadcrumbList","@id":"https:\/\/allin1bitcoins.com\/it\/crypto\/bitcoin\/the-netherlands\/#breadcrumb","itemListElement":[{"@type":"ListItem","position":1,"name":"Home","item":"https:\/\/allin1bitcoins.com\/it\/"},{"@type":"ListItem","position":2,"name":"Crypto","item":"https:\/\/allin1bitcoins.com\/it\/crypto\/"},{"@type":"ListItem","position":3,"name":"Come Comprare Bitcoin (BTC)","item":"https:\/\/allin1bitcoins.com\/it\/crypto\/bitcoin\/"}]},{"@type":"WebSite","@id":"https:\/\/allin1bitcoins.com\/it\/#website","url":"https:\/\/allin1bitcoins.com\/it\/","name":"Allin1Bitcoins","description":"","publisher":{"@id":"https:\/\/allin1bitcoins.com\/it\/#organization"},"potentialAction":[{"@type":"SearchAction","target":{"@type":"EntryPoint","urlTemplate":"https:\/\/allin1bitcoins.com\/it\/?s={search_term_string}"},"query-input":"required name=search_term_string"}],"inLanguage":"it"},{"@type":"Organization","@id":"https:\/\/allin1bitcoins.com\/it\/#organization","name":"allin1bitcoins","url":"https:\/\/allin1bitcoins.com\/it\/","logo":{"@type":"ImageObject","inLanguage":"it","@id":"https:\/\/allin1bitcoins.com\/it\/#\/schema\/logo\/image\/","url":"https:\/\/allin1bitcoins.com\/wp-content\/uploads\/2019\/01\/logo-new.png","contentUrl":"https:\/\/allin1bitcoins.com\/wp-content\/uploads\/2019\/01\/logo-new.png","width":178,"height":71,"caption":"allin1bitcoins"},"image":{"@id":"https:\/\/allin1bitcoins.com\/it\/#\/schema\/logo\/image\/"}}]}},"_links":{"self":[{"href":"https:\/\/allin1bitcoins.com\/it\/wp-json\/wp\/v2\/pages\/22540"}],"collection":[{"href":"https:\/\/allin1bitcoins.com\/it\/wp-json\/wp\/v2\/pages"}],"about":[{"href":"https:\/\/allin1bitcoins.com\/it\/wp-json\/wp\/v2\/types\/page"}],"author":[{"embeddable":true,"href":"https:\/\/allin1bitcoins.com\/it\/wp-json\/wp\/v2\/users\/3"}],"replies":[{"embeddable":true,"href":"https:\/\/allin1bitcoins.com\/it\/wp-json\/wp\/v2\/comments?post=22540"}],"version-history":[{"count":1,"href":"https:\/\/allin1bitcoins.com\/it\/wp-json\/wp\/v2\/pages\/22540\/revisions"}],"predecessor-version":[{"id":22544,"href":"https:\/\/allin1bitcoins.com\/it\/wp-json\/wp\/v2\/pages\/22540\/revisions\/22544"}],"up":[{"embeddable":true,"href":"https:\/\/allin1bitcoins.com\/it\/wp-json\/wp\/v2\/pages\/22382"}],"wp:featuredmedia":[{"embeddable":true,"href":"https:\/\/allin1bitcoins.com\/it\/wp-json\/wp\/v2\/media\/13707"}],"wp:attachment":[{"href":"https:\/\/allin1bitcoins.com\/it\/wp-json\/wp\/v2\/media?parent=22540"}],"curies":[{"name":"wp","href":"https:\/\/api.w.org\/{rel}","templated":true}]}}