{"id":22556,"date":"2023-03-05T06:23:16","date_gmt":"2023-03-05T06:23:16","guid":{"rendered":"https:\/\/allin1bitcoins.com\/?page_id=22556"},"modified":"2023-03-05T06:23:20","modified_gmt":"2023-03-05T06:23:20","slug":"norway","status":"publish","type":"page","link":"https:\/\/allin1bitcoins.com\/it\/crypto\/bitcoin\/norway\/","title":{"rendered":"Come Acquistare Bitcoin (BTC) In Norvegia"},"content":{"rendered":"\n<p>Trovare un exchange di Bitcoin affidabile con una presenza norvegese o che consenta ai consumatori norvegesi di acquistare Bitcoin \u00e8 il primo passo se si vuole acquistare Bitcoin in Norvegia. Coinbase, Bitpanda e Kraken sono alcune scelte molto popolari. Dopo aver scelto un exchange, \u00e8 necessario registrarsi per un account, confermare la propria identit\u00e0 e aggiungere denaro al proprio account tramite bonifico bancario o carta di credito. Dopo di che, \u00e8 possibile utilizzare il proprio denaro per acquistare Bitcoin sull&#8217;exchange.<\/p>\n\n\n\n<h2 class=\"wp-block-heading\">Panoramica di Bitcoin<\/h2>\n\n\n\n<p>Bitcoin \u00e8 una valuta digitale che non \u00e8 regolamentata da nessun governo o organizzazione finanziaria e utilizza la crittografia per la sicurezza. \u00c8 stata sviluppata nel 2009 con lo pseudonimo di Satoshi Nakamoto da una persona o un gruppo non identificato. Dalla sua creazione, Bitcoin \u00e8 diventato sempre pi\u00f9 popolare come investimento e ha acquisito una reputazione come asset rischioso ma potenzialmente redditizio.<\/p>\n\n\n\n<h2 class=\"wp-block-heading\">Vantaggi dell&#8217;acquisto di Bitcoin<\/h2>\n\n\n\n<p><strong>L&#8217;acquisto di Bitcoin ha diversi vantaggi, tra cui:<\/strong><\/p>\n\n\n\n<ul><li><strong>Decentralizzazione: <\/strong>Bitcoin offre un grado di libert\u00e0 e indipendenza che le valute tradizionali non offrono, poich\u00e9 \u00e8 decentralizzato e non \u00e8 sotto la giurisdizione di nessun governo o organizzazione finanziaria.<br><br><\/li><li><strong>Offerta: <\/strong>Ci saranno solo 21 milioni di Bitcoin disponibili, quindi se la domanda aumenta, il loro valore potrebbe aumentare. Offerta limitata: poich\u00e9 ci saranno solo 21 milioni di Bitcoin disponibili, il loro valore potrebbe aumentare di conseguenza.<br><br><\/li><li><strong>Anonimato: <\/strong>le transazioni anonime sono possibili con Bitcoin, il che potrebbe essere allettante per coloro che valorizzano la propria privacy.<br><br><\/li><li><strong>Accessibilit\u00e0: <\/strong>chiunque abbia una connessione internet pu\u00f2 acquistare e vendere bitcoin facilmente online.<\/li><\/ul>\n\n\n\n<h2 class=\"wp-block-heading\">Istruzioni dettagliate su come acquistare Bitcoin in Norvegia<\/h2>\n\n\n\n<ol><li><strong>Scegli un exchange di Bitcoin.<\/strong><\/li><\/ol>\n\n\n\n<p>Il primo passo per acquistare Bitcoin in Norvegia \u00e8 selezionare un exchange di Bitcoin affidabile con una presenza norvegese o che accetti clienti norvegesi. Coinbase, Bitpanda e Kraken sono alcune scelte molto popolari.<\/p>\n\n\n\n<ol start=\"2\"><li><strong>Crea un account<\/strong><\/li><\/ol>\n\n\n\n<p>Dopo aver selezionato un exchange, \u00e8 necessario creare un account inserendo alcune informazioni personali di base, scegliendo un nome utente e selezionando una password.<\/p>\n\n\n\n<ol start=\"3\"><li><strong>Verifica la tua identificazione<\/strong><\/li><\/ol>\n\n\n\n<p>Prima di acquistare Bitcoin, di solito ai consumatori viene richiesto di autenticare la propria identificazione su uno scambio. Spesso \u00e8 necessario caricare un documento d&#8217;identit\u00e0 rilasciato dal governo e un documento che attesti il proprio indirizzo, come una bolletta o un estratto conto bancario.<\/p>\n\n\n\n<ol start=\"4\"><li><strong>Deposita denaro<\/strong><\/li><\/ol>\n\n\n\n<p>Devi effettuare un bonifico bancario o un deposito con carta di credito sul tuo account una volta che la tua identit\u00e0 \u00e8 stata confermata. Il metodo che scegli e le regole dello scambio determineranno quanto tempo ci vorr\u00e0 per far apparire i soldi sul tuo account.<\/p>\n\n\n\n<ol start=\"5\"><li><strong>Acquista Bitcoin<\/strong><\/li><\/ol>\n\n\n\n<p>Puoi usare i tuoi fondi per acquistare Bitcoin sullo scambio una volta che sono stati depositati. Scegli semplicemente la quantit\u00e0 di Bitcoin che desideri acquistare e invia il tuo ordine. Dopo di che, i Bitcoin verranno inviati al tuo portafoglio dello scambio.<\/p>\n\n\n\n<figure class=\"wp-block-embed is-type-video is-provider-youtube wp-block-embed-youtube wp-embed-aspect-16-9 wp-has-aspect-ratio\"><div class=\"wp-block-embed__wrapper\">\n<iframe title=\"How To Buy Bitcoin in Norway [Cryptocurrency]\" width=\"800\" height=\"450\" src=\"https:\/\/www.youtube.com\/embed\/xTWNeMdkSaE?feature=oembed\" frameborder=\"0\" allow=\"accelerometer; autoplay; clipboard-write; encrypted-media; gyroscope; picture-in-picture; web-share\" allowfullscreen><\/iframe>\n<\/div><\/figure>\n\n\n\n<h2 class=\"wp-block-heading\">Tasse sull&#8217;acquisto di Bitcoin in Norvegia<\/h2>\n\n\n\n<p>Se Bitcoin viene utilizzato come forma di pagamento o come attivo, determina come viene tassato in Norvegia. Bitcoin viene trattato come una valuta estera e viene addebitato un&#8217;imposta sul valore aggiunto (IVA) del 25% quando viene utilizzato come denaro. Se viene utilizzato come attivo, \u00e8 soggetto a una tassa sulle plusvalenze che pu\u00f2 variare dal 0% al 22% a seconda della tassa del contribuente. \u00c8 fondamentale ricordare che lo status fiscale di Bitcoin \u00e8 dinamico e soggetto a modifiche in futuro.<\/p>\n\n\n\n<h2 class=\"wp-block-heading\">Conclusione<\/h2>\n\n\n\n<p>La procedura per l&#8217;acquisto di Bitcoin in Norvegia \u00e8 molto semplice, ma \u00e8 fondamentale selezionare uno scambio affidabile e conoscere le implicazioni fiscali delle transazioni. Puoi acquistare Bitcoin in Norvegia in modo sicuro e protetto con un po&#8217; di ricerca e cautela e puoi persino guadagnare se decidi di investire in questa valuta virtuale.<\/p>\n\n\n\n<p>Conduci sempre la tua ricerca e dovuta diligenza prima di acquistare qualsiasi tipo di attivo, compreso Bitcoin. Per ridurre il rischio, \u00e8 anche una buona idea diversificare le tue attivit\u00e0 di investimento.<\/p>\n\n\n\n<p>\u00c8 fondamentale essere informati di eventuali potenziali rischi legati all&#8217;investimento in Bitcoin, come con qualsiasi investimento. Il valore di Bitcoin ha il potenziale di essere estremamente erratico e di cambiare significativamente nel tempo. Inoltre, \u00e8 importante tenere presente che l&#8217;investimento in Bitcoin comporta un rischio poich\u00e9 non \u00e8 assicurato dalla FDIC n\u00e9 sostenuto da alcun governo.<\/p>\n\n\n\n<p>In generale, per coloro che sono disposti ad assumersi i rischi e fare la propria ricerca, l&#8217;acquisto di Bitcoin in Norvegia pu\u00f2 essere un&#8217;esperienza redditizia. Puoi acquistare Bitcoin in modo sicuro e protetto e possibilmente trarre vantaggio dalla sua potenziale crescita scegliendo uno scambio affidabile e tenendo a mente le implicazioni fiscali dei tuoi acquisti.<\/p>\n\n\n\n<!-- Page-list plugin v.5.9 wordpress.org\/plugins\/page-list\/ -->\n<ul class=\"page-list siblings-page-list \">\n<li class=\"page_item page-item-22540\"><a href=\"https:\/\/allin1bitcoins.com\/it\/crypto\/bitcoin\/the-netherlands\/\">#22540 (no title)<\/a><\/li>\n<li class=\"page_item page-item-22416\"><a href=\"https:\/\/allin1bitcoins.com\/it\/crypto\/bitcoin\/american-express\/\">Come Acquistare Bitcoin (BTC) Con American Express<\/a><\/li>\n<li class=\"page_item page-item-22424\"><a href=\"https:\/\/allin1bitcoins.com\/it\/crypto\/bitcoin\/apple-pay\/\">Come Acquistare Bitcoin (BTC) Con Apple Pay<\/a><\/li>\n<li class=\"page_item page-item-22440\"><a href=\"https:\/\/allin1bitcoins.com\/it\/crypto\/bitcoin\/google-pay\/\">Come Acquistare Bitcoin (BTC) Con Google Pay<\/a><\/li>\n<li class=\"page_item page-item-22457\"><a href=\"https:\/\/allin1bitcoins.com\/it\/crypto\/bitcoin\/neteller\/\">Come Acquistare Bitcoin (BTC) Con Neteller<\/a><\/li>\n<li class=\"page_item page-item-22401\"><a href=\"https:\/\/allin1bitcoins.com\/it\/crypto\/bitcoin\/paypal\/\">Come Acquistare Bitcoin (BTC) Con Paypal<\/a><\/li>\n<li class=\"page_item page-item-22466\"><a href=\"https:\/\/allin1bitcoins.com\/it\/crypto\/bitcoin\/paysafecard\/\">Come Acquistare Bitcoin (BTC) Con Paysafecard<\/a><\/li>\n<li class=\"page_item page-item-22474\"><a href=\"https:\/\/allin1bitcoins.com\/it\/crypto\/bitcoin\/skrill\/\">Come Acquistare Bitcoin (BTC) Con Skrill<\/a><\/li>\n<li class=\"page_item page-item-22432\"><a href=\"https:\/\/allin1bitcoins.com\/it\/crypto\/bitcoin\/bank-account\/\">Come Acquistare Bitcoin (BTC) Con Un Conto Bancario<\/a><\/li>\n<li class=\"page_item page-item-22392\"><a href=\"https:\/\/allin1bitcoins.com\/it\/crypto\/bitcoin\/credit-card\/\">Come Acquistare Bitcoin (BTC) Con Una Carta Di Credito<\/a><\/li>\n<li class=\"page_item page-item-22581\"><a href=\"https:\/\/allin1bitcoins.com\/it\/crypto\/bitcoin\/debit-card\/\">Come Acquistare Bitcoin (BTC) Con Una Carta Di Debito<\/a><\/li>\n<li class=\"page_item page-item-22482\"><a href=\"https:\/\/allin1bitcoins.com\/it\/crypto\/bitcoin\/venmo\/\">Come Acquistare Bitcoin (BTC) Con Venmo<\/a><\/li>\n<li class=\"page_item page-item-22530\"><a href=\"https:\/\/allin1bitcoins.com\/it\/crypto\/bitcoin\/australia\/\">Come Acquistare Bitcoin (BTC) In Australia<\/a><\/li>\n<li class=\"page_item page-item-22492\"><a href=\"https:\/\/allin1bitcoins.com\/it\/crypto\/bitcoin\/crypto-anonymously\/\">Come Acquistare Bitcoin (BTC) In Modo Anonimo Con Le Criptovalute<\/a><\/li>\n<li class=\"page_item page-item-22556\"><a href=\"https:\/\/allin1bitcoins.com\/it\/crypto\/bitcoin\/norway\/\">Come Acquistare Bitcoin (BTC) In Norvegia<\/a><\/li>\n<li class=\"page_item page-item-22499\"><a href=\"https:\/\/allin1bitcoins.com\/it\/crypto\/bitcoin\/new-zealand\/\">Come Acquistare Bitcoin (BTC) In Nuova Zelanda<\/a><\/li>\n<li class=\"page_item page-item-22565\"><a href=\"https:\/\/allin1bitcoins.com\/it\/crypto\/bitcoin\/switzerland\/\">Come Acquistare Bitcoin (BTC) In Svizzera<\/a><\/li>\n<li class=\"page_item page-item-22518\"><a href=\"https:\/\/allin1bitcoins.com\/it\/crypto\/bitcoin\/united-states\/\">Come Acquistare Bitcoin (BTC) Negli Stati Uniti<\/a><\/li>\n<li class=\"page_item page-item-22548\"><a href=\"https:\/\/allin1bitcoins.com\/it\/crypto\/bitcoin\/canada\/\">Come Comprare Bitcoin (BTC) In Canada<\/a><\/li>\n<li class=\"page_item page-item-22508\"><a href=\"https:\/\/allin1bitcoins.com\/it\/crypto\/bitcoin\/united-kingdom\/\">Come Comprare Bitcoin (BTC) Nel Regno Unito<\/a><\/li>\n\n<\/ul>\n","protected":false},"excerpt":{"rendered":"<p>Trovare un exchange di Bitcoin affidabile con una presenza norvegese o che consenta ai consumatori norvegesi di acquistare Bitcoin \u00e8 il primo passo se si vuole acquistare Bitcoin in Norvegia. Coinbase, Bitpanda e Kraken sono alcune scelte molto popolari. Dopo aver scelto un exchange, \u00e8 necessario registrarsi per un account, confermare la propria identit\u00e0 e&#8230;<\/p>\n","protected":false},"author":3,"featured_media":13742,"parent":22382,"menu_order":0,"comment_status":"closed","ping_status":"closed","template":"","meta":{"cybocfi_hide_featured_image":"","footnotes":""},"acf":[],"yoast_head":"<!-- This site is optimized with the Yoast SEO plugin v21.7 - https:\/\/yoast.com\/wordpress\/plugins\/seo\/ -->\n<title>Come Acquistare Bitcoin (BTC) In Norvegia<\/title>\n<meta name=\"description\" content=\"Trova un exchange di BTC affidabile con presenza in Norvegia o che permetta ai consumatori norvegesi di acquistare Bitcoin \u00e8 il primo passo.\" \/>\n<meta name=\"robots\" content=\"index, follow, max-snippet:-1, max-image-preview:large, max-video-preview:-1\" \/>\n<link rel=\"canonical\" href=\"https:\/\/allin1bitcoins.com\/it\/crypto\/bitcoin\/norway\/\" \/>\n<meta property=\"og:locale\" content=\"it_IT\" \/>\n<meta property=\"og:type\" content=\"article\" \/>\n<meta property=\"og:title\" content=\"Come Acquistare Bitcoin (BTC) In Norvegia\" \/>\n<meta property=\"og:description\" content=\"Trova un exchange di BTC affidabile con presenza in Norvegia o che permetta ai consumatori norvegesi di acquistare Bitcoin \u00e8 il primo passo.\" \/>\n<meta property=\"og:url\" content=\"https:\/\/allin1bitcoins.com\/it\/crypto\/bitcoin\/norway\/\" \/>\n<meta property=\"og:site_name\" content=\"Allin1Bitcoins\" \/>\n<meta property=\"article:modified_time\" content=\"2023-03-05T06:23:20+00:00\" \/>\n<meta property=\"og:image\" content=\"https:\/\/allin1bitcoins.com\/wp-content\/uploads\/2023\/01\/pexels-karolina-grabowska-5980582.jpg\" \/>\n\t<meta property=\"og:image:width\" content=\"1279\" \/>\n\t<meta property=\"og:image:height\" content=\"853\" \/>\n\t<meta property=\"og:image:type\" content=\"image\/jpeg\" \/>\n<meta name=\"twitter:card\" content=\"summary_large_image\" \/>\n<meta name=\"twitter:label1\" content=\"Est. reading time\" \/>\n\t<meta name=\"twitter:data1\" content=\"4 minutes\" \/>\n<!-- \/ Yoast SEO plugin. -->","yoast_head_json":{"title":"Come Acquistare Bitcoin (BTC) In Norvegia","description":"Trova un exchange di BTC affidabile con presenza in Norvegia o che permetta ai consumatori norvegesi di acquistare Bitcoin \u00e8 il primo passo.","robots":{"index":"index","follow":"follow","max-snippet":"max-snippet:-1","max-image-preview":"max-image-preview:large","max-video-preview":"max-video-preview:-1"},"canonical":"https:\/\/allin1bitcoins.com\/it\/crypto\/bitcoin\/norway\/","og_locale":"it_IT","og_type":"article","og_title":"Come Acquistare Bitcoin (BTC) In Norvegia","og_description":"Trova un exchange di BTC affidabile con presenza in Norvegia o che permetta ai consumatori norvegesi di acquistare Bitcoin \u00e8 il primo passo.","og_url":"https:\/\/allin1bitcoins.com\/it\/crypto\/bitcoin\/norway\/","og_site_name":"Allin1Bitcoins","article_modified_time":"2023-03-05T06:23:20+00:00","og_image":[{"width":1279,"height":853,"url":"https:\/\/allin1bitcoins.com\/wp-content\/uploads\/2023\/01\/pexels-karolina-grabowska-5980582.jpg","type":"image\/jpeg"}],"twitter_card":"summary_large_image","twitter_misc":{"Est. reading time":"4 minutes"},"schema":{"@context":"https:\/\/schema.org","@graph":[{"@type":"WebPage","@id":"https:\/\/allin1bitcoins.com\/it\/crypto\/bitcoin\/norway\/","url":"https:\/\/allin1bitcoins.com\/it\/crypto\/bitcoin\/norway\/","name":"Come Acquistare Bitcoin (BTC) In Norvegia","isPartOf":{"@id":"https:\/\/allin1bitcoins.com\/it\/#website"},"datePublished":"2023-03-05T06:23:16+00:00","dateModified":"2023-03-05T06:23:20+00:00","description":"Trova un exchange di BTC affidabile con presenza in Norvegia o che permetta ai consumatori norvegesi di acquistare Bitcoin \u00e8 il primo passo.","breadcrumb":{"@id":"https:\/\/allin1bitcoins.com\/it\/crypto\/bitcoin\/norway\/#breadcrumb"},"inLanguage":"it","potentialAction":[{"@type":"ReadAction","target":["https:\/\/allin1bitcoins.com\/it\/crypto\/bitcoin\/norway\/"]}]},{"@type":"BreadcrumbList","@id":"https:\/\/allin1bitcoins.com\/it\/crypto\/bitcoin\/norway\/#breadcrumb","itemListElement":[{"@type":"ListItem","position":1,"name":"Home","item":"https:\/\/allin1bitcoins.com\/it\/"},{"@type":"ListItem","position":2,"name":"Crypto","item":"https:\/\/allin1bitcoins.com\/it\/crypto\/"},{"@type":"ListItem","position":3,"name":"Come Comprare Bitcoin (BTC)","item":"https:\/\/allin1bitcoins.com\/it\/crypto\/bitcoin\/"},{"@type":"ListItem","position":4,"name":"Come Acquistare Bitcoin (BTC) In Norvegia"}]},{"@type":"WebSite","@id":"https:\/\/allin1bitcoins.com\/it\/#website","url":"https:\/\/allin1bitcoins.com\/it\/","name":"Allin1Bitcoins","description":"","publisher":{"@id":"https:\/\/allin1bitcoins.com\/it\/#organization"},"potentialAction":[{"@type":"SearchAction","target":{"@type":"EntryPoint","urlTemplate":"https:\/\/allin1bitcoins.com\/it\/?s={search_term_string}"},"query-input":"required name=search_term_string"}],"inLanguage":"it"},{"@type":"Organization","@id":"https:\/\/allin1bitcoins.com\/it\/#organization","name":"allin1bitcoins","url":"https:\/\/allin1bitcoins.com\/it\/","logo":{"@type":"ImageObject","inLanguage":"it","@id":"https:\/\/allin1bitcoins.com\/it\/#\/schema\/logo\/image\/","url":"https:\/\/allin1bitcoins.com\/wp-content\/uploads\/2019\/01\/logo-new.png","contentUrl":"https:\/\/allin1bitcoins.com\/wp-content\/uploads\/2019\/01\/logo-new.png","width":178,"height":71,"caption":"allin1bitcoins"},"image":{"@id":"https:\/\/allin1bitcoins.com\/it\/#\/schema\/logo\/image\/"}}]}},"_links":{"self":[{"href":"https:\/\/allin1bitcoins.com\/it\/wp-json\/wp\/v2\/pages\/22556"}],"collection":[{"href":"https:\/\/allin1bitcoins.com\/it\/wp-json\/wp\/v2\/pages"}],"about":[{"href":"https:\/\/allin1bitcoins.com\/it\/wp-json\/wp\/v2\/types\/page"}],"author":[{"embeddable":true,"href":"https:\/\/allin1bitcoins.com\/it\/wp-json\/wp\/v2\/users\/3"}],"replies":[{"embeddable":true,"href":"https:\/\/allin1bitcoins.com\/it\/wp-json\/wp\/v2\/comments?post=22556"}],"version-history":[{"count":1,"href":"https:\/\/allin1bitcoins.com\/it\/wp-json\/wp\/v2\/pages\/22556\/revisions"}],"predecessor-version":[{"id":22561,"href":"https:\/\/allin1bitcoins.com\/it\/wp-json\/wp\/v2\/pages\/22556\/revisions\/22561"}],"up":[{"embeddable":true,"href":"https:\/\/allin1bitcoins.com\/it\/wp-json\/wp\/v2\/pages\/22382"}],"wp:featuredmedia":[{"embeddable":true,"href":"https:\/\/allin1bitcoins.com\/it\/wp-json\/wp\/v2\/media\/13742"}],"wp:attachment":[{"href":"https:\/\/allin1bitcoins.com\/it\/wp-json\/wp\/v2\/media?parent=22556"}],"curies":[{"name":"wp","href":"https:\/\/api.w.org\/{rel}","templated":true}]}}