{"id":22620,"date":"2023-03-05T17:21:11","date_gmt":"2023-03-05T17:21:11","guid":{"rendered":"https:\/\/allin1bitcoins.com\/?page_id=22620"},"modified":"2023-03-05T17:21:14","modified_gmt":"2023-03-05T17:21:14","slug":"debit-card","status":"publish","type":"page","link":"https:\/\/allin1bitcoins.com\/it\/crypto\/gala\/debit-card\/","title":{"rendered":"Come Acquistare Gala Coin (GALA) Con Carta Di Debito"},"content":{"rendered":"\n<h2 class=\"wp-block-heading\">\u00c8 possibile acquistare Gala Coin utilizzando una carta di debito.<\/h2>\n\n\n\n<p>Trova un exchange di criptovalute che ti consenta di acquistare Gala Coin e accetti pagamenti con carta di debito. Crea un account sull&#8217;exchange, quindi segui i passaggi di verifica dell&#8217;identit\u00e0 richiesti. Collega il tuo account e la carta di debito. Scegli Gala Coin come criptovaluta che desideri acquistare, quindi inserisci l&#8217;importo di acquisto desiderato. Verifica i dettagli della tua transazione, quindi utilizza la carta di debito per completare la transazione.<\/p>\n\n\n\n<h2 class=\"wp-block-heading\">Riassunto di Gala Coin<\/h2>\n\n\n\n<p>Una criptovaluta chiamata Gala Coin \u00e8 stata sviluppata per essere utilizzata come mezzo di scambio sulla rete di gioco e intrattenimento decentralizzata Gala Network. Con la Gala Network, i giocatori e i produttori di contenuti avranno accesso a un ambiente decentralizzato e aperto che migliorer\u00e0 la sicurezza e l&#8217;efficacia delle loro interazioni.<\/p>\n\n\n\n<p>Gala Coin \u00e8 costruita sulla blockchain Ethereum e utilizza i contratti intelligenti per accelerare gli scambi e le comunicazioni tra gli utenti. La criptovaluta \u00e8 destinata ad avere costi di transazione minimi, alta throughput e essere veloce, sicura e scalabile.<\/p>\n\n\n\n<h2 class=\"wp-block-heading\">Perch\u00e9 utilizzare una carta di debito per l&#8217;acquisto di Gala Coin<\/h2>\n\n\n\n<p><strong>Ci sono vari fattori da considerare prima di utilizzare una carta di debito per acquistare Gala Coin:<\/strong><\/p>\n\n\n\n<ul><li><strong>Convenienza: <\/strong>utilizzare una carta di debito per acquistare Gala Coin \u00e8 altrettanto semplice e conveniente come utilizzare una carta di credito per effettuare acquisti online. Senza dover configurare un nuovo metodo di pagamento o trasferire denaro da un conto bancario, \u00e8 possibile acquistare qualcosa in modo rapido e conveniente.<br><br><\/li><li><strong>Sicurezza: <\/strong>quando si confronta con l&#8217;utilizzo di una carta di credito per acquistare Gala Coin, l&#8217;utilizzo di una carta di debito pu\u00f2 aggiungere un ulteriore livello di protezione. Invece di prendere in prestito denaro da un prestatore, utilizzando una carta di debito \u00e8 possibile accedere a fondi gi\u00e0 presenti nel proprio conto bancario. I rischi di frode e furto di identit\u00e0 possono quindi essere ridotti.<br><br><\/li><li><strong>Anonimato:<\/strong> poich\u00e9 la transazione non \u00e8 collegata alla propria carta di credito o al proprio conto bancario, l&#8217;acquisto di Gala Coin con una carta di debito consente di mantenere parte della propria privacy. Se si valorizza la privacy e si desidera mantenere gli acquisti di bitcoin separati dalle proprie informazioni finanziarie personali, questo pu\u00f2 essere vantaggioso.<\/li><\/ul>\n\n\n\n<figure class=\"wp-block-embed is-type-video is-provider-youtube wp-block-embed-youtube wp-embed-aspect-16-9 wp-has-aspect-ratio\"><div class=\"wp-block-embed__wrapper\">\n<iframe title=\"GALA Games Coin Price News Today - Technical Analysis Update, Elliott Wave Forecast!\" width=\"800\" height=\"450\" src=\"https:\/\/www.youtube.com\/embed\/KiI11HV-sCw?feature=oembed\" frameborder=\"0\" allow=\"accelerometer; autoplay; clipboard-write; encrypted-media; gyroscope; picture-in-picture; web-share\" allowfullscreen><\/iframe>\n<\/div><\/figure>\n\n\n\n<h2 class=\"wp-block-heading\">Come acquistare Gala Coin con una carta di debito in dettaglio.<\/h2>\n\n\n\n<p><strong>Le seguenti istruzioni ti mostreranno come acquistare Gala Coin con una carta di debito:<\/strong><\/p>\n\n\n\n<ol><li>Trova un exchange di criptovalute che ti consenta di acquistare Gala Coin e accetti pagamenti con carta di debito. Exchange popolari come Coinbase, Binance e Kraken soddisfano questa descrizione.<br><br><\/li><li>Crea un account sull&#8217;exchange, quindi segui i passaggi di verifica dell&#8217;identit\u00e0 richiesti. Potrebbe essere necessario caricare un&#8217;identit\u00e0 del governo e una prova.<br><br><\/li><li>Collega il tuo account e la carta di debito. Di solito, devi fornire le informazioni della tua carta e confermarle con una piccola commissione o deposito.<br><br><\/li><li>Scegli Gala Coin come criptovaluta che vuoi acquisire, poi inserisci l&#8217;importo desiderato per l&#8217;acquisto. Potrebbe essere necessario scegliere anche la valuta che vuoi usare per l&#8217;acquisto e il tuo metodo di pagamento preferito (carta di debito), ad esempio dollari statunitensi.<br><br><\/li><li>Verifica i dettagli della transazione, poi utilizza la tua carta di debito per completare l&#8217;acquisto. Ti verranno richieste le informazioni della tua carta di debito, inclusi il numero, la data di scadenza e il codice di sicurezza.<br><br><\/li><li>Dopo la transazione, Gala Coin verr\u00e0 aggiunto al tuo account di scambio. La criptovaluta sar\u00e0 quindi tua da tenere, scambiare con altri asset o prelevare in un portafoglio personale.<\/li><\/ol>\n\n\n\n<h2 class=\"wp-block-heading\">Svantaggi nell&#8217;utilizzare una carta di debito per acquistare Gala Coin<\/h2>\n\n\n\n<p><strong>Acquistare Gala Coin con una carta di debito ha alcuni svantaggi da considerare:<\/strong><\/p>\n\n\n\n<ul><li><strong>Commissioni: <\/strong>alcune borse applicano commissioni per gli acquisti con carta di debito, il che potrebbe aumentare il costo finale del tuo acquisto. Per trovare l&#8217;exchange pi\u00f9 conveniente, \u00e8 necessario confrontare le commissioni che ogni exchange addebita.<br><br><\/li><li><strong>Limitazioni: <\/strong>alcune borse potrebbero limitare la quantit\u00e0 di Gala Coin che puoi acquistare con una carta di debito, specialmente se sei un nuovo utente o non hai completato le procedure di verifica dell&#8217;identit\u00e0 richieste.<br><br><\/li><li><strong>Rischio di frode: <\/strong>l&#8217;utilizzo di una carta di debito per acquistare Gala Coin comporta lo stesso livello di rischio di qualsiasi altra transazione online. Utilizza solo exchange affidabili e prendi precauzioni per proteggere i tuoi dati personali e finanziari, ad esempio attivando l&#8217;autenticazione a due fattori e connettendoti tramite una connessione internet sicura.<\/li><\/ul>\n\n\n\n<h2 class=\"wp-block-heading\">Conclusione<\/h2>\n\n\n\n<p>Gala Coin pu\u00f2 essere acquistato con una carta di debito in modo semplice e sicuro. Puoi facilmente e con fiducia aggiungere Gala Coin al tuo portafoglio seguendo le procedure indicate sopra e conoscendo eventuali svantaggi potenziali. Prima di effettuare qualsiasi acquisto, \u00e8 fondamentale condurre la propria ricerca e comprendere i rischi associati agli investimenti in criptovalute.<\/p>\n\n\n\n<!-- Page-list plugin v.5.9 wordpress.org\/plugins\/page-list\/ -->\n<ul class=\"page-list siblings-page-list \">\n<li class=\"page_item page-item-22858\"><a href=\"https:\/\/allin1bitcoins.com\/it\/crypto\/gala\/paypal\/\">Come Acquistare Gala (GALA) Con Paypal<\/a><\/li>\n<li class=\"page_item page-item-22639\"><a href=\"https:\/\/allin1bitcoins.com\/it\/crypto\/gala\/apple-pay\/\">Come Acquistare Gala Coin (GALA) Con Apple Pay<\/a><\/li>\n<li class=\"page_item page-item-22602\"><a href=\"https:\/\/allin1bitcoins.com\/it\/crypto\/gala\/credit-card\/\">Come Acquistare Gala Coin (GALA) Con Carta Di Credito<\/a><\/li>\n<li class=\"page_item page-item-22620\"><a href=\"https:\/\/allin1bitcoins.com\/it\/crypto\/gala\/debit-card\/\">Come Acquistare Gala Coin (GALA) Con Carta Di Debito<\/a><\/li>\n<li class=\"page_item page-item-22711\"><a href=\"https:\/\/allin1bitcoins.com\/it\/crypto\/gala\/crypto-anonymously\/\">Come Acquistare Gala Coin (GALA) Con criptovalute In Modo Anonimo<\/a><\/li>\n<li class=\"page_item page-item-22661\"><a href=\"https:\/\/allin1bitcoins.com\/it\/crypto\/gala\/google-pay\/\">Come Acquistare Gala Coin (GALA) Con Google Pay<\/a><\/li>\n<li class=\"page_item page-item-22670\"><a href=\"https:\/\/allin1bitcoins.com\/it\/crypto\/gala\/neteller\/\">Come Acquistare Gala Coin (GALA) Con Neteller<\/a><\/li>\n<li class=\"page_item page-item-22680\"><a href=\"https:\/\/allin1bitcoins.com\/it\/crypto\/gala\/paysafecard\/\">Come Acquistare Gala Coin (GALA) Con Paysafecard<\/a><\/li>\n<li class=\"page_item page-item-22690\"><a href=\"https:\/\/allin1bitcoins.com\/it\/crypto\/gala\/skrill\/\">Come Acquistare Gala Coin (GALA) Con Skrill<\/a><\/li>\n<li class=\"page_item page-item-22699\"><a href=\"https:\/\/allin1bitcoins.com\/it\/crypto\/gala\/venmo\/\">Come Acquistare Gala Coin (GALA) Con Venmo<\/a><\/li>\n<li class=\"page_item page-item-22757\"><a href=\"https:\/\/allin1bitcoins.com\/it\/crypto\/gala\/australia\/\">Come Acquistare Gala Coin (GALA) In Australia<\/a><\/li>\n<li class=\"page_item page-item-22731\"><a href=\"https:\/\/allin1bitcoins.com\/it\/crypto\/gala\/canada\/\">Come Acquistare Gala Coin (GALA) In Canada<\/a><\/li>\n<li class=\"page_item page-item-22761\"><a href=\"https:\/\/allin1bitcoins.com\/it\/crypto\/gala\/finland\/\">Come Acquistare Gala Coin (GALA) In Finlandia<\/a><\/li>\n<li class=\"page_item page-item-22772\"><a href=\"https:\/\/allin1bitcoins.com\/it\/crypto\/gala\/france\/\">Come Acquistare Gala Coin (GALA) In Francia<\/a><\/li>\n<li class=\"page_item page-item-22790\"><a href=\"https:\/\/allin1bitcoins.com\/it\/crypto\/gala\/ireland\/\">Come Acquistare Gala Coin (GALA) In Irlanda<\/a><\/li>\n<li class=\"page_item page-item-22800\"><a href=\"https:\/\/allin1bitcoins.com\/it\/crypto\/gala\/luxembourg\/\">Come Acquistare Gala Coin (GALA) In Lussemburgo<\/a><\/li>\n<li class=\"page_item page-item-22842\"><a href=\"https:\/\/allin1bitcoins.com\/it\/crypto\/gala\/norway\/\">Come Acquistare Gala Coin (GALA) In Norvegia<\/a><\/li>\n<li class=\"page_item page-item-22810\"><a href=\"https:\/\/allin1bitcoins.com\/it\/crypto\/gala\/new-zealand\/\">Come Acquistare Gala Coin (GALA) In Nuova Zelanda<\/a><\/li>\n<li class=\"page_item page-item-22830\"><a href=\"https:\/\/allin1bitcoins.com\/it\/crypto\/gala\/sweden\/\">Come Acquistare Gala Coin (GALA) In Svezia<\/a><\/li>\n<li class=\"page_item page-item-22741\"><a href=\"https:\/\/allin1bitcoins.com\/it\/crypto\/gala\/the-netherlands\/\">Come Acquistare Gala Coin (GALA) Nei Paesi Bassi<\/a><\/li>\n<li class=\"page_item page-item-22721\"><a href=\"https:\/\/allin1bitcoins.com\/it\/crypto\/gala\/united-kingdom\/\">Come Acquistare Gala Coin (GALA) Nel Regno Unito<\/a><\/li>\n<li class=\"page_item page-item-22630\"><a href=\"https:\/\/allin1bitcoins.com\/it\/crypto\/gala\/american-express\/\">Come Acquistare La Moneta Gala (GALA) Con American Express<\/a><\/li>\n<li class=\"page_item page-item-22781\"><a href=\"https:\/\/allin1bitcoins.com\/it\/crypto\/gala\/germany\/\">Come Acquistare La Moneta Gala (GALA) In Germania<\/a><\/li>\n<li class=\"page_item page-item-22648\"><a href=\"https:\/\/allin1bitcoins.com\/it\/crypto\/gala\/bank-account\/\">Come Comprare Gala Coin (GALA) Con Un Conto Bancario<\/a><\/li>\n\n<\/ul>\n","protected":false},"excerpt":{"rendered":"<p>\u00c8 possibile acquistare Gala Coin utilizzando una carta di debito. Trova un exchange di criptovalute che ti consenta di acquistare Gala Coin e accetti pagamenti con carta di debito. Crea un account sull&#8217;exchange, quindi segui i passaggi di verifica dell&#8217;identit\u00e0 richiesti. Collega il tuo account e la carta di debito. Scegli Gala Coin come criptovaluta&#8230;<\/p>\n","protected":false},"author":3,"featured_media":12322,"parent":22591,"menu_order":0,"comment_status":"closed","ping_status":"closed","template":"","meta":{"cybocfi_hide_featured_image":"","footnotes":""},"acf":[],"yoast_head":"<!-- This site is optimized with the Yoast SEO plugin v21.7 - https:\/\/yoast.com\/wordpress\/plugins\/seo\/ -->\n<title>Come Acquistare Gala Coin (GALA) Con Carta Di Debito<\/title>\n<meta name=\"description\" content=\"Vuoi acquistare Gala Coin con carta di debito? Assicurati di seguire questi incredibili consigli per acquistare Gala Coin con carta di debito.\" \/>\n<meta name=\"robots\" content=\"index, follow, max-snippet:-1, max-image-preview:large, max-video-preview:-1\" \/>\n<link rel=\"canonical\" href=\"https:\/\/allin1bitcoins.com\/it\/crypto\/gala\/debit-card\/\" \/>\n<meta property=\"og:locale\" content=\"it_IT\" \/>\n<meta property=\"og:type\" content=\"article\" \/>\n<meta property=\"og:title\" content=\"Come Acquistare Gala Coin (GALA) Con Carta Di Debito\" \/>\n<meta property=\"og:description\" content=\"Vuoi acquistare Gala Coin con carta di debito? Assicurati di seguire questi incredibili consigli per acquistare Gala Coin con carta di debito.\" \/>\n<meta property=\"og:url\" content=\"https:\/\/allin1bitcoins.com\/it\/crypto\/gala\/debit-card\/\" \/>\n<meta property=\"og:site_name\" content=\"Allin1Bitcoins\" \/>\n<meta property=\"article:modified_time\" content=\"2023-03-05T17:21:14+00:00\" \/>\n<meta property=\"og:image\" content=\"https:\/\/allin1bitcoins.com\/wp-content\/uploads\/2022\/12\/cardmapr-nl-9fByQORuvqM-unsplash-1.jpg\" \/>\n\t<meta property=\"og:image:width\" content=\"1920\" \/>\n\t<meta property=\"og:image:height\" content=\"1282\" \/>\n\t<meta property=\"og:image:type\" content=\"image\/jpeg\" \/>\n<meta name=\"twitter:card\" content=\"summary_large_image\" \/>\n<meta name=\"twitter:label1\" content=\"Est. reading time\" \/>\n\t<meta name=\"twitter:data1\" content=\"4 minutes\" \/>\n<!-- \/ Yoast SEO plugin. -->","yoast_head_json":{"title":"Come Acquistare Gala Coin (GALA) Con Carta Di Debito","description":"Vuoi acquistare Gala Coin con carta di debito? Assicurati di seguire questi incredibili consigli per acquistare Gala Coin con carta di debito.","robots":{"index":"index","follow":"follow","max-snippet":"max-snippet:-1","max-image-preview":"max-image-preview:large","max-video-preview":"max-video-preview:-1"},"canonical":"https:\/\/allin1bitcoins.com\/it\/crypto\/gala\/debit-card\/","og_locale":"it_IT","og_type":"article","og_title":"Come Acquistare Gala Coin (GALA) Con Carta Di Debito","og_description":"Vuoi acquistare Gala Coin con carta di debito? Assicurati di seguire questi incredibili consigli per acquistare Gala Coin con carta di debito.","og_url":"https:\/\/allin1bitcoins.com\/it\/crypto\/gala\/debit-card\/","og_site_name":"Allin1Bitcoins","article_modified_time":"2023-03-05T17:21:14+00:00","og_image":[{"width":1920,"height":1282,"url":"https:\/\/allin1bitcoins.com\/wp-content\/uploads\/2022\/12\/cardmapr-nl-9fByQORuvqM-unsplash-1.jpg","type":"image\/jpeg"}],"twitter_card":"summary_large_image","twitter_misc":{"Est. reading time":"4 minutes"},"schema":{"@context":"https:\/\/schema.org","@graph":[{"@type":"WebPage","@id":"https:\/\/allin1bitcoins.com\/it\/crypto\/gala\/debit-card\/","url":"https:\/\/allin1bitcoins.com\/it\/crypto\/gala\/debit-card\/","name":"Come Acquistare Gala Coin (GALA) Con Carta Di Debito","isPartOf":{"@id":"https:\/\/allin1bitcoins.com\/it\/#website"},"datePublished":"2023-03-05T17:21:11+00:00","dateModified":"2023-03-05T17:21:14+00:00","description":"Vuoi acquistare Gala Coin con carta di debito? Assicurati di seguire questi incredibili consigli per acquistare Gala Coin con carta di debito.","breadcrumb":{"@id":"https:\/\/allin1bitcoins.com\/it\/crypto\/gala\/debit-card\/#breadcrumb"},"inLanguage":"it","potentialAction":[{"@type":"ReadAction","target":["https:\/\/allin1bitcoins.com\/it\/crypto\/gala\/debit-card\/"]}]},{"@type":"BreadcrumbList","@id":"https:\/\/allin1bitcoins.com\/it\/crypto\/gala\/debit-card\/#breadcrumb","itemListElement":[{"@type":"ListItem","position":1,"name":"Home","item":"https:\/\/allin1bitcoins.com\/it\/"},{"@type":"ListItem","position":2,"name":"Crypto","item":"https:\/\/allin1bitcoins.com\/it\/crypto\/"},{"@type":"ListItem","position":3,"name":"Come Acquistare Gala (GALA) &#8211; Guida Passo Passo 2023","item":"https:\/\/allin1bitcoins.com\/it\/crypto\/gala\/"},{"@type":"ListItem","position":4,"name":"Come Acquistare Gala Coin (GALA) Con Carta Di Debito"}]},{"@type":"WebSite","@id":"https:\/\/allin1bitcoins.com\/it\/#website","url":"https:\/\/allin1bitcoins.com\/it\/","name":"Allin1Bitcoins","description":"","publisher":{"@id":"https:\/\/allin1bitcoins.com\/it\/#organization"},"potentialAction":[{"@type":"SearchAction","target":{"@type":"EntryPoint","urlTemplate":"https:\/\/allin1bitcoins.com\/it\/?s={search_term_string}"},"query-input":"required name=search_term_string"}],"inLanguage":"it"},{"@type":"Organization","@id":"https:\/\/allin1bitcoins.com\/it\/#organization","name":"allin1bitcoins","url":"https:\/\/allin1bitcoins.com\/it\/","logo":{"@type":"ImageObject","inLanguage":"it","@id":"https:\/\/allin1bitcoins.com\/it\/#\/schema\/logo\/image\/","url":"https:\/\/allin1bitcoins.com\/wp-content\/uploads\/2019\/01\/logo-new.png","contentUrl":"https:\/\/allin1bitcoins.com\/wp-content\/uploads\/2019\/01\/logo-new.png","width":178,"height":71,"caption":"allin1bitcoins"},"image":{"@id":"https:\/\/allin1bitcoins.com\/it\/#\/schema\/logo\/image\/"}}]}},"_links":{"self":[{"href":"https:\/\/allin1bitcoins.com\/it\/wp-json\/wp\/v2\/pages\/22620"}],"collection":[{"href":"https:\/\/allin1bitcoins.com\/it\/wp-json\/wp\/v2\/pages"}],"about":[{"href":"https:\/\/allin1bitcoins.com\/it\/wp-json\/wp\/v2\/types\/page"}],"author":[{"embeddable":true,"href":"https:\/\/allin1bitcoins.com\/it\/wp-json\/wp\/v2\/users\/3"}],"replies":[{"embeddable":true,"href":"https:\/\/allin1bitcoins.com\/it\/wp-json\/wp\/v2\/comments?post=22620"}],"version-history":[{"count":1,"href":"https:\/\/allin1bitcoins.com\/it\/wp-json\/wp\/v2\/pages\/22620\/revisions"}],"predecessor-version":[{"id":22624,"href":"https:\/\/allin1bitcoins.com\/it\/wp-json\/wp\/v2\/pages\/22620\/revisions\/22624"}],"up":[{"embeddable":true,"href":"https:\/\/allin1bitcoins.com\/it\/wp-json\/wp\/v2\/pages\/22591"}],"wp:featuredmedia":[{"embeddable":true,"href":"https:\/\/allin1bitcoins.com\/it\/wp-json\/wp\/v2\/media\/12322"}],"wp:attachment":[{"href":"https:\/\/allin1bitcoins.com\/it\/wp-json\/wp\/v2\/media?parent=22620"}],"curies":[{"name":"wp","href":"https:\/\/api.w.org\/{rel}","templated":true}]}}