{"id":22630,"date":"2023-03-05T17:42:38","date_gmt":"2023-03-05T17:42:38","guid":{"rendered":"https:\/\/allin1bitcoins.com\/?page_id=22630"},"modified":"2023-03-05T17:42:41","modified_gmt":"2023-03-05T17:42:41","slug":"american-express","status":"publish","type":"page","link":"https:\/\/allin1bitcoins.com\/it\/crypto\/gala\/american-express\/","title":{"rendered":"Come Acquistare La Moneta Gala (GALA) Con American Express"},"content":{"rendered":"\n<h2 class=\"wp-block-heading\">Puoi acquistare Gala Coin utilizzando American Express.<\/h2>\n\n\n\n<p>Prima di poter acquistare Gala Coin con American Express, \u00e8 necessario trovare uno scambio di criptovalute che accetti questa carta di credito. Una volta trovato uno scambio affidabile, \u00e8 possibile aprire un account e utilizzare la carta American Express per acquistare Gala Coin seguendo le istruzioni dello scambio.<\/p>\n\n\n\n<h2 class=\"wp-block-heading\">Panoramica di Gala Coin<\/h2>\n\n\n\n<p>Sviluppata nel 2017 come componente della Gala Network, una piattaforma decentralizzata per lo sviluppo e il deployment di app decentralizzate, Gala Coin \u00e8 un asset digitale (DApps). Gala Coin pu\u00f2 essere scambiata su scambi di criptovalute ed \u00e8 utilizzata per alimentare le transazioni sulla rete Gala.<\/p>\n\n\n\n<h2 class=\"wp-block-heading\">Perch\u00e9 pagare con American Express per l&#8217;acquisto di Gala Coin:<\/h2>\n\n\n\n<p>Ci sono diversi fattori da considerare prima di utilizzare una carta American Express per acquistare Gala Coin. Un motivo \u00e8 che American Express \u00e8 un fornitore di carte di credito affidabile e ben noto, quindi potresti sentirsi pi\u00f9 a tuo agio ad usarla per acquistare criptovalute. Utilizzare una carta di credito per acquistare Gala Coin pu\u00f2 anche fornirti protezioni aggiuntive, come ad esempio la possibilit\u00e0 di contestare le spese se qualcosa va storto durante la transazione.<\/p>\n\n\n\n<h2 class=\"wp-block-heading\">Come acquistare Gala Coin con American Express, passo dopo passo:<\/h2>\n\n\n\n<ol><li><strong>Seleziona uno scambio di criptovalute che accetti American Express:<\/strong> Ci sono alcuni scambi in cui puoi utilizzare la tua carta American Express per acquistare Gala Coin, ma \u00e8 fondamentale fare le ricerche per trovare uno con una forte reputazione e un track record comprovato. Scambi popolari come Binance, Kraken e Coinbase accettano tutti American Express.<br><br><\/li><li><strong>Crea un account: <\/strong>Una volta trovato uno scambio affidabile, \u00e8 necessario creare un account fornendo alcuni dati personali di base, tra cui nome, indirizzo email e numero di telefono. Potrebbe anche essere richiesta una copia del documento d&#8217;identit\u00e0 rilasciato dal governo per provare la tua identit\u00e0. Dopo aver creato il tuo account, devi aggiungere la tua carta American Express come opzione di pagamento. \u00c8 richiesta l&#8217;informazione della tua carta, tra cui il numero, la data di scadenza e il codice di sicurezza.<br><br><\/li><li><strong>Effettua l&#8217;acquisto:<\/strong> puoi ordinare Gala Coin una volta che la tua carta American Express \u00e8 stata aggiunta. Per effettuare la transazione, basta selezionare quanti Gala Coin desideri acquistare e seguire le istruzioni dell&#8217;exchange.<\/li><\/ol>\n\n\n\n<figure class=\"wp-block-embed is-type-video is-provider-youtube wp-block-embed-youtube wp-embed-aspect-16-9 wp-has-aspect-ratio\"><div class=\"wp-block-embed__wrapper\">\n<iframe title=\"How to Buy USDT &amp; other Crypto from Binance from  credit Debit Master and Visa Card Amex Payoneer\" width=\"800\" height=\"450\" src=\"https:\/\/www.youtube.com\/embed\/TodDqg1co_w?feature=oembed\" frameborder=\"0\" allow=\"accelerometer; autoplay; clipboard-write; encrypted-media; gyroscope; picture-in-picture; web-share\" allowfullscreen><\/iframe>\n<\/div><\/figure>\n\n\n\n<h2 class=\"wp-block-heading\">Svantaggi del pagamento con American Express durante l&#8217;acquisto di Gala Coin<\/h2>\n\n\n\n<p>L&#8217;utilizzo di una carta American Express per acquistare Gala Coin ha diversi possibili svantaggi. In primo luogo, rispetto ad alternative di pagamento come i bonifici bancari, l&#8217;utilizzo di una carta di credito pu\u00f2 comportare costi di transazione pi\u00f9 elevati presso gli exchange di Bitcoin che accettano American Express.<\/p>\n\n\n\n<p>Inoltre, il pagamento di Gala Coin con una carta di credito potrebbe comportare costi elevati di anticipo contante. Infine, \u00e8 importante tenere presente che l&#8217;acquisto di criptovalute comporta rischi intrinseci, tra cui la possibilit\u00e0 di perdere il proprio investimento a causa della volatilit\u00e0 del mercato o della frode.<\/p>\n\n\n\n<h2 class=\"wp-block-heading\">Conclusione<\/h2>\n\n\n\n<p>In conclusione, l&#8217;utilizzo di una carta American Express per acquistare Gala Coin \u00e8 un processo abbastanza semplice, ma \u00e8 fondamentale fare i compiti a casa e comprendere eventuali rischi e penalit\u00e0 potenziali. Puoi aggiungere rapidamente Gala Coin al tuo portafoglio individuando uno scambio affidabile, aggiungendo la tua carta American Express come opzione di pagamento e inserendo un ordine per acquistare Gala Coin. Prima di entrare nel mondo delle criptovalute, \u00e8 sempre una buona idea valutare attentamente i tuoi obiettivi di investimento e la tua tolleranza al rischio.<\/p>\n\n\n\n<!-- Page-list plugin v.5.9 wordpress.org\/plugins\/page-list\/ -->\n<ul class=\"page-list siblings-page-list \">\n<li class=\"page_item page-item-22858\"><a href=\"https:\/\/allin1bitcoins.com\/it\/crypto\/gala\/paypal\/\">Come Acquistare Gala (GALA) Con Paypal<\/a><\/li>\n<li class=\"page_item page-item-22639\"><a href=\"https:\/\/allin1bitcoins.com\/it\/crypto\/gala\/apple-pay\/\">Come Acquistare Gala Coin (GALA) Con Apple Pay<\/a><\/li>\n<li class=\"page_item page-item-22602\"><a href=\"https:\/\/allin1bitcoins.com\/it\/crypto\/gala\/credit-card\/\">Come Acquistare Gala Coin (GALA) Con Carta Di Credito<\/a><\/li>\n<li class=\"page_item page-item-22620\"><a href=\"https:\/\/allin1bitcoins.com\/it\/crypto\/gala\/debit-card\/\">Come Acquistare Gala Coin (GALA) Con Carta Di Debito<\/a><\/li>\n<li class=\"page_item page-item-22711\"><a href=\"https:\/\/allin1bitcoins.com\/it\/crypto\/gala\/crypto-anonymously\/\">Come Acquistare Gala Coin (GALA) Con criptovalute In Modo Anonimo<\/a><\/li>\n<li class=\"page_item page-item-22661\"><a href=\"https:\/\/allin1bitcoins.com\/it\/crypto\/gala\/google-pay\/\">Come Acquistare Gala Coin (GALA) Con Google Pay<\/a><\/li>\n<li class=\"page_item page-item-22670\"><a href=\"https:\/\/allin1bitcoins.com\/it\/crypto\/gala\/neteller\/\">Come Acquistare Gala Coin (GALA) Con Neteller<\/a><\/li>\n<li class=\"page_item page-item-22680\"><a href=\"https:\/\/allin1bitcoins.com\/it\/crypto\/gala\/paysafecard\/\">Come Acquistare Gala Coin (GALA) Con Paysafecard<\/a><\/li>\n<li class=\"page_item page-item-22690\"><a href=\"https:\/\/allin1bitcoins.com\/it\/crypto\/gala\/skrill\/\">Come Acquistare Gala Coin (GALA) Con Skrill<\/a><\/li>\n<li class=\"page_item page-item-22699\"><a href=\"https:\/\/allin1bitcoins.com\/it\/crypto\/gala\/venmo\/\">Come Acquistare Gala Coin (GALA) Con Venmo<\/a><\/li>\n<li class=\"page_item page-item-22757\"><a href=\"https:\/\/allin1bitcoins.com\/it\/crypto\/gala\/australia\/\">Come Acquistare Gala Coin (GALA) In Australia<\/a><\/li>\n<li class=\"page_item page-item-22731\"><a href=\"https:\/\/allin1bitcoins.com\/it\/crypto\/gala\/canada\/\">Come Acquistare Gala Coin (GALA) In Canada<\/a><\/li>\n<li class=\"page_item page-item-22761\"><a href=\"https:\/\/allin1bitcoins.com\/it\/crypto\/gala\/finland\/\">Come Acquistare Gala Coin (GALA) In Finlandia<\/a><\/li>\n<li class=\"page_item page-item-22772\"><a href=\"https:\/\/allin1bitcoins.com\/it\/crypto\/gala\/france\/\">Come Acquistare Gala Coin (GALA) In Francia<\/a><\/li>\n<li class=\"page_item page-item-22790\"><a href=\"https:\/\/allin1bitcoins.com\/it\/crypto\/gala\/ireland\/\">Come Acquistare Gala Coin (GALA) In Irlanda<\/a><\/li>\n<li class=\"page_item page-item-22800\"><a href=\"https:\/\/allin1bitcoins.com\/it\/crypto\/gala\/luxembourg\/\">Come Acquistare Gala Coin (GALA) In Lussemburgo<\/a><\/li>\n<li class=\"page_item page-item-22842\"><a href=\"https:\/\/allin1bitcoins.com\/it\/crypto\/gala\/norway\/\">Come Acquistare Gala Coin (GALA) In Norvegia<\/a><\/li>\n<li class=\"page_item page-item-22810\"><a href=\"https:\/\/allin1bitcoins.com\/it\/crypto\/gala\/new-zealand\/\">Come Acquistare Gala Coin (GALA) In Nuova Zelanda<\/a><\/li>\n<li class=\"page_item page-item-22830\"><a href=\"https:\/\/allin1bitcoins.com\/it\/crypto\/gala\/sweden\/\">Come Acquistare Gala Coin (GALA) In Svezia<\/a><\/li>\n<li class=\"page_item page-item-22741\"><a href=\"https:\/\/allin1bitcoins.com\/it\/crypto\/gala\/the-netherlands\/\">Come Acquistare Gala Coin (GALA) Nei Paesi Bassi<\/a><\/li>\n<li class=\"page_item page-item-22721\"><a href=\"https:\/\/allin1bitcoins.com\/it\/crypto\/gala\/united-kingdom\/\">Come Acquistare Gala Coin (GALA) Nel Regno Unito<\/a><\/li>\n<li class=\"page_item page-item-22630\"><a href=\"https:\/\/allin1bitcoins.com\/it\/crypto\/gala\/american-express\/\">Come Acquistare La Moneta Gala (GALA) Con American Express<\/a><\/li>\n<li class=\"page_item page-item-22781\"><a href=\"https:\/\/allin1bitcoins.com\/it\/crypto\/gala\/germany\/\">Come Acquistare La Moneta Gala (GALA) In Germania<\/a><\/li>\n<li class=\"page_item page-item-22648\"><a href=\"https:\/\/allin1bitcoins.com\/it\/crypto\/gala\/bank-account\/\">Come Comprare Gala Coin (GALA) Con Un Conto Bancario<\/a><\/li>\n\n<\/ul>\n","protected":false},"excerpt":{"rendered":"<p>Puoi acquistare Gala Coin utilizzando American Express. Prima di poter acquistare Gala Coin con American Express, \u00e8 necessario trovare uno scambio di criptovalute che accetti questa carta di credito. Una volta trovato uno scambio affidabile, \u00e8 possibile aprire un account e utilizzare la carta American Express per acquistare Gala Coin seguendo le istruzioni dello scambio&#8230;.<\/p>\n","protected":false},"author":3,"featured_media":13520,"parent":22591,"menu_order":0,"comment_status":"closed","ping_status":"closed","template":"","meta":{"cybocfi_hide_featured_image":"","footnotes":""},"acf":[],"yoast_head":"<!-- This site is optimized with the Yoast SEO plugin v21.7 - https:\/\/yoast.com\/wordpress\/plugins\/seo\/ -->\n<title>Come Acquistare La Moneta Gala (GALA) Con American Express<\/title>\n<meta name=\"description\" content=\"Prima di poter acquistare la moneta Gala con American Express, devi individuare uno scambio di criptovalute che la accetti.\" \/>\n<meta name=\"robots\" content=\"index, follow, max-snippet:-1, max-image-preview:large, max-video-preview:-1\" \/>\n<link rel=\"canonical\" href=\"https:\/\/allin1bitcoins.com\/it\/crypto\/gala\/american-express\/\" \/>\n<meta property=\"og:locale\" content=\"it_IT\" \/>\n<meta property=\"og:type\" content=\"article\" \/>\n<meta property=\"og:title\" content=\"Come Acquistare La Moneta Gala (GALA) Con American Express\" \/>\n<meta property=\"og:description\" content=\"Prima di poter acquistare la moneta Gala con American Express, devi individuare uno scambio di criptovalute che la accetti.\" \/>\n<meta property=\"og:url\" content=\"https:\/\/allin1bitcoins.com\/it\/crypto\/gala\/american-express\/\" \/>\n<meta property=\"og:site_name\" content=\"Allin1Bitcoins\" \/>\n<meta property=\"article:modified_time\" content=\"2023-03-05T17:42:41+00:00\" \/>\n<meta property=\"og:image\" content=\"https:\/\/allin1bitcoins.com\/wp-content\/uploads\/2023\/01\/cardmapr-nl-gPyRGGTqWXk-unsplash-1.jpg\" \/>\n\t<meta property=\"og:image:width\" content=\"1920\" \/>\n\t<meta property=\"og:image:height\" content=\"1282\" \/>\n\t<meta property=\"og:image:type\" content=\"image\/jpeg\" \/>\n<meta name=\"twitter:card\" content=\"summary_large_image\" \/>\n<meta name=\"twitter:label1\" content=\"Est. reading time\" \/>\n\t<meta name=\"twitter:data1\" content=\"3 minutes\" \/>\n<!-- \/ Yoast SEO plugin. -->","yoast_head_json":{"title":"Come Acquistare La Moneta Gala (GALA) Con American Express","description":"Prima di poter acquistare la moneta Gala con American Express, devi individuare uno scambio di criptovalute che la accetti.","robots":{"index":"index","follow":"follow","max-snippet":"max-snippet:-1","max-image-preview":"max-image-preview:large","max-video-preview":"max-video-preview:-1"},"canonical":"https:\/\/allin1bitcoins.com\/it\/crypto\/gala\/american-express\/","og_locale":"it_IT","og_type":"article","og_title":"Come Acquistare La Moneta Gala (GALA) Con American Express","og_description":"Prima di poter acquistare la moneta Gala con American Express, devi individuare uno scambio di criptovalute che la accetti.","og_url":"https:\/\/allin1bitcoins.com\/it\/crypto\/gala\/american-express\/","og_site_name":"Allin1Bitcoins","article_modified_time":"2023-03-05T17:42:41+00:00","og_image":[{"width":1920,"height":1282,"url":"https:\/\/allin1bitcoins.com\/wp-content\/uploads\/2023\/01\/cardmapr-nl-gPyRGGTqWXk-unsplash-1.jpg","type":"image\/jpeg"}],"twitter_card":"summary_large_image","twitter_misc":{"Est. reading time":"3 minutes"},"schema":{"@context":"https:\/\/schema.org","@graph":[{"@type":"WebPage","@id":"https:\/\/allin1bitcoins.com\/it\/crypto\/gala\/american-express\/","url":"https:\/\/allin1bitcoins.com\/it\/crypto\/gala\/american-express\/","name":"Come Acquistare La Moneta Gala (GALA) Con American Express","isPartOf":{"@id":"https:\/\/allin1bitcoins.com\/it\/#website"},"datePublished":"2023-03-05T17:42:38+00:00","dateModified":"2023-03-05T17:42:41+00:00","description":"Prima di poter acquistare la moneta Gala con American Express, devi individuare uno scambio di criptovalute che la accetti.","breadcrumb":{"@id":"https:\/\/allin1bitcoins.com\/it\/crypto\/gala\/american-express\/#breadcrumb"},"inLanguage":"it","potentialAction":[{"@type":"ReadAction","target":["https:\/\/allin1bitcoins.com\/it\/crypto\/gala\/american-express\/"]}]},{"@type":"BreadcrumbList","@id":"https:\/\/allin1bitcoins.com\/it\/crypto\/gala\/american-express\/#breadcrumb","itemListElement":[{"@type":"ListItem","position":1,"name":"Home","item":"https:\/\/allin1bitcoins.com\/it\/"},{"@type":"ListItem","position":2,"name":"Crypto","item":"https:\/\/allin1bitcoins.com\/it\/crypto\/"},{"@type":"ListItem","position":3,"name":"Come Acquistare Gala (GALA) &#8211; Guida Passo Passo 2023","item":"https:\/\/allin1bitcoins.com\/it\/crypto\/gala\/"},{"@type":"ListItem","position":4,"name":"Come Acquistare La Moneta Gala (GALA) Con American Express"}]},{"@type":"WebSite","@id":"https:\/\/allin1bitcoins.com\/it\/#website","url":"https:\/\/allin1bitcoins.com\/it\/","name":"Allin1Bitcoins","description":"","publisher":{"@id":"https:\/\/allin1bitcoins.com\/it\/#organization"},"potentialAction":[{"@type":"SearchAction","target":{"@type":"EntryPoint","urlTemplate":"https:\/\/allin1bitcoins.com\/it\/?s={search_term_string}"},"query-input":"required name=search_term_string"}],"inLanguage":"it"},{"@type":"Organization","@id":"https:\/\/allin1bitcoins.com\/it\/#organization","name":"allin1bitcoins","url":"https:\/\/allin1bitcoins.com\/it\/","logo":{"@type":"ImageObject","inLanguage":"it","@id":"https:\/\/allin1bitcoins.com\/it\/#\/schema\/logo\/image\/","url":"https:\/\/allin1bitcoins.com\/wp-content\/uploads\/2019\/01\/logo-new.png","contentUrl":"https:\/\/allin1bitcoins.com\/wp-content\/uploads\/2019\/01\/logo-new.png","width":178,"height":71,"caption":"allin1bitcoins"},"image":{"@id":"https:\/\/allin1bitcoins.com\/it\/#\/schema\/logo\/image\/"}}]}},"_links":{"self":[{"href":"https:\/\/allin1bitcoins.com\/it\/wp-json\/wp\/v2\/pages\/22630"}],"collection":[{"href":"https:\/\/allin1bitcoins.com\/it\/wp-json\/wp\/v2\/pages"}],"about":[{"href":"https:\/\/allin1bitcoins.com\/it\/wp-json\/wp\/v2\/types\/page"}],"author":[{"embeddable":true,"href":"https:\/\/allin1bitcoins.com\/it\/wp-json\/wp\/v2\/users\/3"}],"replies":[{"embeddable":true,"href":"https:\/\/allin1bitcoins.com\/it\/wp-json\/wp\/v2\/comments?post=22630"}],"version-history":[{"count":1,"href":"https:\/\/allin1bitcoins.com\/it\/wp-json\/wp\/v2\/pages\/22630\/revisions"}],"predecessor-version":[{"id":22634,"href":"https:\/\/allin1bitcoins.com\/it\/wp-json\/wp\/v2\/pages\/22630\/revisions\/22634"}],"up":[{"embeddable":true,"href":"https:\/\/allin1bitcoins.com\/it\/wp-json\/wp\/v2\/pages\/22591"}],"wp:featuredmedia":[{"embeddable":true,"href":"https:\/\/allin1bitcoins.com\/it\/wp-json\/wp\/v2\/media\/13520"}],"wp:attachment":[{"href":"https:\/\/allin1bitcoins.com\/it\/wp-json\/wp\/v2\/media?parent=22630"}],"curies":[{"name":"wp","href":"https:\/\/api.w.org\/{rel}","templated":true}]}}