{"id":22639,"date":"2023-03-05T18:17:24","date_gmt":"2023-03-05T18:17:24","guid":{"rendered":"https:\/\/allin1bitcoins.com\/?page_id=22639"},"modified":"2023-03-05T18:17:27","modified_gmt":"2023-03-05T18:17:27","slug":"apple-pay","status":"publish","type":"page","link":"https:\/\/allin1bitcoins.com\/it\/crypto\/gala\/apple-pay\/","title":{"rendered":"Come Acquistare Gala Coin (GALA) Con Apple Pay"},"content":{"rendered":"\n<h2 class=\"wp-block-heading\">Puoi acquistare Gala Coin con Apple Pay.<\/h2>\n\n\n\n<p>Per acquistare Gala Coin utilizzando Apple Pay devi trovare un exchange di criptovalute che offra Apple Pay come opzione di pagamento. Una volta individuato un exchange affidabile, puoi registrarti per un account e seguire i passaggi per acquistare Gala Coin con Apple Pay.<\/p>\n\n\n\n<h2 class=\"wp-block-heading\">Panoramica di Gala Coin<\/h2>\n\n\n\n<p>Sviluppato nel 2017 come componente della rete Gala, una piattaforma decentralizzata per lo sviluppo e il deployment di app decentralizzate, Gala Coin \u00e8 un asset digitale (DApps). Gala Coin pu\u00f2 essere scambiato su exchange di criptovalute ed \u00e8 utilizzato per alimentare le transazioni sulla rete Gala.<\/p>\n\n\n\n<h2 class=\"wp-block-heading\">Perch\u00e9 dovresti acquistare Gala Coin con Apple Pay:<\/h2>\n\n\n\n<p>Ci sono diverse ragioni per cui l&#8217;acquisto di Gala Coin con Apple Pay potrebbe essere una buona idea. Grazie ad Apple Pay, puoi utilizzare il tuo iPhone, iPad o Apple Watch per effettuare acquisti con un solo tocco o uno sguardo e in modo sicuro e veloce. Inoltre, l&#8217;utilizzo di Apple Pay per acquistare Gala Coin potrebbe fornirti ulteriori protezioni, tra cui la possibilit\u00e0 di contestare addebiti nel caso in cui qualcosa vada storto con la tua transazione.<\/p>\n\n\n\n<figure class=\"wp-block-embed is-type-video is-provider-youtube wp-block-embed-youtube wp-embed-aspect-16-9 wp-has-aspect-ratio\"><div class=\"wp-block-embed__wrapper\">\n<iframe title=\"\ud83d\udd34\ud83d\udd34 How To Use Apple Pay Wallet On Binance \u2705 \u2705\" width=\"800\" height=\"450\" src=\"https:\/\/www.youtube.com\/embed\/CyRZV3xOYmo?feature=oembed\" frameborder=\"0\" allow=\"accelerometer; autoplay; clipboard-write; encrypted-media; gyroscope; picture-in-picture; web-share\" allowfullscreen><\/iframe>\n<\/div><\/figure>\n\n\n\n<h2 class=\"wp-block-heading\">Come acquistare Gala Coin con Apple Pay, in dettaglio:<\/h2>\n\n\n\n<ol><li><strong>Trova un exchange di criptovalute che accetti Apple Pay: <\/strong>\u00e8 importante condurre una ricerca per trovare un exchange che supporti Apple Pay perch\u00e9 non tutti lo fanno. Apple Pay \u00e8 accettato da diversi exchange ben noti, tra cui Binance e Coinbase.<br><br><\/li><li><strong>Crea un account:<\/strong> una volta individuato un exchange affidabile, devi creare un account. Di solito, \u00e8 necessario fornire alcune informazioni personali di base, tra cui nome, indirizzo email e numero di telefono. Potrebbe essere richiesta anche una copia del tuo documento d&#8217;identit\u00e0 emesso dal governo per verificare la tua identit\u00e0. Dopo aver creato il tuo account, devi aggiungere il tuo account Apple Pay come opzione di pagamento. In genere, devi inserire il tuo ID Apple e la password per collegare il tuo account Apple Pay all&#8217;exchange.<br><br><\/li><li><strong>Effettua l&#8217;acquisto: <\/strong>una volta aggiunto il tuo account Apple Pay, puoi ordinare Gala Coin. Per effettuare la transazione, basta selezionare quanti Gala Coin desideri acquistare e seguire le istruzioni dell&#8217;exchange.<\/li><\/ol>\n\n\n\n<h2 class=\"wp-block-heading\">Svantaggi dell&#8217;acquisto di Gala Coin con Apple Pay:<\/h2>\n\n\n\n<p>L&#8217;utilizzo di Apple Pay per acquistare Gala Coin potrebbe avere alcuni svantaggi. Innanzitutto, trovare un exchange che ti consenta di acquistare Gala Coin con Apple Pay potrebbe essere pi\u00f9 difficile perch\u00e9 non tutti gli exchange supportano questa opzione di pagamento. I rischi impliciti nell&#8217;acquisto di criptovalute includono la potenziale perdita del tuo investimento a causa della volatilit\u00e0 di mercato o della frode.<\/p>\n\n\n\n<h2 class=\"wp-block-heading\">Conclusione:<\/h2>\n\n\n\n<p>In conclusione, l&#8217;utilizzo di Apple Pay per l&#8217;acquisto di Gala Coin \u00e8 un modo rapido e sicuro per effettuare acquisti, ma \u00e8 fondamentale fare le proprie ricerche e comprendere i potenziali rischi e le restrizioni. \u00c8 possibile aggiungere rapidamente Gala Coin al proprio portafoglio individuando un exchange affidabile che accetti Apple Pay, collegando il proprio account Apple Pay come opzione di pagamento e effettuando un ordine per acquistare Gala Coin. Prima di entrare nel mondo delle criptovalute, \u00e8 sempre una buona idea valutare attentamente i propri obiettivi di investimento e la propria tolleranza al rischio.<\/p>\n\n\n\n<!-- Page-list plugin v.5.9 wordpress.org\/plugins\/page-list\/ -->\n<ul class=\"page-list siblings-page-list \">\n<li class=\"page_item page-item-22858\"><a href=\"https:\/\/allin1bitcoins.com\/it\/crypto\/gala\/paypal\/\">Come Acquistare Gala (GALA) Con Paypal<\/a><\/li>\n<li class=\"page_item page-item-22639\"><a href=\"https:\/\/allin1bitcoins.com\/it\/crypto\/gala\/apple-pay\/\">Come Acquistare Gala Coin (GALA) Con Apple Pay<\/a><\/li>\n<li class=\"page_item page-item-22602\"><a href=\"https:\/\/allin1bitcoins.com\/it\/crypto\/gala\/credit-card\/\">Come Acquistare Gala Coin (GALA) Con Carta Di Credito<\/a><\/li>\n<li class=\"page_item page-item-22620\"><a href=\"https:\/\/allin1bitcoins.com\/it\/crypto\/gala\/debit-card\/\">Come Acquistare Gala Coin (GALA) Con Carta Di Debito<\/a><\/li>\n<li class=\"page_item page-item-22711\"><a href=\"https:\/\/allin1bitcoins.com\/it\/crypto\/gala\/crypto-anonymously\/\">Come Acquistare Gala Coin (GALA) Con criptovalute In Modo Anonimo<\/a><\/li>\n<li class=\"page_item page-item-22661\"><a href=\"https:\/\/allin1bitcoins.com\/it\/crypto\/gala\/google-pay\/\">Come Acquistare Gala Coin (GALA) Con Google Pay<\/a><\/li>\n<li class=\"page_item page-item-22670\"><a href=\"https:\/\/allin1bitcoins.com\/it\/crypto\/gala\/neteller\/\">Come Acquistare Gala Coin (GALA) Con Neteller<\/a><\/li>\n<li class=\"page_item page-item-22680\"><a href=\"https:\/\/allin1bitcoins.com\/it\/crypto\/gala\/paysafecard\/\">Come Acquistare Gala Coin (GALA) Con Paysafecard<\/a><\/li>\n<li class=\"page_item page-item-22690\"><a href=\"https:\/\/allin1bitcoins.com\/it\/crypto\/gala\/skrill\/\">Come Acquistare Gala Coin (GALA) Con Skrill<\/a><\/li>\n<li class=\"page_item page-item-22699\"><a href=\"https:\/\/allin1bitcoins.com\/it\/crypto\/gala\/venmo\/\">Come Acquistare Gala Coin (GALA) Con Venmo<\/a><\/li>\n<li class=\"page_item page-item-22757\"><a href=\"https:\/\/allin1bitcoins.com\/it\/crypto\/gala\/australia\/\">Come Acquistare Gala Coin (GALA) In Australia<\/a><\/li>\n<li class=\"page_item page-item-22731\"><a href=\"https:\/\/allin1bitcoins.com\/it\/crypto\/gala\/canada\/\">Come Acquistare Gala Coin (GALA) In Canada<\/a><\/li>\n<li class=\"page_item page-item-22761\"><a href=\"https:\/\/allin1bitcoins.com\/it\/crypto\/gala\/finland\/\">Come Acquistare Gala Coin (GALA) In Finlandia<\/a><\/li>\n<li class=\"page_item page-item-22772\"><a href=\"https:\/\/allin1bitcoins.com\/it\/crypto\/gala\/france\/\">Come Acquistare Gala Coin (GALA) In Francia<\/a><\/li>\n<li class=\"page_item page-item-22790\"><a href=\"https:\/\/allin1bitcoins.com\/it\/crypto\/gala\/ireland\/\">Come Acquistare Gala Coin (GALA) In Irlanda<\/a><\/li>\n<li class=\"page_item page-item-22800\"><a href=\"https:\/\/allin1bitcoins.com\/it\/crypto\/gala\/luxembourg\/\">Come Acquistare Gala Coin (GALA) In Lussemburgo<\/a><\/li>\n<li class=\"page_item page-item-22842\"><a href=\"https:\/\/allin1bitcoins.com\/it\/crypto\/gala\/norway\/\">Come Acquistare Gala Coin (GALA) In Norvegia<\/a><\/li>\n<li class=\"page_item page-item-22810\"><a href=\"https:\/\/allin1bitcoins.com\/it\/crypto\/gala\/new-zealand\/\">Come Acquistare Gala Coin (GALA) In Nuova Zelanda<\/a><\/li>\n<li class=\"page_item page-item-22830\"><a href=\"https:\/\/allin1bitcoins.com\/it\/crypto\/gala\/sweden\/\">Come Acquistare Gala Coin (GALA) In Svezia<\/a><\/li>\n<li class=\"page_item page-item-22741\"><a href=\"https:\/\/allin1bitcoins.com\/it\/crypto\/gala\/the-netherlands\/\">Come Acquistare Gala Coin (GALA) Nei Paesi Bassi<\/a><\/li>\n<li class=\"page_item page-item-22721\"><a href=\"https:\/\/allin1bitcoins.com\/it\/crypto\/gala\/united-kingdom\/\">Come Acquistare Gala Coin (GALA) Nel Regno Unito<\/a><\/li>\n<li class=\"page_item page-item-22630\"><a href=\"https:\/\/allin1bitcoins.com\/it\/crypto\/gala\/american-express\/\">Come Acquistare La Moneta Gala (GALA) Con American Express<\/a><\/li>\n<li class=\"page_item page-item-22781\"><a href=\"https:\/\/allin1bitcoins.com\/it\/crypto\/gala\/germany\/\">Come Acquistare La Moneta Gala (GALA) In Germania<\/a><\/li>\n<li class=\"page_item page-item-22648\"><a href=\"https:\/\/allin1bitcoins.com\/it\/crypto\/gala\/bank-account\/\">Come Comprare Gala Coin (GALA) Con Un Conto Bancario<\/a><\/li>\n\n<\/ul>\n","protected":false},"excerpt":{"rendered":"<p>Puoi acquistare Gala Coin con Apple Pay. Per acquistare Gala Coin utilizzando Apple Pay devi trovare un exchange di criptovalute che offra Apple Pay come opzione di pagamento. Una volta individuato un exchange affidabile, puoi registrarti per un account e seguire i passaggi per acquistare Gala Coin con Apple Pay. Panoramica di Gala Coin Sviluppato&#8230;<\/p>\n","protected":false},"author":4,"featured_media":12347,"parent":22591,"menu_order":0,"comment_status":"closed","ping_status":"closed","template":"","meta":{"cybocfi_hide_featured_image":"","footnotes":""},"acf":[],"yoast_head":"<!-- This site is optimized with the Yoast SEO plugin v21.7 - https:\/\/yoast.com\/wordpress\/plugins\/seo\/ -->\n<title>Come Acquistare Gala Coin (GALA) Con Apple Pay<\/title>\n<meta name=\"description\" content=\"\u00c8 necessario trovare uno scambio di criptovalute che offra Apple Pay come opzione di pagamento per acquistare Gala Coin utilizzando Apple Pay\" \/>\n<meta name=\"robots\" content=\"index, follow, max-snippet:-1, max-image-preview:large, max-video-preview:-1\" \/>\n<link rel=\"canonical\" href=\"https:\/\/allin1bitcoins.com\/it\/crypto\/gala\/apple-pay\/\" \/>\n<meta property=\"og:locale\" content=\"it_IT\" \/>\n<meta property=\"og:type\" content=\"article\" \/>\n<meta property=\"og:title\" content=\"Come Acquistare Gala Coin (GALA) Con Apple Pay\" \/>\n<meta property=\"og:description\" content=\"\u00c8 necessario trovare uno scambio di criptovalute che offra Apple Pay come opzione di pagamento per acquistare Gala Coin utilizzando Apple Pay\" \/>\n<meta property=\"og:url\" content=\"https:\/\/allin1bitcoins.com\/it\/crypto\/gala\/apple-pay\/\" \/>\n<meta property=\"og:site_name\" content=\"Allin1Bitcoins\" \/>\n<meta property=\"article:modified_time\" content=\"2023-03-05T18:17:27+00:00\" \/>\n<meta property=\"og:image\" content=\"https:\/\/allin1bitcoins.com\/wp-content\/uploads\/2022\/12\/cardmapr-nl-XH2JFgT4Abc-unsplash.jpg\" \/>\n\t<meta property=\"og:image:width\" content=\"640\" \/>\n\t<meta property=\"og:image:height\" content=\"400\" \/>\n\t<meta property=\"og:image:type\" content=\"image\/jpeg\" \/>\n<meta name=\"twitter:card\" content=\"summary_large_image\" \/>\n<meta name=\"twitter:label1\" content=\"Est. reading time\" \/>\n\t<meta name=\"twitter:data1\" content=\"3 minutes\" \/>\n<!-- \/ Yoast SEO plugin. -->","yoast_head_json":{"title":"Come Acquistare Gala Coin (GALA) Con Apple Pay","description":"\u00c8 necessario trovare uno scambio di criptovalute che offra Apple Pay come opzione di pagamento per acquistare Gala Coin utilizzando Apple Pay","robots":{"index":"index","follow":"follow","max-snippet":"max-snippet:-1","max-image-preview":"max-image-preview:large","max-video-preview":"max-video-preview:-1"},"canonical":"https:\/\/allin1bitcoins.com\/it\/crypto\/gala\/apple-pay\/","og_locale":"it_IT","og_type":"article","og_title":"Come Acquistare Gala Coin (GALA) Con Apple Pay","og_description":"\u00c8 necessario trovare uno scambio di criptovalute che offra Apple Pay come opzione di pagamento per acquistare Gala Coin utilizzando Apple Pay","og_url":"https:\/\/allin1bitcoins.com\/it\/crypto\/gala\/apple-pay\/","og_site_name":"Allin1Bitcoins","article_modified_time":"2023-03-05T18:17:27+00:00","og_image":[{"width":640,"height":400,"url":"https:\/\/allin1bitcoins.com\/wp-content\/uploads\/2022\/12\/cardmapr-nl-XH2JFgT4Abc-unsplash.jpg","type":"image\/jpeg"}],"twitter_card":"summary_large_image","twitter_misc":{"Est. reading time":"3 minutes"},"schema":{"@context":"https:\/\/schema.org","@graph":[{"@type":"WebPage","@id":"https:\/\/allin1bitcoins.com\/it\/crypto\/gala\/apple-pay\/","url":"https:\/\/allin1bitcoins.com\/it\/crypto\/gala\/apple-pay\/","name":"Come Acquistare Gala Coin (GALA) Con Apple Pay","isPartOf":{"@id":"https:\/\/allin1bitcoins.com\/it\/#website"},"datePublished":"2023-03-05T18:17:24+00:00","dateModified":"2023-03-05T18:17:27+00:00","description":"\u00c8 necessario trovare uno scambio di criptovalute che offra Apple Pay come opzione di pagamento per acquistare Gala Coin utilizzando Apple Pay","breadcrumb":{"@id":"https:\/\/allin1bitcoins.com\/it\/crypto\/gala\/apple-pay\/#breadcrumb"},"inLanguage":"it","potentialAction":[{"@type":"ReadAction","target":["https:\/\/allin1bitcoins.com\/it\/crypto\/gala\/apple-pay\/"]}]},{"@type":"BreadcrumbList","@id":"https:\/\/allin1bitcoins.com\/it\/crypto\/gala\/apple-pay\/#breadcrumb","itemListElement":[{"@type":"ListItem","position":1,"name":"Home","item":"https:\/\/allin1bitcoins.com\/it\/"},{"@type":"ListItem","position":2,"name":"Crypto","item":"https:\/\/allin1bitcoins.com\/it\/crypto\/"},{"@type":"ListItem","position":3,"name":"Come Acquistare Gala (GALA) &#8211; Guida Passo Passo 2023","item":"https:\/\/allin1bitcoins.com\/it\/crypto\/gala\/"},{"@type":"ListItem","position":4,"name":"Come Acquistare Gala Coin (GALA) Con Apple Pay"}]},{"@type":"WebSite","@id":"https:\/\/allin1bitcoins.com\/it\/#website","url":"https:\/\/allin1bitcoins.com\/it\/","name":"Allin1Bitcoins","description":"","publisher":{"@id":"https:\/\/allin1bitcoins.com\/it\/#organization"},"potentialAction":[{"@type":"SearchAction","target":{"@type":"EntryPoint","urlTemplate":"https:\/\/allin1bitcoins.com\/it\/?s={search_term_string}"},"query-input":"required name=search_term_string"}],"inLanguage":"it"},{"@type":"Organization","@id":"https:\/\/allin1bitcoins.com\/it\/#organization","name":"allin1bitcoins","url":"https:\/\/allin1bitcoins.com\/it\/","logo":{"@type":"ImageObject","inLanguage":"it","@id":"https:\/\/allin1bitcoins.com\/it\/#\/schema\/logo\/image\/","url":"https:\/\/allin1bitcoins.com\/wp-content\/uploads\/2019\/01\/logo-new.png","contentUrl":"https:\/\/allin1bitcoins.com\/wp-content\/uploads\/2019\/01\/logo-new.png","width":178,"height":71,"caption":"allin1bitcoins"},"image":{"@id":"https:\/\/allin1bitcoins.com\/it\/#\/schema\/logo\/image\/"}}]}},"_links":{"self":[{"href":"https:\/\/allin1bitcoins.com\/it\/wp-json\/wp\/v2\/pages\/22639"}],"collection":[{"href":"https:\/\/allin1bitcoins.com\/it\/wp-json\/wp\/v2\/pages"}],"about":[{"href":"https:\/\/allin1bitcoins.com\/it\/wp-json\/wp\/v2\/types\/page"}],"author":[{"embeddable":true,"href":"https:\/\/allin1bitcoins.com\/it\/wp-json\/wp\/v2\/users\/4"}],"replies":[{"embeddable":true,"href":"https:\/\/allin1bitcoins.com\/it\/wp-json\/wp\/v2\/comments?post=22639"}],"version-history":[{"count":1,"href":"https:\/\/allin1bitcoins.com\/it\/wp-json\/wp\/v2\/pages\/22639\/revisions"}],"predecessor-version":[{"id":22643,"href":"https:\/\/allin1bitcoins.com\/it\/wp-json\/wp\/v2\/pages\/22639\/revisions\/22643"}],"up":[{"embeddable":true,"href":"https:\/\/allin1bitcoins.com\/it\/wp-json\/wp\/v2\/pages\/22591"}],"wp:featuredmedia":[{"embeddable":true,"href":"https:\/\/allin1bitcoins.com\/it\/wp-json\/wp\/v2\/media\/12347"}],"wp:attachment":[{"href":"https:\/\/allin1bitcoins.com\/it\/wp-json\/wp\/v2\/media?parent=22639"}],"curies":[{"name":"wp","href":"https:\/\/api.w.org\/{rel}","templated":true}]}}