{"id":22648,"date":"2023-03-05T18:43:42","date_gmt":"2023-03-05T18:43:42","guid":{"rendered":"https:\/\/allin1bitcoins.com\/?page_id=22648"},"modified":"2023-03-05T18:43:44","modified_gmt":"2023-03-05T18:43:44","slug":"bank-account","status":"publish","type":"page","link":"https:\/\/allin1bitcoins.com\/it\/crypto\/gala\/bank-account\/","title":{"rendered":"Come Comprare Gala Coin (GALA) Con Un Conto Bancario"},"content":{"rendered":"\n<h2 class=\"wp-block-heading\">Puoi acquistare Gala Coin con un conto bancario.<\/h2>\n\n\n\n<p>Trova uno scambio di criptovalute che accetti bonifici bancari se desideri acquistare Gala Coin con un conto bancario. Una volta individuato uno scambio affidabile, puoi aprire un account e seguire le istruzioni dello scambio per acquistare Gala Coin utilizzando il tuo conto bancario.<\/p>\n\n\n\n<h2 class=\"wp-block-heading\">Panoramica di Gala Coin<\/h2>\n\n\n\n<p>Sviluppata nel 2017 come componente della Gala Network, una piattaforma decentralizzata per lo sviluppo e la distribuzione di app decentralizzate, Gala Coin \u00e8 un asset digitale (DApps). Gala Coin pu\u00f2 essere scambiata su scambi di criptovalute ed \u00e8 utilizzata per alimentare le transazioni sulla rete Gala.<\/p>\n\n\n\n<h2 class=\"wp-block-heading\">Perch\u00e9 desideri acquistare Gala Coin utilizzando il tuo conto bancario:<\/h2>\n\n\n\n<p>Ci sono vari fattori da considerare se decidi di acquistare Gala Coin utilizzando un conto bancario. Uno dei vantaggi dell&#8217;utilizzo di un conto bancario per acquistare Gala Coin \u00e8 che puoi essere idoneo per determinate protezioni, come la capacit\u00e0 di contestare le accuse se qualcosa va storto nella tua transazione. Inoltre, utilizzare un conto bancario per acquistare Gala Coin potrebbe essere pi\u00f9 pratico per te poich\u00e9 puoi trasferire denaro senza utilizzare una carta di credito o di debito, poich\u00e9 puoi farlo direttamente dal tuo conto bancario.<\/p>\n\n\n\n<figure class=\"wp-block-embed is-type-video is-provider-youtube wp-block-embed-youtube wp-embed-aspect-16-9 wp-has-aspect-ratio\"><div class=\"wp-block-embed__wrapper\">\n<iframe title=\"GALA GAMES PRICE PREDICTION 2022\ud83c\udfaeGALA CREATES A LOWER LOW - WATCH FOR THIS NEXT!\ud83d\udc51\" width=\"800\" height=\"450\" src=\"https:\/\/www.youtube.com\/embed\/XhxO23-P-jU?feature=oembed\" frameborder=\"0\" allow=\"accelerometer; autoplay; clipboard-write; encrypted-media; gyroscope; picture-in-picture; web-share\" allowfullscreen><\/iframe>\n<\/div><\/figure>\n\n\n\n<h2 class=\"wp-block-heading\">Istruzioni dettagliate su come acquistare Gala Coin utilizzando un conto bancario:<\/h2>\n\n\n\n<ol><li><strong>Trova uno scambio: <\/strong>Fai la tua ricerca per identificare uno scambio di criptovalute che accetti bonifici bancari, poich\u00e9 non tutti ti consentono di acquistare criptovalute utilizzando un conto bancario. Gli scambi popolari come Coinbase e Kraken accettano bonifici bancari.<br><br><\/li><li><strong>Crea un account: <\/strong>Una volta individuato uno scambio affidabile, devi crearne uno. Di solito \u00e8 necessario fornire alcune informazioni personali di base, come il tuo nome, indirizzo email e numero di telefono. Potrebbe anche essere richiesto un documento di identit\u00e0 rilasciato dal governo per dimostrare la tua identit\u00e0.<br><br><\/li><li><strong>Aggiungi i dettagli: <\/strong>Dopo aver creato il tuo account, devi aggiungere il tuo conto bancario come opzione di pagamento. Di solito, dovrai fornire informazioni sul tuo conto bancario, inclusi il numero di conto e il numero di routing.<br><br><\/li><li><strong>Effettua l&#8217;ordine:<\/strong> Dopo aver aggiunto il tuo conto bancario, puoi effettuare l&#8217;ordine di Gala Coin. Per effettuare la transazione, seleziona il numero di Gala Coin che desideri acquistare e segui le istruzioni dello scambio.<\/li><\/ol>\n\n\n\n<h2 class=\"wp-block-heading\">Acquistare Gala Coin con un conto bancario ha alcuni svantaggi:<\/h2>\n\n\n\n<p>L&#8217;uso di un conto bancario per l&#8217;acquisto di Gala Coin ha alcuni possibili svantaggi. Innanzitutto, trovare uno scambio che lo consenta potrebbe essere pi\u00f9 difficile poich\u00e9 non tutti gli scambi consentono l&#8217;acquisto di bitcoin utilizzando un conto bancario. I rischi intrinseci legati all&#8217;acquisto di criptovalute includono la potenziale perdita del tuo investimento a causa della volatilit\u00e0 del mercato o della frode. Infine, i bonifici bancari possono essere complicati se hai bisogno di acquistare Gala Coin immediatamente poich\u00e9 possono richiedere pi\u00f9 tempo per essere completati rispetto ad altre opzioni di pagamento come carte di credito o di debito.<\/p>\n\n\n\n<h2 class=\"wp-block-heading\">Conclusione:<\/h2>\n\n\n\n<p>In conclusione, utilizzare un conto bancario per l&#8217;acquisto di Gala Coin \u00e8 un modo rapido e sicuro per inviare denaro, ma \u00e8 fondamentale fare le tue ricerche e capire eventuali rischi e limitazioni. Puoi aggiungere rapidamente Gala Coin al tuo portafoglio individuando uno scambio affidabile che accetta bonifici bancari, aggiungendo il tuo conto bancario come opzione di pagamento e effettuando un ordine per acquistare Gala Coin. Prima di entrare nel mondo delle criptovalute, \u00e8 sempre una buona idea valutare attentamente i tuoi obiettivi di investimento e la tua tolleranza al rischio.<\/p>\n\n\n\n<!-- Page-list plugin v.5.9 wordpress.org\/plugins\/page-list\/ -->\n<ul class=\"page-list siblings-page-list \">\n<li class=\"page_item page-item-22858\"><a href=\"https:\/\/allin1bitcoins.com\/it\/crypto\/gala\/paypal\/\">Come Acquistare Gala (GALA) Con Paypal<\/a><\/li>\n<li class=\"page_item page-item-22639\"><a href=\"https:\/\/allin1bitcoins.com\/it\/crypto\/gala\/apple-pay\/\">Come Acquistare Gala Coin (GALA) Con Apple Pay<\/a><\/li>\n<li class=\"page_item page-item-22602\"><a href=\"https:\/\/allin1bitcoins.com\/it\/crypto\/gala\/credit-card\/\">Come Acquistare Gala Coin (GALA) Con Carta Di Credito<\/a><\/li>\n<li class=\"page_item page-item-22620\"><a href=\"https:\/\/allin1bitcoins.com\/it\/crypto\/gala\/debit-card\/\">Come Acquistare Gala Coin (GALA) Con Carta Di Debito<\/a><\/li>\n<li class=\"page_item page-item-22711\"><a href=\"https:\/\/allin1bitcoins.com\/it\/crypto\/gala\/crypto-anonymously\/\">Come Acquistare Gala Coin (GALA) Con criptovalute In Modo Anonimo<\/a><\/li>\n<li class=\"page_item page-item-22661\"><a href=\"https:\/\/allin1bitcoins.com\/it\/crypto\/gala\/google-pay\/\">Come Acquistare Gala Coin (GALA) Con Google Pay<\/a><\/li>\n<li class=\"page_item page-item-22670\"><a href=\"https:\/\/allin1bitcoins.com\/it\/crypto\/gala\/neteller\/\">Come Acquistare Gala Coin (GALA) Con Neteller<\/a><\/li>\n<li class=\"page_item page-item-22680\"><a href=\"https:\/\/allin1bitcoins.com\/it\/crypto\/gala\/paysafecard\/\">Come Acquistare Gala Coin (GALA) Con Paysafecard<\/a><\/li>\n<li class=\"page_item page-item-22690\"><a href=\"https:\/\/allin1bitcoins.com\/it\/crypto\/gala\/skrill\/\">Come Acquistare Gala Coin (GALA) Con Skrill<\/a><\/li>\n<li class=\"page_item page-item-22699\"><a href=\"https:\/\/allin1bitcoins.com\/it\/crypto\/gala\/venmo\/\">Come Acquistare Gala Coin (GALA) Con Venmo<\/a><\/li>\n<li class=\"page_item page-item-22757\"><a href=\"https:\/\/allin1bitcoins.com\/it\/crypto\/gala\/australia\/\">Come Acquistare Gala Coin (GALA) In Australia<\/a><\/li>\n<li class=\"page_item page-item-22731\"><a href=\"https:\/\/allin1bitcoins.com\/it\/crypto\/gala\/canada\/\">Come Acquistare Gala Coin (GALA) In Canada<\/a><\/li>\n<li class=\"page_item page-item-22761\"><a href=\"https:\/\/allin1bitcoins.com\/it\/crypto\/gala\/finland\/\">Come Acquistare Gala Coin (GALA) In Finlandia<\/a><\/li>\n<li class=\"page_item page-item-22772\"><a href=\"https:\/\/allin1bitcoins.com\/it\/crypto\/gala\/france\/\">Come Acquistare Gala Coin (GALA) In Francia<\/a><\/li>\n<li class=\"page_item page-item-22790\"><a href=\"https:\/\/allin1bitcoins.com\/it\/crypto\/gala\/ireland\/\">Come Acquistare Gala Coin (GALA) In Irlanda<\/a><\/li>\n<li class=\"page_item page-item-22800\"><a href=\"https:\/\/allin1bitcoins.com\/it\/crypto\/gala\/luxembourg\/\">Come Acquistare Gala Coin (GALA) In Lussemburgo<\/a><\/li>\n<li class=\"page_item page-item-22842\"><a href=\"https:\/\/allin1bitcoins.com\/it\/crypto\/gala\/norway\/\">Come Acquistare Gala Coin (GALA) In Norvegia<\/a><\/li>\n<li class=\"page_item page-item-22810\"><a href=\"https:\/\/allin1bitcoins.com\/it\/crypto\/gala\/new-zealand\/\">Come Acquistare Gala Coin (GALA) In Nuova Zelanda<\/a><\/li>\n<li class=\"page_item page-item-22830\"><a href=\"https:\/\/allin1bitcoins.com\/it\/crypto\/gala\/sweden\/\">Come Acquistare Gala Coin (GALA) In Svezia<\/a><\/li>\n<li class=\"page_item page-item-22741\"><a href=\"https:\/\/allin1bitcoins.com\/it\/crypto\/gala\/the-netherlands\/\">Come Acquistare Gala Coin (GALA) Nei Paesi Bassi<\/a><\/li>\n<li class=\"page_item page-item-22721\"><a href=\"https:\/\/allin1bitcoins.com\/it\/crypto\/gala\/united-kingdom\/\">Come Acquistare Gala Coin (GALA) Nel Regno Unito<\/a><\/li>\n<li class=\"page_item page-item-22630\"><a href=\"https:\/\/allin1bitcoins.com\/it\/crypto\/gala\/american-express\/\">Come Acquistare La Moneta Gala (GALA) Con American Express<\/a><\/li>\n<li class=\"page_item page-item-22781\"><a href=\"https:\/\/allin1bitcoins.com\/it\/crypto\/gala\/germany\/\">Come Acquistare La Moneta Gala (GALA) In Germania<\/a><\/li>\n<li class=\"page_item page-item-22648\"><a href=\"https:\/\/allin1bitcoins.com\/it\/crypto\/gala\/bank-account\/\">Come Comprare Gala Coin (GALA) Con Un Conto Bancario<\/a><\/li>\n\n<\/ul>\n","protected":false},"excerpt":{"rendered":"<p>Puoi acquistare Gala Coin con un conto bancario. Trova uno scambio di criptovalute che accetti bonifici bancari se desideri acquistare Gala Coin con un conto bancario. Una volta individuato uno scambio affidabile, puoi aprire un account e seguire le istruzioni dello scambio per acquistare Gala Coin utilizzando il tuo conto bancario. Panoramica di Gala Coin&#8230;<\/p>\n","protected":false},"author":3,"featured_media":12362,"parent":22591,"menu_order":0,"comment_status":"closed","ping_status":"closed","template":"","meta":{"cybocfi_hide_featured_image":"","footnotes":""},"acf":[],"yoast_head":"<!-- This site is optimized with the Yoast SEO plugin v21.7 - https:\/\/yoast.com\/wordpress\/plugins\/seo\/ -->\n<title>Come Comprare Gala Coin (GALA) Con Un Conto Bancario<\/title>\n<meta name=\"description\" content=\"Devi trovare un exchange di criptovalute che offra il conto bancario come opzione di pagamento per poter acquistare Gala Coin.\" \/>\n<meta name=\"robots\" content=\"index, follow, max-snippet:-1, max-image-preview:large, max-video-preview:-1\" \/>\n<link rel=\"canonical\" href=\"https:\/\/allin1bitcoins.com\/it\/crypto\/gala\/bank-account\/\" \/>\n<meta property=\"og:locale\" content=\"it_IT\" \/>\n<meta property=\"og:type\" content=\"article\" \/>\n<meta property=\"og:title\" content=\"Come Comprare Gala Coin (GALA) Con Un Conto Bancario\" \/>\n<meta property=\"og:description\" content=\"Devi trovare un exchange di criptovalute che offra il conto bancario come opzione di pagamento per poter acquistare Gala Coin.\" \/>\n<meta property=\"og:url\" content=\"https:\/\/allin1bitcoins.com\/it\/crypto\/gala\/bank-account\/\" \/>\n<meta property=\"og:site_name\" content=\"Allin1Bitcoins\" \/>\n<meta property=\"article:modified_time\" content=\"2023-03-05T18:43:44+00:00\" \/>\n<meta property=\"og:image\" content=\"https:\/\/allin1bitcoins.com\/wp-content\/uploads\/2022\/12\/john-mcarthur-ROQzKIAdY78-unsplash.jpg\" \/>\n\t<meta property=\"og:image:width\" content=\"1920\" \/>\n\t<meta property=\"og:image:height\" content=\"1469\" \/>\n\t<meta property=\"og:image:type\" content=\"image\/jpeg\" \/>\n<meta name=\"twitter:card\" content=\"summary_large_image\" \/>\n<meta name=\"twitter:label1\" content=\"Est. reading time\" \/>\n\t<meta name=\"twitter:data1\" content=\"3 minutes\" \/>\n<!-- \/ Yoast SEO plugin. -->","yoast_head_json":{"title":"Come Comprare Gala Coin (GALA) Con Un Conto Bancario","description":"Devi trovare un exchange di criptovalute che offra il conto bancario come opzione di pagamento per poter acquistare Gala Coin.","robots":{"index":"index","follow":"follow","max-snippet":"max-snippet:-1","max-image-preview":"max-image-preview:large","max-video-preview":"max-video-preview:-1"},"canonical":"https:\/\/allin1bitcoins.com\/it\/crypto\/gala\/bank-account\/","og_locale":"it_IT","og_type":"article","og_title":"Come Comprare Gala Coin (GALA) Con Un Conto Bancario","og_description":"Devi trovare un exchange di criptovalute che offra il conto bancario come opzione di pagamento per poter acquistare Gala Coin.","og_url":"https:\/\/allin1bitcoins.com\/it\/crypto\/gala\/bank-account\/","og_site_name":"Allin1Bitcoins","article_modified_time":"2023-03-05T18:43:44+00:00","og_image":[{"width":1920,"height":1469,"url":"https:\/\/allin1bitcoins.com\/wp-content\/uploads\/2022\/12\/john-mcarthur-ROQzKIAdY78-unsplash.jpg","type":"image\/jpeg"}],"twitter_card":"summary_large_image","twitter_misc":{"Est. reading time":"3 minutes"},"schema":{"@context":"https:\/\/schema.org","@graph":[{"@type":"WebPage","@id":"https:\/\/allin1bitcoins.com\/it\/crypto\/gala\/bank-account\/","url":"https:\/\/allin1bitcoins.com\/it\/crypto\/gala\/bank-account\/","name":"Come Comprare Gala Coin (GALA) Con Un Conto Bancario","isPartOf":{"@id":"https:\/\/allin1bitcoins.com\/it\/#website"},"datePublished":"2023-03-05T18:43:42+00:00","dateModified":"2023-03-05T18:43:44+00:00","description":"Devi trovare un exchange di criptovalute che offra il conto bancario come opzione di pagamento per poter acquistare Gala Coin.","breadcrumb":{"@id":"https:\/\/allin1bitcoins.com\/it\/crypto\/gala\/bank-account\/#breadcrumb"},"inLanguage":"it","potentialAction":[{"@type":"ReadAction","target":["https:\/\/allin1bitcoins.com\/it\/crypto\/gala\/bank-account\/"]}]},{"@type":"BreadcrumbList","@id":"https:\/\/allin1bitcoins.com\/it\/crypto\/gala\/bank-account\/#breadcrumb","itemListElement":[{"@type":"ListItem","position":1,"name":"Home","item":"https:\/\/allin1bitcoins.com\/it\/"},{"@type":"ListItem","position":2,"name":"Crypto","item":"https:\/\/allin1bitcoins.com\/it\/crypto\/"},{"@type":"ListItem","position":3,"name":"Come Acquistare Gala (GALA) &#8211; Guida Passo Passo 2023","item":"https:\/\/allin1bitcoins.com\/it\/crypto\/gala\/"},{"@type":"ListItem","position":4,"name":"Come Comprare Gala Coin (GALA) Con Un Conto Bancario"}]},{"@type":"WebSite","@id":"https:\/\/allin1bitcoins.com\/it\/#website","url":"https:\/\/allin1bitcoins.com\/it\/","name":"Allin1Bitcoins","description":"","publisher":{"@id":"https:\/\/allin1bitcoins.com\/it\/#organization"},"potentialAction":[{"@type":"SearchAction","target":{"@type":"EntryPoint","urlTemplate":"https:\/\/allin1bitcoins.com\/it\/?s={search_term_string}"},"query-input":"required name=search_term_string"}],"inLanguage":"it"},{"@type":"Organization","@id":"https:\/\/allin1bitcoins.com\/it\/#organization","name":"allin1bitcoins","url":"https:\/\/allin1bitcoins.com\/it\/","logo":{"@type":"ImageObject","inLanguage":"it","@id":"https:\/\/allin1bitcoins.com\/it\/#\/schema\/logo\/image\/","url":"https:\/\/allin1bitcoins.com\/wp-content\/uploads\/2019\/01\/logo-new.png","contentUrl":"https:\/\/allin1bitcoins.com\/wp-content\/uploads\/2019\/01\/logo-new.png","width":178,"height":71,"caption":"allin1bitcoins"},"image":{"@id":"https:\/\/allin1bitcoins.com\/it\/#\/schema\/logo\/image\/"}}]}},"_links":{"self":[{"href":"https:\/\/allin1bitcoins.com\/it\/wp-json\/wp\/v2\/pages\/22648"}],"collection":[{"href":"https:\/\/allin1bitcoins.com\/it\/wp-json\/wp\/v2\/pages"}],"about":[{"href":"https:\/\/allin1bitcoins.com\/it\/wp-json\/wp\/v2\/types\/page"}],"author":[{"embeddable":true,"href":"https:\/\/allin1bitcoins.com\/it\/wp-json\/wp\/v2\/users\/3"}],"replies":[{"embeddable":true,"href":"https:\/\/allin1bitcoins.com\/it\/wp-json\/wp\/v2\/comments?post=22648"}],"version-history":[{"count":1,"href":"https:\/\/allin1bitcoins.com\/it\/wp-json\/wp\/v2\/pages\/22648\/revisions"}],"predecessor-version":[{"id":22655,"href":"https:\/\/allin1bitcoins.com\/it\/wp-json\/wp\/v2\/pages\/22648\/revisions\/22655"}],"up":[{"embeddable":true,"href":"https:\/\/allin1bitcoins.com\/it\/wp-json\/wp\/v2\/pages\/22591"}],"wp:featuredmedia":[{"embeddable":true,"href":"https:\/\/allin1bitcoins.com\/it\/wp-json\/wp\/v2\/media\/12362"}],"wp:attachment":[{"href":"https:\/\/allin1bitcoins.com\/it\/wp-json\/wp\/v2\/media?parent=22648"}],"curies":[{"name":"wp","href":"https:\/\/api.w.org\/{rel}","templated":true}]}}