{"id":22757,"date":"2023-03-08T05:16:36","date_gmt":"2023-03-08T05:16:36","guid":{"rendered":"https:\/\/allin1bitcoins.com\/?page_id=22757"},"modified":"2023-03-09T15:21:10","modified_gmt":"2023-03-09T15:21:10","slug":"australia","status":"publish","type":"page","link":"https:\/\/allin1bitcoins.com\/it\/crypto\/gala\/australia\/","title":{"rendered":"Come Acquistare Gala Coin (GALA) In Australia"},"content":{"rendered":"\n<h2 class=\"wp-block-heading\">Puoi acquistare Gala Coin in Australia.<\/h2>\n\n\n\n<p>Se vivi in Australia e desideri acquistare Gala Coin, ci sono alcune procedure da seguire. Prima di tutto, devi trovare uno scambio di criptovalute affidabile che venda Gala Coin. Il passo successivo consiste nell&#8217;iscriverti a un account sull&#8217;exchange e completare qualsiasi procedura di verifica necessaria. Una volta creato il tuo account, puoi aggiungere denaro ad esso tramite bonifico bancario o carta di credito\/debito. Puoi quindi cercare e acquistare Gala Coin sull&#8217;exchange una volta che il tuo denaro \u00e8 disponibile.<\/p>\n\n\n\n<h2 class=\"wp-block-heading\">Riassunto di Gala Coin<\/h2>\n\n\n\n<p>La Fondazione Gala, un&#8217;azienda non profit con sede a Singapore, ha creato la criptovaluta nota come Gala Coin. L&#8217;obiettivo alla base della sua creazione era quello di offrire al settore del gaming una piattaforma decentralizzata. La blockchain Ethereum serve come base per il processo di consenso proof-of-work utilizzato dalla rete Gala Coin.<\/p>\n\n\n\n<h2 class=\"wp-block-heading\">Vantaggi dell&#8217;acquisto di Gala Coin<\/h2>\n\n\n\n<p>L&#8217;acquisto di Gala Coin potrebbe comportare diversi vantaggi. Uno di questi \u00e8 che pu\u00f2 essere utilizzato per pagare sulla rete Gala, che offre una variet\u00e0 di servizi legati al gaming, come acquisti in-game e competizioni online. Inoltre, potrebbe avere diversi vantaggi rispetto ad altre criptovalute, come velocit\u00e0 di transazione pi\u00f9 rapide e tariffe ridotte, grazie alla sua fondazione sulla rete Ethereum.<\/p>\n\n\n\n<h2 class=\"wp-block-heading\">Istruzioni dettagliate su come acquistare Gala Coin in Australia<\/h2>\n\n\n\n<ol><li>Cerca uno scambio di criptovalute affidabile che venda Gala Coin. Puoi comprare e vendere Gala Coin su una variet\u00e0 di scambi, tra cui Binance, Coinbase e Bitfinex. \u00c8 fondamentale condurre ricerche e scegliere uno scambio affidabile e sicuro.<br><br><\/li><li>Apri un profilo sull&#8217;exchange. Dopo aver selezionato uno scambio, devi creare un account e completare qualsiasi procedura di verifica necessaria. Questo potrebbe includere la fornitura di documenti d&#8217;identit\u00e0 e dati personali.<br><br><\/li><li>Aggiungi denaro al tuo account. Dopo aver creato il tuo account, puoi aggiungere denaro ad esso tramite bonifico bancario o carta di credito\/debito. La procedura specifica e le eventuali commissioni applicate varieranno a seconda dell&#8217;exchange che utilizzi.<br><br><\/li><li>Puoi trovare e acquistare Gala Coin. Puoi quindi cercare Gala Coin sull&#8217;exchange e inserire un ordine per acquistarlo una volta che hai i fondi necessari. La procedura specifica e le eventuali commissioni associate dipenderanno dalla scelta dell&#8217;exchange.<\/li><\/ol>\n\n\n\n<figure class=\"wp-block-embed is-type-video is-provider-youtube wp-block-embed-youtube wp-embed-aspect-4-3 wp-has-aspect-ratio\"><div class=\"wp-block-embed__wrapper\">\n<iframe title=\"(Should You Buy Gala Now?) HUGE OPPORTUNITY!! - GALA PRICE PREDICTION 2022\" width=\"800\" height=\"600\" src=\"https:\/\/www.youtube.com\/embed\/ysMkxFJjHRM?feature=oembed\" frameborder=\"0\" allow=\"accelerometer; autoplay; clipboard-write; encrypted-media; gyroscope; picture-in-picture; web-share\" allowfullscreen><\/iframe>\n<\/div><\/figure>\n\n\n\n<h2 class=\"wp-block-heading\">Tassa sull&#8217;acquisto di Gala Coin in Australia<\/h2>\n\n\n\n<p>\u00c8 importante essere consapevoli delle conseguenze fiscali se si vive in Australia e si intende acquistare Gala Coin. I profitti derivanti dalle negoziazioni di bitcoin sono considerati redditi tassabili ai sensi della legislazione fiscale australiana. Ci\u00f2 significa che qualsiasi profitto ottenuto dall&#8217;acquisto e dalla vendita di Gala Coin deve essere dichiarato nella dichiarazione dei redditi. Per assicurarsi di essere conformi alle norme fiscali australiane, \u00e8 consigliabile parlare con un esperto fiscale.<\/p>\n\n\n\n<h2 class=\"wp-block-heading\">Conclusioni<\/h2>\n\n\n\n<p>In conclusione, per le persone interessate all&#8217;utilizzo di Gala Coin per il gioco sulla rete Gala, l&#8217;acquisto di Gala Coin in Australia potrebbe essere una scelta saggia. Tuttavia, \u00e8 importante fare i compiti e comprendere i rischi e le restrizioni legate alle criptovalute. Se si seguono le istruzioni di questo articolo e si tengono a mente queste cose, si dovrebbe essere pronti ad acquistare e utilizzare Gala Coin in Australia. La procedura per l&#8217;acquisto di Gala Coin in Australia \u00e8 piuttosto semplice, ma \u00e8 importante fare i compiti e selezionare uno scambio affidabile. \u00c8 inoltre importante capire come l&#8217;acquisto e la vendita di criptovalute in Australia possano influire sulle tasse. Seguendo le istruzioni di questa pagina, si dovrebbe essere in grado di acquistare Gala Coin e iniziare a usarlo sulla rete Gala.<\/p>\n\n\n\n<!-- Page-list plugin v.5.9 wordpress.org\/plugins\/page-list\/ -->\n<ul class=\"page-list siblings-page-list \">\n<li class=\"page_item page-item-22858\"><a href=\"https:\/\/allin1bitcoins.com\/it\/crypto\/gala\/paypal\/\">Come Acquistare Gala (GALA) Con Paypal<\/a><\/li>\n<li class=\"page_item page-item-22639\"><a href=\"https:\/\/allin1bitcoins.com\/it\/crypto\/gala\/apple-pay\/\">Come Acquistare Gala Coin (GALA) Con Apple Pay<\/a><\/li>\n<li class=\"page_item page-item-22602\"><a href=\"https:\/\/allin1bitcoins.com\/it\/crypto\/gala\/credit-card\/\">Come Acquistare Gala Coin (GALA) Con Carta Di Credito<\/a><\/li>\n<li class=\"page_item page-item-22620\"><a href=\"https:\/\/allin1bitcoins.com\/it\/crypto\/gala\/debit-card\/\">Come Acquistare Gala Coin (GALA) Con Carta Di Debito<\/a><\/li>\n<li class=\"page_item page-item-22711\"><a href=\"https:\/\/allin1bitcoins.com\/it\/crypto\/gala\/crypto-anonymously\/\">Come Acquistare Gala Coin (GALA) Con criptovalute In Modo Anonimo<\/a><\/li>\n<li class=\"page_item page-item-22661\"><a href=\"https:\/\/allin1bitcoins.com\/it\/crypto\/gala\/google-pay\/\">Come Acquistare Gala Coin (GALA) Con Google Pay<\/a><\/li>\n<li class=\"page_item page-item-22670\"><a href=\"https:\/\/allin1bitcoins.com\/it\/crypto\/gala\/neteller\/\">Come Acquistare Gala Coin (GALA) Con Neteller<\/a><\/li>\n<li class=\"page_item page-item-22680\"><a href=\"https:\/\/allin1bitcoins.com\/it\/crypto\/gala\/paysafecard\/\">Come Acquistare Gala Coin (GALA) Con Paysafecard<\/a><\/li>\n<li class=\"page_item page-item-22690\"><a href=\"https:\/\/allin1bitcoins.com\/it\/crypto\/gala\/skrill\/\">Come Acquistare Gala Coin (GALA) Con Skrill<\/a><\/li>\n<li class=\"page_item page-item-22699\"><a href=\"https:\/\/allin1bitcoins.com\/it\/crypto\/gala\/venmo\/\">Come Acquistare Gala Coin (GALA) Con Venmo<\/a><\/li>\n<li class=\"page_item page-item-22757\"><a href=\"https:\/\/allin1bitcoins.com\/it\/crypto\/gala\/australia\/\">Come Acquistare Gala Coin (GALA) In Australia<\/a><\/li>\n<li class=\"page_item page-item-22731\"><a href=\"https:\/\/allin1bitcoins.com\/it\/crypto\/gala\/canada\/\">Come Acquistare Gala Coin (GALA) In Canada<\/a><\/li>\n<li class=\"page_item page-item-22761\"><a href=\"https:\/\/allin1bitcoins.com\/it\/crypto\/gala\/finland\/\">Come Acquistare Gala Coin (GALA) In Finlandia<\/a><\/li>\n<li class=\"page_item page-item-22772\"><a href=\"https:\/\/allin1bitcoins.com\/it\/crypto\/gala\/france\/\">Come Acquistare Gala Coin (GALA) In Francia<\/a><\/li>\n<li class=\"page_item page-item-22790\"><a href=\"https:\/\/allin1bitcoins.com\/it\/crypto\/gala\/ireland\/\">Come Acquistare Gala Coin (GALA) In Irlanda<\/a><\/li>\n<li class=\"page_item page-item-22800\"><a href=\"https:\/\/allin1bitcoins.com\/it\/crypto\/gala\/luxembourg\/\">Come Acquistare Gala Coin (GALA) In Lussemburgo<\/a><\/li>\n<li class=\"page_item page-item-22842\"><a href=\"https:\/\/allin1bitcoins.com\/it\/crypto\/gala\/norway\/\">Come Acquistare Gala Coin (GALA) In Norvegia<\/a><\/li>\n<li class=\"page_item page-item-22810\"><a href=\"https:\/\/allin1bitcoins.com\/it\/crypto\/gala\/new-zealand\/\">Come Acquistare Gala Coin (GALA) In Nuova Zelanda<\/a><\/li>\n<li class=\"page_item page-item-22830\"><a href=\"https:\/\/allin1bitcoins.com\/it\/crypto\/gala\/sweden\/\">Come Acquistare Gala Coin (GALA) In Svezia<\/a><\/li>\n<li class=\"page_item page-item-22741\"><a href=\"https:\/\/allin1bitcoins.com\/it\/crypto\/gala\/the-netherlands\/\">Come Acquistare Gala Coin (GALA) Nei Paesi Bassi<\/a><\/li>\n<li class=\"page_item page-item-22721\"><a href=\"https:\/\/allin1bitcoins.com\/it\/crypto\/gala\/united-kingdom\/\">Come Acquistare Gala Coin (GALA) Nel Regno Unito<\/a><\/li>\n<li class=\"page_item page-item-22630\"><a href=\"https:\/\/allin1bitcoins.com\/it\/crypto\/gala\/american-express\/\">Come Acquistare La Moneta Gala (GALA) Con American Express<\/a><\/li>\n<li class=\"page_item page-item-22781\"><a href=\"https:\/\/allin1bitcoins.com\/it\/crypto\/gala\/germany\/\">Come Acquistare La Moneta Gala (GALA) In Germania<\/a><\/li>\n<li class=\"page_item page-item-22648\"><a href=\"https:\/\/allin1bitcoins.com\/it\/crypto\/gala\/bank-account\/\">Come Comprare Gala Coin (GALA) Con Un Conto Bancario<\/a><\/li>\n\n<\/ul>\n","protected":false},"excerpt":{"rendered":"<p>Puoi acquistare Gala Coin in Australia. Se vivi in Australia e desideri acquistare Gala Coin, ci sono alcune procedure da seguire. Prima di tutto, devi trovare uno scambio di criptovalute affidabile che venda Gala Coin. Il passo successivo consiste nell&#8217;iscriverti a un account sull&#8217;exchange e completare qualsiasi procedura di verifica necessaria. Una volta creato il&#8230;<\/p>\n","protected":false},"author":3,"featured_media":13127,"parent":22591,"menu_order":0,"comment_status":"closed","ping_status":"closed","template":"","meta":{"cybocfi_hide_featured_image":"","footnotes":""},"acf":[],"yoast_head":"<!-- This site is optimized with the Yoast SEO plugin v21.7 - https:\/\/yoast.com\/wordpress\/plugins\/seo\/ -->\n<title>Come Acquistare Gala Coin (GALA) In Australia<\/title>\n<meta name=\"description\" content=\"Ci sono alcune procedure da seguire se vivi in Australia e vuoi acquistare Gala Coin. Continua a leggere per saperne di pi\u00f9.\" \/>\n<meta name=\"robots\" content=\"index, follow, max-snippet:-1, max-image-preview:large, max-video-preview:-1\" \/>\n<link rel=\"canonical\" href=\"https:\/\/allin1bitcoins.com\/it\/crypto\/gala\/australia\/\" \/>\n<meta property=\"og:locale\" content=\"it_IT\" \/>\n<meta property=\"og:type\" content=\"article\" \/>\n<meta property=\"og:title\" content=\"Come Acquistare Gala Coin (GALA) In Australia\" \/>\n<meta property=\"og:description\" content=\"Ci sono alcune procedure da seguire se vivi in Australia e vuoi acquistare Gala Coin. Continua a leggere per saperne di pi\u00f9.\" \/>\n<meta property=\"og:url\" content=\"https:\/\/allin1bitcoins.com\/it\/crypto\/gala\/australia\/\" \/>\n<meta property=\"og:site_name\" content=\"Allin1Bitcoins\" \/>\n<meta property=\"article:modified_time\" content=\"2023-03-09T15:21:10+00:00\" \/>\n<meta property=\"og:image\" content=\"https:\/\/allin1bitcoins.com\/wp-content\/uploads\/2023\/01\/dylan-calluy-JpflvzEl5cg-unsplash.jpg\" \/>\n\t<meta property=\"og:image:width\" content=\"1920\" \/>\n\t<meta property=\"og:image:height\" content=\"2400\" \/>\n\t<meta property=\"og:image:type\" content=\"image\/jpeg\" \/>\n<meta name=\"twitter:card\" content=\"summary_large_image\" \/>\n<meta name=\"twitter:label1\" content=\"Est. reading time\" \/>\n\t<meta name=\"twitter:data1\" content=\"3 minutes\" \/>\n<!-- \/ Yoast SEO plugin. -->","yoast_head_json":{"title":"Come Acquistare Gala Coin (GALA) In Australia","description":"Ci sono alcune procedure da seguire se vivi in Australia e vuoi acquistare Gala Coin. Continua a leggere per saperne di pi\u00f9.","robots":{"index":"index","follow":"follow","max-snippet":"max-snippet:-1","max-image-preview":"max-image-preview:large","max-video-preview":"max-video-preview:-1"},"canonical":"https:\/\/allin1bitcoins.com\/it\/crypto\/gala\/australia\/","og_locale":"it_IT","og_type":"article","og_title":"Come Acquistare Gala Coin (GALA) In Australia","og_description":"Ci sono alcune procedure da seguire se vivi in Australia e vuoi acquistare Gala Coin. Continua a leggere per saperne di pi\u00f9.","og_url":"https:\/\/allin1bitcoins.com\/it\/crypto\/gala\/australia\/","og_site_name":"Allin1Bitcoins","article_modified_time":"2023-03-09T15:21:10+00:00","og_image":[{"width":1920,"height":2400,"url":"https:\/\/allin1bitcoins.com\/wp-content\/uploads\/2023\/01\/dylan-calluy-JpflvzEl5cg-unsplash.jpg","type":"image\/jpeg"}],"twitter_card":"summary_large_image","twitter_misc":{"Est. reading time":"3 minutes"},"schema":{"@context":"https:\/\/schema.org","@graph":[{"@type":"WebPage","@id":"https:\/\/allin1bitcoins.com\/it\/crypto\/gala\/australia\/","url":"https:\/\/allin1bitcoins.com\/it\/crypto\/gala\/australia\/","name":"Come Acquistare Gala Coin (GALA) In Australia","isPartOf":{"@id":"https:\/\/allin1bitcoins.com\/it\/#website"},"datePublished":"2023-03-08T05:16:36+00:00","dateModified":"2023-03-09T15:21:10+00:00","description":"Ci sono alcune procedure da seguire se vivi in Australia e vuoi acquistare Gala Coin. Continua a leggere per saperne di pi\u00f9.","breadcrumb":{"@id":"https:\/\/allin1bitcoins.com\/it\/crypto\/gala\/australia\/#breadcrumb"},"inLanguage":"it","potentialAction":[{"@type":"ReadAction","target":["https:\/\/allin1bitcoins.com\/it\/crypto\/gala\/australia\/"]}]},{"@type":"BreadcrumbList","@id":"https:\/\/allin1bitcoins.com\/it\/crypto\/gala\/australia\/#breadcrumb","itemListElement":[{"@type":"ListItem","position":1,"name":"Home","item":"https:\/\/allin1bitcoins.com\/it\/"},{"@type":"ListItem","position":2,"name":"Crypto","item":"https:\/\/allin1bitcoins.com\/it\/crypto\/"},{"@type":"ListItem","position":3,"name":"Come Acquistare Gala (GALA) &#8211; Guida Passo Passo 2023","item":"https:\/\/allin1bitcoins.com\/it\/crypto\/gala\/"},{"@type":"ListItem","position":4,"name":"Come Acquistare Gala Coin (GALA) In Australia"}]},{"@type":"WebSite","@id":"https:\/\/allin1bitcoins.com\/it\/#website","url":"https:\/\/allin1bitcoins.com\/it\/","name":"Allin1Bitcoins","description":"","publisher":{"@id":"https:\/\/allin1bitcoins.com\/it\/#organization"},"potentialAction":[{"@type":"SearchAction","target":{"@type":"EntryPoint","urlTemplate":"https:\/\/allin1bitcoins.com\/it\/?s={search_term_string}"},"query-input":"required name=search_term_string"}],"inLanguage":"it"},{"@type":"Organization","@id":"https:\/\/allin1bitcoins.com\/it\/#organization","name":"allin1bitcoins","url":"https:\/\/allin1bitcoins.com\/it\/","logo":{"@type":"ImageObject","inLanguage":"it","@id":"https:\/\/allin1bitcoins.com\/it\/#\/schema\/logo\/image\/","url":"https:\/\/allin1bitcoins.com\/wp-content\/uploads\/2019\/01\/logo-new.png","contentUrl":"https:\/\/allin1bitcoins.com\/wp-content\/uploads\/2019\/01\/logo-new.png","width":178,"height":71,"caption":"allin1bitcoins"},"image":{"@id":"https:\/\/allin1bitcoins.com\/it\/#\/schema\/logo\/image\/"}}]}},"_links":{"self":[{"href":"https:\/\/allin1bitcoins.com\/it\/wp-json\/wp\/v2\/pages\/22757"}],"collection":[{"href":"https:\/\/allin1bitcoins.com\/it\/wp-json\/wp\/v2\/pages"}],"about":[{"href":"https:\/\/allin1bitcoins.com\/it\/wp-json\/wp\/v2\/types\/page"}],"author":[{"embeddable":true,"href":"https:\/\/allin1bitcoins.com\/it\/wp-json\/wp\/v2\/users\/3"}],"replies":[{"embeddable":true,"href":"https:\/\/allin1bitcoins.com\/it\/wp-json\/wp\/v2\/comments?post=22757"}],"version-history":[{"count":1,"href":"https:\/\/allin1bitcoins.com\/it\/wp-json\/wp\/v2\/pages\/22757\/revisions"}],"predecessor-version":[{"id":22758,"href":"https:\/\/allin1bitcoins.com\/it\/wp-json\/wp\/v2\/pages\/22757\/revisions\/22758"}],"up":[{"embeddable":true,"href":"https:\/\/allin1bitcoins.com\/it\/wp-json\/wp\/v2\/pages\/22591"}],"wp:featuredmedia":[{"embeddable":true,"href":"https:\/\/allin1bitcoins.com\/it\/wp-json\/wp\/v2\/media\/13127"}],"wp:attachment":[{"href":"https:\/\/allin1bitcoins.com\/it\/wp-json\/wp\/v2\/media?parent=22757"}],"curies":[{"name":"wp","href":"https:\/\/api.w.org\/{rel}","templated":true}]}}