{"id":22810,"date":"2023-03-08T17:52:55","date_gmt":"2023-03-08T17:52:55","guid":{"rendered":"https:\/\/allin1bitcoins.com\/?page_id=22810"},"modified":"2023-03-08T17:52:58","modified_gmt":"2023-03-08T17:52:58","slug":"new-zealand","status":"publish","type":"page","link":"https:\/\/allin1bitcoins.com\/it\/crypto\/gala\/new-zealand\/","title":{"rendered":"Come Acquistare Gala Coin (GALA) In Nuova Zelanda"},"content":{"rendered":"\n<p>Trovare uno scambio di criptovalute che supporti Gala Coin \u00e8 il primo passo se si desidera acquistare Gala Coin in Nuova Zelanda. Gala Coin \u00e8 supportato da diversi scambi noti, tra cui OKEx, Huobi e Binance. \u00c8 necessario registrarsi per un account, provare la propria identit\u00e0 e quindi trasferire denaro sul proprio account una volta individuato uno scambio che accetta Gala Coin. Una volta finanziato il proprio account, \u00e8 possibile utilizzare il metodo di pagamento selezionato per effettuare un ordine di acquisto di Gala Coin.<\/p>\n\n\n\n<h2 class=\"wp-block-heading\">Sommario di Gala Coin<\/h2>\n\n\n\n<p>Gala Coin \u00e8 una criptovaluta decentralizzata che si propone di essere un mezzo di scambio e un deposito di valore. \u00c8 costruita sulla blockchain di Ethereum e utilizza smart contract per velocizzare le transazioni e far rispettare le politiche di rete. Gala Coin \u00e8 stata creata con un&#8217;attenzione particolare alla usabilit\u00e0 e all&#8217;accessibilit\u00e0 ed \u00e8 stata pensata per essere veloce, sicura e scalabile.<\/p>\n\n\n\n<p>L&#8217;attenzione di Gala Coin al governo locale \u00e8 una delle sue caratteristiche distintive. La capacit\u00e0 della comunit\u00e0 di Gala Coin di proporre e votare sugli aggiornamenti di rete consente alla rete di rimanere decentralizzata e adattabile alle esigenze dei suoi utenti.<\/p>\n\n\n\n<h2 class=\"wp-block-heading\">Vantaggi dell&#8217;acquisto di Gala Coin<\/h2>\n\n\n\n<p><strong>L&#8217;acquisto di Gala Coin ha numerosi vantaggi, tra cui:<\/strong><\/p>\n\n\n\n<ul><li><strong>Decentralizzato:<\/strong> Gala Coin \u00e8 una criptovaluta decentralizzata, il che significa che nessuna singola entit\u00e0, come una banca o il governo, ha potere su di essa. Di conseguenza, \u00e8 meno suscettibile a censura, frodi e altri tipi di interferenze. Gala Coin utilizza la crittografia all&#8217;avanguardia per proteggere le sue transazioni e prevenire le frodi. La capacit\u00e0 di conservare e trasferire valore in questo modo \u00e8 sicura e protetta.<br><br><\/li><li><strong>Commissioni di transazione basse: <\/strong>la rete di Gala Coin \u00e8 un&#8217;opzione conveniente sia per le transazioni piccole che per quelle grandi perch\u00e9 le transazioni sono generalmente molto economiche.<br><br><\/li><li><strong>Governance della comunit\u00e0: <\/strong>come gi\u00e0 indicato, la comunit\u00e0 di Gala Coin ha la capacit\u00e0 di suggerire e decidere sulle modifiche alla rete. Ci\u00f2 rende pi\u00f9 facile mantenere la reattivit\u00e0 della rete alle esigenze degli utenti. Gala Coin \u00e8 stata creata per essere accessibile a tutti gli utenti, indipendentemente dal loro livello di conoscenza tecnica o dalle loro capacit\u00e0 finanziarie. \u00c8 user-friendly e accessibile da qualsiasi luogo con una connessione internet.<\/li><\/ul>\n\n\n\n<h2 class=\"wp-block-heading\">Istruzioni dettagliate su come acquistare Gala Coin in Nuova Zelanda<\/h2>\n\n\n\n<ol><li>Il primo passo per acquistare Gala Coin in Nuova Zelanda \u00e8 individuare uno scambio che supporti Gala Coin. Gala Coin \u00e8 supportato da diversi scambi noti, tra cui OKEx, Huobi e Binance.<br><br><\/li><li>Una volta individuato uno scambio che accetta Gala Coin, \u00e8 necessario registrare un account su quella piattaforma. Di solito, ci\u00f2 comporta la fornitura di alcuni dati personali e la verifica della propria identit\u00e0.<br><br><\/li><li>Dopo aver creato il proprio account, \u00e8 necessario aggiungere del denaro per acquistare Gala Coin. Di solito, \u00e8 possibile utilizzare un bonifico bancario, una carta di credito o un&#8217;altra criptovaluta. Una volta che l&#8217;account \u00e8 stato finanziato, \u00e8 possibile utilizzare il proprio metodo di pagamento preferito per effettuare un ordine di acquisto di Gala Coin, specificando la quantit\u00e0 desiderata e il range di prezzo.<br><br><\/li><li>Una volta che l&#8217;ordine \u00e8 stato eseguito, \u00e8 necessario prelevare i propri Gala Coin in un portafoglio sicuro. La gestione delle proprie chiavi private, necessarie per accedere ai propri Gala Coin, \u00e8 di fondamentale importanza.<\/li><\/ol>\n\n\n\n<figure class=\"wp-block-embed is-type-video is-provider-youtube wp-block-embed-youtube wp-embed-aspect-16-9 wp-has-aspect-ratio\"><div class=\"wp-block-embed__wrapper\">\n<iframe title=\"Best New Zealand Crypto Exchange - Easy Crypto\" width=\"800\" height=\"450\" src=\"https:\/\/www.youtube.com\/embed\/QsR6_bsbogA?feature=oembed\" frameborder=\"0\" allow=\"accelerometer; autoplay; clipboard-write; encrypted-media; gyroscope; picture-in-picture; web-share\" allowfullscreen><\/iframe>\n<\/div><\/figure>\n\n\n\n<h2 class=\"wp-block-heading\">Acquistare Gala Coin in Nuova Zelanda comporta <\/h2>\n\n\n\n<p>l&#8217;obbligo di pagare le tasse sui capital gain. Tuttavia, le implicazioni fiscali precise dipendono dalle circostanze individuali, inclusi lo stato di residenza e la durata della detenzione dei Gala Coin.<\/p>\n\n\n\n<p>\u00c8 importante ricordare che la legislazione fiscale riguardante le criptovalute, compreso Gala Coin, \u00e8 ancora in evoluzione. Pertanto, \u00e8 consigliabile consultare un esperto fiscale prima di acquistare o disporre di Gala Coin in Nuova Zelanda.<\/p>\n\n\n\n<h2 class=\"wp-block-heading\">Conclusione<\/h2>\n\n\n\n<p>In conclusione, l&#8217;acquisto di Gala Coin in Nuova Zelanda comporta la ricerca di uno scambio che si occupa di criptovalute, la creazione di un account, il trasferimento di denaro e l&#8217;effettuazione di un ordine di acquisto. Le implicazioni fiscali dell&#8217;acquisto e della detenzione di Gala Coin devono essere attentamente considerate e, se necessario, \u00e8 opportuno consultare un consulente fiscale certificato. Se si presta la dovuta attenzione alla protezione del proprio investimento, l&#8217;acquisto di Gala Coin pu\u00f2 essere un modo pratico e sicuro per conservare e trasferire valore.<\/p>\n\n\n\n<!-- Page-list plugin v.5.9 wordpress.org\/plugins\/page-list\/ -->\n<ul class=\"page-list siblings-page-list \">\n<li class=\"page_item page-item-22858\"><a href=\"https:\/\/allin1bitcoins.com\/it\/crypto\/gala\/paypal\/\">Come Acquistare Gala (GALA) Con Paypal<\/a><\/li>\n<li class=\"page_item page-item-22639\"><a href=\"https:\/\/allin1bitcoins.com\/it\/crypto\/gala\/apple-pay\/\">Come Acquistare Gala Coin (GALA) Con Apple Pay<\/a><\/li>\n<li class=\"page_item page-item-22602\"><a href=\"https:\/\/allin1bitcoins.com\/it\/crypto\/gala\/credit-card\/\">Come Acquistare Gala Coin (GALA) Con Carta Di Credito<\/a><\/li>\n<li class=\"page_item page-item-22620\"><a href=\"https:\/\/allin1bitcoins.com\/it\/crypto\/gala\/debit-card\/\">Come Acquistare Gala Coin (GALA) Con Carta Di Debito<\/a><\/li>\n<li class=\"page_item page-item-22711\"><a href=\"https:\/\/allin1bitcoins.com\/it\/crypto\/gala\/crypto-anonymously\/\">Come Acquistare Gala Coin (GALA) Con criptovalute In Modo Anonimo<\/a><\/li>\n<li class=\"page_item page-item-22661\"><a href=\"https:\/\/allin1bitcoins.com\/it\/crypto\/gala\/google-pay\/\">Come Acquistare Gala Coin (GALA) Con Google Pay<\/a><\/li>\n<li class=\"page_item page-item-22670\"><a href=\"https:\/\/allin1bitcoins.com\/it\/crypto\/gala\/neteller\/\">Come Acquistare Gala Coin (GALA) Con Neteller<\/a><\/li>\n<li class=\"page_item page-item-22680\"><a href=\"https:\/\/allin1bitcoins.com\/it\/crypto\/gala\/paysafecard\/\">Come Acquistare Gala Coin (GALA) Con Paysafecard<\/a><\/li>\n<li class=\"page_item page-item-22690\"><a href=\"https:\/\/allin1bitcoins.com\/it\/crypto\/gala\/skrill\/\">Come Acquistare Gala Coin (GALA) Con Skrill<\/a><\/li>\n<li class=\"page_item page-item-22699\"><a href=\"https:\/\/allin1bitcoins.com\/it\/crypto\/gala\/venmo\/\">Come Acquistare Gala Coin (GALA) Con Venmo<\/a><\/li>\n<li class=\"page_item page-item-22757\"><a href=\"https:\/\/allin1bitcoins.com\/it\/crypto\/gala\/australia\/\">Come Acquistare Gala Coin (GALA) In Australia<\/a><\/li>\n<li class=\"page_item page-item-22731\"><a href=\"https:\/\/allin1bitcoins.com\/it\/crypto\/gala\/canada\/\">Come Acquistare Gala Coin (GALA) In Canada<\/a><\/li>\n<li class=\"page_item page-item-22761\"><a href=\"https:\/\/allin1bitcoins.com\/it\/crypto\/gala\/finland\/\">Come Acquistare Gala Coin (GALA) In Finlandia<\/a><\/li>\n<li class=\"page_item page-item-22772\"><a href=\"https:\/\/allin1bitcoins.com\/it\/crypto\/gala\/france\/\">Come Acquistare Gala Coin (GALA) In Francia<\/a><\/li>\n<li class=\"page_item page-item-22790\"><a href=\"https:\/\/allin1bitcoins.com\/it\/crypto\/gala\/ireland\/\">Come Acquistare Gala Coin (GALA) In Irlanda<\/a><\/li>\n<li class=\"page_item page-item-22800\"><a href=\"https:\/\/allin1bitcoins.com\/it\/crypto\/gala\/luxembourg\/\">Come Acquistare Gala Coin (GALA) In Lussemburgo<\/a><\/li>\n<li class=\"page_item page-item-22842\"><a href=\"https:\/\/allin1bitcoins.com\/it\/crypto\/gala\/norway\/\">Come Acquistare Gala Coin (GALA) In Norvegia<\/a><\/li>\n<li class=\"page_item page-item-22810\"><a href=\"https:\/\/allin1bitcoins.com\/it\/crypto\/gala\/new-zealand\/\">Come Acquistare Gala Coin (GALA) In Nuova Zelanda<\/a><\/li>\n<li class=\"page_item page-item-22830\"><a href=\"https:\/\/allin1bitcoins.com\/it\/crypto\/gala\/sweden\/\">Come Acquistare Gala Coin (GALA) In Svezia<\/a><\/li>\n<li class=\"page_item page-item-22741\"><a href=\"https:\/\/allin1bitcoins.com\/it\/crypto\/gala\/the-netherlands\/\">Come Acquistare Gala Coin (GALA) Nei Paesi Bassi<\/a><\/li>\n<li class=\"page_item page-item-22721\"><a href=\"https:\/\/allin1bitcoins.com\/it\/crypto\/gala\/united-kingdom\/\">Come Acquistare Gala Coin (GALA) Nel Regno Unito<\/a><\/li>\n<li class=\"page_item page-item-22630\"><a href=\"https:\/\/allin1bitcoins.com\/it\/crypto\/gala\/american-express\/\">Come Acquistare La Moneta Gala (GALA) Con American Express<\/a><\/li>\n<li class=\"page_item page-item-22781\"><a href=\"https:\/\/allin1bitcoins.com\/it\/crypto\/gala\/germany\/\">Come Acquistare La Moneta Gala (GALA) In Germania<\/a><\/li>\n<li class=\"page_item page-item-22648\"><a href=\"https:\/\/allin1bitcoins.com\/it\/crypto\/gala\/bank-account\/\">Come Comprare Gala Coin (GALA) Con Un Conto Bancario<\/a><\/li>\n\n<\/ul>\n","protected":false},"excerpt":{"rendered":"<p>Trovare uno scambio di criptovalute che supporti Gala Coin \u00e8 il primo passo se si desidera acquistare Gala Coin in Nuova Zelanda. Gala Coin \u00e8 supportato da diversi scambi noti, tra cui OKEx, Huobi e Binance. \u00c8 necessario registrarsi per un account, provare la propria identit\u00e0 e quindi trasferire denaro sul proprio account una volta&#8230;<\/p>\n","protected":false},"author":3,"featured_media":13419,"parent":22591,"menu_order":0,"comment_status":"closed","ping_status":"closed","template":"","meta":{"cybocfi_hide_featured_image":"","footnotes":""},"acf":[],"yoast_head":"<!-- This site is optimized with the Yoast SEO plugin v21.7 - https:\/\/yoast.com\/wordpress\/plugins\/seo\/ -->\n<title>Come Acquistare Gala Coin (GALA) In Nuova Zelanda<\/title>\n<meta name=\"description\" content=\"Trova uno scambio di criptovalute che supporti Gala Coin \u00e8 il primo passo se vuoi acquistare Gala Coin in Nuova Zelanda.\" \/>\n<meta name=\"robots\" content=\"index, follow, max-snippet:-1, max-image-preview:large, max-video-preview:-1\" \/>\n<link rel=\"canonical\" href=\"https:\/\/allin1bitcoins.com\/it\/crypto\/gala\/new-zealand\/\" \/>\n<meta property=\"og:locale\" content=\"it_IT\" \/>\n<meta property=\"og:type\" content=\"article\" \/>\n<meta property=\"og:title\" content=\"Come Acquistare Gala Coin (GALA) In Nuova Zelanda\" \/>\n<meta property=\"og:description\" content=\"Trova uno scambio di criptovalute che supporti Gala Coin \u00e8 il primo passo se vuoi acquistare Gala Coin in Nuova Zelanda.\" \/>\n<meta property=\"og:url\" content=\"https:\/\/allin1bitcoins.com\/it\/crypto\/gala\/new-zealand\/\" \/>\n<meta property=\"og:site_name\" content=\"Allin1Bitcoins\" \/>\n<meta property=\"article:modified_time\" content=\"2023-03-08T17:52:58+00:00\" \/>\n<meta property=\"og:image\" content=\"https:\/\/allin1bitcoins.com\/wp-content\/uploads\/2023\/01\/m-ZzOa5G8hSPI-unsplash.jpg\" \/>\n\t<meta property=\"og:image:width\" content=\"1920\" \/>\n\t<meta property=\"og:image:height\" content=\"1280\" \/>\n\t<meta property=\"og:image:type\" content=\"image\/jpeg\" \/>\n<meta name=\"twitter:card\" content=\"summary_large_image\" \/>\n<meta name=\"twitter:label1\" content=\"Est. reading time\" \/>\n\t<meta name=\"twitter:data1\" content=\"4 minutes\" \/>\n<!-- \/ Yoast SEO plugin. -->","yoast_head_json":{"title":"Come Acquistare Gala Coin (GALA) In Nuova Zelanda","description":"Trova uno scambio di criptovalute che supporti Gala Coin \u00e8 il primo passo se vuoi acquistare Gala Coin in Nuova Zelanda.","robots":{"index":"index","follow":"follow","max-snippet":"max-snippet:-1","max-image-preview":"max-image-preview:large","max-video-preview":"max-video-preview:-1"},"canonical":"https:\/\/allin1bitcoins.com\/it\/crypto\/gala\/new-zealand\/","og_locale":"it_IT","og_type":"article","og_title":"Come Acquistare Gala Coin (GALA) In Nuova Zelanda","og_description":"Trova uno scambio di criptovalute che supporti Gala Coin \u00e8 il primo passo se vuoi acquistare Gala Coin in Nuova Zelanda.","og_url":"https:\/\/allin1bitcoins.com\/it\/crypto\/gala\/new-zealand\/","og_site_name":"Allin1Bitcoins","article_modified_time":"2023-03-08T17:52:58+00:00","og_image":[{"width":1920,"height":1280,"url":"https:\/\/allin1bitcoins.com\/wp-content\/uploads\/2023\/01\/m-ZzOa5G8hSPI-unsplash.jpg","type":"image\/jpeg"}],"twitter_card":"summary_large_image","twitter_misc":{"Est. reading time":"4 minutes"},"schema":{"@context":"https:\/\/schema.org","@graph":[{"@type":"WebPage","@id":"https:\/\/allin1bitcoins.com\/it\/crypto\/gala\/new-zealand\/","url":"https:\/\/allin1bitcoins.com\/it\/crypto\/gala\/new-zealand\/","name":"Come Acquistare Gala Coin (GALA) In Nuova Zelanda","isPartOf":{"@id":"https:\/\/allin1bitcoins.com\/it\/#website"},"datePublished":"2023-03-08T17:52:55+00:00","dateModified":"2023-03-08T17:52:58+00:00","description":"Trova uno scambio di criptovalute che supporti Gala Coin \u00e8 il primo passo se vuoi acquistare Gala Coin in Nuova Zelanda.","breadcrumb":{"@id":"https:\/\/allin1bitcoins.com\/it\/crypto\/gala\/new-zealand\/#breadcrumb"},"inLanguage":"it","potentialAction":[{"@type":"ReadAction","target":["https:\/\/allin1bitcoins.com\/it\/crypto\/gala\/new-zealand\/"]}]},{"@type":"BreadcrumbList","@id":"https:\/\/allin1bitcoins.com\/it\/crypto\/gala\/new-zealand\/#breadcrumb","itemListElement":[{"@type":"ListItem","position":1,"name":"Home","item":"https:\/\/allin1bitcoins.com\/it\/"},{"@type":"ListItem","position":2,"name":"Crypto","item":"https:\/\/allin1bitcoins.com\/it\/crypto\/"},{"@type":"ListItem","position":3,"name":"Come Acquistare Gala (GALA) &#8211; Guida Passo Passo 2023","item":"https:\/\/allin1bitcoins.com\/it\/crypto\/gala\/"},{"@type":"ListItem","position":4,"name":"Come Acquistare Gala Coin (GALA) In Nuova Zelanda"}]},{"@type":"WebSite","@id":"https:\/\/allin1bitcoins.com\/it\/#website","url":"https:\/\/allin1bitcoins.com\/it\/","name":"Allin1Bitcoins","description":"","publisher":{"@id":"https:\/\/allin1bitcoins.com\/it\/#organization"},"potentialAction":[{"@type":"SearchAction","target":{"@type":"EntryPoint","urlTemplate":"https:\/\/allin1bitcoins.com\/it\/?s={search_term_string}"},"query-input":"required name=search_term_string"}],"inLanguage":"it"},{"@type":"Organization","@id":"https:\/\/allin1bitcoins.com\/it\/#organization","name":"allin1bitcoins","url":"https:\/\/allin1bitcoins.com\/it\/","logo":{"@type":"ImageObject","inLanguage":"it","@id":"https:\/\/allin1bitcoins.com\/it\/#\/schema\/logo\/image\/","url":"https:\/\/allin1bitcoins.com\/wp-content\/uploads\/2019\/01\/logo-new.png","contentUrl":"https:\/\/allin1bitcoins.com\/wp-content\/uploads\/2019\/01\/logo-new.png","width":178,"height":71,"caption":"allin1bitcoins"},"image":{"@id":"https:\/\/allin1bitcoins.com\/it\/#\/schema\/logo\/image\/"}}]}},"_links":{"self":[{"href":"https:\/\/allin1bitcoins.com\/it\/wp-json\/wp\/v2\/pages\/22810"}],"collection":[{"href":"https:\/\/allin1bitcoins.com\/it\/wp-json\/wp\/v2\/pages"}],"about":[{"href":"https:\/\/allin1bitcoins.com\/it\/wp-json\/wp\/v2\/types\/page"}],"author":[{"embeddable":true,"href":"https:\/\/allin1bitcoins.com\/it\/wp-json\/wp\/v2\/users\/3"}],"replies":[{"embeddable":true,"href":"https:\/\/allin1bitcoins.com\/it\/wp-json\/wp\/v2\/comments?post=22810"}],"version-history":[{"count":1,"href":"https:\/\/allin1bitcoins.com\/it\/wp-json\/wp\/v2\/pages\/22810\/revisions"}],"predecessor-version":[{"id":22816,"href":"https:\/\/allin1bitcoins.com\/it\/wp-json\/wp\/v2\/pages\/22810\/revisions\/22816"}],"up":[{"embeddable":true,"href":"https:\/\/allin1bitcoins.com\/it\/wp-json\/wp\/v2\/pages\/22591"}],"wp:featuredmedia":[{"embeddable":true,"href":"https:\/\/allin1bitcoins.com\/it\/wp-json\/wp\/v2\/media\/13419"}],"wp:attachment":[{"href":"https:\/\/allin1bitcoins.com\/it\/wp-json\/wp\/v2\/media?parent=22810"}],"curies":[{"name":"wp","href":"https:\/\/api.w.org\/{rel}","templated":true}]}}