{"id":23067,"date":"2023-03-10T03:09:53","date_gmt":"2023-03-10T03:09:53","guid":{"rendered":"https:\/\/allin1bitcoins.com\/?page_id=23067"},"modified":"2023-03-10T03:09:56","modified_gmt":"2023-03-10T03:09:56","slug":"neteller","status":"publish","type":"page","link":"https:\/\/allin1bitcoins.com\/it\/crypto\/dogecoin\/neteller\/","title":{"rendered":"Come Acquistare Dogecoin (DOGE) Con Neteller"},"content":{"rendered":"\n<h2 class=\"wp-block-heading\">Puoi acquistare Dogecoin con Neteller.<\/h2>\n\n\n\n<p>Il modo pi\u00f9 semplice per comprare Dogecoin con Neteller \u00e8 trovare un exchange di criptovalute che accetti Neteller e seguire le loro istruzioni per l&#8217;acquisto di Dogecoin. Tieni presente che non tutti gli exchange accettano Neteller, quindi potresti dover cercare per trovarne uno. Inoltre, potresti dover inserire alcune informazioni personali e finanziarie, come il tuo nome, l&#8217;indirizzo email e le informazioni del tuo account Neteller, per creare un account e completare la transazione.<\/p>\n\n\n\n<h2 class=\"wp-block-heading\">Panoramica su Dogecoin<\/h2>\n\n\n\n<p>Una criptovaluta chiamata Dogecoin \u00e8 stata creata nel 2013 come uno scherzo basato sul famoso meme di internet &#8220;Doge&#8221;. Nonostante le sue umili origini, Dogecoin ha guadagnato popolarit\u00e0 ed ha una grande base di utenti e fan. Utilizza la stessa tecnologia di Bitcoin e funziona su una rete decentralizzata, il che significa che nessuna autorit\u00e0 governativa o istituzione finanziaria ha alcuna influenza su di essa.<\/p>\n\n\n\n<p>\u00c8 possibile effettuare diverse attivit\u00e0, come transazioni online, pagamenti e raccolte fondi, con Dogecoin. Pu\u00f2 essere conservato in un portafoglio digitale e scambiato su exchange per criptovalute.<\/p>\n\n\n\n<h2 class=\"wp-block-heading\">Perch\u00e9 vorresti acquistare Dogecoin usando Neteller?<\/h2>\n\n\n\n<p>Potresti voler acquistare Dogecoin con Neteller per una variet\u00e0 di motivi. Neteller rende semplice e pratico l&#8217;acquisto di Dogecoin perch\u00e9 \u00e8 un&#8217;opzione di pagamento frequentemente utilizzata e affidabile. L&#8217;utilizzo di Neteller potrebbe anche fornire una sorta di sicurezza contro frodi e transazioni illecite.<\/p>\n\n\n\n<p>Un altro vantaggio dell&#8217;utilizzo di Neteller per acquistare Dogecoin \u00e8 che ti consente di farlo senza una carta di credito o un conto bancario. Le persone che non hanno un conto bancario o una carta di credito, o che scelgono di non utilizzare questi strumenti finanziari per le transazioni su Internet, potrebbero trovare questo estremamente utile. Neteller \u00e8 un modo facile e sicuro per pagare Dogecoin poich\u00e9 ti consente di effettuare transazioni utilizzando denaro nel tuo account Neteller.<\/p>\n\n\n\n<h2 class=\"wp-block-heading\">Istruzioni dettagliate su come acquistare Dogecoin utilizzando Neteller<\/h2>\n\n\n\n<p><strong>Di seguito \u00e8 riportata una guida passo passo su come acquistare Dogecoin utilizzando Neteller:<\/strong><\/p>\n\n\n\n<ol><li>Devi cercare un exchange di criptovalute che accetti Neteller. Potresti dover cercare intorno per trovare uno che accetti Neteller poich\u00e9 non tutti lo fanno. Neteller \u00e8 accettato da diversi exchange ben noti, tra cui Coinbase, Paxful e LocalBitcoins.<br><br><\/li><li>Crea un profilo sull&#8217;exchange. Di solito, ti verranno richieste alcune informazioni finanziarie e personali come il tuo nome, l&#8217;indirizzo email e le informazioni del tuo account Neteller.<br><br><\/li><li>I controlli del tuo account. Prima di effettuare l&#8217;acquisto su molte piattaforme di scambio, \u00e8 necessario autenticare la tua identit\u00e0. Potrebbe essere necessario caricare una copia del tuo documento d&#8217;identit\u00e0 o altri documenti di supporto, oltre a completare un processo di verifica tramite telefono o e-mail.<br><br><\/li><li>Scegli Dogecoin come criptovaluta per l&#8217;acquisto. Di solito, \u00e8 possibile cercare Dogecoin o altre criptovalute sulle piattaforme di scambio e aggiungerle al carrello per un acquisto successivo.<br><br><\/li><li>Seleziona Neteller come forma di pagamento. Scegli Neteller come opzione di pagamento preferita per acquistare Dogecoin.<br><br><\/li><li>Devi inserire la quantit\u00e0 di Dogecoin che desideri acquistare e quindi approvare la transazione. Verifica i dettagli della transazione, come il costo e le altre commissioni, e conferma l&#8217;acquisto.<br><br><\/li><li>Aspetta che la transazione sia completata. A seconda della piattaforma di scambio e del livello di domanda di Dogecoin al momento, la transazione potrebbe richiedere alcuni minuti per essere completata. Dogecoin verr\u00e0 aggiunto al tuo portafoglio online sulla piattaforma di scambio non appena la transazione sar\u00e0 completata.<\/li><\/ol>\n\n\n\n<figure class=\"wp-block-embed is-type-video is-provider-youtube wp-block-embed-youtube wp-embed-aspect-16-9 wp-has-aspect-ratio\"><div class=\"wp-block-embed__wrapper\">\n<iframe title=\"How Dogecoin works - Tech Explained #doge #whitepaper\" width=\"800\" height=\"450\" src=\"https:\/\/www.youtube.com\/embed\/_ZkAsJfDylM?feature=oembed\" frameborder=\"0\" allow=\"accelerometer; autoplay; clipboard-write; encrypted-media; gyroscope; picture-in-picture; web-share\" allowfullscreen><\/iframe>\n<\/div><\/figure>\n\n\n\n<h2 class=\"wp-block-heading\">Svantaggi dell&#8217;utilizzo di Neteller per l&#8217;acquisto di Dogecoin<\/h2>\n\n\n\n<p>Ci sono alcuni svantaggi nell&#8217;acquistare Dogecoin utilizzando Neteller da considerare. Il fatto che non tutte le piattaforme di scambio accettino Neteller significa che potresti dover cercare una che lo faccia. Inoltre, l&#8217;utilizzo di Neteller pu\u00f2 comportare il pagamento di commissioni per le transazioni, aumentando il prezzo finale dell&#8217;acquisto. Anche se le commissioni di Neteller sono spesso basse, \u00e8 comunque importante analizzarle attentamente prima di utilizzare questa opzione di pagamento per effettuare una transazione.<\/p>\n\n\n\n<p>Un altro svantaggio \u00e8 che Dogecoin, come altre criptovalute, \u00e8 estremamente volatile e il suo valore pu\u00f2 cambiare drasticamente. Ci\u00f2 significa che il tuo investimento potrebbe essere influenzato se il prezzo di Dogecoin cambia drasticamente in breve tempo. Tutti gli investimenti in criptovalute comportano questo rischio, quindi \u00e8 importante pensarci attentamente prima di acquistare.<\/p>\n\n\n\n<h2 class=\"wp-block-heading\">Conclusione<\/h2>\n\n\n\n<p>In conclusione, l&#8217;acquisto di Dogecoin con Neteller \u00e8 un&#8217;operazione abbastanza semplice che pu\u00f2 essere effettuata attraverso uno scambio di criptovalute che offre Neteller come opzione di pagamento. Tuttavia, ci sono rischi associati all&#8217;investimento in criptovalute, quindi \u00e8 fondamentale investigare a fondo lo scambio e la valuta in questione prima di effettuare un acquisto. Inoltre, bisogna essere consapevoli di eventuali commissioni che possono essere addebitate durante l&#8217;utilizzo di Neteller come opzione di pagamento e decidere se la comodit\u00e0 giustifica la spesa. In generale, se si adottano le giuste precauzioni per proteggere il proprio investimento, Neteller pu\u00f2 essere un&#8217;opzione semplice e sicura per acquistare Dogecoin.<\/p>\n\n\n\n<!-- Page-list plugin v.5.9 wordpress.org\/plugins\/page-list\/ -->\n<ul class=\"page-list siblings-page-list \">\n<li class=\"page_item page-item-23032\"><a href=\"https:\/\/allin1bitcoins.com\/it\/crypto\/dogecoin\/american-express\/\">Come Acquistare Dogecoin (DOGE) Con American Express<\/a><\/li>\n<li class=\"page_item page-item-23041\"><a href=\"https:\/\/allin1bitcoins.com\/it\/crypto\/dogecoin\/apple-pay\/\">Come Acquistare Dogecoin (DOGE) Con Apple Pay<\/a><\/li>\n<li class=\"page_item page-item-23058\"><a href=\"https:\/\/allin1bitcoins.com\/it\/crypto\/dogecoin\/google-pay\/\">Come Acquistare Dogecoin (DOGE) Con Google Pay<\/a><\/li>\n<li class=\"page_item page-item-23067\"><a href=\"https:\/\/allin1bitcoins.com\/it\/crypto\/dogecoin\/neteller\/\">Come Acquistare Dogecoin (DOGE) Con Neteller<\/a><\/li>\n<li class=\"page_item page-item-23012\"><a href=\"https:\/\/allin1bitcoins.com\/it\/crypto\/dogecoin\/paypal\/\">Come Acquistare Dogecoin (DOGE) Con PayPal<\/a><\/li>\n<li class=\"page_item page-item-23076\"><a href=\"https:\/\/allin1bitcoins.com\/it\/crypto\/dogecoin\/paysafecard\/\">Come Acquistare Dogecoin (DOGE) Con Paysafecard<\/a><\/li>\n<li class=\"page_item page-item-23049\"><a href=\"https:\/\/allin1bitcoins.com\/it\/crypto\/dogecoin\/bank-account\/\">Come Acquistare Dogecoin (DOGE) Con Un Conto Bancario<\/a><\/li>\n<li class=\"page_item page-item-23086\"><a href=\"https:\/\/allin1bitcoins.com\/it\/crypto\/dogecoin\/skrill\/\">Come Comprare Dogecoin (DOGE) Con Skrill<\/a><\/li>\n\n<\/ul>\n","protected":false},"excerpt":{"rendered":"<p>Puoi acquistare Dogecoin con Neteller. Il modo pi\u00f9 semplice per comprare Dogecoin con Neteller \u00e8 trovare un exchange di criptovalute che accetti Neteller e seguire le loro istruzioni per l&#8217;acquisto di Dogecoin. Tieni presente che non tutti gli exchange accettano Neteller, quindi potresti dover cercare per trovarne uno. Inoltre, potresti dover inserire alcune informazioni personali&#8230;<\/p>\n","protected":false},"author":3,"featured_media":12908,"parent":22868,"menu_order":0,"comment_status":"closed","ping_status":"closed","template":"","meta":{"cybocfi_hide_featured_image":"","footnotes":""},"acf":[],"yoast_head":"<!-- This site is optimized with the Yoast SEO plugin v21.7 - https:\/\/yoast.com\/wordpress\/plugins\/seo\/ -->\n<title>Come Acquistare Dogecoin (DOGE) Con Neteller<\/title>\n<meta name=\"description\" content=\"Trova un exchange di criptovalute che accetti Neteller e segui le loro istruzioni per l&#039;acquisto di Dogecoin. Continua a leggere!\" \/>\n<meta name=\"robots\" content=\"index, follow, max-snippet:-1, max-image-preview:large, max-video-preview:-1\" \/>\n<link rel=\"canonical\" href=\"https:\/\/allin1bitcoins.com\/it\/crypto\/dogecoin\/neteller\/\" \/>\n<meta property=\"og:locale\" content=\"it_IT\" \/>\n<meta property=\"og:type\" content=\"article\" \/>\n<meta property=\"og:title\" content=\"Come Acquistare Dogecoin (DOGE) Con Neteller\" \/>\n<meta property=\"og:description\" content=\"Trova un exchange di criptovalute che accetti Neteller e segui le loro istruzioni per l&#039;acquisto di Dogecoin. Continua a leggere!\" \/>\n<meta property=\"og:url\" content=\"https:\/\/allin1bitcoins.com\/it\/crypto\/dogecoin\/neteller\/\" \/>\n<meta property=\"og:site_name\" content=\"Allin1Bitcoins\" \/>\n<meta property=\"article:modified_time\" content=\"2023-03-10T03:09:56+00:00\" \/>\n<meta property=\"og:image\" content=\"https:\/\/allin1bitcoins.com\/wp-content\/uploads\/2023\/01\/brian-tromp-VvoSOPA9lgc-unsplash.jpg\" \/>\n\t<meta property=\"og:image:width\" content=\"640\" \/>\n\t<meta property=\"og:image:height\" content=\"427\" \/>\n\t<meta property=\"og:image:type\" content=\"image\/jpeg\" \/>\n<meta name=\"twitter:card\" content=\"summary_large_image\" \/>\n<meta name=\"twitter:label1\" content=\"Est. reading time\" \/>\n\t<meta name=\"twitter:data1\" content=\"4 minutes\" \/>\n<!-- \/ Yoast SEO plugin. -->","yoast_head_json":{"title":"Come Acquistare Dogecoin (DOGE) Con Neteller","description":"Trova un exchange di criptovalute che accetti Neteller e segui le loro istruzioni per l'acquisto di Dogecoin. Continua a leggere!","robots":{"index":"index","follow":"follow","max-snippet":"max-snippet:-1","max-image-preview":"max-image-preview:large","max-video-preview":"max-video-preview:-1"},"canonical":"https:\/\/allin1bitcoins.com\/it\/crypto\/dogecoin\/neteller\/","og_locale":"it_IT","og_type":"article","og_title":"Come Acquistare Dogecoin (DOGE) Con Neteller","og_description":"Trova un exchange di criptovalute che accetti Neteller e segui le loro istruzioni per l'acquisto di Dogecoin. Continua a leggere!","og_url":"https:\/\/allin1bitcoins.com\/it\/crypto\/dogecoin\/neteller\/","og_site_name":"Allin1Bitcoins","article_modified_time":"2023-03-10T03:09:56+00:00","og_image":[{"width":640,"height":427,"url":"https:\/\/allin1bitcoins.com\/wp-content\/uploads\/2023\/01\/brian-tromp-VvoSOPA9lgc-unsplash.jpg","type":"image\/jpeg"}],"twitter_card":"summary_large_image","twitter_misc":{"Est. reading time":"4 minutes"},"schema":{"@context":"https:\/\/schema.org","@graph":[{"@type":"WebPage","@id":"https:\/\/allin1bitcoins.com\/it\/crypto\/dogecoin\/neteller\/","url":"https:\/\/allin1bitcoins.com\/it\/crypto\/dogecoin\/neteller\/","name":"Come Acquistare Dogecoin (DOGE) Con Neteller","isPartOf":{"@id":"https:\/\/allin1bitcoins.com\/it\/#website"},"datePublished":"2023-03-10T03:09:53+00:00","dateModified":"2023-03-10T03:09:56+00:00","description":"Trova un exchange di criptovalute che accetti Neteller e segui le loro istruzioni per l'acquisto di Dogecoin. Continua a leggere!","breadcrumb":{"@id":"https:\/\/allin1bitcoins.com\/it\/crypto\/dogecoin\/neteller\/#breadcrumb"},"inLanguage":"it","potentialAction":[{"@type":"ReadAction","target":["https:\/\/allin1bitcoins.com\/it\/crypto\/dogecoin\/neteller\/"]}]},{"@type":"BreadcrumbList","@id":"https:\/\/allin1bitcoins.com\/it\/crypto\/dogecoin\/neteller\/#breadcrumb","itemListElement":[{"@type":"ListItem","position":1,"name":"Home","item":"https:\/\/allin1bitcoins.com\/it\/"},{"@type":"ListItem","position":2,"name":"Crypto","item":"https:\/\/allin1bitcoins.com\/it\/crypto\/"},{"@type":"ListItem","position":3,"name":"Come Acquistare Dogecoin (DOGE) &#8211; Guida Passo Passo 2023","item":"https:\/\/allin1bitcoins.com\/it\/crypto\/dogecoin\/"},{"@type":"ListItem","position":4,"name":"Come Acquistare Dogecoin (DOGE) Con Neteller"}]},{"@type":"WebSite","@id":"https:\/\/allin1bitcoins.com\/it\/#website","url":"https:\/\/allin1bitcoins.com\/it\/","name":"Allin1Bitcoins","description":"","publisher":{"@id":"https:\/\/allin1bitcoins.com\/it\/#organization"},"potentialAction":[{"@type":"SearchAction","target":{"@type":"EntryPoint","urlTemplate":"https:\/\/allin1bitcoins.com\/it\/?s={search_term_string}"},"query-input":"required name=search_term_string"}],"inLanguage":"it"},{"@type":"Organization","@id":"https:\/\/allin1bitcoins.com\/it\/#organization","name":"allin1bitcoins","url":"https:\/\/allin1bitcoins.com\/it\/","logo":{"@type":"ImageObject","inLanguage":"it","@id":"https:\/\/allin1bitcoins.com\/it\/#\/schema\/logo\/image\/","url":"https:\/\/allin1bitcoins.com\/wp-content\/uploads\/2019\/01\/logo-new.png","contentUrl":"https:\/\/allin1bitcoins.com\/wp-content\/uploads\/2019\/01\/logo-new.png","width":178,"height":71,"caption":"allin1bitcoins"},"image":{"@id":"https:\/\/allin1bitcoins.com\/it\/#\/schema\/logo\/image\/"}}]}},"_links":{"self":[{"href":"https:\/\/allin1bitcoins.com\/it\/wp-json\/wp\/v2\/pages\/23067"}],"collection":[{"href":"https:\/\/allin1bitcoins.com\/it\/wp-json\/wp\/v2\/pages"}],"about":[{"href":"https:\/\/allin1bitcoins.com\/it\/wp-json\/wp\/v2\/types\/page"}],"author":[{"embeddable":true,"href":"https:\/\/allin1bitcoins.com\/it\/wp-json\/wp\/v2\/users\/3"}],"replies":[{"embeddable":true,"href":"https:\/\/allin1bitcoins.com\/it\/wp-json\/wp\/v2\/comments?post=23067"}],"version-history":[{"count":1,"href":"https:\/\/allin1bitcoins.com\/it\/wp-json\/wp\/v2\/pages\/23067\/revisions"}],"predecessor-version":[{"id":23071,"href":"https:\/\/allin1bitcoins.com\/it\/wp-json\/wp\/v2\/pages\/23067\/revisions\/23071"}],"up":[{"embeddable":true,"href":"https:\/\/allin1bitcoins.com\/it\/wp-json\/wp\/v2\/pages\/22868"}],"wp:featuredmedia":[{"embeddable":true,"href":"https:\/\/allin1bitcoins.com\/it\/wp-json\/wp\/v2\/media\/12908"}],"wp:attachment":[{"href":"https:\/\/allin1bitcoins.com\/it\/wp-json\/wp\/v2\/media?parent=23067"}],"curies":[{"name":"wp","href":"https:\/\/api.w.org\/{rel}","templated":true}]}}