{"id":23076,"date":"2023-03-10T03:23:34","date_gmt":"2023-03-10T03:23:34","guid":{"rendered":"https:\/\/allin1bitcoins.com\/?page_id=23076"},"modified":"2023-03-10T03:23:37","modified_gmt":"2023-03-10T03:23:37","slug":"paysafecard","status":"publish","type":"page","link":"https:\/\/allin1bitcoins.com\/it\/crypto\/dogecoin\/paysafecard\/","title":{"rendered":"Come Acquistare Dogecoin (DOGE) Con Paysafecard"},"content":{"rendered":"\n<p>La risposta breve su come acquistare Dogecoin con Paysafecard \u00e8 quella di trovare un exchange di criptovalute che accetti Paysafecard e seguire le loro istruzioni per l&#8217;acquisto di Dogecoin. Ricorda che non tutti gli exchange accettano Paysafecard, quindi potresti dover cercare uno che lo faccia. Per creare un account e completare la transazione, potrebbe essere richiesto di fornire alcune informazioni personali e finanziarie, come il tuo nome, indirizzo email e dettagli di Paysafecard.<\/p>\n\n\n\n<h2 class=\"wp-block-heading\">Panoramica su Dogecoin<\/h2>\n\n\n\n<p>Come scherzo basato sul noto meme di internet &#8220;Doge&#8221;, Dogecoin \u00e8 una criptovaluta sviluppata nel 2013. Nonostante i suoi umili inizi, Dogecoin ha sviluppato un seguito fedele di utenti e sostenitori. Utilizza la stessa tecnologia di Bitcoin e funziona su una rete decentralizzata, il che significa che non \u00e8 governato da un&#8217;unica organizzazione governativa o finanziaria.<\/p>\n\n\n\n<p>\u00c8 possibile effettuare varie attivit\u00e0, come transazioni online, pagamenti e raccolte di fondi, con Dogecoin. Pu\u00f2 essere conservato in un portafoglio digitale e scambiato su exchange per criptovalute.<\/p>\n\n\n\n<h2 class=\"wp-block-heading\">I vantaggi dell&#8217;acquisto di Dogecoin con Paysafecard<\/h2>\n\n\n\n<p>Potresti desiderare di acquistare Dogecoin con Paysafecard per diversi motivi. Una spiegazione \u00e8 che Paysafecard \u00e8 un&#8217;opzione di pagamento affidabile e ampiamente utilizzata, rendendolo un modo semplice e pratico per acquistare Dogecoin. Inoltre, utilizzare Paysafecard potrebbe fornire un certo grado di sicurezza contro frodi e transazioni illegali.<\/p>\n\n\n\n<p>Paysafecard consente anche di acquistare Dogecoin senza una carta di credito o un conto bancario, il che \u00e8 un altro vantaggio nell&#8217;utilizzarlo. Questo \u00e8 particolarmente utile per le persone che non hanno un conto bancario o una carta di credito o che scelgono di non utilizzare metodi di pagamento convenzionali per le transazioni online. Paysafecard \u00e8 un modo comodo e sicuro per acquistare Dogecoin poich\u00e9 consente di effettuare acquisti utilizzando una carta prepagata che \u00e8 possibile ottenere in diversi negozi.<\/p>\n\n\n\n<h2 class=\"wp-block-heading\">Come acquistare Dogecoin utilizzando Paysafecard in dettaglio<\/h2>\n\n\n\n<p><strong>Ecco un tutorial che mostra passo dopo passo come acquistare Dogecoin con Paysafecard:<\/strong><\/p>\n\n\n\n<ol><li>Trova un exchange di criptovalute che accetti Paysafecard. Potresti dover cercare un po&#8217; per trovare un exchange che accetti Paysafecard, poich\u00e9 non tutti lo fanno. Exchange popolari come Coinbase, Paxful e LocalBitcoins offrono tutti Paysafecard.<br><br><\/li><li>Crea un profilo sull&#8217;exchange. In genere, ti verranno chieste alcune informazioni finanziarie e personali, come il tuo nome, indirizzo email e informazioni su Paysafecard.<br><br><\/li><li>Controlla il tuo account. Prima di effettuare un acquisto su diverse piattaforme di exchange, devi autenticare la tua identit\u00e0. Potrebbe essere necessario caricare una copia del tuo documento d&#8217;identit\u00e0 o di altri documenti di supporto, oltre a completare un processo di verifica tramite telefono o email.<br><br><\/li><li>Scegli Dogecoin come criptovaluta per l&#8217;acquisto. Di solito puoi cercare Dogecoin o altre criptovalute su diverse piattaforme di exchange e aggiungerle al carrello per l&#8217;acquisto successivo.<br><br><\/li><li>Seleziona Paysafecard come modalit\u00e0 di pagamento. Quando acquisti Dogecoin, scegli Paysafecard come opzione di pagamento preferita.<br><br><\/li><li>Inserisci la quantit\u00e0 di Dogecoin che desideri acquistare e approva la transazione. Controlla i dettagli della transazione, come il costo e le altre spese, e conferma l&#8217;acquisto.<br><br><\/li><li>Attendi fino al termine della transazione. A seconda dell&#8217;exchange e del livello di domanda di Dogecoin al momento, la transazione potrebbe richiedere alcuni minuti per essere completata. Una volta terminata la transazione, i tuoi Dogecoin saranno aggiunti al tuo portafoglio online dell&#8217;exchange.<\/li><\/ol>\n\n\n\n<figure class=\"wp-block-embed is-type-video is-provider-youtube wp-block-embed-youtube wp-embed-aspect-16-9 wp-has-aspect-ratio\"><div class=\"wp-block-embed__wrapper\">\n<iframe title=\"ALL IN ON DOGECOIN\" width=\"800\" height=\"450\" src=\"https:\/\/www.youtube.com\/embed\/3IXQKs8ZSrs?feature=oembed\" frameborder=\"0\" allow=\"accelerometer; autoplay; clipboard-write; encrypted-media; gyroscope; picture-in-picture; web-share\" allowfullscreen><\/iframe>\n<\/div><\/figure>\n\n\n\n<h2 class=\"wp-block-heading\">Svantaggi dell&#8217;acquisto di Dogecoin con Paysafecard<\/h2>\n\n\n\n<p>Ci sono alcuni svantaggi da considerare nell&#8217;acquisto di Dogecoin con Paysafecard. Il fatto che non tutte le piattaforme di exchange accettino Paysafecard significa che potresti dover cercare una piattaforma che la accetti. Inoltre, l&#8217;utilizzo di Paysafecard potrebbe comportare il pagamento di commissioni di transazione, aumentando il costo finale dell&#8217;acquisto. Nonostante le commissioni relativamente basse associate a Paysafecard, \u00e8 comunque importante valutarle attentamente prima di utilizzare questa opzione di pagamento per effettuare una transazione.<\/p>\n\n\n\n<p>Un altro svantaggio \u00e8 che Dogecoin, come altre criptovalute, \u00e8 estremamente volatile e il suo valore pu\u00f2 cambiare drasticamente. Ci\u00f2 significa che il prezzo di Dogecoin potrebbe aumentare o diminuire rapidamente nel giro di poco tempo, il che potrebbe influire sul tuo investimento. Tutti gli investimenti in criptovalute comportano questo rischio, quindi \u00e8 importante pensarci attentamente prima di acquistare.<\/p>\n\n\n\n<h2 class=\"wp-block-heading\">Conclusione<\/h2>\n\n\n\n<p>In conclusione, l&#8217;acquisto di Dogecoin con Paysafecard \u00e8 un processo abbastanza semplice che pu\u00f2 essere effettuato tramite una piattaforma di exchange che offre Paysafecard come opzione di pagamento. Anche se ci sono rischi associati agli investimenti in criptovalute, \u00e8 importante condurre una ricerca approfondita sia sull&#8217;exchange che sulla criptovaluta specifica prima di effettuare un acquisto. Valuta se la facilit\u00e0 d&#8217;uso di questa opzione di pagamento giustifica le possibili commissioni associate all&#8217;uso di Paysafecard e qualsiasi altro costo che potrebbe essere sostenuto. In generale, Paysafecard pu\u00f2 essere un metodo di pagamento pratico e sicuro.<\/p>\n\n\n\n<!-- Page-list plugin v.5.9 wordpress.org\/plugins\/page-list\/ -->\n<ul class=\"page-list siblings-page-list \">\n<li class=\"page_item page-item-23032\"><a href=\"https:\/\/allin1bitcoins.com\/it\/crypto\/dogecoin\/american-express\/\">Come Acquistare Dogecoin (DOGE) Con American Express<\/a><\/li>\n<li class=\"page_item page-item-23041\"><a href=\"https:\/\/allin1bitcoins.com\/it\/crypto\/dogecoin\/apple-pay\/\">Come Acquistare Dogecoin (DOGE) Con Apple Pay<\/a><\/li>\n<li class=\"page_item page-item-23058\"><a href=\"https:\/\/allin1bitcoins.com\/it\/crypto\/dogecoin\/google-pay\/\">Come Acquistare Dogecoin (DOGE) Con Google Pay<\/a><\/li>\n<li class=\"page_item page-item-23067\"><a href=\"https:\/\/allin1bitcoins.com\/it\/crypto\/dogecoin\/neteller\/\">Come Acquistare Dogecoin (DOGE) Con Neteller<\/a><\/li>\n<li class=\"page_item page-item-23012\"><a href=\"https:\/\/allin1bitcoins.com\/it\/crypto\/dogecoin\/paypal\/\">Come Acquistare Dogecoin (DOGE) Con PayPal<\/a><\/li>\n<li class=\"page_item page-item-23076\"><a href=\"https:\/\/allin1bitcoins.com\/it\/crypto\/dogecoin\/paysafecard\/\">Come Acquistare Dogecoin (DOGE) Con Paysafecard<\/a><\/li>\n<li class=\"page_item page-item-23049\"><a href=\"https:\/\/allin1bitcoins.com\/it\/crypto\/dogecoin\/bank-account\/\">Come Acquistare Dogecoin (DOGE) Con Un Conto Bancario<\/a><\/li>\n<li class=\"page_item page-item-23086\"><a href=\"https:\/\/allin1bitcoins.com\/it\/crypto\/dogecoin\/skrill\/\">Come Comprare Dogecoin (DOGE) Con Skrill<\/a><\/li>\n\n<\/ul>\n","protected":false},"excerpt":{"rendered":"<p>La risposta breve su come acquistare Dogecoin con Paysafecard \u00e8 quella di trovare un exchange di criptovalute che accetti Paysafecard e seguire le loro istruzioni per l&#8217;acquisto di Dogecoin. Ricorda che non tutti gli exchange accettano Paysafecard, quindi potresti dover cercare uno che lo faccia. Per creare un account e completare la transazione, potrebbe essere&#8230;<\/p>\n","protected":false},"author":3,"featured_media":12919,"parent":22868,"menu_order":0,"comment_status":"closed","ping_status":"closed","template":"","meta":{"cybocfi_hide_featured_image":"","footnotes":""},"acf":[],"yoast_head":"<!-- This site is optimized with the Yoast SEO plugin v21.7 - https:\/\/yoast.com\/wordpress\/plugins\/seo\/ -->\n<title>Come Acquistare Dogecoin (DOGE) Con Paysafecard<\/title>\n<meta name=\"description\" content=\"La risposta breve su come acquistare Dogecoin con Paysafecard \u00e8 trovare un exchange di criptovalute e seguire le istruzioni.\" \/>\n<meta name=\"robots\" content=\"index, follow, max-snippet:-1, max-image-preview:large, max-video-preview:-1\" \/>\n<link rel=\"canonical\" href=\"https:\/\/allin1bitcoins.com\/it\/crypto\/dogecoin\/paysafecard\/\" \/>\n<meta property=\"og:locale\" content=\"it_IT\" \/>\n<meta property=\"og:type\" content=\"article\" \/>\n<meta property=\"og:title\" content=\"Come Acquistare Dogecoin (DOGE) Con Paysafecard\" \/>\n<meta property=\"og:description\" content=\"La risposta breve su come acquistare Dogecoin con Paysafecard \u00e8 trovare un exchange di criptovalute e seguire le istruzioni.\" \/>\n<meta property=\"og:url\" content=\"https:\/\/allin1bitcoins.com\/it\/crypto\/dogecoin\/paysafecard\/\" \/>\n<meta property=\"og:site_name\" content=\"Allin1Bitcoins\" \/>\n<meta property=\"article:modified_time\" content=\"2023-03-10T03:23:37+00:00\" \/>\n<meta property=\"og:image\" content=\"https:\/\/allin1bitcoins.com\/wp-content\/uploads\/2023\/01\/viktor-forgacs-3PyBkxgTiL0-unsplash.jpg\" \/>\n\t<meta property=\"og:image:width\" content=\"1920\" \/>\n\t<meta property=\"og:image:height\" content=\"1280\" \/>\n\t<meta property=\"og:image:type\" content=\"image\/jpeg\" \/>\n<meta name=\"twitter:card\" content=\"summary_large_image\" \/>\n<meta name=\"twitter:label1\" content=\"Est. reading time\" \/>\n\t<meta name=\"twitter:data1\" content=\"4 minutes\" \/>\n<!-- \/ Yoast SEO plugin. -->","yoast_head_json":{"title":"Come Acquistare Dogecoin (DOGE) Con Paysafecard","description":"La risposta breve su come acquistare Dogecoin con Paysafecard \u00e8 trovare un exchange di criptovalute e seguire le istruzioni.","robots":{"index":"index","follow":"follow","max-snippet":"max-snippet:-1","max-image-preview":"max-image-preview:large","max-video-preview":"max-video-preview:-1"},"canonical":"https:\/\/allin1bitcoins.com\/it\/crypto\/dogecoin\/paysafecard\/","og_locale":"it_IT","og_type":"article","og_title":"Come Acquistare Dogecoin (DOGE) Con Paysafecard","og_description":"La risposta breve su come acquistare Dogecoin con Paysafecard \u00e8 trovare un exchange di criptovalute e seguire le istruzioni.","og_url":"https:\/\/allin1bitcoins.com\/it\/crypto\/dogecoin\/paysafecard\/","og_site_name":"Allin1Bitcoins","article_modified_time":"2023-03-10T03:23:37+00:00","og_image":[{"width":1920,"height":1280,"url":"https:\/\/allin1bitcoins.com\/wp-content\/uploads\/2023\/01\/viktor-forgacs-3PyBkxgTiL0-unsplash.jpg","type":"image\/jpeg"}],"twitter_card":"summary_large_image","twitter_misc":{"Est. reading time":"4 minutes"},"schema":{"@context":"https:\/\/schema.org","@graph":[{"@type":"WebPage","@id":"https:\/\/allin1bitcoins.com\/it\/crypto\/dogecoin\/paysafecard\/","url":"https:\/\/allin1bitcoins.com\/it\/crypto\/dogecoin\/paysafecard\/","name":"Come Acquistare Dogecoin (DOGE) Con Paysafecard","isPartOf":{"@id":"https:\/\/allin1bitcoins.com\/it\/#website"},"datePublished":"2023-03-10T03:23:34+00:00","dateModified":"2023-03-10T03:23:37+00:00","description":"La risposta breve su come acquistare Dogecoin con Paysafecard \u00e8 trovare un exchange di criptovalute e seguire le istruzioni.","breadcrumb":{"@id":"https:\/\/allin1bitcoins.com\/it\/crypto\/dogecoin\/paysafecard\/#breadcrumb"},"inLanguage":"it","potentialAction":[{"@type":"ReadAction","target":["https:\/\/allin1bitcoins.com\/it\/crypto\/dogecoin\/paysafecard\/"]}]},{"@type":"BreadcrumbList","@id":"https:\/\/allin1bitcoins.com\/it\/crypto\/dogecoin\/paysafecard\/#breadcrumb","itemListElement":[{"@type":"ListItem","position":1,"name":"Home","item":"https:\/\/allin1bitcoins.com\/it\/"},{"@type":"ListItem","position":2,"name":"Crypto","item":"https:\/\/allin1bitcoins.com\/it\/crypto\/"},{"@type":"ListItem","position":3,"name":"Come Acquistare Dogecoin (DOGE) &#8211; Guida Passo Passo 2023","item":"https:\/\/allin1bitcoins.com\/it\/crypto\/dogecoin\/"},{"@type":"ListItem","position":4,"name":"Come Acquistare Dogecoin (DOGE) Con Paysafecard"}]},{"@type":"WebSite","@id":"https:\/\/allin1bitcoins.com\/it\/#website","url":"https:\/\/allin1bitcoins.com\/it\/","name":"Allin1Bitcoins","description":"","publisher":{"@id":"https:\/\/allin1bitcoins.com\/it\/#organization"},"potentialAction":[{"@type":"SearchAction","target":{"@type":"EntryPoint","urlTemplate":"https:\/\/allin1bitcoins.com\/it\/?s={search_term_string}"},"query-input":"required name=search_term_string"}],"inLanguage":"it"},{"@type":"Organization","@id":"https:\/\/allin1bitcoins.com\/it\/#organization","name":"allin1bitcoins","url":"https:\/\/allin1bitcoins.com\/it\/","logo":{"@type":"ImageObject","inLanguage":"it","@id":"https:\/\/allin1bitcoins.com\/it\/#\/schema\/logo\/image\/","url":"https:\/\/allin1bitcoins.com\/wp-content\/uploads\/2019\/01\/logo-new.png","contentUrl":"https:\/\/allin1bitcoins.com\/wp-content\/uploads\/2019\/01\/logo-new.png","width":178,"height":71,"caption":"allin1bitcoins"},"image":{"@id":"https:\/\/allin1bitcoins.com\/it\/#\/schema\/logo\/image\/"}}]}},"_links":{"self":[{"href":"https:\/\/allin1bitcoins.com\/it\/wp-json\/wp\/v2\/pages\/23076"}],"collection":[{"href":"https:\/\/allin1bitcoins.com\/it\/wp-json\/wp\/v2\/pages"}],"about":[{"href":"https:\/\/allin1bitcoins.com\/it\/wp-json\/wp\/v2\/types\/page"}],"author":[{"embeddable":true,"href":"https:\/\/allin1bitcoins.com\/it\/wp-json\/wp\/v2\/users\/3"}],"replies":[{"embeddable":true,"href":"https:\/\/allin1bitcoins.com\/it\/wp-json\/wp\/v2\/comments?post=23076"}],"version-history":[{"count":1,"href":"https:\/\/allin1bitcoins.com\/it\/wp-json\/wp\/v2\/pages\/23076\/revisions"}],"predecessor-version":[{"id":23080,"href":"https:\/\/allin1bitcoins.com\/it\/wp-json\/wp\/v2\/pages\/23076\/revisions\/23080"}],"up":[{"embeddable":true,"href":"https:\/\/allin1bitcoins.com\/it\/wp-json\/wp\/v2\/pages\/22868"}],"wp:featuredmedia":[{"embeddable":true,"href":"https:\/\/allin1bitcoins.com\/it\/wp-json\/wp\/v2\/media\/12919"}],"wp:attachment":[{"href":"https:\/\/allin1bitcoins.com\/it\/wp-json\/wp\/v2\/media?parent=23076"}],"curies":[{"name":"wp","href":"https:\/\/api.w.org\/{rel}","templated":true}]}}