{"id":23086,"date":"2023-03-10T04:43:58","date_gmt":"2023-03-10T04:43:58","guid":{"rendered":"https:\/\/allin1bitcoins.com\/?page_id=23086"},"modified":"2023-03-10T04:44:01","modified_gmt":"2023-03-10T04:44:01","slug":"skrill","status":"publish","type":"page","link":"https:\/\/allin1bitcoins.com\/it\/crypto\/dogecoin\/skrill\/","title":{"rendered":"Come Comprare Dogecoin (DOGE) Con Skrill"},"content":{"rendered":"\n<h2 class=\"wp-block-heading\">Puoi comprare Dogecoin usando Skrill.<\/h2>\n\n\n\n<p>Il modo pi\u00f9 veloce per comprare Dogecoin con Skrill \u00e8 trovare un exchange di criptovalute che accetti Skrill e seguire le istruzioni. Tuttavia, non tutti i siti di trading supportano Skrill, quindi potrebbe essere necessario cercarne uno che lo faccia. Inoltre, per creare un account e completare la transazione, potrebbe essere necessario fornire alcune informazioni finanziarie e personali, come il tuo nome, l&#8217;indirizzo email e le informazioni del tuo account Skrill.<\/p>\n\n\n\n<h2 class=\"wp-block-heading\">Panoramica di Dogecoin<\/h2>\n\n\n\n<p>Il meme di internet &#8220;Doge&#8221; ha ispirato la creazione della criptovaluta scherzosa nota come Dogecoin, che \u00e8 stata lanciata nel 2013. Nonostante le sue umili origini, Dogecoin ha sviluppato un seguito fedele di utenti e sostenitori. Utilizza la stessa tecnologia di Bitcoin e funziona su una rete decentralizzata, il che significa che nessun governo o istituzione finanziaria ha il controllo su di essa.<\/p>\n\n\n\n<p>\u00c8 possibile effettuare varie attivit\u00e0, come transazioni online, pagamenti e raccolte fondi, utilizzando Dogecoin. Pu\u00f2 essere conservato in un portafoglio digitale e scambiato su exchange per criptovalute.<\/p>\n\n\n\n<h2 class=\"wp-block-heading\">Perch\u00e9 acquistare Dogecoin utilizzando Skrill<\/h2>\n\n\n\n<p>Ci sono diverse ragioni per cui potresti desiderare di utilizzare Skrill per acquistare Dogecoin. Un fattore che rende Skrill una opzione semplice e pratica per comprare Dogecoin \u00e8 che \u00e8 una forma di pagamento ampiamente utilizzata e affidabile. L&#8217;utilizzo di Skrill pu\u00f2 inoltre fornire un certo livello di protezione contro frodi e transazioni illegali.<\/p>\n\n\n\n<p>Un altro vantaggio di utilizzare Skrill per acquistare Dogecoin \u00e8 la sua capacit\u00e0 di consentirti di farlo senza un conto bancario o una carta di credito. Ci\u00f2 \u00e8 particolarmente utile per le persone che non hanno un conto bancario o una carta di credito o che scelgono di non utilizzare metodi di pagamento convenzionali per le transazioni online. Skrill rende facile e sicuro l&#8217;acquisto di Dogecoin, permettendoti di effettuare acquisti utilizzando denaro dal tuo account Skrill. Istruzioni dettagliate su come acquistare Dogecoin utilizzando Skrill<\/p>\n\n\n\n<h2 class=\"wp-block-heading\">Una guida passo-passo su come acquistare Dogecoin utilizzando Skrill pu\u00f2 essere trovata qui:<\/h2>\n\n\n\n<ol><li>Chiedi informazioni su exchange di Bitcoin che accettano Skrill. Potrebbe essere necessario cercare un po&#8217; per trovare un exchange che accetti Skrill, poich\u00e9 non tutti lo fanno. Exchange popolari come Coinbase, Paxful e LocalBitcoins supportano tutti Skrill.<br><br><\/li><li>Crea un profilo sull&#8217;exchange. In genere, ti verranno chiesti alcuni dettagli finanziari e personali come il tuo nome, l&#8217;indirizzo email e le informazioni del tuo account Skrill.<br><br><\/li><li>Controlla il tuo account. Prima di effettuare un acquisto su diverse borse, devi autenticare la tua identit\u00e0. Potrebbe essere necessario caricare una copia del tuo documento d&#8217;identit\u00e0 o altri documenti di supporto, oltre a completare un processo di verifica tramite telefono o e-mail.<br><br><\/li><li>Scegli Dogecoin come criptovaluta per l&#8217;acquisto. Di solito puoi cercare Dogecoin o altre criptovalute sulle borse e aggiungerle al carrello per l&#8217;acquisto successivo.<br><br><\/li><li>Scegli Skrill come metodo di pagamento preferito. Scegli Skrill come opzione di pagamento preferita quando acquisti Dogecoin.<br><br><\/li><li>Devi inserire la quantit\u00e0 di Dogecoin che desideri acquistare e quindi approvare la transazione. Verifica i dettagli della transazione, come il costo e altre spese, e conferma l&#8217;acquisto.<br><br><\/li><li>Aspetta finch\u00e9 la transazione non \u00e8 completata. A seconda della borsa e del livello di domanda di Dogecoin in questo momento, la transazione potrebbe richiedere alcuni minuti per essere completata. Il Dogecoin verr\u00e0 aggiunto al tuo portafoglio di scambio online non appena la transazione sar\u00e0 completata.<\/li><\/ol>\n\n\n\n<figure class=\"wp-block-embed is-type-video is-provider-youtube wp-block-embed-youtube wp-embed-aspect-16-9 wp-has-aspect-ratio\"><div class=\"wp-block-embed__wrapper\">\n<iframe title=\"HOW TO BUY CRYPTO CURRIENCIES USING SKRILL\" width=\"800\" height=\"450\" src=\"https:\/\/www.youtube.com\/embed\/v3EtS7AR_Io?feature=oembed\" frameborder=\"0\" allow=\"accelerometer; autoplay; clipboard-write; encrypted-media; gyroscope; picture-in-picture; web-share\" allowfullscreen><\/iframe>\n<\/div><\/figure>\n\n\n\n<h2 class=\"wp-block-heading\">Svantaggi dell&#8217;utilizzo di Skrill per acquistare Dogecoin<\/h2>\n\n\n\n<p>L&#8217;acquisto di Dogecoin con Skrill presenta alcuni svantaggi da considerare. Il fatto che non tutte le borse accettino Skrill significa che potresti dover cercare una borsa che lo faccia. Inoltre, l&#8217;utilizzo di Skrill pu\u00f2 comportare il pagamento di commissioni di transazione, aumentando il costo finale dell&#8217;articolo. Sebbene le commissioni Skrill siano spesso modeste, \u00e8 comunque importante analizzarle attentamente prima di utilizzare questa opzione di pagamento per effettuare una transazione.<\/p>\n\n\n\n<p>Un altro grande svantaggio \u00e8 che Dogecoin, come altre criptovalute, \u00e8 estremamente volatile e il suo valore pu\u00f2 cambiare drasticamente. Ci\u00f2 significa che il prezzo di Dogecoin potrebbe aumentare o diminuire drasticamente in un breve periodo di tempo, il che potrebbe avere un impatto sul tuo investimento. Tutti gli investimenti in criptovalute comportano questo rischio, quindi dovresti pensarci attentamente prima di acquistare.<\/p>\n\n\n\n<h2 class=\"wp-block-heading\">Conclusioni<\/h2>\n\n\n\n<p>Per riassumere, l&#8217;acquisto di Dogecoin con Skrill \u00e8 un&#8217;operazione piuttosto semplice che pu\u00f2 essere effettuata attraverso una borsa di criptovalute che accetta Skrill come opzione di pagamento. Tuttavia, poich\u00e9 investire in criptovalute comporta un certo rischio, \u00e8 importante condurre una ricerca approfondita sia sulla borsa che sulla moneta in questione prima di effettuare un acquisto. Valuta se la facilit\u00e0 di utilizzo di Skrill come opzione di pagamento giustifica eventuali commissioni a esso associate, nonch\u00e9 eventuali altri costi che potrebbero essere coinvolti. In generale, se adotti le giuste precauzioni per proteggere il tuo investimento, Skrill pu\u00f2 essere un&#8217;opzione conveniente e sicura per acquistare Dogecoin.<\/p>\n\n\n\n<!-- Page-list plugin v.5.9 wordpress.org\/plugins\/page-list\/ -->\n<ul class=\"page-list siblings-page-list \">\n<li class=\"page_item page-item-23032\"><a href=\"https:\/\/allin1bitcoins.com\/it\/crypto\/dogecoin\/american-express\/\">Come Acquistare Dogecoin (DOGE) Con American Express<\/a><\/li>\n<li class=\"page_item page-item-23041\"><a href=\"https:\/\/allin1bitcoins.com\/it\/crypto\/dogecoin\/apple-pay\/\">Come Acquistare Dogecoin (DOGE) Con Apple Pay<\/a><\/li>\n<li class=\"page_item page-item-23058\"><a href=\"https:\/\/allin1bitcoins.com\/it\/crypto\/dogecoin\/google-pay\/\">Come Acquistare Dogecoin (DOGE) Con Google Pay<\/a><\/li>\n<li class=\"page_item page-item-23067\"><a href=\"https:\/\/allin1bitcoins.com\/it\/crypto\/dogecoin\/neteller\/\">Come Acquistare Dogecoin (DOGE) Con Neteller<\/a><\/li>\n<li class=\"page_item page-item-23012\"><a href=\"https:\/\/allin1bitcoins.com\/it\/crypto\/dogecoin\/paypal\/\">Come Acquistare Dogecoin (DOGE) Con PayPal<\/a><\/li>\n<li class=\"page_item page-item-23076\"><a href=\"https:\/\/allin1bitcoins.com\/it\/crypto\/dogecoin\/paysafecard\/\">Come Acquistare Dogecoin (DOGE) Con Paysafecard<\/a><\/li>\n<li class=\"page_item page-item-23049\"><a href=\"https:\/\/allin1bitcoins.com\/it\/crypto\/dogecoin\/bank-account\/\">Come Acquistare Dogecoin (DOGE) Con Un Conto Bancario<\/a><\/li>\n<li class=\"page_item page-item-23086\"><a href=\"https:\/\/allin1bitcoins.com\/it\/crypto\/dogecoin\/skrill\/\">Come Comprare Dogecoin (DOGE) Con Skrill<\/a><\/li>\n\n<\/ul>\n","protected":false},"excerpt":{"rendered":"<p>Puoi comprare Dogecoin usando Skrill. Il modo pi\u00f9 veloce per comprare Dogecoin con Skrill \u00e8 trovare un exchange di criptovalute che accetti Skrill e seguire le istruzioni. Tuttavia, non tutti i siti di trading supportano Skrill, quindi potrebbe essere necessario cercarne uno che lo faccia. Inoltre, per creare un account e completare la transazione, potrebbe&#8230;<\/p>\n","protected":false},"author":3,"featured_media":13471,"parent":22868,"menu_order":0,"comment_status":"closed","ping_status":"closed","template":"","meta":{"cybocfi_hide_featured_image":"","footnotes":""},"acf":[],"yoast_head":"<!-- This site is optimized with the Yoast SEO plugin v21.7 - https:\/\/yoast.com\/wordpress\/plugins\/seo\/ -->\n<title>Come Comprare Dogecoin (DOGE) Con Skrill<\/title>\n<meta name=\"description\" content=\"Il modo pi\u00f9 veloce per acquistare Dogecoin con Skrill \u00e8 individuare uno scambio di criptovalute che accetta Skrill e seguire le istruzioni per farlo.\" \/>\n<meta name=\"robots\" content=\"index, follow, max-snippet:-1, max-image-preview:large, max-video-preview:-1\" \/>\n<link rel=\"canonical\" href=\"https:\/\/allin1bitcoins.com\/it\/crypto\/dogecoin\/skrill\/\" \/>\n<meta property=\"og:locale\" content=\"it_IT\" \/>\n<meta property=\"og:type\" content=\"article\" \/>\n<meta property=\"og:title\" content=\"Come Comprare Dogecoin (DOGE) Con Skrill\" \/>\n<meta property=\"og:description\" content=\"Il modo pi\u00f9 veloce per acquistare Dogecoin con Skrill \u00e8 individuare uno scambio di criptovalute che accetta Skrill e seguire le istruzioni per farlo.\" \/>\n<meta property=\"og:url\" content=\"https:\/\/allin1bitcoins.com\/it\/crypto\/dogecoin\/skrill\/\" \/>\n<meta property=\"og:site_name\" content=\"Allin1Bitcoins\" \/>\n<meta property=\"article:modified_time\" content=\"2023-03-10T04:44:01+00:00\" \/>\n<meta property=\"og:image\" content=\"https:\/\/allin1bitcoins.com\/wp-content\/uploads\/2023\/01\/Skr222.png\" \/>\n\t<meta property=\"og:image:width\" content=\"1200\" \/>\n\t<meta property=\"og:image:height\" content=\"420\" \/>\n\t<meta property=\"og:image:type\" content=\"image\/png\" \/>\n<meta name=\"twitter:card\" content=\"summary_large_image\" \/>\n<meta name=\"twitter:label1\" content=\"Est. reading time\" \/>\n\t<meta name=\"twitter:data1\" content=\"4 minutes\" \/>\n<!-- \/ Yoast SEO plugin. -->","yoast_head_json":{"title":"Come Comprare Dogecoin (DOGE) Con Skrill","description":"Il modo pi\u00f9 veloce per acquistare Dogecoin con Skrill \u00e8 individuare uno scambio di criptovalute che accetta Skrill e seguire le istruzioni per farlo.","robots":{"index":"index","follow":"follow","max-snippet":"max-snippet:-1","max-image-preview":"max-image-preview:large","max-video-preview":"max-video-preview:-1"},"canonical":"https:\/\/allin1bitcoins.com\/it\/crypto\/dogecoin\/skrill\/","og_locale":"it_IT","og_type":"article","og_title":"Come Comprare Dogecoin (DOGE) Con Skrill","og_description":"Il modo pi\u00f9 veloce per acquistare Dogecoin con Skrill \u00e8 individuare uno scambio di criptovalute che accetta Skrill e seguire le istruzioni per farlo.","og_url":"https:\/\/allin1bitcoins.com\/it\/crypto\/dogecoin\/skrill\/","og_site_name":"Allin1Bitcoins","article_modified_time":"2023-03-10T04:44:01+00:00","og_image":[{"width":1200,"height":420,"url":"https:\/\/allin1bitcoins.com\/wp-content\/uploads\/2023\/01\/Skr222.png","type":"image\/png"}],"twitter_card":"summary_large_image","twitter_misc":{"Est. reading time":"4 minutes"},"schema":{"@context":"https:\/\/schema.org","@graph":[{"@type":"WebPage","@id":"https:\/\/allin1bitcoins.com\/it\/crypto\/dogecoin\/skrill\/","url":"https:\/\/allin1bitcoins.com\/it\/crypto\/dogecoin\/skrill\/","name":"Come Comprare Dogecoin (DOGE) Con Skrill","isPartOf":{"@id":"https:\/\/allin1bitcoins.com\/it\/#website"},"datePublished":"2023-03-10T04:43:58+00:00","dateModified":"2023-03-10T04:44:01+00:00","description":"Il modo pi\u00f9 veloce per acquistare Dogecoin con Skrill \u00e8 individuare uno scambio di criptovalute che accetta Skrill e seguire le istruzioni per farlo.","breadcrumb":{"@id":"https:\/\/allin1bitcoins.com\/it\/crypto\/dogecoin\/skrill\/#breadcrumb"},"inLanguage":"it","potentialAction":[{"@type":"ReadAction","target":["https:\/\/allin1bitcoins.com\/it\/crypto\/dogecoin\/skrill\/"]}]},{"@type":"BreadcrumbList","@id":"https:\/\/allin1bitcoins.com\/it\/crypto\/dogecoin\/skrill\/#breadcrumb","itemListElement":[{"@type":"ListItem","position":1,"name":"Home","item":"https:\/\/allin1bitcoins.com\/it\/"},{"@type":"ListItem","position":2,"name":"Crypto","item":"https:\/\/allin1bitcoins.com\/it\/crypto\/"},{"@type":"ListItem","position":3,"name":"Come Acquistare Dogecoin (DOGE) &#8211; Guida Passo Passo 2023","item":"https:\/\/allin1bitcoins.com\/it\/crypto\/dogecoin\/"},{"@type":"ListItem","position":4,"name":"Come Comprare Dogecoin (DOGE) Con Skrill"}]},{"@type":"WebSite","@id":"https:\/\/allin1bitcoins.com\/it\/#website","url":"https:\/\/allin1bitcoins.com\/it\/","name":"Allin1Bitcoins","description":"","publisher":{"@id":"https:\/\/allin1bitcoins.com\/it\/#organization"},"potentialAction":[{"@type":"SearchAction","target":{"@type":"EntryPoint","urlTemplate":"https:\/\/allin1bitcoins.com\/it\/?s={search_term_string}"},"query-input":"required name=search_term_string"}],"inLanguage":"it"},{"@type":"Organization","@id":"https:\/\/allin1bitcoins.com\/it\/#organization","name":"allin1bitcoins","url":"https:\/\/allin1bitcoins.com\/it\/","logo":{"@type":"ImageObject","inLanguage":"it","@id":"https:\/\/allin1bitcoins.com\/it\/#\/schema\/logo\/image\/","url":"https:\/\/allin1bitcoins.com\/wp-content\/uploads\/2019\/01\/logo-new.png","contentUrl":"https:\/\/allin1bitcoins.com\/wp-content\/uploads\/2019\/01\/logo-new.png","width":178,"height":71,"caption":"allin1bitcoins"},"image":{"@id":"https:\/\/allin1bitcoins.com\/it\/#\/schema\/logo\/image\/"}}]}},"_links":{"self":[{"href":"https:\/\/allin1bitcoins.com\/it\/wp-json\/wp\/v2\/pages\/23086"}],"collection":[{"href":"https:\/\/allin1bitcoins.com\/it\/wp-json\/wp\/v2\/pages"}],"about":[{"href":"https:\/\/allin1bitcoins.com\/it\/wp-json\/wp\/v2\/types\/page"}],"author":[{"embeddable":true,"href":"https:\/\/allin1bitcoins.com\/it\/wp-json\/wp\/v2\/users\/3"}],"replies":[{"embeddable":true,"href":"https:\/\/allin1bitcoins.com\/it\/wp-json\/wp\/v2\/comments?post=23086"}],"version-history":[{"count":1,"href":"https:\/\/allin1bitcoins.com\/it\/wp-json\/wp\/v2\/pages\/23086\/revisions"}],"predecessor-version":[{"id":23090,"href":"https:\/\/allin1bitcoins.com\/it\/wp-json\/wp\/v2\/pages\/23086\/revisions\/23090"}],"up":[{"embeddable":true,"href":"https:\/\/allin1bitcoins.com\/it\/wp-json\/wp\/v2\/pages\/22868"}],"wp:featuredmedia":[{"embeddable":true,"href":"https:\/\/allin1bitcoins.com\/it\/wp-json\/wp\/v2\/media\/13471"}],"wp:attachment":[{"href":"https:\/\/allin1bitcoins.com\/it\/wp-json\/wp\/v2\/media?parent=23086"}],"curies":[{"name":"wp","href":"https:\/\/api.w.org\/{rel}","templated":true}]}}