{"id":23214,"date":"2023-03-10T10:47:02","date_gmt":"2023-03-10T10:47:02","guid":{"rendered":"https:\/\/allin1bitcoins.com\/?page_id=23214"},"modified":"2023-03-10T10:53:38","modified_gmt":"2023-03-10T10:53:38","slug":"shiba-inu","status":"publish","type":"page","link":"https:\/\/allin1bitcoins.com\/it\/crypto\/shiba-inu\/","title":{"rendered":"Come Acquistare Shiba Inu (SHIB) &#8211; Guida Passo Passo 2023"},"content":{"rendered":"\n<h2 class=\"wp-block-heading\">Acquisto di Shiba Inu Coin: una breve guida<\/h2>\n\n\n\n<ul><li>Il procedimento per acquistare Shiba Inu Coin (SHIB) \u00e8 piuttosto semplice.<\/li><li>Prima di tutto, \u00e8 necessario creare un portafoglio digitale in grado di contenere la moneta.<\/li><li>Successivamente, \u00e8 possibile acquistare SHIB con una carta di credito o di debito su uno scambio di criptovalute oppure scambiarlo con un&#8217;altra criptovaluta come Bitcoin o Ethereum.<\/li><\/ul>\n\n\n\n<h2 class=\"wp-block-heading\">Panoramica di Shiba Inu Coin<\/h2>\n\n\n\n<p>Come parodia di Dogecoin, che era anch&#8217;esso influenzato dalla razza di cane Shiba Inu, Shiba Inu Coin \u00e8 stata sviluppata nell&#8217;agosto 2021. Come Dogecoin, SHIB \u00e8 diventata popolare grazie al suo atteggiamento comico e giocoso nei confronti delle criptovalute. Ha un ampio seguito online ed \u00e8 diventata popolare su siti come Twitter e TikTok.<\/p>\n\n\n\n<p>Nonostante non sia altrettanto conosciuta o universalmente accettata come alcune altre criptovalute, SHIB ha un ampio seguito e una grande liquidit\u00e0 su diversi scambi. SHIB \u00e8 un&#8217;ottima alternativa per chi vuole iniziare ad usare le criptovalute perch\u00e9 \u00e8 abbastanza facile da acquistare e scambiare.<\/p>\n\n\n\n<h2 class=\"wp-block-heading\">Panoramica del processo di acquisto di Shiba Inu Coin<\/h2>\n\n\n\n<p><strong>Per acquistare SHIB, \u00e8 necessario prima creare un portafoglio digitale, trovare uno scambio affidabile e poi completare la transazione. Ecco una breve spiegazione della procedura:<\/strong><\/p>\n\n\n\n<h3 class=\"wp-block-heading\">Creare un portafoglio digitale:<\/h3>\n\n\n\n<p>\u00c8 necessario un portafoglio digitale che supporti SHIB per archiviare e gestire la propria moneta. Esistono numerosi tipi di portafogli disponibili, tra cui portafogli hardware, che sono dispositivi fisici che \u00e8 possibile utilizzare per conservare il proprio bitcoin offline, e portafogli software, che \u00e8 possibile scaricare sul proprio computer o dispositivo mobile.<\/p>\n\n\n\n<h3 class=\"wp-block-heading\">Scegliere uno scambio di criptovalute<\/h3>\n\n\n\n<p>SHIB pu\u00f2 essere acquistata e venduta su una vasta gamma di scambi, tra cui Binance, Coinbase e Kraken. \u00c8 importante condurre una ricerca approfondita e scegliere uno scambio affidabile con una solida reputazione per la sicurezza e il supporto ai clienti.<\/p>\n\n\n\n<h3 class=\"wp-block-heading\">Creare un account<\/h3>\n\n\n\n<p>La maggior parte degli scambi richiede di registrarsi prima di poter iniziare a comprare e vendere criptovalute. Di solito, questo comporta la fornitura di informazioni personali e la verifica dell&#8217;identit\u00e0.<\/p>\n\n\n\n<h3 class=\"wp-block-heading\">Trasferire denaro<\/h3>\n\n\n\n<p>Una volta creato un account, \u00e8 necessario trasferire denaro dal proprio conto bancario o dalla propria carta di credito al proprio account di scambio. Questo consentir\u00e0 di acquistare SHIB con denaro fiat (ad esempio dollari americani, euro, etc.).<\/p>\n\n\n\n<h3 class=\"wp-block-heading\">Effettuare un acquisto:<\/h3>\n\n\n\n<p>Puoi effettuare un ordine per acquistare SHIB non appena i soldi sono disponibili sul tuo account di scambio. A seconda dello scambio che stai utilizzando, la procedura specifica varier\u00e0, ma in generale implica indicare la quantit\u00e0 di SHIB che desideri acquistare e il prezzo che sei disposto a pagare.<\/p>\n\n\n\n<h2 class=\"wp-block-heading\">Come acquistare Shiba Inu Coin<\/h2>\n\n\n\n<p><strong>Dopo aver compreso l&#8217;intera procedura, ecco le azioni precise che devi fare per acquistare SHIB:<\/strong><\/p>\n\n\n\n<h3 class=\"wp-block-heading\">Stabilisci un portafoglio digitale:<\/h3>\n\n\n\n<ul><li>Ti servir\u00e0 un portafoglio digitale per conservare il tuo SHIB, come gi\u00e0 indicato.<\/li><li>Anche se ci sono numerose possibilit\u00e0, Ledger, Trezor e MyEtherWallet sono alcune delle scelte pi\u00f9 popolari.<\/li><li>Una volta scelto un portafoglio, segui le istruzioni per il download e la configurazione.<\/li><\/ul>\n\n\n\n<h3 class=\"wp-block-heading\">Seleziona uno scambio di criptovalute:<\/h3>\n\n\n\n<ul><li>Binance, Coinbase e Kraken sono solo alcuni degli scambi in cui \u00e8 possibile acquistare e vendere SHIB.<\/li><li>Trova uno scambio che soddisfi le tue esigenze e abbia una solida reputazione facendo qualche ricerca.<\/li><\/ul>\n\n\n\n<h3 class=\"wp-block-heading\">Crea un account<\/h3>\n\n\n\n<ul><li>Dovrai creare un account una volta scelto uno scambio.<\/li><li>Di solito, ci\u00f2 comporta la fornitura di alcune informazioni personali e la verifica della tua identit\u00e0.<\/li><li>Successivamente, devi inviare denaro dal tuo conto bancario o carta di credito al tuo account di scambio.<\/li><li>Ci\u00f2 ti consentir\u00e0 di acquistare SHIB con denaro fiat.<\/li><li>A seconda dello scambio che stai utilizzando, la procedura per trasferire denaro varier\u00e0, ma in generale, implica collegare il tuo conto bancario o carta di credito al tuo account di scambio e avviare un trasferimento.<\/li><\/ul>\n\n\n\n<h3 class=\"wp-block-heading\">Effettua un acquisto:<\/h3>\n\n\n\n<ul><li>Puoi effettuare un ordine per acquistare SHIB non appena i soldi sono disponibili sul tuo account di scambio.<\/li><li>Dovrai essere specifico su quanto SHIB desideri acquistare e il tuo intervallo di prezzo.<\/li><li>Puoi indicare il prezzo massimo che sei disposto a pagare per SHIB quando effettui un ordine limite su alcuni scambi.<\/li><li>Su alcuni scambi, puoi effettuare un ordine di mercato, che verr\u00e0 eseguito al tasso corrente.<\/li><\/ul>\n\n\n\n<figure class=\"wp-block-embed is-type-video is-provider-youtube wp-block-embed-youtube wp-embed-aspect-16-9 wp-has-aspect-ratio\"><div class=\"wp-block-embed__wrapper\">\n<iframe title=\"How To Buy SHIBA INU Coin In The US With No Fees! (FASTEST WAY IN 2021!)\" width=\"800\" height=\"450\" src=\"https:\/\/www.youtube.com\/embed\/w5Q2RFQDUPc?feature=oembed\" frameborder=\"0\" allow=\"accelerometer; autoplay; clipboard-write; encrypted-media; gyroscope; picture-in-picture; web-share\" allowfullscreen><\/iframe>\n<\/div><\/figure>\n\n\n\n<h2 class=\"wp-block-heading\">Vantaggi dell&#8217;acquisto di Shiba Inu Coin<\/h2>\n\n\n\n<p><strong>L&#8217;acquisto di SHIB potrebbe offrire numerosi vantaggi, tra cui:<\/strong><\/p>\n\n\n\n<ul><li><strong>Liquidit\u00e0 elevata: <\/strong>come gi\u00e0 detto, SHIB ha una grande quantit\u00e0 di liquidit\u00e0 su alcuni scambi, il che facilita l&#8217;acquisto e la vendita. Se sei nuovo alle criptovalute e cerchi una moneta facile da scambiare, questo pu\u00f2 essere estremamente utile.<br><br><\/li><li><strong>Comunit\u00e0 in crescita:<\/strong> se hai dubbi o hai bisogno di supporto, potrebbe essere pi\u00f9 semplice trovarlo nella vasta e in continua espansione comunit\u00e0 online di SHIB.<br><br><\/li><li><strong>Basso costo: <\/strong>SHIB \u00e8 una fantastica opzione per le persone che desiderano iniziare con un piccolo investimento perch\u00e9 \u00e8 abbastanza economico rispetto ad altre criptovalute.<br><br><\/li><li><strong>Potenziale di crescita:<\/strong> anche se non ci sono garanzie nel mondo delle criptovalute, SHIB ha il potenziale per aumentare di valore man mano che pi\u00f9 persone lo utilizzano e il mercato si espande.<\/li><\/ul>\n\n\n\n<h2 class=\"wp-block-heading\">Conclusioni<\/h2>\n\n\n\n<p>In conclusione, l&#8217;acquisto di Shiba Inu Coin (SHIB) comporta la creazione di un portafoglio digitale, la ricerca di un exchange affidabile e la conclusione di una transazione. SHIB \u00e8 una fantastica opzione per le persone che desiderano iniziare con le criptovalute anche se non ci sono garanzie nel mondo delle criptovalute a causa del suo alto grado di liquidit\u00e0 e della comunit\u00e0 online in continua espansione. Per assicurarti che il tuo investimento sia sicuro, ricorda di fare i tuoi compiti, limitare i rischi e tenere sempre d&#8217;occhio il tuo investimento.<\/p>\n\n\n\n<!-- Page-list plugin v.5.9 wordpress.org\/plugins\/page-list\/ -->\n<ul class=\"page-list subpages-page-list \">\n<li class=\"page_item page-item-23301\"><a href=\"https:\/\/allin1bitcoins.com\/it\/crypto\/shiba-inu\/apple-pay\/\">Come Acquistare Shiba Inu (SHIB) Con Apple Pay<\/a><\/li>\n<li class=\"page_item page-item-23233\"><a href=\"https:\/\/allin1bitcoins.com\/it\/crypto\/shiba-inu\/debit-card\/\">Come Acquistare Shiba Inu (SHIB) Con Una Carta Di Debito<\/a><\/li>\n<li class=\"page_item page-item-23241\"><a href=\"https:\/\/allin1bitcoins.com\/it\/crypto\/shiba-inu\/venmo\/\">Come Acquistare Shiba Inu (SHIB) Con Venmo<\/a><\/li>\n<li class=\"page_item page-item-23320\"><a href=\"https:\/\/allin1bitcoins.com\/it\/crypto\/shiba-inu\/american-express\/\">Come Acquistare Shiba Inu (SHIBA) Con American Express<\/a><\/li>\n<li class=\"page_item page-item-23281\"><a href=\"https:\/\/allin1bitcoins.com\/it\/crypto\/shiba-inu\/google-pay\/\">Come Acquistare Shiba Inu (SHIBA) Con Google Pay<\/a><\/li>\n<li class=\"page_item page-item-23271\"><a href=\"https:\/\/allin1bitcoins.com\/it\/crypto\/shiba-inu\/paypal\/\">Come Acquistare Shiba Inu (SHIBA) Con Paypal<\/a><\/li>\n<li class=\"page_item page-item-23261\"><a href=\"https:\/\/allin1bitcoins.com\/it\/crypto\/shiba-inu\/skrill\/\">Come Acquistare Shiba Inu (SHIBA) Con Skrill<\/a><\/li>\n<li class=\"page_item page-item-23290\"><a href=\"https:\/\/allin1bitcoins.com\/it\/crypto\/shiba-inu\/bank-account\/\">Come Acquistare Shiba Inu (SHIBA) Con Un Conto Bancario<\/a><\/li>\n<li class=\"page_item page-item-23250\"><a href=\"https:\/\/allin1bitcoins.com\/it\/crypto\/shiba-inu\/paysafecard\/\">Come Acquistare Shiba Inu (SHIBA) Con Una Paysafecard<\/a><\/li>\n<li class=\"page_item page-item-23310\"><a href=\"https:\/\/allin1bitcoins.com\/it\/crypto\/shiba-inu\/crypto-anonymously\/\">Come Acquistare Shiba Inu (SHIBA) In Modo Anonimo Con Criptovalute<\/a><\/li>\n\n<\/ul>\n","protected":false},"excerpt":{"rendered":"<p>Acquisto di Shiba Inu Coin: una breve guida Il procedimento per acquistare Shiba Inu Coin (SHIB) \u00e8 piuttosto semplice. Prima di tutto, \u00e8 necessario creare un portafoglio digitale in grado di contenere la moneta. Successivamente, \u00e8 possibile acquistare SHIB con una carta di credito o di debito su uno scambio di criptovalute oppure scambiarlo con&#8230;<\/p>\n","protected":false},"author":3,"featured_media":23226,"parent":19844,"menu_order":0,"comment_status":"closed","ping_status":"closed","template":"","meta":{"cybocfi_hide_featured_image":"","footnotes":""},"acf":[],"yoast_head":"<!-- This site is optimized with the Yoast SEO plugin v21.7 - https:\/\/yoast.com\/wordpress\/plugins\/seo\/ -->\n<title>Come Acquistare Shiba Inu (SHIB) - Guida Passo Passo 2023<\/title>\n<meta name=\"description\" content=\"Per acquistare SHIB, devi prima creare un portafoglio digitale, trovare uno scambio affidabile e completare la transazione.\" \/>\n<meta name=\"robots\" content=\"index, follow, max-snippet:-1, max-image-preview:large, max-video-preview:-1\" \/>\n<link rel=\"canonical\" href=\"https:\/\/allin1bitcoins.com\/it\/crypto\/shiba-inu\/\" \/>\n<meta property=\"og:locale\" content=\"it_IT\" \/>\n<meta property=\"og:type\" content=\"article\" \/>\n<meta property=\"og:title\" content=\"Come Acquistare Shiba Inu (SHIB) - Guida Passo Passo 2023\" \/>\n<meta property=\"og:description\" content=\"Per acquistare SHIB, devi prima creare un portafoglio digitale, trovare uno scambio affidabile e completare la transazione.\" \/>\n<meta property=\"og:url\" content=\"https:\/\/allin1bitcoins.com\/it\/crypto\/shiba-inu\/\" \/>\n<meta property=\"og:site_name\" content=\"Allin1Bitcoins\" \/>\n<meta property=\"article:modified_time\" content=\"2023-03-10T10:53:38+00:00\" \/>\n<meta property=\"og:image\" content=\"https:\/\/allin1bitcoins.com\/wp-content\/uploads\/2023\/03\/traxer-bkleQRbz4BQ-unsplash.jpg\" \/>\n\t<meta property=\"og:image:width\" content=\"640\" \/>\n\t<meta property=\"og:image:height\" content=\"426\" \/>\n\t<meta property=\"og:image:type\" content=\"image\/jpeg\" \/>\n<meta name=\"twitter:card\" content=\"summary_large_image\" \/>\n<meta name=\"twitter:label1\" content=\"Est. reading time\" \/>\n\t<meta name=\"twitter:data1\" content=\"5 minutes\" \/>\n<!-- \/ Yoast SEO plugin. -->","yoast_head_json":{"title":"Come Acquistare Shiba Inu (SHIB) - Guida Passo Passo 2023","description":"Per acquistare SHIB, devi prima creare un portafoglio digitale, trovare uno scambio affidabile e completare la transazione.","robots":{"index":"index","follow":"follow","max-snippet":"max-snippet:-1","max-image-preview":"max-image-preview:large","max-video-preview":"max-video-preview:-1"},"canonical":"https:\/\/allin1bitcoins.com\/it\/crypto\/shiba-inu\/","og_locale":"it_IT","og_type":"article","og_title":"Come Acquistare Shiba Inu (SHIB) - Guida Passo Passo 2023","og_description":"Per acquistare SHIB, devi prima creare un portafoglio digitale, trovare uno scambio affidabile e completare la transazione.","og_url":"https:\/\/allin1bitcoins.com\/it\/crypto\/shiba-inu\/","og_site_name":"Allin1Bitcoins","article_modified_time":"2023-03-10T10:53:38+00:00","og_image":[{"width":640,"height":426,"url":"https:\/\/allin1bitcoins.com\/wp-content\/uploads\/2023\/03\/traxer-bkleQRbz4BQ-unsplash.jpg","type":"image\/jpeg"}],"twitter_card":"summary_large_image","twitter_misc":{"Est. reading time":"5 minutes"},"schema":{"@context":"https:\/\/schema.org","@graph":[{"@type":"WebPage","@id":"https:\/\/allin1bitcoins.com\/it\/crypto\/shiba-inu\/","url":"https:\/\/allin1bitcoins.com\/it\/crypto\/shiba-inu\/","name":"Come Acquistare Shiba Inu (SHIB) - Guida Passo Passo 2023","isPartOf":{"@id":"https:\/\/allin1bitcoins.com\/it\/#website"},"datePublished":"2023-03-10T10:47:02+00:00","dateModified":"2023-03-10T10:53:38+00:00","description":"Per acquistare SHIB, devi prima creare un portafoglio digitale, trovare uno scambio affidabile e completare la transazione.","breadcrumb":{"@id":"https:\/\/allin1bitcoins.com\/it\/crypto\/shiba-inu\/#breadcrumb"},"inLanguage":"it","potentialAction":[{"@type":"ReadAction","target":["https:\/\/allin1bitcoins.com\/it\/crypto\/shiba-inu\/"]}]},{"@type":"BreadcrumbList","@id":"https:\/\/allin1bitcoins.com\/it\/crypto\/shiba-inu\/#breadcrumb","itemListElement":[{"@type":"ListItem","position":1,"name":"Home","item":"https:\/\/allin1bitcoins.com\/it\/"},{"@type":"ListItem","position":2,"name":"Crypto","item":"https:\/\/allin1bitcoins.com\/it\/crypto\/"},{"@type":"ListItem","position":3,"name":"Come Acquistare Shiba Inu (SHIB) &#8211; Guida Passo Passo 2023"}]},{"@type":"WebSite","@id":"https:\/\/allin1bitcoins.com\/it\/#website","url":"https:\/\/allin1bitcoins.com\/it\/","name":"Allin1Bitcoins","description":"","publisher":{"@id":"https:\/\/allin1bitcoins.com\/it\/#organization"},"potentialAction":[{"@type":"SearchAction","target":{"@type":"EntryPoint","urlTemplate":"https:\/\/allin1bitcoins.com\/it\/?s={search_term_string}"},"query-input":"required name=search_term_string"}],"inLanguage":"it"},{"@type":"Organization","@id":"https:\/\/allin1bitcoins.com\/it\/#organization","name":"allin1bitcoins","url":"https:\/\/allin1bitcoins.com\/it\/","logo":{"@type":"ImageObject","inLanguage":"it","@id":"https:\/\/allin1bitcoins.com\/it\/#\/schema\/logo\/image\/","url":"https:\/\/allin1bitcoins.com\/wp-content\/uploads\/2019\/01\/logo-new.png","contentUrl":"https:\/\/allin1bitcoins.com\/wp-content\/uploads\/2019\/01\/logo-new.png","width":178,"height":71,"caption":"allin1bitcoins"},"image":{"@id":"https:\/\/allin1bitcoins.com\/it\/#\/schema\/logo\/image\/"}}]}},"_links":{"self":[{"href":"https:\/\/allin1bitcoins.com\/it\/wp-json\/wp\/v2\/pages\/23214"}],"collection":[{"href":"https:\/\/allin1bitcoins.com\/it\/wp-json\/wp\/v2\/pages"}],"about":[{"href":"https:\/\/allin1bitcoins.com\/it\/wp-json\/wp\/v2\/types\/page"}],"author":[{"embeddable":true,"href":"https:\/\/allin1bitcoins.com\/it\/wp-json\/wp\/v2\/users\/3"}],"replies":[{"embeddable":true,"href":"https:\/\/allin1bitcoins.com\/it\/wp-json\/wp\/v2\/comments?post=23214"}],"version-history":[{"count":2,"href":"https:\/\/allin1bitcoins.com\/it\/wp-json\/wp\/v2\/pages\/23214\/revisions"}],"predecessor-version":[{"id":23220,"href":"https:\/\/allin1bitcoins.com\/it\/wp-json\/wp\/v2\/pages\/23214\/revisions\/23220"}],"up":[{"embeddable":true,"href":"https:\/\/allin1bitcoins.com\/it\/wp-json\/wp\/v2\/pages\/19844"}],"wp:featuredmedia":[{"embeddable":true,"href":"https:\/\/allin1bitcoins.com\/it\/wp-json\/wp\/v2\/media\/23226"}],"wp:attachment":[{"href":"https:\/\/allin1bitcoins.com\/it\/wp-json\/wp\/v2\/media?parent=23214"}],"curies":[{"name":"wp","href":"https:\/\/api.w.org\/{rel}","templated":true}]}}