{"id":23233,"date":"2023-03-10T11:18:05","date_gmt":"2023-03-10T11:18:05","guid":{"rendered":"https:\/\/allin1bitcoins.com\/?page_id=23233"},"modified":"2023-03-10T11:18:07","modified_gmt":"2023-03-10T11:18:07","slug":"debit-card","status":"publish","type":"page","link":"https:\/\/allin1bitcoins.com\/it\/crypto\/shiba-inu\/debit-card\/","title":{"rendered":"Come Acquistare Shiba Inu (SHIB) Con Una Carta Di Debito"},"content":{"rendered":"\n<h2 class=\"wp-block-heading\">Utilizzare una carta di debito per acquistare Shiba Inu Coin: Una breve guida<\/h2>\n\n\n\n<ul><li>Il primo passo per acquistare Shiba Inu Coin con una carta di debito \u00e8 trovare un exchange di criptovalute che accetta pagamenti con carta di debito.<\/li><li>\u00c8 necessario quindi autenticare la propria identit\u00e0, registrarsi per un account sull&#8217;exchange e collegare la propria carta di debito al proprio account.<\/li><li>Una volta creato l&#8217;account, \u00e8 possibile sfogliare la collezione di criptovalute dell&#8217;exchange e decidere di acquistare Shiba Inu Coin (SHIB).<\/li><li>Una volta inserita la quantit\u00e0 di acquisto desiderata, \u00e8 possibile finalizzare la transazione.<\/li><li>Una volta completata la transazione, la Shiba Inu Coin verr\u00e0 depositata nel proprio portafoglio dell&#8217;exchange.<\/li><\/ul>\n\n\n\n<h2 class=\"wp-block-heading\">Panoramica sulla Shiba Inu Coin<\/h2>\n\n\n\n<p>Lanciata nel maggio 2021, Shiba Inu Coin (SHIB) \u00e8 una criptovaluta. \u00c8 stata sviluppata come una parodia della nota criptovaluta Dogecoin, che si basa su un famoso meme di internet. I social media hanno aiutato Shiba Inu Coin a ottenere un seguito consistente e nel breve periodo dal suo lancio, il suo valore \u00e8 cambiato drasticamente.<\/p>\n\n\n\n<p>Come altre criptovalute, anche la Shiba Inu Coin si basa sulla tecnologia blockchain e pu\u00f2 essere utilizzata per accelerare le transazioni su internet. Tuttavia, la Shiba Inu Coin \u00e8 una criptovaluta altamente speculativa e rischiosa, come le altre criptovalute. Questo va sottolineato. Il valore della Shiba Inu Coin, come quello delle altre criptovalute, \u00e8 soggetto a volatilit\u00e0 e a repentini cambiamenti di valore.<\/p>\n\n\n\n<h2 class=\"wp-block-heading\">Perch\u00e9 utilizzare una carta di debito per acquistare Shiba Inu Coin<\/h2>\n\n\n\n<ul><li>Ci sono diverse ragioni per cui utilizzare una carta di debito per acquistare Shiba Inu Coin pu\u00f2 essere vantaggioso.<br><br><\/li><li>Una spiegazione \u00e8 che utilizzare una carta di debito per effettuare transazioni su internet \u00e8 semplice e veloce.<br><br><\/li><li>Le carte di debito sono collegate al proprio conto corrente o di risparmio e permettono di effettuare acquisti utilizzando i soldi disponibili in quel conto, a differenza delle carte di credito che consentono di prendere in prestito denaro dall&#8217;emittente.<\/li><li>Non dovrai preoccuparti di accumulare debiti o pagare interessi sui tuoi acquisti di conseguenza.<br><br><\/li><li>Le carte di debito consentono anche di effettuare acquisti senza fornire ai rivenditori accesso alle informazioni finanziarie private.<br><br><\/li><li>La tua identit\u00e0 e le tue informazioni finanziarie sono protette perch\u00e9 quando utilizzi una carta di debito per effettuare una transazione, il rivenditore vede solo le ultime quattro cifre del numero della tua carta.<\/li><\/ul>\n\n\n\n<h2 class=\"wp-block-heading\">Come acquistare Shiba Inu Coin con una carta di debito in dettaglio<\/h2>\n\n\n\n<p><strong>Per acquistare Shiba Inu Coin con una carta di debito, seguire questi passaggi:<\/strong><\/p>\n\n\n\n<h3 class=\"wp-block-heading\">Trova un exchange di criptovalute<\/h3>\n\n\n\n<p>\u00c8 necessario trovare un exchange di bitcoin che accetti pagamenti con carta di debito. Gli exchange popolari come Coinbase, Binance e Kraken supportano tutti i pagamenti con carta di debito.<\/p>\n\n\n\n<h3 class=\"wp-block-heading\">Crea un profilo sull&#8217;exchange.<\/h3>\n\n\n\n<p>Tra i dati richiesti ci sono il tuo nome, l&#8217;indirizzo email e il numero di telefono.<\/p>\n\n\n\n<h3 class=\"wp-block-heading\">Stabilisci la tua identit\u00e0.<\/h3>\n\n\n\n<p>Prima di poter iniziare a fare trading sulla maggior parte delle borse, \u00e8 necessario autenticare la propria identit\u00e0. Di solito \u00e8 richiesto caricare una copia di un documento d&#8217;identit\u00e0 rilasciato dal governo e talvolta anche un selfie.<\/p>\n\n\n\n<h3 class=\"wp-block-heading\">Collega il tuo account e la tua carta di debito.<\/h3>\n\n\n\n<p>Devi fornire le informazioni della tua carta di debito, inclusi il numero della carta, la data di scadenza e il codice CVV. Scegli Shiba Inu Coin (SHIB) da acquistare dall&#8217;elenco di criptovalute disponibili sul mercato.<\/p>\n\n\n\n<h3 class=\"wp-block-heading\">Inserisci la quantit\u00e0.<\/h3>\n\n\n\n<p>Inserisci la quantit\u00e0 che desideri acquistare e completa la transazione. Una volta completata la transazione, la Shiba Inu Coin sar\u00e0 depositata nel tuo portafoglio di scambio.<\/p>\n\n\n\n<figure class=\"wp-block-embed is-type-video is-provider-youtube wp-block-embed-youtube wp-embed-aspect-16-9 wp-has-aspect-ratio\"><div class=\"wp-block-embed__wrapper\">\n<iframe title=\"How to Purchase the Shiba Inu (SHIB) Token Using the Crypto.com App and Debit Card w\/only 2.99% Fee!\" width=\"800\" height=\"450\" src=\"https:\/\/www.youtube.com\/embed\/0YdUaWer6Y8?feature=oembed\" frameborder=\"0\" allow=\"accelerometer; autoplay; clipboard-write; encrypted-media; gyroscope; picture-in-picture; web-share\" allowfullscreen><\/iframe>\n<\/div><\/figure>\n\n\n\n<h2 class=\"wp-block-heading\">Svantaggi nell&#8217;uso di una carta di debito per l&#8217;acquisto di Shiba Inu Coin<\/h2>\n\n\n\n<ul><li>L&#8217;utilizzo di una carta di debito per l&#8217;acquisto di Shiba Inu Coin ha alcuni possibili svantaggi.<br><br><\/li><li>Uno svantaggio \u00e8 che l&#8217;utilizzo della tua carta di debito potrebbe comportare costi.<br><br><\/li><li>Le transazioni con carta di debito presso alcuni scambi possono comportare commissioni, aumentando il prezzo del tuo acquisto.<br><br><\/li><li>Per assicurarsi di ottenere il miglior affare, \u00e8 importante cercare attentamente i costi dello scambio prima di effettuare una transazione.<br><br><\/li><li>L&#8217;acquisto di Shiba Inu Coin con una carta di debito potrebbe anche avere lo svantaggio di non essere disponibile su tutte le borse.<br><br><\/li><li>Alcune borse offrono solo un numero limitato di opzioni o non accettano pagamenti con carta di debito.<br><br><\/li><li>Ci\u00f2 pu\u00f2 rendere pi\u00f9 difficile l&#8217;utilizzo di una carta di debito per l&#8217;acquisto di Shiba Inu Coin.<br><br><\/li><li>Infine, \u00e8 importante ricordare che l&#8217;acquisto di Shiba Inu Coin (o di qualsiasi altra criptovaluta) comporta un livello considerevole di rischio. Il valore della Shiba Inu Coin, come quello di altre criptovalute, \u00e8 suscettibile di volatilit\u00e0 e rapidi cambiamenti di valore.<br><br><\/li><li>Ci\u00f2 significa che se il valore della Shiba Inu Coin diminuisce dopo l&#8217;acquisto, si pu\u00f2 finire per perdere denaro.<\/li><\/ul>\n\n\n\n<h2 class=\"wp-block-heading\">Conclusione<\/h2>\n\n\n\n<p>L&#8217;acquisto di Shiba Inu Coin con carte di debito pu\u00f2 essere rapido e facile, ma \u00e8 fondamentale valutare attentamente i vantaggi e gli svantaggi di ciascuna opzione prima di scegliere. Presta sempre molta attenzione alle commissioni della piattaforma di scambio e informati sui rischi associati agli investimenti in criptovalute. Il valore di Shiba Inu Coin (e di altre criptovalute) pu\u00f2 essere molto volatile, quindi \u00e8 una buona idea investire solo ci\u00f2 che puoi permetterti di perdere.<\/p>\n\n\n\n<!-- Page-list plugin v.5.9 wordpress.org\/plugins\/page-list\/ -->\n<ul class=\"page-list siblings-page-list \">\n<li class=\"page_item page-item-23301\"><a href=\"https:\/\/allin1bitcoins.com\/it\/crypto\/shiba-inu\/apple-pay\/\">Come Acquistare Shiba Inu (SHIB) Con Apple Pay<\/a><\/li>\n<li class=\"page_item page-item-23233\"><a href=\"https:\/\/allin1bitcoins.com\/it\/crypto\/shiba-inu\/debit-card\/\">Come Acquistare Shiba Inu (SHIB) Con Una Carta Di Debito<\/a><\/li>\n<li class=\"page_item page-item-23241\"><a href=\"https:\/\/allin1bitcoins.com\/it\/crypto\/shiba-inu\/venmo\/\">Come Acquistare Shiba Inu (SHIB) Con Venmo<\/a><\/li>\n<li class=\"page_item page-item-23320\"><a href=\"https:\/\/allin1bitcoins.com\/it\/crypto\/shiba-inu\/american-express\/\">Come Acquistare Shiba Inu (SHIBA) Con American Express<\/a><\/li>\n<li class=\"page_item page-item-23281\"><a href=\"https:\/\/allin1bitcoins.com\/it\/crypto\/shiba-inu\/google-pay\/\">Come Acquistare Shiba Inu (SHIBA) Con Google Pay<\/a><\/li>\n<li class=\"page_item page-item-23271\"><a href=\"https:\/\/allin1bitcoins.com\/it\/crypto\/shiba-inu\/paypal\/\">Come Acquistare Shiba Inu (SHIBA) Con Paypal<\/a><\/li>\n<li class=\"page_item page-item-23261\"><a href=\"https:\/\/allin1bitcoins.com\/it\/crypto\/shiba-inu\/skrill\/\">Come Acquistare Shiba Inu (SHIBA) Con Skrill<\/a><\/li>\n<li class=\"page_item page-item-23290\"><a href=\"https:\/\/allin1bitcoins.com\/it\/crypto\/shiba-inu\/bank-account\/\">Come Acquistare Shiba Inu (SHIBA) Con Un Conto Bancario<\/a><\/li>\n<li class=\"page_item page-item-23250\"><a href=\"https:\/\/allin1bitcoins.com\/it\/crypto\/shiba-inu\/paysafecard\/\">Come Acquistare Shiba Inu (SHIBA) Con Una Paysafecard<\/a><\/li>\n<li class=\"page_item page-item-23310\"><a href=\"https:\/\/allin1bitcoins.com\/it\/crypto\/shiba-inu\/crypto-anonymously\/\">Come Acquistare Shiba Inu (SHIBA) In Modo Anonimo Con Criptovalute<\/a><\/li>\n\n<\/ul>\n","protected":false},"excerpt":{"rendered":"<p>Utilizzare una carta di debito per acquistare Shiba Inu Coin: Una breve guida Il primo passo per acquistare Shiba Inu Coin con una carta di debito \u00e8 trovare un exchange di criptovalute che accetta pagamenti con carta di debito. \u00c8 necessario quindi autenticare la propria identit\u00e0, registrarsi per un account sull&#8217;exchange e collegare la propria&#8230;<\/p>\n","protected":false},"author":3,"featured_media":12952,"parent":23214,"menu_order":0,"comment_status":"closed","ping_status":"closed","template":"","meta":{"cybocfi_hide_featured_image":"","footnotes":""},"acf":[],"yoast_head":"<!-- This site is optimized with the Yoast SEO plugin v21.7 - https:\/\/yoast.com\/wordpress\/plugins\/seo\/ -->\n<title>Come Acquistare Shiba Inu (SHIB) Con Una Carta Di Debito<\/title>\n<meta name=\"description\" content=\"Il primo passo per acquistare la moneta Shiba Inu con una carta di debito \u00e8 individuare uno scambio di criptovalute che accetti pagamenti con carta di debito.\" \/>\n<meta name=\"robots\" content=\"index, follow, max-snippet:-1, max-image-preview:large, max-video-preview:-1\" \/>\n<link rel=\"canonical\" href=\"https:\/\/allin1bitcoins.com\/it\/crypto\/shiba-inu\/debit-card\/\" \/>\n<meta property=\"og:locale\" content=\"it_IT\" \/>\n<meta property=\"og:type\" content=\"article\" \/>\n<meta property=\"og:title\" content=\"Come Acquistare Shiba Inu (SHIB) Con Una Carta Di Debito\" \/>\n<meta property=\"og:description\" content=\"Il primo passo per acquistare la moneta Shiba Inu con una carta di debito \u00e8 individuare uno scambio di criptovalute che accetti pagamenti con carta di debito.\" \/>\n<meta property=\"og:url\" content=\"https:\/\/allin1bitcoins.com\/it\/crypto\/shiba-inu\/debit-card\/\" \/>\n<meta property=\"og:site_name\" content=\"Allin1Bitcoins\" \/>\n<meta property=\"article:modified_time\" content=\"2023-03-10T11:18:07+00:00\" \/>\n<meta property=\"og:image\" content=\"https:\/\/allin1bitcoins.com\/wp-content\/uploads\/2023\/01\/traxer-YcN2FTnpEec-unsplash.jpg\" \/>\n\t<meta property=\"og:image:width\" content=\"640\" \/>\n\t<meta property=\"og:image:height\" content=\"426\" \/>\n\t<meta property=\"og:image:type\" content=\"image\/jpeg\" \/>\n<meta name=\"twitter:card\" content=\"summary_large_image\" \/>\n<meta name=\"twitter:label1\" content=\"Est. reading time\" \/>\n\t<meta name=\"twitter:data1\" content=\"4 minutes\" \/>\n<!-- \/ Yoast SEO plugin. -->","yoast_head_json":{"title":"Come Acquistare Shiba Inu (SHIB) Con Una Carta Di Debito","description":"Il primo passo per acquistare la moneta Shiba Inu con una carta di debito \u00e8 individuare uno scambio di criptovalute che accetti pagamenti con carta di debito.","robots":{"index":"index","follow":"follow","max-snippet":"max-snippet:-1","max-image-preview":"max-image-preview:large","max-video-preview":"max-video-preview:-1"},"canonical":"https:\/\/allin1bitcoins.com\/it\/crypto\/shiba-inu\/debit-card\/","og_locale":"it_IT","og_type":"article","og_title":"Come Acquistare Shiba Inu (SHIB) Con Una Carta Di Debito","og_description":"Il primo passo per acquistare la moneta Shiba Inu con una carta di debito \u00e8 individuare uno scambio di criptovalute che accetti pagamenti con carta di debito.","og_url":"https:\/\/allin1bitcoins.com\/it\/crypto\/shiba-inu\/debit-card\/","og_site_name":"Allin1Bitcoins","article_modified_time":"2023-03-10T11:18:07+00:00","og_image":[{"width":640,"height":426,"url":"https:\/\/allin1bitcoins.com\/wp-content\/uploads\/2023\/01\/traxer-YcN2FTnpEec-unsplash.jpg","type":"image\/jpeg"}],"twitter_card":"summary_large_image","twitter_misc":{"Est. reading time":"4 minutes"},"schema":{"@context":"https:\/\/schema.org","@graph":[{"@type":"WebPage","@id":"https:\/\/allin1bitcoins.com\/it\/crypto\/shiba-inu\/debit-card\/","url":"https:\/\/allin1bitcoins.com\/it\/crypto\/shiba-inu\/debit-card\/","name":"Come Acquistare Shiba Inu (SHIB) Con Una Carta Di Debito","isPartOf":{"@id":"https:\/\/allin1bitcoins.com\/it\/#website"},"datePublished":"2023-03-10T11:18:05+00:00","dateModified":"2023-03-10T11:18:07+00:00","description":"Il primo passo per acquistare la moneta Shiba Inu con una carta di debito \u00e8 individuare uno scambio di criptovalute che accetti pagamenti con carta di debito.","breadcrumb":{"@id":"https:\/\/allin1bitcoins.com\/it\/crypto\/shiba-inu\/debit-card\/#breadcrumb"},"inLanguage":"it","potentialAction":[{"@type":"ReadAction","target":["https:\/\/allin1bitcoins.com\/it\/crypto\/shiba-inu\/debit-card\/"]}]},{"@type":"BreadcrumbList","@id":"https:\/\/allin1bitcoins.com\/it\/crypto\/shiba-inu\/debit-card\/#breadcrumb","itemListElement":[{"@type":"ListItem","position":1,"name":"Home","item":"https:\/\/allin1bitcoins.com\/it\/"},{"@type":"ListItem","position":2,"name":"Crypto","item":"https:\/\/allin1bitcoins.com\/it\/crypto\/"},{"@type":"ListItem","position":3,"name":"Come Acquistare Shiba Inu (SHIB) &#8211; Guida Passo Passo 2023","item":"https:\/\/allin1bitcoins.com\/it\/crypto\/shiba-inu\/"},{"@type":"ListItem","position":4,"name":"Come Acquistare Shiba Inu (SHIB) Con Una Carta Di Debito"}]},{"@type":"WebSite","@id":"https:\/\/allin1bitcoins.com\/it\/#website","url":"https:\/\/allin1bitcoins.com\/it\/","name":"Allin1Bitcoins","description":"","publisher":{"@id":"https:\/\/allin1bitcoins.com\/it\/#organization"},"potentialAction":[{"@type":"SearchAction","target":{"@type":"EntryPoint","urlTemplate":"https:\/\/allin1bitcoins.com\/it\/?s={search_term_string}"},"query-input":"required name=search_term_string"}],"inLanguage":"it"},{"@type":"Organization","@id":"https:\/\/allin1bitcoins.com\/it\/#organization","name":"allin1bitcoins","url":"https:\/\/allin1bitcoins.com\/it\/","logo":{"@type":"ImageObject","inLanguage":"it","@id":"https:\/\/allin1bitcoins.com\/it\/#\/schema\/logo\/image\/","url":"https:\/\/allin1bitcoins.com\/wp-content\/uploads\/2019\/01\/logo-new.png","contentUrl":"https:\/\/allin1bitcoins.com\/wp-content\/uploads\/2019\/01\/logo-new.png","width":178,"height":71,"caption":"allin1bitcoins"},"image":{"@id":"https:\/\/allin1bitcoins.com\/it\/#\/schema\/logo\/image\/"}}]}},"_links":{"self":[{"href":"https:\/\/allin1bitcoins.com\/it\/wp-json\/wp\/v2\/pages\/23233"}],"collection":[{"href":"https:\/\/allin1bitcoins.com\/it\/wp-json\/wp\/v2\/pages"}],"about":[{"href":"https:\/\/allin1bitcoins.com\/it\/wp-json\/wp\/v2\/types\/page"}],"author":[{"embeddable":true,"href":"https:\/\/allin1bitcoins.com\/it\/wp-json\/wp\/v2\/users\/3"}],"replies":[{"embeddable":true,"href":"https:\/\/allin1bitcoins.com\/it\/wp-json\/wp\/v2\/comments?post=23233"}],"version-history":[{"count":1,"href":"https:\/\/allin1bitcoins.com\/it\/wp-json\/wp\/v2\/pages\/23233\/revisions"}],"predecessor-version":[{"id":23237,"href":"https:\/\/allin1bitcoins.com\/it\/wp-json\/wp\/v2\/pages\/23233\/revisions\/23237"}],"up":[{"embeddable":true,"href":"https:\/\/allin1bitcoins.com\/it\/wp-json\/wp\/v2\/pages\/23214"}],"wp:featuredmedia":[{"embeddable":true,"href":"https:\/\/allin1bitcoins.com\/it\/wp-json\/wp\/v2\/media\/12952"}],"wp:attachment":[{"href":"https:\/\/allin1bitcoins.com\/it\/wp-json\/wp\/v2\/media?parent=23233"}],"curies":[{"name":"wp","href":"https:\/\/api.w.org\/{rel}","templated":true}]}}