{"id":23250,"date":"2023-03-10T12:47:53","date_gmt":"2023-03-10T12:47:53","guid":{"rendered":"https:\/\/allin1bitcoins.com\/?page_id=23250"},"modified":"2023-03-10T12:47:56","modified_gmt":"2023-03-10T12:47:56","slug":"paysafecard","status":"publish","type":"page","link":"https:\/\/allin1bitcoins.com\/it\/crypto\/shiba-inu\/paysafecard\/","title":{"rendered":"Come Acquistare Shiba Inu (SHIBA) Con Una Paysafecard"},"content":{"rendered":"\n<h2 class=\"wp-block-heading\">Risposta breve: Puoi utilizzare una paysafecard per acquistare Shiba Inu Coin.<\/h2>\n\n\n\n<p><strong>Per acquistare Shiba Inu Coin con una paysafecard, devi seguire i seguenti passaggi:<\/strong><\/p>\n\n\n\n<ul><li>Cerca uno scambio di Bitcoin che accetta la paysafecard come forma di pagamento.<\/li><li>Registrati per un account di scambio e autentica la tua identit\u00e0.<\/li><li>Utilizza la tua paysafecard per effettuare un deposito sul tuo account di scambio.<\/li><li>Sullo scambio, cerca la coppia di trading Shiba Inu Coin (ad esempio, SHIB\/BTC).<\/li><li>Utilizza i fondi nel tuo account di scambio per effettuare un ordine di acquisto per Shiba Inu Coin.<\/li><li>Prendi i tuoi Shiba Inu Coin e mettili in un luogo sicuro.<\/li><li>Ricorda che non tutti gli scambi ti permettono di acquistare Shiba Inu Coin utilizzando una paysafecard e che diversi scambi potrebbero avere commissioni, restrizioni e altre condizioni diverse.<\/li><\/ul>\n\n\n\n<h2 class=\"wp-block-heading\">Panoramica su Shiba Inu Coin<\/h2>\n\n\n\n<p>Shiba Inu Coin (SHIB) \u00e8 una valuta digitale che \u00e8 nata dall&#8217;Ethereum nell&#8217;agosto 2020 ed \u00e8 costruita sulla rete Dogecoin. Grazie al branding che prende ispirazione dai meme e alla sua connessione con il famoso meme &#8220;Dogecoin&#8221;, \u00e8 diventata molto popolare.<\/p>\n\n\n\n<p>I creatori di Shiba Inu Coin hanno detto di non avere intenzione di fare soldi con essa; \u00e8 destinata a essere una moneta decentralizzata e guidata dalla comunit\u00e0. Una organizzazione autonoma decentralizzata (DAO) e le donazioni della comunit\u00e0 vengono utilizzate per finanziare il progetto.<\/p>\n\n\n\n<p>L&#8217;offerta totale di Shiba Inu Coin \u00e8 di 1 quadrilione (1.000.000.000.000.000) di monete e le transazioni della rete sono verificate tramite un meccanismo di consenso proof-of-work (PoW).<\/p>\n\n\n\n<h2 class=\"wp-block-heading\">Perch\u00e9 vuoi utilizzare una paysafecard per acquistare Shiba Inu Coin<\/h2>\n\n\n\n<p><strong>Potresti voler acquistare Shiba Inu Coin con una paysafecard per diverse ragioni:<\/strong><\/p>\n\n\n\n<p>Puoi effettuare acquisti online con l&#8217;opzione di pagamento prepagata paysafecard senza divulgare alcuna informazione finanziaria o personale. Se sei preoccupato per la sicurezza delle tue informazioni personali online, potrebbe essere molto interessante.<\/p>\n\n\n\n<p>Le stazioni di servizio, i supermercati e i negozi di convenienza sono solo alcuni dei luoghi in cui puoi ottenere una paysafecard, che \u00e8 facilmente accessibile. Ci\u00f2 significa che se non hai un conto bancario o una carta di credito, puoi facilmente acquistare una paysafecard con contanti.<\/p>\n\n\n\n<p>Anche se non hai accesso ad altre opzioni di pagamento, potresti comunque essere in grado di acquistare Shiba Inu Coin con una paysafecard poich\u00e9 molti scambi di criptovalute le accettano.<\/p>\n\n\n\n<h2 class=\"wp-block-heading\">Ecco una guida dettagliata su come acquistare Shiba Inu Coin con paysafecard:<\/h2>\n\n\n\n<ol><li>Trova un exchange di bitcoin che accetti paysafecard come forma di pagamento. Puoi cercare online gli exchange che accettano paysafecard o consultare la nostra lista di exchange suggeriti.<br><br><\/li><li>Crea un profilo sull&#8217;exchange. Crea un account seguendo le istruzioni dell&#8217;exchange e conferma la tua identit\u00e0. Potrebbe essere richiesto il tuo nome, indirizzo email e documentazione di identificazione.<br><br><\/li><li>Utilizza la tua paysafecard per depositare denaro nel tuo account di exchange. Dopo aver creato il tuo account, dovrai depositare del denaro nel tuo account di exchange per acquistare Shiba Inu Coin. Scegli &#8220;Deposito&#8221; dal menu dell&#8217;exchange e paysafecard come metodo di pagamento preferito. Segui le istruzioni per inserire le informazioni della tua paysafecard e l&#8217;importo del deposito. Ricorda che potrebbero esserci dei costi associati a questa transazione e l&#8217;exchange potrebbe avere delle restrizioni sul denaro che puoi depositare con paysafecard.<br><br><\/li><li>Trova la coppia di trading Shiba Inu Coin sull&#8217;exchange. Dopo che i tuoi fondi sono disponibili nel tuo account di exchange, dovrai trovare la coppia di trading Shiba Inu Coin sull&#8217;exchange. Una coppia di trading \u00e8 una combinazione di due elementi che possono essere scambiati su un exchange, come SHIB\/BTC (Shiba Inu Coin e Bitcoin). Per acquistare Shiba Inu Coin, devi trovare la coppia di trading SHIB.<br><br><\/li><li>Utilizza i fondi nel tuo account di exchange per piazzare un ordine di acquisto per Shiba Inu Coin. Per acquistare Shiba Inu Coin, devi inserire un ordine di acquisto sull&#8217;exchange. Scegli la combinazione di trading SHIB\/BTC e inserisci la quantit\u00e0 di SHIB che desideri acquistare insieme al prezzo di acquisto desiderato. Ricorda che il prezzo di SHIB potrebbe cambiare nel tempo e potresti dover modificare il tuo ordine per riflettere questi cambiamenti.<br><br><\/li><li>Prendi i tuoi Shiba Inu Coins e mettili in un luogo sicuro. Dopo che il tuo ordine di acquisto \u00e8 stato completato e hai ricevuto i tuoi SHIB, \u00e8 importante ritirarli in un portafoglio sicuro. Un portafoglio \u00e8 un software che ti consente di gestire e conservare i tuoi bitcoin. Ci sono molti tipi di portafogli, tra cui portafogli web, software e hardware. Per il massimo livello di protezione, di solito si consiglia di utilizzare un portafoglio hardware o software.<\/li><\/ol>\n\n\n\n<figure class=\"wp-block-embed is-type-video is-provider-youtube wp-block-embed-youtube wp-embed-aspect-16-9 wp-has-aspect-ratio\"><div class=\"wp-block-embed__wrapper\">\n<iframe title=\"ALL IN ON DOGECOIN\" width=\"800\" height=\"450\" src=\"https:\/\/www.youtube.com\/embed\/3IXQKs8ZSrs?feature=oembed\" frameborder=\"0\" allow=\"accelerometer; autoplay; clipboard-write; encrypted-media; gyroscope; picture-in-picture; web-share\" allowfullscreen><\/iframe>\n<\/div><\/figure>\n\n\n\n<h2 class=\"wp-block-heading\">Svantaggi dell&#8217;utilizzo di paysafecard per acquistare Shiba Inu Coin:<\/h2>\n\n\n\n<ul><li><strong>Accesso limitato: <\/strong>potresti avere solo poche alternative quando si tratta di acquistare SHIB perch\u00e9 non tutti gli exchange di criptovalute accettano paysafecard come forma di pagamento.<br><br><\/li><li><strong>Commissioni:<\/strong> Paysafecard ha il diritto di imporre commissioni sull&#8217;acquisto, il rimborso e il pagamento online della carta. Inoltre, possono esserci commissioni associate all&#8217;utilizzo di una paysafecard per depositare denaro sullo scambio che si sta utilizzando.<br><br><\/li><li><strong>Turbolenza<\/strong>: dei prezzi Il prezzo di Shiba Inu Coin \u00e8 soggetto a fluttuazioni estreme, proprio come tutte le criptovalute. Ci\u00f2 implica che il valore delle tue monete SHIB pu\u00f2 cambiare drasticamente nel tempo e che, in caso di diminuzione del valore di SHIB, rischi di perdere denaro.<\/li><\/ul>\n\n\n\n<h2 class=\"wp-block-heading\">Conclusione<\/h2>\n\n\n\n<p>Shiba Inu Coin pu\u00f2 essere acquistata facilmente e privatamente con una paysafecard senza rivelare alcuna informazione finanziaria o personale. Tuttavia, \u00e8 essenziale investigare attentamente lo scambio che si sta utilizzando e conoscere i costi e i rischi coinvolti nell&#8217;acquisto di SHIB. Per proteggere il proprio investimento, assicurarsi sempre di trasferire le monete SHIB in un portafoglio sicuro dopo l&#8217;acquisto.<\/p>\n\n\n\n<!-- Page-list plugin v.5.9 wordpress.org\/plugins\/page-list\/ -->\n<ul class=\"page-list siblings-page-list \">\n<li class=\"page_item page-item-23301\"><a href=\"https:\/\/allin1bitcoins.com\/it\/crypto\/shiba-inu\/apple-pay\/\">Come Acquistare Shiba Inu (SHIB) Con Apple Pay<\/a><\/li>\n<li class=\"page_item page-item-23233\"><a href=\"https:\/\/allin1bitcoins.com\/it\/crypto\/shiba-inu\/debit-card\/\">Come Acquistare Shiba Inu (SHIB) Con Una Carta Di Debito<\/a><\/li>\n<li class=\"page_item page-item-23241\"><a href=\"https:\/\/allin1bitcoins.com\/it\/crypto\/shiba-inu\/venmo\/\">Come Acquistare Shiba Inu (SHIB) Con Venmo<\/a><\/li>\n<li class=\"page_item page-item-23320\"><a href=\"https:\/\/allin1bitcoins.com\/it\/crypto\/shiba-inu\/american-express\/\">Come Acquistare Shiba Inu (SHIBA) Con American Express<\/a><\/li>\n<li class=\"page_item page-item-23281\"><a href=\"https:\/\/allin1bitcoins.com\/it\/crypto\/shiba-inu\/google-pay\/\">Come Acquistare Shiba Inu (SHIBA) Con Google Pay<\/a><\/li>\n<li class=\"page_item page-item-23271\"><a href=\"https:\/\/allin1bitcoins.com\/it\/crypto\/shiba-inu\/paypal\/\">Come Acquistare Shiba Inu (SHIBA) Con Paypal<\/a><\/li>\n<li class=\"page_item page-item-23261\"><a href=\"https:\/\/allin1bitcoins.com\/it\/crypto\/shiba-inu\/skrill\/\">Come Acquistare Shiba Inu (SHIBA) Con Skrill<\/a><\/li>\n<li class=\"page_item page-item-23290\"><a href=\"https:\/\/allin1bitcoins.com\/it\/crypto\/shiba-inu\/bank-account\/\">Come Acquistare Shiba Inu (SHIBA) Con Un Conto Bancario<\/a><\/li>\n<li class=\"page_item page-item-23250\"><a href=\"https:\/\/allin1bitcoins.com\/it\/crypto\/shiba-inu\/paysafecard\/\">Come Acquistare Shiba Inu (SHIBA) Con Una Paysafecard<\/a><\/li>\n<li class=\"page_item page-item-23310\"><a href=\"https:\/\/allin1bitcoins.com\/it\/crypto\/shiba-inu\/crypto-anonymously\/\">Come Acquistare Shiba Inu (SHIBA) In Modo Anonimo Con Criptovalute<\/a><\/li>\n\n<\/ul>\n","protected":false},"excerpt":{"rendered":"<p>Risposta breve: Puoi utilizzare una paysafecard per acquistare Shiba Inu Coin. Per acquistare Shiba Inu Coin con una paysafecard, devi seguire i seguenti passaggi: Cerca uno scambio di Bitcoin che accetta la paysafecard come forma di pagamento. Registrati per un account di scambio e autentica la tua identit\u00e0. Utilizza la tua paysafecard per effettuare un&#8230;<\/p>\n","protected":false},"author":3,"featured_media":12398,"parent":23214,"menu_order":0,"comment_status":"closed","ping_status":"closed","template":"","meta":{"cybocfi_hide_featured_image":"","footnotes":""},"acf":[],"yoast_head":"<!-- This site is optimized with the Yoast SEO plugin v21.7 - https:\/\/yoast.com\/wordpress\/plugins\/seo\/ -->\n<title>Come Acquistare Shiba Inu (SHIBA) Con Una Paysafecard<\/title>\n<meta name=\"description\" content=\"Devi seguire le seguenti azioni per acquistare Shiba Inu Coin utilizzando una Paysafecard. Continua a leggere.\" \/>\n<meta name=\"robots\" content=\"index, follow, max-snippet:-1, max-image-preview:large, max-video-preview:-1\" \/>\n<link rel=\"canonical\" href=\"https:\/\/allin1bitcoins.com\/it\/crypto\/shiba-inu\/paysafecard\/\" \/>\n<meta property=\"og:locale\" content=\"it_IT\" \/>\n<meta property=\"og:type\" content=\"article\" \/>\n<meta property=\"og:title\" content=\"Come Acquistare Shiba Inu (SHIBA) Con Una Paysafecard\" \/>\n<meta property=\"og:description\" content=\"Devi seguire le seguenti azioni per acquistare Shiba Inu Coin utilizzando una Paysafecard. Continua a leggere.\" \/>\n<meta property=\"og:url\" content=\"https:\/\/allin1bitcoins.com\/it\/crypto\/shiba-inu\/paysafecard\/\" \/>\n<meta property=\"og:site_name\" content=\"Allin1Bitcoins\" \/>\n<meta property=\"article:modified_time\" content=\"2023-03-10T12:47:56+00:00\" \/>\n<meta property=\"og:image\" content=\"https:\/\/allin1bitcoins.com\/wp-content\/uploads\/2022\/12\/jonathan-kemper-1bbioE3p9P8-unsplash.jpg\" \/>\n\t<meta property=\"og:image:width\" content=\"1920\" \/>\n\t<meta property=\"og:image:height\" content=\"1280\" \/>\n\t<meta property=\"og:image:type\" content=\"image\/jpeg\" \/>\n<meta name=\"twitter:card\" content=\"summary_large_image\" \/>\n<meta name=\"twitter:label1\" content=\"Est. reading time\" \/>\n\t<meta name=\"twitter:data1\" content=\"5 minutes\" \/>\n<!-- \/ Yoast SEO plugin. -->","yoast_head_json":{"title":"Come Acquistare Shiba Inu (SHIBA) Con Una Paysafecard","description":"Devi seguire le seguenti azioni per acquistare Shiba Inu Coin utilizzando una Paysafecard. Continua a leggere.","robots":{"index":"index","follow":"follow","max-snippet":"max-snippet:-1","max-image-preview":"max-image-preview:large","max-video-preview":"max-video-preview:-1"},"canonical":"https:\/\/allin1bitcoins.com\/it\/crypto\/shiba-inu\/paysafecard\/","og_locale":"it_IT","og_type":"article","og_title":"Come Acquistare Shiba Inu (SHIBA) Con Una Paysafecard","og_description":"Devi seguire le seguenti azioni per acquistare Shiba Inu Coin utilizzando una Paysafecard. Continua a leggere.","og_url":"https:\/\/allin1bitcoins.com\/it\/crypto\/shiba-inu\/paysafecard\/","og_site_name":"Allin1Bitcoins","article_modified_time":"2023-03-10T12:47:56+00:00","og_image":[{"width":1920,"height":1280,"url":"https:\/\/allin1bitcoins.com\/wp-content\/uploads\/2022\/12\/jonathan-kemper-1bbioE3p9P8-unsplash.jpg","type":"image\/jpeg"}],"twitter_card":"summary_large_image","twitter_misc":{"Est. reading time":"5 minutes"},"schema":{"@context":"https:\/\/schema.org","@graph":[{"@type":"WebPage","@id":"https:\/\/allin1bitcoins.com\/it\/crypto\/shiba-inu\/paysafecard\/","url":"https:\/\/allin1bitcoins.com\/it\/crypto\/shiba-inu\/paysafecard\/","name":"Come Acquistare Shiba Inu (SHIBA) Con Una Paysafecard","isPartOf":{"@id":"https:\/\/allin1bitcoins.com\/it\/#website"},"datePublished":"2023-03-10T12:47:53+00:00","dateModified":"2023-03-10T12:47:56+00:00","description":"Devi seguire le seguenti azioni per acquistare Shiba Inu Coin utilizzando una Paysafecard. Continua a leggere.","breadcrumb":{"@id":"https:\/\/allin1bitcoins.com\/it\/crypto\/shiba-inu\/paysafecard\/#breadcrumb"},"inLanguage":"it","potentialAction":[{"@type":"ReadAction","target":["https:\/\/allin1bitcoins.com\/it\/crypto\/shiba-inu\/paysafecard\/"]}]},{"@type":"BreadcrumbList","@id":"https:\/\/allin1bitcoins.com\/it\/crypto\/shiba-inu\/paysafecard\/#breadcrumb","itemListElement":[{"@type":"ListItem","position":1,"name":"Home","item":"https:\/\/allin1bitcoins.com\/it\/"},{"@type":"ListItem","position":2,"name":"Crypto","item":"https:\/\/allin1bitcoins.com\/it\/crypto\/"},{"@type":"ListItem","position":3,"name":"Come Acquistare Shiba Inu (SHIB) &#8211; Guida Passo Passo 2023","item":"https:\/\/allin1bitcoins.com\/it\/crypto\/shiba-inu\/"},{"@type":"ListItem","position":4,"name":"Come Acquistare Shiba Inu (SHIBA) Con Una Paysafecard"}]},{"@type":"WebSite","@id":"https:\/\/allin1bitcoins.com\/it\/#website","url":"https:\/\/allin1bitcoins.com\/it\/","name":"Allin1Bitcoins","description":"","publisher":{"@id":"https:\/\/allin1bitcoins.com\/it\/#organization"},"potentialAction":[{"@type":"SearchAction","target":{"@type":"EntryPoint","urlTemplate":"https:\/\/allin1bitcoins.com\/it\/?s={search_term_string}"},"query-input":"required name=search_term_string"}],"inLanguage":"it"},{"@type":"Organization","@id":"https:\/\/allin1bitcoins.com\/it\/#organization","name":"allin1bitcoins","url":"https:\/\/allin1bitcoins.com\/it\/","logo":{"@type":"ImageObject","inLanguage":"it","@id":"https:\/\/allin1bitcoins.com\/it\/#\/schema\/logo\/image\/","url":"https:\/\/allin1bitcoins.com\/wp-content\/uploads\/2019\/01\/logo-new.png","contentUrl":"https:\/\/allin1bitcoins.com\/wp-content\/uploads\/2019\/01\/logo-new.png","width":178,"height":71,"caption":"allin1bitcoins"},"image":{"@id":"https:\/\/allin1bitcoins.com\/it\/#\/schema\/logo\/image\/"}}]}},"_links":{"self":[{"href":"https:\/\/allin1bitcoins.com\/it\/wp-json\/wp\/v2\/pages\/23250"}],"collection":[{"href":"https:\/\/allin1bitcoins.com\/it\/wp-json\/wp\/v2\/pages"}],"about":[{"href":"https:\/\/allin1bitcoins.com\/it\/wp-json\/wp\/v2\/types\/page"}],"author":[{"embeddable":true,"href":"https:\/\/allin1bitcoins.com\/it\/wp-json\/wp\/v2\/users\/3"}],"replies":[{"embeddable":true,"href":"https:\/\/allin1bitcoins.com\/it\/wp-json\/wp\/v2\/comments?post=23250"}],"version-history":[{"count":1,"href":"https:\/\/allin1bitcoins.com\/it\/wp-json\/wp\/v2\/pages\/23250\/revisions"}],"predecessor-version":[{"id":23256,"href":"https:\/\/allin1bitcoins.com\/it\/wp-json\/wp\/v2\/pages\/23250\/revisions\/23256"}],"up":[{"embeddable":true,"href":"https:\/\/allin1bitcoins.com\/it\/wp-json\/wp\/v2\/pages\/23214"}],"wp:featuredmedia":[{"embeddable":true,"href":"https:\/\/allin1bitcoins.com\/it\/wp-json\/wp\/v2\/media\/12398"}],"wp:attachment":[{"href":"https:\/\/allin1bitcoins.com\/it\/wp-json\/wp\/v2\/media?parent=23250"}],"curies":[{"name":"wp","href":"https:\/\/api.w.org\/{rel}","templated":true}]}}