{"id":23271,"date":"2023-03-10T13:15:45","date_gmt":"2023-03-10T13:15:45","guid":{"rendered":"https:\/\/allin1bitcoins.com\/?page_id=23271"},"modified":"2023-03-10T13:15:48","modified_gmt":"2023-03-10T13:15:48","slug":"paypal","status":"publish","type":"page","link":"https:\/\/allin1bitcoins.com\/it\/crypto\/shiba-inu\/paypal\/","title":{"rendered":"Come Acquistare Shiba Inu (SHIBA) Con Paypal"},"content":{"rendered":"\n<h2 class=\"wp-block-heading\">Breve risposta: \u00e8 possibile acquistare le monete Shiba Inu con Paypal.<\/h2>\n\n\n\n<p><strong>Per acquistare le monete Shiba Inu utilizzando un account Paypal, \u00e8 necessario eseguire le seguenti azioni:<\/strong><\/p>\n\n\n\n<ul><li>Trovare uno scambio di criptovalute che accetti PayPal come forma di pagamento.<\/li><li>Creare un account PayPal sullo scambio e collegarlo.<\/li><li>Utilizzare il proprio account PayPal per acquistare Bitcoin o Ethereum.<\/li><li>Aggiungere Shiba Inu Coin a uno scambio di criptovalute che accetti Bitcoin o Ethereum.<\/li><li>Acquistare Shiba Inu Coin con Ethereum o Bitcoin.<\/li><\/ul>\n\n\n\n<h2 class=\"wp-block-heading\">Panoramica di Shiba Inu Coin<\/h2>\n\n\n\n<p>Una criptovaluta chiamata Shiba Inu Coin \u00e8 stata creata nell&#8217;agosto del 2020. \u00c8 costruita sulla rete Ethereum e ha un&#8217;offerta di 1 trilione di monete. La moneta \u00e8 spesso definita come &#8220;il fratellino di Dogecoin&#8221; e prende il nome dalla razza di cane Shiba Inu.<\/p>\n\n\n\n<p>Shiba Inu Coin \u00e8 diventata nota grazie alla sua campagna di marketing virale e all&#8217;approvazione di Elon Musk, una figura ben nota sui social media. Tuttavia, Shiba Inu Coin \u00e8 un&#8217;attivit\u00e0 altamente speculativa e volatile e investire in essa comporta un grande rischio.<\/p>\n\n\n\n<h2 class=\"wp-block-heading\">Perch\u00e9 acquistare Shiba Inu Coin tramite Paypal<\/h2>\n\n\n\n<p><strong>Ci sono alcune cose da considerare se si decide di acquistare Shiba Inu Coin utilizzando un account Paypal.<\/strong><\/p>\n\n\n\n<p>Innanzitutto, Paypal \u00e8 un&#8217;opzione di pagamento online ben nota e affidabile. Offre un modo sicuro per trasferire e ricevere denaro online ed \u00e8 semplice da usare. In secondo luogo, le persone che non dispongono di una carta di credito o di debito o che non vogliono collegare il proprio conto bancario a uno scambio di criptovalute potrebbero trovare semplice acquistare Shiba Inu Coin tramite PayPal.<\/p>\n\n\n\n<h2 class=\"wp-block-heading\">Come acquistare Shiba Inu Coin con Paypal: guida passo passo<\/h2>\n\n\n\n<p><strong>Per acquistare Shiba Inu Coin utilizzando un account Paypal, seguire questi semplici passaggi:<\/strong><\/p>\n\n\n\n<ol><li>Trovare uno scambio di criptovalute che accetti PayPal come forma di pagamento. Coinbase e Paxful sono alcune delle scelte pi\u00f9 popolari.<br><br><\/li><li>Creare un account PayPal sullo scambio e collegarlo. Saranno richieste alcune informazioni personali, tra cui nome ed email, insieme alla possibile verifica dell&#8217;identit\u00e0.<br><br><\/li><li>Utilizzare il proprio account PayPal per acquistare Bitcoin o Ethereum. La maggior parte degli scambi consente di utilizzare PayPal per acquistare direttamente queste criptovalute.<br><br><\/li><li>Aggiungere Shiba Inu Coin a uno scambio di criptovalute che accetti Bitcoin o Ethereum. Binance e Huobi sono alcune delle scelte pi\u00f9 popolari.<br><br><\/li><li>Acquistare Shiba Inu Coin con Ethereum o Bitcoin. Per fare ci\u00f2, individuare la coppia di trading di Shiba Inu Coin sullo scambio, quindi inviare un ordine di acquisto.<\/li><\/ol>\n\n\n\n<figure class=\"wp-block-embed is-type-video is-provider-youtube wp-block-embed-youtube wp-embed-aspect-16-9 wp-has-aspect-ratio\"><div class=\"wp-block-embed__wrapper\">\n<iframe title=\"How To Buy Cryptocurrency With Paypal [PayPal Arbitrage]\" width=\"800\" height=\"450\" src=\"https:\/\/www.youtube.com\/embed\/kqIn4cvvyHY?feature=oembed\" frameborder=\"0\" allow=\"accelerometer; autoplay; clipboard-write; encrypted-media; gyroscope; picture-in-picture; web-share\" allowfullscreen><\/iframe>\n<\/div><\/figure>\n\n\n\n<h2 class=\"wp-block-heading\">Svantaggi nell&#8217;utilizzo di Paypal per l&#8217;acquisto di Shiba Inu Coin<\/h2>\n\n\n\n<p>Quando si acquista Shiba Inu Coin tramite un account Paypal, ci sono alcuni svantaggi da considerare.<\/p>\n\n\n\n<p>Gli scambi che si occupano di criptovalute e accettano Paypal come opzione di pagamento potrebbero anche aggiungere alcune commissioni extra. Se hai l&#8217;intenzione di tenere Shiba Inu Coin per lungo tempo, queste commissioni potrebbero accumularsi e abbassare drasticamente i tuoi profitti.<\/p>\n\n\n\n<p>Un&#8217;ultima osservazione da fare \u00e8 che Shiba Inu Coin \u00e8 un asset molto rischioso e volatile. Il suo valore pu\u00f2 cambiare notevolmente in brevi periodi di tempo, e non \u00e8 raro che il valore della moneta diminuisca bruscamente. Pertanto, se acquisti Shiba Inu Coin utilizzando un account Paypal, corri il rischio di perdere una somma considerevole di denaro se il valore della moneta diminuisce.<\/p>\n\n\n\n<h2 class=\"wp-block-heading\">Conclusione<\/h2>\n\n\n\n<p>Per coloro che non hanno una carta di credito o di debito o non desiderano collegare il proprio conto bancario a un exchange di criptovalute, l&#8217;acquisto di Shiba Inu Coin con un account Paypal \u00e8 una scelta pratica. Tuttavia, devono essere considerati i costi dell&#8217;utilizzo di Paypal e i pericoli dell&#8217;investimento in un asset altamente speculativo e volatile come Shiba Inu Coin. Prima di scegliere di acquistare Shiba Inu Coin con un account Paypal, \u00e8 fondamentale fare la propria dovuta diligenza e valutare attentamente i possibili rischi e premi.<\/p>\n\n\n\n<!-- Page-list plugin v.5.9 wordpress.org\/plugins\/page-list\/ -->\n<ul class=\"page-list siblings-page-list \">\n<li class=\"page_item page-item-23301\"><a href=\"https:\/\/allin1bitcoins.com\/it\/crypto\/shiba-inu\/apple-pay\/\">Come Acquistare Shiba Inu (SHIB) Con Apple Pay<\/a><\/li>\n<li class=\"page_item page-item-23233\"><a href=\"https:\/\/allin1bitcoins.com\/it\/crypto\/shiba-inu\/debit-card\/\">Come Acquistare Shiba Inu (SHIB) Con Una Carta Di Debito<\/a><\/li>\n<li class=\"page_item page-item-23241\"><a href=\"https:\/\/allin1bitcoins.com\/it\/crypto\/shiba-inu\/venmo\/\">Come Acquistare Shiba Inu (SHIB) Con Venmo<\/a><\/li>\n<li class=\"page_item page-item-23320\"><a href=\"https:\/\/allin1bitcoins.com\/it\/crypto\/shiba-inu\/american-express\/\">Come Acquistare Shiba Inu (SHIBA) Con American Express<\/a><\/li>\n<li class=\"page_item page-item-23281\"><a href=\"https:\/\/allin1bitcoins.com\/it\/crypto\/shiba-inu\/google-pay\/\">Come Acquistare Shiba Inu (SHIBA) Con Google Pay<\/a><\/li>\n<li class=\"page_item page-item-23271\"><a href=\"https:\/\/allin1bitcoins.com\/it\/crypto\/shiba-inu\/paypal\/\">Come Acquistare Shiba Inu (SHIBA) Con Paypal<\/a><\/li>\n<li class=\"page_item page-item-23261\"><a href=\"https:\/\/allin1bitcoins.com\/it\/crypto\/shiba-inu\/skrill\/\">Come Acquistare Shiba Inu (SHIBA) Con Skrill<\/a><\/li>\n<li class=\"page_item page-item-23290\"><a href=\"https:\/\/allin1bitcoins.com\/it\/crypto\/shiba-inu\/bank-account\/\">Come Acquistare Shiba Inu (SHIBA) Con Un Conto Bancario<\/a><\/li>\n<li class=\"page_item page-item-23250\"><a href=\"https:\/\/allin1bitcoins.com\/it\/crypto\/shiba-inu\/paysafecard\/\">Come Acquistare Shiba Inu (SHIBA) Con Una Paysafecard<\/a><\/li>\n<li class=\"page_item page-item-23310\"><a href=\"https:\/\/allin1bitcoins.com\/it\/crypto\/shiba-inu\/crypto-anonymously\/\">Come Acquistare Shiba Inu (SHIBA) In Modo Anonimo Con Criptovalute<\/a><\/li>\n\n<\/ul>\n","protected":false},"excerpt":{"rendered":"<p>Breve risposta: \u00e8 possibile acquistare le monete Shiba Inu con Paypal. Per acquistare le monete Shiba Inu utilizzando un account Paypal, \u00e8 necessario eseguire le seguenti azioni: Trovare uno scambio di criptovalute che accetti PayPal come forma di pagamento. Creare un account PayPal sullo scambio e collegarlo. Utilizzare il proprio account PayPal per acquistare Bitcoin&#8230;<\/p>\n","protected":false},"author":3,"featured_media":13016,"parent":23214,"menu_order":0,"comment_status":"closed","ping_status":"closed","template":"","meta":{"cybocfi_hide_featured_image":"","footnotes":""},"acf":[],"yoast_head":"<!-- This site is optimized with the Yoast SEO plugin v21.7 - https:\/\/yoast.com\/wordpress\/plugins\/seo\/ -->\n<title>Come Acquistare Shiba Inu (SHIBA) Con Paypal<\/title>\n<meta name=\"description\" content=\"Per acquistare Shiba Inu Coin utilizzando un account Paypal, \u00e8 necessario effettuare le seguenti azioni. Continua a leggere per saperne di pi\u00f9.\" \/>\n<meta name=\"robots\" content=\"index, follow, max-snippet:-1, max-image-preview:large, max-video-preview:-1\" \/>\n<link rel=\"canonical\" href=\"https:\/\/allin1bitcoins.com\/it\/crypto\/shiba-inu\/paypal\/\" \/>\n<meta property=\"og:locale\" content=\"it_IT\" \/>\n<meta property=\"og:type\" content=\"article\" \/>\n<meta property=\"og:title\" content=\"Come Acquistare Shiba Inu (SHIBA) Con Paypal\" \/>\n<meta property=\"og:description\" content=\"Per acquistare Shiba Inu Coin utilizzando un account Paypal, \u00e8 necessario effettuare le seguenti azioni. Continua a leggere per saperne di pi\u00f9.\" \/>\n<meta property=\"og:url\" content=\"https:\/\/allin1bitcoins.com\/it\/crypto\/shiba-inu\/paypal\/\" \/>\n<meta property=\"og:site_name\" content=\"Allin1Bitcoins\" \/>\n<meta property=\"article:modified_time\" content=\"2023-03-10T13:15:48+00:00\" \/>\n<meta property=\"og:image\" content=\"https:\/\/allin1bitcoins.com\/wp-content\/uploads\/2023\/01\/pexels-brett-jordan-54375871.jpg\" \/>\n\t<meta property=\"og:image:width\" content=\"640\" \/>\n\t<meta property=\"og:image:height\" content=\"480\" \/>\n\t<meta property=\"og:image:type\" content=\"image\/jpeg\" \/>\n<meta name=\"twitter:card\" content=\"summary_large_image\" \/>\n<meta name=\"twitter:label1\" content=\"Est. reading time\" \/>\n\t<meta name=\"twitter:data1\" content=\"3 minutes\" \/>\n<!-- \/ Yoast SEO plugin. -->","yoast_head_json":{"title":"Come Acquistare Shiba Inu (SHIBA) Con Paypal","description":"Per acquistare Shiba Inu Coin utilizzando un account Paypal, \u00e8 necessario effettuare le seguenti azioni. Continua a leggere per saperne di pi\u00f9.","robots":{"index":"index","follow":"follow","max-snippet":"max-snippet:-1","max-image-preview":"max-image-preview:large","max-video-preview":"max-video-preview:-1"},"canonical":"https:\/\/allin1bitcoins.com\/it\/crypto\/shiba-inu\/paypal\/","og_locale":"it_IT","og_type":"article","og_title":"Come Acquistare Shiba Inu (SHIBA) Con Paypal","og_description":"Per acquistare Shiba Inu Coin utilizzando un account Paypal, \u00e8 necessario effettuare le seguenti azioni. Continua a leggere per saperne di pi\u00f9.","og_url":"https:\/\/allin1bitcoins.com\/it\/crypto\/shiba-inu\/paypal\/","og_site_name":"Allin1Bitcoins","article_modified_time":"2023-03-10T13:15:48+00:00","og_image":[{"width":640,"height":480,"url":"https:\/\/allin1bitcoins.com\/wp-content\/uploads\/2023\/01\/pexels-brett-jordan-54375871.jpg","type":"image\/jpeg"}],"twitter_card":"summary_large_image","twitter_misc":{"Est. reading time":"3 minutes"},"schema":{"@context":"https:\/\/schema.org","@graph":[{"@type":"WebPage","@id":"https:\/\/allin1bitcoins.com\/it\/crypto\/shiba-inu\/paypal\/","url":"https:\/\/allin1bitcoins.com\/it\/crypto\/shiba-inu\/paypal\/","name":"Come Acquistare Shiba Inu (SHIBA) Con Paypal","isPartOf":{"@id":"https:\/\/allin1bitcoins.com\/it\/#website"},"datePublished":"2023-03-10T13:15:45+00:00","dateModified":"2023-03-10T13:15:48+00:00","description":"Per acquistare Shiba Inu Coin utilizzando un account Paypal, \u00e8 necessario effettuare le seguenti azioni. Continua a leggere per saperne di pi\u00f9.","breadcrumb":{"@id":"https:\/\/allin1bitcoins.com\/it\/crypto\/shiba-inu\/paypal\/#breadcrumb"},"inLanguage":"it","potentialAction":[{"@type":"ReadAction","target":["https:\/\/allin1bitcoins.com\/it\/crypto\/shiba-inu\/paypal\/"]}]},{"@type":"BreadcrumbList","@id":"https:\/\/allin1bitcoins.com\/it\/crypto\/shiba-inu\/paypal\/#breadcrumb","itemListElement":[{"@type":"ListItem","position":1,"name":"Home","item":"https:\/\/allin1bitcoins.com\/it\/"},{"@type":"ListItem","position":2,"name":"Crypto","item":"https:\/\/allin1bitcoins.com\/it\/crypto\/"},{"@type":"ListItem","position":3,"name":"Come Acquistare Shiba Inu (SHIB) &#8211; Guida Passo Passo 2023","item":"https:\/\/allin1bitcoins.com\/it\/crypto\/shiba-inu\/"},{"@type":"ListItem","position":4,"name":"Come Acquistare Shiba Inu (SHIBA) Con Paypal"}]},{"@type":"WebSite","@id":"https:\/\/allin1bitcoins.com\/it\/#website","url":"https:\/\/allin1bitcoins.com\/it\/","name":"Allin1Bitcoins","description":"","publisher":{"@id":"https:\/\/allin1bitcoins.com\/it\/#organization"},"potentialAction":[{"@type":"SearchAction","target":{"@type":"EntryPoint","urlTemplate":"https:\/\/allin1bitcoins.com\/it\/?s={search_term_string}"},"query-input":"required name=search_term_string"}],"inLanguage":"it"},{"@type":"Organization","@id":"https:\/\/allin1bitcoins.com\/it\/#organization","name":"allin1bitcoins","url":"https:\/\/allin1bitcoins.com\/it\/","logo":{"@type":"ImageObject","inLanguage":"it","@id":"https:\/\/allin1bitcoins.com\/it\/#\/schema\/logo\/image\/","url":"https:\/\/allin1bitcoins.com\/wp-content\/uploads\/2019\/01\/logo-new.png","contentUrl":"https:\/\/allin1bitcoins.com\/wp-content\/uploads\/2019\/01\/logo-new.png","width":178,"height":71,"caption":"allin1bitcoins"},"image":{"@id":"https:\/\/allin1bitcoins.com\/it\/#\/schema\/logo\/image\/"}}]}},"_links":{"self":[{"href":"https:\/\/allin1bitcoins.com\/it\/wp-json\/wp\/v2\/pages\/23271"}],"collection":[{"href":"https:\/\/allin1bitcoins.com\/it\/wp-json\/wp\/v2\/pages"}],"about":[{"href":"https:\/\/allin1bitcoins.com\/it\/wp-json\/wp\/v2\/types\/page"}],"author":[{"embeddable":true,"href":"https:\/\/allin1bitcoins.com\/it\/wp-json\/wp\/v2\/users\/3"}],"replies":[{"embeddable":true,"href":"https:\/\/allin1bitcoins.com\/it\/wp-json\/wp\/v2\/comments?post=23271"}],"version-history":[{"count":1,"href":"https:\/\/allin1bitcoins.com\/it\/wp-json\/wp\/v2\/pages\/23271\/revisions"}],"predecessor-version":[{"id":23275,"href":"https:\/\/allin1bitcoins.com\/it\/wp-json\/wp\/v2\/pages\/23271\/revisions\/23275"}],"up":[{"embeddable":true,"href":"https:\/\/allin1bitcoins.com\/it\/wp-json\/wp\/v2\/pages\/23214"}],"wp:featuredmedia":[{"embeddable":true,"href":"https:\/\/allin1bitcoins.com\/it\/wp-json\/wp\/v2\/media\/13016"}],"wp:attachment":[{"href":"https:\/\/allin1bitcoins.com\/it\/wp-json\/wp\/v2\/media?parent=23271"}],"curies":[{"name":"wp","href":"https:\/\/api.w.org\/{rel}","templated":true}]}}