{"id":23310,"date":"2023-03-10T18:44:06","date_gmt":"2023-03-10T18:44:06","guid":{"rendered":"https:\/\/allin1bitcoins.com\/?page_id=23310"},"modified":"2023-03-10T18:44:09","modified_gmt":"2023-03-10T18:44:09","slug":"crypto-anonymously","status":"publish","type":"page","link":"https:\/\/allin1bitcoins.com\/it\/crypto\/shiba-inu\/crypto-anonymously\/","title":{"rendered":"Come Acquistare Shiba Inu (SHIBA) In Modo Anonimo Con Criptovalute"},"content":{"rendered":"\n<p>Utilizza un exchange decentralizzato (DEX) che supporta Shiba Inu Coin (SHIB) e consente pagamenti in criptovalute se desideri acquisire SHIB in modo anonimo. Puoi utilizzare un wallet non custodito e una rete privata virtuale (VPN) per nascondere il tuo indirizzo IP al fine di evitare di collegare le tue informazioni personali alle tue transazioni con criptovalute. Puoi anche effettuare i tuoi pagamenti utilizzando una criptovaluta che si concentra sull&#8217;anonimato, come Monero (XMR) o Zcash (ZEC).<\/p>\n\n\n\n<h2 class=\"wp-block-heading\">Panoramica sulla Shiba Inu Coin<\/h2>\n\n\n\n<p>Una criptovaluta chiamata Shiba Inu Coin (SHIB) \u00e8 stata introdotta nell&#8217;agosto 2020; \u00e8 costruita sulla piattaforma Ethereum. \u00c8 stata sviluppata come una parodia di Dogecoin, una criptovaluta ben nota ispirata alla razza di cane Shiba Inu. Grazie al suo basso costo e all&#8217;abbondante offerta, che la rende facilmente disponibile a una variet\u00e0 di utenti, SHIB \u00e8 diventata popolare.<\/p>\n\n\n\n<h2 class=\"wp-block-heading\">Perch\u00e9 desideri acquistare Shiba Inu Coin utilizzando una criptovaluta in modo anonimo<\/h2>\n\n\n\n<p>Ci sono diverse ragioni per cui potresti desiderare di acquisire Shiba Inu Coin in modo discreto utilizzando una criptovaluta. Preservare la tua privacy \u00e8 una giustificazione. Per acquistare bitcoin attraverso un exchange regolare, spesso devi fornire informazioni finanziarie e personali che sono suscettibili di furto di identit\u00e0 e violazioni dei dati.<\/p>\n\n\n\n<p>Puoi evitare potenziali rischi di accesso alle tue informazioni personali acquistando SHIB in modo anonimo. Evitare la sorveglianza del governo \u00e8 un altro vantaggio dell&#8217;acquisto di SHIB in modo discreto. L&#8217;acquisto di SHIB in modo anonimo pu\u00f2 aiutarti a evitare di essere identificato o scoperto in alcuni paesi in cui il governo pu\u00f2 monitorare o limitare le transazioni con criptovalute.<\/p>\n\n\n\n<h2 class=\"wp-block-heading\">Come acquistare Shiba Inu Coin utilizzando una criptovaluta passo dopo passo in modo anonimo<\/h2>\n\n\n\n<p><strong>Di seguito viene fornita una guida che mostra come acquistare Shiba Inu Coin in modo segreto utilizzando una criptovaluta:<\/strong><\/p>\n\n\n\n<ol><li>Installare un wallet non custodito sul tuo dispositivo. Puoi gestire e conservare le tue criptovalute con un wallet non custodito senza richiedere a un terzo di conservare le tue chiavi private. Questo \u00e8 cruciale perch\u00e9 ti d\u00e0 il controllo sulla tua criptovaluta e protegge la tua privacy dal provider del wallet. MyEtherWallet e Trust Wallet sono alcune delle scelte di wallet non custoditi popolari.<br><br><\/li><li>Ottieni una criptovaluta che pone un forte accento sull&#8217;anonimato, come Zcash o Monero. Utilizzando un meccanismo di pagamento come una carta di debito prepagata o contanti, puoi acquistare queste criptovalute su un exchange centralizzato senza dover presentare alcuna forma di identit\u00e0.<br><br><\/li><li>Un servizio di rete privata virtuale (VPN) dovrebbe essere utilizzato. Un VPN rende pi\u00f9 difficile per chiunque monitorare le tue attivit\u00e0 online crittografando la tua connessione internet e nascondendo il tuo indirizzo IP. Ci sono molti fornitori di servizi VPN tra cui scegliere, ma \u00e8 importante sceglierne uno che abbia una solida reputazione e non registri il tuo comportamento online.<br><br><\/li><li>Trova uno scambio decentralizzato (DEX) che accetti la criptovaluta focalizzata sulla privacy che hai acquisito al passaggio 2 e supporti SHIB. Uniswap, Binance DEX e Kyber Network sono alcune delle scelte DEX ben note.<br><br><\/li><li>Connettiti al DEX utilizzando il tuo portafoglio non custodito per eseguire una transazione al fine di acquistare SHIB utilizzando la criptovaluta che prioritizza la privacy.<br><br><\/li><li>Metti i tuoi SHIB nel tuo portafoglio non custodito in modo che siano al sicuro.<\/li><\/ol>\n\n\n\n<figure class=\"wp-block-embed is-type-video is-provider-youtube wp-block-embed-youtube wp-embed-aspect-16-9 wp-has-aspect-ratio\"><div class=\"wp-block-embed__wrapper\">\n<iframe title=\"IF YOU PUT $100 INTO SHIBA INU COIN TODAY - HOW MUCH PROFIT WOULD IT MAKE? SHIBA INU MILLIONAIRES\" width=\"800\" height=\"450\" src=\"https:\/\/www.youtube.com\/embed\/P6BeSbnHYC0?feature=oembed\" frameborder=\"0\" allow=\"accelerometer; autoplay; clipboard-write; encrypted-media; gyroscope; picture-in-picture; web-share\" allowfullscreen><\/iframe>\n<\/div><\/figure>\n\n\n\n<h2 class=\"wp-block-heading\">Svantaggi dell&#8217;acquisto anonimo di criptovaluta<\/h2>\n\n\n\n<p>Sebbene l&#8217;acquisto anonimo di SHIB abbia i suoi vantaggi, ci sono anche alcuni svantaggi da considerare. Un inconveniente \u00e8 il fatto che potrebbe essere pi\u00f9 difficile e richiedere pi\u00f9 tempo rispetto all&#8217;acquisto di SHIB attraverso uno scambio convenzionale. Dovrai creare un portafoglio non custodito e acquistare una criptovaluta che prioritizza la privacy, il che potrebbe comportare processi e costi aggiuntivi.<\/p>\n\n\n\n<p>Un altro svantaggio dell&#8217;acquisto anonimo di SHIB \u00e8 che potrebbe non essere altrettanto sicuro dell&#8217;acquisto tramite uno scambio affidabile. I DEX potrebbero essere pi\u00f9 suscettibili a hacker o truffe perch\u00e9 non sono regolamentati come gli scambi regolari. Un VPN e una criptovaluta che prioritizza l&#8217;anonimato possono essere utilizzati per offrire un livello aggiuntivo di sicurezza, ma non sono infallibili.<\/p>\n\n\n\n<h2 class=\"wp-block-heading\">Conclusione<\/h2>\n\n\n\n<p>Per concludere, coloro che desiderano mantenere la propria privacy o evitare di essere monitorati dalle autorit\u00e0 potrebbero trovare che l&#8217;acquisto segreto di Shiba Inu Coin tramite una criptovaluta sia una buona opzione. Pu\u00f2 fornire un livello di anonimato che potrebbe valere il lavoro extra anche se potrebbe essere pi\u00f9 complicato e possibilmente meno sicuro rispetto all&#8217;utilizzo di uno scambio standard. Ricorda solo di fare i tuoi compiti, utilizzando metodi e procedure sicure e di essere consapevole di eventuali rischi associati all&#8217;acquisto anonimo di SHIB.<\/p>\n\n\n\n<!-- Page-list plugin v.5.9 wordpress.org\/plugins\/page-list\/ -->\n<ul class=\"page-list siblings-page-list \">\n<li class=\"page_item page-item-23301\"><a href=\"https:\/\/allin1bitcoins.com\/it\/crypto\/shiba-inu\/apple-pay\/\">Come Acquistare Shiba Inu (SHIB) Con Apple Pay<\/a><\/li>\n<li class=\"page_item page-item-23233\"><a href=\"https:\/\/allin1bitcoins.com\/it\/crypto\/shiba-inu\/debit-card\/\">Come Acquistare Shiba Inu (SHIB) Con Una Carta Di Debito<\/a><\/li>\n<li class=\"page_item page-item-23241\"><a href=\"https:\/\/allin1bitcoins.com\/it\/crypto\/shiba-inu\/venmo\/\">Come Acquistare Shiba Inu (SHIB) Con Venmo<\/a><\/li>\n<li class=\"page_item page-item-23320\"><a href=\"https:\/\/allin1bitcoins.com\/it\/crypto\/shiba-inu\/american-express\/\">Come Acquistare Shiba Inu (SHIBA) Con American Express<\/a><\/li>\n<li class=\"page_item page-item-23281\"><a href=\"https:\/\/allin1bitcoins.com\/it\/crypto\/shiba-inu\/google-pay\/\">Come Acquistare Shiba Inu (SHIBA) Con Google Pay<\/a><\/li>\n<li class=\"page_item page-item-23271\"><a href=\"https:\/\/allin1bitcoins.com\/it\/crypto\/shiba-inu\/paypal\/\">Come Acquistare Shiba Inu (SHIBA) Con Paypal<\/a><\/li>\n<li class=\"page_item page-item-23261\"><a href=\"https:\/\/allin1bitcoins.com\/it\/crypto\/shiba-inu\/skrill\/\">Come Acquistare Shiba Inu (SHIBA) Con Skrill<\/a><\/li>\n<li class=\"page_item page-item-23290\"><a href=\"https:\/\/allin1bitcoins.com\/it\/crypto\/shiba-inu\/bank-account\/\">Come Acquistare Shiba Inu (SHIBA) Con Un Conto Bancario<\/a><\/li>\n<li class=\"page_item page-item-23250\"><a href=\"https:\/\/allin1bitcoins.com\/it\/crypto\/shiba-inu\/paysafecard\/\">Come Acquistare Shiba Inu (SHIBA) Con Una Paysafecard<\/a><\/li>\n<li class=\"page_item page-item-23310\"><a href=\"https:\/\/allin1bitcoins.com\/it\/crypto\/shiba-inu\/crypto-anonymously\/\">Come Acquistare Shiba Inu (SHIBA) In Modo Anonimo Con Criptovalute<\/a><\/li>\n\n<\/ul>\n\n\n\n<p><\/p>\n","protected":false},"excerpt":{"rendered":"<p>Utilizza un exchange decentralizzato (DEX) che supporta Shiba Inu Coin (SHIB) e consente pagamenti in criptovalute se desideri acquisire SHIB in modo anonimo. Puoi utilizzare un wallet non custodito e una rete privata virtuale (VPN) per nascondere il tuo indirizzo IP al fine di evitare di collegare le tue informazioni personali alle tue transazioni con&#8230;<\/p>\n","protected":false},"author":3,"featured_media":12973,"parent":23214,"menu_order":0,"comment_status":"closed","ping_status":"closed","template":"","meta":{"cybocfi_hide_featured_image":"","footnotes":""},"acf":[],"yoast_head":"<!-- This site is optimized with the Yoast SEO plugin v21.7 - https:\/\/yoast.com\/wordpress\/plugins\/seo\/ -->\n<title>Come Acquistare Shiba Inu (SHIBA) In Modo Anonimo Con Criptovalute<\/title>\n<meta name=\"description\" content=\"Utilizza uno scambio decentralizzato (DEX) che supporti Shiba Inu Coin (SHIB) e consenta pagamenti con criptovalute.\" \/>\n<meta name=\"robots\" content=\"index, follow, max-snippet:-1, max-image-preview:large, max-video-preview:-1\" \/>\n<link rel=\"canonical\" href=\"https:\/\/allin1bitcoins.com\/it\/crypto\/shiba-inu\/crypto-anonymously\/\" \/>\n<meta property=\"og:locale\" content=\"it_IT\" \/>\n<meta property=\"og:type\" content=\"article\" \/>\n<meta property=\"og:title\" content=\"Come Acquistare Shiba Inu (SHIBA) In Modo Anonimo Con Criptovalute\" \/>\n<meta property=\"og:description\" content=\"Utilizza uno scambio decentralizzato (DEX) che supporti Shiba Inu Coin (SHIB) e consenta pagamenti con criptovalute.\" \/>\n<meta property=\"og:url\" content=\"https:\/\/allin1bitcoins.com\/it\/crypto\/shiba-inu\/crypto-anonymously\/\" \/>\n<meta property=\"og:site_name\" content=\"Allin1Bitcoins\" \/>\n<meta property=\"article:modified_time\" content=\"2023-03-10T18:44:09+00:00\" \/>\n<meta property=\"og:image\" content=\"https:\/\/allin1bitcoins.com\/wp-content\/uploads\/2023\/01\/clint-patterson-dYEuFB8KQJk-unsplash.jpg\" \/>\n\t<meta property=\"og:image:width\" content=\"640\" \/>\n\t<meta property=\"og:image:height\" content=\"428\" \/>\n\t<meta property=\"og:image:type\" content=\"image\/jpeg\" \/>\n<meta name=\"twitter:card\" content=\"summary_large_image\" \/>\n<meta name=\"twitter:label1\" content=\"Est. reading time\" \/>\n\t<meta name=\"twitter:data1\" content=\"4 minutes\" \/>\n<!-- \/ Yoast SEO plugin. -->","yoast_head_json":{"title":"Come Acquistare Shiba Inu (SHIBA) In Modo Anonimo Con Criptovalute","description":"Utilizza uno scambio decentralizzato (DEX) che supporti Shiba Inu Coin (SHIB) e consenta pagamenti con criptovalute.","robots":{"index":"index","follow":"follow","max-snippet":"max-snippet:-1","max-image-preview":"max-image-preview:large","max-video-preview":"max-video-preview:-1"},"canonical":"https:\/\/allin1bitcoins.com\/it\/crypto\/shiba-inu\/crypto-anonymously\/","og_locale":"it_IT","og_type":"article","og_title":"Come Acquistare Shiba Inu (SHIBA) In Modo Anonimo Con Criptovalute","og_description":"Utilizza uno scambio decentralizzato (DEX) che supporti Shiba Inu Coin (SHIB) e consenta pagamenti con criptovalute.","og_url":"https:\/\/allin1bitcoins.com\/it\/crypto\/shiba-inu\/crypto-anonymously\/","og_site_name":"Allin1Bitcoins","article_modified_time":"2023-03-10T18:44:09+00:00","og_image":[{"width":640,"height":428,"url":"https:\/\/allin1bitcoins.com\/wp-content\/uploads\/2023\/01\/clint-patterson-dYEuFB8KQJk-unsplash.jpg","type":"image\/jpeg"}],"twitter_card":"summary_large_image","twitter_misc":{"Est. reading time":"4 minutes"},"schema":{"@context":"https:\/\/schema.org","@graph":[{"@type":"WebPage","@id":"https:\/\/allin1bitcoins.com\/it\/crypto\/shiba-inu\/crypto-anonymously\/","url":"https:\/\/allin1bitcoins.com\/it\/crypto\/shiba-inu\/crypto-anonymously\/","name":"Come Acquistare Shiba Inu (SHIBA) In Modo Anonimo Con Criptovalute","isPartOf":{"@id":"https:\/\/allin1bitcoins.com\/it\/#website"},"datePublished":"2023-03-10T18:44:06+00:00","dateModified":"2023-03-10T18:44:09+00:00","description":"Utilizza uno scambio decentralizzato (DEX) che supporti Shiba Inu Coin (SHIB) e consenta pagamenti con criptovalute.","breadcrumb":{"@id":"https:\/\/allin1bitcoins.com\/it\/crypto\/shiba-inu\/crypto-anonymously\/#breadcrumb"},"inLanguage":"it","potentialAction":[{"@type":"ReadAction","target":["https:\/\/allin1bitcoins.com\/it\/crypto\/shiba-inu\/crypto-anonymously\/"]}]},{"@type":"BreadcrumbList","@id":"https:\/\/allin1bitcoins.com\/it\/crypto\/shiba-inu\/crypto-anonymously\/#breadcrumb","itemListElement":[{"@type":"ListItem","position":1,"name":"Home","item":"https:\/\/allin1bitcoins.com\/it\/"},{"@type":"ListItem","position":2,"name":"Crypto","item":"https:\/\/allin1bitcoins.com\/it\/crypto\/"},{"@type":"ListItem","position":3,"name":"Come Acquistare Shiba Inu (SHIB) &#8211; Guida Passo Passo 2023","item":"https:\/\/allin1bitcoins.com\/it\/crypto\/shiba-inu\/"},{"@type":"ListItem","position":4,"name":"Come Acquistare Shiba Inu (SHIBA) In Modo Anonimo Con Criptovalute"}]},{"@type":"WebSite","@id":"https:\/\/allin1bitcoins.com\/it\/#website","url":"https:\/\/allin1bitcoins.com\/it\/","name":"Allin1Bitcoins","description":"","publisher":{"@id":"https:\/\/allin1bitcoins.com\/it\/#organization"},"potentialAction":[{"@type":"SearchAction","target":{"@type":"EntryPoint","urlTemplate":"https:\/\/allin1bitcoins.com\/it\/?s={search_term_string}"},"query-input":"required name=search_term_string"}],"inLanguage":"it"},{"@type":"Organization","@id":"https:\/\/allin1bitcoins.com\/it\/#organization","name":"allin1bitcoins","url":"https:\/\/allin1bitcoins.com\/it\/","logo":{"@type":"ImageObject","inLanguage":"it","@id":"https:\/\/allin1bitcoins.com\/it\/#\/schema\/logo\/image\/","url":"https:\/\/allin1bitcoins.com\/wp-content\/uploads\/2019\/01\/logo-new.png","contentUrl":"https:\/\/allin1bitcoins.com\/wp-content\/uploads\/2019\/01\/logo-new.png","width":178,"height":71,"caption":"allin1bitcoins"},"image":{"@id":"https:\/\/allin1bitcoins.com\/it\/#\/schema\/logo\/image\/"}}]}},"_links":{"self":[{"href":"https:\/\/allin1bitcoins.com\/it\/wp-json\/wp\/v2\/pages\/23310"}],"collection":[{"href":"https:\/\/allin1bitcoins.com\/it\/wp-json\/wp\/v2\/pages"}],"about":[{"href":"https:\/\/allin1bitcoins.com\/it\/wp-json\/wp\/v2\/types\/page"}],"author":[{"embeddable":true,"href":"https:\/\/allin1bitcoins.com\/it\/wp-json\/wp\/v2\/users\/3"}],"replies":[{"embeddable":true,"href":"https:\/\/allin1bitcoins.com\/it\/wp-json\/wp\/v2\/comments?post=23310"}],"version-history":[{"count":1,"href":"https:\/\/allin1bitcoins.com\/it\/wp-json\/wp\/v2\/pages\/23310\/revisions"}],"predecessor-version":[{"id":23314,"href":"https:\/\/allin1bitcoins.com\/it\/wp-json\/wp\/v2\/pages\/23310\/revisions\/23314"}],"up":[{"embeddable":true,"href":"https:\/\/allin1bitcoins.com\/it\/wp-json\/wp\/v2\/pages\/23214"}],"wp:featuredmedia":[{"embeddable":true,"href":"https:\/\/allin1bitcoins.com\/it\/wp-json\/wp\/v2\/media\/12973"}],"wp:attachment":[{"href":"https:\/\/allin1bitcoins.com\/it\/wp-json\/wp\/v2\/media?parent=23310"}],"curies":[{"name":"wp","href":"https:\/\/api.w.org\/{rel}","templated":true}]}}