{"id":5537,"date":"2022-01-14T10:53:18","date_gmt":"2022-01-14T10:53:18","guid":{"rendered":"https:\/\/allin1bitcoins.com\/why-allin1bitcoins\/"},"modified":"2022-01-14T16:28:15","modified_gmt":"2022-01-14T16:28:15","slug":"why-allin1bitcoins","status":"publish","type":"page","link":"https:\/\/allin1bitcoins.com\/it\/why-allin1bitcoins\/","title":{"rendered":"Perch\u00e9 Allin1Bitcoins"},"content":{"rendered":"\n<p><strong>Allin1Bitcoins punta a garantirti solo il meglio dai tuoi investimenti.<\/strong>\u00a0Ecco perch\u00e9 abbiamo dato vita a una soluzione in grado di offrirti tutte le informazioni sul trading online in modo gratuito. Crediamo che le conoscenze debbano essere disponibili a chiunque, soprattutto quando si tratta di affidare o meno i propri investimenti a un software di trading. Solo allora potrai avere fiducia nella soluzione scelta.<\/p>\n\n\n\n<p class=\"has-luminous-vivid-orange-color has-text-color\"><strong>IL NOSTRO OBIETTIVO \u00c8 SEMPLICE &#8211; VOGLIAMO OFFRIRTI LE SOLUZIONI MIGLIORI.<\/strong><\/p>\n\n\n\n<p>Il nostro scopo \u00e8 semplice: offrirti la soluzione pi\u00f9 adatta a te. Allin1Bitcoins punta tutto sulla sua onest\u00e0 e trasparenza. Quando si tratta di trading online, hai bisogno di una soluzione solida e affidabile che ti segua passo dopo passo, permettendoti non solo di guadagnare ma di tenere i tuoi guadagni al sicuro. Ecco perch\u00e9 devi informarti al meglio prima di lanciarti su una qualsiasi soluzione di trading online.<\/p>\n\n\n\n<p>Fare ricerche pu\u00f2 rivelarsi molto difficoltoso, soprattutto quando si parla di consultare decine di pagine web prima di poterci capire qualcosa. Sappiamo bene quanto il mondo dell&#8217;economia e della finanza possa essere ostico e c&#8217;\u00e8 voluto molto tempo prima che i nostri esperti arrivassero a informazioni di importanza significativa.<\/p>\n\n\n\n<h2 class=\"wp-block-heading\">Un hub centralizzato con informazioni complete, affidabili e imparziali<\/h2>\n\n\n\n<p>Ed \u00e8 cos\u00ec che siamo arrivati a Allin1Bitcoins, un hub centralizzato con informazioni complete e affidabili su tutti i software di trading online. Non avrai pi\u00f9 bisogno di perdete tempo per trovare le notizie che ti servono, passando da un sito all&#8217;altro per cercare il scoprire le migliori soluzioni di trading online. Tutto quello che dovrai fare sar\u00e0 informarti su Allin1Bitcoins.<\/p>\n\n\n\n<h3 class=\"wp-block-heading\">Conduciamo ricerche approfondite, studiamo e ci informiamo per te<\/h3>\n\n\n\n<ol><li>Ogni singolo secondo sono migliaia gli eventi che si susseguono nel mondo del trading finanziario. Che tu sia un trader esperto o un principiante, \u00e8 davvero difficile restare sempre aggiornato con una simile mole di notizie. Essere sempre a conoscenza delle ultime novit\u00e0 \u00e8 di vitale importanza visto che anche la pi\u00f9 piccola informazione mancante pu\u00f2 cambiare i risultati dei tuoi trade e farti persino perdere cifre assurde con trade sbagliati.<\/li><li>Ed \u00e8 qui che Allin1Bitcoins pu\u00e0 aiutarti. Studiamo tutti i maggiori sviluppi, specialmente per quanto riguarda le soluzioni di trading online e ci assicuriamo di fornirti informazioni aggiornate e oggettive. Sappiamo bene quanto sia importante avere informazioni corrette per proteggere i tuoi investimenti. Con noi non dovrai pi\u00f9 buttare tempo alla ricerca delle informazioni che ti servono, avrai sempre a portata di mano tutti gli aggiornamenti e gli sviluppi pi\u00f9 importanti nel settore.<\/li><li><\/li><\/ol>\n\n\n\n<h2 class=\"wp-block-heading\">Non ti lasciamo mai solo &#8211; Il nostro team risponder\u00e0 a qualsiasi tuo dubbio<\/h2>\n\n\n\n<p>Mantenendo fede alla nostra missione di offrirti una migliore vita finanziaria, Allin1Bitcoins \u00e8 al tuo fianco notte e giorno per qualsiasi dubbio, problema o domanda. Siamo davvero orgogliosi del nostro team di supporto. Non ti ritroverai mai a dover affrontare un problema da solo, senza la minima idea di come procedere; ti baster\u00e0 contattare il nostro team e una volta capita la natura del problema, ti guideremo passo dopo passo per uscirne.<\/p>\n\n\n\n<p>Ti assicuriamo ti risolvere il tuo dubbio al 100% nel minor tempo possibile. Il nostro team di esperti ti risponder\u00e0 rapidamente, non ti lasceremo in attesa per giorni e giorni. Capire gli argomenti e risolvere i tuoi problemi non \u00e8 mai stato cos\u00ec facile.<\/p>\n\n\n\n<h3 class=\"wp-block-heading\">Scopri le migliori offerte e promozioni &#8211; siamo sempre alla ricerca dei bonus pi\u00f9 convenienti per i nostri utenti<\/h3>\n\n\n\n<p>Lavoriamo senza sosta per trovare i migliori bonus e le migliori offerte. Mentre alcune soluzioni di trading online sono gratuite, altre richiedono un contributo per l&#8217;iscrizione. Ecco perch\u00e9 ci assicuriamo di offrirti tutte le informazioni sulle soluzioni pi\u00f9 adatte alle tue esigenze e al tuo budget. Sappiamo bene quanto i soldi siano importanti e vogliamo che i tuoi siano al sicuro, con piani di investimento intelligenti. Allin1Bitcoins punta ad offrirti le migliori offerte disponibili, cos\u00ec che non rimpiangerai mai le tue scelte finanziarie nel lungo periodo. Sarai certo di non pagare mai di pi\u00f9 per qualcosa che potevi avere ad un prezzo scontato da qualche altra parte.<\/p>\n\n\n\n<h3 class=\"wp-block-heading\">Esplora i contenuti in modo semplice e veloce<\/h3>\n\n\n\n<p>Il mondo finanziario e quello delle scienze informatiche sono gi\u00e0 abbastanza complessi e pieni di termini difficili da comprendere, quindi non vogliamo in alcun modo renderti il tutto ancora pi\u00f9 difficile con un&#8217;interfaccia scomoda da usare. L&#8217;interfaccia utente del sito Allin1Bitcoins \u00e8 semplice da usare e capace di facilitarti la raccolta delle informazioni.<\/p>\n\n\n\n<p>Anche cercare una soluzione di trading online ed esplorarne ogni funzione non \u00e8 affatto complesso, anzi. Puoi cercarla direttamente oppure sfogliare la lista che abbiamo compilato in tutta comodit\u00e0. Ti baster\u00e0 fare click sulla soluzione di trading che ti interessa per accedere a una pagina contenente tutte le informazioni necessarie. Titoli e sottotitoli ti aiuteranno a individuare le informazioni su un determinato software di trading online, cos\u00ec da scoprirne tutte le funzioni in modo pratico e veloce.<\/p>\n\n\n\n<h2 class=\"wp-block-heading\">Esplora ogni possibile soluzione di trading online disponibile<\/h2>\n\n\n\n<p>Il problema delle soluzioni di trading online \u00e8 che spesso ce ne sono davvero troppe e sfogliare tutte le caratteristiche e specifiche di ognuna si rivela un processo incredibilmente lungo e complesso. Ecco perch\u00e9 Allin1Bitcoins ha raccolto in un unico luogo tutte le risorse relative a qualsiasi soluzione di trading online esistente. La nostra raccolta inizia con le soluzioni di trading online pi\u00f9 usate e famose, ma puoi anche conoscere di pi\u00f9 su qualsiasi altro software di trading a cui sei interessato.<\/p>\n\n\n\n<p>Invitiamo i nostri lettori a scoprire tutte le possibili soluzioni di trading presenti sul mercato. Se non sai da dove iniziare o quale soluzione di trading esplorare per prima, puoi partire dalla nostra lista delle pi\u00f9 usate.<\/p>\n\n\n\n<h3 class=\"wp-block-heading\">Ci impegniamo ad aiutarti a prendere le migliori decisioni<\/h3>\n\n\n\n<p>Allin1Bitcoins \u00e8 stato progettato con l&#8217;idea di aiutare le persone a prendere migliori decisioni per quanto riguarda soldi, investimenti e trade e ci impegniamo ogni giorno a tenere fede a questo proposito. Grandi persone rendono grandi anche i loro progetti. Passiamo giornate intere a capire ogni soluzione di trading online e sappiamo come possa aiutarti avere a disposizioni informazioni dettagliate e facili da leggere. Puntiamo a offrirti queste informazioni nel modo pi\u00f9 comodo possibile. La simbiosi fra noi e i nostri lettori ci permette di offrire giorno dopo giorno una piattaforma sempre pi\u00f9 adatta alle loro esigenze.<\/p>\n\n\n\n<h3 class=\"wp-block-heading\">Rapidit\u00e0 e comodit\u00e0 di consultazione<\/h3>\n\n\n\n<p>Allin1Bitcoins \u00e8 un hub completo e centralizzato dove trovare quello che ti serve. Conduciamo ricerche approfondite sulle informazioni disponibili e le rendiamo accessibili a tutti. Cerchiamo ovunque per offrirti le migliori soluzioni di trading e per assicurarti di soddisfare o persino superare le tue aspettative, ogni giorno.<\/p>\n\n\n\n<p>Crediamo di poter cambiare il modo in cui il trading online va avanti ormai da decenni. In special modo con l&#8217;avvento delle criptovalute, Bitcoin per essere specifici, siamo sicuri di poterti offrire informazioni sui prodotti che ti aiuteranno ad accumulare un capitale usando gli stessi Bitcoin oppure Ether, Ripple, Bitcoin Cash e cos\u00ec via.<\/p>\n\n\n\n<p>Cambia il modo in cui fai trading, lasciaci consigliarti e offrirti informazioni precise e dettagliate su tutto quello che serve. Siamo sempre diretti nel nostro approccio e cerchiamo di essere sempre schietti, chiari e affidabili.<\/p>\n","protected":false},"excerpt":{"rendered":"<p>Allin1Bitcoins punta a garantirti solo il meglio dai tuoi investimenti.\u00a0Ecco perch\u00e9 abbiamo dato vita a una soluzione in grado di offrirti tutte le informazioni sul trading online in modo gratuito. Crediamo che le conoscenze debbano essere disponibili a chiunque, soprattutto quando si tratta di affidare o meno i propri investimenti a un software di trading&#8230;.<\/p>\n","protected":false},"author":1,"featured_media":0,"parent":0,"menu_order":0,"comment_status":"closed","ping_status":"closed","template":"","meta":{"cybocfi_hide_featured_image":"","footnotes":""},"acf":[],"yoast_head":"<!-- This site is optimized with the Yoast SEO plugin v21.7 - https:\/\/yoast.com\/wordpress\/plugins\/seo\/ -->\n<title>Perch\u00e9 Allin1Bitcoins - Allin1Bitcoins<\/title>\n<meta name=\"robots\" content=\"index, follow, max-snippet:-1, max-image-preview:large, max-video-preview:-1\" \/>\n<link rel=\"canonical\" href=\"https:\/\/allin1bitcoins.com\/it\/why-allin1bitcoins\/\" \/>\n<meta property=\"og:locale\" content=\"it_IT\" \/>\n<meta property=\"og:type\" content=\"article\" \/>\n<meta property=\"og:title\" content=\"Perch\u00e9 Allin1Bitcoins - Allin1Bitcoins\" \/>\n<meta property=\"og:description\" content=\"Allin1Bitcoins punta a garantirti solo il meglio dai tuoi investimenti.\u00a0Ecco perch\u00e9 abbiamo dato vita a una soluzione in grado di offrirti tutte le informazioni sul trading online in modo gratuito. Crediamo che le conoscenze debbano essere disponibili a chiunque, soprattutto quando si tratta di affidare o meno i propri investimenti a un software di trading....\" \/>\n<meta property=\"og:url\" content=\"https:\/\/allin1bitcoins.com\/it\/why-allin1bitcoins\/\" \/>\n<meta property=\"og:site_name\" content=\"Allin1Bitcoins\" \/>\n<meta property=\"article:modified_time\" content=\"2022-01-14T16:28:15+00:00\" \/>\n<meta name=\"twitter:card\" content=\"summary_large_image\" \/>\n<meta name=\"twitter:label1\" content=\"Est. reading time\" \/>\n\t<meta name=\"twitter:data1\" content=\"6 minutes\" \/>\n<!-- \/ Yoast SEO plugin. -->","yoast_head_json":{"title":"Perch\u00e9 Allin1Bitcoins - Allin1Bitcoins","robots":{"index":"index","follow":"follow","max-snippet":"max-snippet:-1","max-image-preview":"max-image-preview:large","max-video-preview":"max-video-preview:-1"},"canonical":"https:\/\/allin1bitcoins.com\/it\/why-allin1bitcoins\/","og_locale":"it_IT","og_type":"article","og_title":"Perch\u00e9 Allin1Bitcoins - Allin1Bitcoins","og_description":"Allin1Bitcoins punta a garantirti solo il meglio dai tuoi investimenti.\u00a0Ecco perch\u00e9 abbiamo dato vita a una soluzione in grado di offrirti tutte le informazioni sul trading online in modo gratuito. Crediamo che le conoscenze debbano essere disponibili a chiunque, soprattutto quando si tratta di affidare o meno i propri investimenti a un software di trading....","og_url":"https:\/\/allin1bitcoins.com\/it\/why-allin1bitcoins\/","og_site_name":"Allin1Bitcoins","article_modified_time":"2022-01-14T16:28:15+00:00","twitter_card":"summary_large_image","twitter_misc":{"Est. reading time":"6 minutes"},"schema":{"@context":"https:\/\/schema.org","@graph":[{"@type":"WebPage","@id":"https:\/\/allin1bitcoins.com\/it\/why-allin1bitcoins\/","url":"https:\/\/allin1bitcoins.com\/it\/why-allin1bitcoins\/","name":"Perch\u00e9 Allin1Bitcoins - Allin1Bitcoins","isPartOf":{"@id":"https:\/\/allin1bitcoins.com\/it\/#website"},"datePublished":"2022-01-14T10:53:18+00:00","dateModified":"2022-01-14T16:28:15+00:00","breadcrumb":{"@id":"https:\/\/allin1bitcoins.com\/it\/why-allin1bitcoins\/#breadcrumb"},"inLanguage":"it","potentialAction":[{"@type":"ReadAction","target":["https:\/\/allin1bitcoins.com\/it\/why-allin1bitcoins\/"]}]},{"@type":"BreadcrumbList","@id":"https:\/\/allin1bitcoins.com\/it\/why-allin1bitcoins\/#breadcrumb","itemListElement":[{"@type":"ListItem","position":1,"name":"Home","item":"https:\/\/allin1bitcoins.com\/it\/"},{"@type":"ListItem","position":2,"name":"Perch\u00e9 Allin1Bitcoins"}]},{"@type":"WebSite","@id":"https:\/\/allin1bitcoins.com\/it\/#website","url":"https:\/\/allin1bitcoins.com\/it\/","name":"Allin1Bitcoins","description":"","publisher":{"@id":"https:\/\/allin1bitcoins.com\/it\/#organization"},"potentialAction":[{"@type":"SearchAction","target":{"@type":"EntryPoint","urlTemplate":"https:\/\/allin1bitcoins.com\/it\/?s={search_term_string}"},"query-input":"required name=search_term_string"}],"inLanguage":"it"},{"@type":"Organization","@id":"https:\/\/allin1bitcoins.com\/it\/#organization","name":"allin1bitcoins","url":"https:\/\/allin1bitcoins.com\/it\/","logo":{"@type":"ImageObject","inLanguage":"it","@id":"https:\/\/allin1bitcoins.com\/it\/#\/schema\/logo\/image\/","url":"https:\/\/allin1bitcoins.com\/wp-content\/uploads\/2019\/01\/logo-new.png","contentUrl":"https:\/\/allin1bitcoins.com\/wp-content\/uploads\/2019\/01\/logo-new.png","width":178,"height":71,"caption":"allin1bitcoins"},"image":{"@id":"https:\/\/allin1bitcoins.com\/it\/#\/schema\/logo\/image\/"}}]}},"_links":{"self":[{"href":"https:\/\/allin1bitcoins.com\/it\/wp-json\/wp\/v2\/pages\/5537"}],"collection":[{"href":"https:\/\/allin1bitcoins.com\/it\/wp-json\/wp\/v2\/pages"}],"about":[{"href":"https:\/\/allin1bitcoins.com\/it\/wp-json\/wp\/v2\/types\/page"}],"author":[{"embeddable":true,"href":"https:\/\/allin1bitcoins.com\/it\/wp-json\/wp\/v2\/users\/1"}],"replies":[{"embeddable":true,"href":"https:\/\/allin1bitcoins.com\/it\/wp-json\/wp\/v2\/comments?post=5537"}],"version-history":[{"count":1,"href":"https:\/\/allin1bitcoins.com\/it\/wp-json\/wp\/v2\/pages\/5537\/revisions"}],"predecessor-version":[{"id":5917,"href":"https:\/\/allin1bitcoins.com\/it\/wp-json\/wp\/v2\/pages\/5537\/revisions\/5917"}],"wp:attachment":[{"href":"https:\/\/allin1bitcoins.com\/it\/wp-json\/wp\/v2\/media?parent=5537"}],"curies":[{"name":"wp","href":"https:\/\/api.w.org\/{rel}","templated":true}]}}