{"id":21010,"date":"2023-02-12T06:11:37","date_gmt":"2023-02-12T06:11:37","guid":{"rendered":"https:\/\/allin1bitcoins.com\/?page_id=21010"},"modified":"2023-02-12T06:19:59","modified_gmt":"2023-02-12T06:19:59","slug":"credit-card","status":"publish","type":"page","link":"https:\/\/allin1bitcoins.com\/nl\/crypto\/tune-fm\/credit-card\/","title":{"rendered":"Come Acquistare Tune.fm (JAM) Con Una Carta Di Credito"},"content":{"rendered":"\n<h2 class=\"wp-block-heading\">Devi seguire le seguenti azioni per acquistare la moneta Tune.fm utilizzando una carta di credito: <\/h2>\n\n\n\n<ul><li>Trova un exchange di criptovalute che ti consenta di utilizzare una carta di credito per acquistare la moneta Tune.fm. <\/li><li>Iscriviti a un account di exchange, quindi autentica la tua identit\u00e0. <\/li><li>Collega il tuo account e la carta di credito. <\/li><li>Effettua un ordine per acquistare la moneta Tune.fm al prezzo che desideri. <\/li><li>Attendi l&#8217;adempimento del tuo ordine e il credito del tuo account con la tua moneta Tune.fm.<\/li><\/ul>\n\n\n\n<h2 class=\"wp-block-heading\">Panoramica della valuta Tune.fm <\/h2>\n\n\n\n<p>\u00c8 stata sviluppata una risorsa digitale chiamata moneta Tune.fm appositamente per la piattaforma Tune.fm. Gli utenti possono ascoltare e trovare nuove canzoni tramite il servizio di streaming musicale Tune.fm. \u00c8 paragonabile ad altri servizi di streaming musicali noti come Spotify e Apple Music.<\/p>\n\n\n\n<p>Sul sito, i pagamenti vengono effettuati utilizzando la moneta Tune.fm. Pu\u00f2 essere utilizzata per svolgere varie attivit\u00e0 finanziarie all&#8217;interno dell&#8217;ecosistema Tune.fm, tra cui pagare per abbonamenti premium e musica dagli artisti. La fornitura e la domanda della moneta Tune.fm sugli exchange di criptovalute determinano il suo valore.<\/p>\n\n\n\n<h2 class=\"wp-block-heading\">Perch\u00e9 vuoi utilizzare una carta di credito per acquistare la moneta Tune.fm <\/h2>\n\n\n\n<p><strong>Potresti voler utilizzare una carta di credito per acquistare la moneta Tune.fm per diversi motivi:<\/strong><\/p>\n\n\n\n<ul><li><strong>Comodit\u00e0: <\/strong>utilizzare una carta di credito per acquistare la moneta Tune.fm \u00e8 un processo semplice e veloce. Ti consente di acquistare cose online senza dover utilizzare un altro metodo di pagamento o trasferire denaro dal tuo conto bancario.<br><br><\/li><li><strong>Incentivi:<\/strong> per gli acquisti effettuati con una carta di credito, molti offrono ricompense o rimborso in contanti. I tuoi acquisti di monete Tune.fm possono qualificarti per le ricompense se hai una carta di credito con ricompense. <br><br><\/li><li><strong>Credito:<\/strong> se non hai denaro disponibile per acquistare la moneta Tune.fm in pieno, puoi finanziare il tuo acquisto con una carta di credito e pagare a rate.<\/li><\/ul>\n\n\n\n<h2 class=\"wp-block-heading\">Istruzioni dettagliate su come utilizzare una carta di credito per acquistare le monete Tune.fm<\/h2>\n\n\n\n<p><strong>I seguenti passaggi ti mostreranno come acquistare la moneta Tune.fm con una carta di credito:<\/strong><\/p>\n\n\n\n<ol><li>Trova un exchange di criptovalute che ti consenta di utilizzare una carta di credito per acquistare la moneta Tune.fm. Gli exchange considerabili da prendere in considerazione includono Kraken, Coinbase e Binance.<br><br><\/li><li>Registrati per un account sull&#8217;exchange e autentica la tua identit\u00e0. Prima di iniziare a fare trading, la maggior parte degli exchange vorr\u00e0 alcune informazioni personali e documenti di identificazione.<br><br><\/li><li>Collega il tuo account e la tua carta di credito. Per garantire che la carta sia legittima e tua, dovrai inserire i dettagli della tua carta di credito e forse passare attraverso un processo di verifica.<br><\/li><li>Piazza un ordine per acquistare la moneta Tune.fm al prezzo che desideri. Hai la possibilit\u00e0 di piazzare un ordine limite, che verr\u00e0 eseguito a un certo prezzo o meglio, o un ordine di mercato, che verr\u00e0 eseguito al prezzo di mercato attuale.<br><br><\/li><li>Attendi la consegna del tuo ordine. Pu\u00f2 essere necessario del tempo perch\u00e9 il prezzo di mercato raggiunga il livello desiderato se hai impostato un ordine limite.<br><br><\/li><li>La tua valuta Tune.fm verr\u00e0 accreditata sul tuo account una volta che il tuo ordine sar\u00e0 stato eseguito.<\/li><\/ol>\n\n\n\n<figure class=\"wp-block-embed is-type-video is-provider-youtube wp-block-embed-youtube wp-embed-aspect-16-9 wp-has-aspect-ratio\"><div class=\"wp-block-embed__wrapper\">\n<iframe title=\"Tune FM\ud83c\udfb6$42B Use Case Built On Hedera\ud83d\udc49100x Potential\" width=\"800\" height=\"450\" src=\"https:\/\/www.youtube.com\/embed\/qVNq17PUaDw?feature=oembed\" frameborder=\"0\" allow=\"accelerometer; autoplay; clipboard-write; encrypted-media; gyroscope; picture-in-picture; web-share\" allowfullscreen><\/iframe>\n<\/div><\/figure>\n\n\n\n<h2 class=\"wp-block-heading\">Svantaggi nell&#8217;usare una carta di credito per acquistare Tune.fm Coin<\/h2>\n\n\n\n<p><strong>L&#8217;utilizzo di una carta di credito per l&#8217;acquisto di Tune.fm Coin ha alcuni svantaggi.<\/strong><\/p>\n\n\n\n<ul><li><strong>Commissioni:<\/strong> alcune piattaforme di scambio applicano commissioni maggiori per l&#8217;uso della carta di credito, il che pu\u00f2 aumentare il prezzo complessivo di Tune.fm Coin.<br><br><\/li><li>Interessi: se non si paga l&#8217;intero saldo della carta di credito ogni mese, verranno aggiunti gli interessi al saldo. Il costo complessivo dell&#8217;acquisto di Tune.fm Coin potrebbe aumentare di conseguenza.<br><br><br><\/li><li><strong>Credito:<\/strong> l&#8217;utilizzo di una carta di credito pu\u00f2 avere un effetto positivo o negativo sul tuo punteggio di credito. Il tuo punteggio di credito pu\u00f2 aumentare se paghi tutte le tue bollette in tempo e per intero ogni mese. Il tuo punteggio di credito potrebbe subire una penalizzazione se salti dei pagamenti o hai un grande saldo.<\/li><\/ul>\n\n\n\n<h2 class=\"wp-block-heading\">Conclusione<\/h2>\n\n\n\n<p>In conclusione, l&#8217;utilizzo di una carta di credito per l&#8217;acquisto di Tune.fm Coin \u00e8 un modo pratico e veloce per farlo. Ti consente di acquistare cose online senza dover prelevare denaro dal tuo conto bancario e potrebbe anche offrirti la possibilit\u00e0 di ottenere incentivi o denaro indietro. Tuttavia, ci sono anche alcuni svantaggi da considerare, tra cui costi, tassi di interesse e l&#8217;effetto sul tuo punteggio di credito. \u00c8 importante valutare attentamente i vantaggi e gli svantaggi dell&#8217;utilizzo di una carta di credito per l&#8217;acquisto di Tune.fm Coin e assicurarsi di poter effettuare tutti i pagamenti necessari, di qualsiasi importo, tempestivamente e per intero.<\/p>\n\n\n\n<!-- Page-list plugin v.5.9 wordpress.org\/plugins\/page-list\/ -->\n<ul class=\"page-list siblings-page-list \">\n<li class=\"page_item page-item-21010\"><a href=\"https:\/\/allin1bitcoins.com\/nl\/crypto\/tune-fm\/credit-card\/\">Come Acquistare Tune.fm (JAM) Con Una Carta Di Credito<\/a><\/li>\n\n<\/ul>\n\n\n\n<p><\/p>\n","protected":false},"excerpt":{"rendered":"<p>Devi seguire le seguenti azioni per acquistare la moneta Tune.fm utilizzando una carta di credito: Trova un exchange di criptovalute che ti consenta di utilizzare una carta di credito per acquistare la moneta Tune.fm. Iscriviti a un account di exchange, quindi autentica la tua identit\u00e0. Collega il tuo account e la carta di credito. Effettua&#8230;<\/p>\n","protected":false},"author":3,"featured_media":0,"parent":20959,"menu_order":0,"comment_status":"closed","ping_status":"closed","template":"","meta":{"cybocfi_hide_featured_image":"","footnotes":""},"acf":[],"yoast_head":"<!-- This site is optimized with the Yoast SEO plugin v21.7 - https:\/\/yoast.com\/wordpress\/plugins\/seo\/ -->\n<title>Come Acquistare Tune.fm (JAM) Con Una Carta Di Credito - Allin1Bitcoins<\/title>\n<meta name=\"robots\" content=\"index, follow, max-snippet:-1, max-image-preview:large, max-video-preview:-1\" \/>\n<link rel=\"canonical\" href=\"https:\/\/allin1bitcoins.com\/nl\/crypto\/tune-fm\/credit-card\/\" \/>\n<meta property=\"og:locale\" content=\"nl_NL\" \/>\n<meta property=\"og:type\" content=\"article\" \/>\n<meta property=\"og:title\" content=\"Come Acquistare Tune.fm (JAM) Con Una Carta Di Credito - Allin1Bitcoins\" \/>\n<meta property=\"og:description\" content=\"Devi seguire le seguenti azioni per acquistare la moneta Tune.fm utilizzando una carta di credito: Trova un exchange di criptovalute che ti consenta di utilizzare una carta di credito per acquistare la moneta Tune.fm. Iscriviti a un account di exchange, quindi autentica la tua identit\u00e0. Collega il tuo account e la carta di credito. Effettua...\" \/>\n<meta property=\"og:url\" content=\"https:\/\/allin1bitcoins.com\/nl\/crypto\/tune-fm\/credit-card\/\" \/>\n<meta property=\"og:site_name\" content=\"Allin1Bitcoins\" \/>\n<meta property=\"article:modified_time\" content=\"2023-02-12T06:19:59+00:00\" \/>\n<meta name=\"twitter:card\" content=\"summary_large_image\" \/>\n<meta name=\"twitter:label1\" content=\"Est. reading time\" \/>\n\t<meta name=\"twitter:data1\" content=\"4 minutes\" \/>\n<!-- \/ Yoast SEO plugin. -->","yoast_head_json":{"title":"Come Acquistare Tune.fm (JAM) Con Una Carta Di Credito - Allin1Bitcoins","robots":{"index":"index","follow":"follow","max-snippet":"max-snippet:-1","max-image-preview":"max-image-preview:large","max-video-preview":"max-video-preview:-1"},"canonical":"https:\/\/allin1bitcoins.com\/nl\/crypto\/tune-fm\/credit-card\/","og_locale":"nl_NL","og_type":"article","og_title":"Come Acquistare Tune.fm (JAM) Con Una Carta Di Credito - Allin1Bitcoins","og_description":"Devi seguire le seguenti azioni per acquistare la moneta Tune.fm utilizzando una carta di credito: Trova un exchange di criptovalute che ti consenta di utilizzare una carta di credito per acquistare la moneta Tune.fm. Iscriviti a un account di exchange, quindi autentica la tua identit\u00e0. Collega il tuo account e la carta di credito. Effettua...","og_url":"https:\/\/allin1bitcoins.com\/nl\/crypto\/tune-fm\/credit-card\/","og_site_name":"Allin1Bitcoins","article_modified_time":"2023-02-12T06:19:59+00:00","twitter_card":"summary_large_image","twitter_misc":{"Est. reading time":"4 minutes"},"schema":{"@context":"https:\/\/schema.org","@graph":[{"@type":"WebPage","@id":"https:\/\/allin1bitcoins.com\/nl\/crypto\/tune-fm\/credit-card\/","url":"https:\/\/allin1bitcoins.com\/nl\/crypto\/tune-fm\/credit-card\/","name":"Come Acquistare Tune.fm (JAM) Con Una Carta Di Credito - Allin1Bitcoins","isPartOf":{"@id":"https:\/\/allin1bitcoins.com\/nl\/#website"},"datePublished":"2023-02-12T06:11:37+00:00","dateModified":"2023-02-12T06:19:59+00:00","breadcrumb":{"@id":"https:\/\/allin1bitcoins.com\/nl\/crypto\/tune-fm\/credit-card\/#breadcrumb"},"inLanguage":"nl","potentialAction":[{"@type":"ReadAction","target":["https:\/\/allin1bitcoins.com\/nl\/crypto\/tune-fm\/credit-card\/"]}]},{"@type":"BreadcrumbList","@id":"https:\/\/allin1bitcoins.com\/nl\/crypto\/tune-fm\/credit-card\/#breadcrumb","itemListElement":[{"@type":"ListItem","position":1,"name":"Home","item":"https:\/\/allin1bitcoins.com\/nl\/"},{"@type":"ListItem","position":2,"name":"Crypto","item":"https:\/\/allin1bitcoins.com\/nl\/crypto\/"},{"@type":"ListItem","position":3,"name":"Come Acquistare Tune.fm (JAM) &#8211; Guida Passo Dopo Passo (2023)","item":"https:\/\/allin1bitcoins.com\/nl\/crypto\/tune-fm\/"},{"@type":"ListItem","position":4,"name":"Come Acquistare Tune.fm (JAM) Con Una Carta Di Credito"}]},{"@type":"WebSite","@id":"https:\/\/allin1bitcoins.com\/nl\/#website","url":"https:\/\/allin1bitcoins.com\/nl\/","name":"Allin1Bitcoins","description":"","publisher":{"@id":"https:\/\/allin1bitcoins.com\/nl\/#organization"},"potentialAction":[{"@type":"SearchAction","target":{"@type":"EntryPoint","urlTemplate":"https:\/\/allin1bitcoins.com\/nl\/?s={search_term_string}"},"query-input":"required name=search_term_string"}],"inLanguage":"nl"},{"@type":"Organization","@id":"https:\/\/allin1bitcoins.com\/nl\/#organization","name":"allin1bitcoins","url":"https:\/\/allin1bitcoins.com\/nl\/","logo":{"@type":"ImageObject","inLanguage":"nl","@id":"https:\/\/allin1bitcoins.com\/nl\/#\/schema\/logo\/image\/","url":"https:\/\/allin1bitcoins.com\/wp-content\/uploads\/2019\/01\/logo-new.png","contentUrl":"https:\/\/allin1bitcoins.com\/wp-content\/uploads\/2019\/01\/logo-new.png","width":178,"height":71,"caption":"allin1bitcoins"},"image":{"@id":"https:\/\/allin1bitcoins.com\/nl\/#\/schema\/logo\/image\/"}}]}},"_links":{"self":[{"href":"https:\/\/allin1bitcoins.com\/nl\/wp-json\/wp\/v2\/pages\/21010"}],"collection":[{"href":"https:\/\/allin1bitcoins.com\/nl\/wp-json\/wp\/v2\/pages"}],"about":[{"href":"https:\/\/allin1bitcoins.com\/nl\/wp-json\/wp\/v2\/types\/page"}],"author":[{"embeddable":true,"href":"https:\/\/allin1bitcoins.com\/nl\/wp-json\/wp\/v2\/users\/3"}],"replies":[{"embeddable":true,"href":"https:\/\/allin1bitcoins.com\/nl\/wp-json\/wp\/v2\/comments?post=21010"}],"version-history":[{"count":1,"href":"https:\/\/allin1bitcoins.com\/nl\/wp-json\/wp\/v2\/pages\/21010\/revisions"}],"predecessor-version":[{"id":21011,"href":"https:\/\/allin1bitcoins.com\/nl\/wp-json\/wp\/v2\/pages\/21010\/revisions\/21011"}],"up":[{"embeddable":true,"href":"https:\/\/allin1bitcoins.com\/nl\/wp-json\/wp\/v2\/pages\/20959"}],"wp:attachment":[{"href":"https:\/\/allin1bitcoins.com\/nl\/wp-json\/wp\/v2\/media?parent=21010"}],"curies":[{"name":"wp","href":"https:\/\/api.w.org\/{rel}","templated":true}]}}