{"id":5574,"date":"2022-01-14T10:53:38","date_gmt":"2022-01-14T10:53:38","guid":{"rendered":"https:\/\/allin1bitcoins.com\/contact\/"},"modified":"2022-01-14T17:28:30","modified_gmt":"2022-01-14T17:28:30","slug":"kontakt","status":"publish","type":"page","link":"https:\/\/allin1bitcoins.com\/no\/kontakt\/","title":{"rendered":"Kontakt oss"},"content":{"rendered":"\n<p>Har du sp\u00f8esm\u00e5l? Vi vil gjerne h\u00f8re fra deg. Du er v\u00e5r topp prioritet og vi er alltid her for deg<\/p>\n\n\n\n<ol><li>Dersom du har sp\u00f8rsm\u00e5l ang\u00e5ende Allin1robots eller har sp\u00f8rsm\u00e5l vi ikke besvarer p\u00e5 v\u00e5r hjemmeside, er du velkommen til \u00e5 ta kontakt med oss.<\/li><li>Vi vil gjerne hjelpe deg med dine bekymringer og gi deg riktig informasjon.<\/li><\/ol>\n\n\n\n<p><strong>Vi kommer tilbake til deg s\u00e5 raskt som mulig<\/strong><\/p>\n\n\n\n<p><a href=\"mailto:allin1bitcoins@gmail.com\">allin1bitcoins@gmail.com<\/a>  Eller fyll ut kontaktskjemaet.<\/p>\n\n\n\n<div class=\"wpcf7 no-js\" id=\"wpcf7-f5949-o1\" lang=\"en-US\" dir=\"ltr\">\n<div class=\"screen-reader-response\"><p role=\"status\" aria-live=\"polite\" aria-atomic=\"true\"><\/p> <ul><\/ul><\/div>\n<form action=\"\/no\/wp-json\/wp\/v2\/pages\/5574#wpcf7-f5949-o1\" method=\"post\" class=\"wpcf7-form init\" aria-label=\"Contact form\" novalidate=\"novalidate\" data-status=\"init\">\n<div style=\"display: none;\">\n<input type=\"hidden\" name=\"_wpcf7\" value=\"5949\" \/>\n<input type=\"hidden\" name=\"_wpcf7_version\" value=\"5.8.5\" \/>\n<input type=\"hidden\" name=\"_wpcf7_locale\" value=\"en_US\" \/>\n<input type=\"hidden\" name=\"_wpcf7_unit_tag\" value=\"wpcf7-f5949-o1\" \/>\n<input type=\"hidden\" name=\"_wpcf7_container_post\" value=\"0\" \/>\n<input type=\"hidden\" name=\"_wpcf7_posted_data_hash\" value=\"\" \/>\n<input type=\"hidden\" name=\"_wpcf7_recaptcha_response\" value=\"\" \/>\n<\/div>\n<div class=\"contact-form\">\n\t<div class=\"contact-form-row\">\n\t\t<p><label> YOUR NAME<\/label><span class=\"wpcf7-form-control-wrap\" data-name=\"your-name\"><input size=\"40\" class=\"wpcf7-form-control wpcf7-text wpcf7-validates-as-required form-control\" aria-required=\"true\" aria-invalid=\"false\" value=\"\" type=\"text\" name=\"your-name\" \/><\/span>\n\t\t<\/p>\n\t<\/div>\n\t<div class=\"contact-form-row\">\n\t\t<p><label> E-MAIL ADDRESS <\/label><span class=\"wpcf7-form-control-wrap\" data-name=\"your-email\"><input size=\"40\" class=\"wpcf7-form-control wpcf7-email wpcf7-validates-as-required wpcf7-text wpcf7-validates-as-email form-control\" aria-required=\"true\" aria-invalid=\"false\" value=\"\" type=\"email\" name=\"your-email\" \/><\/span>\n\t\t<\/p>\n\t<\/div>\n\t<div class=\"contact-form-row\">\n\t\t<p><label> MESSAGE <\/label><span class=\"wpcf7-form-control-wrap\" data-name=\"your-message\"><textarea cols=\"40\" rows=\"10\" class=\"wpcf7-form-control wpcf7-textarea form-control\" aria-invalid=\"false\" name=\"your-message\"><\/textarea><\/span>\n\t\t<\/p>\n\t<\/div>\n\t<div class=\"contact-form-row\">\n\t\t<p><input class=\"wpcf7-form-control wpcf7-submit has-spinner btn btn-primary\" type=\"submit\" value=\"SEND\" \/>\n\t\t<\/p>\n\t<\/div>\n<\/div><div class=\"wpcf7-response-output\" aria-hidden=\"true\"><\/div>\n<\/form>\n<\/div>\n\n","protected":false},"excerpt":{"rendered":"<p>Har du sp\u00f8esm\u00e5l? Vi vil gjerne h\u00f8re fra deg. Du er v\u00e5r topp prioritet og vi er alltid her for deg Dersom du har sp\u00f8rsm\u00e5l ang\u00e5ende Allin1robots eller har sp\u00f8rsm\u00e5l vi ikke besvarer p\u00e5 v\u00e5r hjemmeside, er du velkommen til \u00e5 ta kontakt med oss. Vi vil gjerne hjelpe deg med dine bekymringer og gi&#8230;<\/p>\n","protected":false},"author":1,"featured_media":0,"parent":0,"menu_order":0,"comment_status":"closed","ping_status":"closed","template":"","meta":{"cybocfi_hide_featured_image":"","footnotes":""},"acf":[],"yoast_head":"<!-- This site is optimized with the Yoast SEO plugin v21.7 - https:\/\/yoast.com\/wordpress\/plugins\/seo\/ -->\n<title>Kontakt oss - Allin1Bitcoins<\/title>\n<meta name=\"robots\" content=\"index, follow, max-snippet:-1, max-image-preview:large, max-video-preview:-1\" \/>\n<link rel=\"canonical\" href=\"https:\/\/allin1bitcoins.com\/no\/kontakt\/\" \/>\n<meta property=\"og:locale\" content=\"en_US\" \/>\n<meta property=\"og:type\" content=\"article\" \/>\n<meta property=\"og:title\" content=\"Kontakt oss - Allin1Bitcoins\" \/>\n<meta property=\"og:description\" content=\"Har du sp\u00f8esm\u00e5l? Vi vil gjerne h\u00f8re fra deg. Du er v\u00e5r topp prioritet og vi er alltid her for deg Dersom du har sp\u00f8rsm\u00e5l ang\u00e5ende Allin1robots eller har sp\u00f8rsm\u00e5l vi ikke besvarer p\u00e5 v\u00e5r hjemmeside, er du velkommen til \u00e5 ta kontakt med oss. Vi vil gjerne hjelpe deg med dine bekymringer og gi...\" \/>\n<meta property=\"og:url\" content=\"https:\/\/allin1bitcoins.com\/no\/kontakt\/\" \/>\n<meta property=\"og:site_name\" content=\"Allin1Bitcoins\" \/>\n<meta property=\"article:modified_time\" content=\"2022-01-14T17:28:30+00:00\" \/>\n<meta name=\"twitter:card\" content=\"summary_large_image\" \/>\n<meta name=\"twitter:label1\" content=\"Est. reading time\" \/>\n\t<meta name=\"twitter:data1\" content=\"1 minute\" \/>\n<!-- \/ Yoast SEO plugin. -->","yoast_head_json":{"title":"Kontakt oss - Allin1Bitcoins","robots":{"index":"index","follow":"follow","max-snippet":"max-snippet:-1","max-image-preview":"max-image-preview:large","max-video-preview":"max-video-preview:-1"},"canonical":"https:\/\/allin1bitcoins.com\/no\/kontakt\/","og_locale":"en_US","og_type":"article","og_title":"Kontakt oss - Allin1Bitcoins","og_description":"Har du sp\u00f8esm\u00e5l? Vi vil gjerne h\u00f8re fra deg. Du er v\u00e5r topp prioritet og vi er alltid her for deg Dersom du har sp\u00f8rsm\u00e5l ang\u00e5ende Allin1robots eller har sp\u00f8rsm\u00e5l vi ikke besvarer p\u00e5 v\u00e5r hjemmeside, er du velkommen til \u00e5 ta kontakt med oss. Vi vil gjerne hjelpe deg med dine bekymringer og gi...","og_url":"https:\/\/allin1bitcoins.com\/no\/kontakt\/","og_site_name":"Allin1Bitcoins","article_modified_time":"2022-01-14T17:28:30+00:00","twitter_card":"summary_large_image","twitter_misc":{"Est. reading time":"1 minute"},"schema":{"@context":"https:\/\/schema.org","@graph":[{"@type":"WebPage","@id":"https:\/\/allin1bitcoins.com\/no\/kontakt\/","url":"https:\/\/allin1bitcoins.com\/no\/kontakt\/","name":"Kontakt oss - Allin1Bitcoins","isPartOf":{"@id":"https:\/\/allin1bitcoins.com\/no\/#website"},"datePublished":"2022-01-14T10:53:38+00:00","dateModified":"2022-01-14T17:28:30+00:00","breadcrumb":{"@id":"https:\/\/allin1bitcoins.com\/no\/kontakt\/#breadcrumb"},"inLanguage":"no","potentialAction":[{"@type":"ReadAction","target":["https:\/\/allin1bitcoins.com\/no\/kontakt\/"]}]},{"@type":"BreadcrumbList","@id":"https:\/\/allin1bitcoins.com\/no\/kontakt\/#breadcrumb","itemListElement":[{"@type":"ListItem","position":1,"name":"Home","item":"https:\/\/allin1bitcoins.com\/no\/"},{"@type":"ListItem","position":2,"name":"Kontakt oss"}]},{"@type":"WebSite","@id":"https:\/\/allin1bitcoins.com\/no\/#website","url":"https:\/\/allin1bitcoins.com\/no\/","name":"Allin1Bitcoins","description":"","publisher":{"@id":"https:\/\/allin1bitcoins.com\/no\/#organization"},"potentialAction":[{"@type":"SearchAction","target":{"@type":"EntryPoint","urlTemplate":"https:\/\/allin1bitcoins.com\/no\/?s={search_term_string}"},"query-input":"required name=search_term_string"}],"inLanguage":"no"},{"@type":"Organization","@id":"https:\/\/allin1bitcoins.com\/no\/#organization","name":"allin1bitcoins","url":"https:\/\/allin1bitcoins.com\/no\/","logo":{"@type":"ImageObject","inLanguage":"no","@id":"https:\/\/allin1bitcoins.com\/no\/#\/schema\/logo\/image\/","url":"https:\/\/allin1bitcoins.com\/wp-content\/uploads\/2019\/01\/logo-new.png","contentUrl":"https:\/\/allin1bitcoins.com\/wp-content\/uploads\/2019\/01\/logo-new.png","width":178,"height":71,"caption":"allin1bitcoins"},"image":{"@id":"https:\/\/allin1bitcoins.com\/no\/#\/schema\/logo\/image\/"}}]}},"_links":{"self":[{"href":"https:\/\/allin1bitcoins.com\/no\/wp-json\/wp\/v2\/pages\/5574"}],"collection":[{"href":"https:\/\/allin1bitcoins.com\/no\/wp-json\/wp\/v2\/pages"}],"about":[{"href":"https:\/\/allin1bitcoins.com\/no\/wp-json\/wp\/v2\/types\/page"}],"author":[{"embeddable":true,"href":"https:\/\/allin1bitcoins.com\/no\/wp-json\/wp\/v2\/users\/1"}],"replies":[{"embeddable":true,"href":"https:\/\/allin1bitcoins.com\/no\/wp-json\/wp\/v2\/comments?post=5574"}],"version-history":[{"count":1,"href":"https:\/\/allin1bitcoins.com\/no\/wp-json\/wp\/v2\/pages\/5574\/revisions"}],"predecessor-version":[{"id":5957,"href":"https:\/\/allin1bitcoins.com\/no\/wp-json\/wp\/v2\/pages\/5574\/revisions\/5957"}],"wp:attachment":[{"href":"https:\/\/allin1bitcoins.com\/no\/wp-json\/wp\/v2\/media?parent=5574"}],"curies":[{"name":"wp","href":"https:\/\/api.w.org\/{rel}","templated":true}]}}