{"id":5575,"date":"2022-01-14T10:53:38","date_gmt":"2022-01-14T10:53:38","guid":{"rendered":"https:\/\/allin1bitcoins.com\/contact\/"},"modified":"2022-01-14T17:29:10","modified_gmt":"2022-01-14T17:29:10","slug":"contact","status":"publish","type":"page","link":"https:\/\/allin1bitcoins.com\/pl\/contact\/","title":{"rendered":"Skontaktuj si\u0119 z nami"},"content":{"rendered":"\n<p>Masz jakie\u015b pytania? Jeste\u015b dla nas priorytetem i zawsze jeste\u015bmy do twojej dyspozycji.<\/p>\n\n\n\n<ol><li>Je\u015bli masz jakiekolwiek pytania dotycz\u0105ce robot\u00f3w Allin1 lub inne szczeg\u00f3lne pytania, na kt\u00f3re nie odpowiedzieli\u015bmy na naszej stronie internetowej, zapraszamy do kontaktu z nami.<\/li><li>Z przyjemno\u015bci\u0105 pomo\u017cemy Ci pozby\u0107 si\u0119 wszystkich w\u0105tpliwo\u015bci i dostarczymy odpowiednich informacji.<\/li><\/ol>\n\n\n\n<p><strong>Skontaktujemy si\u0119 z Tob\u0105 tak szybko, jak to mo\u017cliwe.<\/strong><\/p>\n\n\n\n<p><a href=\"mailto:allin1bitcoins@gmail.com\">allin1bitcoins@gmail.com<\/a>  Albo wype\u0142nij formularz kontaktowy.<\/p>\n\n\n\n<div class=\"wpcf7 no-js\" id=\"wpcf7-f5949-o1\" lang=\"en-US\" dir=\"ltr\">\n<div class=\"screen-reader-response\"><p role=\"status\" aria-live=\"polite\" aria-atomic=\"true\"><\/p> <ul><\/ul><\/div>\n<form action=\"\/pl\/wp-json\/wp\/v2\/pages\/5575#wpcf7-f5949-o1\" method=\"post\" class=\"wpcf7-form init\" aria-label=\"Contact form\" novalidate=\"novalidate\" data-status=\"init\">\n<div style=\"display: none;\">\n<input type=\"hidden\" name=\"_wpcf7\" value=\"5949\" \/>\n<input type=\"hidden\" name=\"_wpcf7_version\" value=\"5.8.5\" \/>\n<input type=\"hidden\" name=\"_wpcf7_locale\" value=\"en_US\" \/>\n<input type=\"hidden\" name=\"_wpcf7_unit_tag\" value=\"wpcf7-f5949-o1\" \/>\n<input type=\"hidden\" name=\"_wpcf7_container_post\" value=\"0\" \/>\n<input type=\"hidden\" name=\"_wpcf7_posted_data_hash\" value=\"\" \/>\n<input type=\"hidden\" name=\"_wpcf7_recaptcha_response\" value=\"\" \/>\n<\/div>\n<div class=\"contact-form\">\n\t<div class=\"contact-form-row\">\n\t\t<p><label> YOUR NAME<\/label><span class=\"wpcf7-form-control-wrap\" data-name=\"your-name\"><input size=\"40\" class=\"wpcf7-form-control wpcf7-text wpcf7-validates-as-required form-control\" aria-required=\"true\" aria-invalid=\"false\" value=\"\" type=\"text\" name=\"your-name\" \/><\/span>\n\t\t<\/p>\n\t<\/div>\n\t<div class=\"contact-form-row\">\n\t\t<p><label> E-MAIL ADDRESS <\/label><span class=\"wpcf7-form-control-wrap\" data-name=\"your-email\"><input size=\"40\" class=\"wpcf7-form-control wpcf7-email wpcf7-validates-as-required wpcf7-text wpcf7-validates-as-email form-control\" aria-required=\"true\" aria-invalid=\"false\" value=\"\" type=\"email\" name=\"your-email\" \/><\/span>\n\t\t<\/p>\n\t<\/div>\n\t<div class=\"contact-form-row\">\n\t\t<p><label> MESSAGE <\/label><span class=\"wpcf7-form-control-wrap\" data-name=\"your-message\"><textarea cols=\"40\" rows=\"10\" class=\"wpcf7-form-control wpcf7-textarea form-control\" aria-invalid=\"false\" name=\"your-message\"><\/textarea><\/span>\n\t\t<\/p>\n\t<\/div>\n\t<div class=\"contact-form-row\">\n\t\t<p><input class=\"wpcf7-form-control wpcf7-submit has-spinner btn btn-primary\" type=\"submit\" value=\"SEND\" \/>\n\t\t<\/p>\n\t<\/div>\n<\/div><div class=\"wpcf7-response-output\" aria-hidden=\"true\"><\/div>\n<\/form>\n<\/div>\n\n","protected":false},"excerpt":{"rendered":"<p>Masz jakie\u015b pytania? Jeste\u015b dla nas priorytetem i zawsze jeste\u015bmy do twojej dyspozycji. Je\u015bli masz jakiekolwiek pytania dotycz\u0105ce robot\u00f3w Allin1 lub inne szczeg\u00f3lne pytania, na kt\u00f3re nie odpowiedzieli\u015bmy na naszej stronie internetowej, zapraszamy do kontaktu z nami. Z przyjemno\u015bci\u0105 pomo\u017cemy Ci pozby\u0107 si\u0119 wszystkich w\u0105tpliwo\u015bci i dostarczymy odpowiednich informacji. Skontaktujemy si\u0119 z Tob\u0105 tak szybko,&#8230;<\/p>\n","protected":false},"author":1,"featured_media":0,"parent":0,"menu_order":0,"comment_status":"closed","ping_status":"closed","template":"","meta":{"cybocfi_hide_featured_image":"","footnotes":""},"acf":[],"yoast_head":"<!-- This site is optimized with the Yoast SEO plugin v21.7 - https:\/\/yoast.com\/wordpress\/plugins\/seo\/ -->\n<title>Skontaktuj si\u0119 z nami - Allin1Bitcoins<\/title>\n<meta name=\"robots\" content=\"index, follow, max-snippet:-1, max-image-preview:large, max-video-preview:-1\" \/>\n<link rel=\"canonical\" href=\"https:\/\/allin1bitcoins.com\/pl\/contact\/\" \/>\n<meta property=\"og:locale\" content=\"pl_PL\" \/>\n<meta property=\"og:type\" content=\"article\" \/>\n<meta property=\"og:title\" content=\"Skontaktuj si\u0119 z nami - Allin1Bitcoins\" \/>\n<meta property=\"og:description\" content=\"Masz jakie\u015b pytania? Jeste\u015b dla nas priorytetem i zawsze jeste\u015bmy do twojej dyspozycji. Je\u015bli masz jakiekolwiek pytania dotycz\u0105ce robot\u00f3w Allin1 lub inne szczeg\u00f3lne pytania, na kt\u00f3re nie odpowiedzieli\u015bmy na naszej stronie internetowej, zapraszamy do kontaktu z nami. Z przyjemno\u015bci\u0105 pomo\u017cemy Ci pozby\u0107 si\u0119 wszystkich w\u0105tpliwo\u015bci i dostarczymy odpowiednich informacji. Skontaktujemy si\u0119 z Tob\u0105 tak szybko,...\" \/>\n<meta property=\"og:url\" content=\"https:\/\/allin1bitcoins.com\/pl\/contact\/\" \/>\n<meta property=\"og:site_name\" content=\"Allin1Bitcoins\" \/>\n<meta property=\"article:modified_time\" content=\"2022-01-14T17:29:10+00:00\" \/>\n<meta name=\"twitter:card\" content=\"summary_large_image\" \/>\n<meta name=\"twitter:label1\" content=\"Est. reading time\" \/>\n\t<meta name=\"twitter:data1\" content=\"1 minute\" \/>\n<!-- \/ Yoast SEO plugin. -->","yoast_head_json":{"title":"Skontaktuj si\u0119 z nami - Allin1Bitcoins","robots":{"index":"index","follow":"follow","max-snippet":"max-snippet:-1","max-image-preview":"max-image-preview:large","max-video-preview":"max-video-preview:-1"},"canonical":"https:\/\/allin1bitcoins.com\/pl\/contact\/","og_locale":"pl_PL","og_type":"article","og_title":"Skontaktuj si\u0119 z nami - Allin1Bitcoins","og_description":"Masz jakie\u015b pytania? Jeste\u015b dla nas priorytetem i zawsze jeste\u015bmy do twojej dyspozycji. Je\u015bli masz jakiekolwiek pytania dotycz\u0105ce robot\u00f3w Allin1 lub inne szczeg\u00f3lne pytania, na kt\u00f3re nie odpowiedzieli\u015bmy na naszej stronie internetowej, zapraszamy do kontaktu z nami. Z przyjemno\u015bci\u0105 pomo\u017cemy Ci pozby\u0107 si\u0119 wszystkich w\u0105tpliwo\u015bci i dostarczymy odpowiednich informacji. Skontaktujemy si\u0119 z Tob\u0105 tak szybko,...","og_url":"https:\/\/allin1bitcoins.com\/pl\/contact\/","og_site_name":"Allin1Bitcoins","article_modified_time":"2022-01-14T17:29:10+00:00","twitter_card":"summary_large_image","twitter_misc":{"Est. reading time":"1 minute"},"schema":{"@context":"https:\/\/schema.org","@graph":[{"@type":"WebPage","@id":"https:\/\/allin1bitcoins.com\/pl\/contact\/","url":"https:\/\/allin1bitcoins.com\/pl\/contact\/","name":"Skontaktuj si\u0119 z nami - Allin1Bitcoins","isPartOf":{"@id":"https:\/\/allin1bitcoins.com\/pl\/#website"},"datePublished":"2022-01-14T10:53:38+00:00","dateModified":"2022-01-14T17:29:10+00:00","breadcrumb":{"@id":"https:\/\/allin1bitcoins.com\/pl\/contact\/#breadcrumb"},"inLanguage":"pl","potentialAction":[{"@type":"ReadAction","target":["https:\/\/allin1bitcoins.com\/pl\/contact\/"]}]},{"@type":"BreadcrumbList","@id":"https:\/\/allin1bitcoins.com\/pl\/contact\/#breadcrumb","itemListElement":[{"@type":"ListItem","position":1,"name":"Home","item":"https:\/\/allin1bitcoins.com\/pl\/"},{"@type":"ListItem","position":2,"name":"Skontaktuj si\u0119 z nami"}]},{"@type":"WebSite","@id":"https:\/\/allin1bitcoins.com\/pl\/#website","url":"https:\/\/allin1bitcoins.com\/pl\/","name":"Allin1Bitcoins","description":"","publisher":{"@id":"https:\/\/allin1bitcoins.com\/pl\/#organization"},"potentialAction":[{"@type":"SearchAction","target":{"@type":"EntryPoint","urlTemplate":"https:\/\/allin1bitcoins.com\/pl\/?s={search_term_string}"},"query-input":"required name=search_term_string"}],"inLanguage":"pl"},{"@type":"Organization","@id":"https:\/\/allin1bitcoins.com\/pl\/#organization","name":"allin1bitcoins","url":"https:\/\/allin1bitcoins.com\/pl\/","logo":{"@type":"ImageObject","inLanguage":"pl","@id":"https:\/\/allin1bitcoins.com\/pl\/#\/schema\/logo\/image\/","url":"https:\/\/allin1bitcoins.com\/wp-content\/uploads\/2019\/01\/logo-new.png","contentUrl":"https:\/\/allin1bitcoins.com\/wp-content\/uploads\/2019\/01\/logo-new.png","width":178,"height":71,"caption":"allin1bitcoins"},"image":{"@id":"https:\/\/allin1bitcoins.com\/pl\/#\/schema\/logo\/image\/"}}]}},"_links":{"self":[{"href":"https:\/\/allin1bitcoins.com\/pl\/wp-json\/wp\/v2\/pages\/5575"}],"collection":[{"href":"https:\/\/allin1bitcoins.com\/pl\/wp-json\/wp\/v2\/pages"}],"about":[{"href":"https:\/\/allin1bitcoins.com\/pl\/wp-json\/wp\/v2\/types\/page"}],"author":[{"embeddable":true,"href":"https:\/\/allin1bitcoins.com\/pl\/wp-json\/wp\/v2\/users\/1"}],"replies":[{"embeddable":true,"href":"https:\/\/allin1bitcoins.com\/pl\/wp-json\/wp\/v2\/comments?post=5575"}],"version-history":[{"count":1,"href":"https:\/\/allin1bitcoins.com\/pl\/wp-json\/wp\/v2\/pages\/5575\/revisions"}],"predecessor-version":[{"id":5958,"href":"https:\/\/allin1bitcoins.com\/pl\/wp-json\/wp\/v2\/pages\/5575\/revisions\/5958"}],"wp:attachment":[{"href":"https:\/\/allin1bitcoins.com\/pl\/wp-json\/wp\/v2\/media?parent=5575"}],"curies":[{"name":"wp","href":"https:\/\/api.w.org\/{rel}","templated":true}]}}