{"id":5589,"date":"2022-01-14T10:52:35","date_gmt":"2022-01-14T10:52:35","guid":{"rendered":"https:\/\/allin1bitcoins.com\/about\/"},"modified":"2022-01-14T15:45:46","modified_gmt":"2022-01-14T15:45:46","slug":"o-nas","status":"publish","type":"page","link":"https:\/\/allin1bitcoins.com\/pl\/o-nas\/","title":{"rendered":"O nas"},"content":{"rendered":"\n<p><strong>Allin1Bitcoins zrodzi\u0142 si\u0119 z wizji dostarczania poprawnych, wiarygodnych i najbardziej aktualnych informacji dla wszystkich zainteresowanych.<\/strong><\/p>\n\n\n\n<p>Jako grupa do\u015bwiadczonych trader\u00f3w, kt\u00f3rzy sp\u0119dzili lata i dekady na rynku finansowym, wiemy, jak wa\u017cne jest, aby wszyscy traderzy mieli do dyspozycji w\u0142a\u015bciwe informacje. Nawet niewielka ilo\u015b\u0107 b\u0142\u0119dnych informacji mo\u017ce zrujnowa\u0107 nawet najlepsze transakcje, co z kolei przynosi liczne straty.<\/p>\n\n\n\n<p>Nie byli\u015bmy jednak w stanie ustali\u0107, w jaki spos\u00f3b mo\u017cemy tego dokona\u0107. Sytuacja zmieni\u0142a si\u0119, gdy nawi\u0105zali\u015bmy kontakt z innym zespo\u0142em do\u015bwiadczonych i najwy\u017cszej klasy marketer\u00f3w cyfrowych. Wsp\u00f3lnie znale\u017ali\u015bmy rozwi\u0105zanie &#8211; scentralizowany o\u015brodek w postaci strony internetowej, na kt\u00f3rej inwestorzy, zar\u00f3wno pocz\u0105tkuj\u0105cy, jak i do\u015bwiadczeni, mog\u0105 bezp\u0142atnie uzyska\u0107 wszystkie potrzebne im informacje na temat rozwi\u0105za\u0144 transakcyjnych online dla Bitcoins i innych kryptowalut. I tak w\u0142a\u015bnie powsta\u0142o Allin1Bitcoins.<\/p>\n\n\n\n<h2 class=\"wp-block-heading\">Celem tej witryny jest u\u0142atwienie handlu online<\/h2>\n\n\n\n<p>Allin1Bitcoins postawi\u0142 sobie za zadanie, aby dzia\u0142a\u0107 inaczej. Nasza etyka pracy i silne zasady s\u0105 tym, co nas wyr\u00f3\u017cnia. Nasze \u015bci\u015ble okre\u015blone zasady dotycz\u0105ce tre\u015bci reklamowych pozwalaj\u0105 nam zachowa\u0107 wiarygodno\u015b\u0107 i autentyzm. Nie musisz si\u0119 martwi\u0107 o otrzymywanie p\u0142atnych rekomendacji, poniewa\u017c polecamy tylko to, w co naprawd\u0119 wierzymy.<\/p>\n\n\n\n<p class=\"has-luminous-vivid-orange-color has-text-color\"><strong>NASZE DECYZJE DLA CIEBIE<\/strong><\/p>\n\n\n\n<p>Nasz\u0105 misj\u0105 jest doprowadzenie do ca\u0142kowitej cyfrowej transformacji w \u015bwiecie handlu bitcoinami online,a nast\u0119pnie przeniesienie uwagi na rozwi\u0105zania handlu online, kt\u00f3re b\u0119d\u0105 dobrze dzia\u0142a\u0107 r\u00f3wnie\u017c w przypadku innych kryptowalut, takich jak Ether, Ripple, Bitcoin Cash i pozosta\u0142ych. Chcemy zmodernizowa\u0107 spos\u00f3b, w jaki ludzie handluj\u0105 online i pom\u00f3c im zbudowa\u0107 ogromn\u0105 fortun\u0119 w najbardziej zr\u00f3wnowa\u017cony mo\u017cliwie spos\u00f3b.<\/p>\n\n\n\n<p>Wiemy, \u017ce szukasz najwi\u0119kszej elastyczno\u015bci w rozwi\u0105zaniu online, a tak\u017ce, \u017ce potrzebujesz najlepszej ceny. Zdajemy sobie spraw\u0119, jak du\u017cej swobody potrzebujesz przy ustawianiu parametr\u00f3w handlowych, dlatego te\u017c staramy si\u0119 uwzgl\u0119dni\u0107 wszystkie te czynniki i wi\u0119cej, gdy proponujemy Ci rozwi\u0105zanie handlu online. Nie popychamy Ci\u0119 ani nie naciskamy na wyb\u00f3r takiego rozwi\u0105zania. Naszym celem jest dostarczenie Ci wszystkich wymaganych informacji w jednym miejscu i umo\u017cliwienie Ci posiadania pe\u0142nej wiedzy na ten temat. Ostateczna decyzja nale\u017cy do ciebie.<\/p>\n\n\n\n<h3 class=\"wp-block-heading\">Co mamy na my\u015bli, gdy m\u00f3wimy, \u017ce trzeba budowa\u0107 swoj\u0105 fortun\u0119 w spos\u00f3b zr\u00f3wnowa\u017cony<\/h3>\n\n\n\n<p>Pewne rozwi\u0105zania w handlu online pomagaj\u0105 ci na pocz\u0105tku osi\u0105gn\u0105\u0107 niewielkie zyski, ale p\u00f3\u017aniej tracisz mn\u00f3stwo pieni\u0119dzy z powodu z\u0142ych transakcji na tych samych rozwi\u0105zaniach handlowych online. Pewne rozwi\u0105zania w handlu online nak\u0142adaj\u0105 ograniczenia na wysoko\u015b\u0107 zysk\u00f3w, kt\u00f3re mo\u017cna wyp\u0142aci\u0107 czy uzyska\u0107 na prowizji od osi\u0105gni\u0119tych zysk\u00f3w lub wprowadzaj\u0105 jeszcze inne ograniczenia. Uwa\u017camy, \u017ce twoje pieni\u0105dze s\u0105 twoj\u0105 w\u0142asno\u015bci\u0105 i powiniene\u015b by\u0107 upowa\u017cniony do wyp\u0142acania ich z pe\u0142n\u0105 swobod\u0105. Naszym celem w Allin1Bitcoins jest rekomendowanie rozwi\u0105za\u0144, kt\u00f3re pozwol\u0105 Ci budowa\u0107 trwa\u0142e bogactwo.<\/p>\n\n\n\n<p>Wszystkie obawy zwi\u0105zane z ograniczeniami wyp\u0142at, z prowizjami i strasznymi d\u0142ugoterminowymi transakcjami znikn\u0105, poniewa\u017c nasz zesp\u00f3\u0142 ekspert\u00f3w si\u0119ga g\u0142\u0119boko, aby dowiedzie\u0107 si\u0119 o ka\u017cdej s\u0142abej stronie internetowego rozwi\u0105zania handlowego.<\/p>\n\n\n\n<h2 class=\"wp-block-heading\">To twoje pieni\u0105dze. Pomo\u017cemy ci dotrze\u0107 do odpowiednich informacji.<\/h2>\n\n\n\n<p>Nasz zesp\u00f3\u0142 po\u015bwi\u0119ci\u0142 si\u0119 jednej misji &#8211; bezp\u0142atnej, rzetelnej i poprawnej informacji dla wszystkich. Przebyli\u015bmy d\u0142ug\u0105 drog\u0119 od czasu, gdy zacz\u0119li\u015bmy poleca\u0107 rozwi\u0105zania handlowe online i zebrali\u015bmy wszystkie wymagane informacje w jednym miejscu. Nasi czytelnicy stale korzystaj\u0105 z dostarczanych przez nas informacji i s\u0105 w stanie trzyma\u0107 si\u0119 z dala od podejrzanych rozwi\u0105za\u0144 handlowych online. Staramy si\u0119 nadal pracowa\u0107 nad zabezpieczeniem Twoich pieni\u0119dzy i zapewnieniem Ci bezpiecze\u0144stwa w \u015bwiecie handlu online.<\/p>\n\n\n\n<p>Dewiz\u0105 Allin1Bitcoins s\u0105: uczciwo\u015b\u0107, przejrzysto\u015b\u0107, zaanga\u017cowanie dog\u0142\u0119bne badania. Zapewniamy \u015bmia\u0142e spojrzenie na ka\u017cde rozwi\u0105zanie w handlu internetowym i gromadzimy wszystkie argumenty za i przeciw, nic nie ukrywaj\u0105c. Kiedy zdecydujesz si\u0119 odrobi\u0107 swoj\u0105 prac\u0119 domow\u0105 z Allin1Bitcoins, mo\u017cesz by\u0107 pewien, \u017ce nie wprowadzimy Ci\u0119 w b\u0142\u0105d w wyborze kiepskiego rozwi\u0105zania, ani nie b\u0119dziemy pr\u00f3bowa\u0107 sprzeda\u0107 Ci \u017cadnego produktu.<\/p>\n\n\n\n<p>Tw\u00f3j dobrobyt i bezpiecze\u0144stwo finansowe s\u0105 dla nas najwa\u017cniejsze, a my ze swojej strony b\u0119dziemy pracowa\u0107 dzie\u0144 w dzie\u0144, aby upewni\u0107 si\u0119, \u017ce nigdy nie b\u0119d\u0105 one zagro\u017cone.<\/p>\n","protected":false},"excerpt":{"rendered":"<p>Allin1Bitcoins zrodzi\u0142 si\u0119 z wizji dostarczania poprawnych, wiarygodnych i najbardziej aktualnych informacji dla wszystkich zainteresowanych. Jako grupa do\u015bwiadczonych trader\u00f3w, kt\u00f3rzy sp\u0119dzili lata i dekady na rynku finansowym, wiemy, jak wa\u017cne jest, aby wszyscy traderzy mieli do dyspozycji w\u0142a\u015bciwe informacje. Nawet niewielka ilo\u015b\u0107 b\u0142\u0119dnych informacji mo\u017ce zrujnowa\u0107 nawet najlepsze transakcje, co z kolei przynosi liczne straty&#8230;.<\/p>\n","protected":false},"author":1,"featured_media":0,"parent":0,"menu_order":0,"comment_status":"closed","ping_status":"closed","template":"","meta":{"cybocfi_hide_featured_image":"","footnotes":""},"acf":[],"yoast_head":"<!-- This site is optimized with the Yoast SEO plugin v21.7 - https:\/\/yoast.com\/wordpress\/plugins\/seo\/ -->\n<title>O nas - Allin1Bitcoins<\/title>\n<meta name=\"robots\" content=\"index, follow, max-snippet:-1, max-image-preview:large, max-video-preview:-1\" \/>\n<link rel=\"canonical\" href=\"https:\/\/allin1bitcoins.com\/pl\/o-nas\/\" \/>\n<meta property=\"og:locale\" content=\"pl_PL\" \/>\n<meta property=\"og:type\" content=\"article\" \/>\n<meta property=\"og:title\" content=\"O nas - Allin1Bitcoins\" \/>\n<meta property=\"og:description\" content=\"Allin1Bitcoins zrodzi\u0142 si\u0119 z wizji dostarczania poprawnych, wiarygodnych i najbardziej aktualnych informacji dla wszystkich zainteresowanych. Jako grupa do\u015bwiadczonych trader\u00f3w, kt\u00f3rzy sp\u0119dzili lata i dekady na rynku finansowym, wiemy, jak wa\u017cne jest, aby wszyscy traderzy mieli do dyspozycji w\u0142a\u015bciwe informacje. Nawet niewielka ilo\u015b\u0107 b\u0142\u0119dnych informacji mo\u017ce zrujnowa\u0107 nawet najlepsze transakcje, co z kolei przynosi liczne straty....\" \/>\n<meta property=\"og:url\" content=\"https:\/\/allin1bitcoins.com\/pl\/o-nas\/\" \/>\n<meta property=\"og:site_name\" content=\"Allin1Bitcoins\" \/>\n<meta property=\"article:modified_time\" content=\"2022-01-14T15:45:46+00:00\" \/>\n<meta name=\"twitter:card\" content=\"summary_large_image\" \/>\n<meta name=\"twitter:label1\" content=\"Est. reading time\" \/>\n\t<meta name=\"twitter:data1\" content=\"3 minutes\" \/>\n<!-- \/ Yoast SEO plugin. -->","yoast_head_json":{"title":"O nas - Allin1Bitcoins","robots":{"index":"index","follow":"follow","max-snippet":"max-snippet:-1","max-image-preview":"max-image-preview:large","max-video-preview":"max-video-preview:-1"},"canonical":"https:\/\/allin1bitcoins.com\/pl\/o-nas\/","og_locale":"pl_PL","og_type":"article","og_title":"O nas - Allin1Bitcoins","og_description":"Allin1Bitcoins zrodzi\u0142 si\u0119 z wizji dostarczania poprawnych, wiarygodnych i najbardziej aktualnych informacji dla wszystkich zainteresowanych. Jako grupa do\u015bwiadczonych trader\u00f3w, kt\u00f3rzy sp\u0119dzili lata i dekady na rynku finansowym, wiemy, jak wa\u017cne jest, aby wszyscy traderzy mieli do dyspozycji w\u0142a\u015bciwe informacje. Nawet niewielka ilo\u015b\u0107 b\u0142\u0119dnych informacji mo\u017ce zrujnowa\u0107 nawet najlepsze transakcje, co z kolei przynosi liczne straty....","og_url":"https:\/\/allin1bitcoins.com\/pl\/o-nas\/","og_site_name":"Allin1Bitcoins","article_modified_time":"2022-01-14T15:45:46+00:00","twitter_card":"summary_large_image","twitter_misc":{"Est. reading time":"3 minutes"},"schema":{"@context":"https:\/\/schema.org","@graph":[{"@type":"WebPage","@id":"https:\/\/allin1bitcoins.com\/pl\/o-nas\/","url":"https:\/\/allin1bitcoins.com\/pl\/o-nas\/","name":"O nas - Allin1Bitcoins","isPartOf":{"@id":"https:\/\/allin1bitcoins.com\/pl\/#website"},"datePublished":"2022-01-14T10:52:35+00:00","dateModified":"2022-01-14T15:45:46+00:00","breadcrumb":{"@id":"https:\/\/allin1bitcoins.com\/pl\/o-nas\/#breadcrumb"},"inLanguage":"pl","potentialAction":[{"@type":"ReadAction","target":["https:\/\/allin1bitcoins.com\/pl\/o-nas\/"]}]},{"@type":"BreadcrumbList","@id":"https:\/\/allin1bitcoins.com\/pl\/o-nas\/#breadcrumb","itemListElement":[{"@type":"ListItem","position":1,"name":"Home","item":"https:\/\/allin1bitcoins.com\/pl\/"},{"@type":"ListItem","position":2,"name":"O nas"}]},{"@type":"WebSite","@id":"https:\/\/allin1bitcoins.com\/pl\/#website","url":"https:\/\/allin1bitcoins.com\/pl\/","name":"Allin1Bitcoins","description":"","publisher":{"@id":"https:\/\/allin1bitcoins.com\/pl\/#organization"},"potentialAction":[{"@type":"SearchAction","target":{"@type":"EntryPoint","urlTemplate":"https:\/\/allin1bitcoins.com\/pl\/?s={search_term_string}"},"query-input":"required name=search_term_string"}],"inLanguage":"pl"},{"@type":"Organization","@id":"https:\/\/allin1bitcoins.com\/pl\/#organization","name":"allin1bitcoins","url":"https:\/\/allin1bitcoins.com\/pl\/","logo":{"@type":"ImageObject","inLanguage":"pl","@id":"https:\/\/allin1bitcoins.com\/pl\/#\/schema\/logo\/image\/","url":"https:\/\/allin1bitcoins.com\/wp-content\/uploads\/2019\/01\/logo-new.png","contentUrl":"https:\/\/allin1bitcoins.com\/wp-content\/uploads\/2019\/01\/logo-new.png","width":178,"height":71,"caption":"allin1bitcoins"},"image":{"@id":"https:\/\/allin1bitcoins.com\/pl\/#\/schema\/logo\/image\/"}}]}},"_links":{"self":[{"href":"https:\/\/allin1bitcoins.com\/pl\/wp-json\/wp\/v2\/pages\/5589"}],"collection":[{"href":"https:\/\/allin1bitcoins.com\/pl\/wp-json\/wp\/v2\/pages"}],"about":[{"href":"https:\/\/allin1bitcoins.com\/pl\/wp-json\/wp\/v2\/types\/page"}],"author":[{"embeddable":true,"href":"https:\/\/allin1bitcoins.com\/pl\/wp-json\/wp\/v2\/users\/1"}],"replies":[{"embeddable":true,"href":"https:\/\/allin1bitcoins.com\/pl\/wp-json\/wp\/v2\/comments?post=5589"}],"version-history":[{"count":1,"href":"https:\/\/allin1bitcoins.com\/pl\/wp-json\/wp\/v2\/pages\/5589\/revisions"}],"predecessor-version":[{"id":5903,"href":"https:\/\/allin1bitcoins.com\/pl\/wp-json\/wp\/v2\/pages\/5589\/revisions\/5903"}],"wp:attachment":[{"href":"https:\/\/allin1bitcoins.com\/pl\/wp-json\/wp\/v2\/media?parent=5589"}],"curies":[{"name":"wp","href":"https:\/\/api.w.org\/{rel}","templated":true}]}}