{"id":5774,"date":"2022-01-14T10:52:35","date_gmt":"2022-01-14T10:52:35","guid":{"rendered":"https:\/\/allin1bitcoins.com\/about\/"},"modified":"2022-01-14T15:46:40","modified_gmt":"2022-01-14T15:46:40","slug":"om-oss","status":"publish","type":"page","link":"https:\/\/allin1bitcoins.com\/se\/om-oss\/","title":{"rendered":"Om oss"},"content":{"rendered":"\n<p><strong>Allin1Bitcoins f\u00f6ddes ur visionen av att ge korrekt, p\u00e5litlig, och den mest aktuella informationen till alla.<\/strong><\/p>\n\n\n\n<p>Vi \u00e4r en grupp experthandlare som har tillbringat \u00e5r och decennier p\u00e5 marknaden f\u00f6r finansiell handel, och vi vet hur viktigt det \u00e4r f\u00f6r alla att ha r\u00e4tt information tillg\u00e4nglig. Bara en liten del felinformation kan f\u00f6rst\u00f6ra \u00e4ven den b\u00e4sta handeln, vilket i sin tur medf\u00f6r on\u00f6diga f\u00f6rluster.<\/p>\n\n\n\n<p>Vi kunde dock inte komma vidare med hur vi skulle g\u00e5 tillv\u00e4ga med att starta upp v\u00e5r vision. Tills allt f\u00f6r\u00e4ndrades n\u00e4r vi kom i kontakt med ett annat team av erfarna och f\u00f6rstklassiga digitala marknadsf\u00f6rare. Och tillsammans hittade vi en l\u00f6sning &#8211; ett centraliserat centrum i form av en webbplats d\u00e4r handlare, b\u00e5de nyb\u00f6rjare och erfarna, kan f\u00e5 all information de beh\u00f6ver om l\u00f6sningar till handel online, f\u00f6r Bitcoins och andra kryptokurser, utan n\u00e5gon som helst kostnad. Och p\u00e5 den v\u00e4gen skapades Allin1Bitcoins.<\/p>\n\n\n\n<h2 class=\"wp-block-heading\">Till\u00e4gnad f\u00f6r att g\u00f6ra handel online s\u00e5 enkelt som m\u00f6jligt<\/h2>\n\n\n\n<p>Allin1Bitcoins har valt att arbeta annorlunda. V\u00e5r arbetsetik och starka politik \u00e4r det som skiljer oss mot andra. Vi har en strikt policy n\u00e4r det kommer till reklaminneh\u00e5ll, vilket g\u00f6r att vi kan h\u00e5lla saker otroligt autentiska och p\u00e5litliga. Du beh\u00f6ver inte oroa dig f\u00f6r att f\u00e5 betalda rekommendationer eftersom vi bara rekommenderar det vi verkligen tror p\u00e5.<\/p>\n\n\n\n<p class=\"has-luminous-vivid-orange-color has-text-color\"><strong>V\u00c5RA BESLUT F\u00d6R DIG<\/strong><\/p>\n\n\n\n<p>Det \u00e4r v\u00e5rt uppdrag att leda fullst\u00e4ndig digital omvandling i v\u00e4rlden av handel av Bitcoin online, och s\u00e5 sm\u00e5ningom ocks\u00e5 flytta fokus till l\u00f6sningar inom handel online som fungerar bra med andra kryptokurser som Ether, Ripple, Bitcoin Cash, med mera. Vi vill modernisera hur m\u00e4nniskor handlar online och hj\u00e4lpa dem att bygga en enorm f\u00f6rm\u00f6genhet p\u00e5 det mest h\u00e5llbara s\u00e4ttet.<\/p>\n\n\n\n<p>Vi vet att du letar efter den h\u00f6gsta flexibiliteten i en online-l\u00f6sning, och vi vet ocks\u00e5 att du beh\u00f6ver det b\u00e4sta priset. Vi \u00e4r medvetna om hur mycket frihet du beh\u00f6ver n\u00e4r du st\u00e4ller in handelsparametrar, och d\u00e4rf\u00f6r ser vi till att inkludera alla dessa punkter, samt mer n\u00e4r vi f\u00f6resl\u00e5r en handelsl\u00f6sning online till dig. Vi driver inte dig till att v\u00e4lja en. Utan v\u00e5rt m\u00e5l \u00e4r att ge dig all n\u00f6dv\u00e4ndig information under ett och samma tak, och l\u00e5ta dig ha tillg\u00e5ng till all kunskap som finns. Men det slutliga beslutet \u00e4r ditt.<\/p>\n\n\n\n<h3 class=\"wp-block-heading\">Vad vi menar n\u00e4r vi s\u00e4ger att du m\u00e5ste bygga din f\u00f6rm\u00f6genhet p\u00e5 ett h\u00e5llbart s\u00e4tt<\/h3>\n\n\n\n<p>Flera handelsl\u00f6sningar online hj\u00e4lper dig att g\u00f6ra sm\u00e5 vinster i b\u00f6rjan, men som l\u00e4ngst v\u00e4gen kan bli stora summor pengar som g\u00e5r f\u00f6rlorade p\u00e5 grund av d\u00e5liga aff\u00e4rer p\u00e5 samma handelsl\u00f6sningar online. Flera handelsl\u00f6sningar s\u00e4tter begr\u00e4nsningar f\u00f6r hur mycket vinster du kan ta ut, de ber om provision p\u00e5 de vinster du har gjort eller p\u00e5 n\u00e5got s\u00e4tt s\u00e4tter andra begr\u00e4nsningar. Vi vision och vad vi tror p\u00e5 \u00e4r att dina pengar \u00e4r dina egna och du b\u00f6r ha befogenhet att ta ut dina pengar med full frihet. V\u00e5rt m\u00e5l p\u00e5 Allin1Bitcoins \u00e4r endast att rekommendera l\u00f6sningar som g\u00f6r att du kan bygga en f\u00f6rm\u00f6genhet p\u00e5 ett h\u00e5llbart s\u00e4tt.<\/p>\n\n\n\n<p>All oro f\u00f6r \u00e5terkallningsbegr\u00e4nsningar, provisioner och l\u00e5ngsiktiga aff\u00e4rer kastas ut ur f\u00f6nstret eftersom v\u00e5rt team av experter gr\u00e4va djupt och tar reda p\u00e5 alla svaga funktioner som en handelsl\u00f6sning online har.<\/p>\n\n\n\n<h2 class=\"wp-block-heading\">Det \u00e4r dina pengar; men vi hj\u00e4lper dig med r\u00e4tt information<\/h2>\n\n\n\n<p>V\u00e5rt team \u00e4r dedikerat till ett uppdrag &#8211; gratis, p\u00e5litlig och korrekt information f\u00f6r alla. Sedan vi b\u00f6rjade rekommendera handelsl\u00f6sningar online har vi kommit l\u00e5ngt, och vi har tagit all n\u00f6dv\u00e4ndig information och samlat den p\u00e5 en och samma plats. V\u00e5ra l\u00e4sare drar kontinuerligt nytta av informationen fr\u00e5n oss och har kunnat h\u00e5lla sig borta fr\u00e5n skumma handelsl\u00f6sningar. Vi str\u00e4var efter att forts\u00e4tta arbeta f\u00f6r att s\u00e4kra dina pengar och h\u00e5lla dig s\u00e4ker i en v\u00e4rld av handel online.<\/p>\n\n\n\n<p>\u00c4rlighet, \u00f6ppenhet, engagemang och djupg\u00e5ende forskning \u00e4r vad Allin1Bitcoin st\u00e5r f\u00f6r . Vi ger en dj\u00e4rv syn p\u00e5 alla handelsl\u00f6sningar online som finns d\u00e4r ute och vi ser till att lista alla f\u00f6rdelar och nackdelar utan att undanh\u00e5lla n\u00e5got. N\u00e4r du v\u00e4ljer att f\u00f6rdjupa dig mer med Allin1Bitcoins kan du vara s\u00e4ker p\u00e5 att vi inte vilseleder dig till att v\u00e4lja en l\u00f6sning som inte kommer fungera, vi kommer heller inte att f\u00f6rs\u00f6ka s\u00e4lja dig n\u00e5gon produkt.<\/p>\n\n\n\n<p>Ditt v\u00e4lbefinnande och din ekonomiska s\u00e4kerhet \u00e4r v\u00e5r fr\u00e4msta angel\u00e4genhet, och vi arbetar dag och natt med att den aldrig ska \u00e4ventyras.<\/p>\n","protected":false},"excerpt":{"rendered":"<p>Allin1Bitcoins f\u00f6ddes ur visionen av att ge korrekt, p\u00e5litlig, och den mest aktuella informationen till alla. Vi \u00e4r en grupp experthandlare som har tillbringat \u00e5r och decennier p\u00e5 marknaden f\u00f6r finansiell handel, och vi vet hur viktigt det \u00e4r f\u00f6r alla att ha r\u00e4tt information tillg\u00e4nglig. Bara en liten del felinformation kan f\u00f6rst\u00f6ra \u00e4ven den&#8230;<\/p>\n","protected":false},"author":1,"featured_media":0,"parent":0,"menu_order":0,"comment_status":"closed","ping_status":"closed","template":"","meta":{"cybocfi_hide_featured_image":"","footnotes":""},"acf":[],"yoast_head":"<!-- This site is optimized with the Yoast SEO plugin v21.7 - https:\/\/yoast.com\/wordpress\/plugins\/seo\/ -->\n<title>Om oss - Allin1Bitcoins<\/title>\n<meta name=\"robots\" content=\"index, follow, max-snippet:-1, max-image-preview:large, max-video-preview:-1\" \/>\n<link rel=\"canonical\" href=\"https:\/\/allin1bitcoins.com\/se\/om-oss\/\" \/>\n<meta property=\"og:locale\" content=\"en_US\" \/>\n<meta property=\"og:type\" content=\"article\" \/>\n<meta property=\"og:title\" content=\"Om oss - Allin1Bitcoins\" \/>\n<meta property=\"og:description\" content=\"Allin1Bitcoins f\u00f6ddes ur visionen av att ge korrekt, p\u00e5litlig, och den mest aktuella informationen till alla. Vi \u00e4r en grupp experthandlare som har tillbringat \u00e5r och decennier p\u00e5 marknaden f\u00f6r finansiell handel, och vi vet hur viktigt det \u00e4r f\u00f6r alla att ha r\u00e4tt information tillg\u00e4nglig. Bara en liten del felinformation kan f\u00f6rst\u00f6ra \u00e4ven den...\" \/>\n<meta property=\"og:url\" content=\"https:\/\/allin1bitcoins.com\/se\/om-oss\/\" \/>\n<meta property=\"og:site_name\" content=\"Allin1Bitcoins\" \/>\n<meta property=\"article:modified_time\" content=\"2022-01-14T15:46:40+00:00\" \/>\n<meta name=\"twitter:card\" content=\"summary_large_image\" \/>\n<meta name=\"twitter:label1\" content=\"Est. reading time\" \/>\n\t<meta name=\"twitter:data1\" content=\"4 minutes\" \/>\n<!-- \/ Yoast SEO plugin. -->","yoast_head_json":{"title":"Om oss - Allin1Bitcoins","robots":{"index":"index","follow":"follow","max-snippet":"max-snippet:-1","max-image-preview":"max-image-preview:large","max-video-preview":"max-video-preview:-1"},"canonical":"https:\/\/allin1bitcoins.com\/se\/om-oss\/","og_locale":"en_US","og_type":"article","og_title":"Om oss - Allin1Bitcoins","og_description":"Allin1Bitcoins f\u00f6ddes ur visionen av att ge korrekt, p\u00e5litlig, och den mest aktuella informationen till alla. Vi \u00e4r en grupp experthandlare som har tillbringat \u00e5r och decennier p\u00e5 marknaden f\u00f6r finansiell handel, och vi vet hur viktigt det \u00e4r f\u00f6r alla att ha r\u00e4tt information tillg\u00e4nglig. Bara en liten del felinformation kan f\u00f6rst\u00f6ra \u00e4ven den...","og_url":"https:\/\/allin1bitcoins.com\/se\/om-oss\/","og_site_name":"Allin1Bitcoins","article_modified_time":"2022-01-14T15:46:40+00:00","twitter_card":"summary_large_image","twitter_misc":{"Est. reading time":"4 minutes"},"schema":{"@context":"https:\/\/schema.org","@graph":[{"@type":"WebPage","@id":"https:\/\/allin1bitcoins.com\/se\/om-oss\/","url":"https:\/\/allin1bitcoins.com\/se\/om-oss\/","name":"Om oss - Allin1Bitcoins","isPartOf":{"@id":"https:\/\/allin1bitcoins.com\/se\/#website"},"datePublished":"2022-01-14T10:52:35+00:00","dateModified":"2022-01-14T15:46:40+00:00","breadcrumb":{"@id":"https:\/\/allin1bitcoins.com\/se\/om-oss\/#breadcrumb"},"inLanguage":"sv","potentialAction":[{"@type":"ReadAction","target":["https:\/\/allin1bitcoins.com\/se\/om-oss\/"]}]},{"@type":"BreadcrumbList","@id":"https:\/\/allin1bitcoins.com\/se\/om-oss\/#breadcrumb","itemListElement":[{"@type":"ListItem","position":1,"name":"Home","item":"https:\/\/allin1bitcoins.com\/se\/"},{"@type":"ListItem","position":2,"name":"Om oss"}]},{"@type":"WebSite","@id":"https:\/\/allin1bitcoins.com\/se\/#website","url":"https:\/\/allin1bitcoins.com\/se\/","name":"Allin1Bitcoins","description":"","publisher":{"@id":"https:\/\/allin1bitcoins.com\/se\/#organization"},"potentialAction":[{"@type":"SearchAction","target":{"@type":"EntryPoint","urlTemplate":"https:\/\/allin1bitcoins.com\/se\/?s={search_term_string}"},"query-input":"required name=search_term_string"}],"inLanguage":"sv"},{"@type":"Organization","@id":"https:\/\/allin1bitcoins.com\/se\/#organization","name":"allin1bitcoins","url":"https:\/\/allin1bitcoins.com\/se\/","logo":{"@type":"ImageObject","inLanguage":"sv","@id":"https:\/\/allin1bitcoins.com\/se\/#\/schema\/logo\/image\/","url":"https:\/\/allin1bitcoins.com\/wp-content\/uploads\/2019\/01\/logo-new.png","contentUrl":"https:\/\/allin1bitcoins.com\/wp-content\/uploads\/2019\/01\/logo-new.png","width":178,"height":71,"caption":"allin1bitcoins"},"image":{"@id":"https:\/\/allin1bitcoins.com\/se\/#\/schema\/logo\/image\/"}}]}},"_links":{"self":[{"href":"https:\/\/allin1bitcoins.com\/se\/wp-json\/wp\/v2\/pages\/5774"}],"collection":[{"href":"https:\/\/allin1bitcoins.com\/se\/wp-json\/wp\/v2\/pages"}],"about":[{"href":"https:\/\/allin1bitcoins.com\/se\/wp-json\/wp\/v2\/types\/page"}],"author":[{"embeddable":true,"href":"https:\/\/allin1bitcoins.com\/se\/wp-json\/wp\/v2\/users\/1"}],"replies":[{"embeddable":true,"href":"https:\/\/allin1bitcoins.com\/se\/wp-json\/wp\/v2\/comments?post=5774"}],"version-history":[{"count":1,"href":"https:\/\/allin1bitcoins.com\/se\/wp-json\/wp\/v2\/pages\/5774\/revisions"}],"predecessor-version":[{"id":5904,"href":"https:\/\/allin1bitcoins.com\/se\/wp-json\/wp\/v2\/pages\/5774\/revisions\/5904"}],"wp:attachment":[{"href":"https:\/\/allin1bitcoins.com\/se\/wp-json\/wp\/v2\/media?parent=5774"}],"curies":[{"name":"wp","href":"https:\/\/api.w.org\/{rel}","templated":true}]}}